





{"id":84438,"date":"2025-05-19T18:09:14","date_gmt":"2025-05-19T16:09:14","guid":{"rendered":"https:\/\/repliquemangacine.fr\/?post_type=product&#038;p=84438"},"modified":"2025-11-13T00:47:13","modified_gmt":"2025-11-12T23:47:13","slug":"holy-moonlight-vor-der-transformation-bloodborne","status":"publish","type":"product","link":"https:\/\/repliquemangacine.fr\/de\/katana-et-epee-de-jeux-video-autre-jeux-video\/holy-moonlight-avant-transformation-bloodborne\/","title":{"rendered":"Holy Moonlight vor der Umwandlung - Bloodborne"},"content":{"rendered":"<h2>Das Holy Moonlight Sword: Ein unverzichtbares Artefakt f\u00fcr J\u00e4ger<\/h2>\n<p>Zuerst das Schwert <strong>Holy Moonlight vor der Umwandlung<\/strong>ein legend\u00e4res St\u00fcck aus dem Universum von <a href=\"https:\/\/bloodborne.fandom.com\/wiki\/Bloodborne_Wiki\" target=\"_blank\" rel=\"noopener noreferrer\">Bloodborne<\/a>. In ihrer urspr\u00fcnglichen Form verk\u00f6rpert sie die rohe Kraft und das Erbe der J\u00e4ger. Ihr schlichtes Aussehen mit einer massiven und robusten Klinge spiegelt die ganze Kraft wider, die in dieser ikonischen Waffe steckt. F\u00fcr Fans des Spiels ist diese Nachbildung eine echte Hommage an eine der symboltr\u00e4chtigsten Waffen.<\/p>\n<p>Dank seiner soliden Struktur ist das Schwert Holy Moonlight perfekt f\u00fcr Liebhaber hochwertiger Repliken. Sein Design, das dem Vorbild aus dem Spiel treu bleibt, ist eine Hommage an den Geist von Bloodborne. Ob Sie nun Sammler sind oder sich f\u00fcr die gotische Welt von FromSoftware begeistern, dieses Schwert wird ganz nat\u00fcrlich seinen Platz in Ihrer Sammlung finden.<\/p>\n<h2>Holy Moonlight vor der Transformation: Die unvergleichliche Kraft<\/h2>\n<p>Auch wenn es nicht transformiert ist, beh\u00e4lt das Schwert Holy Moonlight seinen imposanten Charakter. Die Angriffe sind schnell, scharf und erm\u00f6glichen es, Feinde gnadenlos zu besiegen. Seine ausgewogene Handhabung macht es selbst in den intensivsten K\u00e4mpfen zu einer gef\u00fcrchteten Waffe. Dar\u00fcber hinaus erinnert sein Design an die gro\u00dfen Schwerter legend\u00e4rer Ritter, was seinen heroischen Charakter noch verst\u00e4rkt.<\/p>\n<p>Diese rohe Form eignet sich perfekt f\u00fcr Nahk\u00e4mpfe, insbesondere gegen die Kreaturen von Yharnam. Spieler, die Waffen mit Kraft und Geschicklichkeit sch\u00e4tzen, finden hier einen gro\u00dfen Vorteil, um ihre Gegner zu dominieren. Daher zeichnet sie sich durch ihre Vielseitigkeit und Effizienz aus.<\/p>\n<h2>Das umgewandelte Holy Moonlight Sword: Die Essenz der Mondmagie<\/h2>\n<p>Im Gegensatz dazu entfaltet die transformierte Version des Schwertes Holy Moonlight ihr gesamtes magisches Potenzial. Umh\u00fcllt von einer blauen, leuchtenden Aura ist die Klinge in der Lage, Energiewellen auszusenden. Diese Version veredelt die Waffe und verleiht ihr eine unbestreitbare mystische Dimension. F\u00fcr Anh\u00e4nger arkaner Angriffe wird sie zur perfekten Waffe, um Horden von Feinden zu bek\u00e4mpfen.<\/p>\n<p>Wer beide Versionen dieses Schwertes besitzt, verf\u00fcgt \u00fcber die Essenz der Kraft des Mondes und der rohen Gewalt. Ein au\u00dfergew\u00f6hnliches St\u00fcck, das die Entwicklung der Waffen in Bloodborne perfekt veranschaulicht.<\/p>\n<h2>Weitere legend\u00e4re Schwerter f\u00fcr Sammler<\/h2>\n<p>Auf R\u00e9plique Manga Cin\u00e9 finden Liebhaber ikonischer Waffen auch andere Schwerter, die ebenso beeindruckend sind. Zu diesen Schwertern geh\u00f6rt auch das<a href=\"https:\/\/repliquemangacine.fr\/de\/elden-ring\/schwert-dark-moon-greatsword-elden-ring\/\">Dark Moon Greatsword-Schwert von Elden Ring<\/a>. Diese mythische Waffe mit ihrer blau schimmernden Klinge symbolisiert die Magie des Mondes und die Macht der Ritter. Ein Muss f\u00fcr alle Fans der Serie.<\/p>\n<p>Dar\u00fcber hinaus ist die <a href=\"https:\/\/repliquemangacine.fr\/de\/katana-und-schwert-von-videospielen-andere-videospiele\/devil-sword-dantes-teufelsschwert-devil-my-cry\/\">Dantes Devil Sword<\/a> in Devil May Cry ist ebenfalls erh\u00e4ltlich. Sein d\u00e4monisches Design und seine legend\u00e4re Kraft machen ihn zu einer spektakul\u00e4ren Waffe. Nicht zu vergessen die<a href=\"https:\/\/repliquemangacine.fr\/de\/katana-und-schwert-von-manga-anime-andere-manga\/gutsschwert-dragon-slayer-berserk\/\">Guts-Schwert<\/a>, der Drachent\u00f6ter aus Berserk, ein wahrer Koloss aus Metall, der ganze Armeen niederm\u00e4hen kann.<\/p>\n<p>Zusammenfassend l\u00e4sst sich sagen, dass all diese Repliken auf unserer Website auf Sie warten, um Ihre Sammlung zu bereichern. St\u00f6bern Sie in unserem Katalog und entdecken Sie legend\u00e4re Waffen aus den gr\u00f6\u00dften Videospiel- und Animationssagas.<\/p>\n<p>&nbsp;<\/p>","protected":false},"excerpt":{"rendered":"<p>Wundersch\u00f6ne Replik des Schwertes Holy Moonlight (<span class=\"Y2IQFc\" lang=\"fr\">Heiliger Mondschein) im Spiel Bloodborne.<\/span><\/p>\n<ul>\n<li>Klinge aus gealtertem Stahl mit Gravur und Abnutzungseffekt.<\/li>\n<li>Braunes Band an der Klinge, das am Griff endet<\/li>\n<li>Garde, Griff und Knauf ganz aus feinem, reich verziertem Altmetall.<\/li>\n<li>Wird mit einer Wandhalterung aus Holz in Form eines Kreuzes geliefert.<\/li>\n<li>L\u00e4nge der Klinge: 76 cm - Gesamtl\u00e4nge: 101 cm<\/li>\n<li>Gewicht: 1430 g<\/li>\n<\/ul>","protected":false},"featured_media":84439,"template":"","meta":[],"product_brand":[896],"product_cat":[67],"product_tag":[],"class_list":{"0":"post-84438","1":"product","2":"type-product","3":"status-publish","4":"has-post-thumbnail","6":"product_brand-replique-manga-cine","7":"product_cat-katana-et-epee-de-jeux-video-autre-jeux-video","9":"first","10":"instock","11":"taxable","12":"shipping-taxable","13":"purchasable","14":"product-type-simple"},"yoast_head":"<!-- This site is optimized with the Yoast SEO plugin v27.5 - https:\/\/yoast.com\/product\/yoast-seo-wordpress\/ -->\n<title>Holy Moonlight avant transformation - Bloodborne - R\u00e9plique Manga Cin\u00e9<\/title>\n<meta name=\"description\" content=\"R\u00e9plique de l&#039;\u00e9p\u00e9e Holy Moonlight avant transformation, fid\u00e8le \u00e0 Bloodborne. Une pi\u00e8ce l\u00e9gendaire pour tout collectionneur passionn\u00e9. En m\u00e9tal. 101 cm\" \/>\n<meta name=\"robots\" content=\"index, follow, max-snippet:-1, max-image-preview:large, max-video-preview:-1\" \/>\n<link rel=\"canonical\" href=\"https:\/\/repliquemangacine.fr\/de\/katana-und-schwert-von-videospielen-andere-videospiele\/holy-moonlight-vor-der-transformation-bloodborne\/\" \/>\n<meta property=\"og:locale\" content=\"de_DE\" \/>\n<meta property=\"og:type\" content=\"article\" \/>\n<meta property=\"og:title\" content=\"Holy Moonlight avant transformation - Bloodborne - R\u00e9plique Manga Cin\u00e9\" \/>\n<meta property=\"og:description\" content=\"R\u00e9plique de l&#039;\u00e9p\u00e9e Holy Moonlight avant transformation, fid\u00e8le \u00e0 Bloodborne. Une pi\u00e8ce l\u00e9gendaire pour tout collectionneur passionn\u00e9. En m\u00e9tal. 101 cm\" \/>\n<meta property=\"og:url\" content=\"https:\/\/repliquemangacine.fr\/de\/katana-und-schwert-von-videospielen-andere-videospiele\/holy-moonlight-vor-der-transformation-bloodborne\/\" \/>\n<meta property=\"og:site_name\" content=\"R\u00e9plique Manga Cin\u00e9\" \/>\n<meta property=\"article:publisher\" content=\"https:\/\/www.facebook.com\/RepliqueMangaCine\" \/>\n<meta property=\"article:modified_time\" content=\"2025-11-12T23:47:13+00:00\" \/>\n<meta property=\"og:image\" content=\"https:\/\/repliquemangacine.fr\/wp-content\/uploads\/2025\/05\/Holy-Moonlight-avant-transformation.jpg\" \/>\n\t<meta property=\"og:image:width\" content=\"800\" \/>\n\t<meta property=\"og:image:height\" content=\"800\" \/>\n\t<meta property=\"og:image:type\" content=\"image\/jpeg\" \/>\n<meta name=\"twitter:card\" content=\"summary_large_image\" \/>\n<meta name=\"twitter:label1\" content=\"Gesch\u00e4tzte Lesezeit\" \/>\n\t<meta name=\"twitter:data1\" content=\"3\u00a0Minuten\" \/>\n<script type=\"application\/ld+json\" class=\"yoast-schema-graph\">{\"@context\":\"https:\\\/\\\/schema.org\",\"@graph\":[{\"@type\":\"WebPage\",\"@id\":\"https:\\\/\\\/repliquemangacine.fr\\\/katana-et-epee-de-jeux-video-autre-jeux-video\\\/holy-moonlight-avant-transformation-bloodborne\\\/\",\"url\":\"https:\\\/\\\/repliquemangacine.fr\\\/katana-et-epee-de-jeux-video-autre-jeux-video\\\/holy-moonlight-avant-transformation-bloodborne\\\/\",\"name\":\"Holy Moonlight avant transformation - Bloodborne - R\u00e9plique Manga Cin\u00e9\",\"isPartOf\":{\"@id\":\"https:\\\/\\\/repliquemangacine.fr\\\/#website\"},\"primaryImageOfPage\":{\"@id\":\"https:\\\/\\\/repliquemangacine.fr\\\/katana-et-epee-de-jeux-video-autre-jeux-video\\\/holy-moonlight-avant-transformation-bloodborne\\\/#primaryimage\"},\"image\":{\"@id\":\"https:\\\/\\\/repliquemangacine.fr\\\/katana-et-epee-de-jeux-video-autre-jeux-video\\\/holy-moonlight-avant-transformation-bloodborne\\\/#primaryimage\"},\"thumbnailUrl\":\"https:\\\/\\\/repliquemangacine.fr\\\/wp-content\\\/uploads\\\/2025\\\/05\\\/Holy-Moonlight-avant-transformation.jpg\",\"datePublished\":\"2025-05-19T16:09:14+00:00\",\"dateModified\":\"2025-11-12T23:47:13+00:00\",\"description\":\"R\u00e9plique de l'\u00e9p\u00e9e Holy Moonlight avant transformation, fid\u00e8le \u00e0 Bloodborne. Une pi\u00e8ce l\u00e9gendaire pour tout collectionneur passionn\u00e9. En m\u00e9tal. 101 cm\",\"breadcrumb\":{\"@id\":\"https:\\\/\\\/repliquemangacine.fr\\\/katana-et-epee-de-jeux-video-autre-jeux-video\\\/holy-moonlight-avant-transformation-bloodborne\\\/#breadcrumb\"},\"inLanguage\":\"de\",\"potentialAction\":[{\"@type\":\"ReadAction\",\"target\":[\"https:\\\/\\\/repliquemangacine.fr\\\/katana-et-epee-de-jeux-video-autre-jeux-video\\\/holy-moonlight-avant-transformation-bloodborne\\\/\"]}]},{\"@type\":\"ImageObject\",\"inLanguage\":\"de\",\"@id\":\"https:\\\/\\\/repliquemangacine.fr\\\/katana-et-epee-de-jeux-video-autre-jeux-video\\\/holy-moonlight-avant-transformation-bloodborne\\\/#primaryimage\",\"url\":\"https:\\\/\\\/repliquemangacine.fr\\\/wp-content\\\/uploads\\\/2025\\\/05\\\/Holy-Moonlight-avant-transformation.jpg\",\"contentUrl\":\"https:\\\/\\\/repliquemangacine.fr\\\/wp-content\\\/uploads\\\/2025\\\/05\\\/Holy-Moonlight-avant-transformation.jpg\",\"width\":800,\"height\":800,\"caption\":\"Holy-Moonlight-avant-transformation- Bloodborne\"},{\"@type\":\"BreadcrumbList\",\"@id\":\"https:\\\/\\\/repliquemangacine.fr\\\/katana-et-epee-de-jeux-video-autre-jeux-video\\\/holy-moonlight-avant-transformation-bloodborne\\\/#breadcrumb\",\"itemListElement\":[{\"@type\":\"ListItem\",\"position\":1,\"name\":\"Accueil\",\"item\":\"https:\\\/\\\/repliquemangacine.fr\\\/\"},{\"@type\":\"ListItem\",\"position\":2,\"name\":\"Produits\",\"item\":\"https:\\\/\\\/repliquemangacine.fr\\\/boutique\\\/\"},{\"@type\":\"ListItem\",\"position\":3,\"name\":\"Holy Moonlight avant transformation &#8211; Bloodborne\"}]},{\"@type\":\"WebSite\",\"@id\":\"https:\\\/\\\/repliquemangacine.fr\\\/#website\",\"url\":\"https:\\\/\\\/repliquemangacine.fr\\\/\",\"name\":\"R\u00e9plique Manga Cin\u00e9\",\"description\":\"\",\"publisher\":{\"@id\":\"https:\\\/\\\/repliquemangacine.fr\\\/#organization\"},\"potentialAction\":[{\"@type\":\"SearchAction\",\"target\":{\"@type\":\"EntryPoint\",\"urlTemplate\":\"https:\\\/\\\/repliquemangacine.fr\\\/?s={search_term_string}\"},\"query-input\":{\"@type\":\"PropertyValueSpecification\",\"valueRequired\":true,\"valueName\":\"search_term_string\"}}],\"inLanguage\":\"de\"},{\"@type\":\"Organization\",\"@id\":\"https:\\\/\\\/repliquemangacine.fr\\\/#organization\",\"name\":\"R\u00e9plique Manga Cin\u00e9\",\"url\":\"https:\\\/\\\/repliquemangacine.fr\\\/\",\"logo\":{\"@type\":\"ImageObject\",\"inLanguage\":\"de\",\"@id\":\"https:\\\/\\\/repliquemangacine.fr\\\/#\\\/schema\\\/logo\\\/image\\\/\",\"url\":\"https:\\\/\\\/repliquemangacine.fr\\\/wp-content\\\/uploads\\\/2023\\\/10\\\/RMC-500250.png\",\"contentUrl\":\"https:\\\/\\\/repliquemangacine.fr\\\/wp-content\\\/uploads\\\/2023\\\/10\\\/RMC-500250.png\",\"width\":500,\"height\":250,\"caption\":\"R\u00e9plique Manga Cin\u00e9\"},\"image\":{\"@id\":\"https:\\\/\\\/repliquemangacine.fr\\\/#\\\/schema\\\/logo\\\/image\\\/\"},\"sameAs\":[\"https:\\\/\\\/www.facebook.com\\\/RepliqueMangaCine\",\"https:\\\/\\\/www.instagram.com\\\/repliquemangacine.fr\\\/\"]}]}<\/script>\n<!-- \/ Yoast SEO plugin. -->","yoast_head_json":{"title":"Holy Moonlight vor der Umwandlung - Bloodborne - R\u00e9plique Manga Cin\u00e9","description":"Replik des Holy Moonlight-Schwerts vor der Verarbeitung, getreu nach Bloodborne. Ein legend\u00e4res St\u00fcck f\u00fcr jeden leidenschaftlichen Sammler. Aus Metall gefertigt. 101 cm","robots":{"index":"index","follow":"follow","max-snippet":"max-snippet:-1","max-image-preview":"max-image-preview:large","max-video-preview":"max-video-preview:-1"},"canonical":"https:\/\/repliquemangacine.fr\/de\/katana-und-schwert-von-videospielen-andere-videospiele\/holy-moonlight-vor-der-transformation-bloodborne\/","og_locale":"de_DE","og_type":"article","og_title":"Holy Moonlight avant transformation - Bloodborne - R\u00e9plique Manga Cin\u00e9","og_description":"R\u00e9plique de l'\u00e9p\u00e9e Holy Moonlight avant transformation, fid\u00e8le \u00e0 Bloodborne. Une pi\u00e8ce l\u00e9gendaire pour tout collectionneur passionn\u00e9. En m\u00e9tal. 101 cm","og_url":"https:\/\/repliquemangacine.fr\/de\/katana-und-schwert-von-videospielen-andere-videospiele\/holy-moonlight-vor-der-transformation-bloodborne\/","og_site_name":"R\u00e9plique Manga Cin\u00e9","article_publisher":"https:\/\/www.facebook.com\/RepliqueMangaCine","article_modified_time":"2025-11-12T23:47:13+00:00","og_image":[{"width":800,"height":800,"url":"https:\/\/repliquemangacine.fr\/wp-content\/uploads\/2025\/05\/Holy-Moonlight-avant-transformation.jpg","type":"image\/jpeg"}],"twitter_card":"summary_large_image","twitter_misc":{"Gesch\u00e4tzte Lesezeit":"3\u00a0Minuten"},"schema":{"@context":"https:\/\/schema.org","@graph":[{"@type":"WebPage","@id":"https:\/\/repliquemangacine.fr\/katana-et-epee-de-jeux-video-autre-jeux-video\/holy-moonlight-avant-transformation-bloodborne\/","url":"https:\/\/repliquemangacine.fr\/katana-et-epee-de-jeux-video-autre-jeux-video\/holy-moonlight-avant-transformation-bloodborne\/","name":"Holy Moonlight vor der Umwandlung - Bloodborne - R\u00e9plique Manga Cin\u00e9","isPartOf":{"@id":"https:\/\/repliquemangacine.fr\/#website"},"primaryImageOfPage":{"@id":"https:\/\/repliquemangacine.fr\/katana-et-epee-de-jeux-video-autre-jeux-video\/holy-moonlight-avant-transformation-bloodborne\/#primaryimage"},"image":{"@id":"https:\/\/repliquemangacine.fr\/katana-et-epee-de-jeux-video-autre-jeux-video\/holy-moonlight-avant-transformation-bloodborne\/#primaryimage"},"thumbnailUrl":"https:\/\/repliquemangacine.fr\/wp-content\/uploads\/2025\/05\/Holy-Moonlight-avant-transformation.jpg","datePublished":"2025-05-19T16:09:14+00:00","dateModified":"2025-11-12T23:47:13+00:00","description":"Replik des Holy Moonlight-Schwerts vor der Verarbeitung, getreu nach Bloodborne. Ein legend\u00e4res St\u00fcck f\u00fcr jeden leidenschaftlichen Sammler. Aus Metall gefertigt. 101 cm","breadcrumb":{"@id":"https:\/\/repliquemangacine.fr\/katana-et-epee-de-jeux-video-autre-jeux-video\/holy-moonlight-avant-transformation-bloodborne\/#breadcrumb"},"inLanguage":"de","potentialAction":[{"@type":"ReadAction","target":["https:\/\/repliquemangacine.fr\/katana-et-epee-de-jeux-video-autre-jeux-video\/holy-moonlight-avant-transformation-bloodborne\/"]}]},{"@type":"ImageObject","inLanguage":"de","@id":"https:\/\/repliquemangacine.fr\/katana-et-epee-de-jeux-video-autre-jeux-video\/holy-moonlight-avant-transformation-bloodborne\/#primaryimage","url":"https:\/\/repliquemangacine.fr\/wp-content\/uploads\/2025\/05\/Holy-Moonlight-avant-transformation.jpg","contentUrl":"https:\/\/repliquemangacine.fr\/wp-content\/uploads\/2025\/05\/Holy-Moonlight-avant-transformation.jpg","width":800,"height":800,"caption":"Holy-Moonlight-avant-transformation- Bloodborne"},{"@type":"BreadcrumbList","@id":"https:\/\/repliquemangacine.fr\/katana-et-epee-de-jeux-video-autre-jeux-video\/holy-moonlight-avant-transformation-bloodborne\/#breadcrumb","itemListElement":[{"@type":"ListItem","position":1,"name":"Accueil","item":"https:\/\/repliquemangacine.fr\/"},{"@type":"ListItem","position":2,"name":"Produits","item":"https:\/\/repliquemangacine.fr\/boutique\/"},{"@type":"ListItem","position":3,"name":"Holy Moonlight avant transformation &#8211; Bloodborne"}]},{"@type":"WebSite","@id":"https:\/\/repliquemangacine.fr\/#website","url":"https:\/\/repliquemangacine.fr\/","name":"R\u00e9plique Manga Cin\u00e9","description":"","publisher":{"@id":"https:\/\/repliquemangacine.fr\/#organization"},"potentialAction":[{"@type":"SearchAction","target":{"@type":"EntryPoint","urlTemplate":"https:\/\/repliquemangacine.fr\/?s={search_term_string}"},"query-input":{"@type":"PropertyValueSpecification","valueRequired":true,"valueName":"search_term_string"}}],"inLanguage":"de"},{"@type":"Organization","@id":"https:\/\/repliquemangacine.fr\/#organization","name":"R\u00e9plique Manga Cin\u00e9","url":"https:\/\/repliquemangacine.fr\/","logo":{"@type":"ImageObject","inLanguage":"de","@id":"https:\/\/repliquemangacine.fr\/#\/schema\/logo\/image\/","url":"https:\/\/repliquemangacine.fr\/wp-content\/uploads\/2023\/10\/RMC-500250.png","contentUrl":"https:\/\/repliquemangacine.fr\/wp-content\/uploads\/2023\/10\/RMC-500250.png","width":500,"height":250,"caption":"R\u00e9plique Manga Cin\u00e9"},"image":{"@id":"https:\/\/repliquemangacine.fr\/#\/schema\/logo\/image\/"},"sameAs":["https:\/\/www.facebook.com\/RepliqueMangaCine","https:\/\/www.instagram.com\/repliquemangacine.fr\/"]}]}},"_links":{"self":[{"href":"https:\/\/repliquemangacine.fr\/de\/wp-json\/wp\/v2\/product\/84438","targetHints":{"allow":["GET"]}}],"collection":[{"href":"https:\/\/repliquemangacine.fr\/de\/wp-json\/wp\/v2\/product"}],"about":[{"href":"https:\/\/repliquemangacine.fr\/de\/wp-json\/wp\/v2\/types\/product"}],"wp:featuredmedia":[{"embeddable":true,"href":"https:\/\/repliquemangacine.fr\/de\/wp-json\/wp\/v2\/media\/84439"}],"wp:attachment":[{"href":"https:\/\/repliquemangacine.fr\/de\/wp-json\/wp\/v2\/media?parent=84438"}],"wp:term":[{"taxonomy":"product_brand","embeddable":true,"href":"https:\/\/repliquemangacine.fr\/de\/wp-json\/wp\/v2\/product_brand?post=84438"},{"taxonomy":"product_cat","embeddable":true,"href":"https:\/\/repliquemangacine.fr\/de\/wp-json\/wp\/v2\/product_cat?post=84438"},{"taxonomy":"product_tag","embeddable":true,"href":"https:\/\/repliquemangacine.fr\/de\/wp-json\/wp\/v2\/product_tag?post=84438"}],"curies":[{"name":"wp","href":"https:\/\/api.w.org\/{rel}","templated":true}]}}