





{"id":84394,"date":"2025-05-17T20:41:38","date_gmt":"2025-05-17T18:41:38","guid":{"rendered":"https:\/\/repliquemangacine.fr\/?post_type=product&#038;p=84394"},"modified":"2025-11-26T14:46:16","modified_gmt":"2025-11-26T13:46:16","slug":"master-sword-de-luxe-legendares-schwert","status":"publish","type":"product","link":"https:\/\/repliquemangacine.fr\/de\/epee-zelda\/master-sword-de-luxe-epee-de-legende\/","title":{"rendered":"Master Sword de Luxe - Schwert der Legende"},"content":{"rendered":"<h2>Das Master Sword de Luxe - Das Schwert der Legende: Eine au\u00dfergew\u00f6hnliche Replik<\/h2>\n<p>Das Master Sword de Luxe - Das Schwert der Legende ist ein echtes Sammlerst\u00fcck f\u00fcr jeden Zelda-Fan. Denn dieses mythische Schwert verk\u00f6rpert die St\u00e4rke und Tapferkeit des legend\u00e4ren <a href=\"https:\/\/zelda.fandom.com\/fr\/wiki\/Link\" target=\"_blank\" rel=\"noopener noreferrer\">Link<\/a>. Die sorgf\u00e4ltig gefertigte Klinge aus rostfreiem Stahl ist so behandelt, dass sie einen wundersch\u00f6nen, bl\u00e4ulich gl\u00e4nzenden Effekt aufweist. Die Hohlkehle der Klinge ist mit dem Triforce und detaillierten Beschriftungen versehen, die ihre Authentizit\u00e4t bezeugen. Auch das Heft und der Knauf sind aus massivem Stahl mit einem Antik-Finish gefertigt und weisen eine einzigartige Form auf, die der Welt des Spiels entspricht. Der Holzgriff ist mit zweifarbigen Kunstlederriemen \u00fcberzogen und bietet Komfort und \u00c4sthetik zugleich. Eine luxuri\u00f6se Holzscheide, die mit blauem Kunstleder mit speziellen Motiven bezogen ist, sch\u00fctzt die Klinge elegant und vervollst\u00e4ndigt das Replikat. Warten Sie nicht l\u00e4nger, um sich dieses emblematische St\u00fcck zu g\u00f6nnen!<\/p>\n<h2>Das Master Sword: Ein mythisches und legend\u00e4res Symbol<\/h2>\n<p>Das Master Sword ist nicht nur ein Schwert, es ist die ikonische Waffe des Helden Link im Zelda-Universum. Seine Bedeutung ist in jedem Abenteuer, in dem es die Macht repr\u00e4sentiert, die M\u00e4chte des B\u00f6sen abzuwehren, von gr\u00f6\u00dfter Wichtigkeit. Dieses legend\u00e4re Schwert ist immer mit den epischen Abenteuern des Helden verbunden und pr\u00e4gt so jede Episode der Saga. Es wird verwendet, um die st\u00e4rksten Feinde zu besiegen, und gilt als die ultimative Waffe gegen die Dunkelheit. Mit ihrer Macht besch\u00fctzt sie das K\u00f6nigreich Hyrule und bringt den Menschen Hoffnung. Au\u00dferdem ist es ein ganz besonderes Schwert, da es sich mit den Pr\u00fcfungen, die Link durchlebt, weiterentwickelt. Wenn Sie dieses Schwert zu Hause haben, k\u00f6nnen Sie in die legend\u00e4ren Geschichten eintauchen und die Heldentaten des tapfersten aller Abenteurer nacherleben.<\/p>\n<h2>Entdecken Sie weitere Zelda-Repliken auf R\u00e9plique Manga Cin\u00e9<\/h2>\n<p>Auf unserer R\u00e9plique Manga Cin\u00e9-Website k\u00f6nnen Sie auch andere unumg\u00e4ngliche Repliken aus dem Zelda-Universum entdecken. Zun\u00e4chst einmal das <a href=\"https:\/\/repliquemangacine.fr\/de\/zelda-schwert\/hylia-zelda-schild-hylian-schild\/\">Hylianischer Schild<\/a> aus \"The Legend of Zelda: Tears of the Kingdom\", das aus Kunstharz und Glasfaser hergestellt wird, passt perfekt zum Master Sword. Zweitens: Das<a href=\"https:\/\/repliquemangacine.fr\/de\/neuheiten\/legendares-schwert-korrodiert\/\">Korrodiertes Schwert der Legende<\/a> von Zeldas Tears of the Kingdom 2023 ist ein einzigartiges Replikat mit einer teilweise besch\u00e4digten Stahlklinge und einer korrodierten Spitze. Dar\u00fcber hinaus bieten wir Ihnen das <a href=\"https:\/\/repliquemangacine.fr\/de\/verschiedene-goodies\/13-teiliges-zelda-set\/\">13-teilige Zelda-Sammelbox<\/a>mit sieben Miniaturschwertern mit Triforce, einer Scheide, einem goldenen legend\u00e4ren Schwert, einer Halskette, einem Schl\u00fcsselanh\u00e4nger und dekorativen Plaketten. Diese Box ist eine Hommage an die verschiedenen Teile des Spiels und vereint die ikonischen Schwerter. Um Ihre Sammlung zu erweitern oder ein einzigartiges Geschenk zu machen, besuchen Sie unsere Website und tauchen Sie ein in die epische Welt von Zelda!<\/p>","protected":false},"excerpt":{"rendered":"<p>Absolut wundersch\u00f6n dieses Master Sword de Luxe - Das Schwert der Legende in Zelda.<\/p>\n<ul>\n<li>Klinge aus rostfreiem Stahl mit Behandlung f\u00fcr einen perfekten bl\u00e4ulich gl\u00e4nzenden Effekt.<\/li>\n<li>Klinge mit Kehlung mit Triforce und Schriftzug entlang der gesamten Klinge<\/li>\n<li>Speziell geformter B\u00fcgel und Knauf aus Vollstahl mit Antik-Finish.<\/li>\n<li>Holzgriff mit Riemen aus zweifarbigem Kunstleder \u00fcberzogen<\/li>\n<li>Luxus-Holzscheide mit blauem Kunstleder \u00fcberzogen mit spezifischen Verzierungen<\/li>\n<li>Metallspitze an den Enden mit Triforce auf der unteren der H\u00fclse<\/li>\n<li>L\u00e4nge der Klinge: 77 cm - Gesamtl\u00e4nge mit Scheide: 126 cm<\/li>\n<li>Gewicht: 1475 g ohne Scheide und 1950 g mit Scheide<\/li>\n<\/ul>","protected":false},"featured_media":84395,"template":"","meta":[],"product_brand":[896],"product_cat":[56],"product_tag":[],"class_list":{"0":"post-84394","1":"product","2":"type-product","3":"status-publish","4":"has-post-thumbnail","6":"product_brand-replique-manga-cine","7":"product_cat-epee-zelda","9":"first","10":"instock","11":"taxable","12":"shipping-taxable","13":"purchasable","14":"product-type-simple"},"yoast_head":"<!-- This site is optimized with the Yoast SEO plugin v27.5 - https:\/\/yoast.com\/product\/yoast-seo-wordpress\/ -->\n<title>Master Sword de Luxe - Ep\u00e9e de L\u00e9gende - R\u00e9plique Manga Cin\u00e9<\/title>\n<meta name=\"description\" content=\"Master Sword de Luxe - R\u00e9plique l\u00e9gendaire de Zelda. Lame bleut\u00e9e, garde authentique, fourreau de luxe. Parfait pour les fans et collectionneurs !\" \/>\n<meta name=\"robots\" content=\"index, follow, max-snippet:-1, max-image-preview:large, max-video-preview:-1\" \/>\n<link rel=\"canonical\" href=\"https:\/\/repliquemangacine.fr\/de\/zelda-schwert\/master-sword-de-luxe-legendares-schwert\/\" \/>\n<meta property=\"og:locale\" content=\"de_DE\" \/>\n<meta property=\"og:type\" content=\"article\" \/>\n<meta property=\"og:title\" content=\"Master Sword de Luxe - Ep\u00e9e de L\u00e9gende - R\u00e9plique Manga Cin\u00e9\" \/>\n<meta property=\"og:description\" content=\"Master Sword de Luxe - R\u00e9plique l\u00e9gendaire de Zelda. Lame bleut\u00e9e, garde authentique, fourreau de luxe. Parfait pour les fans et collectionneurs !\" \/>\n<meta property=\"og:url\" content=\"https:\/\/repliquemangacine.fr\/de\/zelda-schwert\/master-sword-de-luxe-legendares-schwert\/\" \/>\n<meta property=\"og:site_name\" content=\"R\u00e9plique Manga Cin\u00e9\" \/>\n<meta property=\"article:publisher\" content=\"https:\/\/www.facebook.com\/RepliqueMangaCine\" \/>\n<meta property=\"article:modified_time\" content=\"2025-11-26T13:46:16+00:00\" \/>\n<meta property=\"og:image\" content=\"https:\/\/repliquemangacine.fr\/wp-content\/uploads\/2025\/05\/Master-Sword-de-Luxe.jpg\" \/>\n\t<meta property=\"og:image:width\" content=\"600\" \/>\n\t<meta property=\"og:image:height\" content=\"600\" \/>\n\t<meta property=\"og:image:type\" content=\"image\/jpeg\" \/>\n<meta name=\"twitter:card\" content=\"summary_large_image\" \/>\n<meta name=\"twitter:label1\" content=\"Gesch\u00e4tzte Lesezeit\" \/>\n\t<meta name=\"twitter:data1\" content=\"3\u00a0Minuten\" \/>\n<script type=\"application\/ld+json\" class=\"yoast-schema-graph\">{\"@context\":\"https:\\\/\\\/schema.org\",\"@graph\":[{\"@type\":\"WebPage\",\"@id\":\"https:\\\/\\\/repliquemangacine.fr\\\/epee-zelda\\\/master-sword-de-luxe-epee-de-legende\\\/\",\"url\":\"https:\\\/\\\/repliquemangacine.fr\\\/epee-zelda\\\/master-sword-de-luxe-epee-de-legende\\\/\",\"name\":\"Master Sword de Luxe - Ep\u00e9e de L\u00e9gende - R\u00e9plique Manga Cin\u00e9\",\"isPartOf\":{\"@id\":\"https:\\\/\\\/repliquemangacine.fr\\\/#website\"},\"primaryImageOfPage\":{\"@id\":\"https:\\\/\\\/repliquemangacine.fr\\\/epee-zelda\\\/master-sword-de-luxe-epee-de-legende\\\/#primaryimage\"},\"image\":{\"@id\":\"https:\\\/\\\/repliquemangacine.fr\\\/epee-zelda\\\/master-sword-de-luxe-epee-de-legende\\\/#primaryimage\"},\"thumbnailUrl\":\"https:\\\/\\\/repliquemangacine.fr\\\/wp-content\\\/uploads\\\/2025\\\/05\\\/Master-Sword-de-Luxe.jpg\",\"datePublished\":\"2025-05-17T18:41:38+00:00\",\"dateModified\":\"2025-11-26T13:46:16+00:00\",\"description\":\"Master Sword de Luxe - R\u00e9plique l\u00e9gendaire de Zelda. Lame bleut\u00e9e, garde authentique, fourreau de luxe. Parfait pour les fans et collectionneurs !\",\"breadcrumb\":{\"@id\":\"https:\\\/\\\/repliquemangacine.fr\\\/epee-zelda\\\/master-sword-de-luxe-epee-de-legende\\\/#breadcrumb\"},\"inLanguage\":\"de\",\"potentialAction\":[{\"@type\":\"ReadAction\",\"target\":[\"https:\\\/\\\/repliquemangacine.fr\\\/epee-zelda\\\/master-sword-de-luxe-epee-de-legende\\\/\"]}]},{\"@type\":\"ImageObject\",\"inLanguage\":\"de\",\"@id\":\"https:\\\/\\\/repliquemangacine.fr\\\/epee-zelda\\\/master-sword-de-luxe-epee-de-legende\\\/#primaryimage\",\"url\":\"https:\\\/\\\/repliquemangacine.fr\\\/wp-content\\\/uploads\\\/2025\\\/05\\\/Master-Sword-de-Luxe.jpg\",\"contentUrl\":\"https:\\\/\\\/repliquemangacine.fr\\\/wp-content\\\/uploads\\\/2025\\\/05\\\/Master-Sword-de-Luxe.jpg\",\"width\":600,\"height\":600,\"caption\":\"Master Sword de Luxe - Ep\u00e9e de L\u00e9gende - Zelda\"},{\"@type\":\"BreadcrumbList\",\"@id\":\"https:\\\/\\\/repliquemangacine.fr\\\/epee-zelda\\\/master-sword-de-luxe-epee-de-legende\\\/#breadcrumb\",\"itemListElement\":[{\"@type\":\"ListItem\",\"position\":1,\"name\":\"Accueil\",\"item\":\"https:\\\/\\\/repliquemangacine.fr\\\/\"},{\"@type\":\"ListItem\",\"position\":2,\"name\":\"Produits\",\"item\":\"https:\\\/\\\/repliquemangacine.fr\\\/boutique\\\/\"},{\"@type\":\"ListItem\",\"position\":3,\"name\":\"Master Sword de Luxe &#8211; Ep\u00e9e de L\u00e9gende\"}]},{\"@type\":\"WebSite\",\"@id\":\"https:\\\/\\\/repliquemangacine.fr\\\/#website\",\"url\":\"https:\\\/\\\/repliquemangacine.fr\\\/\",\"name\":\"R\u00e9plique Manga Cin\u00e9\",\"description\":\"\",\"publisher\":{\"@id\":\"https:\\\/\\\/repliquemangacine.fr\\\/#organization\"},\"potentialAction\":[{\"@type\":\"SearchAction\",\"target\":{\"@type\":\"EntryPoint\",\"urlTemplate\":\"https:\\\/\\\/repliquemangacine.fr\\\/?s={search_term_string}\"},\"query-input\":{\"@type\":\"PropertyValueSpecification\",\"valueRequired\":true,\"valueName\":\"search_term_string\"}}],\"inLanguage\":\"de\"},{\"@type\":\"Organization\",\"@id\":\"https:\\\/\\\/repliquemangacine.fr\\\/#organization\",\"name\":\"R\u00e9plique Manga Cin\u00e9\",\"url\":\"https:\\\/\\\/repliquemangacine.fr\\\/\",\"logo\":{\"@type\":\"ImageObject\",\"inLanguage\":\"de\",\"@id\":\"https:\\\/\\\/repliquemangacine.fr\\\/#\\\/schema\\\/logo\\\/image\\\/\",\"url\":\"https:\\\/\\\/repliquemangacine.fr\\\/wp-content\\\/uploads\\\/2023\\\/10\\\/RMC-500250.png\",\"contentUrl\":\"https:\\\/\\\/repliquemangacine.fr\\\/wp-content\\\/uploads\\\/2023\\\/10\\\/RMC-500250.png\",\"width\":500,\"height\":250,\"caption\":\"R\u00e9plique Manga Cin\u00e9\"},\"image\":{\"@id\":\"https:\\\/\\\/repliquemangacine.fr\\\/#\\\/schema\\\/logo\\\/image\\\/\"},\"sameAs\":[\"https:\\\/\\\/www.facebook.com\\\/RepliqueMangaCine\",\"https:\\\/\\\/www.instagram.com\\\/repliquemangacine.fr\\\/\"]}]}<\/script>\n<!-- \/ Yoast SEO plugin. -->","yoast_head_json":{"title":"Master Sword de Luxe - Schwert der Legende - R\u00e9plique Manga Cin\u00e9","description":"Master Sword de Luxe - Legend\u00e4re Replik von Zelda. Blaue Klinge, authentische Hefte, luxuri\u00f6se Scheide. Perfekt f\u00fcr Fans und Sammler!","robots":{"index":"index","follow":"follow","max-snippet":"max-snippet:-1","max-image-preview":"max-image-preview:large","max-video-preview":"max-video-preview:-1"},"canonical":"https:\/\/repliquemangacine.fr\/de\/zelda-schwert\/master-sword-de-luxe-legendares-schwert\/","og_locale":"de_DE","og_type":"article","og_title":"Master Sword de Luxe - Ep\u00e9e de L\u00e9gende - R\u00e9plique Manga Cin\u00e9","og_description":"Master Sword de Luxe - R\u00e9plique l\u00e9gendaire de Zelda. Lame bleut\u00e9e, garde authentique, fourreau de luxe. Parfait pour les fans et collectionneurs !","og_url":"https:\/\/repliquemangacine.fr\/de\/zelda-schwert\/master-sword-de-luxe-legendares-schwert\/","og_site_name":"R\u00e9plique Manga Cin\u00e9","article_publisher":"https:\/\/www.facebook.com\/RepliqueMangaCine","article_modified_time":"2025-11-26T13:46:16+00:00","og_image":[{"width":600,"height":600,"url":"https:\/\/repliquemangacine.fr\/wp-content\/uploads\/2025\/05\/Master-Sword-de-Luxe.jpg","type":"image\/jpeg"}],"twitter_card":"summary_large_image","twitter_misc":{"Gesch\u00e4tzte Lesezeit":"3\u00a0Minuten"},"schema":{"@context":"https:\/\/schema.org","@graph":[{"@type":"WebPage","@id":"https:\/\/repliquemangacine.fr\/epee-zelda\/master-sword-de-luxe-epee-de-legende\/","url":"https:\/\/repliquemangacine.fr\/epee-zelda\/master-sword-de-luxe-epee-de-legende\/","name":"Master Sword de Luxe - Schwert der Legende - R\u00e9plique Manga Cin\u00e9","isPartOf":{"@id":"https:\/\/repliquemangacine.fr\/#website"},"primaryImageOfPage":{"@id":"https:\/\/repliquemangacine.fr\/epee-zelda\/master-sword-de-luxe-epee-de-legende\/#primaryimage"},"image":{"@id":"https:\/\/repliquemangacine.fr\/epee-zelda\/master-sword-de-luxe-epee-de-legende\/#primaryimage"},"thumbnailUrl":"https:\/\/repliquemangacine.fr\/wp-content\/uploads\/2025\/05\/Master-Sword-de-Luxe.jpg","datePublished":"2025-05-17T18:41:38+00:00","dateModified":"2025-11-26T13:46:16+00:00","description":"Master Sword de Luxe - Legend\u00e4re Replik von Zelda. Blaue Klinge, authentische Hefte, luxuri\u00f6se Scheide. Perfekt f\u00fcr Fans und Sammler!","breadcrumb":{"@id":"https:\/\/repliquemangacine.fr\/epee-zelda\/master-sword-de-luxe-epee-de-legende\/#breadcrumb"},"inLanguage":"de","potentialAction":[{"@type":"ReadAction","target":["https:\/\/repliquemangacine.fr\/epee-zelda\/master-sword-de-luxe-epee-de-legende\/"]}]},{"@type":"ImageObject","inLanguage":"de","@id":"https:\/\/repliquemangacine.fr\/epee-zelda\/master-sword-de-luxe-epee-de-legende\/#primaryimage","url":"https:\/\/repliquemangacine.fr\/wp-content\/uploads\/2025\/05\/Master-Sword-de-Luxe.jpg","contentUrl":"https:\/\/repliquemangacine.fr\/wp-content\/uploads\/2025\/05\/Master-Sword-de-Luxe.jpg","width":600,"height":600,"caption":"Master Sword de Luxe - Ep\u00e9e de L\u00e9gende - Zelda"},{"@type":"BreadcrumbList","@id":"https:\/\/repliquemangacine.fr\/epee-zelda\/master-sword-de-luxe-epee-de-legende\/#breadcrumb","itemListElement":[{"@type":"ListItem","position":1,"name":"Accueil","item":"https:\/\/repliquemangacine.fr\/"},{"@type":"ListItem","position":2,"name":"Produits","item":"https:\/\/repliquemangacine.fr\/boutique\/"},{"@type":"ListItem","position":3,"name":"Master Sword de Luxe &#8211; Ep\u00e9e de L\u00e9gende"}]},{"@type":"WebSite","@id":"https:\/\/repliquemangacine.fr\/#website","url":"https:\/\/repliquemangacine.fr\/","name":"R\u00e9plique Manga Cin\u00e9","description":"","publisher":{"@id":"https:\/\/repliquemangacine.fr\/#organization"},"potentialAction":[{"@type":"SearchAction","target":{"@type":"EntryPoint","urlTemplate":"https:\/\/repliquemangacine.fr\/?s={search_term_string}"},"query-input":{"@type":"PropertyValueSpecification","valueRequired":true,"valueName":"search_term_string"}}],"inLanguage":"de"},{"@type":"Organization","@id":"https:\/\/repliquemangacine.fr\/#organization","name":"R\u00e9plique Manga Cin\u00e9","url":"https:\/\/repliquemangacine.fr\/","logo":{"@type":"ImageObject","inLanguage":"de","@id":"https:\/\/repliquemangacine.fr\/#\/schema\/logo\/image\/","url":"https:\/\/repliquemangacine.fr\/wp-content\/uploads\/2023\/10\/RMC-500250.png","contentUrl":"https:\/\/repliquemangacine.fr\/wp-content\/uploads\/2023\/10\/RMC-500250.png","width":500,"height":250,"caption":"R\u00e9plique Manga Cin\u00e9"},"image":{"@id":"https:\/\/repliquemangacine.fr\/#\/schema\/logo\/image\/"},"sameAs":["https:\/\/www.facebook.com\/RepliqueMangaCine","https:\/\/www.instagram.com\/repliquemangacine.fr\/"]}]}},"_links":{"self":[{"href":"https:\/\/repliquemangacine.fr\/de\/wp-json\/wp\/v2\/product\/84394","targetHints":{"allow":["GET"]}}],"collection":[{"href":"https:\/\/repliquemangacine.fr\/de\/wp-json\/wp\/v2\/product"}],"about":[{"href":"https:\/\/repliquemangacine.fr\/de\/wp-json\/wp\/v2\/types\/product"}],"wp:featuredmedia":[{"embeddable":true,"href":"https:\/\/repliquemangacine.fr\/de\/wp-json\/wp\/v2\/media\/84395"}],"wp:attachment":[{"href":"https:\/\/repliquemangacine.fr\/de\/wp-json\/wp\/v2\/media?parent=84394"}],"wp:term":[{"taxonomy":"product_brand","embeddable":true,"href":"https:\/\/repliquemangacine.fr\/de\/wp-json\/wp\/v2\/product_brand?post=84394"},{"taxonomy":"product_cat","embeddable":true,"href":"https:\/\/repliquemangacine.fr\/de\/wp-json\/wp\/v2\/product_cat?post=84394"},{"taxonomy":"product_tag","embeddable":true,"href":"https:\/\/repliquemangacine.fr\/de\/wp-json\/wp\/v2\/product_tag?post=84394"}],"curies":[{"name":"wp","href":"https:\/\/api.w.org\/{rel}","templated":true}]}}