





{"id":84148,"date":"2025-05-10T19:18:17","date_gmt":"2025-05-10T17:18:17","guid":{"rendered":"https:\/\/repliquemangacine.fr\/?post_type=product&#038;p=84148"},"modified":"2025-12-19T15:40:15","modified_gmt":"2025-12-19T14:40:15","slug":"schwert-bloodhound-fang-elden-ring","status":"publish","type":"product","link":"https:\/\/repliquemangacine.fr\/de\/elden-ring\/epee-bloodhound-fang-elden-ring\/","title":{"rendered":"Bloodhound Fang-Schwert - Elden Ring"},"content":{"rendered":"<h2>Das Bloodhound Fang-Schwert von Elden Ring: Ein unglaubliches Replikat<\/h2>\n<p>Absolut unglaublich, diese Replik des Bloodhound Fang-Schwerts in <a href=\"https:\/\/eldenring.fandom.com\/fr\/wiki\/Wiki_Elden_Ring\" target=\"_blank\" rel=\"noopener noreferrer\">Elden Ring<\/a> beeindruckt durch seinen verbl\u00fcffenden Realismus. Die geschwungene Stahlklinge hat einen wundersch\u00f6nen bronzefarbenen Hammerschlag-Effekt, der die ikonische Waffe des Spiels detailgetreu wiedergibt. Der Griff besteht aus Holz und ist mit schwarzem Kunstleder \u00fcberzogen, um einen bequemen und robusten Griff zu gew\u00e4hrleisten. Eine bronzefarbene Stahlkappe rundet den Griff elegant ab. Der spezifische und imposante Griffb\u00fcgel ist ebenfalls aus bronzefarbenem Stahl gefertigt. Er wird mit einem Pr\u00e4sentationsst\u00e4nder geliefert, um ihn in Ihrer Sammlung zu sublimieren. Die beeindruckenden Abmessungen lassen niemanden unber\u00fchrt: 86 cm f\u00fcr die Klinge und 122 cm Gesamtl\u00e4nge. Das Gewicht von 2300 g macht es zu einem massiven und authentischen St\u00fcck, ganz wie die Waffe, die von dem wilden Bloodhound Knight benutzt wurde.<\/p>\n<h2>Eine einzigartige Waffe f\u00fcr die Wahren Abenteurer des Eldenrings<\/h2>\n<p>Zun\u00e4chst wird die<strong>Schwert Bloodhound Fang<\/strong> ist weit mehr als eine einfache Replik, sie ist eine echte Hommage an die Abenteurer des Eldenrings. Sein imposantes Design und sein beachtliches Gewicht erinnern an die Macht dieser Waffe im Spiel. Dieses gebogene Schwert ist bekannt f\u00fcr seine furchteinfl\u00f6\u00dfende Effektivit\u00e4t im Nahkampf und seine F\u00e4higkeit, verheerende Schl\u00e4ge zu verteilen. Als Sammler oder Fan des Eldenrings ist es ein echtes Privileg, diese Replik zu besitzen. Seine kunstvolle \u00c4sthetik und die hochwertige Verarbeitung machen ihn zu einem unverzichtbaren Objekt f\u00fcr Fans des Genres. Egal, ob Sie sich f\u00fcr die fantastische Welt des Spiels begeistern oder einfach nur ein einzigartiges Sammlerst\u00fcck suchen, dieses Schwert ist wie f\u00fcr Sie gemacht. Es symbolisiert die Macht, die Eleganz und die Leidenschaft des Kampfes in einer epischen Welt.<\/p>\n<h2>Entdecken Sie weitere ikonische Repliken auf R\u00e9plique Manga Cin\u00e9<\/h2>\n<p>Auf R\u00e9plique Manga Cin\u00e9 wird der<strong>Schwert Bloodhound Fang<\/strong> ist nur ein Teil von vielen. Fans von Elden Ring finden auch die<a href=\"https:\/\/repliquemangacine.fr\/de\/elden-ring\/greatsword-epee-elden-ring\/\">Greatsword-Schwert,<\/a> massiv und imposant, f\u00fcr einen beeindruckenden Realismus. Wir bieten auch die<a href=\"https:\/\/repliquemangacine.fr\/de\/elden-ring\/greatsword-epee-elden-ring\/\">Schwert Dark Moon Greatsword<\/a> aus Glasfaser sowie die R<a href=\"https:\/\/repliquemangacine.fr\/de\/elden-ring\/rogier-rapiere-elden-ring\/\">api\u00e8re de Rogier<\/a> und der <a href=\"https:\/\/repliquemangacine.fr\/de\/elden-ring\/katana-moonveil-in-elden-ring\/\">Katana Moonveil<\/a>Diese sind ikonische St\u00fccke f\u00fcr jeden ernsthaften Sammler. Neben den Waffen aus dem Elden Ring haben wir auch unumg\u00e4ngliche Repliken wie das Schwert des Lichk\u00f6nigs, das ber\u00fchmte Frostmourne. Auch Fans von Genshin Impact kommen mit unserer Auswahl an Katanas und Schwertern, die vom Spiel inspiriert sind, nicht zu kurz. Ob Sie sich nun f\u00fcr Fantasy, Anime oder Videospiele begeistern, unsere Website h\u00e4lt noch viel mehr f\u00fcr Sie bereit. Kurz gesagt: Warten Sie nicht l\u00e4nger, um Ihre Sammlung mit diesen au\u00dfergew\u00f6hnlichen Objekten zu erweitern!<\/p>","protected":false},"excerpt":{"rendered":"<p>Absolut unglaublich diese Replik des Bloodhound Fang-Schwerts im Elden Ring.<\/p>\n<ul>\n<li>Geschwungene Klinge aus hochwertigem Stahl mit bronzefarbenem Hammerschlag-Effekt<\/li>\n<li>Mit schwarzem Kunstleder \u00fcberzogener Holzgriff und bronzefarbene Stahlkappe.<\/li>\n<li>Speziell geformter Stahlschutz in Bronzefarbe.<\/li>\n<li>Wird mit einem Pr\u00e4sentationsst\u00e4nder geliefert.<\/li>\n<li>L\u00e4nge der Klinge: 86 cm - Gesamtl\u00e4nge: 122 cm<\/li>\n<li>Gewicht: 2300g<\/li>\n<\/ul>","protected":false},"featured_media":84155,"template":"","meta":[],"product_brand":[896],"product_cat":[876,23],"product_tag":[],"class_list":{"0":"post-84148","1":"product","2":"type-product","3":"status-publish","4":"has-post-thumbnail","6":"product_brand-replique-manga-cine","7":"product_cat-elden-ring","8":"product_cat-repliques-manga-jeux-video","10":"first","11":"instock","12":"taxable","13":"shipping-taxable","14":"purchasable","15":"product-type-simple"},"yoast_head":"<!-- This site is optimized with the Yoast SEO plugin v27.5 - https:\/\/yoast.com\/product\/yoast-seo-wordpress\/ -->\n<title>\u00c9p\u00e9e Bloodhound Fang - Elden Ring - R\u00e9plique Manga Cin\u00e9<\/title>\n<meta name=\"description\" content=\"D\u00e9couvrez l&#039;\u00c9p\u00e9e Bloodhound Fang d&#039;Elden Ring : r\u00e9plique r\u00e9aliste, lame incurv\u00e9e en acier bronze support inclus. 122 cm. Pour les vrais collectionneurs !\" \/>\n<meta name=\"robots\" content=\"index, follow, max-snippet:-1, max-image-preview:large, max-video-preview:-1\" \/>\n<link rel=\"canonical\" href=\"https:\/\/repliquemangacine.fr\/de\/elden-ring\/schwert-bloodhound-fang-elden-ring\/\" \/>\n<meta property=\"og:locale\" content=\"de_DE\" \/>\n<meta property=\"og:type\" content=\"article\" \/>\n<meta property=\"og:title\" content=\"\u00c9p\u00e9e Bloodhound Fang - Elden Ring - R\u00e9plique Manga Cin\u00e9\" \/>\n<meta property=\"og:description\" content=\"D\u00e9couvrez l&#039;\u00c9p\u00e9e Bloodhound Fang d&#039;Elden Ring : r\u00e9plique r\u00e9aliste, lame incurv\u00e9e en acier bronze support inclus. 122 cm. Pour les vrais collectionneurs !\" \/>\n<meta property=\"og:url\" content=\"https:\/\/repliquemangacine.fr\/de\/elden-ring\/schwert-bloodhound-fang-elden-ring\/\" \/>\n<meta property=\"og:site_name\" content=\"R\u00e9plique Manga Cin\u00e9\" \/>\n<meta property=\"article:publisher\" content=\"https:\/\/www.facebook.com\/RepliqueMangaCine\" \/>\n<meta property=\"article:modified_time\" content=\"2025-12-19T14:40:15+00:00\" \/>\n<meta property=\"og:image\" content=\"https:\/\/repliquemangacine.fr\/wp-content\/uploads\/2025\/05\/Epee-Bloodhound-Fang-Elden-ring.jpg\" \/>\n\t<meta property=\"og:image:width\" content=\"800\" \/>\n\t<meta property=\"og:image:height\" content=\"800\" \/>\n\t<meta property=\"og:image:type\" content=\"image\/jpeg\" \/>\n<meta name=\"twitter:card\" content=\"summary_large_image\" \/>\n<meta name=\"twitter:label1\" content=\"Gesch\u00e4tzte Lesezeit\" \/>\n\t<meta name=\"twitter:data1\" content=\"3\u00a0Minuten\" \/>\n<script type=\"application\/ld+json\" class=\"yoast-schema-graph\">{\"@context\":\"https:\\\/\\\/schema.org\",\"@graph\":[{\"@type\":\"WebPage\",\"@id\":\"https:\\\/\\\/repliquemangacine.fr\\\/elden-ring\\\/epee-bloodhound-fang-elden-ring\\\/\",\"url\":\"https:\\\/\\\/repliquemangacine.fr\\\/elden-ring\\\/epee-bloodhound-fang-elden-ring\\\/\",\"name\":\"\u00c9p\u00e9e Bloodhound Fang - Elden Ring - R\u00e9plique Manga Cin\u00e9\",\"isPartOf\":{\"@id\":\"https:\\\/\\\/repliquemangacine.fr\\\/#website\"},\"primaryImageOfPage\":{\"@id\":\"https:\\\/\\\/repliquemangacine.fr\\\/elden-ring\\\/epee-bloodhound-fang-elden-ring\\\/#primaryimage\"},\"image\":{\"@id\":\"https:\\\/\\\/repliquemangacine.fr\\\/elden-ring\\\/epee-bloodhound-fang-elden-ring\\\/#primaryimage\"},\"thumbnailUrl\":\"https:\\\/\\\/repliquemangacine.fr\\\/wp-content\\\/uploads\\\/2025\\\/05\\\/Epee-Bloodhound-Fang-Elden-ring.jpg\",\"datePublished\":\"2025-05-10T17:18:17+00:00\",\"dateModified\":\"2025-12-19T14:40:15+00:00\",\"description\":\"D\u00e9couvrez l'\u00c9p\u00e9e Bloodhound Fang d'Elden Ring : r\u00e9plique r\u00e9aliste, lame incurv\u00e9e en acier bronze support inclus. 122 cm. Pour les vrais collectionneurs !\",\"breadcrumb\":{\"@id\":\"https:\\\/\\\/repliquemangacine.fr\\\/elden-ring\\\/epee-bloodhound-fang-elden-ring\\\/#breadcrumb\"},\"inLanguage\":\"de\",\"potentialAction\":[{\"@type\":\"ReadAction\",\"target\":[\"https:\\\/\\\/repliquemangacine.fr\\\/elden-ring\\\/epee-bloodhound-fang-elden-ring\\\/\"]}]},{\"@type\":\"ImageObject\",\"inLanguage\":\"de\",\"@id\":\"https:\\\/\\\/repliquemangacine.fr\\\/elden-ring\\\/epee-bloodhound-fang-elden-ring\\\/#primaryimage\",\"url\":\"https:\\\/\\\/repliquemangacine.fr\\\/wp-content\\\/uploads\\\/2025\\\/05\\\/Epee-Bloodhound-Fang-Elden-ring.jpg\",\"contentUrl\":\"https:\\\/\\\/repliquemangacine.fr\\\/wp-content\\\/uploads\\\/2025\\\/05\\\/Epee-Bloodhound-Fang-Elden-ring.jpg\",\"width\":800,\"height\":800,\"caption\":\"\u00c9p\u00e9e Bloodhound Fang Elden Ring\"},{\"@type\":\"BreadcrumbList\",\"@id\":\"https:\\\/\\\/repliquemangacine.fr\\\/elden-ring\\\/epee-bloodhound-fang-elden-ring\\\/#breadcrumb\",\"itemListElement\":[{\"@type\":\"ListItem\",\"position\":1,\"name\":\"Accueil\",\"item\":\"https:\\\/\\\/repliquemangacine.fr\\\/\"},{\"@type\":\"ListItem\",\"position\":2,\"name\":\"Produits\",\"item\":\"https:\\\/\\\/repliquemangacine.fr\\\/boutique\\\/\"},{\"@type\":\"ListItem\",\"position\":3,\"name\":\"\u00c9p\u00e9e Bloodhound Fang &#8211; Elden Ring\"}]},{\"@type\":\"WebSite\",\"@id\":\"https:\\\/\\\/repliquemangacine.fr\\\/#website\",\"url\":\"https:\\\/\\\/repliquemangacine.fr\\\/\",\"name\":\"R\u00e9plique Manga Cin\u00e9\",\"description\":\"\",\"publisher\":{\"@id\":\"https:\\\/\\\/repliquemangacine.fr\\\/#organization\"},\"potentialAction\":[{\"@type\":\"SearchAction\",\"target\":{\"@type\":\"EntryPoint\",\"urlTemplate\":\"https:\\\/\\\/repliquemangacine.fr\\\/?s={search_term_string}\"},\"query-input\":{\"@type\":\"PropertyValueSpecification\",\"valueRequired\":true,\"valueName\":\"search_term_string\"}}],\"inLanguage\":\"de\"},{\"@type\":\"Organization\",\"@id\":\"https:\\\/\\\/repliquemangacine.fr\\\/#organization\",\"name\":\"R\u00e9plique Manga Cin\u00e9\",\"url\":\"https:\\\/\\\/repliquemangacine.fr\\\/\",\"logo\":{\"@type\":\"ImageObject\",\"inLanguage\":\"de\",\"@id\":\"https:\\\/\\\/repliquemangacine.fr\\\/#\\\/schema\\\/logo\\\/image\\\/\",\"url\":\"https:\\\/\\\/repliquemangacine.fr\\\/wp-content\\\/uploads\\\/2023\\\/10\\\/RMC-500250.png\",\"contentUrl\":\"https:\\\/\\\/repliquemangacine.fr\\\/wp-content\\\/uploads\\\/2023\\\/10\\\/RMC-500250.png\",\"width\":500,\"height\":250,\"caption\":\"R\u00e9plique Manga Cin\u00e9\"},\"image\":{\"@id\":\"https:\\\/\\\/repliquemangacine.fr\\\/#\\\/schema\\\/logo\\\/image\\\/\"},\"sameAs\":[\"https:\\\/\\\/www.facebook.com\\\/RepliqueMangaCine\",\"https:\\\/\\\/www.instagram.com\\\/repliquemangacine.fr\\\/\"]}]}<\/script>\n<!-- \/ Yoast SEO plugin. -->","yoast_head_json":{"title":"Schwert Bloodhound Fang - Elden Ring - R\u00e9plique Manga Cin\u00e9","description":"Entdecken Sie das Bloodhound Fang-Schwert von Elden Ring: Realistische Nachbildung, gebogene Klinge aus Bronzestahl inklusive Halterung. 122 cm. F\u00fcr echte Sammler!","robots":{"index":"index","follow":"follow","max-snippet":"max-snippet:-1","max-image-preview":"max-image-preview:large","max-video-preview":"max-video-preview:-1"},"canonical":"https:\/\/repliquemangacine.fr\/de\/elden-ring\/schwert-bloodhound-fang-elden-ring\/","og_locale":"de_DE","og_type":"article","og_title":"\u00c9p\u00e9e Bloodhound Fang - Elden Ring - R\u00e9plique Manga Cin\u00e9","og_description":"D\u00e9couvrez l'\u00c9p\u00e9e Bloodhound Fang d'Elden Ring : r\u00e9plique r\u00e9aliste, lame incurv\u00e9e en acier bronze support inclus. 122 cm. Pour les vrais collectionneurs !","og_url":"https:\/\/repliquemangacine.fr\/de\/elden-ring\/schwert-bloodhound-fang-elden-ring\/","og_site_name":"R\u00e9plique Manga Cin\u00e9","article_publisher":"https:\/\/www.facebook.com\/RepliqueMangaCine","article_modified_time":"2025-12-19T14:40:15+00:00","og_image":[{"width":800,"height":800,"url":"https:\/\/repliquemangacine.fr\/wp-content\/uploads\/2025\/05\/Epee-Bloodhound-Fang-Elden-ring.jpg","type":"image\/jpeg"}],"twitter_card":"summary_large_image","twitter_misc":{"Gesch\u00e4tzte Lesezeit":"3\u00a0Minuten"},"schema":{"@context":"https:\/\/schema.org","@graph":[{"@type":"WebPage","@id":"https:\/\/repliquemangacine.fr\/elden-ring\/epee-bloodhound-fang-elden-ring\/","url":"https:\/\/repliquemangacine.fr\/elden-ring\/epee-bloodhound-fang-elden-ring\/","name":"Schwert Bloodhound Fang - Elden Ring - R\u00e9plique Manga Cin\u00e9","isPartOf":{"@id":"https:\/\/repliquemangacine.fr\/#website"},"primaryImageOfPage":{"@id":"https:\/\/repliquemangacine.fr\/elden-ring\/epee-bloodhound-fang-elden-ring\/#primaryimage"},"image":{"@id":"https:\/\/repliquemangacine.fr\/elden-ring\/epee-bloodhound-fang-elden-ring\/#primaryimage"},"thumbnailUrl":"https:\/\/repliquemangacine.fr\/wp-content\/uploads\/2025\/05\/Epee-Bloodhound-Fang-Elden-ring.jpg","datePublished":"2025-05-10T17:18:17+00:00","dateModified":"2025-12-19T14:40:15+00:00","description":"Entdecken Sie das Bloodhound Fang-Schwert von Elden Ring: Realistische Nachbildung, gebogene Klinge aus Bronzestahl inklusive Halterung. 122 cm. F\u00fcr echte Sammler!","breadcrumb":{"@id":"https:\/\/repliquemangacine.fr\/elden-ring\/epee-bloodhound-fang-elden-ring\/#breadcrumb"},"inLanguage":"de","potentialAction":[{"@type":"ReadAction","target":["https:\/\/repliquemangacine.fr\/elden-ring\/epee-bloodhound-fang-elden-ring\/"]}]},{"@type":"ImageObject","inLanguage":"de","@id":"https:\/\/repliquemangacine.fr\/elden-ring\/epee-bloodhound-fang-elden-ring\/#primaryimage","url":"https:\/\/repliquemangacine.fr\/wp-content\/uploads\/2025\/05\/Epee-Bloodhound-Fang-Elden-ring.jpg","contentUrl":"https:\/\/repliquemangacine.fr\/wp-content\/uploads\/2025\/05\/Epee-Bloodhound-Fang-Elden-ring.jpg","width":800,"height":800,"caption":"\u00c9p\u00e9e Bloodhound Fang Elden Ring"},{"@type":"BreadcrumbList","@id":"https:\/\/repliquemangacine.fr\/elden-ring\/epee-bloodhound-fang-elden-ring\/#breadcrumb","itemListElement":[{"@type":"ListItem","position":1,"name":"Accueil","item":"https:\/\/repliquemangacine.fr\/"},{"@type":"ListItem","position":2,"name":"Produits","item":"https:\/\/repliquemangacine.fr\/boutique\/"},{"@type":"ListItem","position":3,"name":"\u00c9p\u00e9e Bloodhound Fang &#8211; Elden Ring"}]},{"@type":"WebSite","@id":"https:\/\/repliquemangacine.fr\/#website","url":"https:\/\/repliquemangacine.fr\/","name":"R\u00e9plique Manga Cin\u00e9","description":"","publisher":{"@id":"https:\/\/repliquemangacine.fr\/#organization"},"potentialAction":[{"@type":"SearchAction","target":{"@type":"EntryPoint","urlTemplate":"https:\/\/repliquemangacine.fr\/?s={search_term_string}"},"query-input":{"@type":"PropertyValueSpecification","valueRequired":true,"valueName":"search_term_string"}}],"inLanguage":"de"},{"@type":"Organization","@id":"https:\/\/repliquemangacine.fr\/#organization","name":"R\u00e9plique Manga Cin\u00e9","url":"https:\/\/repliquemangacine.fr\/","logo":{"@type":"ImageObject","inLanguage":"de","@id":"https:\/\/repliquemangacine.fr\/#\/schema\/logo\/image\/","url":"https:\/\/repliquemangacine.fr\/wp-content\/uploads\/2023\/10\/RMC-500250.png","contentUrl":"https:\/\/repliquemangacine.fr\/wp-content\/uploads\/2023\/10\/RMC-500250.png","width":500,"height":250,"caption":"R\u00e9plique Manga Cin\u00e9"},"image":{"@id":"https:\/\/repliquemangacine.fr\/#\/schema\/logo\/image\/"},"sameAs":["https:\/\/www.facebook.com\/RepliqueMangaCine","https:\/\/www.instagram.com\/repliquemangacine.fr\/"]}]}},"_links":{"self":[{"href":"https:\/\/repliquemangacine.fr\/de\/wp-json\/wp\/v2\/product\/84148","targetHints":{"allow":["GET"]}}],"collection":[{"href":"https:\/\/repliquemangacine.fr\/de\/wp-json\/wp\/v2\/product"}],"about":[{"href":"https:\/\/repliquemangacine.fr\/de\/wp-json\/wp\/v2\/types\/product"}],"wp:featuredmedia":[{"embeddable":true,"href":"https:\/\/repliquemangacine.fr\/de\/wp-json\/wp\/v2\/media\/84155"}],"wp:attachment":[{"href":"https:\/\/repliquemangacine.fr\/de\/wp-json\/wp\/v2\/media?parent=84148"}],"wp:term":[{"taxonomy":"product_brand","embeddable":true,"href":"https:\/\/repliquemangacine.fr\/de\/wp-json\/wp\/v2\/product_brand?post=84148"},{"taxonomy":"product_cat","embeddable":true,"href":"https:\/\/repliquemangacine.fr\/de\/wp-json\/wp\/v2\/product_cat?post=84148"},{"taxonomy":"product_tag","embeddable":true,"href":"https:\/\/repliquemangacine.fr\/de\/wp-json\/wp\/v2\/product_tag?post=84148"}],"curies":[{"name":"wp","href":"https:\/\/api.w.org\/{rel}","templated":true}]}}