





{"id":84142,"date":"2025-05-10T15:45:17","date_gmt":"2025-05-10T13:45:17","guid":{"rendered":"https:\/\/repliquemangacine.fr\/?post_type=product&#038;p=84142"},"modified":"2026-03-20T00:15:47","modified_gmt":"2026-03-19T23:15:47","slug":"shirasaya-von-o-ren-ishii-kill-bill","status":"publish","type":"product","link":"https:\/\/repliquemangacine.fr\/de\/katana-kill-bill\/shirasaya-de-o-ren-ishii-kill-bill\/","title":{"rendered":"Shirasaya von O-ren Ishii - Kill Bill"},"content":{"rendered":"<h2>O-Ren Ishiis Shirasaya in Kill Bill: Eine au\u00dfergew\u00f6hnliche Replik<\/h2>\n<p>Tauchen Sie zun\u00e4chst in die faszinierende Welt von Kill Bill mit dem <strong>Shirasaya von O-Ren Ishii<\/strong>. Eine au\u00dfergew\u00f6hnliche Replik des legend\u00e4ren Katanas. O-Ren Ishii, der gef\u00fcrchtete Anf\u00fchrer der Bande der <a href=\"https:\/\/killbill.fandom.com\/wiki\/Yakuza\" target=\"_blank\" rel=\"noopener noreferrer\">Yakuzas<\/a>Er verk\u00f6rpert t\u00f6dliche Anmut und unersch\u00fctterliche Entschlossenheit. Sein Katana ist das Symbol seiner Macht und seiner k\u00e4mpferischen Meisterschaft. Diese originalgetreue Replik gibt jedes Detail genau wieder und zollt dieser ikonischen Figur Tribut. Die nicht scharfe Klinge aus 440er Stahl ist perfekt f\u00fcr Sammler, die auf der Suche nach Authentizit\u00e4t sind. Die schwarz lackierte Holzscheide sorgt f\u00fcr einen edlen Touch, w\u00e4hrend der Griff, ebenfalls aus schwarz lackiertem Holz, mit zarten Bl\u00fctenbl\u00e4ttern verziert ist. \u00dcbrigens spiegelt das schlichte und elegante Design perfekt den Geist von O-Ren Ishii wider. Dieses Sammlerst\u00fcck ist ein Muss f\u00fcr jeden Fan von Tarantino und seiner unvergesslichen Filmwelt.<\/p>\n<h2>Ein einzigartiges Shirasaya-Katana: Tradition und Moderne vereint<\/h2>\n<p>Es muss betont werden, dass diese au\u00dfergew\u00f6hnliche Shirasaya nicht nur eine originalgetreue Replik ist. Es ist ein Symbol der japanischen Tradition, vermischt mit der mythischen Aura von Kill Bill. Seine Besonderheit liegt in seinem klaren Design ohne Heft, das typisch f\u00fcr Shirasaya ist und verwendet wird, um die Sch\u00f6nheit der Klinge zu bewahren, wenn sie nicht benutzt wird. Dieses Katana verk\u00f6rpert perfekt die schlichte Eleganz, die f\u00fcr O-Ren Ishii typisch ist. Es ist mehr als nur ein Dekorationsobjekt, es spiegelt die k\u00e4mpferische Finesse Japans und die Macht einer Kultfigur wider. Dar\u00fcber hinaus zeichnet sich dieses Katana mit seinem schwarz lackierten Holz durch seine au\u00dfergew\u00f6hnliche Verarbeitung und sein edles Aussehen aus. Bekr\u00e4ftigen Sie Ihre Leidenschaft f\u00fcr Sammlerst\u00fccke mit diesem einzigartigen Katana, das f\u00fcr Exzellenz und Prestige steht. Abschlie\u00dfend l\u00e4sst sich sagen, dass der Besitz dieses Katanas bedeutet, die mythischen Szenen des Films jeden Tag aufs Neue zu erleben.<\/p>\n<h2>Eine umfassende Sammlung f\u00fcr Fans von Kultfilmen und -serien<\/h2>\n<p>Bleiben Sie nicht bei einer einzigen Replik stehen, sondern erweitern Sie Ihre Sammlung mit den anderen ikonischen Katanas aus der Kill Bill Saga! Auf unserer Website finden Sie den <a href=\"https:\/\/repliquemangacine.fr\/de\/katana-kill-bill\/bill-katana\/\">Bills Katana<\/a>sowie der <a href=\"https:\/\/repliquemangacine.fr\/de\/katana-kill-bill\/katana-der-mariee-kill-bill-beatrix\/\">Katana von Beatrix<\/a> alias Black Mamba und die gef\u00fcrchtete Waffe von <a href=\"https:\/\/repliquemangacine.fr\/de\/katana-kill-bill\/bud-katana\/\">Bud<\/a>Bills Bruder. Diese ikonischen St\u00fccke bilden ein legend\u00e4res Trio, das jeder Fan von Quentin Tarantino besitzen muss. Aber unser Shop hat noch mehr zu bieten! Tauchen Sie ein in die Welt der Kultserien mit dem<a href=\"https:\/\/repliquemangacine.fr\/de\/waffen-the-walking-dead\/michonnes-katana\/\"> Michonnes Katana<\/a> aus Walking Dead, gibt es auch die <a href=\"https:\/\/repliquemangacine.fr\/de\/schwerter-game-of-thrones\/\">legend\u00e4re Schwerter aus Game of Thrones<\/a>, Herr der Ringe und Vikings. Auf R\u00e9plique Manga Cin\u00e9 bieten wir Ihnen die begehrtesten Repliken an. Fazit: Machen Sie aus Ihrer Leidenschaft eine Sammlung und zeigen Sie stolz Ihre legend\u00e4ren Waffen!<\/p>","protected":false},"excerpt":{"rendered":"<p>Originalgetreue Replik von O-ren Ishiis Katana aus Kill Bill<\/p>\n<ul>\n<li>Nicht scharfe Klinge aus 440er Stahl<\/li>\n<li>Schwarz lackierte Holzscheide<\/li>\n<li>Griff schwarz lackiertes Holz mit Bl\u00fctenblatt<\/li>\n<li>L\u00e4nge der Klinge: 69 cm - Gesamtl\u00e4nge: 100 cm<\/li>\n<li>Gewicht mit Scheide: 750g<\/li>\n<\/ul>","protected":false},"featured_media":84143,"template":"","meta":[],"product_brand":[896],"product_cat":[24,71],"product_tag":[],"class_list":{"0":"post-84142","1":"product","2":"type-product","3":"status-publish","4":"has-post-thumbnail","6":"product_brand-replique-manga-cine","7":"product_cat-films-series-tv-vente-de-katana-epee-et-produits-derives","8":"product_cat-katana-kill-bill","10":"first","11":"instock","12":"taxable","13":"shipping-taxable","14":"purchasable","15":"product-type-simple"},"yoast_head":"<!-- This site is optimized with the Yoast SEO plugin v27.5 - https:\/\/yoast.com\/product\/yoast-seo-wordpress\/ -->\n<title>Shirasaya de O-ren Ishii - Kill Bill - R\u00e9plique Manga Cin\u00e9<\/title>\n<meta name=\"description\" content=\"D\u00e9couvrez le Shirasaya de O-Ren Ishii, r\u00e9plique culte de Kill Bill. \u00c9l\u00e9gance japonaise et authenticit\u00e9 pour les passionn\u00e9s de cin\u00e9ma et d\u2019armes l\u00e9gendaires.\" \/>\n<meta name=\"robots\" content=\"index, follow, max-snippet:-1, max-image-preview:large, max-video-preview:-1\" \/>\n<link rel=\"canonical\" href=\"https:\/\/repliquemangacine.fr\/de\/katana-kill-bill\/shirasaya-von-o-ren-ishii-kill-bill\/\" \/>\n<meta property=\"og:locale\" content=\"de_DE\" \/>\n<meta property=\"og:type\" content=\"article\" \/>\n<meta property=\"og:title\" content=\"Shirasaya de O-ren Ishii - Kill Bill - R\u00e9plique Manga Cin\u00e9\" \/>\n<meta property=\"og:description\" content=\"D\u00e9couvrez le Shirasaya de O-Ren Ishii, r\u00e9plique culte de Kill Bill. \u00c9l\u00e9gance japonaise et authenticit\u00e9 pour les passionn\u00e9s de cin\u00e9ma et d\u2019armes l\u00e9gendaires.\" \/>\n<meta property=\"og:url\" content=\"https:\/\/repliquemangacine.fr\/de\/katana-kill-bill\/shirasaya-von-o-ren-ishii-kill-bill\/\" \/>\n<meta property=\"og:site_name\" content=\"R\u00e9plique Manga Cin\u00e9\" \/>\n<meta property=\"article:publisher\" content=\"https:\/\/www.facebook.com\/RepliqueMangaCine\" \/>\n<meta property=\"article:modified_time\" content=\"2026-03-19T23:15:47+00:00\" \/>\n<meta property=\"og:image\" content=\"https:\/\/repliquemangacine.fr\/wp-content\/uploads\/2025\/05\/shirasaya-oren-iichi-kill-bill.jpg\" \/>\n\t<meta property=\"og:image:width\" content=\"800\" \/>\n\t<meta property=\"og:image:height\" content=\"800\" \/>\n\t<meta property=\"og:image:type\" content=\"image\/jpeg\" \/>\n<meta name=\"twitter:card\" content=\"summary_large_image\" \/>\n<meta name=\"twitter:label1\" content=\"Gesch\u00e4tzte Lesezeit\" \/>\n\t<meta name=\"twitter:data1\" content=\"3\u00a0Minuten\" \/>\n<script type=\"application\/ld+json\" class=\"yoast-schema-graph\">{\"@context\":\"https:\\\/\\\/schema.org\",\"@graph\":[{\"@type\":\"WebPage\",\"@id\":\"https:\\\/\\\/repliquemangacine.fr\\\/katana-kill-bill\\\/shirasaya-de-o-ren-ishii-kill-bill\\\/\",\"url\":\"https:\\\/\\\/repliquemangacine.fr\\\/katana-kill-bill\\\/shirasaya-de-o-ren-ishii-kill-bill\\\/\",\"name\":\"Shirasaya de O-ren Ishii - Kill Bill - R\u00e9plique Manga Cin\u00e9\",\"isPartOf\":{\"@id\":\"https:\\\/\\\/repliquemangacine.fr\\\/#website\"},\"primaryImageOfPage\":{\"@id\":\"https:\\\/\\\/repliquemangacine.fr\\\/katana-kill-bill\\\/shirasaya-de-o-ren-ishii-kill-bill\\\/#primaryimage\"},\"image\":{\"@id\":\"https:\\\/\\\/repliquemangacine.fr\\\/katana-kill-bill\\\/shirasaya-de-o-ren-ishii-kill-bill\\\/#primaryimage\"},\"thumbnailUrl\":\"https:\\\/\\\/repliquemangacine.fr\\\/wp-content\\\/uploads\\\/2025\\\/05\\\/shirasaya-oren-iichi-kill-bill.jpg\",\"datePublished\":\"2025-05-10T13:45:17+00:00\",\"dateModified\":\"2026-03-19T23:15:47+00:00\",\"description\":\"D\u00e9couvrez le Shirasaya de O-Ren Ishii, r\u00e9plique culte de Kill Bill. \u00c9l\u00e9gance japonaise et authenticit\u00e9 pour les passionn\u00e9s de cin\u00e9ma et d\u2019armes l\u00e9gendaires.\",\"breadcrumb\":{\"@id\":\"https:\\\/\\\/repliquemangacine.fr\\\/katana-kill-bill\\\/shirasaya-de-o-ren-ishii-kill-bill\\\/#breadcrumb\"},\"inLanguage\":\"de\",\"potentialAction\":[{\"@type\":\"ReadAction\",\"target\":[\"https:\\\/\\\/repliquemangacine.fr\\\/katana-kill-bill\\\/shirasaya-de-o-ren-ishii-kill-bill\\\/\"]}]},{\"@type\":\"ImageObject\",\"inLanguage\":\"de\",\"@id\":\"https:\\\/\\\/repliquemangacine.fr\\\/katana-kill-bill\\\/shirasaya-de-o-ren-ishii-kill-bill\\\/#primaryimage\",\"url\":\"https:\\\/\\\/repliquemangacine.fr\\\/wp-content\\\/uploads\\\/2025\\\/05\\\/shirasaya-oren-iichi-kill-bill.jpg\",\"contentUrl\":\"https:\\\/\\\/repliquemangacine.fr\\\/wp-content\\\/uploads\\\/2025\\\/05\\\/shirasaya-oren-iichi-kill-bill.jpg\",\"width\":800,\"height\":800,\"caption\":\"Shirasaya de O-Ren Ishii dans Kill bill\"},{\"@type\":\"BreadcrumbList\",\"@id\":\"https:\\\/\\\/repliquemangacine.fr\\\/katana-kill-bill\\\/shirasaya-de-o-ren-ishii-kill-bill\\\/#breadcrumb\",\"itemListElement\":[{\"@type\":\"ListItem\",\"position\":1,\"name\":\"Accueil\",\"item\":\"https:\\\/\\\/repliquemangacine.fr\\\/\"},{\"@type\":\"ListItem\",\"position\":2,\"name\":\"Produits\",\"item\":\"https:\\\/\\\/repliquemangacine.fr\\\/boutique\\\/\"},{\"@type\":\"ListItem\",\"position\":3,\"name\":\"Shirasaya de O-ren Ishii &#8211; Kill Bill\"}]},{\"@type\":\"WebSite\",\"@id\":\"https:\\\/\\\/repliquemangacine.fr\\\/#website\",\"url\":\"https:\\\/\\\/repliquemangacine.fr\\\/\",\"name\":\"R\u00e9plique Manga Cin\u00e9\",\"description\":\"\",\"publisher\":{\"@id\":\"https:\\\/\\\/repliquemangacine.fr\\\/#organization\"},\"potentialAction\":[{\"@type\":\"SearchAction\",\"target\":{\"@type\":\"EntryPoint\",\"urlTemplate\":\"https:\\\/\\\/repliquemangacine.fr\\\/?s={search_term_string}\"},\"query-input\":{\"@type\":\"PropertyValueSpecification\",\"valueRequired\":true,\"valueName\":\"search_term_string\"}}],\"inLanguage\":\"de\"},{\"@type\":\"Organization\",\"@id\":\"https:\\\/\\\/repliquemangacine.fr\\\/#organization\",\"name\":\"R\u00e9plique Manga Cin\u00e9\",\"url\":\"https:\\\/\\\/repliquemangacine.fr\\\/\",\"logo\":{\"@type\":\"ImageObject\",\"inLanguage\":\"de\",\"@id\":\"https:\\\/\\\/repliquemangacine.fr\\\/#\\\/schema\\\/logo\\\/image\\\/\",\"url\":\"https:\\\/\\\/repliquemangacine.fr\\\/wp-content\\\/uploads\\\/2023\\\/10\\\/RMC-500250.png\",\"contentUrl\":\"https:\\\/\\\/repliquemangacine.fr\\\/wp-content\\\/uploads\\\/2023\\\/10\\\/RMC-500250.png\",\"width\":500,\"height\":250,\"caption\":\"R\u00e9plique Manga Cin\u00e9\"},\"image\":{\"@id\":\"https:\\\/\\\/repliquemangacine.fr\\\/#\\\/schema\\\/logo\\\/image\\\/\"},\"sameAs\":[\"https:\\\/\\\/www.facebook.com\\\/RepliqueMangaCine\",\"https:\\\/\\\/www.instagram.com\\\/repliquemangacine.fr\\\/\"]}]}<\/script>\n<!-- \/ Yoast SEO plugin. -->","yoast_head_json":{"title":"Shirasaya von O-ren Ishii - Kill Bill - R\u00e9plique Manga Cin\u00e9","description":"Entdecken Sie die Shirasaya von O-Ren Ishii, eine Kult-Replik aus Kill Bill. Japanische Eleganz und Authentizit\u00e4t f\u00fcr Liebhaber von Filmen und legend\u00e4ren Waffen.","robots":{"index":"index","follow":"follow","max-snippet":"max-snippet:-1","max-image-preview":"max-image-preview:large","max-video-preview":"max-video-preview:-1"},"canonical":"https:\/\/repliquemangacine.fr\/de\/katana-kill-bill\/shirasaya-von-o-ren-ishii-kill-bill\/","og_locale":"de_DE","og_type":"article","og_title":"Shirasaya de O-ren Ishii - Kill Bill - R\u00e9plique Manga Cin\u00e9","og_description":"D\u00e9couvrez le Shirasaya de O-Ren Ishii, r\u00e9plique culte de Kill Bill. \u00c9l\u00e9gance japonaise et authenticit\u00e9 pour les passionn\u00e9s de cin\u00e9ma et d\u2019armes l\u00e9gendaires.","og_url":"https:\/\/repliquemangacine.fr\/de\/katana-kill-bill\/shirasaya-von-o-ren-ishii-kill-bill\/","og_site_name":"R\u00e9plique Manga Cin\u00e9","article_publisher":"https:\/\/www.facebook.com\/RepliqueMangaCine","article_modified_time":"2026-03-19T23:15:47+00:00","og_image":[{"width":800,"height":800,"url":"https:\/\/repliquemangacine.fr\/wp-content\/uploads\/2025\/05\/shirasaya-oren-iichi-kill-bill.jpg","type":"image\/jpeg"}],"twitter_card":"summary_large_image","twitter_misc":{"Gesch\u00e4tzte Lesezeit":"3\u00a0Minuten"},"schema":{"@context":"https:\/\/schema.org","@graph":[{"@type":"WebPage","@id":"https:\/\/repliquemangacine.fr\/katana-kill-bill\/shirasaya-de-o-ren-ishii-kill-bill\/","url":"https:\/\/repliquemangacine.fr\/katana-kill-bill\/shirasaya-de-o-ren-ishii-kill-bill\/","name":"Shirasaya von O-ren Ishii - Kill Bill - R\u00e9plique Manga Cin\u00e9","isPartOf":{"@id":"https:\/\/repliquemangacine.fr\/#website"},"primaryImageOfPage":{"@id":"https:\/\/repliquemangacine.fr\/katana-kill-bill\/shirasaya-de-o-ren-ishii-kill-bill\/#primaryimage"},"image":{"@id":"https:\/\/repliquemangacine.fr\/katana-kill-bill\/shirasaya-de-o-ren-ishii-kill-bill\/#primaryimage"},"thumbnailUrl":"https:\/\/repliquemangacine.fr\/wp-content\/uploads\/2025\/05\/shirasaya-oren-iichi-kill-bill.jpg","datePublished":"2025-05-10T13:45:17+00:00","dateModified":"2026-03-19T23:15:47+00:00","description":"Entdecken Sie die Shirasaya von O-Ren Ishii, eine Kult-Replik aus Kill Bill. Japanische Eleganz und Authentizit\u00e4t f\u00fcr Liebhaber von Filmen und legend\u00e4ren Waffen.","breadcrumb":{"@id":"https:\/\/repliquemangacine.fr\/katana-kill-bill\/shirasaya-de-o-ren-ishii-kill-bill\/#breadcrumb"},"inLanguage":"de","potentialAction":[{"@type":"ReadAction","target":["https:\/\/repliquemangacine.fr\/katana-kill-bill\/shirasaya-de-o-ren-ishii-kill-bill\/"]}]},{"@type":"ImageObject","inLanguage":"de","@id":"https:\/\/repliquemangacine.fr\/katana-kill-bill\/shirasaya-de-o-ren-ishii-kill-bill\/#primaryimage","url":"https:\/\/repliquemangacine.fr\/wp-content\/uploads\/2025\/05\/shirasaya-oren-iichi-kill-bill.jpg","contentUrl":"https:\/\/repliquemangacine.fr\/wp-content\/uploads\/2025\/05\/shirasaya-oren-iichi-kill-bill.jpg","width":800,"height":800,"caption":"Shirasaya de O-Ren Ishii dans Kill bill"},{"@type":"BreadcrumbList","@id":"https:\/\/repliquemangacine.fr\/katana-kill-bill\/shirasaya-de-o-ren-ishii-kill-bill\/#breadcrumb","itemListElement":[{"@type":"ListItem","position":1,"name":"Accueil","item":"https:\/\/repliquemangacine.fr\/"},{"@type":"ListItem","position":2,"name":"Produits","item":"https:\/\/repliquemangacine.fr\/boutique\/"},{"@type":"ListItem","position":3,"name":"Shirasaya de O-ren Ishii &#8211; Kill Bill"}]},{"@type":"WebSite","@id":"https:\/\/repliquemangacine.fr\/#website","url":"https:\/\/repliquemangacine.fr\/","name":"R\u00e9plique Manga Cin\u00e9","description":"","publisher":{"@id":"https:\/\/repliquemangacine.fr\/#organization"},"potentialAction":[{"@type":"SearchAction","target":{"@type":"EntryPoint","urlTemplate":"https:\/\/repliquemangacine.fr\/?s={search_term_string}"},"query-input":{"@type":"PropertyValueSpecification","valueRequired":true,"valueName":"search_term_string"}}],"inLanguage":"de"},{"@type":"Organization","@id":"https:\/\/repliquemangacine.fr\/#organization","name":"R\u00e9plique Manga Cin\u00e9","url":"https:\/\/repliquemangacine.fr\/","logo":{"@type":"ImageObject","inLanguage":"de","@id":"https:\/\/repliquemangacine.fr\/#\/schema\/logo\/image\/","url":"https:\/\/repliquemangacine.fr\/wp-content\/uploads\/2023\/10\/RMC-500250.png","contentUrl":"https:\/\/repliquemangacine.fr\/wp-content\/uploads\/2023\/10\/RMC-500250.png","width":500,"height":250,"caption":"R\u00e9plique Manga Cin\u00e9"},"image":{"@id":"https:\/\/repliquemangacine.fr\/#\/schema\/logo\/image\/"},"sameAs":["https:\/\/www.facebook.com\/RepliqueMangaCine","https:\/\/www.instagram.com\/repliquemangacine.fr\/"]}]}},"_links":{"self":[{"href":"https:\/\/repliquemangacine.fr\/de\/wp-json\/wp\/v2\/product\/84142","targetHints":{"allow":["GET"]}}],"collection":[{"href":"https:\/\/repliquemangacine.fr\/de\/wp-json\/wp\/v2\/product"}],"about":[{"href":"https:\/\/repliquemangacine.fr\/de\/wp-json\/wp\/v2\/types\/product"}],"wp:featuredmedia":[{"embeddable":true,"href":"https:\/\/repliquemangacine.fr\/de\/wp-json\/wp\/v2\/media\/84143"}],"wp:attachment":[{"href":"https:\/\/repliquemangacine.fr\/de\/wp-json\/wp\/v2\/media?parent=84142"}],"wp:term":[{"taxonomy":"product_brand","embeddable":true,"href":"https:\/\/repliquemangacine.fr\/de\/wp-json\/wp\/v2\/product_brand?post=84142"},{"taxonomy":"product_cat","embeddable":true,"href":"https:\/\/repliquemangacine.fr\/de\/wp-json\/wp\/v2\/product_cat?post=84142"},{"taxonomy":"product_tag","embeddable":true,"href":"https:\/\/repliquemangacine.fr\/de\/wp-json\/wp\/v2\/product_tag?post=84142"}],"curies":[{"name":"wp","href":"https:\/\/api.w.org\/{rel}","templated":true}]}}