





{"id":84022,"date":"2025-05-04T17:41:38","date_gmt":"2025-05-04T15:41:38","guid":{"rendered":"https:\/\/repliquemangacine.fr\/?post_type=product&#038;p=84022"},"modified":"2026-04-23T11:27:22","modified_gmt":"2026-04-23T09:27:22","slug":"schwert-von-jin-ghost-of-tsushima","status":"publish","type":"product","link":"https:\/\/repliquemangacine.fr\/de\/katana-et-epee-de-jeux-video-autre-jeux-video\/epee-de-jin-ghost-of-tsushima\/","title":{"rendered":"Schwert von Jin - Ghost of Tsushima"},"content":{"rendered":"<h2>Das Schwert von Jin Sakai: eine luxuri\u00f6se und originalgetreue Nachbildung von Ghost of Tsushima<\/h2>\n<p>Als Erstes entdecken Sie das pr\u00e4chtige Schwert von Jin Sakai, auch bekannt als Katana Bleu Saka\u00ef, aus dem Kultspiel Ghost of Tsushima. Seine Klinge aus 440er Stahl mit zwei Farbt\u00f6nen verleiht ihm einen bemerkenswerten Glanz, der Realismus und Eleganz miteinander verbindet. Der fein verzierte, volle Stahlschutz sorgt f\u00fcr ein perfektes optisches Gleichgewicht zwischen japanischer Schlichtheit und traditioneller Kraft. Der Griff aus Rochenhautimitat, der mit einem wei\u00dfen Baumwollgeflecht \u00fcberzogen ist, bietet einen hervorragenden Griff und einen authentischen Look. Die schwarz lackierte Holzscheide ist mit detaillierten Mustern verziert und rundet das Gesamtbild mit einer Raffinesse ab, die den sch\u00f6nsten Samurai-St\u00fccken w\u00fcrdig ist.<\/p>\n<p>Perfekt f\u00fcr die Ausstellung, das Cosplay oder eine prestigetr\u00e4chtige Sammlung. Diese Replik wurde f\u00fcr Enthusiasten entworfen und ist eine Hommage an die japanische Schwertkunst in all ihrer Noblesse. Sie wird Fans von Ghost of Tsushima ebenso begeistern wie Sammler, die auf der Suche nach minuti\u00f6sen Details sind. Bestellen Sie jetzt dieses au\u00dfergew\u00f6hnliche St\u00fcck, das ausschlie\u00dflich in unserem Shop f\u00fcr ikonische Waffen erh\u00e4ltlich ist.<\/p>\n<h2>Ghost of Tsushima: ein immersives Werk zwischen Kampfkunst und visueller Poesie<\/h2>\n<p>Ghost of Tsushima ist ein gefeiertes Videospiel, das f\u00fcr seine reiche Welt, seine k\u00fcnstlerische Gestaltung und sein tiefgr\u00fcndiges Gameplay bekannt ist. Es versetzt den Spieler in das <a href=\"https:\/\/www.worldhistory.org\/trans\/fr\/2-1438\/feodalisme-dans-le-japon-medieval\/\" target=\"_blank\" rel=\"noopener noreferrer\">Feudales Japan<\/a>In der Rolle von Jin Sakai, einem Samurai, der zwischen den Traditionen hin- und hergerissen ist, erleben Sie die mongolische Invasion. Jede Begegnung ist wie ein Duell gestaltet, bei dem jeder Schlag vorausgesehen, berechnet und perfekt ausgef\u00fchrt werden muss. Dar\u00fcber hinaus machen die Musik, die Landschaften und die visuellen Effekte jeden Moment des Spiels \u00e4sthetisch unvergesslich und erz\u00e4hlerisch stark. Die Erz\u00e4hlung zeichnet sich durch ihren emotionalen Reichtum zwischen Ehre, Aufopferung und der psychologischen Entwicklung des Haupthelden Jin Sakai aus.<\/p>\n<p>Ghost of Tsushima vereint also Strategie, grafische Sch\u00f6nheit und moralisches Denken und bietet so ein einzigartiges und einpr\u00e4gsames Spielerlebnis. Das erkl\u00e4rt, warum Merchandising-Artikel aus dem Spiel, wie dieses Schwert, bei Fans auf der ganzen Welt so beliebt sind. F\u00fcgen Sie diese Replik Ihrer Sammlung hinzu und verk\u00f6rpern auch Sie die Seele des Samurai in Ihrer eigenen Umgebung.<\/p>\n<h2>Weitere legend\u00e4re Schwerter aus Videospielen erh\u00e4ltlich auf R\u00e9plique Manga Cin\u00e9<\/h2>\n<p>Auf R\u00e9plique Manga Cin\u00e9 finden Sie mehr als nur eine einfache Replik: eine echte Hommage an die mythischen Waffen der Videospiele. Zu den unverzichtbaren Modellen geh\u00f6rt die beeindruckende <a href=\"https:\/\/repliquemangacine.fr\/de\/katana-und-schwert-von-videospielen-andere-videospiele\/devil-sword-dantes-teufelsschwert-devil-my-cry\/\">Devil Sword<\/a> von Dante aus Devil May Cry 5, aus handbemaltem Fiberglas. Dieses St\u00fcck ist durch eine interne Metallstruktur verst\u00e4rkt, die Festigkeit und Treue zu Dantes Originalwaffe garantiert.<br \/>\nWir bieten auch die legend\u00e4re <a href=\"https:\/\/repliquemangacine.fr\/de\/katana-und-schwert-von-videospielen-andere-videospiele\/fusionsschwert-cloud-multiblade-buster-sword-final-fantasy-vii\/\">Fusion Sword<\/a> von Cloud Strife aus Final Fantasy VII: Advent Children mit sechs abnehmbaren Klingen. Und schlie\u00dflich gibt es noch die <a href=\"https:\/\/repliquemangacine.fr\/de\/elden-ring\/rogier-rapiere-elden-ring\/\">Rogiers Rapier<\/a> im Elden Ring, einer Klinge mit Hohlkehle aus rostfreiem Stahl, die durch eine stilisierte Gravur sublimiert wird.<\/p>\n<p>Au\u00dferdem w\u00e4hlen wir bei R\u00e9plique Manga Cin\u00e9 unsere Repliken nach ihrer Robustheit und ihrer Treue zu den Originalmodellen aus. Sie sind also ideal f\u00fcr Cosplay, Dekoration und Sammeln. So werden Sie Teil unserer Community und sammeln die Waffen aus Ihren Lieblingsspielen direkt von RMC.<\/p>","protected":false},"excerpt":{"rendered":"<p>Wundersch\u00f6ne Replik von Jins Schwert, dem Blauen Saka\u00ef-Katana aus dem Videospiel Ghost of Tsushima in der Luxusversion.<\/p>\n<ul>\n<li>Klinge aus 440er Stahl in zwei T\u00f6nen<\/li>\n<li>Fein verzierter Vollstahlb\u00fcgel<\/li>\n<li>Griff aus Rochenhautimitat mit einem wei\u00dfen Baumwollgeflecht \u00fcberzogen.<\/li>\n<li>Reich verzierte, schwarz lackierte Holzscheide.<\/li>\n<li>L\u00e4nge der Klinge: 67.5 cm - Gesamtl\u00e4nge: 103 cm<\/li>\n<li>Gewicht mit Scheide: 1030g<\/li>\n<\/ul>","protected":false},"featured_media":84023,"template":"","meta":[],"product_brand":[896],"product_cat":[67],"product_tag":[],"class_list":{"0":"post-84022","1":"product","2":"type-product","3":"status-publish","4":"has-post-thumbnail","6":"product_brand-replique-manga-cine","7":"product_cat-katana-et-epee-de-jeux-video-autre-jeux-video","9":"first","10":"instock","11":"taxable","12":"shipping-taxable","13":"purchasable","14":"product-type-simple"},"yoast_head":"<!-- This site is optimized with the Yoast SEO plugin v27.5 - https:\/\/yoast.com\/product\/yoast-seo-wordpress\/ -->\n<title>\u00e9p\u00e9e de Jin - Ghost of Tsushima - R\u00e9plique Manga Cin\u00e9<\/title>\n<meta name=\"description\" content=\"Magnifique r\u00e9plique de l&#039;\u00e9p\u00e9e de Jin Sakai dans Ghost of Tsushima. Lame en acier 440, finitions luxe, id\u00e9ale pour collection ou cosplay.\" \/>\n<meta name=\"robots\" content=\"index, follow, max-snippet:-1, max-image-preview:large, max-video-preview:-1\" \/>\n<link rel=\"canonical\" href=\"https:\/\/repliquemangacine.fr\/de\/katana-und-schwert-von-videospielen-andere-videospiele\/schwert-von-jin-ghost-of-tsushima\/\" \/>\n<meta property=\"og:locale\" content=\"de_DE\" \/>\n<meta property=\"og:type\" content=\"article\" \/>\n<meta property=\"og:title\" content=\"\u00e9p\u00e9e de Jin - Ghost of Tsushima - R\u00e9plique Manga Cin\u00e9\" \/>\n<meta property=\"og:description\" content=\"Magnifique r\u00e9plique de l&#039;\u00e9p\u00e9e de Jin Sakai dans Ghost of Tsushima. Lame en acier 440, finitions luxe, id\u00e9ale pour collection ou cosplay.\" \/>\n<meta property=\"og:url\" content=\"https:\/\/repliquemangacine.fr\/de\/katana-und-schwert-von-videospielen-andere-videospiele\/schwert-von-jin-ghost-of-tsushima\/\" \/>\n<meta property=\"og:site_name\" content=\"R\u00e9plique Manga Cin\u00e9\" \/>\n<meta property=\"article:publisher\" content=\"https:\/\/www.facebook.com\/RepliqueMangaCine\" \/>\n<meta property=\"article:modified_time\" content=\"2026-04-23T09:27:22+00:00\" \/>\n<meta property=\"og:image\" content=\"https:\/\/repliquemangacine.fr\/wp-content\/uploads\/2025\/05\/Epee-de-Jin.jpg\" \/>\n\t<meta property=\"og:image:width\" content=\"500\" \/>\n\t<meta property=\"og:image:height\" content=\"500\" \/>\n\t<meta property=\"og:image:type\" content=\"image\/jpeg\" \/>\n<meta name=\"twitter:card\" content=\"summary_large_image\" \/>\n<meta name=\"twitter:label1\" content=\"Gesch\u00e4tzte Lesezeit\" \/>\n\t<meta name=\"twitter:data1\" content=\"3\u00a0Minuten\" \/>\n<script type=\"application\/ld+json\" class=\"yoast-schema-graph\">{\"@context\":\"https:\\\/\\\/schema.org\",\"@graph\":[{\"@type\":\"WebPage\",\"@id\":\"https:\\\/\\\/repliquemangacine.fr\\\/katana-et-epee-de-jeux-video-autre-jeux-video\\\/epee-de-jin-ghost-of-tsushima\\\/\",\"url\":\"https:\\\/\\\/repliquemangacine.fr\\\/katana-et-epee-de-jeux-video-autre-jeux-video\\\/epee-de-jin-ghost-of-tsushima\\\/\",\"name\":\"\u00e9p\u00e9e de Jin - Ghost of Tsushima - R\u00e9plique Manga Cin\u00e9\",\"isPartOf\":{\"@id\":\"https:\\\/\\\/repliquemangacine.fr\\\/#website\"},\"primaryImageOfPage\":{\"@id\":\"https:\\\/\\\/repliquemangacine.fr\\\/katana-et-epee-de-jeux-video-autre-jeux-video\\\/epee-de-jin-ghost-of-tsushima\\\/#primaryimage\"},\"image\":{\"@id\":\"https:\\\/\\\/repliquemangacine.fr\\\/katana-et-epee-de-jeux-video-autre-jeux-video\\\/epee-de-jin-ghost-of-tsushima\\\/#primaryimage\"},\"thumbnailUrl\":\"https:\\\/\\\/repliquemangacine.fr\\\/wp-content\\\/uploads\\\/2025\\\/05\\\/Epee-de-Jin.jpg\",\"datePublished\":\"2025-05-04T15:41:38+00:00\",\"dateModified\":\"2026-04-23T09:27:22+00:00\",\"description\":\"Magnifique r\u00e9plique de l'\u00e9p\u00e9e de Jin Sakai dans Ghost of Tsushima. Lame en acier 440, finitions luxe, id\u00e9ale pour collection ou cosplay.\",\"breadcrumb\":{\"@id\":\"https:\\\/\\\/repliquemangacine.fr\\\/katana-et-epee-de-jeux-video-autre-jeux-video\\\/epee-de-jin-ghost-of-tsushima\\\/#breadcrumb\"},\"inLanguage\":\"de\",\"potentialAction\":[{\"@type\":\"ReadAction\",\"target\":[\"https:\\\/\\\/repliquemangacine.fr\\\/katana-et-epee-de-jeux-video-autre-jeux-video\\\/epee-de-jin-ghost-of-tsushima\\\/\"]}]},{\"@type\":\"ImageObject\",\"inLanguage\":\"de\",\"@id\":\"https:\\\/\\\/repliquemangacine.fr\\\/katana-et-epee-de-jeux-video-autre-jeux-video\\\/epee-de-jin-ghost-of-tsushima\\\/#primaryimage\",\"url\":\"https:\\\/\\\/repliquemangacine.fr\\\/wp-content\\\/uploads\\\/2025\\\/05\\\/Epee-de-Jin.jpg\",\"contentUrl\":\"https:\\\/\\\/repliquemangacine.fr\\\/wp-content\\\/uploads\\\/2025\\\/05\\\/Epee-de-Jin.jpg\",\"width\":500,\"height\":500,\"caption\":\"Ep\u00e9e de Jin Ghost of Tsushima\"},{\"@type\":\"BreadcrumbList\",\"@id\":\"https:\\\/\\\/repliquemangacine.fr\\\/katana-et-epee-de-jeux-video-autre-jeux-video\\\/epee-de-jin-ghost-of-tsushima\\\/#breadcrumb\",\"itemListElement\":[{\"@type\":\"ListItem\",\"position\":1,\"name\":\"Accueil\",\"item\":\"https:\\\/\\\/repliquemangacine.fr\\\/\"},{\"@type\":\"ListItem\",\"position\":2,\"name\":\"Produits\",\"item\":\"https:\\\/\\\/repliquemangacine.fr\\\/boutique\\\/\"},{\"@type\":\"ListItem\",\"position\":3,\"name\":\"\u00e9p\u00e9e de Jin &#8211; Ghost of Tsushima\"}]},{\"@type\":\"WebSite\",\"@id\":\"https:\\\/\\\/repliquemangacine.fr\\\/#website\",\"url\":\"https:\\\/\\\/repliquemangacine.fr\\\/\",\"name\":\"R\u00e9plique Manga Cin\u00e9\",\"description\":\"\",\"publisher\":{\"@id\":\"https:\\\/\\\/repliquemangacine.fr\\\/#organization\"},\"potentialAction\":[{\"@type\":\"SearchAction\",\"target\":{\"@type\":\"EntryPoint\",\"urlTemplate\":\"https:\\\/\\\/repliquemangacine.fr\\\/?s={search_term_string}\"},\"query-input\":{\"@type\":\"PropertyValueSpecification\",\"valueRequired\":true,\"valueName\":\"search_term_string\"}}],\"inLanguage\":\"de\"},{\"@type\":\"Organization\",\"@id\":\"https:\\\/\\\/repliquemangacine.fr\\\/#organization\",\"name\":\"R\u00e9plique Manga Cin\u00e9\",\"url\":\"https:\\\/\\\/repliquemangacine.fr\\\/\",\"logo\":{\"@type\":\"ImageObject\",\"inLanguage\":\"de\",\"@id\":\"https:\\\/\\\/repliquemangacine.fr\\\/#\\\/schema\\\/logo\\\/image\\\/\",\"url\":\"https:\\\/\\\/repliquemangacine.fr\\\/wp-content\\\/uploads\\\/2023\\\/10\\\/RMC-500250.png\",\"contentUrl\":\"https:\\\/\\\/repliquemangacine.fr\\\/wp-content\\\/uploads\\\/2023\\\/10\\\/RMC-500250.png\",\"width\":500,\"height\":250,\"caption\":\"R\u00e9plique Manga Cin\u00e9\"},\"image\":{\"@id\":\"https:\\\/\\\/repliquemangacine.fr\\\/#\\\/schema\\\/logo\\\/image\\\/\"},\"sameAs\":[\"https:\\\/\\\/www.facebook.com\\\/RepliqueMangaCine\",\"https:\\\/\\\/www.instagram.com\\\/repliquemangacine.fr\\\/\"]}]}<\/script>\n<!-- \/ Yoast SEO plugin. -->","yoast_head_json":{"title":"Schwert von Jin - Ghost of Tsushima - R\u00e9plique Manga Cin\u00e9","description":"Wundersch\u00f6ne Replik des Schwertes von Jin Sakai aus Ghost of Tsushima. Klinge aus 440er Stahl, Luxusfinish, ideal f\u00fcr Sammlung oder Cosplay.","robots":{"index":"index","follow":"follow","max-snippet":"max-snippet:-1","max-image-preview":"max-image-preview:large","max-video-preview":"max-video-preview:-1"},"canonical":"https:\/\/repliquemangacine.fr\/de\/katana-und-schwert-von-videospielen-andere-videospiele\/schwert-von-jin-ghost-of-tsushima\/","og_locale":"de_DE","og_type":"article","og_title":"\u00e9p\u00e9e de Jin - Ghost of Tsushima - R\u00e9plique Manga Cin\u00e9","og_description":"Magnifique r\u00e9plique de l'\u00e9p\u00e9e de Jin Sakai dans Ghost of Tsushima. Lame en acier 440, finitions luxe, id\u00e9ale pour collection ou cosplay.","og_url":"https:\/\/repliquemangacine.fr\/de\/katana-und-schwert-von-videospielen-andere-videospiele\/schwert-von-jin-ghost-of-tsushima\/","og_site_name":"R\u00e9plique Manga Cin\u00e9","article_publisher":"https:\/\/www.facebook.com\/RepliqueMangaCine","article_modified_time":"2026-04-23T09:27:22+00:00","og_image":[{"width":500,"height":500,"url":"https:\/\/repliquemangacine.fr\/wp-content\/uploads\/2025\/05\/Epee-de-Jin.jpg","type":"image\/jpeg"}],"twitter_card":"summary_large_image","twitter_misc":{"Gesch\u00e4tzte Lesezeit":"3\u00a0Minuten"},"schema":{"@context":"https:\/\/schema.org","@graph":[{"@type":"WebPage","@id":"https:\/\/repliquemangacine.fr\/katana-et-epee-de-jeux-video-autre-jeux-video\/epee-de-jin-ghost-of-tsushima\/","url":"https:\/\/repliquemangacine.fr\/katana-et-epee-de-jeux-video-autre-jeux-video\/epee-de-jin-ghost-of-tsushima\/","name":"Schwert von Jin - Ghost of Tsushima - R\u00e9plique Manga Cin\u00e9","isPartOf":{"@id":"https:\/\/repliquemangacine.fr\/#website"},"primaryImageOfPage":{"@id":"https:\/\/repliquemangacine.fr\/katana-et-epee-de-jeux-video-autre-jeux-video\/epee-de-jin-ghost-of-tsushima\/#primaryimage"},"image":{"@id":"https:\/\/repliquemangacine.fr\/katana-et-epee-de-jeux-video-autre-jeux-video\/epee-de-jin-ghost-of-tsushima\/#primaryimage"},"thumbnailUrl":"https:\/\/repliquemangacine.fr\/wp-content\/uploads\/2025\/05\/Epee-de-Jin.jpg","datePublished":"2025-05-04T15:41:38+00:00","dateModified":"2026-04-23T09:27:22+00:00","description":"Wundersch\u00f6ne Replik des Schwertes von Jin Sakai aus Ghost of Tsushima. Klinge aus 440er Stahl, Luxusfinish, ideal f\u00fcr Sammlung oder Cosplay.","breadcrumb":{"@id":"https:\/\/repliquemangacine.fr\/katana-et-epee-de-jeux-video-autre-jeux-video\/epee-de-jin-ghost-of-tsushima\/#breadcrumb"},"inLanguage":"de","potentialAction":[{"@type":"ReadAction","target":["https:\/\/repliquemangacine.fr\/katana-et-epee-de-jeux-video-autre-jeux-video\/epee-de-jin-ghost-of-tsushima\/"]}]},{"@type":"ImageObject","inLanguage":"de","@id":"https:\/\/repliquemangacine.fr\/katana-et-epee-de-jeux-video-autre-jeux-video\/epee-de-jin-ghost-of-tsushima\/#primaryimage","url":"https:\/\/repliquemangacine.fr\/wp-content\/uploads\/2025\/05\/Epee-de-Jin.jpg","contentUrl":"https:\/\/repliquemangacine.fr\/wp-content\/uploads\/2025\/05\/Epee-de-Jin.jpg","width":500,"height":500,"caption":"Ep\u00e9e de Jin Ghost of Tsushima"},{"@type":"BreadcrumbList","@id":"https:\/\/repliquemangacine.fr\/katana-et-epee-de-jeux-video-autre-jeux-video\/epee-de-jin-ghost-of-tsushima\/#breadcrumb","itemListElement":[{"@type":"ListItem","position":1,"name":"Accueil","item":"https:\/\/repliquemangacine.fr\/"},{"@type":"ListItem","position":2,"name":"Produits","item":"https:\/\/repliquemangacine.fr\/boutique\/"},{"@type":"ListItem","position":3,"name":"\u00e9p\u00e9e de Jin &#8211; Ghost of Tsushima"}]},{"@type":"WebSite","@id":"https:\/\/repliquemangacine.fr\/#website","url":"https:\/\/repliquemangacine.fr\/","name":"R\u00e9plique Manga Cin\u00e9","description":"","publisher":{"@id":"https:\/\/repliquemangacine.fr\/#organization"},"potentialAction":[{"@type":"SearchAction","target":{"@type":"EntryPoint","urlTemplate":"https:\/\/repliquemangacine.fr\/?s={search_term_string}"},"query-input":{"@type":"PropertyValueSpecification","valueRequired":true,"valueName":"search_term_string"}}],"inLanguage":"de"},{"@type":"Organization","@id":"https:\/\/repliquemangacine.fr\/#organization","name":"R\u00e9plique Manga Cin\u00e9","url":"https:\/\/repliquemangacine.fr\/","logo":{"@type":"ImageObject","inLanguage":"de","@id":"https:\/\/repliquemangacine.fr\/#\/schema\/logo\/image\/","url":"https:\/\/repliquemangacine.fr\/wp-content\/uploads\/2023\/10\/RMC-500250.png","contentUrl":"https:\/\/repliquemangacine.fr\/wp-content\/uploads\/2023\/10\/RMC-500250.png","width":500,"height":250,"caption":"R\u00e9plique Manga Cin\u00e9"},"image":{"@id":"https:\/\/repliquemangacine.fr\/#\/schema\/logo\/image\/"},"sameAs":["https:\/\/www.facebook.com\/RepliqueMangaCine","https:\/\/www.instagram.com\/repliquemangacine.fr\/"]}]}},"_links":{"self":[{"href":"https:\/\/repliquemangacine.fr\/de\/wp-json\/wp\/v2\/product\/84022","targetHints":{"allow":["GET"]}}],"collection":[{"href":"https:\/\/repliquemangacine.fr\/de\/wp-json\/wp\/v2\/product"}],"about":[{"href":"https:\/\/repliquemangacine.fr\/de\/wp-json\/wp\/v2\/types\/product"}],"wp:featuredmedia":[{"embeddable":true,"href":"https:\/\/repliquemangacine.fr\/de\/wp-json\/wp\/v2\/media\/84023"}],"wp:attachment":[{"href":"https:\/\/repliquemangacine.fr\/de\/wp-json\/wp\/v2\/media?parent=84022"}],"wp:term":[{"taxonomy":"product_brand","embeddable":true,"href":"https:\/\/repliquemangacine.fr\/de\/wp-json\/wp\/v2\/product_brand?post=84022"},{"taxonomy":"product_cat","embeddable":true,"href":"https:\/\/repliquemangacine.fr\/de\/wp-json\/wp\/v2\/product_cat?post=84022"},{"taxonomy":"product_tag","embeddable":true,"href":"https:\/\/repliquemangacine.fr\/de\/wp-json\/wp\/v2\/product_tag?post=84022"}],"curies":[{"name":"wp","href":"https:\/\/api.w.org\/{rel}","templated":true}]}}