





{"id":84013,"date":"2025-05-04T16:16:53","date_gmt":"2025-05-04T14:16:53","guid":{"rendered":"https:\/\/repliquemangacine.fr\/?post_type=product&#038;p=84013"},"modified":"2025-12-08T10:42:04","modified_gmt":"2025-12-08T09:42:04","slug":"genshin-impact-box","status":"publish","type":"product","link":"https:\/\/repliquemangacine.fr\/de\/genshin-impact\/coffret-genshin-impact\/","title":{"rendered":"Genshin Impact Box"},"content":{"rendered":"<h2>18-teiliges Genshin-Impact-Set, detailreich und originalgetreu aus der Spielwelt<\/h2>\n<p>Tauchen Sie zun\u00e4chst mit diesem Genshin-Impact-Sammlerset mit achtzehn einzigartigen Teilen in diese faszinierende Welt ein. Es enth\u00e4lt sieben verstellbare Ringe, die die Elemente Anemo, Pyro, Electro, Cryo, Geo, Hydro und Dendro darstellen - die wichtigsten Symbole des Spiels. Au\u00dferdem gibt es sechs 11 cm gro\u00dfe Miniaturschwerter aus Metall, wie das Gravestone, Freedom-Sworn, Skyward und andere ber\u00fchmte Modelle.<br class=\"yoast-text-mark\" \/>Ein Metallbogen, ein Vision-Amulett sowie ein 3,5 cm gro\u00dfer Metallring runden diese prestigetr\u00e4chtige Kollektion elegant ab. Eine 58 cm lange Kette mit Karabinerverschluss und einem kleinen 2,5 cm gro\u00dfen Karabiner sorgen f\u00fcr einen praktischen und stilvollen Akzent. Jedes St\u00fcck ist aus Metall gefertigt und sorgf\u00e4ltig verarbeitet, um perfekte Haltbarkeit und eine beeindruckende Optik zu gew\u00e4hrleisten.<\/p>\n<p>Ideal f\u00fcr Fans von Genshin Impact, sei es zum Sammeln, f\u00fcr Cosplay oder zum t\u00e4glichen Tragen. Wird in einer Box geliefert, die in den Farben des Spiels gestaltet ist, wodurch das Set noch immersiver und optisch ansprechender wird. Zusammenfassend l\u00e4sst sich sagen, dass dieses Set eine perfekte Geschenkidee f\u00fcr alle Fans des Universums von <a href=\"https:\/\/genshin-impact.fandom.com\/fr\/wiki\/Teyvat\" target=\"_blank\" rel=\"noopener noreferrer\">Teyvat<\/a>.<\/p>\n<h2>Die sieben Elemente: das strategische und magische Herz des Genshin-Impact-Universums<\/h2>\n<p>Die sieben Elemente stehen im Mittelpunkt des Gameplays von Genshin Impact. Jedes einzelne beeinflusst die F\u00e4higkeiten, die Geschichte und die Strategie der K\u00e4mpfe. Jedes Element \u2013 Pyro, Hydro, An\u00e9mo, Cryo, Electro, Geo, Dendro \u2013 hat eine starke visuelle Identit\u00e4t und klar definierte spezifische Effekte. Sie erm\u00f6glichen elementare Reaktionen im Kampf, verst\u00e4rken den Schaden und er\u00f6ffnen kreativere und vielf\u00e4ltigere taktische M\u00f6glichkeiten. Daher ist es unerl\u00e4sslich, die Kombinationen zwischen den Elementen zu beherrschen, um seine Charaktere zu optimieren und die m\u00e4chtigsten Feinde zu besiegen. So kann beispielsweise die Kombination von Cryo und Hydro den Feind einfrieren, w\u00e4hrend Electro und Pyro sofort extrem starke Explosionen ausl\u00f6sen.<\/p>\n<p>Dieses Elementarsystem schafft eine in RPG-Spielen seltene strategische Tiefe, wodurch jede Spielsitzung zu einem einzigartigen und fesselnden Erlebnis wird.<br class=\"yoast-text-mark\" \/>Au\u00dferdem in der Box durch einen passenden Ring vertreten, sodass die Fans ihre Affinit\u00e4t stolz tragen k\u00f6nnen.<\/p>\n<h2>Andere Schwerter, die auf R\u00e9plique Manga Cin\u00e9 erh\u00e4ltlich sind<\/h2>\n<p>Auf R\u00e9plique Manga Cin\u00e9 finden Sie auch andere Repliken von Genshin Impact Schwertern in Originalgr\u00f6\u00dfe wie :<br class=\"yoast-text-mark\" \/>- L'<a href=\"https:\/\/repliquemangacine.fr\/de\/genshin-impact\/schwert-akuoumaru-in-genshin-impact\/\">Schwert Akuoumaru<\/a> verf\u00fcgt \u00fcber eine verzierte Stahlklinge und einen eleganten verl\u00e4ngerten Griff, der an den Adel und die Macht des Charakters erinnert.<br class=\"yoast-text-mark\" \/>- Anschlie\u00dfend wird die<a href=\"https:\/\/repliquemangacine.fr\/de\/genshin-impact\/schwert-lions-roar-genshin-impact\/\">Schwert Lion's Roar<\/a> besticht durch seinen goldenen Vorsatz in Form eines imposanten und k\u00f6niglichen L\u00f6wenkopfes.<br class=\"yoast-text-mark\" \/>- Was <a href=\"https:\/\/repliquemangacine.fr\/de\/genshin-impact\/schwert-fredom-sworn-in-genshin-impact\/\">Freedom-Sworn<\/a>, mit seiner leuchtend blauen Klinge, einem fein gearbeiteten goldenen Parierbeschlag und einem t\u00fcrkisfarbenen Stein aus Kunstharz in der Mitte.<\/p>\n<p>Ideal f\u00fcr Cosplay-Fans, Liebhaber von Geek-Dekorationen oder Sammler eleganter Fantasy-Waffen. In unserem Shop R\u00e9plique Manga Cin\u00e9 finden Sie einzigartige Artikel, die den Originalmodellen aus Genshin Impact nachempfunden sind. Jedes Schwert wird sorgf\u00e4ltig verpackt, schnell geliefert und kann sofort in Ihrer Vitrine ausgestellt werden oder Ihre Cosplay-Kost\u00fcme versch\u00f6nern.<br class=\"yoast-text-mark\" \/>Besuchen Sie unsere Website und entdecken Sie die ganze Palette an ikonischen Waffen aus Ihren Lieblingsspielen und -mangas, darunter auch Genshin Impact. Verpassen Sie nicht die Gelegenheit, ein St\u00fcck Teyvat bei sich zu Hause zu haben, und bestellen Sie jetzt bei R\u00e9plique Manga Cin\u00e9.<\/p>","protected":false},"excerpt":{"rendered":"<p>Wundersch\u00f6ne 18-teilige Box mit Schl\u00fcsselanh\u00e4nger oder Halskette Genshin Impact<\/p>\n<p>Das Set enth\u00e4lt :<\/p>\n<ul>\n<li>7 Verstellbare Ringe der sieben Elemente : An\u00e9mo, Pyro, Electro, Cryo, Geo, Hydro und Dendro<\/li>\n<li>6 Metallschwerter ca. 11 cm, Graveston, fredom, skyward...<\/li>\n<li>1 Metallbogen<\/li>\n<li>1 Amulett Vision<\/li>\n<li>Eine 58 cm lange Kette mit kleinem Karabinerverschluss<\/li>\n<li>1 Metallring mit einem Durchmesser von 3,5 cm<\/li>\n<li>1 Karabinerhaken 2,5 cm<\/li>\n<li>Lieferung in einer Schachtel in den Farben des Spiels<\/li>\n<\/ul>","protected":false},"featured_media":84014,"template":"","meta":[],"product_brand":[896],"product_cat":[119,94,96],"product_tag":[],"class_list":{"0":"post-84013","1":"product","2":"type-product","3":"status-publish","4":"has-post-thumbnail","6":"product_brand-replique-manga-cine","7":"product_cat-genshin-impact","8":"product_cat-goodies","9":"product_cat-porte-cles-goodies","11":"first","12":"outofstock","13":"taxable","14":"shipping-taxable","15":"purchasable","16":"product-type-simple"},"yoast_head":"<!-- This site is optimized with the Yoast SEO plugin v27.5 - https:\/\/yoast.com\/product\/yoast-seo-wordpress\/ -->\n<title>Coffret Genshin Impact - R\u00e9plique Manga Cin\u00e9<\/title>\n<meta name=\"description\" content=\"Coffret Genshin Impact 18 pi\u00e8ces : bagues \u00e9l\u00e9ments, \u00e9p\u00e9es m\u00e9tal, collier et accessoires. Parfait pour cosplay, collection ou cadeau sur R\u00e9plique Manga Cin\u00e9\" \/>\n<meta name=\"robots\" content=\"index, follow, max-snippet:-1, max-image-preview:large, max-video-preview:-1\" \/>\n<link rel=\"canonical\" href=\"https:\/\/repliquemangacine.fr\/de\/genshin-impact\/genshin-impact-box\/\" \/>\n<meta property=\"og:locale\" content=\"de_DE\" \/>\n<meta property=\"og:type\" content=\"article\" \/>\n<meta property=\"og:title\" content=\"Coffret Genshin Impact - R\u00e9plique Manga Cin\u00e9\" \/>\n<meta property=\"og:description\" content=\"Coffret Genshin Impact 18 pi\u00e8ces : bagues \u00e9l\u00e9ments, \u00e9p\u00e9es m\u00e9tal, collier et accessoires. Parfait pour cosplay, collection ou cadeau sur R\u00e9plique Manga Cin\u00e9\" \/>\n<meta property=\"og:url\" content=\"https:\/\/repliquemangacine.fr\/de\/genshin-impact\/genshin-impact-box\/\" \/>\n<meta property=\"og:site_name\" content=\"R\u00e9plique Manga Cin\u00e9\" \/>\n<meta property=\"article:publisher\" content=\"https:\/\/www.facebook.com\/RepliqueMangaCine\" \/>\n<meta property=\"article:modified_time\" content=\"2025-12-08T09:42:04+00:00\" \/>\n<meta property=\"og:image\" content=\"https:\/\/repliquemangacine.fr\/wp-content\/uploads\/2025\/05\/coffret15-pieces-Genshin-Impact-avec-chaine.jpg\" \/>\n\t<meta property=\"og:image:width\" content=\"500\" \/>\n\t<meta property=\"og:image:height\" content=\"500\" \/>\n\t<meta property=\"og:image:type\" content=\"image\/jpeg\" \/>\n<meta name=\"twitter:card\" content=\"summary_large_image\" \/>\n<meta name=\"twitter:label1\" content=\"Gesch\u00e4tzte Lesezeit\" \/>\n\t<meta name=\"twitter:data1\" content=\"3\u00a0Minuten\" \/>\n<script type=\"application\/ld+json\" class=\"yoast-schema-graph\">{\"@context\":\"https:\\\/\\\/schema.org\",\"@graph\":[{\"@type\":\"WebPage\",\"@id\":\"https:\\\/\\\/repliquemangacine.fr\\\/genshin-impact\\\/coffret-genshin-impact\\\/\",\"url\":\"https:\\\/\\\/repliquemangacine.fr\\\/genshin-impact\\\/coffret-genshin-impact\\\/\",\"name\":\"Coffret Genshin Impact - R\u00e9plique Manga Cin\u00e9\",\"isPartOf\":{\"@id\":\"https:\\\/\\\/repliquemangacine.fr\\\/#website\"},\"primaryImageOfPage\":{\"@id\":\"https:\\\/\\\/repliquemangacine.fr\\\/genshin-impact\\\/coffret-genshin-impact\\\/#primaryimage\"},\"image\":{\"@id\":\"https:\\\/\\\/repliquemangacine.fr\\\/genshin-impact\\\/coffret-genshin-impact\\\/#primaryimage\"},\"thumbnailUrl\":\"https:\\\/\\\/repliquemangacine.fr\\\/wp-content\\\/uploads\\\/2025\\\/05\\\/coffret15-pieces-Genshin-Impact-avec-chaine.jpg\",\"datePublished\":\"2025-05-04T14:16:53+00:00\",\"dateModified\":\"2025-12-08T09:42:04+00:00\",\"description\":\"Coffret Genshin Impact 18 pi\u00e8ces : bagues \u00e9l\u00e9ments, \u00e9p\u00e9es m\u00e9tal, collier et accessoires. Parfait pour cosplay, collection ou cadeau sur R\u00e9plique Manga Cin\u00e9\",\"breadcrumb\":{\"@id\":\"https:\\\/\\\/repliquemangacine.fr\\\/genshin-impact\\\/coffret-genshin-impact\\\/#breadcrumb\"},\"inLanguage\":\"de\",\"potentialAction\":[{\"@type\":\"ReadAction\",\"target\":[\"https:\\\/\\\/repliquemangacine.fr\\\/genshin-impact\\\/coffret-genshin-impact\\\/\"]}]},{\"@type\":\"ImageObject\",\"inLanguage\":\"de\",\"@id\":\"https:\\\/\\\/repliquemangacine.fr\\\/genshin-impact\\\/coffret-genshin-impact\\\/#primaryimage\",\"url\":\"https:\\\/\\\/repliquemangacine.fr\\\/wp-content\\\/uploads\\\/2025\\\/05\\\/coffret15-pieces-Genshin-Impact-avec-chaine.jpg\",\"contentUrl\":\"https:\\\/\\\/repliquemangacine.fr\\\/wp-content\\\/uploads\\\/2025\\\/05\\\/coffret15-pieces-Genshin-Impact-avec-chaine.jpg\",\"width\":500,\"height\":500,\"caption\":\"Coffret Genshin Impact 18 pi\u00e8ces\"},{\"@type\":\"BreadcrumbList\",\"@id\":\"https:\\\/\\\/repliquemangacine.fr\\\/genshin-impact\\\/coffret-genshin-impact\\\/#breadcrumb\",\"itemListElement\":[{\"@type\":\"ListItem\",\"position\":1,\"name\":\"Accueil\",\"item\":\"https:\\\/\\\/repliquemangacine.fr\\\/\"},{\"@type\":\"ListItem\",\"position\":2,\"name\":\"Produits\",\"item\":\"https:\\\/\\\/repliquemangacine.fr\\\/boutique\\\/\"},{\"@type\":\"ListItem\",\"position\":3,\"name\":\"Coffret Genshin Impact\"}]},{\"@type\":\"WebSite\",\"@id\":\"https:\\\/\\\/repliquemangacine.fr\\\/#website\",\"url\":\"https:\\\/\\\/repliquemangacine.fr\\\/\",\"name\":\"R\u00e9plique Manga Cin\u00e9\",\"description\":\"\",\"publisher\":{\"@id\":\"https:\\\/\\\/repliquemangacine.fr\\\/#organization\"},\"potentialAction\":[{\"@type\":\"SearchAction\",\"target\":{\"@type\":\"EntryPoint\",\"urlTemplate\":\"https:\\\/\\\/repliquemangacine.fr\\\/?s={search_term_string}\"},\"query-input\":{\"@type\":\"PropertyValueSpecification\",\"valueRequired\":true,\"valueName\":\"search_term_string\"}}],\"inLanguage\":\"de\"},{\"@type\":\"Organization\",\"@id\":\"https:\\\/\\\/repliquemangacine.fr\\\/#organization\",\"name\":\"R\u00e9plique Manga Cin\u00e9\",\"url\":\"https:\\\/\\\/repliquemangacine.fr\\\/\",\"logo\":{\"@type\":\"ImageObject\",\"inLanguage\":\"de\",\"@id\":\"https:\\\/\\\/repliquemangacine.fr\\\/#\\\/schema\\\/logo\\\/image\\\/\",\"url\":\"https:\\\/\\\/repliquemangacine.fr\\\/wp-content\\\/uploads\\\/2023\\\/10\\\/RMC-500250.png\",\"contentUrl\":\"https:\\\/\\\/repliquemangacine.fr\\\/wp-content\\\/uploads\\\/2023\\\/10\\\/RMC-500250.png\",\"width\":500,\"height\":250,\"caption\":\"R\u00e9plique Manga Cin\u00e9\"},\"image\":{\"@id\":\"https:\\\/\\\/repliquemangacine.fr\\\/#\\\/schema\\\/logo\\\/image\\\/\"},\"sameAs\":[\"https:\\\/\\\/www.facebook.com\\\/RepliqueMangaCine\",\"https:\\\/\\\/www.instagram.com\\\/repliquemangacine.fr\\\/\"]}]}<\/script>\n<!-- \/ Yoast SEO plugin. -->","yoast_head_json":{"title":"Genshin Impact Box - R\u00e9plique Manga Cin\u00e9","description":"18-teiliges Genshin Impact-Set: Elementringe, Metallschwerter, Halskette und Zubeh\u00f6r. Perfekt f\u00fcr Cosplay, Sammlung oder als Geschenk auf R\u00e9plique Manga Cin\u00e9","robots":{"index":"index","follow":"follow","max-snippet":"max-snippet:-1","max-image-preview":"max-image-preview:large","max-video-preview":"max-video-preview:-1"},"canonical":"https:\/\/repliquemangacine.fr\/de\/genshin-impact\/genshin-impact-box\/","og_locale":"de_DE","og_type":"article","og_title":"Coffret Genshin Impact - R\u00e9plique Manga Cin\u00e9","og_description":"Coffret Genshin Impact 18 pi\u00e8ces : bagues \u00e9l\u00e9ments, \u00e9p\u00e9es m\u00e9tal, collier et accessoires. Parfait pour cosplay, collection ou cadeau sur R\u00e9plique Manga Cin\u00e9","og_url":"https:\/\/repliquemangacine.fr\/de\/genshin-impact\/genshin-impact-box\/","og_site_name":"R\u00e9plique Manga Cin\u00e9","article_publisher":"https:\/\/www.facebook.com\/RepliqueMangaCine","article_modified_time":"2025-12-08T09:42:04+00:00","og_image":[{"width":500,"height":500,"url":"https:\/\/repliquemangacine.fr\/wp-content\/uploads\/2025\/05\/coffret15-pieces-Genshin-Impact-avec-chaine.jpg","type":"image\/jpeg"}],"twitter_card":"summary_large_image","twitter_misc":{"Gesch\u00e4tzte Lesezeit":"3\u00a0Minuten"},"schema":{"@context":"https:\/\/schema.org","@graph":[{"@type":"WebPage","@id":"https:\/\/repliquemangacine.fr\/genshin-impact\/coffret-genshin-impact\/","url":"https:\/\/repliquemangacine.fr\/genshin-impact\/coffret-genshin-impact\/","name":"Genshin Impact Box - R\u00e9plique Manga Cin\u00e9","isPartOf":{"@id":"https:\/\/repliquemangacine.fr\/#website"},"primaryImageOfPage":{"@id":"https:\/\/repliquemangacine.fr\/genshin-impact\/coffret-genshin-impact\/#primaryimage"},"image":{"@id":"https:\/\/repliquemangacine.fr\/genshin-impact\/coffret-genshin-impact\/#primaryimage"},"thumbnailUrl":"https:\/\/repliquemangacine.fr\/wp-content\/uploads\/2025\/05\/coffret15-pieces-Genshin-Impact-avec-chaine.jpg","datePublished":"2025-05-04T14:16:53+00:00","dateModified":"2025-12-08T09:42:04+00:00","description":"18-teiliges Genshin Impact-Set: Elementringe, Metallschwerter, Halskette und Zubeh\u00f6r. Perfekt f\u00fcr Cosplay, Sammlung oder als Geschenk auf R\u00e9plique Manga Cin\u00e9","breadcrumb":{"@id":"https:\/\/repliquemangacine.fr\/genshin-impact\/coffret-genshin-impact\/#breadcrumb"},"inLanguage":"de","potentialAction":[{"@type":"ReadAction","target":["https:\/\/repliquemangacine.fr\/genshin-impact\/coffret-genshin-impact\/"]}]},{"@type":"ImageObject","inLanguage":"de","@id":"https:\/\/repliquemangacine.fr\/genshin-impact\/coffret-genshin-impact\/#primaryimage","url":"https:\/\/repliquemangacine.fr\/wp-content\/uploads\/2025\/05\/coffret15-pieces-Genshin-Impact-avec-chaine.jpg","contentUrl":"https:\/\/repliquemangacine.fr\/wp-content\/uploads\/2025\/05\/coffret15-pieces-Genshin-Impact-avec-chaine.jpg","width":500,"height":500,"caption":"Coffret Genshin Impact 18 pi\u00e8ces"},{"@type":"BreadcrumbList","@id":"https:\/\/repliquemangacine.fr\/genshin-impact\/coffret-genshin-impact\/#breadcrumb","itemListElement":[{"@type":"ListItem","position":1,"name":"Accueil","item":"https:\/\/repliquemangacine.fr\/"},{"@type":"ListItem","position":2,"name":"Produits","item":"https:\/\/repliquemangacine.fr\/boutique\/"},{"@type":"ListItem","position":3,"name":"Coffret Genshin Impact"}]},{"@type":"WebSite","@id":"https:\/\/repliquemangacine.fr\/#website","url":"https:\/\/repliquemangacine.fr\/","name":"R\u00e9plique Manga Cin\u00e9","description":"","publisher":{"@id":"https:\/\/repliquemangacine.fr\/#organization"},"potentialAction":[{"@type":"SearchAction","target":{"@type":"EntryPoint","urlTemplate":"https:\/\/repliquemangacine.fr\/?s={search_term_string}"},"query-input":{"@type":"PropertyValueSpecification","valueRequired":true,"valueName":"search_term_string"}}],"inLanguage":"de"},{"@type":"Organization","@id":"https:\/\/repliquemangacine.fr\/#organization","name":"R\u00e9plique Manga Cin\u00e9","url":"https:\/\/repliquemangacine.fr\/","logo":{"@type":"ImageObject","inLanguage":"de","@id":"https:\/\/repliquemangacine.fr\/#\/schema\/logo\/image\/","url":"https:\/\/repliquemangacine.fr\/wp-content\/uploads\/2023\/10\/RMC-500250.png","contentUrl":"https:\/\/repliquemangacine.fr\/wp-content\/uploads\/2023\/10\/RMC-500250.png","width":500,"height":250,"caption":"R\u00e9plique Manga Cin\u00e9"},"image":{"@id":"https:\/\/repliquemangacine.fr\/#\/schema\/logo\/image\/"},"sameAs":["https:\/\/www.facebook.com\/RepliqueMangaCine","https:\/\/www.instagram.com\/repliquemangacine.fr\/"]}]}},"_links":{"self":[{"href":"https:\/\/repliquemangacine.fr\/de\/wp-json\/wp\/v2\/product\/84013","targetHints":{"allow":["GET"]}}],"collection":[{"href":"https:\/\/repliquemangacine.fr\/de\/wp-json\/wp\/v2\/product"}],"about":[{"href":"https:\/\/repliquemangacine.fr\/de\/wp-json\/wp\/v2\/types\/product"}],"wp:featuredmedia":[{"embeddable":true,"href":"https:\/\/repliquemangacine.fr\/de\/wp-json\/wp\/v2\/media\/84014"}],"wp:attachment":[{"href":"https:\/\/repliquemangacine.fr\/de\/wp-json\/wp\/v2\/media?parent=84013"}],"wp:term":[{"taxonomy":"product_brand","embeddable":true,"href":"https:\/\/repliquemangacine.fr\/de\/wp-json\/wp\/v2\/product_brand?post=84013"},{"taxonomy":"product_cat","embeddable":true,"href":"https:\/\/repliquemangacine.fr\/de\/wp-json\/wp\/v2\/product_cat?post=84013"},{"taxonomy":"product_tag","embeddable":true,"href":"https:\/\/repliquemangacine.fr\/de\/wp-json\/wp\/v2\/product_tag?post=84013"}],"curies":[{"name":"wp","href":"https:\/\/api.w.org\/{rel}","templated":true}]}}