





{"id":83924,"date":"2025-04-30T19:11:18","date_gmt":"2025-04-30T17:11:18","guid":{"rendered":"https:\/\/repliquemangacine.fr\/?post_type=product&#038;p=83924"},"modified":"2026-04-14T21:50:57","modified_gmt":"2026-04-14T19:50:57","slug":"tanto-letzter-samurai","status":"publish","type":"product","link":"https:\/\/repliquemangacine.fr\/de\/katanas-le-dernier-samourai\/tanto-dernier-samourai\/","title":{"rendered":"Tanto Letzter Samurai"},"content":{"rendered":"<h2>Tanto Letzter Samurai - Eine originalgetreue und elegante Nachbildung<\/h2>\n<p>Zun\u00e4chst einmal ist dieses Tanto Dernier Samoura\u00ef direkt vom Katana von Nathan Algren in Der letzte Samurai inspiriert. Seine Klinge aus rostfreiem Stahl 440 ist mit authentischen japanischen Inschriften verziert.<br \/>\nDer Griff ist sorgf\u00e4ltig mit schwarzem Baumwollgeflecht umwickelt und liegt sehr angenehm in der Hand. Die Metallparierstange rundet das gepflegte Design ab, das dem Film sehr treu bleibt. Die schwarz lackierte Scheide, verziert mit einem japanischen Emblem, verleiht dem Ganzen einen traditionellen Touch. Im Lieferumfang enthalten ist ein St\u00e4nder aus ABS f\u00fcr eine einfache und elegante Pr\u00e4sentation. Mit einer Klingenl\u00e4nge von 27 cm und einer Gesamtl\u00e4nge von 45 cm l\u00e4sst sich das Schwert \u00fcberall stilvoll ausstellen.<\/p>\n<p>Der Tanto ist eine kurze Waffe, die von Samurai h\u00e4ufig im Nahkampf eingesetzt wurde. Er ist auch ein starkes Symbol f\u00fcr Loyalit\u00e4t und Ehre in der japanischen Kultur. Dieses Modell wird sowohl Filmfans als auch Liebhaber der japanischen Geschichte begeistern.<\/p>\n<h2>Nathan Algren - Der Amerikaner, der zum Samurai wurde<\/h2>\n<p>In Der letzte Samurai ist Nathan Algren ein amerikanischer Hauptmann, der von Reue zerfressen wird. Er reist nach Japan, um dort eine moderne Armee gegen die traditionellen Samurai aufzubauen. Als er jedoch in Gefangenschaft ger\u00e4t, entdeckt er die edle Art des Bushido und ver\u00e4ndert sich allm\u00e4hlich. Schlie\u00dflich \u00fcbernimmt er ihre Lebensweise und wird selbst zu einem echten Samurai. Diese Figur verk\u00f6rpert Erl\u00f6sung, Ehre und die Suche nach Sinn durch das Schwert. Sein Katana wird zum Symbol seines neuen Schicksals, das zwischen zwei Welten und zwei Zeiten liegt. Dieses Tanto greift die Seele dieser Verwandlung und den Geist des Films getreulich auf. Es muss betont werden, dass der wahre Letzte Samurai wirklich unter dem Namen <a href=\"https:\/\/fildelhistoire.com\/2021\/11\/22\/jules-brunet-le-vrai-dernier-samourai\/\" target=\"_blank\" rel=\"noopener noreferrer\">Jules Brunet<\/a>. Eineinhalb Jahrhunderte sp\u00e4ter inspirierte er die Figur des Nathan Algren, gespielt von Tom Cruise.<\/p>\n<p>So erm\u00f6glicht es jedem Sammler, dieses einzigartige und bewegende Abenteuer noch einmal zu erleben. Es ist viel mehr als nur ein Objekt, es ist eine Hommage an den Weg des Kriegers. Daher ist es ein Muss f\u00fcr alle Liebhaber des Kinos und der Geschichte.<\/p>\n<h2>Ihr R\u00e9plique Manga Cin\u00e9-Shop - Legend\u00e4re Waffen<\/h2>\n<p>Bei R\u00e9plique Manga Cin\u00e9 bieten wir Kultst\u00fccke aus unvergesslichen Filmen und Serien an. Sie finden die <a href=\"https:\/\/repliquemangacine.fr\/de\/herr-der-ringe-schwerter\/\">ikonische Schwerter aus der Trilogie Der Herr der Ringe<\/a>. Unsere Kill-Bill-Katanas, die den Waffen von O-Ren Ishii und Beatrix Kiddo treu geblieben sind, sind beeindruckend. Wir haben auch die <a href=\"https:\/\/repliquemangacine.fr\/de\/schwerter-game-of-thrones\/\">Schwerter aus Game of Thrones<\/a>wie die von Jon Snow oder Arya. Fans von The Walking Dead werden das <a href=\"https:\/\/repliquemangacine.fr\/de\/waffen-the-walking-dead\/michonnes-katana\/\">Michonnes Katana<\/a> und der <a href=\"https:\/\/repliquemangacine.fr\/de\/denix\/colt-python-rick-grimes\/\">Ricks Pistole<\/a>. Jedes St\u00fcck wird sorgf\u00e4ltig aufgrund seiner Qualit\u00e4t und seiner originalgetreuen Wiedergabe ausgew\u00e4hlt. Unser Shop bietet auch Halterungen, Zubeh\u00f6r und Vitrinen f\u00fcr die Pr\u00e4sentation Ihrer Repliken an.<br \/>\nUnsere Produkte vereinen Authentizit\u00e4t, \u00c4sthetik und Leidenschaft f\u00fcr Kultwelten. Schlie\u00dflich wird unser Katalog st\u00e4ndig weiterentwickelt, um alle Sammler zufrieden zu stellen. Ob Sie nun Fantasy-, Samurai- oder Zombie-Fan sind, bei uns werden Sie f\u00fcndig.<\/p>","protected":false},"excerpt":{"rendered":"<p>Wundersch\u00f6ne Replik des Tanto Last Samurai, die vom gleichnamigen Film inspiriert wurde.<\/p>\n<ul>\n<li>Klinge aus 440er rostfreiem Stahl mit japanischer Beschriftung<\/li>\n<li>Griff mit schwarzem Baumwollgeflecht \u00fcberzogen<\/li>\n<li>Wache aus Metall<\/li>\n<li>Schwarz lackierte Scheide mit japanischem Abzeichen<\/li>\n<li>Wird mit einem St\u00e4nder aus ABS geliefert<\/li>\n<li>L\u00e4nge der Klinge: 27 cm - Gesamtl\u00e4nge: 45 cm<\/li>\n<\/ul>","protected":false},"featured_media":83925,"template":"","meta":[],"product_brand":[896],"product_cat":[88],"product_tag":[],"class_list":{"0":"post-83924","1":"product","2":"type-product","3":"status-publish","4":"has-post-thumbnail","6":"product_brand-replique-manga-cine","7":"product_cat-katanas-le-dernier-samourai","9":"first","10":"instock","11":"sale","12":"taxable","13":"shipping-taxable","14":"purchasable","15":"product-type-simple"},"yoast_head":"<!-- This site is optimized with the Yoast SEO plugin v27.5 - https:\/\/yoast.com\/product\/yoast-seo-wordpress\/ -->\n<title>Tanto Dernier Samoura\u00ef - R\u00e9plique Manga Cin\u00e9<\/title>\n<meta name=\"description\" content=\"R\u00e9plique du Tanto Dernier Samoura\u00ef : lame grav\u00e9e, finition soign\u00e9e, livr\u00e9e avec support. Id\u00e9al pour fans de cin\u00e9ma et passionn\u00e9s de culture japonaise.\" \/>\n<meta name=\"robots\" content=\"index, follow, max-snippet:-1, max-image-preview:large, max-video-preview:-1\" \/>\n<link rel=\"canonical\" href=\"https:\/\/repliquemangacine.fr\/de\/katanas-der-letzte-samurai\/tanto-letzter-samurai\/\" \/>\n<meta property=\"og:locale\" content=\"de_DE\" \/>\n<meta property=\"og:type\" content=\"article\" \/>\n<meta property=\"og:title\" content=\"Tanto Dernier Samoura\u00ef - R\u00e9plique Manga Cin\u00e9\" \/>\n<meta property=\"og:description\" content=\"R\u00e9plique du Tanto Dernier Samoura\u00ef : lame grav\u00e9e, finition soign\u00e9e, livr\u00e9e avec support. Id\u00e9al pour fans de cin\u00e9ma et passionn\u00e9s de culture japonaise.\" \/>\n<meta property=\"og:url\" content=\"https:\/\/repliquemangacine.fr\/de\/katanas-der-letzte-samurai\/tanto-letzter-samurai\/\" \/>\n<meta property=\"og:site_name\" content=\"R\u00e9plique Manga Cin\u00e9\" \/>\n<meta property=\"article:publisher\" content=\"https:\/\/www.facebook.com\/RepliqueMangaCine\" \/>\n<meta property=\"article:modified_time\" content=\"2026-04-14T19:50:57+00:00\" \/>\n<meta property=\"og:image\" content=\"https:\/\/repliquemangacine.fr\/wp-content\/uploads\/2025\/04\/Tanto-Dernier-Samourai.jpg\" \/>\n\t<meta property=\"og:image:width\" content=\"500\" \/>\n\t<meta property=\"og:image:height\" content=\"500\" \/>\n\t<meta property=\"og:image:type\" content=\"image\/jpeg\" \/>\n<meta name=\"twitter:card\" content=\"summary_large_image\" \/>\n<meta name=\"twitter:label1\" content=\"Gesch\u00e4tzte Lesezeit\" \/>\n\t<meta name=\"twitter:data1\" content=\"3\u00a0Minuten\" \/>\n<script type=\"application\/ld+json\" class=\"yoast-schema-graph\">{\"@context\":\"https:\\\/\\\/schema.org\",\"@graph\":[{\"@type\":\"WebPage\",\"@id\":\"https:\\\/\\\/repliquemangacine.fr\\\/katanas-le-dernier-samourai\\\/tanto-dernier-samourai\\\/\",\"url\":\"https:\\\/\\\/repliquemangacine.fr\\\/katanas-le-dernier-samourai\\\/tanto-dernier-samourai\\\/\",\"name\":\"Tanto Dernier Samoura\u00ef - R\u00e9plique Manga Cin\u00e9\",\"isPartOf\":{\"@id\":\"https:\\\/\\\/repliquemangacine.fr\\\/#website\"},\"primaryImageOfPage\":{\"@id\":\"https:\\\/\\\/repliquemangacine.fr\\\/katanas-le-dernier-samourai\\\/tanto-dernier-samourai\\\/#primaryimage\"},\"image\":{\"@id\":\"https:\\\/\\\/repliquemangacine.fr\\\/katanas-le-dernier-samourai\\\/tanto-dernier-samourai\\\/#primaryimage\"},\"thumbnailUrl\":\"https:\\\/\\\/repliquemangacine.fr\\\/wp-content\\\/uploads\\\/2025\\\/04\\\/Tanto-Dernier-Samourai.jpg\",\"datePublished\":\"2025-04-30T17:11:18+00:00\",\"dateModified\":\"2026-04-14T19:50:57+00:00\",\"description\":\"R\u00e9plique du Tanto Dernier Samoura\u00ef : lame grav\u00e9e, finition soign\u00e9e, livr\u00e9e avec support. Id\u00e9al pour fans de cin\u00e9ma et passionn\u00e9s de culture japonaise.\",\"breadcrumb\":{\"@id\":\"https:\\\/\\\/repliquemangacine.fr\\\/katanas-le-dernier-samourai\\\/tanto-dernier-samourai\\\/#breadcrumb\"},\"inLanguage\":\"de\",\"potentialAction\":[{\"@type\":\"ReadAction\",\"target\":[\"https:\\\/\\\/repliquemangacine.fr\\\/katanas-le-dernier-samourai\\\/tanto-dernier-samourai\\\/\"]}]},{\"@type\":\"ImageObject\",\"inLanguage\":\"de\",\"@id\":\"https:\\\/\\\/repliquemangacine.fr\\\/katanas-le-dernier-samourai\\\/tanto-dernier-samourai\\\/#primaryimage\",\"url\":\"https:\\\/\\\/repliquemangacine.fr\\\/wp-content\\\/uploads\\\/2025\\\/04\\\/Tanto-Dernier-Samourai.jpg\",\"contentUrl\":\"https:\\\/\\\/repliquemangacine.fr\\\/wp-content\\\/uploads\\\/2025\\\/04\\\/Tanto-Dernier-Samourai.jpg\",\"width\":500,\"height\":500,\"caption\":\"Tanto Dernier Samoura\u00ef\"},{\"@type\":\"BreadcrumbList\",\"@id\":\"https:\\\/\\\/repliquemangacine.fr\\\/katanas-le-dernier-samourai\\\/tanto-dernier-samourai\\\/#breadcrumb\",\"itemListElement\":[{\"@type\":\"ListItem\",\"position\":1,\"name\":\"Accueil\",\"item\":\"https:\\\/\\\/repliquemangacine.fr\\\/\"},{\"@type\":\"ListItem\",\"position\":2,\"name\":\"Produits\",\"item\":\"https:\\\/\\\/repliquemangacine.fr\\\/boutique\\\/\"},{\"@type\":\"ListItem\",\"position\":3,\"name\":\"Tanto Dernier Samoura\u00ef\"}]},{\"@type\":\"WebSite\",\"@id\":\"https:\\\/\\\/repliquemangacine.fr\\\/#website\",\"url\":\"https:\\\/\\\/repliquemangacine.fr\\\/\",\"name\":\"R\u00e9plique Manga Cin\u00e9\",\"description\":\"\",\"publisher\":{\"@id\":\"https:\\\/\\\/repliquemangacine.fr\\\/#organization\"},\"potentialAction\":[{\"@type\":\"SearchAction\",\"target\":{\"@type\":\"EntryPoint\",\"urlTemplate\":\"https:\\\/\\\/repliquemangacine.fr\\\/?s={search_term_string}\"},\"query-input\":{\"@type\":\"PropertyValueSpecification\",\"valueRequired\":true,\"valueName\":\"search_term_string\"}}],\"inLanguage\":\"de\"},{\"@type\":\"Organization\",\"@id\":\"https:\\\/\\\/repliquemangacine.fr\\\/#organization\",\"name\":\"R\u00e9plique Manga Cin\u00e9\",\"url\":\"https:\\\/\\\/repliquemangacine.fr\\\/\",\"logo\":{\"@type\":\"ImageObject\",\"inLanguage\":\"de\",\"@id\":\"https:\\\/\\\/repliquemangacine.fr\\\/#\\\/schema\\\/logo\\\/image\\\/\",\"url\":\"https:\\\/\\\/repliquemangacine.fr\\\/wp-content\\\/uploads\\\/2023\\\/10\\\/RMC-500250.png\",\"contentUrl\":\"https:\\\/\\\/repliquemangacine.fr\\\/wp-content\\\/uploads\\\/2023\\\/10\\\/RMC-500250.png\",\"width\":500,\"height\":250,\"caption\":\"R\u00e9plique Manga Cin\u00e9\"},\"image\":{\"@id\":\"https:\\\/\\\/repliquemangacine.fr\\\/#\\\/schema\\\/logo\\\/image\\\/\"},\"sameAs\":[\"https:\\\/\\\/www.facebook.com\\\/RepliqueMangaCine\",\"https:\\\/\\\/www.instagram.com\\\/repliquemangacine.fr\\\/\"]}]}<\/script>\n<!-- \/ Yoast SEO plugin. -->","yoast_head_json":{"title":"Tanto Letzter Samurai - R\u00e9plique Manga Cin\u00e9","description":"Replik des Tanto Letzter Samurai: ge\u00e4tzte Klinge, sorgf\u00e4ltige Verarbeitung, Lieferung mit St\u00e4nder. Ideal f\u00fcr Filmfans und Liebhaber der japanischen Kultur.","robots":{"index":"index","follow":"follow","max-snippet":"max-snippet:-1","max-image-preview":"max-image-preview:large","max-video-preview":"max-video-preview:-1"},"canonical":"https:\/\/repliquemangacine.fr\/de\/katanas-der-letzte-samurai\/tanto-letzter-samurai\/","og_locale":"de_DE","og_type":"article","og_title":"Tanto Dernier Samoura\u00ef - R\u00e9plique Manga Cin\u00e9","og_description":"R\u00e9plique du Tanto Dernier Samoura\u00ef : lame grav\u00e9e, finition soign\u00e9e, livr\u00e9e avec support. Id\u00e9al pour fans de cin\u00e9ma et passionn\u00e9s de culture japonaise.","og_url":"https:\/\/repliquemangacine.fr\/de\/katanas-der-letzte-samurai\/tanto-letzter-samurai\/","og_site_name":"R\u00e9plique Manga Cin\u00e9","article_publisher":"https:\/\/www.facebook.com\/RepliqueMangaCine","article_modified_time":"2026-04-14T19:50:57+00:00","og_image":[{"width":500,"height":500,"url":"https:\/\/repliquemangacine.fr\/wp-content\/uploads\/2025\/04\/Tanto-Dernier-Samourai.jpg","type":"image\/jpeg"}],"twitter_card":"summary_large_image","twitter_misc":{"Gesch\u00e4tzte Lesezeit":"3\u00a0Minuten"},"schema":{"@context":"https:\/\/schema.org","@graph":[{"@type":"WebPage","@id":"https:\/\/repliquemangacine.fr\/katanas-le-dernier-samourai\/tanto-dernier-samourai\/","url":"https:\/\/repliquemangacine.fr\/katanas-le-dernier-samourai\/tanto-dernier-samourai\/","name":"Tanto Letzter Samurai - R\u00e9plique Manga Cin\u00e9","isPartOf":{"@id":"https:\/\/repliquemangacine.fr\/#website"},"primaryImageOfPage":{"@id":"https:\/\/repliquemangacine.fr\/katanas-le-dernier-samourai\/tanto-dernier-samourai\/#primaryimage"},"image":{"@id":"https:\/\/repliquemangacine.fr\/katanas-le-dernier-samourai\/tanto-dernier-samourai\/#primaryimage"},"thumbnailUrl":"https:\/\/repliquemangacine.fr\/wp-content\/uploads\/2025\/04\/Tanto-Dernier-Samourai.jpg","datePublished":"2025-04-30T17:11:18+00:00","dateModified":"2026-04-14T19:50:57+00:00","description":"Replik des Tanto Letzter Samurai: ge\u00e4tzte Klinge, sorgf\u00e4ltige Verarbeitung, Lieferung mit St\u00e4nder. Ideal f\u00fcr Filmfans und Liebhaber der japanischen Kultur.","breadcrumb":{"@id":"https:\/\/repliquemangacine.fr\/katanas-le-dernier-samourai\/tanto-dernier-samourai\/#breadcrumb"},"inLanguage":"de","potentialAction":[{"@type":"ReadAction","target":["https:\/\/repliquemangacine.fr\/katanas-le-dernier-samourai\/tanto-dernier-samourai\/"]}]},{"@type":"ImageObject","inLanguage":"de","@id":"https:\/\/repliquemangacine.fr\/katanas-le-dernier-samourai\/tanto-dernier-samourai\/#primaryimage","url":"https:\/\/repliquemangacine.fr\/wp-content\/uploads\/2025\/04\/Tanto-Dernier-Samourai.jpg","contentUrl":"https:\/\/repliquemangacine.fr\/wp-content\/uploads\/2025\/04\/Tanto-Dernier-Samourai.jpg","width":500,"height":500,"caption":"Tanto Dernier Samoura\u00ef"},{"@type":"BreadcrumbList","@id":"https:\/\/repliquemangacine.fr\/katanas-le-dernier-samourai\/tanto-dernier-samourai\/#breadcrumb","itemListElement":[{"@type":"ListItem","position":1,"name":"Accueil","item":"https:\/\/repliquemangacine.fr\/"},{"@type":"ListItem","position":2,"name":"Produits","item":"https:\/\/repliquemangacine.fr\/boutique\/"},{"@type":"ListItem","position":3,"name":"Tanto Dernier Samoura\u00ef"}]},{"@type":"WebSite","@id":"https:\/\/repliquemangacine.fr\/#website","url":"https:\/\/repliquemangacine.fr\/","name":"R\u00e9plique Manga Cin\u00e9","description":"","publisher":{"@id":"https:\/\/repliquemangacine.fr\/#organization"},"potentialAction":[{"@type":"SearchAction","target":{"@type":"EntryPoint","urlTemplate":"https:\/\/repliquemangacine.fr\/?s={search_term_string}"},"query-input":{"@type":"PropertyValueSpecification","valueRequired":true,"valueName":"search_term_string"}}],"inLanguage":"de"},{"@type":"Organization","@id":"https:\/\/repliquemangacine.fr\/#organization","name":"R\u00e9plique Manga Cin\u00e9","url":"https:\/\/repliquemangacine.fr\/","logo":{"@type":"ImageObject","inLanguage":"de","@id":"https:\/\/repliquemangacine.fr\/#\/schema\/logo\/image\/","url":"https:\/\/repliquemangacine.fr\/wp-content\/uploads\/2023\/10\/RMC-500250.png","contentUrl":"https:\/\/repliquemangacine.fr\/wp-content\/uploads\/2023\/10\/RMC-500250.png","width":500,"height":250,"caption":"R\u00e9plique Manga Cin\u00e9"},"image":{"@id":"https:\/\/repliquemangacine.fr\/#\/schema\/logo\/image\/"},"sameAs":["https:\/\/www.facebook.com\/RepliqueMangaCine","https:\/\/www.instagram.com\/repliquemangacine.fr\/"]}]}},"_links":{"self":[{"href":"https:\/\/repliquemangacine.fr\/de\/wp-json\/wp\/v2\/product\/83924","targetHints":{"allow":["GET"]}}],"collection":[{"href":"https:\/\/repliquemangacine.fr\/de\/wp-json\/wp\/v2\/product"}],"about":[{"href":"https:\/\/repliquemangacine.fr\/de\/wp-json\/wp\/v2\/types\/product"}],"wp:featuredmedia":[{"embeddable":true,"href":"https:\/\/repliquemangacine.fr\/de\/wp-json\/wp\/v2\/media\/83925"}],"wp:attachment":[{"href":"https:\/\/repliquemangacine.fr\/de\/wp-json\/wp\/v2\/media?parent=83924"}],"wp:term":[{"taxonomy":"product_brand","embeddable":true,"href":"https:\/\/repliquemangacine.fr\/de\/wp-json\/wp\/v2\/product_brand?post=83924"},{"taxonomy":"product_cat","embeddable":true,"href":"https:\/\/repliquemangacine.fr\/de\/wp-json\/wp\/v2\/product_cat?post=83924"},{"taxonomy":"product_tag","embeddable":true,"href":"https:\/\/repliquemangacine.fr\/de\/wp-json\/wp\/v2\/product_tag?post=83924"}],"curies":[{"name":"wp","href":"https:\/\/api.w.org\/{rel}","templated":true}]}}