





{"id":83912,"date":"2025-04-30T16:54:16","date_gmt":"2025-04-30T14:54:16","guid":{"rendered":"https:\/\/repliquemangacine.fr\/?post_type=product&#038;p=83912"},"modified":"2025-11-13T00:53:24","modified_gmt":"2025-11-12T23:53:24","slug":"tanto-ame-no-habakiri-one-piece","status":"publish","type":"product","link":"https:\/\/repliquemangacine.fr\/de\/tanto-mini-katana-one-piece\/tanto-ame-no-habakiri-one-piece\/","title":{"rendered":"Tanto Ame no Habakiri - One Piece"},"content":{"rendered":"<h2>Tanto Ame no Habakiri - Eine originalgetreue und stilvolle Nachbildung<\/h2>\n<p>Zun\u00e4chst einmal dieses von One Piece inspirierte Tanto Ame no Habakiri, ein Juwel f\u00fcr Sammler und Fans von scharfen Gegenst\u00e4nden. Seine Klinge aus rostfreiem 440er Stahl bietet drei unterschiedliche Farbt\u00f6ne f\u00fcr eine beeindruckende Optik.<br \/>\nDer Griff ist aus ABS geformt und entspricht der Originalform des Schwertes von Oden Kozuki. Die verzierte Scheide aus ABS vervollst\u00e4ndigt die typisch japanische \u00c4sthetik des Modells. Wird mit einem Kunststoffst\u00e4nder geliefert, damit es sofort zur Geltung kommt. Mit einer Klingenl\u00e4nge von 27 cm und einer Gesamtl\u00e4nge von 45 cm ist es kompakt, aber wirkungsvoll.<\/p>\n<p>Zusammenfassend l\u00e4sst sich sagen, dass dieses Tanto nicht nur ein Accessoire ist, sondern eine Hommage an das traditionelle japanische Schwert. Tats\u00e4chlich ist das Tanto eine kurze, handliche und scharfe Waffe, die von Samurai verwendet wurde. Heute begeistert es sowohl Geschichtsinteressierte als auch Manga-Fans. Es eignet sich \u00fcbrigens perfekt zur Ausstellung oder als Erg\u00e4nzung zu einem modernen Samurai-Cosplay-Outfit.<\/p>\n<h2>Ame no Habakiri - Odens g\u00f6ttliches Schwert in One Piece<\/h2>\n<p>In der Welt von One Piece ist Ame no Habakiri eine legend\u00e4re Klinge, die gef\u00fchrt wird von <a href=\"https:\/\/onepiece.fandom.com\/fr\/wiki\/Kozuki_Oden\" target=\"_blank\" rel=\"noopener noreferrer\">Oden Kozuki<\/a>. Dieses Schwert ist eines von nur zwei, die Kaido, die fast unbesiegbare Kreatur, verwundet haben. Sein Name bedeutet \u00abSchneider der himmlischen Schlange\u00bb und ist ein direkter Verweis auf die japanische Mythologie. Ame no Habakiri gilt als Schwert von h\u00f6chstem Rang mit furchterregender Kraft. Es symbolisiert Gerechtigkeit, Ehre und die Macht der Familie Kozuki \u00fcber Wano Kuni. Nach Odens Tod wird dieses Schwert Momonosuke, dem Erben des Kozuki-Clans, anvertraut. Seine Kraft ist nicht nur symbolisch, sondern l\u00e4sst selbst die gr\u00f6\u00dften Feinde erzittern.<\/p>\n<p>Unsere Nachbildung f\u00e4ngt die Finesse dieses Schwertes ein und bleibt dabei dem Geist des Originals treu. Dieses Tanto ist somit eine Zusammenfassung der Geschichte, des Mythos und der \u00c4sthetik von One Piece. Ideal, um eine Sammlung von Katanas aus dem Universum von Eiichiro Oda zu vervollst\u00e4ndigen.<\/p>\n<h2>One Piece-Repliken und Sammlerst\u00fccke - Ein einzigartiger Shop<\/h2>\n<p>R\u00e9plique Manga Cin\u00e9 bietet Ihnen die sch\u00f6nsten Repliken aus Ihren Lieblings-Mangas. Darunter befinden sich zahlreiche St\u00fccke, die von One Piece inspiriert sind und Fans aller Altersklassen begeistern werden.<br \/>\nSie finden die ber\u00fchmte <a href=\"https:\/\/repliquemangacine.fr\/de\/repliken-manga-videospiele\/brook-epee-stock\/\">Brooks violettes Stockschwert<\/a>von \u00fcberirdischer Eleganz. Es gibt auch den kompletten Satz der <a href=\"https:\/\/repliquemangacine.fr\/de\/repliken-manga-videospiele\/los-3-katanas-von-zoro\/\">drei Katanas von Zoro<\/a> mit G\u00fcrtel angeboten. Sowie f\u00fcr Technikbegeisterte unsere <a href=\"https:\/\/repliquemangacine.fr\/de\/leuchtendes-katana-one-piece\/katana-enma-led-leuchtet-one-piece\/\">leuchtende LED-Katanas<\/a> sind ein Muss. Es ist zu betonen, dass jedes Modell aus Metall mit einer starren ABS-Klinge mit integrierten LEDs besteht. Das Ergebnis ist au\u00dfergew\u00f6hnlich, originalgetreu und perfekt f\u00fcr Cosplay oder Ausstellungen.<br \/>\nWir denken auch an kleine Budgets mit <a href=\"https:\/\/repliquemangacine.fr\/de\/verschiedene-goodies\/16-teiliges-set-one-piece\/\">One Piece-Schl\u00fcsselanh\u00e4nger-Sets<\/a>. Sie enthalten 16 Teile mit Miniaturschwertern, Halsketten und ikonischen Logos. Und, noch viel mehr in unserem Online-Shop. Fazit: Ob Sie nun Fan oder Sammler sind, unsere Website ist Ihre neue Otaku-H\u00f6hle.<\/p>","protected":false},"excerpt":{"rendered":"<p>Wundersch\u00f6nes Tanto Ame no Habakiri, inspiriert von Zoros Katana aus One Piece<\/p>\n<ul>\n<li>Klinge aus 440 stainless Stahl, 3 T\u00f6ne<\/li>\n<li>Speziell geformter ABS-Griffschutz<\/li>\n<li>ABS-Scheide mit Dekoren<\/li>\n<li>Wird mit seinem kleinen Plastikst\u00e4nder geliefert<\/li>\n<li>L\u00e4nge der Klinge: 27 cm - Gesamtl\u00e4nge: 45 cm<\/li>\n<\/ul>","protected":false},"featured_media":83913,"template":"","meta":[],"product_brand":[896],"product_cat":[36,121],"product_tag":[],"class_list":{"0":"post-83912","1":"product","2":"type-product","3":"status-publish","4":"has-post-thumbnail","6":"product_brand-replique-manga-cine","7":"product_cat-katana-one-piece","8":"product_cat-tanto-mini-katana-one-piece","10":"first","11":"instock","12":"sale","13":"taxable","14":"shipping-taxable","15":"purchasable","16":"product-type-simple"},"yoast_head":"<!-- This site is optimized with the Yoast SEO plugin v27.5 - https:\/\/yoast.com\/product\/yoast-seo-wordpress\/ -->\n<title>Tanto Ame no Habakiri - One Piece - R\u00e9plique Manga Cin\u00e9<\/title>\n<meta name=\"description\" content=\"R\u00e9plique du Tanto Ame no Habakiri de One Piece : lame acier, design fid\u00e8le, support inclus. Parfait pour collectionneurs, fans et cosplayeurs passionn\u00e9s.\" \/>\n<meta name=\"robots\" content=\"index, follow, max-snippet:-1, max-image-preview:large, max-video-preview:-1\" \/>\n<link rel=\"canonical\" href=\"https:\/\/repliquemangacine.fr\/de\/tanto-mini-katana-one-piece\/tanto-ame-no-habakiri-one-piece\/\" \/>\n<meta property=\"og:locale\" content=\"de_DE\" \/>\n<meta property=\"og:type\" content=\"article\" \/>\n<meta property=\"og:title\" content=\"Tanto Ame no Habakiri - One Piece - R\u00e9plique Manga Cin\u00e9\" \/>\n<meta property=\"og:description\" content=\"R\u00e9plique du Tanto Ame no Habakiri de One Piece : lame acier, design fid\u00e8le, support inclus. Parfait pour collectionneurs, fans et cosplayeurs passionn\u00e9s.\" \/>\n<meta property=\"og:url\" content=\"https:\/\/repliquemangacine.fr\/de\/tanto-mini-katana-one-piece\/tanto-ame-no-habakiri-one-piece\/\" \/>\n<meta property=\"og:site_name\" content=\"R\u00e9plique Manga Cin\u00e9\" \/>\n<meta property=\"article:publisher\" content=\"https:\/\/www.facebook.com\/RepliqueMangaCine\" \/>\n<meta property=\"article:modified_time\" content=\"2025-11-12T23:53:24+00:00\" \/>\n<meta property=\"og:image\" content=\"https:\/\/repliquemangacine.fr\/wp-content\/uploads\/2025\/04\/Tanto-Ame-no-Habakiri.jpg\" \/>\n\t<meta property=\"og:image:width\" content=\"500\" \/>\n\t<meta property=\"og:image:height\" content=\"500\" \/>\n\t<meta property=\"og:image:type\" content=\"image\/jpeg\" \/>\n<meta name=\"twitter:card\" content=\"summary_large_image\" \/>\n<meta name=\"twitter:label1\" content=\"Gesch\u00e4tzte Lesezeit\" \/>\n\t<meta name=\"twitter:data1\" content=\"3\u00a0Minuten\" \/>\n<script type=\"application\/ld+json\" class=\"yoast-schema-graph\">{\"@context\":\"https:\\\/\\\/schema.org\",\"@graph\":[{\"@type\":\"WebPage\",\"@id\":\"https:\\\/\\\/repliquemangacine.fr\\\/tanto-mini-katana-one-piece\\\/tanto-ame-no-habakiri-one-piece\\\/\",\"url\":\"https:\\\/\\\/repliquemangacine.fr\\\/tanto-mini-katana-one-piece\\\/tanto-ame-no-habakiri-one-piece\\\/\",\"name\":\"Tanto Ame no Habakiri - One Piece - R\u00e9plique Manga Cin\u00e9\",\"isPartOf\":{\"@id\":\"https:\\\/\\\/repliquemangacine.fr\\\/#website\"},\"primaryImageOfPage\":{\"@id\":\"https:\\\/\\\/repliquemangacine.fr\\\/tanto-mini-katana-one-piece\\\/tanto-ame-no-habakiri-one-piece\\\/#primaryimage\"},\"image\":{\"@id\":\"https:\\\/\\\/repliquemangacine.fr\\\/tanto-mini-katana-one-piece\\\/tanto-ame-no-habakiri-one-piece\\\/#primaryimage\"},\"thumbnailUrl\":\"https:\\\/\\\/repliquemangacine.fr\\\/wp-content\\\/uploads\\\/2025\\\/04\\\/Tanto-Ame-no-Habakiri.jpg\",\"datePublished\":\"2025-04-30T14:54:16+00:00\",\"dateModified\":\"2025-11-12T23:53:24+00:00\",\"description\":\"R\u00e9plique du Tanto Ame no Habakiri de One Piece : lame acier, design fid\u00e8le, support inclus. Parfait pour collectionneurs, fans et cosplayeurs passionn\u00e9s.\",\"breadcrumb\":{\"@id\":\"https:\\\/\\\/repliquemangacine.fr\\\/tanto-mini-katana-one-piece\\\/tanto-ame-no-habakiri-one-piece\\\/#breadcrumb\"},\"inLanguage\":\"de\",\"potentialAction\":[{\"@type\":\"ReadAction\",\"target\":[\"https:\\\/\\\/repliquemangacine.fr\\\/tanto-mini-katana-one-piece\\\/tanto-ame-no-habakiri-one-piece\\\/\"]}]},{\"@type\":\"ImageObject\",\"inLanguage\":\"de\",\"@id\":\"https:\\\/\\\/repliquemangacine.fr\\\/tanto-mini-katana-one-piece\\\/tanto-ame-no-habakiri-one-piece\\\/#primaryimage\",\"url\":\"https:\\\/\\\/repliquemangacine.fr\\\/wp-content\\\/uploads\\\/2025\\\/04\\\/Tanto-Ame-no-Habakiri.jpg\",\"contentUrl\":\"https:\\\/\\\/repliquemangacine.fr\\\/wp-content\\\/uploads\\\/2025\\\/04\\\/Tanto-Ame-no-Habakiri.jpg\",\"width\":500,\"height\":500,\"caption\":\"Tanto Ame no Habakiri, sabre de Zoro dans One Piece\"},{\"@type\":\"BreadcrumbList\",\"@id\":\"https:\\\/\\\/repliquemangacine.fr\\\/tanto-mini-katana-one-piece\\\/tanto-ame-no-habakiri-one-piece\\\/#breadcrumb\",\"itemListElement\":[{\"@type\":\"ListItem\",\"position\":1,\"name\":\"Accueil\",\"item\":\"https:\\\/\\\/repliquemangacine.fr\\\/\"},{\"@type\":\"ListItem\",\"position\":2,\"name\":\"Produits\",\"item\":\"https:\\\/\\\/repliquemangacine.fr\\\/boutique\\\/\"},{\"@type\":\"ListItem\",\"position\":3,\"name\":\"Tanto Ame no Habakiri &#8211; One Piece\"}]},{\"@type\":\"WebSite\",\"@id\":\"https:\\\/\\\/repliquemangacine.fr\\\/#website\",\"url\":\"https:\\\/\\\/repliquemangacine.fr\\\/\",\"name\":\"R\u00e9plique Manga Cin\u00e9\",\"description\":\"\",\"publisher\":{\"@id\":\"https:\\\/\\\/repliquemangacine.fr\\\/#organization\"},\"potentialAction\":[{\"@type\":\"SearchAction\",\"target\":{\"@type\":\"EntryPoint\",\"urlTemplate\":\"https:\\\/\\\/repliquemangacine.fr\\\/?s={search_term_string}\"},\"query-input\":{\"@type\":\"PropertyValueSpecification\",\"valueRequired\":true,\"valueName\":\"search_term_string\"}}],\"inLanguage\":\"de\"},{\"@type\":\"Organization\",\"@id\":\"https:\\\/\\\/repliquemangacine.fr\\\/#organization\",\"name\":\"R\u00e9plique Manga Cin\u00e9\",\"url\":\"https:\\\/\\\/repliquemangacine.fr\\\/\",\"logo\":{\"@type\":\"ImageObject\",\"inLanguage\":\"de\",\"@id\":\"https:\\\/\\\/repliquemangacine.fr\\\/#\\\/schema\\\/logo\\\/image\\\/\",\"url\":\"https:\\\/\\\/repliquemangacine.fr\\\/wp-content\\\/uploads\\\/2023\\\/10\\\/RMC-500250.png\",\"contentUrl\":\"https:\\\/\\\/repliquemangacine.fr\\\/wp-content\\\/uploads\\\/2023\\\/10\\\/RMC-500250.png\",\"width\":500,\"height\":250,\"caption\":\"R\u00e9plique Manga Cin\u00e9\"},\"image\":{\"@id\":\"https:\\\/\\\/repliquemangacine.fr\\\/#\\\/schema\\\/logo\\\/image\\\/\"},\"sameAs\":[\"https:\\\/\\\/www.facebook.com\\\/RepliqueMangaCine\",\"https:\\\/\\\/www.instagram.com\\\/repliquemangacine.fr\\\/\"]}]}<\/script>\n<!-- \/ Yoast SEO plugin. -->","yoast_head_json":{"title":"Tanto Ame no Habakiri - One Piece - R\u00e9plique Manga Cin\u00e9","description":"Replik des Tanto Ame no Habakiri aus One Piece: Stahlklinge, originalgetreues Design, inklusive Halterung. Perfekt f\u00fcr Sammler, Fans und begeisterte Cosplayer.","robots":{"index":"index","follow":"follow","max-snippet":"max-snippet:-1","max-image-preview":"max-image-preview:large","max-video-preview":"max-video-preview:-1"},"canonical":"https:\/\/repliquemangacine.fr\/de\/tanto-mini-katana-one-piece\/tanto-ame-no-habakiri-one-piece\/","og_locale":"de_DE","og_type":"article","og_title":"Tanto Ame no Habakiri - One Piece - R\u00e9plique Manga Cin\u00e9","og_description":"R\u00e9plique du Tanto Ame no Habakiri de One Piece : lame acier, design fid\u00e8le, support inclus. Parfait pour collectionneurs, fans et cosplayeurs passionn\u00e9s.","og_url":"https:\/\/repliquemangacine.fr\/de\/tanto-mini-katana-one-piece\/tanto-ame-no-habakiri-one-piece\/","og_site_name":"R\u00e9plique Manga Cin\u00e9","article_publisher":"https:\/\/www.facebook.com\/RepliqueMangaCine","article_modified_time":"2025-11-12T23:53:24+00:00","og_image":[{"width":500,"height":500,"url":"https:\/\/repliquemangacine.fr\/wp-content\/uploads\/2025\/04\/Tanto-Ame-no-Habakiri.jpg","type":"image\/jpeg"}],"twitter_card":"summary_large_image","twitter_misc":{"Gesch\u00e4tzte Lesezeit":"3\u00a0Minuten"},"schema":{"@context":"https:\/\/schema.org","@graph":[{"@type":"WebPage","@id":"https:\/\/repliquemangacine.fr\/tanto-mini-katana-one-piece\/tanto-ame-no-habakiri-one-piece\/","url":"https:\/\/repliquemangacine.fr\/tanto-mini-katana-one-piece\/tanto-ame-no-habakiri-one-piece\/","name":"Tanto Ame no Habakiri - One Piece - R\u00e9plique Manga Cin\u00e9","isPartOf":{"@id":"https:\/\/repliquemangacine.fr\/#website"},"primaryImageOfPage":{"@id":"https:\/\/repliquemangacine.fr\/tanto-mini-katana-one-piece\/tanto-ame-no-habakiri-one-piece\/#primaryimage"},"image":{"@id":"https:\/\/repliquemangacine.fr\/tanto-mini-katana-one-piece\/tanto-ame-no-habakiri-one-piece\/#primaryimage"},"thumbnailUrl":"https:\/\/repliquemangacine.fr\/wp-content\/uploads\/2025\/04\/Tanto-Ame-no-Habakiri.jpg","datePublished":"2025-04-30T14:54:16+00:00","dateModified":"2025-11-12T23:53:24+00:00","description":"Replik des Tanto Ame no Habakiri aus One Piece: Stahlklinge, originalgetreues Design, inklusive Halterung. Perfekt f\u00fcr Sammler, Fans und begeisterte Cosplayer.","breadcrumb":{"@id":"https:\/\/repliquemangacine.fr\/tanto-mini-katana-one-piece\/tanto-ame-no-habakiri-one-piece\/#breadcrumb"},"inLanguage":"de","potentialAction":[{"@type":"ReadAction","target":["https:\/\/repliquemangacine.fr\/tanto-mini-katana-one-piece\/tanto-ame-no-habakiri-one-piece\/"]}]},{"@type":"ImageObject","inLanguage":"de","@id":"https:\/\/repliquemangacine.fr\/tanto-mini-katana-one-piece\/tanto-ame-no-habakiri-one-piece\/#primaryimage","url":"https:\/\/repliquemangacine.fr\/wp-content\/uploads\/2025\/04\/Tanto-Ame-no-Habakiri.jpg","contentUrl":"https:\/\/repliquemangacine.fr\/wp-content\/uploads\/2025\/04\/Tanto-Ame-no-Habakiri.jpg","width":500,"height":500,"caption":"Tanto Ame no Habakiri, sabre de Zoro dans One Piece"},{"@type":"BreadcrumbList","@id":"https:\/\/repliquemangacine.fr\/tanto-mini-katana-one-piece\/tanto-ame-no-habakiri-one-piece\/#breadcrumb","itemListElement":[{"@type":"ListItem","position":1,"name":"Accueil","item":"https:\/\/repliquemangacine.fr\/"},{"@type":"ListItem","position":2,"name":"Produits","item":"https:\/\/repliquemangacine.fr\/boutique\/"},{"@type":"ListItem","position":3,"name":"Tanto Ame no Habakiri &#8211; One Piece"}]},{"@type":"WebSite","@id":"https:\/\/repliquemangacine.fr\/#website","url":"https:\/\/repliquemangacine.fr\/","name":"R\u00e9plique Manga Cin\u00e9","description":"","publisher":{"@id":"https:\/\/repliquemangacine.fr\/#organization"},"potentialAction":[{"@type":"SearchAction","target":{"@type":"EntryPoint","urlTemplate":"https:\/\/repliquemangacine.fr\/?s={search_term_string}"},"query-input":{"@type":"PropertyValueSpecification","valueRequired":true,"valueName":"search_term_string"}}],"inLanguage":"de"},{"@type":"Organization","@id":"https:\/\/repliquemangacine.fr\/#organization","name":"R\u00e9plique Manga Cin\u00e9","url":"https:\/\/repliquemangacine.fr\/","logo":{"@type":"ImageObject","inLanguage":"de","@id":"https:\/\/repliquemangacine.fr\/#\/schema\/logo\/image\/","url":"https:\/\/repliquemangacine.fr\/wp-content\/uploads\/2023\/10\/RMC-500250.png","contentUrl":"https:\/\/repliquemangacine.fr\/wp-content\/uploads\/2023\/10\/RMC-500250.png","width":500,"height":250,"caption":"R\u00e9plique Manga Cin\u00e9"},"image":{"@id":"https:\/\/repliquemangacine.fr\/#\/schema\/logo\/image\/"},"sameAs":["https:\/\/www.facebook.com\/RepliqueMangaCine","https:\/\/www.instagram.com\/repliquemangacine.fr\/"]}]}},"_links":{"self":[{"href":"https:\/\/repliquemangacine.fr\/de\/wp-json\/wp\/v2\/product\/83912","targetHints":{"allow":["GET"]}}],"collection":[{"href":"https:\/\/repliquemangacine.fr\/de\/wp-json\/wp\/v2\/product"}],"about":[{"href":"https:\/\/repliquemangacine.fr\/de\/wp-json\/wp\/v2\/types\/product"}],"wp:featuredmedia":[{"embeddable":true,"href":"https:\/\/repliquemangacine.fr\/de\/wp-json\/wp\/v2\/media\/83913"}],"wp:attachment":[{"href":"https:\/\/repliquemangacine.fr\/de\/wp-json\/wp\/v2\/media?parent=83912"}],"wp:term":[{"taxonomy":"product_brand","embeddable":true,"href":"https:\/\/repliquemangacine.fr\/de\/wp-json\/wp\/v2\/product_brand?post=83912"},{"taxonomy":"product_cat","embeddable":true,"href":"https:\/\/repliquemangacine.fr\/de\/wp-json\/wp\/v2\/product_cat?post=83912"},{"taxonomy":"product_tag","embeddable":true,"href":"https:\/\/repliquemangacine.fr\/de\/wp-json\/wp\/v2\/product_tag?post=83912"}],"curies":[{"name":"wp","href":"https:\/\/api.w.org\/{rel}","templated":true}]}}