





{"id":83821,"date":"2025-04-26T19:59:03","date_gmt":"2025-04-26T17:59:03","guid":{"rendered":"https:\/\/repliquemangacine.fr\/?post_type=product&#038;p=83821"},"modified":"2026-04-29T15:43:57","modified_gmt":"2026-04-29T13:43:57","slug":"dolch-richard-lowenherz-12-jahrhundert","status":"publish","type":"product","link":"https:\/\/repliquemangacine.fr\/de\/dagues-medievales\/dague-richard-coeur-de-lion-12eme-siecle\/","title":{"rendered":"Dolch Richard L\u00f6wenherz 12. Jahrhundert"},"content":{"rendered":"<h2>Richard-L\u00f6wenherz-Dolch aus dem XII\u1d49 Jahrhundert: Eine originalgetreue Nachbildung<\/h2>\n<p>Der Dolch Richard L\u00f6wenherz ist ein symboltr\u00e4chtiges St\u00fcck f\u00fcr alle Liebhaber der mittelalterlichen Geschichte. Zun\u00e4chst einmal bietet seine Klinge aus rostfreiem 440er Stahl Robustheit und \u00c4sthetik. Au\u00dferdem ist die Parierstange aus gealtertem Stahl mit zwei pr\u00e4chtigen L\u00f6wenk\u00f6pfen an den Enden verziert. Dar\u00fcber hinaus ist das Wappen mit den drei L\u00f6wen sowohl auf der Parierstange als auch auf der Klinge zu sehen. Der massive Knauf aus gealtertem Stahl, der mit einem Kreuz verziert ist, unterstreicht die Authentizit\u00e4t dieser Replik. Der fein gearbeitete Metallgriff sorgt f\u00fcr einen angenehmen und festen Halt.<\/p>\n<p>Die rote Scheide aus geformtem ABS rundet diesen au\u00dfergew\u00f6hnlichen Dolch ab. Die Stahlteile an den Enden sind fein gearbeitet und mit dem \u201cR\u201d von Richard und dem k\u00f6niglichen Wappen verziert. Ein Muss f\u00fcr Sammler historischer Waffen und Liebhaber des Mittelalters!<\/p>\n<h2>Die legend\u00e4re Geschichte von Richard L\u00f6wenherz<\/h2>\n<p>Richard L\u00f6wenherz, K\u00f6nig von England, ist eine Symbolfigur der <a href=\"https:\/\/carnet-dhistoire.fr\/anecdotes\/chronologie-et-dates-des-croisades-au-moyen-age\/\" target=\"_blank\" rel=\"noopener noreferrer\">Kreuzz\u00fcge<\/a> und mittelalterlichem Heldentum. Er wurde 1157 geboren und ist bekannt f\u00fcr seinen Mut, sein Charisma und seine unglaubliche Beherrschung der Waffen. Sein ganzes Leben lang k\u00e4mpfte Richard f\u00fcr die Verteidigung seines Landes und seiner religi\u00f6sen Ideale. Dar\u00fcber hinaus symbolisiert sein Wappen mit den drei L\u00f6wen seine Macht und seine glorreiche k\u00f6nigliche Abstammung. Der Dolch war ebenso wie seine Schwerter eine Erweiterung seiner unangefochtenen Autorit\u00e4t. Unsere Replik ist eine Hommage an diesen legend\u00e4ren K\u00f6nig, dessen Name noch immer f\u00fcr Tapferkeit steht.<\/p>\n<p>Die Berichte \u00fcber seine heldenhaften Schlachten, insbesondere w\u00e4hrend des Dritten Kreuzzugs, n\u00e4hren die Legende. Mit der Wahl dieses Dolches tragen Sie einen Teil dieser reichen und spannenden Geschichte mit sich. Eine wundersch\u00f6ne Hommage an einen der gr\u00f6\u00dften Ritterf\u00fcrsten des Mittelalters!<\/p>\n<h2>Ihr Referenzshop f\u00fcr historische, Manga- und Filmrepliken<\/h2>\n<p>Auf R\u00e9plique Manga Cin\u00e9 finden Sie einen wahren Schatz f\u00fcr Liebhaber von Geschichte und Popkultur! Zun\u00e4chst einmal biete ich die<a href=\"https:\/\/repliquemangacine.fr\/de\/historische-waffen\/schwert-des-don-quijote\/\">Don Quichottes Schwert<\/a>Die Stadt ist ideal f\u00fcr Literatur- und Abenteuerliebhaber. Anschlie\u00dfend entdecken Sie <a href=\"https:\/\/repliquemangacine.fr\/de\/mittelalterliches-schwert-der-templer\/legendares-schwert-excalibur-konig-arthur\/\">Excalibur, das mythische Schwert von K\u00f6nig Artus<\/a>eine getreue Wiedergabe der Artuslegenden. Dar\u00fcber hinaus ist die<a href=\"https:\/\/repliquemangacine.fr\/de\/schwerter-tv-serie-vikings\/wikingerschwert-hedeby-9-jahrhundert\/\">Wikingerschwert Hedeby<\/a> ist eine beeindruckende Rekonstruktion eines seltenen arch\u00e4ologischen Fundes. Dar\u00fcber hinaus finden Sie die <a href=\"https:\/\/repliquemangacine.fr\/de\/mittelalterliche-dolche\/dolch-hugues-de-payns\/\">Dolch des ersten Templers Hugues de Payns<\/a>, Symbol der Urspr\u00fcnge der Templer.<\/p>\n<p>Aber das ist noch nicht alles! Im Bereich Manga und Kino biete ich auch Katanas, Schwerter und legend\u00e4re Waffen an. Jede Replik wird sorgf\u00e4ltig ausgew\u00e4hlt, um eine einwandfreie Qualit\u00e4t und einen verbl\u00fcffenden Realismus zu gew\u00e4hrleisten. Ob Sie nun Sammler, Liebhaber oder Fan sch\u00f6ner St\u00fccke sind, hier finden Sie garantiert Ihr Gl\u00fcck. Warten Sie nicht l\u00e4nger und bereichern Sie Ihre Sammlung mit au\u00dfergew\u00f6hnlichen Objekten!<\/p>\n<p>&nbsp;<\/p>","protected":false},"excerpt":{"rendered":"<p>Erhabener Dolch Richard L\u00f6wenherz aus dem 12. Jahrhundert<\/p>\n<ul>\n<li>Klinge aus 440er Stahl stainless<\/li>\n<li>Griff aus gealtertem Stahl mit zwei L\u00f6wenk\u00f6pfen an den Enden.<\/li>\n<li>Wappenschild mit drei L\u00f6wen auf dem Heft und der Klinge<\/li>\n<li>Knauf aus gealtertem Vollstahl mit Kreuz<\/li>\n<li>Fein detaillierter Metallgriff.<\/li>\n<li>Scheide aus geformtem ABS rot<\/li>\n<li>Stahlst\u00fcck an den Enden der H\u00fclse<\/li>\n<li>Mit dem R von Richard und dem Wappenschild mit den drei L\u00f6wen auf der Unterseite.<\/li>\n<li>Klingenl\u00e4nge: 24 cm - Gesamtl\u00e4nge: 36.5 cm ohne Scheide<\/li>\n<li>Gesamtl\u00e4nge mit Scheide; 40 cm - Gewicht: 280g<\/li>\n<\/ul>","protected":false},"featured_media":83831,"template":"","meta":[],"product_brand":[896],"product_cat":[25,93],"product_tag":[],"class_list":{"0":"post-83821","1":"product","2":"type-product","3":"status-publish","4":"has-post-thumbnail","6":"product_brand-replique-manga-cine","7":"product_cat-armes-historiques","8":"product_cat-dagues-medievales","10":"first","11":"instock","12":"taxable","13":"shipping-taxable","14":"purchasable","15":"product-type-simple"},"yoast_head":"<!-- This site is optimized with the Yoast SEO plugin v27.5 - https:\/\/yoast.com\/product\/yoast-seo-wordpress\/ -->\n<title>Dague Richard C\u0153ur de Lion 12\u00e8me si\u00e8cle - R\u00e9plique Manga Cin\u00e9<\/title>\n<meta name=\"description\" content=\"D\u00e9couvrez la Dague Richard C\u0153ur de Lion du XII\u1d49 si\u00e8cle, une r\u00e9plique historique parfaite pour collectionneurs et passionn\u00e9s d\u2019histoire m\u00e9di\u00e9vale !\" \/>\n<meta name=\"robots\" content=\"index, follow, max-snippet:-1, max-image-preview:large, max-video-preview:-1\" \/>\n<link rel=\"canonical\" href=\"https:\/\/repliquemangacine.fr\/de\/mittelalterliche-dolche\/dolch-richard-lowenherz-12-jahrhundert\/\" \/>\n<meta property=\"og:locale\" content=\"de_DE\" \/>\n<meta property=\"og:type\" content=\"article\" \/>\n<meta property=\"og:title\" content=\"Dague Richard C\u0153ur de Lion 12\u00e8me si\u00e8cle - R\u00e9plique Manga Cin\u00e9\" \/>\n<meta property=\"og:description\" content=\"D\u00e9couvrez la Dague Richard C\u0153ur de Lion du XII\u1d49 si\u00e8cle, une r\u00e9plique historique parfaite pour collectionneurs et passionn\u00e9s d\u2019histoire m\u00e9di\u00e9vale !\" \/>\n<meta property=\"og:url\" content=\"https:\/\/repliquemangacine.fr\/de\/mittelalterliche-dolche\/dolch-richard-lowenherz-12-jahrhundert\/\" \/>\n<meta property=\"og:site_name\" content=\"R\u00e9plique Manga Cin\u00e9\" \/>\n<meta property=\"article:publisher\" content=\"https:\/\/www.facebook.com\/RepliqueMangaCine\" \/>\n<meta property=\"article:modified_time\" content=\"2026-04-29T13:43:57+00:00\" \/>\n<meta property=\"og:image\" content=\"https:\/\/repliquemangacine.fr\/wp-content\/uploads\/2025\/04\/Dague-Richard-Coeur-de-lion.jpg\" \/>\n\t<meta property=\"og:image:width\" content=\"500\" \/>\n\t<meta property=\"og:image:height\" content=\"500\" \/>\n\t<meta property=\"og:image:type\" content=\"image\/jpeg\" \/>\n<meta name=\"twitter:card\" content=\"summary_large_image\" \/>\n<meta name=\"twitter:label1\" content=\"Gesch\u00e4tzte Lesezeit\" \/>\n\t<meta name=\"twitter:data1\" content=\"3\u00a0Minuten\" \/>\n<script type=\"application\/ld+json\" class=\"yoast-schema-graph\">{\"@context\":\"https:\\\/\\\/schema.org\",\"@graph\":[{\"@type\":\"WebPage\",\"@id\":\"https:\\\/\\\/repliquemangacine.fr\\\/dagues-medievales\\\/dague-richard-coeur-de-lion-12eme-siecle\\\/\",\"url\":\"https:\\\/\\\/repliquemangacine.fr\\\/dagues-medievales\\\/dague-richard-coeur-de-lion-12eme-siecle\\\/\",\"name\":\"Dague Richard C\u0153ur de Lion 12\u00e8me si\u00e8cle - R\u00e9plique Manga Cin\u00e9\",\"isPartOf\":{\"@id\":\"https:\\\/\\\/repliquemangacine.fr\\\/#website\"},\"primaryImageOfPage\":{\"@id\":\"https:\\\/\\\/repliquemangacine.fr\\\/dagues-medievales\\\/dague-richard-coeur-de-lion-12eme-siecle\\\/#primaryimage\"},\"image\":{\"@id\":\"https:\\\/\\\/repliquemangacine.fr\\\/dagues-medievales\\\/dague-richard-coeur-de-lion-12eme-siecle\\\/#primaryimage\"},\"thumbnailUrl\":\"https:\\\/\\\/repliquemangacine.fr\\\/wp-content\\\/uploads\\\/2025\\\/04\\\/Dague-Richard-Coeur-de-lion.jpg\",\"datePublished\":\"2025-04-26T17:59:03+00:00\",\"dateModified\":\"2026-04-29T13:43:57+00:00\",\"description\":\"D\u00e9couvrez la Dague Richard C\u0153ur de Lion du XII\u1d49 si\u00e8cle, une r\u00e9plique historique parfaite pour collectionneurs et passionn\u00e9s d\u2019histoire m\u00e9di\u00e9vale !\",\"breadcrumb\":{\"@id\":\"https:\\\/\\\/repliquemangacine.fr\\\/dagues-medievales\\\/dague-richard-coeur-de-lion-12eme-siecle\\\/#breadcrumb\"},\"inLanguage\":\"de\",\"potentialAction\":[{\"@type\":\"ReadAction\",\"target\":[\"https:\\\/\\\/repliquemangacine.fr\\\/dagues-medievales\\\/dague-richard-coeur-de-lion-12eme-siecle\\\/\"]}]},{\"@type\":\"ImageObject\",\"inLanguage\":\"de\",\"@id\":\"https:\\\/\\\/repliquemangacine.fr\\\/dagues-medievales\\\/dague-richard-coeur-de-lion-12eme-siecle\\\/#primaryimage\",\"url\":\"https:\\\/\\\/repliquemangacine.fr\\\/wp-content\\\/uploads\\\/2025\\\/04\\\/Dague-Richard-Coeur-de-lion.jpg\",\"contentUrl\":\"https:\\\/\\\/repliquemangacine.fr\\\/wp-content\\\/uploads\\\/2025\\\/04\\\/Dague-Richard-Coeur-de-lion.jpg\",\"width\":500,\"height\":500,\"caption\":\"Dague Richard C\u0153ur de Lion\"},{\"@type\":\"BreadcrumbList\",\"@id\":\"https:\\\/\\\/repliquemangacine.fr\\\/dagues-medievales\\\/dague-richard-coeur-de-lion-12eme-siecle\\\/#breadcrumb\",\"itemListElement\":[{\"@type\":\"ListItem\",\"position\":1,\"name\":\"Accueil\",\"item\":\"https:\\\/\\\/repliquemangacine.fr\\\/\"},{\"@type\":\"ListItem\",\"position\":2,\"name\":\"Produits\",\"item\":\"https:\\\/\\\/repliquemangacine.fr\\\/boutique\\\/\"},{\"@type\":\"ListItem\",\"position\":3,\"name\":\"Dague Richard C\u0153ur de Lion 12\u00e8me si\u00e8cle\"}]},{\"@type\":\"WebSite\",\"@id\":\"https:\\\/\\\/repliquemangacine.fr\\\/#website\",\"url\":\"https:\\\/\\\/repliquemangacine.fr\\\/\",\"name\":\"R\u00e9plique Manga Cin\u00e9\",\"description\":\"\",\"publisher\":{\"@id\":\"https:\\\/\\\/repliquemangacine.fr\\\/#organization\"},\"potentialAction\":[{\"@type\":\"SearchAction\",\"target\":{\"@type\":\"EntryPoint\",\"urlTemplate\":\"https:\\\/\\\/repliquemangacine.fr\\\/?s={search_term_string}\"},\"query-input\":{\"@type\":\"PropertyValueSpecification\",\"valueRequired\":true,\"valueName\":\"search_term_string\"}}],\"inLanguage\":\"de\"},{\"@type\":\"Organization\",\"@id\":\"https:\\\/\\\/repliquemangacine.fr\\\/#organization\",\"name\":\"R\u00e9plique Manga Cin\u00e9\",\"url\":\"https:\\\/\\\/repliquemangacine.fr\\\/\",\"logo\":{\"@type\":\"ImageObject\",\"inLanguage\":\"de\",\"@id\":\"https:\\\/\\\/repliquemangacine.fr\\\/#\\\/schema\\\/logo\\\/image\\\/\",\"url\":\"https:\\\/\\\/repliquemangacine.fr\\\/wp-content\\\/uploads\\\/2023\\\/10\\\/RMC-500250.png\",\"contentUrl\":\"https:\\\/\\\/repliquemangacine.fr\\\/wp-content\\\/uploads\\\/2023\\\/10\\\/RMC-500250.png\",\"width\":500,\"height\":250,\"caption\":\"R\u00e9plique Manga Cin\u00e9\"},\"image\":{\"@id\":\"https:\\\/\\\/repliquemangacine.fr\\\/#\\\/schema\\\/logo\\\/image\\\/\"},\"sameAs\":[\"https:\\\/\\\/www.facebook.com\\\/RepliqueMangaCine\",\"https:\\\/\\\/www.instagram.com\\\/repliquemangacine.fr\\\/\"]}]}<\/script>\n<!-- \/ Yoast SEO plugin. -->","yoast_head_json":{"title":"Dolch Richard L\u00f6wenherz 12. Jahrhundert - R\u00e9plique Manga Cin\u00e9","description":"Entdecken Sie den Richard-L\u00f6wenherz-Dolch aus dem XII\u1d49 Jahrhundert, eine perfekte historische Replik f\u00fcr Sammler und Liebhaber der mittelalterlichen Geschichte!","robots":{"index":"index","follow":"follow","max-snippet":"max-snippet:-1","max-image-preview":"max-image-preview:large","max-video-preview":"max-video-preview:-1"},"canonical":"https:\/\/repliquemangacine.fr\/de\/mittelalterliche-dolche\/dolch-richard-lowenherz-12-jahrhundert\/","og_locale":"de_DE","og_type":"article","og_title":"Dague Richard C\u0153ur de Lion 12\u00e8me si\u00e8cle - R\u00e9plique Manga Cin\u00e9","og_description":"D\u00e9couvrez la Dague Richard C\u0153ur de Lion du XII\u1d49 si\u00e8cle, une r\u00e9plique historique parfaite pour collectionneurs et passionn\u00e9s d\u2019histoire m\u00e9di\u00e9vale !","og_url":"https:\/\/repliquemangacine.fr\/de\/mittelalterliche-dolche\/dolch-richard-lowenherz-12-jahrhundert\/","og_site_name":"R\u00e9plique Manga Cin\u00e9","article_publisher":"https:\/\/www.facebook.com\/RepliqueMangaCine","article_modified_time":"2026-04-29T13:43:57+00:00","og_image":[{"width":500,"height":500,"url":"https:\/\/repliquemangacine.fr\/wp-content\/uploads\/2025\/04\/Dague-Richard-Coeur-de-lion.jpg","type":"image\/jpeg"}],"twitter_card":"summary_large_image","twitter_misc":{"Gesch\u00e4tzte Lesezeit":"3\u00a0Minuten"},"schema":{"@context":"https:\/\/schema.org","@graph":[{"@type":"WebPage","@id":"https:\/\/repliquemangacine.fr\/dagues-medievales\/dague-richard-coeur-de-lion-12eme-siecle\/","url":"https:\/\/repliquemangacine.fr\/dagues-medievales\/dague-richard-coeur-de-lion-12eme-siecle\/","name":"Dolch Richard L\u00f6wenherz 12. Jahrhundert - R\u00e9plique Manga Cin\u00e9","isPartOf":{"@id":"https:\/\/repliquemangacine.fr\/#website"},"primaryImageOfPage":{"@id":"https:\/\/repliquemangacine.fr\/dagues-medievales\/dague-richard-coeur-de-lion-12eme-siecle\/#primaryimage"},"image":{"@id":"https:\/\/repliquemangacine.fr\/dagues-medievales\/dague-richard-coeur-de-lion-12eme-siecle\/#primaryimage"},"thumbnailUrl":"https:\/\/repliquemangacine.fr\/wp-content\/uploads\/2025\/04\/Dague-Richard-Coeur-de-lion.jpg","datePublished":"2025-04-26T17:59:03+00:00","dateModified":"2026-04-29T13:43:57+00:00","description":"Entdecken Sie den Richard-L\u00f6wenherz-Dolch aus dem XII\u1d49 Jahrhundert, eine perfekte historische Replik f\u00fcr Sammler und Liebhaber der mittelalterlichen Geschichte!","breadcrumb":{"@id":"https:\/\/repliquemangacine.fr\/dagues-medievales\/dague-richard-coeur-de-lion-12eme-siecle\/#breadcrumb"},"inLanguage":"de","potentialAction":[{"@type":"ReadAction","target":["https:\/\/repliquemangacine.fr\/dagues-medievales\/dague-richard-coeur-de-lion-12eme-siecle\/"]}]},{"@type":"ImageObject","inLanguage":"de","@id":"https:\/\/repliquemangacine.fr\/dagues-medievales\/dague-richard-coeur-de-lion-12eme-siecle\/#primaryimage","url":"https:\/\/repliquemangacine.fr\/wp-content\/uploads\/2025\/04\/Dague-Richard-Coeur-de-lion.jpg","contentUrl":"https:\/\/repliquemangacine.fr\/wp-content\/uploads\/2025\/04\/Dague-Richard-Coeur-de-lion.jpg","width":500,"height":500,"caption":"Dague Richard C\u0153ur de Lion"},{"@type":"BreadcrumbList","@id":"https:\/\/repliquemangacine.fr\/dagues-medievales\/dague-richard-coeur-de-lion-12eme-siecle\/#breadcrumb","itemListElement":[{"@type":"ListItem","position":1,"name":"Accueil","item":"https:\/\/repliquemangacine.fr\/"},{"@type":"ListItem","position":2,"name":"Produits","item":"https:\/\/repliquemangacine.fr\/boutique\/"},{"@type":"ListItem","position":3,"name":"Dague Richard C\u0153ur de Lion 12\u00e8me si\u00e8cle"}]},{"@type":"WebSite","@id":"https:\/\/repliquemangacine.fr\/#website","url":"https:\/\/repliquemangacine.fr\/","name":"R\u00e9plique Manga Cin\u00e9","description":"","publisher":{"@id":"https:\/\/repliquemangacine.fr\/#organization"},"potentialAction":[{"@type":"SearchAction","target":{"@type":"EntryPoint","urlTemplate":"https:\/\/repliquemangacine.fr\/?s={search_term_string}"},"query-input":{"@type":"PropertyValueSpecification","valueRequired":true,"valueName":"search_term_string"}}],"inLanguage":"de"},{"@type":"Organization","@id":"https:\/\/repliquemangacine.fr\/#organization","name":"R\u00e9plique Manga Cin\u00e9","url":"https:\/\/repliquemangacine.fr\/","logo":{"@type":"ImageObject","inLanguage":"de","@id":"https:\/\/repliquemangacine.fr\/#\/schema\/logo\/image\/","url":"https:\/\/repliquemangacine.fr\/wp-content\/uploads\/2023\/10\/RMC-500250.png","contentUrl":"https:\/\/repliquemangacine.fr\/wp-content\/uploads\/2023\/10\/RMC-500250.png","width":500,"height":250,"caption":"R\u00e9plique Manga Cin\u00e9"},"image":{"@id":"https:\/\/repliquemangacine.fr\/#\/schema\/logo\/image\/"},"sameAs":["https:\/\/www.facebook.com\/RepliqueMangaCine","https:\/\/www.instagram.com\/repliquemangacine.fr\/"]}]}},"_links":{"self":[{"href":"https:\/\/repliquemangacine.fr\/de\/wp-json\/wp\/v2\/product\/83821","targetHints":{"allow":["GET"]}}],"collection":[{"href":"https:\/\/repliquemangacine.fr\/de\/wp-json\/wp\/v2\/product"}],"about":[{"href":"https:\/\/repliquemangacine.fr\/de\/wp-json\/wp\/v2\/types\/product"}],"wp:featuredmedia":[{"embeddable":true,"href":"https:\/\/repliquemangacine.fr\/de\/wp-json\/wp\/v2\/media\/83831"}],"wp:attachment":[{"href":"https:\/\/repliquemangacine.fr\/de\/wp-json\/wp\/v2\/media?parent=83821"}],"wp:term":[{"taxonomy":"product_brand","embeddable":true,"href":"https:\/\/repliquemangacine.fr\/de\/wp-json\/wp\/v2\/product_brand?post=83821"},{"taxonomy":"product_cat","embeddable":true,"href":"https:\/\/repliquemangacine.fr\/de\/wp-json\/wp\/v2\/product_cat?post=83821"},{"taxonomy":"product_tag","embeddable":true,"href":"https:\/\/repliquemangacine.fr\/de\/wp-json\/wp\/v2\/product_tag?post=83821"}],"curies":[{"name":"wp","href":"https:\/\/api.w.org\/{rel}","templated":true}]}}