





{"id":83739,"date":"2025-04-21T19:43:22","date_gmt":"2025-04-21T17:43:22","guid":{"rendered":"https:\/\/repliquemangacine.fr\/?post_type=product&#038;p=83739"},"modified":"2025-11-13T00:56:16","modified_gmt":"2025-11-12T23:56:16","slug":"koffer-mit-12-hp-staben","status":"publish","type":"product","link":"https:\/\/repliquemangacine.fr\/de\/baguettes-et-goodies-harry-potter\/coffret-12-baguettes-hp\/","title":{"rendered":"Set mit 12 HP-St\u00e4bchen"},"content":{"rendered":"<h2>Set mit 12 HP-St\u00e4ben als Schl\u00fcsselanh\u00e4nger - Miniaturzauber zum Sammeln<\/h2>\n<p>Entdecken Sie zun\u00e4chst dieses Set mit 12 HP-Zauberst\u00e4ben in Form von Metall-Schl\u00fcsselanh\u00e4ngern mit sorgf\u00e4ltiger und detailreicher Verarbeitung. Jeder Zauberstab ist etwa 8 cm lang und stellt die magische Waffe der bekanntesten Figuren der Saga originalgetreu dar. Dank ihres stabilen Metallrings k\u00f6nnen Sie sie \u00fcberall befestigen, ideal f\u00fcr Taschen, Federm\u00e4ppchen oder Schl\u00fcsselbunde.<br \/>\nEntdecken Sie die Zauberst\u00e4be von Harry, Hermine, Dumbledore, Voldemort, aber auch Bellatrix, Luna, Neville und vielen anderen. Das Set enth\u00e4lt auch die Zauberst\u00e4be von Mangemort, Delacour, Rafleur, Cedric und Viktor Krum f\u00fcr echte Fans des Universums. Ein originelles und magisches Geschenk zum Sammeln oder Verschenken an alle Liebhaber der Welt der Zauberer. Kompakt, elegant und komplett \u2013 dieses Set ist perfekt, um seine Leidenschaft jeden Tag mit einem Hauch von Magie zu zeigen.<\/p>\n<p>Harry Potter ist die Hauptfigur der Harry-Potter-Buch- und Filmreihe von <a href=\"https:\/\/harrypotter.fandom.com\/fr\/wiki\/J._K._Rowling\" target=\"_blank\" rel=\"noopener noreferrer\">J. K. Rowling<\/a>. Die Handlung der meisten B\u00fccher umfasst sieben Jahre im Leben des Waisenjungen Potter, der an seinem elften Geburtstag erf\u00e4hrt, dass er ein Zauberer ist.<\/p>\n<h2>Finden Sie magische Gegenst\u00e4nde von Harry Potter auf R\u00e9plique Manga Cin\u00e9<\/h2>\n<p>R\u00e9plique Manga Cin\u00e9 bietet Ihnen eine einzigartige Auswahl an offiziellen Produkten und Repliken, die von der Welt des Harry Potter inspiriert sind. Entdecken Sie den legend\u00e4ren <a href=\"https:\/\/repliquemangacine.fr\/de\/stabe-und-goodies-harry-potter\/godric-epee-harry-potter\/\">Godric Gryffindor Schwert<\/a>Die Halskette ist aus rostfreiem Stahl mit gleichnamiger Gravur und makelloser Verarbeitung. F\u00fcr Sammler ist das Halsband der <a href=\"https:\/\/repliquemangacine.fr\/de\/sammlerstucke-und-goodies-harry-potter\/philosophenstein-harry-potter\/\">Philosophenstein<\/a> ist ein ikonisches Schmuckst\u00fcck aus der Geschichte der Zauberei. Wir bieten auch Hermines Tasche an, die der in den Heiligt\u00fcmern des Todes gesehenen Tasche in authentischer Ausf\u00fchrung entspricht. Lassen Sie sich von der<a href=\"https:\/\/repliquemangacine.fr\/de\/verschiedene-goodies\/schachbrett-der-zauberer-spiel-schach-hp\/\">offizielles Harry Potter-Schachbrett<\/a>von The Noble Collection, ein Muss f\u00fcr jeden Fan. Und f\u00fcr Ihre Kaffeepause empfehlen wir Ihnen unsere <a href=\"https:\/\/repliquemangacine.fr\/de\/sammlerstucke-und-goodies-harry-potter\/gryffindor-becher-600-ml\/\">Tassen<\/a> 600ml in den Farben der H\u00e4user: Gryffindor, Slytherin, Hufflepuff oder Serdaigle. Nicht zu vergessen unsere Kollektion von Zauberst\u00e4ben: in Originalgr\u00f6\u00dfe, aus Kunstharz mit Metallverst\u00e4rkung f\u00fcr eine au\u00dfergew\u00f6hnliche Qualit\u00e4t. Alles in allem ein magisches Universum, das Sie dank unserer sorgf\u00e4ltig ausgew\u00e4hlten Objekte f\u00fcr jeden angehenden Zauberer auch zu Hause finden k\u00f6nnen.<\/p>","protected":false},"excerpt":{"rendered":"<p>Wundersch\u00f6nes Set mit 12 Mini-St\u00e4ben als Schl\u00fcsselanh\u00e4nger, die die Charaktere aus der Harry-Potter-Saga darstellen.<\/p>\n<ul>\n<li>12 Baguettes Figuren, ca. 8 cm lang<\/li>\n<li>1 Kleiner Karabinerhaken<\/li>\n<li>1 Schl\u00fcsselring<\/li>\n<li>Sammlerbox mit dem Bild der Saga<\/li>\n<\/ul>","protected":false},"featured_media":83740,"template":"","meta":[],"product_brand":[896],"product_cat":[87,41],"product_tag":[],"class_list":{"0":"post-83739","1":"product","2":"type-product","3":"status-publish","4":"has-post-thumbnail","6":"product_brand-replique-manga-cine","7":"product_cat-collectors-et-goodies-harry-potter","8":"product_cat-baguettes-et-goodies-harry-potter","10":"first","11":"instock","12":"taxable","13":"shipping-taxable","14":"purchasable","15":"product-type-simple"},"yoast_head":"<!-- This site is optimized with the Yoast SEO plugin v27.5 - https:\/\/yoast.com\/product\/yoast-seo-wordpress\/ -->\n<title>Coffret 12 baguettes HP - R\u00e9plique Manga Cin\u00e9<\/title>\n<meta name=\"description\" content=\"Coffret 12 baguettes HP en m\u00e9tal, version porte-cl\u00e9s. Personnages cultes inclus. Id\u00e9al pour collectionner ou offrir aux fans d&#039;Harry Potter.\" \/>\n<meta name=\"robots\" content=\"index, follow, max-snippet:-1, max-image-preview:large, max-video-preview:-1\" \/>\n<link rel=\"canonical\" href=\"https:\/\/repliquemangacine.fr\/de\/stabe-und-goodies-harry-potter\/koffer-mit-12-hp-staben\/\" \/>\n<meta property=\"og:locale\" content=\"de_DE\" \/>\n<meta property=\"og:type\" content=\"article\" \/>\n<meta property=\"og:title\" content=\"Coffret 12 baguettes HP - R\u00e9plique Manga Cin\u00e9\" \/>\n<meta property=\"og:description\" content=\"Coffret 12 baguettes HP en m\u00e9tal, version porte-cl\u00e9s. Personnages cultes inclus. Id\u00e9al pour collectionner ou offrir aux fans d&#039;Harry Potter.\" \/>\n<meta property=\"og:url\" content=\"https:\/\/repliquemangacine.fr\/de\/stabe-und-goodies-harry-potter\/koffer-mit-12-hp-staben\/\" \/>\n<meta property=\"og:site_name\" content=\"R\u00e9plique Manga Cin\u00e9\" \/>\n<meta property=\"article:publisher\" content=\"https:\/\/www.facebook.com\/RepliqueMangaCine\" \/>\n<meta property=\"article:modified_time\" content=\"2025-11-12T23:56:16+00:00\" \/>\n<meta property=\"og:image\" content=\"https:\/\/repliquemangacine.fr\/wp-content\/uploads\/2025\/04\/coffret-porte-cles-HP.jpg\" \/>\n\t<meta property=\"og:image:width\" content=\"500\" \/>\n\t<meta property=\"og:image:height\" content=\"500\" \/>\n\t<meta property=\"og:image:type\" content=\"image\/jpeg\" \/>\n<meta name=\"twitter:card\" content=\"summary_large_image\" \/>\n<meta name=\"twitter:label1\" content=\"Gesch\u00e4tzte Lesezeit\" \/>\n\t<meta name=\"twitter:data1\" content=\"2\u00a0Minuten\" \/>\n<script type=\"application\/ld+json\" class=\"yoast-schema-graph\">{\"@context\":\"https:\\\/\\\/schema.org\",\"@graph\":[{\"@type\":\"WebPage\",\"@id\":\"https:\\\/\\\/repliquemangacine.fr\\\/baguettes-et-goodies-harry-potter\\\/coffret-12-baguettes-hp\\\/\",\"url\":\"https:\\\/\\\/repliquemangacine.fr\\\/baguettes-et-goodies-harry-potter\\\/coffret-12-baguettes-hp\\\/\",\"name\":\"Coffret 12 baguettes HP - R\u00e9plique Manga Cin\u00e9\",\"isPartOf\":{\"@id\":\"https:\\\/\\\/repliquemangacine.fr\\\/#website\"},\"primaryImageOfPage\":{\"@id\":\"https:\\\/\\\/repliquemangacine.fr\\\/baguettes-et-goodies-harry-potter\\\/coffret-12-baguettes-hp\\\/#primaryimage\"},\"image\":{\"@id\":\"https:\\\/\\\/repliquemangacine.fr\\\/baguettes-et-goodies-harry-potter\\\/coffret-12-baguettes-hp\\\/#primaryimage\"},\"thumbnailUrl\":\"https:\\\/\\\/repliquemangacine.fr\\\/wp-content\\\/uploads\\\/2025\\\/04\\\/coffret-porte-cles-HP.jpg\",\"datePublished\":\"2025-04-21T17:43:22+00:00\",\"dateModified\":\"2025-11-12T23:56:16+00:00\",\"description\":\"Coffret 12 baguettes HP en m\u00e9tal, version porte-cl\u00e9s. Personnages cultes inclus. Id\u00e9al pour collectionner ou offrir aux fans d'Harry Potter.\",\"breadcrumb\":{\"@id\":\"https:\\\/\\\/repliquemangacine.fr\\\/baguettes-et-goodies-harry-potter\\\/coffret-12-baguettes-hp\\\/#breadcrumb\"},\"inLanguage\":\"de\",\"potentialAction\":[{\"@type\":\"ReadAction\",\"target\":[\"https:\\\/\\\/repliquemangacine.fr\\\/baguettes-et-goodies-harry-potter\\\/coffret-12-baguettes-hp\\\/\"]}]},{\"@type\":\"ImageObject\",\"inLanguage\":\"de\",\"@id\":\"https:\\\/\\\/repliquemangacine.fr\\\/baguettes-et-goodies-harry-potter\\\/coffret-12-baguettes-hp\\\/#primaryimage\",\"url\":\"https:\\\/\\\/repliquemangacine.fr\\\/wp-content\\\/uploads\\\/2025\\\/04\\\/coffret-porte-cles-HP.jpg\",\"contentUrl\":\"https:\\\/\\\/repliquemangacine.fr\\\/wp-content\\\/uploads\\\/2025\\\/04\\\/coffret-porte-cles-HP.jpg\",\"width\":500,\"height\":500,\"caption\":\"Coffret 12 baguettes HP\"},{\"@type\":\"BreadcrumbList\",\"@id\":\"https:\\\/\\\/repliquemangacine.fr\\\/baguettes-et-goodies-harry-potter\\\/coffret-12-baguettes-hp\\\/#breadcrumb\",\"itemListElement\":[{\"@type\":\"ListItem\",\"position\":1,\"name\":\"Accueil\",\"item\":\"https:\\\/\\\/repliquemangacine.fr\\\/\"},{\"@type\":\"ListItem\",\"position\":2,\"name\":\"Produits\",\"item\":\"https:\\\/\\\/repliquemangacine.fr\\\/boutique\\\/\"},{\"@type\":\"ListItem\",\"position\":3,\"name\":\"Coffret 12 baguettes HP\"}]},{\"@type\":\"WebSite\",\"@id\":\"https:\\\/\\\/repliquemangacine.fr\\\/#website\",\"url\":\"https:\\\/\\\/repliquemangacine.fr\\\/\",\"name\":\"R\u00e9plique Manga Cin\u00e9\",\"description\":\"\",\"publisher\":{\"@id\":\"https:\\\/\\\/repliquemangacine.fr\\\/#organization\"},\"potentialAction\":[{\"@type\":\"SearchAction\",\"target\":{\"@type\":\"EntryPoint\",\"urlTemplate\":\"https:\\\/\\\/repliquemangacine.fr\\\/?s={search_term_string}\"},\"query-input\":{\"@type\":\"PropertyValueSpecification\",\"valueRequired\":true,\"valueName\":\"search_term_string\"}}],\"inLanguage\":\"de\"},{\"@type\":\"Organization\",\"@id\":\"https:\\\/\\\/repliquemangacine.fr\\\/#organization\",\"name\":\"R\u00e9plique Manga Cin\u00e9\",\"url\":\"https:\\\/\\\/repliquemangacine.fr\\\/\",\"logo\":{\"@type\":\"ImageObject\",\"inLanguage\":\"de\",\"@id\":\"https:\\\/\\\/repliquemangacine.fr\\\/#\\\/schema\\\/logo\\\/image\\\/\",\"url\":\"https:\\\/\\\/repliquemangacine.fr\\\/wp-content\\\/uploads\\\/2023\\\/10\\\/RMC-500250.png\",\"contentUrl\":\"https:\\\/\\\/repliquemangacine.fr\\\/wp-content\\\/uploads\\\/2023\\\/10\\\/RMC-500250.png\",\"width\":500,\"height\":250,\"caption\":\"R\u00e9plique Manga Cin\u00e9\"},\"image\":{\"@id\":\"https:\\\/\\\/repliquemangacine.fr\\\/#\\\/schema\\\/logo\\\/image\\\/\"},\"sameAs\":[\"https:\\\/\\\/www.facebook.com\\\/RepliqueMangaCine\",\"https:\\\/\\\/www.instagram.com\\\/repliquemangacine.fr\\\/\"]}]}<\/script>\n<!-- \/ Yoast SEO plugin. -->","yoast_head_json":{"title":"Set mit 12 St\u00e4bchen HP - R\u00e9plique Manga Cin\u00e9","description":"Set mit 12 HP-St\u00e4ben aus Metall, Version als Schl\u00fcsselanh\u00e4nger. Inklusive der Kultfiguren. Ideal zum Sammeln oder Verschenken an Harry-Potter-Fans.","robots":{"index":"index","follow":"follow","max-snippet":"max-snippet:-1","max-image-preview":"max-image-preview:large","max-video-preview":"max-video-preview:-1"},"canonical":"https:\/\/repliquemangacine.fr\/de\/stabe-und-goodies-harry-potter\/koffer-mit-12-hp-staben\/","og_locale":"de_DE","og_type":"article","og_title":"Coffret 12 baguettes HP - R\u00e9plique Manga Cin\u00e9","og_description":"Coffret 12 baguettes HP en m\u00e9tal, version porte-cl\u00e9s. Personnages cultes inclus. Id\u00e9al pour collectionner ou offrir aux fans d'Harry Potter.","og_url":"https:\/\/repliquemangacine.fr\/de\/stabe-und-goodies-harry-potter\/koffer-mit-12-hp-staben\/","og_site_name":"R\u00e9plique Manga Cin\u00e9","article_publisher":"https:\/\/www.facebook.com\/RepliqueMangaCine","article_modified_time":"2025-11-12T23:56:16+00:00","og_image":[{"width":500,"height":500,"url":"https:\/\/repliquemangacine.fr\/wp-content\/uploads\/2025\/04\/coffret-porte-cles-HP.jpg","type":"image\/jpeg"}],"twitter_card":"summary_large_image","twitter_misc":{"Gesch\u00e4tzte Lesezeit":"2\u00a0Minuten"},"schema":{"@context":"https:\/\/schema.org","@graph":[{"@type":"WebPage","@id":"https:\/\/repliquemangacine.fr\/baguettes-et-goodies-harry-potter\/coffret-12-baguettes-hp\/","url":"https:\/\/repliquemangacine.fr\/baguettes-et-goodies-harry-potter\/coffret-12-baguettes-hp\/","name":"Set mit 12 St\u00e4bchen HP - R\u00e9plique Manga Cin\u00e9","isPartOf":{"@id":"https:\/\/repliquemangacine.fr\/#website"},"primaryImageOfPage":{"@id":"https:\/\/repliquemangacine.fr\/baguettes-et-goodies-harry-potter\/coffret-12-baguettes-hp\/#primaryimage"},"image":{"@id":"https:\/\/repliquemangacine.fr\/baguettes-et-goodies-harry-potter\/coffret-12-baguettes-hp\/#primaryimage"},"thumbnailUrl":"https:\/\/repliquemangacine.fr\/wp-content\/uploads\/2025\/04\/coffret-porte-cles-HP.jpg","datePublished":"2025-04-21T17:43:22+00:00","dateModified":"2025-11-12T23:56:16+00:00","description":"Set mit 12 HP-St\u00e4ben aus Metall, Version als Schl\u00fcsselanh\u00e4nger. Inklusive der Kultfiguren. Ideal zum Sammeln oder Verschenken an Harry-Potter-Fans.","breadcrumb":{"@id":"https:\/\/repliquemangacine.fr\/baguettes-et-goodies-harry-potter\/coffret-12-baguettes-hp\/#breadcrumb"},"inLanguage":"de","potentialAction":[{"@type":"ReadAction","target":["https:\/\/repliquemangacine.fr\/baguettes-et-goodies-harry-potter\/coffret-12-baguettes-hp\/"]}]},{"@type":"ImageObject","inLanguage":"de","@id":"https:\/\/repliquemangacine.fr\/baguettes-et-goodies-harry-potter\/coffret-12-baguettes-hp\/#primaryimage","url":"https:\/\/repliquemangacine.fr\/wp-content\/uploads\/2025\/04\/coffret-porte-cles-HP.jpg","contentUrl":"https:\/\/repliquemangacine.fr\/wp-content\/uploads\/2025\/04\/coffret-porte-cles-HP.jpg","width":500,"height":500,"caption":"Coffret 12 baguettes HP"},{"@type":"BreadcrumbList","@id":"https:\/\/repliquemangacine.fr\/baguettes-et-goodies-harry-potter\/coffret-12-baguettes-hp\/#breadcrumb","itemListElement":[{"@type":"ListItem","position":1,"name":"Accueil","item":"https:\/\/repliquemangacine.fr\/"},{"@type":"ListItem","position":2,"name":"Produits","item":"https:\/\/repliquemangacine.fr\/boutique\/"},{"@type":"ListItem","position":3,"name":"Coffret 12 baguettes HP"}]},{"@type":"WebSite","@id":"https:\/\/repliquemangacine.fr\/#website","url":"https:\/\/repliquemangacine.fr\/","name":"R\u00e9plique Manga Cin\u00e9","description":"","publisher":{"@id":"https:\/\/repliquemangacine.fr\/#organization"},"potentialAction":[{"@type":"SearchAction","target":{"@type":"EntryPoint","urlTemplate":"https:\/\/repliquemangacine.fr\/?s={search_term_string}"},"query-input":{"@type":"PropertyValueSpecification","valueRequired":true,"valueName":"search_term_string"}}],"inLanguage":"de"},{"@type":"Organization","@id":"https:\/\/repliquemangacine.fr\/#organization","name":"R\u00e9plique Manga Cin\u00e9","url":"https:\/\/repliquemangacine.fr\/","logo":{"@type":"ImageObject","inLanguage":"de","@id":"https:\/\/repliquemangacine.fr\/#\/schema\/logo\/image\/","url":"https:\/\/repliquemangacine.fr\/wp-content\/uploads\/2023\/10\/RMC-500250.png","contentUrl":"https:\/\/repliquemangacine.fr\/wp-content\/uploads\/2023\/10\/RMC-500250.png","width":500,"height":250,"caption":"R\u00e9plique Manga Cin\u00e9"},"image":{"@id":"https:\/\/repliquemangacine.fr\/#\/schema\/logo\/image\/"},"sameAs":["https:\/\/www.facebook.com\/RepliqueMangaCine","https:\/\/www.instagram.com\/repliquemangacine.fr\/"]}]}},"_links":{"self":[{"href":"https:\/\/repliquemangacine.fr\/de\/wp-json\/wp\/v2\/product\/83739","targetHints":{"allow":["GET"]}}],"collection":[{"href":"https:\/\/repliquemangacine.fr\/de\/wp-json\/wp\/v2\/product"}],"about":[{"href":"https:\/\/repliquemangacine.fr\/de\/wp-json\/wp\/v2\/types\/product"}],"wp:featuredmedia":[{"embeddable":true,"href":"https:\/\/repliquemangacine.fr\/de\/wp-json\/wp\/v2\/media\/83740"}],"wp:attachment":[{"href":"https:\/\/repliquemangacine.fr\/de\/wp-json\/wp\/v2\/media?parent=83739"}],"wp:term":[{"taxonomy":"product_brand","embeddable":true,"href":"https:\/\/repliquemangacine.fr\/de\/wp-json\/wp\/v2\/product_brand?post=83739"},{"taxonomy":"product_cat","embeddable":true,"href":"https:\/\/repliquemangacine.fr\/de\/wp-json\/wp\/v2\/product_cat?post=83739"},{"taxonomy":"product_tag","embeddable":true,"href":"https:\/\/repliquemangacine.fr\/de\/wp-json\/wp\/v2\/product_tag?post=83739"}],"curies":[{"name":"wp","href":"https:\/\/api.w.org\/{rel}","templated":true}]}}