





{"id":83736,"date":"2025-04-21T17:30:52","date_gmt":"2025-04-21T15:30:52","guid":{"rendered":"https:\/\/repliquemangacine.fr\/?post_type=product&#038;p=83736"},"modified":"2025-11-13T01:26:48","modified_gmt":"2025-11-13T00:26:48","slug":"schlusselanhanger-vegeta-dbz","status":"publish","type":"product","link":"https:\/\/repliquemangacine.fr\/de\/porte-cles-goodies\/porte-cles-vegeta-dbz\/","title":{"rendered":"Vegeta DBZ Schl\u00fcsselanh\u00e4nger"},"content":{"rendered":"<h2>Vegeta DBZ Schl\u00fcsselanh\u00e4nger - Macht und Nostalgie in Acryl vereint<\/h2>\n<p>Zun\u00e4chst einmal ist dieser <strong>Vegeta DBZ Schl\u00fcsselanh\u00e4nger<\/strong>\u00a0 (Dragon Ball Z) aus Acryl f\u00e4ngt die ganze Energie und Nostalgie des legend\u00e4ren Anime ein.<br \/>\nMit seinem lebendigen Design pr\u00e4sentiert es eine Kultfigur in einem praktischen und \u00e4sthetischen Format. Es ist leicht und robust und l\u00e4sst sich dank seines Rings und Karabinerhakens aus Metall leicht an Ihren pers\u00f6nlichen Gegenst\u00e4nden befestigen.<br \/>\nNehmen Sie ein wenig von der Aura der Super Saiyans \u00fcberallhin mit, egal ob Sie Team Goku, Vegeta oder <a href=\"https:\/\/dragonball.fandom.com\/fr\/wiki\/Trunks_(futur)\" target=\"_blank\" rel=\"noopener noreferrer\">Trunks<\/a>. Dieser Schl\u00fcsselanh\u00e4nger ist ideal f\u00fcr Sammler und Fans von DBZ und ein Muss f\u00fcr alle Liebhaber der Manga-Welt.<\/p>\n<p>Zun\u00e4chst einmal Vegeta, einer der Hauptcharaktere der Serie. Er ist der Prinz des Planeten Vegeta und Sohn von K\u00f6nig Vegeta. Er ist der Ehemann von Bulma und Vater von Trunks und Bra.<\/p>\n<p>Als Prinz der Saiyajins wird er zun\u00e4chst in der Saiyajin-Saga als Antagonist vorgestellt, bevor er in der Namek-Saga nach und nach zum Verb\u00fcndeten der Helden und ab der Saga der k\u00fcnstlichen Menschen zu einem der Hauptprotagonisten wird. Der stolze Vegeta wird zum Inbegriff des Antihelden und im Laufe der Geschichte zum Erzrivalen von Son Goku.<\/p>\n<h2>Tauchen Sie mit den besten Spr\u00fcchen auf RMC in die Welt des Manga ein.<\/h2>\n<p>Auf R\u00e9plique Manga Cin\u00e9 finden Sie die sch\u00f6nsten Repliken aus Manga und Videospielen.Zuerst bleiben wir im DBZ-Universum mit der fabelhaften <a href=\"https:\/\/repliquemangacine.fr\/de\/katana-und-schwert-von-manga-anime-andere-manga\/epee-xeno-trunks-dbz-dragon-ball-z\/\">Trunks Schwert<\/a>. Mit seiner Klinge aus rostfreiem Stahl mit polierter Oberfl\u00e4che<br \/>\nund seine rote Lederscheide. Es gibt auch die beeindruckende <a href=\"https:\/\/repliquemangacine.fr\/de\/katana-und-schwert-von-manga-anime-andere-manga\/gutsschwert-dragon-slayer-berserk\/\">Guts-Schwert<\/a> in Originalgr\u00f6\u00dfe, Dragon Slayer in Berserk. Seine doppelseitige Stahlklinge (nicht scharf) hat eine unvergleichliche Pr\u00e4senz.<\/p>\n<p>Tauchen Sie auch mit der <a href=\"https:\/\/repliquemangacine.fr\/de\/schwerter-world-of-warcraft\/frostmourne-deuillegivre-schwert-des-lichkonigs\/\">Frostmourne<\/a> des Lichk\u00f6nigs, eine legend\u00e4re Klinge mit \u00fcberw\u00e4ltigender Macht. Und viele weitere Schwerter sind in unserem Katalog zu entdecken. Jede Replik wird sorgf\u00e4ltig entworfen, um dem Originalwerk absolut treu zu bleiben. Ob Sie nun Sammler oder Cosplay-Liebhaber sind, auf unserer Website finden Sie mythische Waffen, an denen kein Weg vorbeif\u00fchrt. Kommen Sie und bereichern Sie Ihre Sammlung mit einzigartigen und beeindruckenden St\u00fccken!<\/p>","protected":false},"excerpt":{"rendered":"<p>Original dieser Schl\u00fcsselanh\u00e4nger Vegeta in Dragon Ball Z<\/p>\n<ul>\n<li>Figur aus Acryl von beiden Seiten<\/li>\n<li>Kette und Karabinerhaken aus Stahl<\/li>\n<li>Wird in einer Tasche geliefert<\/li>\n<li>H\u00f6he der Figur: 5.3cm - Breite: 2.5 cm<\/li>\n<\/ul>","protected":false},"featured_media":83737,"template":"","meta":[],"product_brand":[896],"product_cat":[94,96],"product_tag":[],"class_list":{"0":"post-83736","1":"product","2":"type-product","3":"status-publish","4":"has-post-thumbnail","6":"product_brand-replique-manga-cine","7":"product_cat-goodies","8":"product_cat-porte-cles-goodies","10":"first","11":"instock","12":"taxable","13":"shipping-taxable","14":"purchasable","15":"product-type-simple"},"yoast_head":"<!-- This site is optimized with the Yoast SEO plugin v27.4 - https:\/\/yoast.com\/product\/yoast-seo-wordpress\/ -->\n<title>Porte-cl\u00e9s Vegeta DBZ - R\u00e9plique Manga Cin\u00e9<\/title>\n<meta name=\"description\" content=\"Porte-cl\u00e9s Vegeta DBZ acrylique avec design dynamique. L\u2019accessoire parfait pour tous les fans de Goku, Vegeta et l\u2019univers Dragon Ball.\" \/>\n<meta name=\"robots\" content=\"index, follow, max-snippet:-1, max-image-preview:large, max-video-preview:-1\" \/>\n<link rel=\"canonical\" href=\"https:\/\/repliquemangacine.fr\/de\/schlusselanhanger-goodies\/schlusselanhanger-vegeta-dbz\/\" \/>\n<meta property=\"og:locale\" content=\"de_DE\" \/>\n<meta property=\"og:type\" content=\"article\" \/>\n<meta property=\"og:title\" content=\"Porte-cl\u00e9s Vegeta DBZ - R\u00e9plique Manga Cin\u00e9\" \/>\n<meta property=\"og:description\" content=\"Porte-cl\u00e9s Vegeta DBZ acrylique avec design dynamique. L\u2019accessoire parfait pour tous les fans de Goku, Vegeta et l\u2019univers Dragon Ball.\" \/>\n<meta property=\"og:url\" content=\"https:\/\/repliquemangacine.fr\/de\/schlusselanhanger-goodies\/schlusselanhanger-vegeta-dbz\/\" \/>\n<meta property=\"og:site_name\" content=\"R\u00e9plique Manga Cin\u00e9\" \/>\n<meta property=\"article:publisher\" content=\"https:\/\/www.facebook.com\/RepliqueMangaCine\" \/>\n<meta property=\"article:modified_time\" content=\"2025-11-13T00:26:48+00:00\" \/>\n<meta property=\"og:image\" content=\"https:\/\/repliquemangacine.fr\/wp-content\/uploads\/2025\/04\/porte-cles-dbz-chibi.jpg\" \/>\n\t<meta property=\"og:image:width\" content=\"500\" \/>\n\t<meta property=\"og:image:height\" content=\"500\" \/>\n\t<meta property=\"og:image:type\" content=\"image\/jpeg\" \/>\n<meta name=\"twitter:card\" content=\"summary_large_image\" \/>\n<meta name=\"twitter:label1\" content=\"Gesch\u00e4tzte Lesezeit\" \/>\n\t<meta name=\"twitter:data1\" content=\"2\u00a0Minuten\" \/>\n<script type=\"application\/ld+json\" class=\"yoast-schema-graph\">{\"@context\":\"https:\\\/\\\/schema.org\",\"@graph\":[{\"@type\":\"WebPage\",\"@id\":\"https:\\\/\\\/repliquemangacine.fr\\\/porte-cles-goodies\\\/porte-cles-vegeta-dbz\\\/\",\"url\":\"https:\\\/\\\/repliquemangacine.fr\\\/porte-cles-goodies\\\/porte-cles-vegeta-dbz\\\/\",\"name\":\"Porte-cl\u00e9s Vegeta DBZ - R\u00e9plique Manga Cin\u00e9\",\"isPartOf\":{\"@id\":\"https:\\\/\\\/repliquemangacine.fr\\\/#website\"},\"primaryImageOfPage\":{\"@id\":\"https:\\\/\\\/repliquemangacine.fr\\\/porte-cles-goodies\\\/porte-cles-vegeta-dbz\\\/#primaryimage\"},\"image\":{\"@id\":\"https:\\\/\\\/repliquemangacine.fr\\\/porte-cles-goodies\\\/porte-cles-vegeta-dbz\\\/#primaryimage\"},\"thumbnailUrl\":\"https:\\\/\\\/repliquemangacine.fr\\\/wp-content\\\/uploads\\\/2025\\\/04\\\/porte-cles-dbz-chibi.jpg\",\"datePublished\":\"2025-04-21T15:30:52+00:00\",\"dateModified\":\"2025-11-13T00:26:48+00:00\",\"description\":\"Porte-cl\u00e9s Vegeta DBZ acrylique avec design dynamique. L\u2019accessoire parfait pour tous les fans de Goku, Vegeta et l\u2019univers Dragon Ball.\",\"breadcrumb\":{\"@id\":\"https:\\\/\\\/repliquemangacine.fr\\\/porte-cles-goodies\\\/porte-cles-vegeta-dbz\\\/#breadcrumb\"},\"inLanguage\":\"de\",\"potentialAction\":[{\"@type\":\"ReadAction\",\"target\":[\"https:\\\/\\\/repliquemangacine.fr\\\/porte-cles-goodies\\\/porte-cles-vegeta-dbz\\\/\"]}]},{\"@type\":\"ImageObject\",\"inLanguage\":\"de\",\"@id\":\"https:\\\/\\\/repliquemangacine.fr\\\/porte-cles-goodies\\\/porte-cles-vegeta-dbz\\\/#primaryimage\",\"url\":\"https:\\\/\\\/repliquemangacine.fr\\\/wp-content\\\/uploads\\\/2025\\\/04\\\/porte-cles-dbz-chibi.jpg\",\"contentUrl\":\"https:\\\/\\\/repliquemangacine.fr\\\/wp-content\\\/uploads\\\/2025\\\/04\\\/porte-cles-dbz-chibi.jpg\",\"width\":500,\"height\":500,\"caption\":\"Porte-cl\u00e9s Vegeta DBZ\"},{\"@type\":\"BreadcrumbList\",\"@id\":\"https:\\\/\\\/repliquemangacine.fr\\\/porte-cles-goodies\\\/porte-cles-vegeta-dbz\\\/#breadcrumb\",\"itemListElement\":[{\"@type\":\"ListItem\",\"position\":1,\"name\":\"Accueil\",\"item\":\"https:\\\/\\\/repliquemangacine.fr\\\/\"},{\"@type\":\"ListItem\",\"position\":2,\"name\":\"Produits\",\"item\":\"https:\\\/\\\/repliquemangacine.fr\\\/boutique\\\/\"},{\"@type\":\"ListItem\",\"position\":3,\"name\":\"Porte-cl\u00e9s Vegeta DBZ\"}]},{\"@type\":\"WebSite\",\"@id\":\"https:\\\/\\\/repliquemangacine.fr\\\/#website\",\"url\":\"https:\\\/\\\/repliquemangacine.fr\\\/\",\"name\":\"R\u00e9plique Manga Cin\u00e9\",\"description\":\"\",\"publisher\":{\"@id\":\"https:\\\/\\\/repliquemangacine.fr\\\/#organization\"},\"potentialAction\":[{\"@type\":\"SearchAction\",\"target\":{\"@type\":\"EntryPoint\",\"urlTemplate\":\"https:\\\/\\\/repliquemangacine.fr\\\/?s={search_term_string}\"},\"query-input\":{\"@type\":\"PropertyValueSpecification\",\"valueRequired\":true,\"valueName\":\"search_term_string\"}}],\"inLanguage\":\"de\"},{\"@type\":\"Organization\",\"@id\":\"https:\\\/\\\/repliquemangacine.fr\\\/#organization\",\"name\":\"R\u00e9plique Manga Cin\u00e9\",\"url\":\"https:\\\/\\\/repliquemangacine.fr\\\/\",\"logo\":{\"@type\":\"ImageObject\",\"inLanguage\":\"de\",\"@id\":\"https:\\\/\\\/repliquemangacine.fr\\\/#\\\/schema\\\/logo\\\/image\\\/\",\"url\":\"https:\\\/\\\/repliquemangacine.fr\\\/wp-content\\\/uploads\\\/2023\\\/10\\\/RMC-500250.png\",\"contentUrl\":\"https:\\\/\\\/repliquemangacine.fr\\\/wp-content\\\/uploads\\\/2023\\\/10\\\/RMC-500250.png\",\"width\":500,\"height\":250,\"caption\":\"R\u00e9plique Manga Cin\u00e9\"},\"image\":{\"@id\":\"https:\\\/\\\/repliquemangacine.fr\\\/#\\\/schema\\\/logo\\\/image\\\/\"},\"sameAs\":[\"https:\\\/\\\/www.facebook.com\\\/RepliqueMangaCine\",\"https:\\\/\\\/www.instagram.com\\\/repliquemangacine.fr\\\/\"]}]}<\/script>\n<!-- \/ Yoast SEO plugin. -->","yoast_head_json":{"title":"Schl\u00fcsselanh\u00e4nger Vegeta DBZ - R\u00e9plique Manga Cin\u00e9","description":"Vegeta DBZ Acryl-Schl\u00fcsselanh\u00e4nger mit dynamischem Design. Das perfekte Accessoire f\u00fcr alle Fans von Goku, Vegeta und dem Dragon Ball-Universum.","robots":{"index":"index","follow":"follow","max-snippet":"max-snippet:-1","max-image-preview":"max-image-preview:large","max-video-preview":"max-video-preview:-1"},"canonical":"https:\/\/repliquemangacine.fr\/de\/schlusselanhanger-goodies\/schlusselanhanger-vegeta-dbz\/","og_locale":"de_DE","og_type":"article","og_title":"Porte-cl\u00e9s Vegeta DBZ - R\u00e9plique Manga Cin\u00e9","og_description":"Porte-cl\u00e9s Vegeta DBZ acrylique avec design dynamique. L\u2019accessoire parfait pour tous les fans de Goku, Vegeta et l\u2019univers Dragon Ball.","og_url":"https:\/\/repliquemangacine.fr\/de\/schlusselanhanger-goodies\/schlusselanhanger-vegeta-dbz\/","og_site_name":"R\u00e9plique Manga Cin\u00e9","article_publisher":"https:\/\/www.facebook.com\/RepliqueMangaCine","article_modified_time":"2025-11-13T00:26:48+00:00","og_image":[{"width":500,"height":500,"url":"https:\/\/repliquemangacine.fr\/wp-content\/uploads\/2025\/04\/porte-cles-dbz-chibi.jpg","type":"image\/jpeg"}],"twitter_card":"summary_large_image","twitter_misc":{"Gesch\u00e4tzte Lesezeit":"2\u00a0Minuten"},"schema":{"@context":"https:\/\/schema.org","@graph":[{"@type":"WebPage","@id":"https:\/\/repliquemangacine.fr\/porte-cles-goodies\/porte-cles-vegeta-dbz\/","url":"https:\/\/repliquemangacine.fr\/porte-cles-goodies\/porte-cles-vegeta-dbz\/","name":"Schl\u00fcsselanh\u00e4nger Vegeta DBZ - R\u00e9plique Manga Cin\u00e9","isPartOf":{"@id":"https:\/\/repliquemangacine.fr\/#website"},"primaryImageOfPage":{"@id":"https:\/\/repliquemangacine.fr\/porte-cles-goodies\/porte-cles-vegeta-dbz\/#primaryimage"},"image":{"@id":"https:\/\/repliquemangacine.fr\/porte-cles-goodies\/porte-cles-vegeta-dbz\/#primaryimage"},"thumbnailUrl":"https:\/\/repliquemangacine.fr\/wp-content\/uploads\/2025\/04\/porte-cles-dbz-chibi.jpg","datePublished":"2025-04-21T15:30:52+00:00","dateModified":"2025-11-13T00:26:48+00:00","description":"Vegeta DBZ Acryl-Schl\u00fcsselanh\u00e4nger mit dynamischem Design. Das perfekte Accessoire f\u00fcr alle Fans von Goku, Vegeta und dem Dragon Ball-Universum.","breadcrumb":{"@id":"https:\/\/repliquemangacine.fr\/porte-cles-goodies\/porte-cles-vegeta-dbz\/#breadcrumb"},"inLanguage":"de","potentialAction":[{"@type":"ReadAction","target":["https:\/\/repliquemangacine.fr\/porte-cles-goodies\/porte-cles-vegeta-dbz\/"]}]},{"@type":"ImageObject","inLanguage":"de","@id":"https:\/\/repliquemangacine.fr\/porte-cles-goodies\/porte-cles-vegeta-dbz\/#primaryimage","url":"https:\/\/repliquemangacine.fr\/wp-content\/uploads\/2025\/04\/porte-cles-dbz-chibi.jpg","contentUrl":"https:\/\/repliquemangacine.fr\/wp-content\/uploads\/2025\/04\/porte-cles-dbz-chibi.jpg","width":500,"height":500,"caption":"Porte-cl\u00e9s Vegeta DBZ"},{"@type":"BreadcrumbList","@id":"https:\/\/repliquemangacine.fr\/porte-cles-goodies\/porte-cles-vegeta-dbz\/#breadcrumb","itemListElement":[{"@type":"ListItem","position":1,"name":"Accueil","item":"https:\/\/repliquemangacine.fr\/"},{"@type":"ListItem","position":2,"name":"Produits","item":"https:\/\/repliquemangacine.fr\/boutique\/"},{"@type":"ListItem","position":3,"name":"Porte-cl\u00e9s Vegeta DBZ"}]},{"@type":"WebSite","@id":"https:\/\/repliquemangacine.fr\/#website","url":"https:\/\/repliquemangacine.fr\/","name":"R\u00e9plique Manga Cin\u00e9","description":"","publisher":{"@id":"https:\/\/repliquemangacine.fr\/#organization"},"potentialAction":[{"@type":"SearchAction","target":{"@type":"EntryPoint","urlTemplate":"https:\/\/repliquemangacine.fr\/?s={search_term_string}"},"query-input":{"@type":"PropertyValueSpecification","valueRequired":true,"valueName":"search_term_string"}}],"inLanguage":"de"},{"@type":"Organization","@id":"https:\/\/repliquemangacine.fr\/#organization","name":"R\u00e9plique Manga Cin\u00e9","url":"https:\/\/repliquemangacine.fr\/","logo":{"@type":"ImageObject","inLanguage":"de","@id":"https:\/\/repliquemangacine.fr\/#\/schema\/logo\/image\/","url":"https:\/\/repliquemangacine.fr\/wp-content\/uploads\/2023\/10\/RMC-500250.png","contentUrl":"https:\/\/repliquemangacine.fr\/wp-content\/uploads\/2023\/10\/RMC-500250.png","width":500,"height":250,"caption":"R\u00e9plique Manga Cin\u00e9"},"image":{"@id":"https:\/\/repliquemangacine.fr\/#\/schema\/logo\/image\/"},"sameAs":["https:\/\/www.facebook.com\/RepliqueMangaCine","https:\/\/www.instagram.com\/repliquemangacine.fr\/"]}]}},"_links":{"self":[{"href":"https:\/\/repliquemangacine.fr\/de\/wp-json\/wp\/v2\/product\/83736","targetHints":{"allow":["GET"]}}],"collection":[{"href":"https:\/\/repliquemangacine.fr\/de\/wp-json\/wp\/v2\/product"}],"about":[{"href":"https:\/\/repliquemangacine.fr\/de\/wp-json\/wp\/v2\/types\/product"}],"wp:featuredmedia":[{"embeddable":true,"href":"https:\/\/repliquemangacine.fr\/de\/wp-json\/wp\/v2\/media\/83737"}],"wp:attachment":[{"href":"https:\/\/repliquemangacine.fr\/de\/wp-json\/wp\/v2\/media?parent=83736"}],"wp:term":[{"taxonomy":"product_brand","embeddable":true,"href":"https:\/\/repliquemangacine.fr\/de\/wp-json\/wp\/v2\/product_brand?post=83736"},{"taxonomy":"product_cat","embeddable":true,"href":"https:\/\/repliquemangacine.fr\/de\/wp-json\/wp\/v2\/product_cat?post=83736"},{"taxonomy":"product_tag","embeddable":true,"href":"https:\/\/repliquemangacine.fr\/de\/wp-json\/wp\/v2\/product_tag?post=83736"}],"curies":[{"name":"wp","href":"https:\/\/api.w.org\/{rel}","templated":true}]}}