





{"id":83732,"date":"2025-04-21T16:58:11","date_gmt":"2025-04-21T14:58:11","guid":{"rendered":"https:\/\/repliquemangacine.fr\/?post_type=product&#038;p=83732"},"modified":"2025-11-13T01:02:58","modified_gmt":"2025-11-13T00:02:58","slug":"schlusselanhanger-sao-sword-art-online","status":"publish","type":"product","link":"https:\/\/repliquemangacine.fr\/de\/porte-cles-goodies\/porte-cles-sao-sword-art-online\/","title":{"rendered":"Schl\u00fcsselanh\u00e4nger SAO - Sword Art Online"},"content":{"rendered":"<h2>Schl\u00fcsselanh\u00e4nger SAO - Kirito und Asuna in doppelseitiger Acrylversion<\/h2>\n<p>Zun\u00e4chst einmal erfahren Sie, was <strong>SAO-Schl\u00fcsselanh\u00e4nger<\/strong> aus transparentem, doppelseitigem Acrylglas mit Kirito und Asuna, den beiden ikonischen Helden der Serie. Jede Seite hebt einen Charakter in einem dynamischen Stil hervor, der der Welt des Anime treu bleibt. Ausgestattet mit einer Kette, einem stabilen Ring und einem Metallkarabinerhaken f\u00fcr den praktischen Gebrauch im Alltag. Dieser wundersch\u00f6ne Schl\u00fcsselanh\u00e4nger wird in einer Vitrinenblisterpackung geliefert und eignet sich perfekt f\u00fcr Sammler oder als Geschenk f\u00fcr SAO-Fans.<br \/>\n<a href=\"https:\/\/sword-art-online.fandom.com\/fr\/wiki\/Kazuto_Kirigaya\" target=\"_blank\" rel=\"noopener noreferrer\">Kirigaya Kazuto<\/a> alias Kirito, genannt der Schwarze Schwertk\u00e4mpfer, ist ein einsamer, aber m\u00e4chtiger Spieler, der f\u00fcr seine Meisterschaft mit zwei Schwertern bekannt ist. Asuna, eine schnelle und pr\u00e4zise Kriegerin, ist eine gef\u00fcrchtete und respektierte K\u00e4mpferin in der virtuellen Welt. Dar\u00fcber hinaus ist dieser Schl\u00fcsselanh\u00e4nger eine Hommage an ihr legend\u00e4res Duo, das unzertrennlich ist und von den Fans von Sword Art Online verehrt wird. Ein Muss f\u00fcr jeden, der sich f\u00fcr den Anime und seine Kultfiguren begeistert.<\/p>\n<h2>Legend\u00e4re Waffen aus Sword Art Online auf R\u00e9plique Manga Cin\u00e9 erh\u00e4ltlich<\/h2>\n<p>Entdecken Sie auf R\u00e9plique Manga Cin\u00e9 die Welt von Sword Art Online anhand einer Auswahl originalgetreu nachgebildeter Waffen.<br \/>\nDarunter befinden sich auch die ber\u00fchmten Schwerter von Kirito, dem Schwarzen Schwertk\u00e4mpfer: <a href=\"https:\/\/repliquemangacine.fr\/de\/sword-art-epee-online\/schwert-dark-repulser-kirito-sao\/\">Dark Repulser<\/a> und <a href=\"https:\/\/repliquemangacine.fr\/de\/sword-art-epee-online\/elucidator-schwert-kirito-sao\/\">Elucidator<\/a>. Diese beiden symboltr\u00e4chtigen Waffen verdeutlichen Kiritos St\u00e4rke und seinen einzigartigen Kampfstil in den ersten Handlungsb\u00f6gen.<br \/>\nEs gibt auch <a href=\"https:\/\/repliquemangacine.fr\/de\/sword-art-epee-online\/schwert-lambent-light-rapiere-asuna-sao\/\">Lambent Light<\/a>Asunas elegantes und t\u00f6dliches Rapier, das perfekt f\u00fcr Fans von schnellen Duellen ist. Und das ist noch nicht alles: Entdecken Sie das<a href=\"https:\/\/repliquemangacine.fr\/de\/sword-art-epee-online\/heiliges-schwert-excalibur-kirito-in-alfheim-online-sword-art-online\/\">heiliges Schwert Excalibur<\/a>, aus Alfheim Online und dem Spiel SAO Fractured Daydream. Es gibt sogar ein Mauspad f\u00fcr Geeks. Alle Repliken sind f\u00fcr Anime-Fans, Cosplayer und anspruchsvolle Sammler konzipiert.<br \/>\nProfitieren Sie von einer gro\u00dfen Auswahl an SAO-Waffen, um jeden epischen Kampf noch einmal zu erleben und Ihre Sammlung stilvoll zu vervollst\u00e4ndigen. Zusammenfassend l\u00e4sst sich sagen, dass die Welt von SAO mit einzigartigen und geschichtstr\u00e4chtigen St\u00fccken nur auf Sie wartet.<\/p>","protected":false},"excerpt":{"rendered":"<p>Wundersch\u00f6ner SAO-Schl\u00fcsselanh\u00e4nger<\/p>\n<ul>\n<li>Figuren auf Acryl von beiden Seiten<\/li>\n<li>Kette, Ring und Karabinerhaken aus Metall<\/li>\n<li>Wird in einer Blisterpackung geliefert<\/li>\n<li>H\u00f6he: 5cm - Breite: 6cm<\/li>\n<li>Gesamtl\u00e4nge mit Kette und Ring: 10 cm<\/li>\n<\/ul>","protected":false},"featured_media":83733,"template":"","meta":[],"product_brand":[896],"product_cat":[96,53],"product_tag":[],"class_list":{"0":"post-83732","1":"product","2":"type-product","3":"status-publish","4":"has-post-thumbnail","6":"product_brand-replique-manga-cine","7":"product_cat-porte-cles-goodies","8":"product_cat-epee-sword-art-online","10":"first","11":"instock","12":"taxable","13":"shipping-taxable","14":"purchasable","15":"product-type-simple"},"yoast_head":"<!-- This site is optimized with the Yoast SEO plugin v27.5 - https:\/\/yoast.com\/product\/yoast-seo-wordpress\/ -->\n<title>Porte-cl\u00e9s SAO - Sword Art Online - R\u00e9plique Manga Cin\u00e9<\/title>\n<meta name=\"description\" content=\"Porte-cl\u00e9s SAO (Sword Art Online) en acrylique double face avec Kirito et Asuna. Cha\u00eenette, anneau, mousqueton m\u00e9tal. Livr\u00e9 en blister vitrine.\" \/>\n<meta name=\"robots\" content=\"index, follow, max-snippet:-1, max-image-preview:large, max-video-preview:-1\" \/>\n<link rel=\"canonical\" href=\"https:\/\/repliquemangacine.fr\/de\/schlusselanhanger-goodies\/schlusselanhanger-sao-sword-art-online\/\" \/>\n<meta property=\"og:locale\" content=\"de_DE\" \/>\n<meta property=\"og:type\" content=\"article\" \/>\n<meta property=\"og:title\" content=\"Porte-cl\u00e9s SAO - Sword Art Online - R\u00e9plique Manga Cin\u00e9\" \/>\n<meta property=\"og:description\" content=\"Porte-cl\u00e9s SAO (Sword Art Online) en acrylique double face avec Kirito et Asuna. Cha\u00eenette, anneau, mousqueton m\u00e9tal. Livr\u00e9 en blister vitrine.\" \/>\n<meta property=\"og:url\" content=\"https:\/\/repliquemangacine.fr\/de\/schlusselanhanger-goodies\/schlusselanhanger-sao-sword-art-online\/\" \/>\n<meta property=\"og:site_name\" content=\"R\u00e9plique Manga Cin\u00e9\" \/>\n<meta property=\"article:publisher\" content=\"https:\/\/www.facebook.com\/RepliqueMangaCine\" \/>\n<meta property=\"article:modified_time\" content=\"2025-11-13T00:02:58+00:00\" \/>\n<meta property=\"og:image\" content=\"https:\/\/repliquemangacine.fr\/wp-content\/uploads\/2025\/04\/porte-cles-sword-art-online.jpg\" \/>\n\t<meta property=\"og:image:width\" content=\"500\" \/>\n\t<meta property=\"og:image:height\" content=\"500\" \/>\n\t<meta property=\"og:image:type\" content=\"image\/jpeg\" \/>\n<meta name=\"twitter:card\" content=\"summary_large_image\" \/>\n<meta name=\"twitter:label1\" content=\"Gesch\u00e4tzte Lesezeit\" \/>\n\t<meta name=\"twitter:data1\" content=\"2\u00a0Minuten\" \/>\n<script type=\"application\/ld+json\" class=\"yoast-schema-graph\">{\"@context\":\"https:\\\/\\\/schema.org\",\"@graph\":[{\"@type\":\"WebPage\",\"@id\":\"https:\\\/\\\/repliquemangacine.fr\\\/porte-cles-goodies\\\/porte-cles-sao-sword-art-online\\\/\",\"url\":\"https:\\\/\\\/repliquemangacine.fr\\\/porte-cles-goodies\\\/porte-cles-sao-sword-art-online\\\/\",\"name\":\"Porte-cl\u00e9s SAO - Sword Art Online - R\u00e9plique Manga Cin\u00e9\",\"isPartOf\":{\"@id\":\"https:\\\/\\\/repliquemangacine.fr\\\/#website\"},\"primaryImageOfPage\":{\"@id\":\"https:\\\/\\\/repliquemangacine.fr\\\/porte-cles-goodies\\\/porte-cles-sao-sword-art-online\\\/#primaryimage\"},\"image\":{\"@id\":\"https:\\\/\\\/repliquemangacine.fr\\\/porte-cles-goodies\\\/porte-cles-sao-sword-art-online\\\/#primaryimage\"},\"thumbnailUrl\":\"https:\\\/\\\/repliquemangacine.fr\\\/wp-content\\\/uploads\\\/2025\\\/04\\\/porte-cles-sword-art-online.jpg\",\"datePublished\":\"2025-04-21T14:58:11+00:00\",\"dateModified\":\"2025-11-13T00:02:58+00:00\",\"description\":\"Porte-cl\u00e9s SAO (Sword Art Online) en acrylique double face avec Kirito et Asuna. Cha\u00eenette, anneau, mousqueton m\u00e9tal. Livr\u00e9 en blister vitrine.\",\"breadcrumb\":{\"@id\":\"https:\\\/\\\/repliquemangacine.fr\\\/porte-cles-goodies\\\/porte-cles-sao-sword-art-online\\\/#breadcrumb\"},\"inLanguage\":\"de\",\"potentialAction\":[{\"@type\":\"ReadAction\",\"target\":[\"https:\\\/\\\/repliquemangacine.fr\\\/porte-cles-goodies\\\/porte-cles-sao-sword-art-online\\\/\"]}]},{\"@type\":\"ImageObject\",\"inLanguage\":\"de\",\"@id\":\"https:\\\/\\\/repliquemangacine.fr\\\/porte-cles-goodies\\\/porte-cles-sao-sword-art-online\\\/#primaryimage\",\"url\":\"https:\\\/\\\/repliquemangacine.fr\\\/wp-content\\\/uploads\\\/2025\\\/04\\\/porte-cles-sword-art-online.jpg\",\"contentUrl\":\"https:\\\/\\\/repliquemangacine.fr\\\/wp-content\\\/uploads\\\/2025\\\/04\\\/porte-cles-sword-art-online.jpg\",\"width\":500,\"height\":500,\"caption\":\"Porte-cl\u00e9s SAO - Sword Art Online\"},{\"@type\":\"BreadcrumbList\",\"@id\":\"https:\\\/\\\/repliquemangacine.fr\\\/porte-cles-goodies\\\/porte-cles-sao-sword-art-online\\\/#breadcrumb\",\"itemListElement\":[{\"@type\":\"ListItem\",\"position\":1,\"name\":\"Accueil\",\"item\":\"https:\\\/\\\/repliquemangacine.fr\\\/\"},{\"@type\":\"ListItem\",\"position\":2,\"name\":\"Produits\",\"item\":\"https:\\\/\\\/repliquemangacine.fr\\\/boutique\\\/\"},{\"@type\":\"ListItem\",\"position\":3,\"name\":\"Porte-cl\u00e9s SAO &#8211; Sword Art Online\"}]},{\"@type\":\"WebSite\",\"@id\":\"https:\\\/\\\/repliquemangacine.fr\\\/#website\",\"url\":\"https:\\\/\\\/repliquemangacine.fr\\\/\",\"name\":\"R\u00e9plique Manga Cin\u00e9\",\"description\":\"\",\"publisher\":{\"@id\":\"https:\\\/\\\/repliquemangacine.fr\\\/#organization\"},\"potentialAction\":[{\"@type\":\"SearchAction\",\"target\":{\"@type\":\"EntryPoint\",\"urlTemplate\":\"https:\\\/\\\/repliquemangacine.fr\\\/?s={search_term_string}\"},\"query-input\":{\"@type\":\"PropertyValueSpecification\",\"valueRequired\":true,\"valueName\":\"search_term_string\"}}],\"inLanguage\":\"de\"},{\"@type\":\"Organization\",\"@id\":\"https:\\\/\\\/repliquemangacine.fr\\\/#organization\",\"name\":\"R\u00e9plique Manga Cin\u00e9\",\"url\":\"https:\\\/\\\/repliquemangacine.fr\\\/\",\"logo\":{\"@type\":\"ImageObject\",\"inLanguage\":\"de\",\"@id\":\"https:\\\/\\\/repliquemangacine.fr\\\/#\\\/schema\\\/logo\\\/image\\\/\",\"url\":\"https:\\\/\\\/repliquemangacine.fr\\\/wp-content\\\/uploads\\\/2023\\\/10\\\/RMC-500250.png\",\"contentUrl\":\"https:\\\/\\\/repliquemangacine.fr\\\/wp-content\\\/uploads\\\/2023\\\/10\\\/RMC-500250.png\",\"width\":500,\"height\":250,\"caption\":\"R\u00e9plique Manga Cin\u00e9\"},\"image\":{\"@id\":\"https:\\\/\\\/repliquemangacine.fr\\\/#\\\/schema\\\/logo\\\/image\\\/\"},\"sameAs\":[\"https:\\\/\\\/www.facebook.com\\\/RepliqueMangaCine\",\"https:\\\/\\\/www.instagram.com\\\/repliquemangacine.fr\\\/\"]}]}<\/script>\n<!-- \/ Yoast SEO plugin. -->","yoast_head_json":{"title":"Schl\u00fcsselanh\u00e4nger SAO - Sword Art Online - R\u00e9plique Manga Cin\u00e9","description":"SAO (Sword Art Online)-Schl\u00fcsselanh\u00e4nger aus doppelseitigem Acryl mit Kirito und Asuna. Kette, Ring und Karabinerhaken aus Metall. Wird in einem Vitrinenblister geliefert.","robots":{"index":"index","follow":"follow","max-snippet":"max-snippet:-1","max-image-preview":"max-image-preview:large","max-video-preview":"max-video-preview:-1"},"canonical":"https:\/\/repliquemangacine.fr\/de\/schlusselanhanger-goodies\/schlusselanhanger-sao-sword-art-online\/","og_locale":"de_DE","og_type":"article","og_title":"Porte-cl\u00e9s SAO - Sword Art Online - R\u00e9plique Manga Cin\u00e9","og_description":"Porte-cl\u00e9s SAO (Sword Art Online) en acrylique double face avec Kirito et Asuna. Cha\u00eenette, anneau, mousqueton m\u00e9tal. Livr\u00e9 en blister vitrine.","og_url":"https:\/\/repliquemangacine.fr\/de\/schlusselanhanger-goodies\/schlusselanhanger-sao-sword-art-online\/","og_site_name":"R\u00e9plique Manga Cin\u00e9","article_publisher":"https:\/\/www.facebook.com\/RepliqueMangaCine","article_modified_time":"2025-11-13T00:02:58+00:00","og_image":[{"width":500,"height":500,"url":"https:\/\/repliquemangacine.fr\/wp-content\/uploads\/2025\/04\/porte-cles-sword-art-online.jpg","type":"image\/jpeg"}],"twitter_card":"summary_large_image","twitter_misc":{"Gesch\u00e4tzte Lesezeit":"2\u00a0Minuten"},"schema":{"@context":"https:\/\/schema.org","@graph":[{"@type":"WebPage","@id":"https:\/\/repliquemangacine.fr\/porte-cles-goodies\/porte-cles-sao-sword-art-online\/","url":"https:\/\/repliquemangacine.fr\/porte-cles-goodies\/porte-cles-sao-sword-art-online\/","name":"Schl\u00fcsselanh\u00e4nger SAO - Sword Art Online - R\u00e9plique Manga Cin\u00e9","isPartOf":{"@id":"https:\/\/repliquemangacine.fr\/#website"},"primaryImageOfPage":{"@id":"https:\/\/repliquemangacine.fr\/porte-cles-goodies\/porte-cles-sao-sword-art-online\/#primaryimage"},"image":{"@id":"https:\/\/repliquemangacine.fr\/porte-cles-goodies\/porte-cles-sao-sword-art-online\/#primaryimage"},"thumbnailUrl":"https:\/\/repliquemangacine.fr\/wp-content\/uploads\/2025\/04\/porte-cles-sword-art-online.jpg","datePublished":"2025-04-21T14:58:11+00:00","dateModified":"2025-11-13T00:02:58+00:00","description":"SAO (Sword Art Online)-Schl\u00fcsselanh\u00e4nger aus doppelseitigem Acryl mit Kirito und Asuna. Kette, Ring und Karabinerhaken aus Metall. Wird in einem Vitrinenblister geliefert.","breadcrumb":{"@id":"https:\/\/repliquemangacine.fr\/porte-cles-goodies\/porte-cles-sao-sword-art-online\/#breadcrumb"},"inLanguage":"de","potentialAction":[{"@type":"ReadAction","target":["https:\/\/repliquemangacine.fr\/porte-cles-goodies\/porte-cles-sao-sword-art-online\/"]}]},{"@type":"ImageObject","inLanguage":"de","@id":"https:\/\/repliquemangacine.fr\/porte-cles-goodies\/porte-cles-sao-sword-art-online\/#primaryimage","url":"https:\/\/repliquemangacine.fr\/wp-content\/uploads\/2025\/04\/porte-cles-sword-art-online.jpg","contentUrl":"https:\/\/repliquemangacine.fr\/wp-content\/uploads\/2025\/04\/porte-cles-sword-art-online.jpg","width":500,"height":500,"caption":"Porte-cl\u00e9s SAO - Sword Art Online"},{"@type":"BreadcrumbList","@id":"https:\/\/repliquemangacine.fr\/porte-cles-goodies\/porte-cles-sao-sword-art-online\/#breadcrumb","itemListElement":[{"@type":"ListItem","position":1,"name":"Accueil","item":"https:\/\/repliquemangacine.fr\/"},{"@type":"ListItem","position":2,"name":"Produits","item":"https:\/\/repliquemangacine.fr\/boutique\/"},{"@type":"ListItem","position":3,"name":"Porte-cl\u00e9s SAO &#8211; Sword Art Online"}]},{"@type":"WebSite","@id":"https:\/\/repliquemangacine.fr\/#website","url":"https:\/\/repliquemangacine.fr\/","name":"R\u00e9plique Manga Cin\u00e9","description":"","publisher":{"@id":"https:\/\/repliquemangacine.fr\/#organization"},"potentialAction":[{"@type":"SearchAction","target":{"@type":"EntryPoint","urlTemplate":"https:\/\/repliquemangacine.fr\/?s={search_term_string}"},"query-input":{"@type":"PropertyValueSpecification","valueRequired":true,"valueName":"search_term_string"}}],"inLanguage":"de"},{"@type":"Organization","@id":"https:\/\/repliquemangacine.fr\/#organization","name":"R\u00e9plique Manga Cin\u00e9","url":"https:\/\/repliquemangacine.fr\/","logo":{"@type":"ImageObject","inLanguage":"de","@id":"https:\/\/repliquemangacine.fr\/#\/schema\/logo\/image\/","url":"https:\/\/repliquemangacine.fr\/wp-content\/uploads\/2023\/10\/RMC-500250.png","contentUrl":"https:\/\/repliquemangacine.fr\/wp-content\/uploads\/2023\/10\/RMC-500250.png","width":500,"height":250,"caption":"R\u00e9plique Manga Cin\u00e9"},"image":{"@id":"https:\/\/repliquemangacine.fr\/#\/schema\/logo\/image\/"},"sameAs":["https:\/\/www.facebook.com\/RepliqueMangaCine","https:\/\/www.instagram.com\/repliquemangacine.fr\/"]}]}},"_links":{"self":[{"href":"https:\/\/repliquemangacine.fr\/de\/wp-json\/wp\/v2\/product\/83732","targetHints":{"allow":["GET"]}}],"collection":[{"href":"https:\/\/repliquemangacine.fr\/de\/wp-json\/wp\/v2\/product"}],"about":[{"href":"https:\/\/repliquemangacine.fr\/de\/wp-json\/wp\/v2\/types\/product"}],"wp:featuredmedia":[{"embeddable":true,"href":"https:\/\/repliquemangacine.fr\/de\/wp-json\/wp\/v2\/media\/83733"}],"wp:attachment":[{"href":"https:\/\/repliquemangacine.fr\/de\/wp-json\/wp\/v2\/media?parent=83732"}],"wp:term":[{"taxonomy":"product_brand","embeddable":true,"href":"https:\/\/repliquemangacine.fr\/de\/wp-json\/wp\/v2\/product_brand?post=83732"},{"taxonomy":"product_cat","embeddable":true,"href":"https:\/\/repliquemangacine.fr\/de\/wp-json\/wp\/v2\/product_cat?post=83732"},{"taxonomy":"product_tag","embeddable":true,"href":"https:\/\/repliquemangacine.fr\/de\/wp-json\/wp\/v2\/product_tag?post=83732"}],"curies":[{"name":"wp","href":"https:\/\/api.w.org\/{rel}","templated":true}]}}