





{"id":83729,"date":"2025-04-21T16:18:07","date_gmt":"2025-04-21T14:18:07","guid":{"rendered":"https:\/\/repliquemangacine.fr\/?post_type=product&#038;p=83729"},"modified":"2026-03-13T11:45:45","modified_gmt":"2026-03-13T10:45:45","slug":"schlusselanhanger-black-flag-assassins-creed","status":"publish","type":"product","link":"https:\/\/repliquemangacine.fr\/de\/porte-cles-goodies\/porte-cles-black-flag-assassins-creed\/","title":{"rendered":"Black Flag Schl\u00fcsselanh\u00e4nger - Assassin's Creed"},"content":{"rendered":"<h2>Assassin's Creed Black Flag Schl\u00fcsselanh\u00e4nger - Das Symbol f\u00fcr die Freiheit der Piraten<\/h2>\n<p>Zeigen Sie Ihre Loyalit\u00e4t gegen\u00fcber der Bruderschaft mit diesem Assassin's Creed Black Flag-Schl\u00fcsselanh\u00e4nger. Einzigartiges Design mit einer Mischung aus Logo und stilisiertem Vogelkopf. Ein direkter Hinweis auf die Welt der Piraterie und die rebellische Seele von Assassin's Creed.<a href=\"https:\/\/assassinscreed.fandom.com\/fr\/wiki\/Edward_Kenway\" target=\"_blank\" rel=\"noopener noreferrer\">Edward Kenway<\/a>. Sorgf\u00e4ltig gefertigt, vereint es \u00c4sthetik, Robustheit und einfache Befestigung dank seines Metallrings. Perfekt f\u00fcr Fans des Assassin's Creed-Universums und alle, die den neu interpretierten Piratenstil lieben. Ein dezentes, aber aussagekr\u00e4ftiges Accessoire, das Sie \u00fcberall befestigen k\u00f6nnen, um Ihre Zugeh\u00f6rigkeit zur Bruderschaft zu zeigen.<\/p>\n<p>Edward Kenway, ein ungest\u00fcmer junger Waliser, geboren am 10. M\u00e4rz 1693. Sein Vater Bernard Kenway aus Manchester und seine Mutter Linette Hopkins aus Cardiff stammten aus der Arbeiterklasse. Im Alter von zehn Jahren zog seine Familie nach Bristol im S\u00fcdwesten Englands, um dort auf einem Bauernhof zu leben. Seine Eltern waren stolz auf ihr bescheidenes und ehrliches Leben. Edward jedoch litt sehr unter dieser Entwurzelung und wurde immer rebellischer. Mit 17 Jahren verbrachte er die meiste Zeit mit den \u201eb\u00f6sen Jungs\u201d der Stadt, mit denen er sich in alle m\u00f6glichen Schwierigkeiten brachte.<\/p>\n<h2>Tauche ein in die Welt von Assassin's Creed mit den besten Spr\u00fcchen auf R\u00e9plique Manga Cin\u00e9<\/h2>\n<p>Auf R\u00e9plique Manga Cin\u00e9 finden Sie die sch\u00f6nsten Assassin's Creed-Repliken aus den verschiedenen Kultspielen der Saga. F\u00fcr Fans von Ezio, dem ber\u00fchmten <a href=\"https:\/\/repliquemangacine.fr\/de\/assassins-creed-handschuhe\/ezio-gantlet-assassins-creed-brotherhood\/\">Assassin's Creed Brotherhood-Handschuh<\/a> mit versteckter Klinge ist ein Muss. Sie m\u00f6gen es lieber piratig? Entscheiden Sie sich f\u00fcr den <a href=\"https:\/\/repliquemangacine.fr\/de\/waffen-assassins-creed\/italienische-steinschlosspistole-edward-kenway-assassin-s-creed-iv\/\">Edward Kenways Steinschlosspistole<\/a>direkt aus Assassin's Creed IV. Hinzu kommt das <a href=\"https:\/\/repliquemangacine.fr\/de\/assassins-creed-handschuhe\/versteckte-klinge-handschuh-assassins-creed-black-flag\/\">Piratenhandschuh mit Geheimklinge<\/a>, das von Edward Kenway auch in Black Flag verwendet wird. Der Geist der Freiheit setzt sich mit der<a href=\"https:\/\/repliquemangacine.fr\/de\/waffen-assassins-creed\/assassin-s-creed-odyssey-replica-leonidas-gebrochener-speer\/\"> zerbrochene Lanze des Leonidas<\/a>aus Assassin's Creed Odyssey. F\u00fcr Fans von Wikingerk\u00e4mpfen entdecken Sie die beiden <a href=\"https:\/\/repliquemangacine.fr\/de\/waffen-assassins-creed\/axte-assassins-creed-valhalla\/\">\u00c4xte von Eivor aus Walhalla<\/a>, ebenso realistisch wie beeindruckend.<br \/>\nUnser Shop bietet viele weitere originalgetreue Repliken f\u00fcr Sammler und Fans von Assassin's Creed. Zusammenfassend l\u00e4sst sich sagen, dass es sich um ein reichhaltiges Universum handelt, das es durch authentische und sorgf\u00e4ltig gefertigte St\u00fccke zu entdecken gilt, um jedes legend\u00e4re Abenteuer noch einmal zu erleben.<\/p>","protected":false},"excerpt":{"rendered":"<p>Wundersch\u00f6ner Black Flag-Schl\u00fcsselanh\u00e4nger in Assassin's creed<\/p>\n<ul>\n<li>Doppelter Schl\u00fcsselanh\u00e4nger aus Metall Logo + Kopf<\/li>\n<li>Kette und Ring aus Metall<\/li>\n<li>Wird in einem Vitrinenblister geliefert<\/li>\n<li>H\u00f6he jedes Elements ca. 5cm<\/li>\n<\/ul>","protected":false},"featured_media":83730,"template":"","meta":[],"product_brand":[896],"product_cat":[48,96],"product_tag":[],"class_list":{"0":"post-83729","1":"product","2":"type-product","3":"status-publish","4":"has-post-thumbnail","6":"product_brand-replique-manga-cine","7":"product_cat-epees-assassins-creed-armes-assassins-creed","8":"product_cat-porte-cles-goodies","10":"first","11":"instock","12":"taxable","13":"shipping-taxable","14":"purchasable","15":"product-type-simple"},"yoast_head":"<!-- This site is optimized with the Yoast SEO plugin v27.5 - https:\/\/yoast.com\/product\/yoast-seo-wordpress\/ -->\n<title>Porte-cl\u00e9s Black Flag - Assassin&#039;s Creed - R\u00e9plique Manga Cin\u00e9<\/title>\n<meta name=\"description\" content=\"Porte-cl\u00e9s Black Flag Assassin\u2019s Creed avec logo + t\u00eate d\u2019oiseau. Id\u00e9al pour fans de pirates, de libert\u00e9 et de la Confr\u00e9rie !\" \/>\n<meta name=\"robots\" content=\"index, follow, max-snippet:-1, max-image-preview:large, max-video-preview:-1\" \/>\n<link rel=\"canonical\" href=\"https:\/\/repliquemangacine.fr\/de\/schlusselanhanger-goodies\/schlusselanhanger-black-flag-assassins-creed\/\" \/>\n<meta property=\"og:locale\" content=\"de_DE\" \/>\n<meta property=\"og:type\" content=\"article\" \/>\n<meta property=\"og:title\" content=\"Porte-cl\u00e9s Black Flag - Assassin&#039;s Creed - R\u00e9plique Manga Cin\u00e9\" \/>\n<meta property=\"og:description\" content=\"Porte-cl\u00e9s Black Flag Assassin\u2019s Creed avec logo + t\u00eate d\u2019oiseau. Id\u00e9al pour fans de pirates, de libert\u00e9 et de la Confr\u00e9rie !\" \/>\n<meta property=\"og:url\" content=\"https:\/\/repliquemangacine.fr\/de\/schlusselanhanger-goodies\/schlusselanhanger-black-flag-assassins-creed\/\" \/>\n<meta property=\"og:site_name\" content=\"R\u00e9plique Manga Cin\u00e9\" \/>\n<meta property=\"article:publisher\" content=\"https:\/\/www.facebook.com\/RepliqueMangaCine\" \/>\n<meta property=\"article:modified_time\" content=\"2026-03-13T10:45:45+00:00\" \/>\n<meta property=\"og:image\" content=\"https:\/\/repliquemangacine.fr\/wp-content\/uploads\/2025\/04\/porte-cles-assassin-creed.jpg\" \/>\n\t<meta property=\"og:image:width\" content=\"500\" \/>\n\t<meta property=\"og:image:height\" content=\"500\" \/>\n\t<meta property=\"og:image:type\" content=\"image\/jpeg\" \/>\n<meta name=\"twitter:card\" content=\"summary_large_image\" \/>\n<meta name=\"twitter:label1\" content=\"Gesch\u00e4tzte Lesezeit\" \/>\n\t<meta name=\"twitter:data1\" content=\"2\u00a0Minuten\" \/>\n<script type=\"application\/ld+json\" class=\"yoast-schema-graph\">{\"@context\":\"https:\\\/\\\/schema.org\",\"@graph\":[{\"@type\":\"WebPage\",\"@id\":\"https:\\\/\\\/repliquemangacine.fr\\\/porte-cles-goodies\\\/porte-cles-black-flag-assassins-creed\\\/\",\"url\":\"https:\\\/\\\/repliquemangacine.fr\\\/porte-cles-goodies\\\/porte-cles-black-flag-assassins-creed\\\/\",\"name\":\"Porte-cl\u00e9s Black Flag - Assassin's Creed - R\u00e9plique Manga Cin\u00e9\",\"isPartOf\":{\"@id\":\"https:\\\/\\\/repliquemangacine.fr\\\/#website\"},\"primaryImageOfPage\":{\"@id\":\"https:\\\/\\\/repliquemangacine.fr\\\/porte-cles-goodies\\\/porte-cles-black-flag-assassins-creed\\\/#primaryimage\"},\"image\":{\"@id\":\"https:\\\/\\\/repliquemangacine.fr\\\/porte-cles-goodies\\\/porte-cles-black-flag-assassins-creed\\\/#primaryimage\"},\"thumbnailUrl\":\"https:\\\/\\\/repliquemangacine.fr\\\/wp-content\\\/uploads\\\/2025\\\/04\\\/porte-cles-assassin-creed.jpg\",\"datePublished\":\"2025-04-21T14:18:07+00:00\",\"dateModified\":\"2026-03-13T10:45:45+00:00\",\"description\":\"Porte-cl\u00e9s Black Flag Assassin\u2019s Creed avec logo + t\u00eate d\u2019oiseau. Id\u00e9al pour fans de pirates, de libert\u00e9 et de la Confr\u00e9rie !\",\"breadcrumb\":{\"@id\":\"https:\\\/\\\/repliquemangacine.fr\\\/porte-cles-goodies\\\/porte-cles-black-flag-assassins-creed\\\/#breadcrumb\"},\"inLanguage\":\"de\",\"potentialAction\":[{\"@type\":\"ReadAction\",\"target\":[\"https:\\\/\\\/repliquemangacine.fr\\\/porte-cles-goodies\\\/porte-cles-black-flag-assassins-creed\\\/\"]}]},{\"@type\":\"ImageObject\",\"inLanguage\":\"de\",\"@id\":\"https:\\\/\\\/repliquemangacine.fr\\\/porte-cles-goodies\\\/porte-cles-black-flag-assassins-creed\\\/#primaryimage\",\"url\":\"https:\\\/\\\/repliquemangacine.fr\\\/wp-content\\\/uploads\\\/2025\\\/04\\\/porte-cles-assassin-creed.jpg\",\"contentUrl\":\"https:\\\/\\\/repliquemangacine.fr\\\/wp-content\\\/uploads\\\/2025\\\/04\\\/porte-cles-assassin-creed.jpg\",\"width\":500,\"height\":500,\"caption\":\"Porte-cl\u00e9s Black Flag Assassin's Creed\"},{\"@type\":\"BreadcrumbList\",\"@id\":\"https:\\\/\\\/repliquemangacine.fr\\\/porte-cles-goodies\\\/porte-cles-black-flag-assassins-creed\\\/#breadcrumb\",\"itemListElement\":[{\"@type\":\"ListItem\",\"position\":1,\"name\":\"Accueil\",\"item\":\"https:\\\/\\\/repliquemangacine.fr\\\/\"},{\"@type\":\"ListItem\",\"position\":2,\"name\":\"Produits\",\"item\":\"https:\\\/\\\/repliquemangacine.fr\\\/boutique\\\/\"},{\"@type\":\"ListItem\",\"position\":3,\"name\":\"Porte-cl\u00e9s Black Flag &#8211; Assassin&#8217;s Creed\"}]},{\"@type\":\"WebSite\",\"@id\":\"https:\\\/\\\/repliquemangacine.fr\\\/#website\",\"url\":\"https:\\\/\\\/repliquemangacine.fr\\\/\",\"name\":\"R\u00e9plique Manga Cin\u00e9\",\"description\":\"\",\"publisher\":{\"@id\":\"https:\\\/\\\/repliquemangacine.fr\\\/#organization\"},\"potentialAction\":[{\"@type\":\"SearchAction\",\"target\":{\"@type\":\"EntryPoint\",\"urlTemplate\":\"https:\\\/\\\/repliquemangacine.fr\\\/?s={search_term_string}\"},\"query-input\":{\"@type\":\"PropertyValueSpecification\",\"valueRequired\":true,\"valueName\":\"search_term_string\"}}],\"inLanguage\":\"de\"},{\"@type\":\"Organization\",\"@id\":\"https:\\\/\\\/repliquemangacine.fr\\\/#organization\",\"name\":\"R\u00e9plique Manga Cin\u00e9\",\"url\":\"https:\\\/\\\/repliquemangacine.fr\\\/\",\"logo\":{\"@type\":\"ImageObject\",\"inLanguage\":\"de\",\"@id\":\"https:\\\/\\\/repliquemangacine.fr\\\/#\\\/schema\\\/logo\\\/image\\\/\",\"url\":\"https:\\\/\\\/repliquemangacine.fr\\\/wp-content\\\/uploads\\\/2023\\\/10\\\/RMC-500250.png\",\"contentUrl\":\"https:\\\/\\\/repliquemangacine.fr\\\/wp-content\\\/uploads\\\/2023\\\/10\\\/RMC-500250.png\",\"width\":500,\"height\":250,\"caption\":\"R\u00e9plique Manga Cin\u00e9\"},\"image\":{\"@id\":\"https:\\\/\\\/repliquemangacine.fr\\\/#\\\/schema\\\/logo\\\/image\\\/\"},\"sameAs\":[\"https:\\\/\\\/www.facebook.com\\\/RepliqueMangaCine\",\"https:\\\/\\\/www.instagram.com\\\/repliquemangacine.fr\\\/\"]}]}<\/script>\n<!-- \/ Yoast SEO plugin. -->","yoast_head_json":{"title":"Black Flag Schl\u00fcsselanh\u00e4nger - Assassin's Creed - R\u00e9plique Manga Cin\u00e9","description":"Assassin's Creed Black Flag-Schl\u00fcsselanh\u00e4nger mit Logo + Vogelkopf. Ideal f\u00fcr Fans von Piraten, Freiheit und der Bruderschaft!","robots":{"index":"index","follow":"follow","max-snippet":"max-snippet:-1","max-image-preview":"max-image-preview:large","max-video-preview":"max-video-preview:-1"},"canonical":"https:\/\/repliquemangacine.fr\/de\/schlusselanhanger-goodies\/schlusselanhanger-black-flag-assassins-creed\/","og_locale":"de_DE","og_type":"article","og_title":"Porte-cl\u00e9s Black Flag - Assassin's Creed - R\u00e9plique Manga Cin\u00e9","og_description":"Porte-cl\u00e9s Black Flag Assassin\u2019s Creed avec logo + t\u00eate d\u2019oiseau. Id\u00e9al pour fans de pirates, de libert\u00e9 et de la Confr\u00e9rie !","og_url":"https:\/\/repliquemangacine.fr\/de\/schlusselanhanger-goodies\/schlusselanhanger-black-flag-assassins-creed\/","og_site_name":"R\u00e9plique Manga Cin\u00e9","article_publisher":"https:\/\/www.facebook.com\/RepliqueMangaCine","article_modified_time":"2026-03-13T10:45:45+00:00","og_image":[{"width":500,"height":500,"url":"https:\/\/repliquemangacine.fr\/wp-content\/uploads\/2025\/04\/porte-cles-assassin-creed.jpg","type":"image\/jpeg"}],"twitter_card":"summary_large_image","twitter_misc":{"Gesch\u00e4tzte Lesezeit":"2\u00a0Minuten"},"schema":{"@context":"https:\/\/schema.org","@graph":[{"@type":"WebPage","@id":"https:\/\/repliquemangacine.fr\/porte-cles-goodies\/porte-cles-black-flag-assassins-creed\/","url":"https:\/\/repliquemangacine.fr\/porte-cles-goodies\/porte-cles-black-flag-assassins-creed\/","name":"Black Flag Schl\u00fcsselanh\u00e4nger - Assassin's Creed - R\u00e9plique Manga Cin\u00e9","isPartOf":{"@id":"https:\/\/repliquemangacine.fr\/#website"},"primaryImageOfPage":{"@id":"https:\/\/repliquemangacine.fr\/porte-cles-goodies\/porte-cles-black-flag-assassins-creed\/#primaryimage"},"image":{"@id":"https:\/\/repliquemangacine.fr\/porte-cles-goodies\/porte-cles-black-flag-assassins-creed\/#primaryimage"},"thumbnailUrl":"https:\/\/repliquemangacine.fr\/wp-content\/uploads\/2025\/04\/porte-cles-assassin-creed.jpg","datePublished":"2025-04-21T14:18:07+00:00","dateModified":"2026-03-13T10:45:45+00:00","description":"Assassin's Creed Black Flag-Schl\u00fcsselanh\u00e4nger mit Logo + Vogelkopf. Ideal f\u00fcr Fans von Piraten, Freiheit und der Bruderschaft!","breadcrumb":{"@id":"https:\/\/repliquemangacine.fr\/porte-cles-goodies\/porte-cles-black-flag-assassins-creed\/#breadcrumb"},"inLanguage":"de","potentialAction":[{"@type":"ReadAction","target":["https:\/\/repliquemangacine.fr\/porte-cles-goodies\/porte-cles-black-flag-assassins-creed\/"]}]},{"@type":"ImageObject","inLanguage":"de","@id":"https:\/\/repliquemangacine.fr\/porte-cles-goodies\/porte-cles-black-flag-assassins-creed\/#primaryimage","url":"https:\/\/repliquemangacine.fr\/wp-content\/uploads\/2025\/04\/porte-cles-assassin-creed.jpg","contentUrl":"https:\/\/repliquemangacine.fr\/wp-content\/uploads\/2025\/04\/porte-cles-assassin-creed.jpg","width":500,"height":500,"caption":"Porte-cl\u00e9s Black Flag Assassin's Creed"},{"@type":"BreadcrumbList","@id":"https:\/\/repliquemangacine.fr\/porte-cles-goodies\/porte-cles-black-flag-assassins-creed\/#breadcrumb","itemListElement":[{"@type":"ListItem","position":1,"name":"Accueil","item":"https:\/\/repliquemangacine.fr\/"},{"@type":"ListItem","position":2,"name":"Produits","item":"https:\/\/repliquemangacine.fr\/boutique\/"},{"@type":"ListItem","position":3,"name":"Porte-cl\u00e9s Black Flag &#8211; Assassin&#8217;s Creed"}]},{"@type":"WebSite","@id":"https:\/\/repliquemangacine.fr\/#website","url":"https:\/\/repliquemangacine.fr\/","name":"R\u00e9plique Manga Cin\u00e9","description":"","publisher":{"@id":"https:\/\/repliquemangacine.fr\/#organization"},"potentialAction":[{"@type":"SearchAction","target":{"@type":"EntryPoint","urlTemplate":"https:\/\/repliquemangacine.fr\/?s={search_term_string}"},"query-input":{"@type":"PropertyValueSpecification","valueRequired":true,"valueName":"search_term_string"}}],"inLanguage":"de"},{"@type":"Organization","@id":"https:\/\/repliquemangacine.fr\/#organization","name":"R\u00e9plique Manga Cin\u00e9","url":"https:\/\/repliquemangacine.fr\/","logo":{"@type":"ImageObject","inLanguage":"de","@id":"https:\/\/repliquemangacine.fr\/#\/schema\/logo\/image\/","url":"https:\/\/repliquemangacine.fr\/wp-content\/uploads\/2023\/10\/RMC-500250.png","contentUrl":"https:\/\/repliquemangacine.fr\/wp-content\/uploads\/2023\/10\/RMC-500250.png","width":500,"height":250,"caption":"R\u00e9plique Manga Cin\u00e9"},"image":{"@id":"https:\/\/repliquemangacine.fr\/#\/schema\/logo\/image\/"},"sameAs":["https:\/\/www.facebook.com\/RepliqueMangaCine","https:\/\/www.instagram.com\/repliquemangacine.fr\/"]}]}},"_links":{"self":[{"href":"https:\/\/repliquemangacine.fr\/de\/wp-json\/wp\/v2\/product\/83729","targetHints":{"allow":["GET"]}}],"collection":[{"href":"https:\/\/repliquemangacine.fr\/de\/wp-json\/wp\/v2\/product"}],"about":[{"href":"https:\/\/repliquemangacine.fr\/de\/wp-json\/wp\/v2\/types\/product"}],"wp:featuredmedia":[{"embeddable":true,"href":"https:\/\/repliquemangacine.fr\/de\/wp-json\/wp\/v2\/media\/83730"}],"wp:attachment":[{"href":"https:\/\/repliquemangacine.fr\/de\/wp-json\/wp\/v2\/media?parent=83729"}],"wp:term":[{"taxonomy":"product_brand","embeddable":true,"href":"https:\/\/repliquemangacine.fr\/de\/wp-json\/wp\/v2\/product_brand?post=83729"},{"taxonomy":"product_cat","embeddable":true,"href":"https:\/\/repliquemangacine.fr\/de\/wp-json\/wp\/v2\/product_cat?post=83729"},{"taxonomy":"product_tag","embeddable":true,"href":"https:\/\/repliquemangacine.fr\/de\/wp-json\/wp\/v2\/product_tag?post=83729"}],"curies":[{"name":"wp","href":"https:\/\/api.w.org\/{rel}","templated":true}]}}