





{"id":83722,"date":"2025-04-21T15:41:49","date_gmt":"2025-04-21T13:41:49","guid":{"rendered":"https:\/\/repliquemangacine.fr\/?post_type=product&#038;p=83722"},"modified":"2025-11-13T01:05:06","modified_gmt":"2025-11-13T00:05:06","slug":"schlusselanhanger-meliodas-chibi-seven-deadly-sins","status":"publish","type":"product","link":"https:\/\/repliquemangacine.fr\/de\/epees-seven-deadly-sins\/porte-cles-meliodas-chibi-seven-deadly-sins\/","title":{"rendered":"Schl\u00fcsselanh\u00e4nger Meliodas Chibi - Seven Deadly Sins"},"content":{"rendered":"<h2>Meliodas Chibi Schl\u00fcsselanh\u00e4nger - Der Humor und die Kraft der Seven Deadly Sins<\/h2>\n<p>Dieser entz\u00fcckende Schl\u00fcsselanh\u00e4nger zeigt Meliodas, den Anf\u00fchrer der Seven Deadly Sins, in einer charmanten Chibi-Version. Sein kawaii-Stil und seine pr\u00e4zise Verarbeitung machen ihn zu einem perfekten Accessoire f\u00fcr Anime-Fans. Er ist leicht und widerstandsf\u00e4hig und l\u00e4sst sich dank seines stabilen Rings und seines Metallkarabiners leicht befestigen. Meliodas ist trotz seines kindlichen Aussehens ein furchterregender Krieger mit unvergleichlichem Charisma.<br \/>\nHier finden Sie es in einem Mini-Format, das Sie \u00fcberallhin mitnehmen k\u00f6nnen! Ideal als kleines Geschenk oder zur Erweiterung Ihrer Manga-Goodies-Sammlung.<\/p>\n<p>Die <a href=\"https:\/\/seven-deadly-sins.fandom.com\/fr\/wiki\/Seven_Deadly_Sins\" target=\"_blank\" rel=\"noopener noreferrer\">Seven Deadly Sins<\/a> sind der m\u00e4chtigste, effektivste und gef\u00fcrchtetste Orden heiliger Ritter im K\u00f6nigreich Liones. Ihre Gruppe, bestehend aus sieben \"unschuldigen S\u00fcndern\", die von den Tods\u00fcnden inspiriert sind, die den Menschen zugeschrieben werden, und jedes Mitglied tr\u00e4gt ein anderes \"bestialisches Symbol\" auf seiner Haut t\u00e4towiert. Sie sind die titularen Hauptprotagonisten der Serie.<\/p>\n<h2>Die Welt der Seven Deadly Sins ist bei R\u00e9plique Manga Cin\u00e9: zwischen Repliken, Requisiten und totalem Eintauchen<\/h2>\n<p>Bei R\u00e9plique Manga Cin\u00e9 wird Seven Deadly Sins mit einer exklusiven Auswahl an Kultobjekten zum Leben erweckt. Entdecken Sie neben dem Schl\u00fcsselanh\u00e4nger auch die Replik des<a href=\"https:\/\/repliquemangacine.fr\/de\/epees-seven-deadly-sins\/schwert-des-meliodas-heiliger-tresor-lostvayne\/\">Lostvayne-Schwert<\/a>Die D\u00e4monenschneiderin. Es gibt auch den<a href=\"https:\/\/repliquemangacine.fr\/de\/epees-seven-deadly-sins\/drachenschwert-meliodas\/\">Drachenschwert<\/a> oder Meliodas' zerbrochenes Schwert mit einem speziell geformten Metallgriff, der wie Drachenschuppen geriffelt ist. Sowie das<a href=\"https:\/\/repliquemangacine.fr\/de\/epees-seven-deadly-sins\/liz-schwert-in-seven-deadly-sins\/\">Liz' Schwert<\/a> an Meliodas gegeben. Goodies f\u00fcr Fans <a href=\"https:\/\/repliquemangacine.fr\/de\/epees-seven-deadly-sins\/dragon-meliodas-box-seven-deadly-sins\/\">diese Drachenbox<\/a> 10 Stahlteile. Enth\u00e4lt: Chastiefol-Lanze von King, Rhitta-Axt von Escanor, Gideon-Hammeraxt von Diane und das Drachenschwert...<\/p>\n<p>Zusammenfassend l\u00e4sst sich sagen, dass Sie durch die Kombination Ihrer Accessoires zu Hause oder im B\u00fcro eine echte 100% Seven Deadly Sins-Atmosph\u00e4re schaffen k\u00f6nnen. Sammeln, pr\u00e4sentieren und leben Sie Ihre Leidenschaft mit Stil dank unserer sorgf\u00e4ltig ausgew\u00e4hlten Produkte f\u00fcr alle Fans dieses Universums.<\/p>","protected":false},"excerpt":{"rendered":"<p>Wundersch\u00f6ner Schl\u00fcsselanh\u00e4nger M\u00e9liodas Chibi<\/p>\n<ul>\n<li>Acrylfigur von jeder Seite<\/li>\n<li>Karabinerhaken und Kette aus Metall<\/li>\n<li>H\u00f6he: 5 cm - Breite: 2.5cm<\/li>\n<li>Gesamtl\u00e4nge mit Kette und Karabinerhaken: 10 cm<\/li>\n<\/ul>","protected":false},"featured_media":83725,"template":"","meta":[],"product_brand":[896],"product_cat":[96,110],"product_tag":[],"class_list":{"0":"post-83722","1":"product","2":"type-product","3":"status-publish","4":"has-post-thumbnail","6":"product_brand-replique-manga-cine","7":"product_cat-porte-cles-goodies","8":"product_cat-epees-seven-deadly-sins","10":"first","11":"instock","12":"taxable","13":"shipping-taxable","14":"purchasable","15":"product-type-simple"},"yoast_head":"<!-- This site is optimized with the Yoast SEO plugin v27.4 - https:\/\/yoast.com\/product\/yoast-seo-wordpress\/ -->\n<title>Porte-cl\u00e9s Meliodas Chibi \u2013 Seven Deadly Sins - R\u00e9plique Manga Cin\u00e9<\/title>\n<meta name=\"description\" content=\"Porte-cl\u00e9s Meliodas version chibi. Fun, mignon et pratique pour tous les fans de Seven Deadly Sins. Un accessoire \u00e0 collectionner d\u2019urgence !\" \/>\n<meta name=\"robots\" content=\"index, follow, max-snippet:-1, max-image-preview:large, max-video-preview:-1\" \/>\n<link rel=\"canonical\" href=\"https:\/\/repliquemangacine.fr\/de\/epees-seven-deadly-sins\/schlusselanhanger-meliodas-chibi-seven-deadly-sins\/\" \/>\n<meta property=\"og:locale\" content=\"de_DE\" \/>\n<meta property=\"og:type\" content=\"article\" \/>\n<meta property=\"og:title\" content=\"Porte-cl\u00e9s Meliodas Chibi \u2013 Seven Deadly Sins - R\u00e9plique Manga Cin\u00e9\" \/>\n<meta property=\"og:description\" content=\"Porte-cl\u00e9s Meliodas version chibi. Fun, mignon et pratique pour tous les fans de Seven Deadly Sins. Un accessoire \u00e0 collectionner d\u2019urgence !\" \/>\n<meta property=\"og:url\" content=\"https:\/\/repliquemangacine.fr\/de\/epees-seven-deadly-sins\/schlusselanhanger-meliodas-chibi-seven-deadly-sins\/\" \/>\n<meta property=\"og:site_name\" content=\"R\u00e9plique Manga Cin\u00e9\" \/>\n<meta property=\"article:publisher\" content=\"https:\/\/www.facebook.com\/RepliqueMangaCine\" \/>\n<meta property=\"article:modified_time\" content=\"2025-11-13T00:05:06+00:00\" \/>\n<meta property=\"og:image\" content=\"https:\/\/repliquemangacine.fr\/wp-content\/uploads\/2025\/04\/Porte-cles-Meliodas-Chibi.jpg\" \/>\n\t<meta property=\"og:image:width\" content=\"500\" \/>\n\t<meta property=\"og:image:height\" content=\"500\" \/>\n\t<meta property=\"og:image:type\" content=\"image\/jpeg\" \/>\n<meta name=\"twitter:card\" content=\"summary_large_image\" \/>\n<meta name=\"twitter:label1\" content=\"Gesch\u00e4tzte Lesezeit\" \/>\n\t<meta name=\"twitter:data1\" content=\"2\u00a0Minuten\" \/>\n<script type=\"application\/ld+json\" class=\"yoast-schema-graph\">{\"@context\":\"https:\\\/\\\/schema.org\",\"@graph\":[{\"@type\":\"WebPage\",\"@id\":\"https:\\\/\\\/repliquemangacine.fr\\\/epees-seven-deadly-sins\\\/porte-cles-meliodas-chibi-seven-deadly-sins\\\/\",\"url\":\"https:\\\/\\\/repliquemangacine.fr\\\/epees-seven-deadly-sins\\\/porte-cles-meliodas-chibi-seven-deadly-sins\\\/\",\"name\":\"Porte-cl\u00e9s Meliodas Chibi \u2013 Seven Deadly Sins - R\u00e9plique Manga Cin\u00e9\",\"isPartOf\":{\"@id\":\"https:\\\/\\\/repliquemangacine.fr\\\/#website\"},\"primaryImageOfPage\":{\"@id\":\"https:\\\/\\\/repliquemangacine.fr\\\/epees-seven-deadly-sins\\\/porte-cles-meliodas-chibi-seven-deadly-sins\\\/#primaryimage\"},\"image\":{\"@id\":\"https:\\\/\\\/repliquemangacine.fr\\\/epees-seven-deadly-sins\\\/porte-cles-meliodas-chibi-seven-deadly-sins\\\/#primaryimage\"},\"thumbnailUrl\":\"https:\\\/\\\/repliquemangacine.fr\\\/wp-content\\\/uploads\\\/2025\\\/04\\\/Porte-cles-Meliodas-Chibi.jpg\",\"datePublished\":\"2025-04-21T13:41:49+00:00\",\"dateModified\":\"2025-11-13T00:05:06+00:00\",\"description\":\"Porte-cl\u00e9s Meliodas version chibi. Fun, mignon et pratique pour tous les fans de Seven Deadly Sins. Un accessoire \u00e0 collectionner d\u2019urgence !\",\"breadcrumb\":{\"@id\":\"https:\\\/\\\/repliquemangacine.fr\\\/epees-seven-deadly-sins\\\/porte-cles-meliodas-chibi-seven-deadly-sins\\\/#breadcrumb\"},\"inLanguage\":\"de\",\"potentialAction\":[{\"@type\":\"ReadAction\",\"target\":[\"https:\\\/\\\/repliquemangacine.fr\\\/epees-seven-deadly-sins\\\/porte-cles-meliodas-chibi-seven-deadly-sins\\\/\"]}]},{\"@type\":\"ImageObject\",\"inLanguage\":\"de\",\"@id\":\"https:\\\/\\\/repliquemangacine.fr\\\/epees-seven-deadly-sins\\\/porte-cles-meliodas-chibi-seven-deadly-sins\\\/#primaryimage\",\"url\":\"https:\\\/\\\/repliquemangacine.fr\\\/wp-content\\\/uploads\\\/2025\\\/04\\\/Porte-cles-Meliodas-Chibi.jpg\",\"contentUrl\":\"https:\\\/\\\/repliquemangacine.fr\\\/wp-content\\\/uploads\\\/2025\\\/04\\\/Porte-cles-Meliodas-Chibi.jpg\",\"width\":500,\"height\":500,\"caption\":\"Porte-cl\u00e9s M\u00e9liodas Chibi\"},{\"@type\":\"BreadcrumbList\",\"@id\":\"https:\\\/\\\/repliquemangacine.fr\\\/epees-seven-deadly-sins\\\/porte-cles-meliodas-chibi-seven-deadly-sins\\\/#breadcrumb\",\"itemListElement\":[{\"@type\":\"ListItem\",\"position\":1,\"name\":\"Accueil\",\"item\":\"https:\\\/\\\/repliquemangacine.fr\\\/\"},{\"@type\":\"ListItem\",\"position\":2,\"name\":\"Produits\",\"item\":\"https:\\\/\\\/repliquemangacine.fr\\\/boutique\\\/\"},{\"@type\":\"ListItem\",\"position\":3,\"name\":\"Porte-cl\u00e9s Meliodas Chibi \u2013 Seven Deadly Sins\"}]},{\"@type\":\"WebSite\",\"@id\":\"https:\\\/\\\/repliquemangacine.fr\\\/#website\",\"url\":\"https:\\\/\\\/repliquemangacine.fr\\\/\",\"name\":\"R\u00e9plique Manga Cin\u00e9\",\"description\":\"\",\"publisher\":{\"@id\":\"https:\\\/\\\/repliquemangacine.fr\\\/#organization\"},\"potentialAction\":[{\"@type\":\"SearchAction\",\"target\":{\"@type\":\"EntryPoint\",\"urlTemplate\":\"https:\\\/\\\/repliquemangacine.fr\\\/?s={search_term_string}\"},\"query-input\":{\"@type\":\"PropertyValueSpecification\",\"valueRequired\":true,\"valueName\":\"search_term_string\"}}],\"inLanguage\":\"de\"},{\"@type\":\"Organization\",\"@id\":\"https:\\\/\\\/repliquemangacine.fr\\\/#organization\",\"name\":\"R\u00e9plique Manga Cin\u00e9\",\"url\":\"https:\\\/\\\/repliquemangacine.fr\\\/\",\"logo\":{\"@type\":\"ImageObject\",\"inLanguage\":\"de\",\"@id\":\"https:\\\/\\\/repliquemangacine.fr\\\/#\\\/schema\\\/logo\\\/image\\\/\",\"url\":\"https:\\\/\\\/repliquemangacine.fr\\\/wp-content\\\/uploads\\\/2023\\\/10\\\/RMC-500250.png\",\"contentUrl\":\"https:\\\/\\\/repliquemangacine.fr\\\/wp-content\\\/uploads\\\/2023\\\/10\\\/RMC-500250.png\",\"width\":500,\"height\":250,\"caption\":\"R\u00e9plique Manga Cin\u00e9\"},\"image\":{\"@id\":\"https:\\\/\\\/repliquemangacine.fr\\\/#\\\/schema\\\/logo\\\/image\\\/\"},\"sameAs\":[\"https:\\\/\\\/www.facebook.com\\\/RepliqueMangaCine\",\"https:\\\/\\\/www.instagram.com\\\/repliquemangacine.fr\\\/\"]}]}<\/script>\n<!-- \/ Yoast SEO plugin. -->","yoast_head_json":{"title":"Schl\u00fcsselanh\u00e4nger Meliodas Chibi - Seven Deadly Sins - R\u00e9plique Manga Cin\u00e9","description":"Meliodas-Schl\u00fcsselanh\u00e4nger in Chibi-Version. Fun, s\u00fc\u00df und praktisch f\u00fcr alle Fans von Seven Deadly Sins. Ein Accessoire, das Sie dringend sammeln sollten!","robots":{"index":"index","follow":"follow","max-snippet":"max-snippet:-1","max-image-preview":"max-image-preview:large","max-video-preview":"max-video-preview:-1"},"canonical":"https:\/\/repliquemangacine.fr\/de\/epees-seven-deadly-sins\/schlusselanhanger-meliodas-chibi-seven-deadly-sins\/","og_locale":"de_DE","og_type":"article","og_title":"Porte-cl\u00e9s Meliodas Chibi \u2013 Seven Deadly Sins - R\u00e9plique Manga Cin\u00e9","og_description":"Porte-cl\u00e9s Meliodas version chibi. Fun, mignon et pratique pour tous les fans de Seven Deadly Sins. Un accessoire \u00e0 collectionner d\u2019urgence !","og_url":"https:\/\/repliquemangacine.fr\/de\/epees-seven-deadly-sins\/schlusselanhanger-meliodas-chibi-seven-deadly-sins\/","og_site_name":"R\u00e9plique Manga Cin\u00e9","article_publisher":"https:\/\/www.facebook.com\/RepliqueMangaCine","article_modified_time":"2025-11-13T00:05:06+00:00","og_image":[{"width":500,"height":500,"url":"https:\/\/repliquemangacine.fr\/wp-content\/uploads\/2025\/04\/Porte-cles-Meliodas-Chibi.jpg","type":"image\/jpeg"}],"twitter_card":"summary_large_image","twitter_misc":{"Gesch\u00e4tzte Lesezeit":"2\u00a0Minuten"},"schema":{"@context":"https:\/\/schema.org","@graph":[{"@type":"WebPage","@id":"https:\/\/repliquemangacine.fr\/epees-seven-deadly-sins\/porte-cles-meliodas-chibi-seven-deadly-sins\/","url":"https:\/\/repliquemangacine.fr\/epees-seven-deadly-sins\/porte-cles-meliodas-chibi-seven-deadly-sins\/","name":"Schl\u00fcsselanh\u00e4nger Meliodas Chibi - Seven Deadly Sins - R\u00e9plique Manga Cin\u00e9","isPartOf":{"@id":"https:\/\/repliquemangacine.fr\/#website"},"primaryImageOfPage":{"@id":"https:\/\/repliquemangacine.fr\/epees-seven-deadly-sins\/porte-cles-meliodas-chibi-seven-deadly-sins\/#primaryimage"},"image":{"@id":"https:\/\/repliquemangacine.fr\/epees-seven-deadly-sins\/porte-cles-meliodas-chibi-seven-deadly-sins\/#primaryimage"},"thumbnailUrl":"https:\/\/repliquemangacine.fr\/wp-content\/uploads\/2025\/04\/Porte-cles-Meliodas-Chibi.jpg","datePublished":"2025-04-21T13:41:49+00:00","dateModified":"2025-11-13T00:05:06+00:00","description":"Meliodas-Schl\u00fcsselanh\u00e4nger in Chibi-Version. Fun, s\u00fc\u00df und praktisch f\u00fcr alle Fans von Seven Deadly Sins. Ein Accessoire, das Sie dringend sammeln sollten!","breadcrumb":{"@id":"https:\/\/repliquemangacine.fr\/epees-seven-deadly-sins\/porte-cles-meliodas-chibi-seven-deadly-sins\/#breadcrumb"},"inLanguage":"de","potentialAction":[{"@type":"ReadAction","target":["https:\/\/repliquemangacine.fr\/epees-seven-deadly-sins\/porte-cles-meliodas-chibi-seven-deadly-sins\/"]}]},{"@type":"ImageObject","inLanguage":"de","@id":"https:\/\/repliquemangacine.fr\/epees-seven-deadly-sins\/porte-cles-meliodas-chibi-seven-deadly-sins\/#primaryimage","url":"https:\/\/repliquemangacine.fr\/wp-content\/uploads\/2025\/04\/Porte-cles-Meliodas-Chibi.jpg","contentUrl":"https:\/\/repliquemangacine.fr\/wp-content\/uploads\/2025\/04\/Porte-cles-Meliodas-Chibi.jpg","width":500,"height":500,"caption":"Porte-cl\u00e9s M\u00e9liodas Chibi"},{"@type":"BreadcrumbList","@id":"https:\/\/repliquemangacine.fr\/epees-seven-deadly-sins\/porte-cles-meliodas-chibi-seven-deadly-sins\/#breadcrumb","itemListElement":[{"@type":"ListItem","position":1,"name":"Accueil","item":"https:\/\/repliquemangacine.fr\/"},{"@type":"ListItem","position":2,"name":"Produits","item":"https:\/\/repliquemangacine.fr\/boutique\/"},{"@type":"ListItem","position":3,"name":"Porte-cl\u00e9s Meliodas Chibi \u2013 Seven Deadly Sins"}]},{"@type":"WebSite","@id":"https:\/\/repliquemangacine.fr\/#website","url":"https:\/\/repliquemangacine.fr\/","name":"R\u00e9plique Manga Cin\u00e9","description":"","publisher":{"@id":"https:\/\/repliquemangacine.fr\/#organization"},"potentialAction":[{"@type":"SearchAction","target":{"@type":"EntryPoint","urlTemplate":"https:\/\/repliquemangacine.fr\/?s={search_term_string}"},"query-input":{"@type":"PropertyValueSpecification","valueRequired":true,"valueName":"search_term_string"}}],"inLanguage":"de"},{"@type":"Organization","@id":"https:\/\/repliquemangacine.fr\/#organization","name":"R\u00e9plique Manga Cin\u00e9","url":"https:\/\/repliquemangacine.fr\/","logo":{"@type":"ImageObject","inLanguage":"de","@id":"https:\/\/repliquemangacine.fr\/#\/schema\/logo\/image\/","url":"https:\/\/repliquemangacine.fr\/wp-content\/uploads\/2023\/10\/RMC-500250.png","contentUrl":"https:\/\/repliquemangacine.fr\/wp-content\/uploads\/2023\/10\/RMC-500250.png","width":500,"height":250,"caption":"R\u00e9plique Manga Cin\u00e9"},"image":{"@id":"https:\/\/repliquemangacine.fr\/#\/schema\/logo\/image\/"},"sameAs":["https:\/\/www.facebook.com\/RepliqueMangaCine","https:\/\/www.instagram.com\/repliquemangacine.fr\/"]}]}},"_links":{"self":[{"href":"https:\/\/repliquemangacine.fr\/de\/wp-json\/wp\/v2\/product\/83722","targetHints":{"allow":["GET"]}}],"collection":[{"href":"https:\/\/repliquemangacine.fr\/de\/wp-json\/wp\/v2\/product"}],"about":[{"href":"https:\/\/repliquemangacine.fr\/de\/wp-json\/wp\/v2\/types\/product"}],"wp:featuredmedia":[{"embeddable":true,"href":"https:\/\/repliquemangacine.fr\/de\/wp-json\/wp\/v2\/media\/83725"}],"wp:attachment":[{"href":"https:\/\/repliquemangacine.fr\/de\/wp-json\/wp\/v2\/media?parent=83722"}],"wp:term":[{"taxonomy":"product_brand","embeddable":true,"href":"https:\/\/repliquemangacine.fr\/de\/wp-json\/wp\/v2\/product_brand?post=83722"},{"taxonomy":"product_cat","embeddable":true,"href":"https:\/\/repliquemangacine.fr\/de\/wp-json\/wp\/v2\/product_cat?post=83722"},{"taxonomy":"product_tag","embeddable":true,"href":"https:\/\/repliquemangacine.fr\/de\/wp-json\/wp\/v2\/product_tag?post=83722"}],"curies":[{"name":"wp","href":"https:\/\/api.w.org\/{rel}","templated":true}]}}