





{"id":83712,"date":"2025-04-21T14:35:17","date_gmt":"2025-04-21T12:35:17","guid":{"rendered":"https:\/\/repliquemangacine.fr\/?post_type=product&#038;p=83712"},"modified":"2025-11-13T01:05:58","modified_gmt":"2025-11-13T00:05:58","slug":"schlusselanhanger-dmc-devil-may-cry","status":"publish","type":"product","link":"https:\/\/repliquemangacine.fr\/de\/porte-cles-goodies\/porte-cles-dmc-devil-may-cry\/","title":{"rendered":"DMC-Schl\u00fcsselanh\u00e4nger - Devil May Cry"},"content":{"rendered":"<h2>DMC Schl\u00fcsselanh\u00e4nger - Devil May Cry - Der d\u00e4monische Stil zum Anfassen<\/h2>\n<p>Tauchen Sie ein in die d\u00fcstere und stilvolle Welt von Devil May Cry mit diesem Sammler-Schl\u00fcsselanh\u00e4nger, der das Bildnis der Kult-Saga tr\u00e4gt. Kompakt und praktisch, ist er perfekt, um Ihren Schl\u00fcsseln, Ihrer Tasche oder Ihrer Lieblingsjacke einen coolen Touch zu verleihen.<br \/>\nSein gepflegtes Design erinnert an die dynamische und elegante \u00c4sthetik von <a href=\"https:\/\/devilmaycry.fandom.com\/wiki\/Dante\" target=\"_blank\" rel=\"noopener noreferrer\">Dante<\/a>, dem coolsten D\u00e4monenj\u00e4ger der Videospielwelt. Er ist leicht, aber widerstandsf\u00e4hig und wurde f\u00fcr eine lange Lebensdauer entwickelt, ohne dabei seinen einzigartigen Stil zu verlieren, den die Fans so lieben. Ein Must-have f\u00fcr Gamer und Sammler, die Action und stylische Repliken lieben. Mit diesem ebenso stilvollen wie ikonischen Schl\u00fcsselanh\u00e4nger k\u00f6nnen Sie ein St\u00fcckchen der DMC-Welt \u00fcberallhin mitnehmen.<\/p>\n<p>Dante ist der Hauptprotagonist der Devil May Cry-Reihe. Er ist der zweite Sohn des D\u00e4mons Sparda und der Menschin Eva und der j\u00fcngere Zwillingsbruder von Vergil. Dante ist ein paranormaler S\u00f6ldner, Privatdetektiv und vigilantischer D\u00e4monenj\u00e4ger, der sich der Ausrottung b\u00f6ser D\u00e4monen und anderer \u00fcbernat\u00fcrlicher M\u00e4chte verschrieben hat \u2013 eine Mission, die er im Namen derer verfolgt, die seine Mutter get\u00f6tet und seinen Bruder korrumpiert haben.<\/p>\n<h2>Finden Sie alle Ihre Repliken und Sammlerst\u00fccke von DMC bei R\u00e9plique Manga Cin\u00e9<\/h2>\n<p>R\u00e9plique Manga Cin\u00e9 bietet Ihnen mehr als nur einen Schl\u00fcsselanh\u00e4nger: Die ganze Welt der Videospiele wartet auf Sie. Entdecken Sie zun\u00e4chst die meisterhafte <a href=\"https:\/\/repliquemangacine.fr\/de\/katana-und-schwert-von-videospielen-andere-videospiele\/devil-sword-dantes-teufelsschwert-devil-my-cry\/\">Schwert Devil Sword<\/a> von Dante in Devil My Cry 5, das vollst\u00e4ndig aus Glasfaser und einer Metallstruktur im Inneren besteht. Es gibt auch diese Nachbildung des<a href=\"https:\/\/repliquemangacine.fr\/de\/katana-und-schwert-von-videospielen-andere-videospiele\/epee-red-queen-devil-my-cry\/\">Neros Schwert Red Queen<\/a>Mit dem gleichen Gasgriff wie im Spiel. Gibt es auch als Dolchversion. Zum Schluss noch der gro\u00dfartige <a href=\"https:\/\/repliquemangacine.fr\/de\/katana-und-schwert-von-videospielen-andere-videospiele\/katana-vergil-yamato-v2\/\">Vergils Katana<\/a>, Yamato in seiner neuen Version in Devil My Cry 5. Dar\u00fcber hinaus ist nat\u00fcrlich auch das Original Yamato in unserem Katalog enthalten.<\/p>\n<p>Sie haben sicher verstanden, dass diese Schwerter nicht nur Waffen sind, sondern auch Erweiterungen der Charaktere, die sie f\u00fchren.<\/p>","protected":false},"excerpt":{"rendered":"<p>Wundersch\u00f6ner Devil My Cry-Schl\u00fcsselanh\u00e4nger<\/p>\n<ul>\n<li>Vollst\u00e4ndig aus Stahl<\/li>\n<li>Kette, Ring und Karabinerhaken aus Stahl<\/li>\n<li>Wird in einem Vitrinenblister geliefert<\/li>\n<li>H\u00f6he des Logos: 5.5 cm - Breite: 2.5 cm<\/li>\n<li>Gesamtl\u00e4nge mit Ring und Kette: 11.5cm<\/li>\n<\/ul>","protected":false},"featured_media":83714,"template":"","meta":[],"product_brand":[896],"product_cat":[94,96],"product_tag":[],"class_list":{"0":"post-83712","1":"product","2":"type-product","3":"status-publish","4":"has-post-thumbnail","6":"product_brand-replique-manga-cine","7":"product_cat-goodies","8":"product_cat-porte-cles-goodies","10":"first","11":"instock","12":"taxable","13":"shipping-taxable","14":"purchasable","15":"product-type-simple"},"yoast_head":"<!-- This site is optimized with the Yoast SEO plugin v27.5 - https:\/\/yoast.com\/product\/yoast-seo-wordpress\/ -->\n<title>Porte-cl\u00e9s DMC - Devil May Cry - R\u00e9plique Manga Cin\u00e9<\/title>\n<meta name=\"description\" content=\"Porte-cl\u00e9s DMC (Devil May Cry) au design styl\u00e9. Accessoire gamer incontournable. L\u2019univers de Dante \u00e0 accrocher \u00e0 vos cl\u00e9s ou sac. Bo\u00eete vitrine.\" \/>\n<meta name=\"robots\" content=\"index, follow, max-snippet:-1, max-image-preview:large, max-video-preview:-1\" \/>\n<link rel=\"canonical\" href=\"https:\/\/repliquemangacine.fr\/de\/schlusselanhanger-goodies\/schlusselanhanger-dmc-devil-may-cry\/\" \/>\n<meta property=\"og:locale\" content=\"de_DE\" \/>\n<meta property=\"og:type\" content=\"article\" \/>\n<meta property=\"og:title\" content=\"Porte-cl\u00e9s DMC - Devil May Cry - R\u00e9plique Manga Cin\u00e9\" \/>\n<meta property=\"og:description\" content=\"Porte-cl\u00e9s DMC (Devil May Cry) au design styl\u00e9. Accessoire gamer incontournable. L\u2019univers de Dante \u00e0 accrocher \u00e0 vos cl\u00e9s ou sac. Bo\u00eete vitrine.\" \/>\n<meta property=\"og:url\" content=\"https:\/\/repliquemangacine.fr\/de\/schlusselanhanger-goodies\/schlusselanhanger-dmc-devil-may-cry\/\" \/>\n<meta property=\"og:site_name\" content=\"R\u00e9plique Manga Cin\u00e9\" \/>\n<meta property=\"article:publisher\" content=\"https:\/\/www.facebook.com\/RepliqueMangaCine\" \/>\n<meta property=\"article:modified_time\" content=\"2025-11-13T00:05:58+00:00\" \/>\n<meta property=\"og:image\" content=\"https:\/\/repliquemangacine.fr\/wp-content\/uploads\/2025\/04\/porte-cles-Devil-My-Cry.jpg\" \/>\n\t<meta property=\"og:image:width\" content=\"500\" \/>\n\t<meta property=\"og:image:height\" content=\"500\" \/>\n\t<meta property=\"og:image:type\" content=\"image\/jpeg\" \/>\n<meta name=\"twitter:card\" content=\"summary_large_image\" \/>\n<meta name=\"twitter:label1\" content=\"Gesch\u00e4tzte Lesezeit\" \/>\n\t<meta name=\"twitter:data1\" content=\"2\u00a0Minuten\" \/>\n<script type=\"application\/ld+json\" class=\"yoast-schema-graph\">{\"@context\":\"https:\\\/\\\/schema.org\",\"@graph\":[{\"@type\":\"WebPage\",\"@id\":\"https:\\\/\\\/repliquemangacine.fr\\\/porte-cles-goodies\\\/porte-cles-dmc-devil-may-cry\\\/\",\"url\":\"https:\\\/\\\/repliquemangacine.fr\\\/porte-cles-goodies\\\/porte-cles-dmc-devil-may-cry\\\/\",\"name\":\"Porte-cl\u00e9s DMC - Devil May Cry - R\u00e9plique Manga Cin\u00e9\",\"isPartOf\":{\"@id\":\"https:\\\/\\\/repliquemangacine.fr\\\/#website\"},\"primaryImageOfPage\":{\"@id\":\"https:\\\/\\\/repliquemangacine.fr\\\/porte-cles-goodies\\\/porte-cles-dmc-devil-may-cry\\\/#primaryimage\"},\"image\":{\"@id\":\"https:\\\/\\\/repliquemangacine.fr\\\/porte-cles-goodies\\\/porte-cles-dmc-devil-may-cry\\\/#primaryimage\"},\"thumbnailUrl\":\"https:\\\/\\\/repliquemangacine.fr\\\/wp-content\\\/uploads\\\/2025\\\/04\\\/porte-cles-Devil-My-Cry.jpg\",\"datePublished\":\"2025-04-21T12:35:17+00:00\",\"dateModified\":\"2025-11-13T00:05:58+00:00\",\"description\":\"Porte-cl\u00e9s DMC (Devil May Cry) au design styl\u00e9. Accessoire gamer incontournable. L\u2019univers de Dante \u00e0 accrocher \u00e0 vos cl\u00e9s ou sac. Bo\u00eete vitrine.\",\"breadcrumb\":{\"@id\":\"https:\\\/\\\/repliquemangacine.fr\\\/porte-cles-goodies\\\/porte-cles-dmc-devil-may-cry\\\/#breadcrumb\"},\"inLanguage\":\"de\",\"potentialAction\":[{\"@type\":\"ReadAction\",\"target\":[\"https:\\\/\\\/repliquemangacine.fr\\\/porte-cles-goodies\\\/porte-cles-dmc-devil-may-cry\\\/\"]}]},{\"@type\":\"ImageObject\",\"inLanguage\":\"de\",\"@id\":\"https:\\\/\\\/repliquemangacine.fr\\\/porte-cles-goodies\\\/porte-cles-dmc-devil-may-cry\\\/#primaryimage\",\"url\":\"https:\\\/\\\/repliquemangacine.fr\\\/wp-content\\\/uploads\\\/2025\\\/04\\\/porte-cles-Devil-My-Cry.jpg\",\"contentUrl\":\"https:\\\/\\\/repliquemangacine.fr\\\/wp-content\\\/uploads\\\/2025\\\/04\\\/porte-cles-Devil-My-Cry.jpg\",\"width\":500,\"height\":500,\"caption\":\"Porte-cl\u00e9s DMC\"},{\"@type\":\"BreadcrumbList\",\"@id\":\"https:\\\/\\\/repliquemangacine.fr\\\/porte-cles-goodies\\\/porte-cles-dmc-devil-may-cry\\\/#breadcrumb\",\"itemListElement\":[{\"@type\":\"ListItem\",\"position\":1,\"name\":\"Accueil\",\"item\":\"https:\\\/\\\/repliquemangacine.fr\\\/\"},{\"@type\":\"ListItem\",\"position\":2,\"name\":\"Produits\",\"item\":\"https:\\\/\\\/repliquemangacine.fr\\\/boutique\\\/\"},{\"@type\":\"ListItem\",\"position\":3,\"name\":\"Porte-cl\u00e9s DMC &#8211; Devil May Cry\"}]},{\"@type\":\"WebSite\",\"@id\":\"https:\\\/\\\/repliquemangacine.fr\\\/#website\",\"url\":\"https:\\\/\\\/repliquemangacine.fr\\\/\",\"name\":\"R\u00e9plique Manga Cin\u00e9\",\"description\":\"\",\"publisher\":{\"@id\":\"https:\\\/\\\/repliquemangacine.fr\\\/#organization\"},\"potentialAction\":[{\"@type\":\"SearchAction\",\"target\":{\"@type\":\"EntryPoint\",\"urlTemplate\":\"https:\\\/\\\/repliquemangacine.fr\\\/?s={search_term_string}\"},\"query-input\":{\"@type\":\"PropertyValueSpecification\",\"valueRequired\":true,\"valueName\":\"search_term_string\"}}],\"inLanguage\":\"de\"},{\"@type\":\"Organization\",\"@id\":\"https:\\\/\\\/repliquemangacine.fr\\\/#organization\",\"name\":\"R\u00e9plique Manga Cin\u00e9\",\"url\":\"https:\\\/\\\/repliquemangacine.fr\\\/\",\"logo\":{\"@type\":\"ImageObject\",\"inLanguage\":\"de\",\"@id\":\"https:\\\/\\\/repliquemangacine.fr\\\/#\\\/schema\\\/logo\\\/image\\\/\",\"url\":\"https:\\\/\\\/repliquemangacine.fr\\\/wp-content\\\/uploads\\\/2023\\\/10\\\/RMC-500250.png\",\"contentUrl\":\"https:\\\/\\\/repliquemangacine.fr\\\/wp-content\\\/uploads\\\/2023\\\/10\\\/RMC-500250.png\",\"width\":500,\"height\":250,\"caption\":\"R\u00e9plique Manga Cin\u00e9\"},\"image\":{\"@id\":\"https:\\\/\\\/repliquemangacine.fr\\\/#\\\/schema\\\/logo\\\/image\\\/\"},\"sameAs\":[\"https:\\\/\\\/www.facebook.com\\\/RepliqueMangaCine\",\"https:\\\/\\\/www.instagram.com\\\/repliquemangacine.fr\\\/\"]}]}<\/script>\n<!-- \/ Yoast SEO plugin. -->","yoast_head_json":{"title":"DMC-Schl\u00fcsselanh\u00e4nger - Devil May Cry - R\u00e9plique Manga Cin\u00e9","description":"DMC (Devil May Cry)-Schl\u00fcsselanh\u00e4nger mit stilvollem Design. Ein unverzichtbares Gamer-Accessoire. Dantes Universum zum Anh\u00e4ngen an Ihre Schl\u00fcssel oder Tasche. Schaufensterbox.","robots":{"index":"index","follow":"follow","max-snippet":"max-snippet:-1","max-image-preview":"max-image-preview:large","max-video-preview":"max-video-preview:-1"},"canonical":"https:\/\/repliquemangacine.fr\/de\/schlusselanhanger-goodies\/schlusselanhanger-dmc-devil-may-cry\/","og_locale":"de_DE","og_type":"article","og_title":"Porte-cl\u00e9s DMC - Devil May Cry - R\u00e9plique Manga Cin\u00e9","og_description":"Porte-cl\u00e9s DMC (Devil May Cry) au design styl\u00e9. Accessoire gamer incontournable. L\u2019univers de Dante \u00e0 accrocher \u00e0 vos cl\u00e9s ou sac. Bo\u00eete vitrine.","og_url":"https:\/\/repliquemangacine.fr\/de\/schlusselanhanger-goodies\/schlusselanhanger-dmc-devil-may-cry\/","og_site_name":"R\u00e9plique Manga Cin\u00e9","article_publisher":"https:\/\/www.facebook.com\/RepliqueMangaCine","article_modified_time":"2025-11-13T00:05:58+00:00","og_image":[{"width":500,"height":500,"url":"https:\/\/repliquemangacine.fr\/wp-content\/uploads\/2025\/04\/porte-cles-Devil-My-Cry.jpg","type":"image\/jpeg"}],"twitter_card":"summary_large_image","twitter_misc":{"Gesch\u00e4tzte Lesezeit":"2\u00a0Minuten"},"schema":{"@context":"https:\/\/schema.org","@graph":[{"@type":"WebPage","@id":"https:\/\/repliquemangacine.fr\/porte-cles-goodies\/porte-cles-dmc-devil-may-cry\/","url":"https:\/\/repliquemangacine.fr\/porte-cles-goodies\/porte-cles-dmc-devil-may-cry\/","name":"DMC-Schl\u00fcsselanh\u00e4nger - Devil May Cry - R\u00e9plique Manga Cin\u00e9","isPartOf":{"@id":"https:\/\/repliquemangacine.fr\/#website"},"primaryImageOfPage":{"@id":"https:\/\/repliquemangacine.fr\/porte-cles-goodies\/porte-cles-dmc-devil-may-cry\/#primaryimage"},"image":{"@id":"https:\/\/repliquemangacine.fr\/porte-cles-goodies\/porte-cles-dmc-devil-may-cry\/#primaryimage"},"thumbnailUrl":"https:\/\/repliquemangacine.fr\/wp-content\/uploads\/2025\/04\/porte-cles-Devil-My-Cry.jpg","datePublished":"2025-04-21T12:35:17+00:00","dateModified":"2025-11-13T00:05:58+00:00","description":"DMC (Devil May Cry)-Schl\u00fcsselanh\u00e4nger mit stilvollem Design. Ein unverzichtbares Gamer-Accessoire. Dantes Universum zum Anh\u00e4ngen an Ihre Schl\u00fcssel oder Tasche. Schaufensterbox.","breadcrumb":{"@id":"https:\/\/repliquemangacine.fr\/porte-cles-goodies\/porte-cles-dmc-devil-may-cry\/#breadcrumb"},"inLanguage":"de","potentialAction":[{"@type":"ReadAction","target":["https:\/\/repliquemangacine.fr\/porte-cles-goodies\/porte-cles-dmc-devil-may-cry\/"]}]},{"@type":"ImageObject","inLanguage":"de","@id":"https:\/\/repliquemangacine.fr\/porte-cles-goodies\/porte-cles-dmc-devil-may-cry\/#primaryimage","url":"https:\/\/repliquemangacine.fr\/wp-content\/uploads\/2025\/04\/porte-cles-Devil-My-Cry.jpg","contentUrl":"https:\/\/repliquemangacine.fr\/wp-content\/uploads\/2025\/04\/porte-cles-Devil-My-Cry.jpg","width":500,"height":500,"caption":"Porte-cl\u00e9s DMC"},{"@type":"BreadcrumbList","@id":"https:\/\/repliquemangacine.fr\/porte-cles-goodies\/porte-cles-dmc-devil-may-cry\/#breadcrumb","itemListElement":[{"@type":"ListItem","position":1,"name":"Accueil","item":"https:\/\/repliquemangacine.fr\/"},{"@type":"ListItem","position":2,"name":"Produits","item":"https:\/\/repliquemangacine.fr\/boutique\/"},{"@type":"ListItem","position":3,"name":"Porte-cl\u00e9s DMC &#8211; Devil May Cry"}]},{"@type":"WebSite","@id":"https:\/\/repliquemangacine.fr\/#website","url":"https:\/\/repliquemangacine.fr\/","name":"R\u00e9plique Manga Cin\u00e9","description":"","publisher":{"@id":"https:\/\/repliquemangacine.fr\/#organization"},"potentialAction":[{"@type":"SearchAction","target":{"@type":"EntryPoint","urlTemplate":"https:\/\/repliquemangacine.fr\/?s={search_term_string}"},"query-input":{"@type":"PropertyValueSpecification","valueRequired":true,"valueName":"search_term_string"}}],"inLanguage":"de"},{"@type":"Organization","@id":"https:\/\/repliquemangacine.fr\/#organization","name":"R\u00e9plique Manga Cin\u00e9","url":"https:\/\/repliquemangacine.fr\/","logo":{"@type":"ImageObject","inLanguage":"de","@id":"https:\/\/repliquemangacine.fr\/#\/schema\/logo\/image\/","url":"https:\/\/repliquemangacine.fr\/wp-content\/uploads\/2023\/10\/RMC-500250.png","contentUrl":"https:\/\/repliquemangacine.fr\/wp-content\/uploads\/2023\/10\/RMC-500250.png","width":500,"height":250,"caption":"R\u00e9plique Manga Cin\u00e9"},"image":{"@id":"https:\/\/repliquemangacine.fr\/#\/schema\/logo\/image\/"},"sameAs":["https:\/\/www.facebook.com\/RepliqueMangaCine","https:\/\/www.instagram.com\/repliquemangacine.fr\/"]}]}},"_links":{"self":[{"href":"https:\/\/repliquemangacine.fr\/de\/wp-json\/wp\/v2\/product\/83712","targetHints":{"allow":["GET"]}}],"collection":[{"href":"https:\/\/repliquemangacine.fr\/de\/wp-json\/wp\/v2\/product"}],"about":[{"href":"https:\/\/repliquemangacine.fr\/de\/wp-json\/wp\/v2\/types\/product"}],"wp:featuredmedia":[{"embeddable":true,"href":"https:\/\/repliquemangacine.fr\/de\/wp-json\/wp\/v2\/media\/83714"}],"wp:attachment":[{"href":"https:\/\/repliquemangacine.fr\/de\/wp-json\/wp\/v2\/media?parent=83712"}],"wp:term":[{"taxonomy":"product_brand","embeddable":true,"href":"https:\/\/repliquemangacine.fr\/de\/wp-json\/wp\/v2\/product_brand?post=83712"},{"taxonomy":"product_cat","embeddable":true,"href":"https:\/\/repliquemangacine.fr\/de\/wp-json\/wp\/v2\/product_cat?post=83712"},{"taxonomy":"product_tag","embeddable":true,"href":"https:\/\/repliquemangacine.fr\/de\/wp-json\/wp\/v2\/product_tag?post=83712"}],"curies":[{"name":"wp","href":"https:\/\/api.w.org\/{rel}","templated":true}]}}