





{"id":83705,"date":"2025-04-20T23:46:36","date_gmt":"2025-04-20T21:46:36","guid":{"rendered":"https:\/\/repliquemangacine.fr\/?post_type=product&#038;p=83705"},"modified":"2025-11-13T01:07:07","modified_gmt":"2025-11-13T00:07:07","slug":"schlusselanhanger-captain-america-chibi","status":"publish","type":"product","link":"https:\/\/repliquemangacine.fr\/de\/porte-cles-goodies\/porte-cles-captain-america-chibi\/","title":{"rendered":"Captain America Chibi Schl\u00fcsselanh\u00e4nger"},"content":{"rendered":"<h2>Captain America Chibi Schl\u00fcsselanh\u00e4nger - Ein Marvel-Held, den man \u00fcberall hin mitnehmen kann<\/h2>\n<p>Als Erstes sollten Sie sich in den Schl\u00fcsselanh\u00e4nger Captain America Chibi Version verlieben, eine liebenswerte Figur, die dem ber\u00fchmten Helden aus dem Marvel-Universum treu bleibt. Er ist aus hochwertigem, weichem Gummi gefertigt und vereint Widerstandsf\u00e4higkeit, Stil und Leichtigkeit f\u00fcr den t\u00e4glichen Gebrauch. Ausgestattet mit einem stabilen Ring und einem Karabinerhaken aus Metall, perfekt, um ihn an Ihren Schl\u00fcsseln oder Taschen zu befestigen. Verpackt in einem Vitrinenblister, ideal f\u00fcr Sammler und Superhelden-Fans.<\/p>\n<p>Captain America, alias <a href=\"https:\/\/universcinematographiquemarvel.fandom.com\/fr\/wiki\/Steve_Rogers\" target=\"_blank\" rel=\"noopener noreferrer\">Steve Rogers<\/a>Er ist die Verk\u00f6rperung von Tapferkeit, Gerechtigkeit und F\u00fchrung innerhalb der Avengers. Selbst in der Chibi-Version beh\u00e4lt er sein Charisma und sein ikonisches Schild. Ein originelles, lustiges und erschwingliches Geek-Geschenk f\u00fcr alle Fans des Marvel-Universums, ob gro\u00df oder klein.<\/p>\n<p>Es sei darauf hingewiesen, dass wir im Marvel-Universum noch weitere Schl\u00fcsselanh\u00e4nger deiner Lieblingscharaktere anbieten. Es gibt den von Wonder Woman sowie den Hammer von Thor. Au\u00dferdem gibt es die Hammeraxt von Thor. Nicht zu vergessen den tollen <a href=\"https:\/\/repliquemangacine.fr\/de\/verschiedene-goodies\/koffer-marvel-avengers-set-11-pieces\/\">Marvel Avengers Box<\/a> aus 11 Teilen bestehend aus: Thanos-Handschuh, Iron Man-Maske, Captain America-Schild...<\/p>\n<h2>Finden Sie alle Ihre Lieblingssuperhelden auf R\u00e9plique Manga Cin\u00e9<\/h2>\n<p>R\u00e9plique Manga Cin\u00e9 bietet Ihnen mehr als nur einen Schl\u00fcsselanh\u00e4nger: Die ganze Welt der Superhelden wartet auf Sie. Entdecken Sie die <a href=\"https:\/\/repliquemangacine.fr\/de\/marvel-super-heros\/dolche-von-drax-die-wachter-der-galaxis\/\">Dolche von Drax<\/a> aus den Guardians of the Galaxy, treue und m\u00e4chtige St\u00fccke zum Ausstellen oder f\u00fcr Cosplay. Au\u00dferdem gibt es den <a href=\"https:\/\/repliquemangacine.fr\/de\/marvel-super-heros\/dreizack-daquaman-210-cm-metal\/\">Aquamans Dreizack aus Metall<\/a> 210 cm: eine beeindruckende, gro\u00dfformatige Nachbildung. Und nicht zu vergessen das unverzichtbare <a href=\"https:\/\/repliquemangacine.fr\/de\/marvel-super-heros\/captain-america-schild-luxusversion\/\">Schild von Captain America<\/a>, treu in Gr\u00f6\u00dfe und Ausf\u00fchrung f\u00fcr alle Fans des First Avenger. Thors Hammer, Mj\u00f6lnir, ist ebenfalls erh\u00e4ltlich, bereit, von den W\u00fcrdigsten unter euch in die H\u00f6he gehoben zu werden.<br \/>\nUnd das ist erst der Anfang: Figuren, Waffen und Sammlerst\u00fccke aus dem gesamten Marvel-Universum sind in unserem Shop erh\u00e4ltlich. Zusammenfassend l\u00e4sst sich sagen, dass dieser Schl\u00fcsselanh\u00e4nger alle Liebhaber begeistern wird.<\/p>","protected":false},"excerpt":{"rendered":"<p>Original ce Schl\u00fcsselanh\u00e4nger Captain America Chibi<\/p>\n<ul>\n<li>Chibi-Figur aus Weichgummi<\/li>\n<li>Kette und Ring und Karabinerhaken aus Stahl<\/li>\n<li>Wird in einem Vitrinenblister geliefert<\/li>\n<li>H\u00f6he der Figur: 6cm - Gewicht: 40g<\/li>\n<\/ul>","protected":false},"featured_media":83706,"template":"","meta":[],"product_brand":[896],"product_cat":[94,96,59],"product_tag":[],"class_list":{"0":"post-83705","1":"product","2":"type-product","3":"status-publish","4":"has-post-thumbnail","6":"product_brand-replique-manga-cine","7":"product_cat-goodies","8":"product_cat-porte-cles-goodies","9":"product_cat-super-heros-marvel","11":"first","12":"instock","13":"taxable","14":"shipping-taxable","15":"purchasable","16":"product-type-simple"},"yoast_head":"<!-- This site is optimized with the Yoast SEO plugin v27.5 - https:\/\/yoast.com\/product\/yoast-seo-wordpress\/ -->\n<title>Porte-cl\u00e9s Captain America Chibi - R\u00e9plique Manga Cin\u00e9<\/title>\n<meta name=\"description\" content=\"Craquez pour le porte-cl\u00e9s Captain America chibi ! Et explorez nos r\u00e9pliques super h\u00e9ros : trident d\u2019Aquaman, bouclier, Mj\u00f6lnir et plus encore.\" \/>\n<meta name=\"robots\" content=\"index, follow, max-snippet:-1, max-image-preview:large, max-video-preview:-1\" \/>\n<link rel=\"canonical\" href=\"https:\/\/repliquemangacine.fr\/de\/schlusselanhanger-goodies\/schlusselanhanger-captain-america-chibi\/\" \/>\n<meta property=\"og:locale\" content=\"de_DE\" \/>\n<meta property=\"og:type\" content=\"article\" \/>\n<meta property=\"og:title\" content=\"Porte-cl\u00e9s Captain America Chibi - R\u00e9plique Manga Cin\u00e9\" \/>\n<meta property=\"og:description\" content=\"Craquez pour le porte-cl\u00e9s Captain America chibi ! Et explorez nos r\u00e9pliques super h\u00e9ros : trident d\u2019Aquaman, bouclier, Mj\u00f6lnir et plus encore.\" \/>\n<meta property=\"og:url\" content=\"https:\/\/repliquemangacine.fr\/de\/schlusselanhanger-goodies\/schlusselanhanger-captain-america-chibi\/\" \/>\n<meta property=\"og:site_name\" content=\"R\u00e9plique Manga Cin\u00e9\" \/>\n<meta property=\"article:publisher\" content=\"https:\/\/www.facebook.com\/RepliqueMangaCine\" \/>\n<meta property=\"article:modified_time\" content=\"2025-11-13T00:07:07+00:00\" \/>\n<meta property=\"og:image\" content=\"https:\/\/repliquemangacine.fr\/wp-content\/uploads\/2025\/04\/Porte-cles-Captain-Americajpg.jpg\" \/>\n\t<meta property=\"og:image:width\" content=\"500\" \/>\n\t<meta property=\"og:image:height\" content=\"500\" \/>\n\t<meta property=\"og:image:type\" content=\"image\/jpeg\" \/>\n<meta name=\"twitter:card\" content=\"summary_large_image\" \/>\n<meta name=\"twitter:label1\" content=\"Gesch\u00e4tzte Lesezeit\" \/>\n\t<meta name=\"twitter:data1\" content=\"2\u00a0Minuten\" \/>\n<script type=\"application\/ld+json\" class=\"yoast-schema-graph\">{\"@context\":\"https:\\\/\\\/schema.org\",\"@graph\":[{\"@type\":\"WebPage\",\"@id\":\"https:\\\/\\\/repliquemangacine.fr\\\/porte-cles-goodies\\\/porte-cles-captain-america-chibi\\\/\",\"url\":\"https:\\\/\\\/repliquemangacine.fr\\\/porte-cles-goodies\\\/porte-cles-captain-america-chibi\\\/\",\"name\":\"Porte-cl\u00e9s Captain America Chibi - R\u00e9plique Manga Cin\u00e9\",\"isPartOf\":{\"@id\":\"https:\\\/\\\/repliquemangacine.fr\\\/#website\"},\"primaryImageOfPage\":{\"@id\":\"https:\\\/\\\/repliquemangacine.fr\\\/porte-cles-goodies\\\/porte-cles-captain-america-chibi\\\/#primaryimage\"},\"image\":{\"@id\":\"https:\\\/\\\/repliquemangacine.fr\\\/porte-cles-goodies\\\/porte-cles-captain-america-chibi\\\/#primaryimage\"},\"thumbnailUrl\":\"https:\\\/\\\/repliquemangacine.fr\\\/wp-content\\\/uploads\\\/2025\\\/04\\\/Porte-cles-Captain-Americajpg.jpg\",\"datePublished\":\"2025-04-20T21:46:36+00:00\",\"dateModified\":\"2025-11-13T00:07:07+00:00\",\"description\":\"Craquez pour le porte-cl\u00e9s Captain America chibi ! Et explorez nos r\u00e9pliques super h\u00e9ros : trident d\u2019Aquaman, bouclier, Mj\u00f6lnir et plus encore.\",\"breadcrumb\":{\"@id\":\"https:\\\/\\\/repliquemangacine.fr\\\/porte-cles-goodies\\\/porte-cles-captain-america-chibi\\\/#breadcrumb\"},\"inLanguage\":\"de\",\"potentialAction\":[{\"@type\":\"ReadAction\",\"target\":[\"https:\\\/\\\/repliquemangacine.fr\\\/porte-cles-goodies\\\/porte-cles-captain-america-chibi\\\/\"]}]},{\"@type\":\"ImageObject\",\"inLanguage\":\"de\",\"@id\":\"https:\\\/\\\/repliquemangacine.fr\\\/porte-cles-goodies\\\/porte-cles-captain-america-chibi\\\/#primaryimage\",\"url\":\"https:\\\/\\\/repliquemangacine.fr\\\/wp-content\\\/uploads\\\/2025\\\/04\\\/Porte-cles-Captain-Americajpg.jpg\",\"contentUrl\":\"https:\\\/\\\/repliquemangacine.fr\\\/wp-content\\\/uploads\\\/2025\\\/04\\\/Porte-cles-Captain-Americajpg.jpg\",\"width\":500,\"height\":500,\"caption\":\"Porte-cl\u00e9s Captain America chibi\"},{\"@type\":\"BreadcrumbList\",\"@id\":\"https:\\\/\\\/repliquemangacine.fr\\\/porte-cles-goodies\\\/porte-cles-captain-america-chibi\\\/#breadcrumb\",\"itemListElement\":[{\"@type\":\"ListItem\",\"position\":1,\"name\":\"Accueil\",\"item\":\"https:\\\/\\\/repliquemangacine.fr\\\/\"},{\"@type\":\"ListItem\",\"position\":2,\"name\":\"Produits\",\"item\":\"https:\\\/\\\/repliquemangacine.fr\\\/boutique\\\/\"},{\"@type\":\"ListItem\",\"position\":3,\"name\":\"Porte-cl\u00e9s Captain America Chibi\"}]},{\"@type\":\"WebSite\",\"@id\":\"https:\\\/\\\/repliquemangacine.fr\\\/#website\",\"url\":\"https:\\\/\\\/repliquemangacine.fr\\\/\",\"name\":\"R\u00e9plique Manga Cin\u00e9\",\"description\":\"\",\"publisher\":{\"@id\":\"https:\\\/\\\/repliquemangacine.fr\\\/#organization\"},\"potentialAction\":[{\"@type\":\"SearchAction\",\"target\":{\"@type\":\"EntryPoint\",\"urlTemplate\":\"https:\\\/\\\/repliquemangacine.fr\\\/?s={search_term_string}\"},\"query-input\":{\"@type\":\"PropertyValueSpecification\",\"valueRequired\":true,\"valueName\":\"search_term_string\"}}],\"inLanguage\":\"de\"},{\"@type\":\"Organization\",\"@id\":\"https:\\\/\\\/repliquemangacine.fr\\\/#organization\",\"name\":\"R\u00e9plique Manga Cin\u00e9\",\"url\":\"https:\\\/\\\/repliquemangacine.fr\\\/\",\"logo\":{\"@type\":\"ImageObject\",\"inLanguage\":\"de\",\"@id\":\"https:\\\/\\\/repliquemangacine.fr\\\/#\\\/schema\\\/logo\\\/image\\\/\",\"url\":\"https:\\\/\\\/repliquemangacine.fr\\\/wp-content\\\/uploads\\\/2023\\\/10\\\/RMC-500250.png\",\"contentUrl\":\"https:\\\/\\\/repliquemangacine.fr\\\/wp-content\\\/uploads\\\/2023\\\/10\\\/RMC-500250.png\",\"width\":500,\"height\":250,\"caption\":\"R\u00e9plique Manga Cin\u00e9\"},\"image\":{\"@id\":\"https:\\\/\\\/repliquemangacine.fr\\\/#\\\/schema\\\/logo\\\/image\\\/\"},\"sameAs\":[\"https:\\\/\\\/www.facebook.com\\\/RepliqueMangaCine\",\"https:\\\/\\\/www.instagram.com\\\/repliquemangacine.fr\\\/\"]}]}<\/script>\n<!-- \/ Yoast SEO plugin. -->","yoast_head_json":{"title":"Captain America Chibi Schl\u00fcsselanh\u00e4nger - R\u00e9plique Manga Cin\u00e9","description":"Verlieben Sie sich in den Captain America Chibi-Schl\u00fcsselanh\u00e4nger! Und erkunden Sie unsere Superhelden-Repliken: Aquamans Dreizack, Schild, Mj\u00f6lnir und mehr.","robots":{"index":"index","follow":"follow","max-snippet":"max-snippet:-1","max-image-preview":"max-image-preview:large","max-video-preview":"max-video-preview:-1"},"canonical":"https:\/\/repliquemangacine.fr\/de\/schlusselanhanger-goodies\/schlusselanhanger-captain-america-chibi\/","og_locale":"de_DE","og_type":"article","og_title":"Porte-cl\u00e9s Captain America Chibi - R\u00e9plique Manga Cin\u00e9","og_description":"Craquez pour le porte-cl\u00e9s Captain America chibi ! Et explorez nos r\u00e9pliques super h\u00e9ros : trident d\u2019Aquaman, bouclier, Mj\u00f6lnir et plus encore.","og_url":"https:\/\/repliquemangacine.fr\/de\/schlusselanhanger-goodies\/schlusselanhanger-captain-america-chibi\/","og_site_name":"R\u00e9plique Manga Cin\u00e9","article_publisher":"https:\/\/www.facebook.com\/RepliqueMangaCine","article_modified_time":"2025-11-13T00:07:07+00:00","og_image":[{"width":500,"height":500,"url":"https:\/\/repliquemangacine.fr\/wp-content\/uploads\/2025\/04\/Porte-cles-Captain-Americajpg.jpg","type":"image\/jpeg"}],"twitter_card":"summary_large_image","twitter_misc":{"Gesch\u00e4tzte Lesezeit":"2\u00a0Minuten"},"schema":{"@context":"https:\/\/schema.org","@graph":[{"@type":"WebPage","@id":"https:\/\/repliquemangacine.fr\/porte-cles-goodies\/porte-cles-captain-america-chibi\/","url":"https:\/\/repliquemangacine.fr\/porte-cles-goodies\/porte-cles-captain-america-chibi\/","name":"Captain America Chibi Schl\u00fcsselanh\u00e4nger - R\u00e9plique Manga Cin\u00e9","isPartOf":{"@id":"https:\/\/repliquemangacine.fr\/#website"},"primaryImageOfPage":{"@id":"https:\/\/repliquemangacine.fr\/porte-cles-goodies\/porte-cles-captain-america-chibi\/#primaryimage"},"image":{"@id":"https:\/\/repliquemangacine.fr\/porte-cles-goodies\/porte-cles-captain-america-chibi\/#primaryimage"},"thumbnailUrl":"https:\/\/repliquemangacine.fr\/wp-content\/uploads\/2025\/04\/Porte-cles-Captain-Americajpg.jpg","datePublished":"2025-04-20T21:46:36+00:00","dateModified":"2025-11-13T00:07:07+00:00","description":"Verlieben Sie sich in den Captain America Chibi-Schl\u00fcsselanh\u00e4nger! Und erkunden Sie unsere Superhelden-Repliken: Aquamans Dreizack, Schild, Mj\u00f6lnir und mehr.","breadcrumb":{"@id":"https:\/\/repliquemangacine.fr\/porte-cles-goodies\/porte-cles-captain-america-chibi\/#breadcrumb"},"inLanguage":"de","potentialAction":[{"@type":"ReadAction","target":["https:\/\/repliquemangacine.fr\/porte-cles-goodies\/porte-cles-captain-america-chibi\/"]}]},{"@type":"ImageObject","inLanguage":"de","@id":"https:\/\/repliquemangacine.fr\/porte-cles-goodies\/porte-cles-captain-america-chibi\/#primaryimage","url":"https:\/\/repliquemangacine.fr\/wp-content\/uploads\/2025\/04\/Porte-cles-Captain-Americajpg.jpg","contentUrl":"https:\/\/repliquemangacine.fr\/wp-content\/uploads\/2025\/04\/Porte-cles-Captain-Americajpg.jpg","width":500,"height":500,"caption":"Porte-cl\u00e9s Captain America chibi"},{"@type":"BreadcrumbList","@id":"https:\/\/repliquemangacine.fr\/porte-cles-goodies\/porte-cles-captain-america-chibi\/#breadcrumb","itemListElement":[{"@type":"ListItem","position":1,"name":"Accueil","item":"https:\/\/repliquemangacine.fr\/"},{"@type":"ListItem","position":2,"name":"Produits","item":"https:\/\/repliquemangacine.fr\/boutique\/"},{"@type":"ListItem","position":3,"name":"Porte-cl\u00e9s Captain America Chibi"}]},{"@type":"WebSite","@id":"https:\/\/repliquemangacine.fr\/#website","url":"https:\/\/repliquemangacine.fr\/","name":"R\u00e9plique Manga Cin\u00e9","description":"","publisher":{"@id":"https:\/\/repliquemangacine.fr\/#organization"},"potentialAction":[{"@type":"SearchAction","target":{"@type":"EntryPoint","urlTemplate":"https:\/\/repliquemangacine.fr\/?s={search_term_string}"},"query-input":{"@type":"PropertyValueSpecification","valueRequired":true,"valueName":"search_term_string"}}],"inLanguage":"de"},{"@type":"Organization","@id":"https:\/\/repliquemangacine.fr\/#organization","name":"R\u00e9plique Manga Cin\u00e9","url":"https:\/\/repliquemangacine.fr\/","logo":{"@type":"ImageObject","inLanguage":"de","@id":"https:\/\/repliquemangacine.fr\/#\/schema\/logo\/image\/","url":"https:\/\/repliquemangacine.fr\/wp-content\/uploads\/2023\/10\/RMC-500250.png","contentUrl":"https:\/\/repliquemangacine.fr\/wp-content\/uploads\/2023\/10\/RMC-500250.png","width":500,"height":250,"caption":"R\u00e9plique Manga Cin\u00e9"},"image":{"@id":"https:\/\/repliquemangacine.fr\/#\/schema\/logo\/image\/"},"sameAs":["https:\/\/www.facebook.com\/RepliqueMangaCine","https:\/\/www.instagram.com\/repliquemangacine.fr\/"]}]}},"_links":{"self":[{"href":"https:\/\/repliquemangacine.fr\/de\/wp-json\/wp\/v2\/product\/83705","targetHints":{"allow":["GET"]}}],"collection":[{"href":"https:\/\/repliquemangacine.fr\/de\/wp-json\/wp\/v2\/product"}],"about":[{"href":"https:\/\/repliquemangacine.fr\/de\/wp-json\/wp\/v2\/types\/product"}],"wp:featuredmedia":[{"embeddable":true,"href":"https:\/\/repliquemangacine.fr\/de\/wp-json\/wp\/v2\/media\/83706"}],"wp:attachment":[{"href":"https:\/\/repliquemangacine.fr\/de\/wp-json\/wp\/v2\/media?parent=83705"}],"wp:term":[{"taxonomy":"product_brand","embeddable":true,"href":"https:\/\/repliquemangacine.fr\/de\/wp-json\/wp\/v2\/product_brand?post=83705"},{"taxonomy":"product_cat","embeddable":true,"href":"https:\/\/repliquemangacine.fr\/de\/wp-json\/wp\/v2\/product_cat?post=83705"},{"taxonomy":"product_tag","embeddable":true,"href":"https:\/\/repliquemangacine.fr\/de\/wp-json\/wp\/v2\/product_tag?post=83705"}],"curies":[{"name":"wp","href":"https:\/\/api.w.org\/{rel}","templated":true}]}}