





{"id":83698,"date":"2025-04-20T20:17:38","date_gmt":"2025-04-20T18:17:38","guid":{"rendered":"https:\/\/repliquemangacine.fr\/?post_type=product&#038;p=83698"},"modified":"2026-03-20T10:57:05","modified_gmt":"2026-03-20T09:57:05","slug":"schlusselanhanger-angriff-der-titanen","status":"publish","type":"product","link":"https:\/\/repliquemangacine.fr\/de\/porte-cles-goodies\/porte-cles-attaque-des-titans\/","title":{"rendered":"Schl\u00fcsselanh\u00e4nger Angriff der Titanen"},"content":{"rendered":"<h2>Schl\u00fcsselanh\u00e4nger Angriff der Titanen - Freiheitsfl\u00fcgel-Emblem zum Anfassen<\/h2>\n<p>Tauchen Sie ein in die intensive Welt von Attack on Titan mit diesem Sammler-Schl\u00fcsselanh\u00e4nger, der das ikonische Wappen der Fl\u00fcgel der Freiheit darstellt. Robust, stilvoll und aus Metall gefertigt. Dieses Accessoire ist ideal f\u00fcr Fans der Serie, die ihre Leidenschaft mit Eleganz zum Ausdruck bringen m\u00f6chten. Mit seinem Metallring l\u00e4sst er sich leicht an Ihren Schl\u00fcsseln, Taschen oder Kleidungsst\u00fccken befestigen. Ein kleines Geek-Schmuckst\u00fcck, das Sie \u00fcberallhin mitnehmen k\u00f6nnen. Und vor allem eine ausgezeichnete Geschenkidee f\u00fcr alle Fans von Shingeki no Kyojin.<\/p>\n<p>Es ist hervorzuheben, dass <a href=\"https:\/\/attaque-des-titans.fandom.com\/fr\/wiki\/Eren_J%C3%A4ger\" target=\"_blank\" rel=\"noopener noreferrer\">Eren J\u00e4ger<\/a> ist die Hauptfigur in Angriff der Titanen (Shingeki no Kyojin). Angetrieben von seinem Freiheitsdrang und einer tiefen Wut auf die Titanen. Er entwickelt sich von einem impulsiven Jungen zu einer komplexen Figur, die entschlossen ist, die Fesseln der Menschheit zu sprengen. \u00dcberhaupt machen ihn seine Macht als Titan Assaillant und seine kontroversen Entscheidungen zu einem der markantesten und meistdiskutierten Helden des Manga-Universums. Mal ist er ein Symbol des Widerstands, mal eine Quelle des Chaos. Eren verk\u00f6rpert wie kein anderer die Fragen nach Schicksal, Freiheit und Opferbereitschaft.<\/p>\n<h2>Die Welt von Attack of the Titans ist bei R\u00e9plique Manga Cin\u00e9: zwischen Repliken, Requisiten und totalem Eintauchen<\/h2>\n<p>Bei R\u00e9plique Manga Cin\u00e9 wird Attack of the Titans mit einer exklusiven Auswahl an Kultobjekten zum Leben erweckt. Entdecken Sie neben dem Schl\u00fcsselanh\u00e4nger auch die Replik des Schwertes <a href=\"https:\/\/repliquemangacine.fr\/de\/katana-und-schwert-von-manga-anime-andere-manga\/schwert-angriff-der-titanen-sabel-nackenschneider-eren\/\">s\u00e4bel nackenschneider<\/a> der Bataillone, die mit ihrer Stahlklinge und dem pistolen\u00e4hnlichen Griff dem Design des Animes treu bleibt. Ein beeindruckendes St\u00fcck sowohl f\u00fcr Sammler als auch f\u00fcr Cosplayer. Und f\u00fcr diejenigen, die stundenlang vor dem Bildschirm sitzen, ist der <a href=\"https:\/\/repliquemangacine.fr\/de\/verschiedene-goodies\/mauspad-90-x-40-cm-angriff-der-titanen\/\">Mauspad<\/a> Das gro\u00dfformatige Design in den Farben des Titan-Universums ist perfekt f\u00fcr ein Gamer-Setup, das dem Erkundungsbataillon w\u00fcrdig ist. Verbinden Sie Leidenschaft, Stil und Qualit\u00e4t und statten Sie sich mit den derzeit besten Attack on Titan-Goodies aus!<\/p>\n<p>Aber das ist noch nicht alles! Tauchen Sie ein in eine Welt voller Leidenschaft und Sammlerst\u00fccke mit unserer riesigen Auswahl an Goodies. F\u00fcr Fans von Manga, Anime, Videospielen, Filmen und Kultserien. Bei RMC wird jedes Produkt sorgf\u00e4ltig ausgew\u00e4hlt, um Ihnen das Beste aus Ihren Lieblingswelten zu bieten. Dazu geh\u00f6ren detailreiche Figuren, kultige Schl\u00fcsselanh\u00e4nger, seltene Sammlerst\u00fccke, aber auch einzigartige Accessoires wie Geschenkboxen, XXL-Mauspads, Halsketten, Zauberst\u00e4be und vieles mehr. Ob Sie nun Fan von One Piece, Harry Potter oder Naruto sind, Sie werden mit Sicherheit das Produkt finden, das zu Ihnen passt. Verschenken, sammeln oder zeigen Sie Ihre Leidenschaft jeden Tag mit hochwertigen Artikeln, die f\u00fcr echte Fans entwickelt wurden.<\/p>","protected":false},"excerpt":{"rendered":"<p>Toller Schl\u00fcsselanh\u00e4nger Attacke der Titanen<\/p>\n<ul>\n<li>Ganz aus Metall<\/li>\n<li>Emblem der Freiheitsfl\u00fcgel<\/li>\n<li>Ring und Kette aus Metall<\/li>\n<li>Wird in einem Vitrinenblister geliefert<\/li>\n<li>H\u00f6he der Fl\u00fcgel: 3.5cm - Breite: 2.5 cm<\/li>\n<\/ul>","protected":false},"featured_media":83699,"template":"","meta":[],"product_brand":[896],"product_cat":[94,96],"product_tag":[],"class_list":{"0":"post-83698","1":"product","2":"type-product","3":"status-publish","4":"has-post-thumbnail","6":"product_brand-replique-manga-cine","7":"product_cat-goodies","8":"product_cat-porte-cles-goodies","10":"first","11":"instock","12":"taxable","13":"shipping-taxable","14":"purchasable","15":"product-type-simple"},"yoast_head":"<!-- This site is optimized with the Yoast SEO plugin v27.4 - https:\/\/yoast.com\/product\/yoast-seo-wordpress\/ -->\n<title>Porte-cl\u00e9s Attaque des Titans - R\u00e9plique Manga Cin\u00e9<\/title>\n<meta name=\"description\" content=\"Porte-cl\u00e9s Attaque des Titans avec blason en m\u00e9tal. Retrouvez aussi l\u2019\u00e9p\u00e9e-pistolet et un tapis souris XL chez R\u00e9plique Manga Cin\u00e9\" \/>\n<meta name=\"robots\" content=\"index, follow, max-snippet:-1, max-image-preview:large, max-video-preview:-1\" \/>\n<link rel=\"canonical\" href=\"https:\/\/repliquemangacine.fr\/de\/schlusselanhanger-goodies\/schlusselanhanger-angriff-der-titanen\/\" \/>\n<meta property=\"og:locale\" content=\"de_DE\" \/>\n<meta property=\"og:type\" content=\"article\" \/>\n<meta property=\"og:title\" content=\"Porte-cl\u00e9s Attaque des Titans - R\u00e9plique Manga Cin\u00e9\" \/>\n<meta property=\"og:description\" content=\"Porte-cl\u00e9s Attaque des Titans avec blason en m\u00e9tal. Retrouvez aussi l\u2019\u00e9p\u00e9e-pistolet et un tapis souris XL chez R\u00e9plique Manga Cin\u00e9\" \/>\n<meta property=\"og:url\" content=\"https:\/\/repliquemangacine.fr\/de\/schlusselanhanger-goodies\/schlusselanhanger-angriff-der-titanen\/\" \/>\n<meta property=\"og:site_name\" content=\"R\u00e9plique Manga Cin\u00e9\" \/>\n<meta property=\"article:publisher\" content=\"https:\/\/www.facebook.com\/RepliqueMangaCine\" \/>\n<meta property=\"article:modified_time\" content=\"2026-03-20T09:57:05+00:00\" \/>\n<meta property=\"og:image\" content=\"https:\/\/repliquemangacine.fr\/wp-content\/uploads\/2025\/04\/porte-cles-attaque-des-titans.jpg\" \/>\n\t<meta property=\"og:image:width\" content=\"500\" \/>\n\t<meta property=\"og:image:height\" content=\"500\" \/>\n\t<meta property=\"og:image:type\" content=\"image\/jpeg\" \/>\n<meta name=\"twitter:card\" content=\"summary_large_image\" \/>\n<meta name=\"twitter:label1\" content=\"Gesch\u00e4tzte Lesezeit\" \/>\n\t<meta name=\"twitter:data1\" content=\"3\u00a0Minuten\" \/>\n<script type=\"application\/ld+json\" class=\"yoast-schema-graph\">{\"@context\":\"https:\\\/\\\/schema.org\",\"@graph\":[{\"@type\":\"WebPage\",\"@id\":\"https:\\\/\\\/repliquemangacine.fr\\\/porte-cles-goodies\\\/porte-cles-attaque-des-titans\\\/\",\"url\":\"https:\\\/\\\/repliquemangacine.fr\\\/porte-cles-goodies\\\/porte-cles-attaque-des-titans\\\/\",\"name\":\"Porte-cl\u00e9s Attaque des Titans - R\u00e9plique Manga Cin\u00e9\",\"isPartOf\":{\"@id\":\"https:\\\/\\\/repliquemangacine.fr\\\/#website\"},\"primaryImageOfPage\":{\"@id\":\"https:\\\/\\\/repliquemangacine.fr\\\/porte-cles-goodies\\\/porte-cles-attaque-des-titans\\\/#primaryimage\"},\"image\":{\"@id\":\"https:\\\/\\\/repliquemangacine.fr\\\/porte-cles-goodies\\\/porte-cles-attaque-des-titans\\\/#primaryimage\"},\"thumbnailUrl\":\"https:\\\/\\\/repliquemangacine.fr\\\/wp-content\\\/uploads\\\/2025\\\/04\\\/porte-cles-attaque-des-titans.jpg\",\"datePublished\":\"2025-04-20T18:17:38+00:00\",\"dateModified\":\"2026-03-20T09:57:05+00:00\",\"description\":\"Porte-cl\u00e9s Attaque des Titans avec blason en m\u00e9tal. Retrouvez aussi l\u2019\u00e9p\u00e9e-pistolet et un tapis souris XL chez R\u00e9plique Manga Cin\u00e9\",\"breadcrumb\":{\"@id\":\"https:\\\/\\\/repliquemangacine.fr\\\/porte-cles-goodies\\\/porte-cles-attaque-des-titans\\\/#breadcrumb\"},\"inLanguage\":\"de\",\"potentialAction\":[{\"@type\":\"ReadAction\",\"target\":[\"https:\\\/\\\/repliquemangacine.fr\\\/porte-cles-goodies\\\/porte-cles-attaque-des-titans\\\/\"]}]},{\"@type\":\"ImageObject\",\"inLanguage\":\"de\",\"@id\":\"https:\\\/\\\/repliquemangacine.fr\\\/porte-cles-goodies\\\/porte-cles-attaque-des-titans\\\/#primaryimage\",\"url\":\"https:\\\/\\\/repliquemangacine.fr\\\/wp-content\\\/uploads\\\/2025\\\/04\\\/porte-cles-attaque-des-titans.jpg\",\"contentUrl\":\"https:\\\/\\\/repliquemangacine.fr\\\/wp-content\\\/uploads\\\/2025\\\/04\\\/porte-cles-attaque-des-titans.jpg\",\"width\":500,\"height\":500,\"caption\":\"Porte-cl\u00e9s Attaque des Titans\"},{\"@type\":\"BreadcrumbList\",\"@id\":\"https:\\\/\\\/repliquemangacine.fr\\\/porte-cles-goodies\\\/porte-cles-attaque-des-titans\\\/#breadcrumb\",\"itemListElement\":[{\"@type\":\"ListItem\",\"position\":1,\"name\":\"Accueil\",\"item\":\"https:\\\/\\\/repliquemangacine.fr\\\/\"},{\"@type\":\"ListItem\",\"position\":2,\"name\":\"Produits\",\"item\":\"https:\\\/\\\/repliquemangacine.fr\\\/boutique\\\/\"},{\"@type\":\"ListItem\",\"position\":3,\"name\":\"Porte-cl\u00e9s Attaque des Titans\"}]},{\"@type\":\"WebSite\",\"@id\":\"https:\\\/\\\/repliquemangacine.fr\\\/#website\",\"url\":\"https:\\\/\\\/repliquemangacine.fr\\\/\",\"name\":\"R\u00e9plique Manga Cin\u00e9\",\"description\":\"\",\"publisher\":{\"@id\":\"https:\\\/\\\/repliquemangacine.fr\\\/#organization\"},\"potentialAction\":[{\"@type\":\"SearchAction\",\"target\":{\"@type\":\"EntryPoint\",\"urlTemplate\":\"https:\\\/\\\/repliquemangacine.fr\\\/?s={search_term_string}\"},\"query-input\":{\"@type\":\"PropertyValueSpecification\",\"valueRequired\":true,\"valueName\":\"search_term_string\"}}],\"inLanguage\":\"de\"},{\"@type\":\"Organization\",\"@id\":\"https:\\\/\\\/repliquemangacine.fr\\\/#organization\",\"name\":\"R\u00e9plique Manga Cin\u00e9\",\"url\":\"https:\\\/\\\/repliquemangacine.fr\\\/\",\"logo\":{\"@type\":\"ImageObject\",\"inLanguage\":\"de\",\"@id\":\"https:\\\/\\\/repliquemangacine.fr\\\/#\\\/schema\\\/logo\\\/image\\\/\",\"url\":\"https:\\\/\\\/repliquemangacine.fr\\\/wp-content\\\/uploads\\\/2023\\\/10\\\/RMC-500250.png\",\"contentUrl\":\"https:\\\/\\\/repliquemangacine.fr\\\/wp-content\\\/uploads\\\/2023\\\/10\\\/RMC-500250.png\",\"width\":500,\"height\":250,\"caption\":\"R\u00e9plique Manga Cin\u00e9\"},\"image\":{\"@id\":\"https:\\\/\\\/repliquemangacine.fr\\\/#\\\/schema\\\/logo\\\/image\\\/\"},\"sameAs\":[\"https:\\\/\\\/www.facebook.com\\\/RepliqueMangaCine\",\"https:\\\/\\\/www.instagram.com\\\/repliquemangacine.fr\\\/\"]}]}<\/script>\n<!-- \/ Yoast SEO plugin. -->","yoast_head_json":{"title":"Schl\u00fcsselanh\u00e4nger Angriff der Titanen - R\u00e9plique Manga Cin\u00e9","description":"Schl\u00fcsselanh\u00e4nger Titanenangriff mit Wappen aus Metall. Finden Sie auch das Pistolenschwert und ein XL-Mauspad bei R\u00e9plique Manga Cin\u00e9.","robots":{"index":"index","follow":"follow","max-snippet":"max-snippet:-1","max-image-preview":"max-image-preview:large","max-video-preview":"max-video-preview:-1"},"canonical":"https:\/\/repliquemangacine.fr\/de\/schlusselanhanger-goodies\/schlusselanhanger-angriff-der-titanen\/","og_locale":"de_DE","og_type":"article","og_title":"Porte-cl\u00e9s Attaque des Titans - R\u00e9plique Manga Cin\u00e9","og_description":"Porte-cl\u00e9s Attaque des Titans avec blason en m\u00e9tal. Retrouvez aussi l\u2019\u00e9p\u00e9e-pistolet et un tapis souris XL chez R\u00e9plique Manga Cin\u00e9","og_url":"https:\/\/repliquemangacine.fr\/de\/schlusselanhanger-goodies\/schlusselanhanger-angriff-der-titanen\/","og_site_name":"R\u00e9plique Manga Cin\u00e9","article_publisher":"https:\/\/www.facebook.com\/RepliqueMangaCine","article_modified_time":"2026-03-20T09:57:05+00:00","og_image":[{"width":500,"height":500,"url":"https:\/\/repliquemangacine.fr\/wp-content\/uploads\/2025\/04\/porte-cles-attaque-des-titans.jpg","type":"image\/jpeg"}],"twitter_card":"summary_large_image","twitter_misc":{"Gesch\u00e4tzte Lesezeit":"3\u00a0Minuten"},"schema":{"@context":"https:\/\/schema.org","@graph":[{"@type":"WebPage","@id":"https:\/\/repliquemangacine.fr\/porte-cles-goodies\/porte-cles-attaque-des-titans\/","url":"https:\/\/repliquemangacine.fr\/porte-cles-goodies\/porte-cles-attaque-des-titans\/","name":"Schl\u00fcsselanh\u00e4nger Angriff der Titanen - R\u00e9plique Manga Cin\u00e9","isPartOf":{"@id":"https:\/\/repliquemangacine.fr\/#website"},"primaryImageOfPage":{"@id":"https:\/\/repliquemangacine.fr\/porte-cles-goodies\/porte-cles-attaque-des-titans\/#primaryimage"},"image":{"@id":"https:\/\/repliquemangacine.fr\/porte-cles-goodies\/porte-cles-attaque-des-titans\/#primaryimage"},"thumbnailUrl":"https:\/\/repliquemangacine.fr\/wp-content\/uploads\/2025\/04\/porte-cles-attaque-des-titans.jpg","datePublished":"2025-04-20T18:17:38+00:00","dateModified":"2026-03-20T09:57:05+00:00","description":"Schl\u00fcsselanh\u00e4nger Titanenangriff mit Wappen aus Metall. Finden Sie auch das Pistolenschwert und ein XL-Mauspad bei R\u00e9plique Manga Cin\u00e9.","breadcrumb":{"@id":"https:\/\/repliquemangacine.fr\/porte-cles-goodies\/porte-cles-attaque-des-titans\/#breadcrumb"},"inLanguage":"de","potentialAction":[{"@type":"ReadAction","target":["https:\/\/repliquemangacine.fr\/porte-cles-goodies\/porte-cles-attaque-des-titans\/"]}]},{"@type":"ImageObject","inLanguage":"de","@id":"https:\/\/repliquemangacine.fr\/porte-cles-goodies\/porte-cles-attaque-des-titans\/#primaryimage","url":"https:\/\/repliquemangacine.fr\/wp-content\/uploads\/2025\/04\/porte-cles-attaque-des-titans.jpg","contentUrl":"https:\/\/repliquemangacine.fr\/wp-content\/uploads\/2025\/04\/porte-cles-attaque-des-titans.jpg","width":500,"height":500,"caption":"Porte-cl\u00e9s Attaque des Titans"},{"@type":"BreadcrumbList","@id":"https:\/\/repliquemangacine.fr\/porte-cles-goodies\/porte-cles-attaque-des-titans\/#breadcrumb","itemListElement":[{"@type":"ListItem","position":1,"name":"Accueil","item":"https:\/\/repliquemangacine.fr\/"},{"@type":"ListItem","position":2,"name":"Produits","item":"https:\/\/repliquemangacine.fr\/boutique\/"},{"@type":"ListItem","position":3,"name":"Porte-cl\u00e9s Attaque des Titans"}]},{"@type":"WebSite","@id":"https:\/\/repliquemangacine.fr\/#website","url":"https:\/\/repliquemangacine.fr\/","name":"R\u00e9plique Manga Cin\u00e9","description":"","publisher":{"@id":"https:\/\/repliquemangacine.fr\/#organization"},"potentialAction":[{"@type":"SearchAction","target":{"@type":"EntryPoint","urlTemplate":"https:\/\/repliquemangacine.fr\/?s={search_term_string}"},"query-input":{"@type":"PropertyValueSpecification","valueRequired":true,"valueName":"search_term_string"}}],"inLanguage":"de"},{"@type":"Organization","@id":"https:\/\/repliquemangacine.fr\/#organization","name":"R\u00e9plique Manga Cin\u00e9","url":"https:\/\/repliquemangacine.fr\/","logo":{"@type":"ImageObject","inLanguage":"de","@id":"https:\/\/repliquemangacine.fr\/#\/schema\/logo\/image\/","url":"https:\/\/repliquemangacine.fr\/wp-content\/uploads\/2023\/10\/RMC-500250.png","contentUrl":"https:\/\/repliquemangacine.fr\/wp-content\/uploads\/2023\/10\/RMC-500250.png","width":500,"height":250,"caption":"R\u00e9plique Manga Cin\u00e9"},"image":{"@id":"https:\/\/repliquemangacine.fr\/#\/schema\/logo\/image\/"},"sameAs":["https:\/\/www.facebook.com\/RepliqueMangaCine","https:\/\/www.instagram.com\/repliquemangacine.fr\/"]}]}},"_links":{"self":[{"href":"https:\/\/repliquemangacine.fr\/de\/wp-json\/wp\/v2\/product\/83698","targetHints":{"allow":["GET"]}}],"collection":[{"href":"https:\/\/repliquemangacine.fr\/de\/wp-json\/wp\/v2\/product"}],"about":[{"href":"https:\/\/repliquemangacine.fr\/de\/wp-json\/wp\/v2\/types\/product"}],"wp:featuredmedia":[{"embeddable":true,"href":"https:\/\/repliquemangacine.fr\/de\/wp-json\/wp\/v2\/media\/83699"}],"wp:attachment":[{"href":"https:\/\/repliquemangacine.fr\/de\/wp-json\/wp\/v2\/media?parent=83698"}],"wp:term":[{"taxonomy":"product_brand","embeddable":true,"href":"https:\/\/repliquemangacine.fr\/de\/wp-json\/wp\/v2\/product_brand?post=83698"},{"taxonomy":"product_cat","embeddable":true,"href":"https:\/\/repliquemangacine.fr\/de\/wp-json\/wp\/v2\/product_cat?post=83698"},{"taxonomy":"product_tag","embeddable":true,"href":"https:\/\/repliquemangacine.fr\/de\/wp-json\/wp\/v2\/product_tag?post=83698"}],"curies":[{"name":"wp","href":"https:\/\/api.w.org\/{rel}","templated":true}]}}