





{"id":83691,"date":"2025-04-20T19:38:46","date_gmt":"2025-04-20T17:38:46","guid":{"rendered":"https:\/\/repliquemangacine.fr\/?post_type=product&#038;p=83691"},"modified":"2026-04-12T16:31:29","modified_gmt":"2026-04-12T14:31:29","slug":"schlusselanhanger-schild-hylien-zelda","status":"publish","type":"product","link":"https:\/\/repliquemangacine.fr\/de\/porte-cles-goodies\/porte-cles-bouclier-hylien-zelda\/","title":{"rendered":"Schl\u00fcsselanh\u00e4nger Hylianischer Schild - Zelda"},"content":{"rendered":"<h2>Hylian Shield Keychain - Zelda Collector's Accessory aus transparentem Acryl mit Metallkarabinerhaken<\/h2>\n<p>Als Erstes tauchen Sie mit diesem Schl\u00fcsselanh\u00e4nger Hylian Shield in die legend\u00e4re Welt von Zelda ein. Eine detailgetreue und elegante Replik des ber\u00fchmten Emblems von <a href=\"https:\/\/zelda.fandom.com\/fr\/wiki\/Link\" target=\"_blank\" rel=\"noopener noreferrer\">Link<\/a>. Aus hochwertigem, transparentem Acryl gefertigt, bildet es die ikonischen Details des Schildes pr\u00e4zise nach und verleiht ihm gleichzeitig einen modernen, stilvollen Touch.<\/p>\n<p>Dank des stabilen Rings und des Karabinerhakens aus robustem Metall. Sie k\u00f6nnen ihn ganz einfach an Ihren Schl\u00fcsseln, Ihrem Rucksack oder sogar an Ihrem G\u00fcrtel befestigen. Egal, ob Sie ein langj\u00e4hriger Fan oder einfach nur ein Liebhaber sch\u00f6ner Geek-St\u00fccke sind, dieser Schl\u00fcsselanh\u00e4nger ist praktisch, leicht und ultra stylisch zugleich.<\/p>\n<p>Au\u00dferdem ist es ein perfektes Geschenk f\u00fcr alle, die sich f\u00fcr die Saga The Legend of Zelda begeistern. Es vereint \u00c4sthetik, N\u00fctzlichkeit und Leidenschaft, sodass Sie ein St\u00fcck Hyrule \u00fcberall mit hinnehmen k\u00f6nnen.<\/p>\n<h2>R\u00e9plique Manga Cin\u00e9: Der ultimative Shop f\u00fcr Fans von Manga, Kino und Sammlerst\u00fccken!<\/h2>\n<p>Und das ist noch nicht alles! In unserem Shop finden Sie auch eine gro\u00dfe Auswahl an Goodies, die f\u00fcr Film-, Manga- und Videospielfans unverzichtbar sind. Unter unseren Bestsellern entdecken Sie den <a href=\"https:\/\/repliquemangacine.fr\/de\/verschiedene-goodies\/essstabchen-set-harry-potter\/\">Harry Potter Zauberstab-Set<\/a> im Format eines Schl\u00fcsselanh\u00e4ngers. Ideal f\u00fcr Zauberlehrlinge, die t\u00e4glich auf der Suche nach Magie sind. Fans von Demon Slayer sollten sich die Sammlerbox mit 15 Schl\u00fcsselanh\u00e4ngern nicht entgehen lassen, die die ikonischen Symbole aus der Serie zeigen.<\/p>\n<p>Auf der Naruto-Seite bieten wir den<a href=\"https:\/\/repliquemangacine.fr\/de\/verschiedene-goodies\/stirnband-konoha-naruto\/\"> Konoha-Stirnband<\/a>Mit diesem Geschenk k\u00f6nnen Sie Ihre Zugeh\u00f6rigkeit zum verborgenen Dorf der Bl\u00e4tter zeigen. Au\u00dferdem gibt es ein wundersch\u00f6nes 28-teiliges Naruto-Set mit Kunai, Stirnband, Halskette und einer Vielzahl von Schl\u00fcsselanh\u00e4ngern mit den Motiven der verschiedenen Clans. Und f\u00fcr die Strategieliebhaber unter Ihnen gibt es unsere Harry Potter- und Herr der Ringe-Schachspiele. Es handelt sich n\u00e4mlich um Sammlerst\u00fccke, die ebenso sch\u00f6n wie spielerisch sind. Nicht zu vergessen unsere Auswahl an Figuren und vielen anderen Sammlerst\u00fccken, mit denen Sie Ihre Sammlung vervollst\u00e4ndigen oder ein originelles Geschenk machen k\u00f6nnen.<\/p>","protected":false},"excerpt":{"rendered":"<p>Original ce Schl\u00fcsselanh\u00e4nger Schild Zelda<\/p>\n<ul>\n<li>Alles aus klarem Acryl<\/li>\n<li>Drucken des Schildes<\/li>\n<li>Ring und kleiner Karabinerhaken aus Metall<\/li>\n<li>H\u00f6he: 5 cm - Breite: 4.5 cm<\/li>\n<\/ul>","protected":false},"featured_media":83692,"template":"","meta":[],"product_brand":[896],"product_cat":[94,96,56],"product_tag":[],"class_list":{"0":"post-83691","1":"product","2":"type-product","3":"status-publish","4":"has-post-thumbnail","6":"product_brand-replique-manga-cine","7":"product_cat-goodies","8":"product_cat-porte-cles-goodies","9":"product_cat-epee-zelda","11":"first","12":"instock","13":"taxable","14":"shipping-taxable","15":"purchasable","16":"product-type-simple"},"yoast_head":"<!-- This site is optimized with the Yoast SEO plugin v27.5 - https:\/\/yoast.com\/product\/yoast-seo-wordpress\/ -->\n<title>Porte-cl\u00e9s Bouclier Hylien - Zelda - R\u00e9plique Manga Cin\u00e9<\/title>\n<meta name=\"description\" content=\"Emportez Hyrule partout ! Porte-cl\u00e9s Bouclier Hylien dans Zelda en acrylique avec mousqueton m\u00e9tal. Id\u00e9e cadeau pas ch\u00e8re parfaite pour geek.\" \/>\n<meta name=\"robots\" content=\"index, follow, max-snippet:-1, max-image-preview:large, max-video-preview:-1\" \/>\n<link rel=\"canonical\" href=\"https:\/\/repliquemangacine.fr\/de\/schlusselanhanger-goodies\/schlusselanhanger-schild-hylien-zelda\/\" \/>\n<meta property=\"og:locale\" content=\"de_DE\" \/>\n<meta property=\"og:type\" content=\"article\" \/>\n<meta property=\"og:title\" content=\"Porte-cl\u00e9s Bouclier Hylien - Zelda - R\u00e9plique Manga Cin\u00e9\" \/>\n<meta property=\"og:description\" content=\"Emportez Hyrule partout ! Porte-cl\u00e9s Bouclier Hylien dans Zelda en acrylique avec mousqueton m\u00e9tal. Id\u00e9e cadeau pas ch\u00e8re parfaite pour geek.\" \/>\n<meta property=\"og:url\" content=\"https:\/\/repliquemangacine.fr\/de\/schlusselanhanger-goodies\/schlusselanhanger-schild-hylien-zelda\/\" \/>\n<meta property=\"og:site_name\" content=\"R\u00e9plique Manga Cin\u00e9\" \/>\n<meta property=\"article:publisher\" content=\"https:\/\/www.facebook.com\/RepliqueMangaCine\" \/>\n<meta property=\"article:modified_time\" content=\"2026-04-12T14:31:29+00:00\" \/>\n<meta property=\"og:image\" content=\"https:\/\/repliquemangacine.fr\/wp-content\/uploads\/2025\/04\/porte-cles-bouclier-zelda.jpg\" \/>\n\t<meta property=\"og:image:width\" content=\"500\" \/>\n\t<meta property=\"og:image:height\" content=\"500\" \/>\n\t<meta property=\"og:image:type\" content=\"image\/jpeg\" \/>\n<meta name=\"twitter:card\" content=\"summary_large_image\" \/>\n<meta name=\"twitter:label1\" content=\"Gesch\u00e4tzte Lesezeit\" \/>\n\t<meta name=\"twitter:data1\" content=\"2\u00a0Minuten\" \/>\n<script type=\"application\/ld+json\" class=\"yoast-schema-graph\">{\"@context\":\"https:\\\/\\\/schema.org\",\"@graph\":[{\"@type\":\"WebPage\",\"@id\":\"https:\\\/\\\/repliquemangacine.fr\\\/porte-cles-goodies\\\/porte-cles-bouclier-hylien-zelda\\\/\",\"url\":\"https:\\\/\\\/repliquemangacine.fr\\\/porte-cles-goodies\\\/porte-cles-bouclier-hylien-zelda\\\/\",\"name\":\"Porte-cl\u00e9s Bouclier Hylien - Zelda - R\u00e9plique Manga Cin\u00e9\",\"isPartOf\":{\"@id\":\"https:\\\/\\\/repliquemangacine.fr\\\/#website\"},\"primaryImageOfPage\":{\"@id\":\"https:\\\/\\\/repliquemangacine.fr\\\/porte-cles-goodies\\\/porte-cles-bouclier-hylien-zelda\\\/#primaryimage\"},\"image\":{\"@id\":\"https:\\\/\\\/repliquemangacine.fr\\\/porte-cles-goodies\\\/porte-cles-bouclier-hylien-zelda\\\/#primaryimage\"},\"thumbnailUrl\":\"https:\\\/\\\/repliquemangacine.fr\\\/wp-content\\\/uploads\\\/2025\\\/04\\\/porte-cles-bouclier-zelda.jpg\",\"datePublished\":\"2025-04-20T17:38:46+00:00\",\"dateModified\":\"2026-04-12T14:31:29+00:00\",\"description\":\"Emportez Hyrule partout ! Porte-cl\u00e9s Bouclier Hylien dans Zelda en acrylique avec mousqueton m\u00e9tal. Id\u00e9e cadeau pas ch\u00e8re parfaite pour geek.\",\"breadcrumb\":{\"@id\":\"https:\\\/\\\/repliquemangacine.fr\\\/porte-cles-goodies\\\/porte-cles-bouclier-hylien-zelda\\\/#breadcrumb\"},\"inLanguage\":\"de\",\"potentialAction\":[{\"@type\":\"ReadAction\",\"target\":[\"https:\\\/\\\/repliquemangacine.fr\\\/porte-cles-goodies\\\/porte-cles-bouclier-hylien-zelda\\\/\"]}]},{\"@type\":\"ImageObject\",\"inLanguage\":\"de\",\"@id\":\"https:\\\/\\\/repliquemangacine.fr\\\/porte-cles-goodies\\\/porte-cles-bouclier-hylien-zelda\\\/#primaryimage\",\"url\":\"https:\\\/\\\/repliquemangacine.fr\\\/wp-content\\\/uploads\\\/2025\\\/04\\\/porte-cles-bouclier-zelda.jpg\",\"contentUrl\":\"https:\\\/\\\/repliquemangacine.fr\\\/wp-content\\\/uploads\\\/2025\\\/04\\\/porte-cles-bouclier-zelda.jpg\",\"width\":500,\"height\":500,\"caption\":\"Porte-cl\u00e9s Bouclier Zelda\"},{\"@type\":\"BreadcrumbList\",\"@id\":\"https:\\\/\\\/repliquemangacine.fr\\\/porte-cles-goodies\\\/porte-cles-bouclier-hylien-zelda\\\/#breadcrumb\",\"itemListElement\":[{\"@type\":\"ListItem\",\"position\":1,\"name\":\"Accueil\",\"item\":\"https:\\\/\\\/repliquemangacine.fr\\\/\"},{\"@type\":\"ListItem\",\"position\":2,\"name\":\"Produits\",\"item\":\"https:\\\/\\\/repliquemangacine.fr\\\/boutique\\\/\"},{\"@type\":\"ListItem\",\"position\":3,\"name\":\"Porte-cl\u00e9s Bouclier Hylien &#8211; Zelda\"}]},{\"@type\":\"WebSite\",\"@id\":\"https:\\\/\\\/repliquemangacine.fr\\\/#website\",\"url\":\"https:\\\/\\\/repliquemangacine.fr\\\/\",\"name\":\"R\u00e9plique Manga Cin\u00e9\",\"description\":\"\",\"publisher\":{\"@id\":\"https:\\\/\\\/repliquemangacine.fr\\\/#organization\"},\"potentialAction\":[{\"@type\":\"SearchAction\",\"target\":{\"@type\":\"EntryPoint\",\"urlTemplate\":\"https:\\\/\\\/repliquemangacine.fr\\\/?s={search_term_string}\"},\"query-input\":{\"@type\":\"PropertyValueSpecification\",\"valueRequired\":true,\"valueName\":\"search_term_string\"}}],\"inLanguage\":\"de\"},{\"@type\":\"Organization\",\"@id\":\"https:\\\/\\\/repliquemangacine.fr\\\/#organization\",\"name\":\"R\u00e9plique Manga Cin\u00e9\",\"url\":\"https:\\\/\\\/repliquemangacine.fr\\\/\",\"logo\":{\"@type\":\"ImageObject\",\"inLanguage\":\"de\",\"@id\":\"https:\\\/\\\/repliquemangacine.fr\\\/#\\\/schema\\\/logo\\\/image\\\/\",\"url\":\"https:\\\/\\\/repliquemangacine.fr\\\/wp-content\\\/uploads\\\/2023\\\/10\\\/RMC-500250.png\",\"contentUrl\":\"https:\\\/\\\/repliquemangacine.fr\\\/wp-content\\\/uploads\\\/2023\\\/10\\\/RMC-500250.png\",\"width\":500,\"height\":250,\"caption\":\"R\u00e9plique Manga Cin\u00e9\"},\"image\":{\"@id\":\"https:\\\/\\\/repliquemangacine.fr\\\/#\\\/schema\\\/logo\\\/image\\\/\"},\"sameAs\":[\"https:\\\/\\\/www.facebook.com\\\/RepliqueMangaCine\",\"https:\\\/\\\/www.instagram.com\\\/repliquemangacine.fr\\\/\"]}]}<\/script>\n<!-- \/ Yoast SEO plugin. -->","yoast_head_json":{"title":"Schl\u00fcsselanh\u00e4nger Hylianischer Schild - Zelda - R\u00e9plique Manga Cin\u00e9","description":"Nehmen Sie Hyrule \u00fcberall mit hin! Schl\u00fcsselanh\u00e4nger Hylian Shield in Zelda aus Acryl mit Metallkarabinerhaken. G\u00fcnstige Geschenkidee perfekt f\u00fcr Geeks.","robots":{"index":"index","follow":"follow","max-snippet":"max-snippet:-1","max-image-preview":"max-image-preview:large","max-video-preview":"max-video-preview:-1"},"canonical":"https:\/\/repliquemangacine.fr\/de\/schlusselanhanger-goodies\/schlusselanhanger-schild-hylien-zelda\/","og_locale":"de_DE","og_type":"article","og_title":"Porte-cl\u00e9s Bouclier Hylien - Zelda - R\u00e9plique Manga Cin\u00e9","og_description":"Emportez Hyrule partout ! Porte-cl\u00e9s Bouclier Hylien dans Zelda en acrylique avec mousqueton m\u00e9tal. Id\u00e9e cadeau pas ch\u00e8re parfaite pour geek.","og_url":"https:\/\/repliquemangacine.fr\/de\/schlusselanhanger-goodies\/schlusselanhanger-schild-hylien-zelda\/","og_site_name":"R\u00e9plique Manga Cin\u00e9","article_publisher":"https:\/\/www.facebook.com\/RepliqueMangaCine","article_modified_time":"2026-04-12T14:31:29+00:00","og_image":[{"width":500,"height":500,"url":"https:\/\/repliquemangacine.fr\/wp-content\/uploads\/2025\/04\/porte-cles-bouclier-zelda.jpg","type":"image\/jpeg"}],"twitter_card":"summary_large_image","twitter_misc":{"Gesch\u00e4tzte Lesezeit":"2\u00a0Minuten"},"schema":{"@context":"https:\/\/schema.org","@graph":[{"@type":"WebPage","@id":"https:\/\/repliquemangacine.fr\/porte-cles-goodies\/porte-cles-bouclier-hylien-zelda\/","url":"https:\/\/repliquemangacine.fr\/porte-cles-goodies\/porte-cles-bouclier-hylien-zelda\/","name":"Schl\u00fcsselanh\u00e4nger Hylianischer Schild - Zelda - R\u00e9plique Manga Cin\u00e9","isPartOf":{"@id":"https:\/\/repliquemangacine.fr\/#website"},"primaryImageOfPage":{"@id":"https:\/\/repliquemangacine.fr\/porte-cles-goodies\/porte-cles-bouclier-hylien-zelda\/#primaryimage"},"image":{"@id":"https:\/\/repliquemangacine.fr\/porte-cles-goodies\/porte-cles-bouclier-hylien-zelda\/#primaryimage"},"thumbnailUrl":"https:\/\/repliquemangacine.fr\/wp-content\/uploads\/2025\/04\/porte-cles-bouclier-zelda.jpg","datePublished":"2025-04-20T17:38:46+00:00","dateModified":"2026-04-12T14:31:29+00:00","description":"Nehmen Sie Hyrule \u00fcberall mit hin! Schl\u00fcsselanh\u00e4nger Hylian Shield in Zelda aus Acryl mit Metallkarabinerhaken. G\u00fcnstige Geschenkidee perfekt f\u00fcr Geeks.","breadcrumb":{"@id":"https:\/\/repliquemangacine.fr\/porte-cles-goodies\/porte-cles-bouclier-hylien-zelda\/#breadcrumb"},"inLanguage":"de","potentialAction":[{"@type":"ReadAction","target":["https:\/\/repliquemangacine.fr\/porte-cles-goodies\/porte-cles-bouclier-hylien-zelda\/"]}]},{"@type":"ImageObject","inLanguage":"de","@id":"https:\/\/repliquemangacine.fr\/porte-cles-goodies\/porte-cles-bouclier-hylien-zelda\/#primaryimage","url":"https:\/\/repliquemangacine.fr\/wp-content\/uploads\/2025\/04\/porte-cles-bouclier-zelda.jpg","contentUrl":"https:\/\/repliquemangacine.fr\/wp-content\/uploads\/2025\/04\/porte-cles-bouclier-zelda.jpg","width":500,"height":500,"caption":"Porte-cl\u00e9s Bouclier Zelda"},{"@type":"BreadcrumbList","@id":"https:\/\/repliquemangacine.fr\/porte-cles-goodies\/porte-cles-bouclier-hylien-zelda\/#breadcrumb","itemListElement":[{"@type":"ListItem","position":1,"name":"Accueil","item":"https:\/\/repliquemangacine.fr\/"},{"@type":"ListItem","position":2,"name":"Produits","item":"https:\/\/repliquemangacine.fr\/boutique\/"},{"@type":"ListItem","position":3,"name":"Porte-cl\u00e9s Bouclier Hylien &#8211; Zelda"}]},{"@type":"WebSite","@id":"https:\/\/repliquemangacine.fr\/#website","url":"https:\/\/repliquemangacine.fr\/","name":"R\u00e9plique Manga Cin\u00e9","description":"","publisher":{"@id":"https:\/\/repliquemangacine.fr\/#organization"},"potentialAction":[{"@type":"SearchAction","target":{"@type":"EntryPoint","urlTemplate":"https:\/\/repliquemangacine.fr\/?s={search_term_string}"},"query-input":{"@type":"PropertyValueSpecification","valueRequired":true,"valueName":"search_term_string"}}],"inLanguage":"de"},{"@type":"Organization","@id":"https:\/\/repliquemangacine.fr\/#organization","name":"R\u00e9plique Manga Cin\u00e9","url":"https:\/\/repliquemangacine.fr\/","logo":{"@type":"ImageObject","inLanguage":"de","@id":"https:\/\/repliquemangacine.fr\/#\/schema\/logo\/image\/","url":"https:\/\/repliquemangacine.fr\/wp-content\/uploads\/2023\/10\/RMC-500250.png","contentUrl":"https:\/\/repliquemangacine.fr\/wp-content\/uploads\/2023\/10\/RMC-500250.png","width":500,"height":250,"caption":"R\u00e9plique Manga Cin\u00e9"},"image":{"@id":"https:\/\/repliquemangacine.fr\/#\/schema\/logo\/image\/"},"sameAs":["https:\/\/www.facebook.com\/RepliqueMangaCine","https:\/\/www.instagram.com\/repliquemangacine.fr\/"]}]}},"_links":{"self":[{"href":"https:\/\/repliquemangacine.fr\/de\/wp-json\/wp\/v2\/product\/83691","targetHints":{"allow":["GET"]}}],"collection":[{"href":"https:\/\/repliquemangacine.fr\/de\/wp-json\/wp\/v2\/product"}],"about":[{"href":"https:\/\/repliquemangacine.fr\/de\/wp-json\/wp\/v2\/types\/product"}],"wp:featuredmedia":[{"embeddable":true,"href":"https:\/\/repliquemangacine.fr\/de\/wp-json\/wp\/v2\/media\/83692"}],"wp:attachment":[{"href":"https:\/\/repliquemangacine.fr\/de\/wp-json\/wp\/v2\/media?parent=83691"}],"wp:term":[{"taxonomy":"product_brand","embeddable":true,"href":"https:\/\/repliquemangacine.fr\/de\/wp-json\/wp\/v2\/product_brand?post=83691"},{"taxonomy":"product_cat","embeddable":true,"href":"https:\/\/repliquemangacine.fr\/de\/wp-json\/wp\/v2\/product_cat?post=83691"},{"taxonomy":"product_tag","embeddable":true,"href":"https:\/\/repliquemangacine.fr\/de\/wp-json\/wp\/v2\/product_tag?post=83691"}],"curies":[{"name":"wp","href":"https:\/\/api.w.org\/{rel}","templated":true}]}}