





{"id":83639,"date":"2025-04-17T16:44:39","date_gmt":"2025-04-17T14:44:39","guid":{"rendered":"https:\/\/repliquemangacine.fr\/?post_type=product&#038;p=83639"},"modified":"2025-11-13T01:11:14","modified_gmt":"2025-11-13T00:11:14","slug":"sabel-eines-marineoffiziers-usa-1852","status":"publish","type":"product","link":"https:\/\/repliquemangacine.fr\/de\/sabres-1er-empire\/sabre-dofficier-de-marine-usa-1852\/","title":{"rendered":"S\u00e4bel eines Marineoffiziers USA 1852"},"content":{"rendered":"<h2>Marineoffizierss\u00e4bel U.S. 1852 - Die Eleganz des Kommandos<\/h2>\n<p>Der Offizierss\u00e4bel der US-Marine von 1852 ist ein einzigartiges St\u00fcck, das Kraft und Eleganz ausstrahlt. Zun\u00e4chst einmal unterstreicht seine reich verzierte Stahlklinge sein historisches Prestige. Sorgf\u00e4ltige Gravuren und die Inschrift \u201eUnited States Marines\u201d zieren stolz jede Seite der Klinge. Dar\u00fcber hinaus sorgt der vergoldete Vollstahlgriff f\u00fcr ein luxuri\u00f6ses und langlebiges Finish. Dar\u00fcber hinaus ist der Holzgriff mit schwarzem Kunstleder und goldenem Metalldraht \u00fcberzogen. So bietet das Ensemble einen perfekten Griff, der sowohl authentisch als auch solide ist. Die aus Holz gefertigte und mit schwarzem Kunstleder \u00fcberzogene Scheide unterstreicht die Eleganz des S\u00e4bels.<br \/>\nDar\u00fcber hinaus sind die Enden durch wundersch\u00f6ne vergoldete Beschl\u00e4ge gesch\u00fctzt. Um dieses Sammlerst\u00fcck zu vervollst\u00e4ndigen, wird jedes Schwert mit einer Stoffh\u00fclle geliefert.<br \/>\nEin Muss f\u00fcr jeden anspruchsvollen Sammler!<\/p>\n<h2>Ein historischer S\u00e4bel, der noch immer im Zentrum der amerikanischen Milit\u00e4rtraditionen steht<\/h2>\n<p>Seit 1852 verk\u00f6rpert dieser S\u00e4bel der US-Marineoffiziere die Ehre und Pflicht der amerikanischen Seeleute. Er wurde in diesem Jahr offiziell eingef\u00fchrt und symbolisiert die Autorit\u00e4t und das Ansehen der Offiziere der US-Marine.<br \/>\nAuch heute noch wird dieser S\u00e4bel bei Zeremonien, Paraden und offiziellen milit\u00e4rischen Anl\u00e4ssen getragen. Dar\u00fcber hinaus steht er f\u00fcr das feierliche Engagement und die Tapferkeit derer, die mit Stolz ihrem Land dienen.<br \/>\nSeine imposante Pr\u00e4senz und seine au\u00dfergew\u00f6hnliche Raffinesse verleihen jeder Zeremonie eine besondere Emotionalit\u00e4t. So werden jahrhundertealte Traditionen fortgef\u00fchrt, die den Zusammenhalt und die Treue gegen\u00fcber den \u00c4lteren st\u00e4rken. Dank seines zeitlosen Designs \u00fcberdauert es die Zeiten, ohne jemals seine Aura des Respekts zu verlieren. Jedes Detail dieses S\u00e4bels erinnert an die Werte Mut, Disziplin und milit\u00e4rische Loyalit\u00e4t.<br \/>\nMit der Wahl dieses S\u00e4bels werden Sie Teil der lebendigen Geschichte der US-Marine.<\/p>\n<h2>Ihr Fachgesch\u00e4ft f\u00fcr historische Repliken, Manga und Filme<\/h2>\n<p>Auf R\u00e9plique Manga Cin\u00e9 finden Sie viel mehr als nur Schwerter! Es ist ein wahrer Tempel f\u00fcr Liebhaber. Zun\u00e4chst einmal bieten wir Ihnen au\u00dfergew\u00f6hnliche historische Repliken wie das<a href=\"https:\/\/repliquemangacine.fr\/de\/historische-waffen\/napoleonisches-zeremonialschwert\/\">napoleonisches Zeremonialschwert<\/a> aus dem Ersten Kaiserreich. Anschlie\u00dfend lernen Sie die historischen Waffen kennen <a href=\"https:\/\/www.denix.fr\/\" target=\"_blank\" rel=\"noopener noreferrer\">Denix<\/a>wie die ber\u00fchmte <a href=\"https:\/\/repliquemangacine.fr\/de\/denix\/maschinengewehr-mp40-sub-machin-gun\/\">Maschinengewehr MP 40<\/a> und andere seltene St\u00fccke. So k\u00f6nnen Sie die Atmosph\u00e4re der Schlachtfelder des Zweiten Weltkriegs zu Hause nachspielen. Auf der mittelalterlichen Seite<a href=\"https:\/\/repliquemangacine.fr\/de\/mittelalterliches-schwert-der-templer\/schwert-des-templers-jacques-de-molay\/\">Schwert Jacques de Molay<\/a>, der letzte Gro\u00dfmeister der Templer, vervollst\u00e4ndigt eine faszinierende Sammlung. Aber das ist noch nicht alles! Unser Universum erstreckt sich auch auf die gr\u00f6\u00dften Manga- und Filmsagas. Hier finden Sie die Katanas aus One Piece, die <a href=\"https:\/\/repliquemangacine.fr\/de\/herr-der-ringe-schwerter\/\">Schwerter aus dem Herrn der Ringe<\/a> und viele weitere Wunderwerke. Jeder Artikel wurde aufgrund seiner Qualit\u00e4t und seiner Treue zu den Originalwerken ausgew\u00e4hlt.<br \/>\nWarten Sie also nicht l\u00e4nger und entdecken Sie all diese unglaublichen Repliken in meinem Online-Shop!<\/p>","protected":false},"excerpt":{"rendered":"<p>Wundersch\u00f6ne Replik, inspiriert vom S\u00e4bel eines Marineoffiziers USA 1852<\/p>\n<ul>\n<li>Reich verzierte Stahlklinge mit dem Schriftzug United States Marines auf beiden Seiten der Klinge.<\/li>\n<li>Goldfarbene Vollstahl-Garde<\/li>\n<li>Holzgriff mit schwarzem Kunstleder \u00fcberzogen und goldener Metalldraht<\/li>\n<li>Holzscheide mit schwarzem Kunstleder \u00fcberzogen und vergoldeten Beschl\u00e4gen an den Enden<\/li>\n<li>Wird mit einer Stoffh\u00fclle geliefert<\/li>\n<li>Klingenl\u00e4nge: 73.5 cm - Gesamtl\u00e4nge: 96.5 cm mit Scheide<\/li>\n<li>Gewicht mit Scheide: 1055g und 660g ohne Scheide<\/li>\n<\/ul>","protected":false},"featured_media":83641,"template":"","meta":[],"product_brand":[896],"product_cat":[74],"product_tag":[],"class_list":{"0":"post-83639","1":"product","2":"type-product","3":"status-publish","4":"has-post-thumbnail","6":"product_brand-replique-manga-cine","7":"product_cat-sabres-1er-empire","9":"first","10":"instock","11":"taxable","12":"shipping-taxable","13":"purchasable","14":"product-type-simple"},"yoast_head":"<!-- This site is optimized with the Yoast SEO plugin v27.5 - https:\/\/yoast.com\/product\/yoast-seo-wordpress\/ -->\n<title>Sabre d&#039;Officier de Marine USA 1852 - R\u00e9plique Manga Cin\u00e9<\/title>\n<meta name=\"description\" content=\"Superbe r\u00e9plique inspir\u00e9 du Sabre d&#039;Officier de Marine USA 1852. Lame en acier richement d\u00e9cor\u00e9e. Garde en acier plein dor\u00e9 de forme sp\u00e9cifique. 96.5 cm\" \/>\n<meta name=\"robots\" content=\"index, follow, max-snippet:-1, max-image-preview:large, max-video-preview:-1\" \/>\n<link rel=\"canonical\" href=\"https:\/\/repliquemangacine.fr\/de\/sabel-1-empire\/sabel-eines-marineoffiziers-usa-1852\/\" \/>\n<meta property=\"og:locale\" content=\"de_DE\" \/>\n<meta property=\"og:type\" content=\"article\" \/>\n<meta property=\"og:title\" content=\"Sabre d&#039;Officier de Marine USA 1852 - R\u00e9plique Manga Cin\u00e9\" \/>\n<meta property=\"og:description\" content=\"Superbe r\u00e9plique inspir\u00e9 du Sabre d&#039;Officier de Marine USA 1852. Lame en acier richement d\u00e9cor\u00e9e. Garde en acier plein dor\u00e9 de forme sp\u00e9cifique. 96.5 cm\" \/>\n<meta property=\"og:url\" content=\"https:\/\/repliquemangacine.fr\/de\/sabel-1-empire\/sabel-eines-marineoffiziers-usa-1852\/\" \/>\n<meta property=\"og:site_name\" content=\"R\u00e9plique Manga Cin\u00e9\" \/>\n<meta property=\"article:publisher\" content=\"https:\/\/www.facebook.com\/RepliqueMangaCine\" \/>\n<meta property=\"article:modified_time\" content=\"2025-11-13T00:11:14+00:00\" \/>\n<meta property=\"og:image\" content=\"https:\/\/repliquemangacine.fr\/wp-content\/uploads\/2025\/04\/Sabre-de-Ceremonie.jpg\" \/>\n\t<meta property=\"og:image:width\" content=\"500\" \/>\n\t<meta property=\"og:image:height\" content=\"500\" \/>\n\t<meta property=\"og:image:type\" content=\"image\/jpeg\" \/>\n<meta name=\"twitter:card\" content=\"summary_large_image\" \/>\n<meta name=\"twitter:label1\" content=\"Gesch\u00e4tzte Lesezeit\" \/>\n\t<meta name=\"twitter:data1\" content=\"3\u00a0Minuten\" \/>\n<script type=\"application\/ld+json\" class=\"yoast-schema-graph\">{\"@context\":\"https:\\\/\\\/schema.org\",\"@graph\":[{\"@type\":\"WebPage\",\"@id\":\"https:\\\/\\\/repliquemangacine.fr\\\/sabres-1er-empire\\\/sabre-dofficier-de-marine-usa-1852\\\/\",\"url\":\"https:\\\/\\\/repliquemangacine.fr\\\/sabres-1er-empire\\\/sabre-dofficier-de-marine-usa-1852\\\/\",\"name\":\"Sabre d'Officier de Marine USA 1852 - R\u00e9plique Manga Cin\u00e9\",\"isPartOf\":{\"@id\":\"https:\\\/\\\/repliquemangacine.fr\\\/#website\"},\"primaryImageOfPage\":{\"@id\":\"https:\\\/\\\/repliquemangacine.fr\\\/sabres-1er-empire\\\/sabre-dofficier-de-marine-usa-1852\\\/#primaryimage\"},\"image\":{\"@id\":\"https:\\\/\\\/repliquemangacine.fr\\\/sabres-1er-empire\\\/sabre-dofficier-de-marine-usa-1852\\\/#primaryimage\"},\"thumbnailUrl\":\"https:\\\/\\\/repliquemangacine.fr\\\/wp-content\\\/uploads\\\/2025\\\/04\\\/Sabre-de-Ceremonie.jpg\",\"datePublished\":\"2025-04-17T14:44:39+00:00\",\"dateModified\":\"2025-11-13T00:11:14+00:00\",\"description\":\"Superbe r\u00e9plique inspir\u00e9 du Sabre d'Officier de Marine USA 1852. Lame en acier richement d\u00e9cor\u00e9e. Garde en acier plein dor\u00e9 de forme sp\u00e9cifique. 96.5 cm\",\"breadcrumb\":{\"@id\":\"https:\\\/\\\/repliquemangacine.fr\\\/sabres-1er-empire\\\/sabre-dofficier-de-marine-usa-1852\\\/#breadcrumb\"},\"inLanguage\":\"de\",\"potentialAction\":[{\"@type\":\"ReadAction\",\"target\":[\"https:\\\/\\\/repliquemangacine.fr\\\/sabres-1er-empire\\\/sabre-dofficier-de-marine-usa-1852\\\/\"]}]},{\"@type\":\"ImageObject\",\"inLanguage\":\"de\",\"@id\":\"https:\\\/\\\/repliquemangacine.fr\\\/sabres-1er-empire\\\/sabre-dofficier-de-marine-usa-1852\\\/#primaryimage\",\"url\":\"https:\\\/\\\/repliquemangacine.fr\\\/wp-content\\\/uploads\\\/2025\\\/04\\\/Sabre-de-Ceremonie.jpg\",\"contentUrl\":\"https:\\\/\\\/repliquemangacine.fr\\\/wp-content\\\/uploads\\\/2025\\\/04\\\/Sabre-de-Ceremonie.jpg\",\"width\":500,\"height\":500,\"caption\":\"Sabre d'Officier de Marine US 1852\"},{\"@type\":\"BreadcrumbList\",\"@id\":\"https:\\\/\\\/repliquemangacine.fr\\\/sabres-1er-empire\\\/sabre-dofficier-de-marine-usa-1852\\\/#breadcrumb\",\"itemListElement\":[{\"@type\":\"ListItem\",\"position\":1,\"name\":\"Accueil\",\"item\":\"https:\\\/\\\/repliquemangacine.fr\\\/\"},{\"@type\":\"ListItem\",\"position\":2,\"name\":\"Produits\",\"item\":\"https:\\\/\\\/repliquemangacine.fr\\\/boutique\\\/\"},{\"@type\":\"ListItem\",\"position\":3,\"name\":\"Sabre d&#8217;Officier de Marine USA 1852\"}]},{\"@type\":\"WebSite\",\"@id\":\"https:\\\/\\\/repliquemangacine.fr\\\/#website\",\"url\":\"https:\\\/\\\/repliquemangacine.fr\\\/\",\"name\":\"R\u00e9plique Manga Cin\u00e9\",\"description\":\"\",\"publisher\":{\"@id\":\"https:\\\/\\\/repliquemangacine.fr\\\/#organization\"},\"potentialAction\":[{\"@type\":\"SearchAction\",\"target\":{\"@type\":\"EntryPoint\",\"urlTemplate\":\"https:\\\/\\\/repliquemangacine.fr\\\/?s={search_term_string}\"},\"query-input\":{\"@type\":\"PropertyValueSpecification\",\"valueRequired\":true,\"valueName\":\"search_term_string\"}}],\"inLanguage\":\"de\"},{\"@type\":\"Organization\",\"@id\":\"https:\\\/\\\/repliquemangacine.fr\\\/#organization\",\"name\":\"R\u00e9plique Manga Cin\u00e9\",\"url\":\"https:\\\/\\\/repliquemangacine.fr\\\/\",\"logo\":{\"@type\":\"ImageObject\",\"inLanguage\":\"de\",\"@id\":\"https:\\\/\\\/repliquemangacine.fr\\\/#\\\/schema\\\/logo\\\/image\\\/\",\"url\":\"https:\\\/\\\/repliquemangacine.fr\\\/wp-content\\\/uploads\\\/2023\\\/10\\\/RMC-500250.png\",\"contentUrl\":\"https:\\\/\\\/repliquemangacine.fr\\\/wp-content\\\/uploads\\\/2023\\\/10\\\/RMC-500250.png\",\"width\":500,\"height\":250,\"caption\":\"R\u00e9plique Manga Cin\u00e9\"},\"image\":{\"@id\":\"https:\\\/\\\/repliquemangacine.fr\\\/#\\\/schema\\\/logo\\\/image\\\/\"},\"sameAs\":[\"https:\\\/\\\/www.facebook.com\\\/RepliqueMangaCine\",\"https:\\\/\\\/www.instagram.com\\\/repliquemangacine.fr\\\/\"]}]}<\/script>\n<!-- \/ Yoast SEO plugin. -->","yoast_head_json":{"title":"S\u00e4bel eines Marineoffiziers USA 1852 - R\u00e9plique Manga Cin\u00e9","description":"Wundersch\u00f6ne Replik, inspiriert vom S\u00e4bel eines Marineoffiziers der USA 1852. Reich verzierte Klinge aus Stahl. Speziell geformter, vergoldeter Vollstahlb\u00fcgel. 96.5 cm","robots":{"index":"index","follow":"follow","max-snippet":"max-snippet:-1","max-image-preview":"max-image-preview:large","max-video-preview":"max-video-preview:-1"},"canonical":"https:\/\/repliquemangacine.fr\/de\/sabel-1-empire\/sabel-eines-marineoffiziers-usa-1852\/","og_locale":"de_DE","og_type":"article","og_title":"Sabre d'Officier de Marine USA 1852 - R\u00e9plique Manga Cin\u00e9","og_description":"Superbe r\u00e9plique inspir\u00e9 du Sabre d'Officier de Marine USA 1852. Lame en acier richement d\u00e9cor\u00e9e. Garde en acier plein dor\u00e9 de forme sp\u00e9cifique. 96.5 cm","og_url":"https:\/\/repliquemangacine.fr\/de\/sabel-1-empire\/sabel-eines-marineoffiziers-usa-1852\/","og_site_name":"R\u00e9plique Manga Cin\u00e9","article_publisher":"https:\/\/www.facebook.com\/RepliqueMangaCine","article_modified_time":"2025-11-13T00:11:14+00:00","og_image":[{"width":500,"height":500,"url":"https:\/\/repliquemangacine.fr\/wp-content\/uploads\/2025\/04\/Sabre-de-Ceremonie.jpg","type":"image\/jpeg"}],"twitter_card":"summary_large_image","twitter_misc":{"Gesch\u00e4tzte Lesezeit":"3\u00a0Minuten"},"schema":{"@context":"https:\/\/schema.org","@graph":[{"@type":"WebPage","@id":"https:\/\/repliquemangacine.fr\/sabres-1er-empire\/sabre-dofficier-de-marine-usa-1852\/","url":"https:\/\/repliquemangacine.fr\/sabres-1er-empire\/sabre-dofficier-de-marine-usa-1852\/","name":"S\u00e4bel eines Marineoffiziers USA 1852 - R\u00e9plique Manga Cin\u00e9","isPartOf":{"@id":"https:\/\/repliquemangacine.fr\/#website"},"primaryImageOfPage":{"@id":"https:\/\/repliquemangacine.fr\/sabres-1er-empire\/sabre-dofficier-de-marine-usa-1852\/#primaryimage"},"image":{"@id":"https:\/\/repliquemangacine.fr\/sabres-1er-empire\/sabre-dofficier-de-marine-usa-1852\/#primaryimage"},"thumbnailUrl":"https:\/\/repliquemangacine.fr\/wp-content\/uploads\/2025\/04\/Sabre-de-Ceremonie.jpg","datePublished":"2025-04-17T14:44:39+00:00","dateModified":"2025-11-13T00:11:14+00:00","description":"Wundersch\u00f6ne Replik, inspiriert vom S\u00e4bel eines Marineoffiziers der USA 1852. Reich verzierte Klinge aus Stahl. Speziell geformter, vergoldeter Vollstahlb\u00fcgel. 96.5 cm","breadcrumb":{"@id":"https:\/\/repliquemangacine.fr\/sabres-1er-empire\/sabre-dofficier-de-marine-usa-1852\/#breadcrumb"},"inLanguage":"de","potentialAction":[{"@type":"ReadAction","target":["https:\/\/repliquemangacine.fr\/sabres-1er-empire\/sabre-dofficier-de-marine-usa-1852\/"]}]},{"@type":"ImageObject","inLanguage":"de","@id":"https:\/\/repliquemangacine.fr\/sabres-1er-empire\/sabre-dofficier-de-marine-usa-1852\/#primaryimage","url":"https:\/\/repliquemangacine.fr\/wp-content\/uploads\/2025\/04\/Sabre-de-Ceremonie.jpg","contentUrl":"https:\/\/repliquemangacine.fr\/wp-content\/uploads\/2025\/04\/Sabre-de-Ceremonie.jpg","width":500,"height":500,"caption":"Sabre d'Officier de Marine US 1852"},{"@type":"BreadcrumbList","@id":"https:\/\/repliquemangacine.fr\/sabres-1er-empire\/sabre-dofficier-de-marine-usa-1852\/#breadcrumb","itemListElement":[{"@type":"ListItem","position":1,"name":"Accueil","item":"https:\/\/repliquemangacine.fr\/"},{"@type":"ListItem","position":2,"name":"Produits","item":"https:\/\/repliquemangacine.fr\/boutique\/"},{"@type":"ListItem","position":3,"name":"Sabre d&#8217;Officier de Marine USA 1852"}]},{"@type":"WebSite","@id":"https:\/\/repliquemangacine.fr\/#website","url":"https:\/\/repliquemangacine.fr\/","name":"R\u00e9plique Manga Cin\u00e9","description":"","publisher":{"@id":"https:\/\/repliquemangacine.fr\/#organization"},"potentialAction":[{"@type":"SearchAction","target":{"@type":"EntryPoint","urlTemplate":"https:\/\/repliquemangacine.fr\/?s={search_term_string}"},"query-input":{"@type":"PropertyValueSpecification","valueRequired":true,"valueName":"search_term_string"}}],"inLanguage":"de"},{"@type":"Organization","@id":"https:\/\/repliquemangacine.fr\/#organization","name":"R\u00e9plique Manga Cin\u00e9","url":"https:\/\/repliquemangacine.fr\/","logo":{"@type":"ImageObject","inLanguage":"de","@id":"https:\/\/repliquemangacine.fr\/#\/schema\/logo\/image\/","url":"https:\/\/repliquemangacine.fr\/wp-content\/uploads\/2023\/10\/RMC-500250.png","contentUrl":"https:\/\/repliquemangacine.fr\/wp-content\/uploads\/2023\/10\/RMC-500250.png","width":500,"height":250,"caption":"R\u00e9plique Manga Cin\u00e9"},"image":{"@id":"https:\/\/repliquemangacine.fr\/#\/schema\/logo\/image\/"},"sameAs":["https:\/\/www.facebook.com\/RepliqueMangaCine","https:\/\/www.instagram.com\/repliquemangacine.fr\/"]}]}},"_links":{"self":[{"href":"https:\/\/repliquemangacine.fr\/de\/wp-json\/wp\/v2\/product\/83639","targetHints":{"allow":["GET"]}}],"collection":[{"href":"https:\/\/repliquemangacine.fr\/de\/wp-json\/wp\/v2\/product"}],"about":[{"href":"https:\/\/repliquemangacine.fr\/de\/wp-json\/wp\/v2\/types\/product"}],"wp:featuredmedia":[{"embeddable":true,"href":"https:\/\/repliquemangacine.fr\/de\/wp-json\/wp\/v2\/media\/83641"}],"wp:attachment":[{"href":"https:\/\/repliquemangacine.fr\/de\/wp-json\/wp\/v2\/media?parent=83639"}],"wp:term":[{"taxonomy":"product_brand","embeddable":true,"href":"https:\/\/repliquemangacine.fr\/de\/wp-json\/wp\/v2\/product_brand?post=83639"},{"taxonomy":"product_cat","embeddable":true,"href":"https:\/\/repliquemangacine.fr\/de\/wp-json\/wp\/v2\/product_cat?post=83639"},{"taxonomy":"product_tag","embeddable":true,"href":"https:\/\/repliquemangacine.fr\/de\/wp-json\/wp\/v2\/product_tag?post=83639"}],"curies":[{"name":"wp","href":"https:\/\/api.w.org\/{rel}","templated":true}]}}