





{"id":83614,"date":"2025-04-16T19:19:39","date_gmt":"2025-04-16T17:19:39","guid":{"rendered":"https:\/\/repliquemangacine.fr\/?post_type=product&#038;p=83614"},"modified":"2026-01-22T10:51:12","modified_gmt":"2026-01-22T09:51:12","slug":"funktionelles-kampfschwert","status":"publish","type":"product","link":"https:\/\/repliquemangacine.fr\/de\/reproductions-d-armes-et-accessoires-medievales\/epee-de-combat-fonctionnelle\/","title":{"rendered":"Funktionelles Kampfschwert"},"content":{"rendered":"<h2>Funktionales Kampfschwert: Macht, Meisterschaft und historische Verarbeitung<\/h2>\n<p>In erster Linie ist diese <strong>Funktionelles Kampfschwert<\/strong>, Ein robustes St\u00fcck, das f\u00fcr den praktischen Einsatz, das Training oder die Ausstellung in jeder Sammlung konzipiert ist. Die Klinge aus 1065er Kohlenstoffstahl mit zentraler Kehle, doppelter Fase und aus Sicherheitsgr\u00fcnden bewusst nicht scharf geschliffen. Der runde Knauf aus massivem Stahl sorgt f\u00fcr eine perfekte Balance und optimiert die Handhabung w\u00e4hrend Ihrer mittelalterlichen Kampfsessions. Die Parierstange, ebenfalls aus massivem Stahl, hat eine spezielle Form, die sowohl Schutz als auch eine raffinierte historische \u00c4sthetik bietet. Der Griff ist mit schwarzem Leder \u00fcberzogen und garantiert einen festen, bequemen Halt, der f\u00fcr wiederholte Bewegungen geeignet ist. Die Holzscheide ist mit schwarzem Kunstleder \u00fcberzogen und mit einem G\u00fcrtel zum Tragen und Pr\u00e4sentieren ausgestattet.<\/p>\n<p>Es vereint Authentizit\u00e4t, Robustheit und sorgf\u00e4ltige Verarbeitung, um Liebhaber von Nachbildungen oder alten mittelalterlichen Waffen zufrieden zu stellen.  Ein funktionales Schwert, das auf Langlebigkeit ausgelegt ist und sich ideal f\u00fcr Liebhaber lebendiger Geschichte und traditioneller Handhabung eignet. Erg\u00e4nzen Sie Ihre Sammlung jetzt um dieses m\u00e4chtige St\u00fcck, das durch seine Pr\u00e4senz und seine bemerkenswerte Qualit\u00e4t beeindruckt.<\/p>\n<h2>Das mittelalterliche Kampfschwert: eine Waffe der Ausdauer, Technik und Pr\u00e4zision<\/h2>\n<p>W\u00e4hrend des <a href=\"https:\/\/www.larousse.fr\/encyclopedie\/divers\/Moyen_%C3%82ge\/71867\" target=\"_blank\" rel=\"noopener noreferrer\">Mittelalter<\/a>, Das Kampfschwert war weit mehr als nur eine Waffe: Es verk\u00f6rperte Ehre, Strategie und ritterlichen Adel. Es wurde in Duellen, Schlachten und Turnieren eingesetzt und erforderte perfekte technische Beherrschung und disziplinierte Kraft. Dank seiner langen, ausgewogenen Klinge erm\u00f6glichte das Schwert schnelle Bewegungen, wirksame Paraden und pr\u00e4zise Angriffe. Seine robuste Konstruktion garantierte optimale Widerstandsf\u00e4higkeit gegen wiederholte Schl\u00e4ge, selbst gegen imposante R\u00fcstungen und Schilde des Gegners. Die Parierstange sch\u00fctzte die H\u00e4nde, w\u00e4hrend der Knauf ein gutes Gegengewicht bildete, um die Waffe mit bemerkenswerter Geschmeidigkeit zu f\u00fchren.<br \/>\nDas Kampfschwert symbolisierte auch die Treue gegen\u00fcber dem Lehnsherrn oder dem K\u00f6nigreich und unterstrich damit seine soziale und milit\u00e4rische Bedeutung. Heute erleben diese faszinierenden Waffen dank originalgetreuer und funktionsf\u00e4higer Nachbildungen wie diesem Modell eine Renaissance in Sammlungen.<\/p>\n<h2>R\u00e9plique Manga Cin\u00e9: Eine prestigetr\u00e4chtige Auswahl an historischen mittelalterlichen Schwertern<\/h2>\n<p>Bei R\u00e9plique Manga Cin\u00e9 bieten wir Ihnen eine Sammlung originalgetreuer, kraftvoller und mit Leidenschaft fein gearbeiteter historischer Schwerter. Zu unseren Topmodellen geh\u00f6rt das<a href=\"https:\/\/repliquemangacine.fr\/de\/mittelalterliches-schwert-der-templer\/templer-schlagschwert\/\">Schlagschwert der Templer<\/a>mit einer starken Symbolik und einem schlagkr\u00e4ftigen mittelalterlichen Design. Sie finden auch den<a href=\"https:\/\/repliquemangacine.fr\/de\/ausverkauf\/schwert-des-heiligen-mauritius-von-turin-13-jahrhundert\/\">Schwert St. Mauritius von Turin<\/a> aus dem XIII\u1d49 Jahrhundert, ein religi\u00f6ses und milit\u00e4risches Emblem einer glorreichen Epoche Europas. L'<a href=\"https:\/\/repliquemangacine.fr\/de\/ausverkauf\/schwert-sir-william-marshal-12-jahrhundert\/\">Schwert Sir William Marshal<\/a> aus dem 12. Jahrhundert ist ebenfalls erh\u00e4ltlich und verk\u00f6rpert einen der gr\u00f6\u00dften Ritter des mittelalterlichen Englands.<\/p>\n<p>Diese Nachbildungen zeichnen sich durch ihre edlen Materialien, ihre kunstvoll gearbeiteten Parierstangen und ihre Scheiden mit wundersch\u00f6nen historischen Verzierungen aus. Suchen Sie eine Waffe zum Ausstellen, zum F\u00fchren oder zum Verschenken? Unser Shop garantiert Ihnen eine einzigartige und hochwertige Auswahl. R\u00e9plique Manga Cin\u00e9 ist die Referenz in Sachen Nachbildungen historischer Waffen, Filmwaffen und Waffen aus der Geek-Kultur.<\/p>\n<p>Entdecken Sie jetzt unsere Kollektion mittelalterlicher Schwerter und tauchen Sie ein in die Welt der Ritter und legend\u00e4ren Schlachten.<\/p>","protected":false},"excerpt":{"rendered":"<p>Gro\u00dfartiges funktionelles Kampfschwert<\/p>\n<ul>\n<li>Klinge mit Hohlkehle aus Kohlenstoffstahl 1065 doppelt abgeschr\u00e4gt nicht scharf<\/li>\n<li>Knauf aus Vollstahl in Kreisform<\/li>\n<li>Mit schwarzem Leder \u00fcberzogener Griff f\u00fcr einen guten Halt<\/li>\n<li>Speziell geformter Vollstahlschutz.<\/li>\n<li>Mit schwarzem Kunstleder \u00fcberzogene Holzscheide mit G\u00fcrtel<\/li>\n<li>L\u00e4nge der Klinge: 80.5 cm - Gesamtl\u00e4nge: 112.5 cm<\/li>\n<li>Klingenst\u00e4rke: 5.8 mm - Gewicht: 1970 g<\/li>\n<\/ul>","protected":false},"featured_media":83616,"template":"","meta":[],"product_brand":[896],"product_cat":[84,43],"product_tag":[],"class_list":{"0":"post-83614","1":"product","2":"type-product","3":"status-publish","4":"has-post-thumbnail","6":"product_brand-replique-manga-cine","7":"product_cat-epee-templier-medievale","8":"product_cat-reproductions-d-armes-et-accessoires-medievales","10":"first","11":"instock","12":"taxable","13":"shipping-taxable","14":"purchasable","15":"product-type-simple"},"yoast_head":"<!-- This site is optimized with the Yoast SEO plugin v27.5 - https:\/\/yoast.com\/product\/yoast-seo-wordpress\/ -->\n<title>\u00c9p\u00e9e de Combat Fonctionnelle - R\u00e9plique Manga Cin\u00e9<\/title>\n<meta name=\"description\" content=\"D\u00e9couvrez cette sublime \u00c9p\u00e9e de Combat Fonctionnelle avec sa lame en acier carbone 1065. Fourreau avec ceinture en similicuir. Longueur : 112.5 cm\" \/>\n<meta name=\"robots\" content=\"index, follow, max-snippet:-1, max-image-preview:large, max-video-preview:-1\" \/>\n<link rel=\"canonical\" href=\"https:\/\/repliquemangacine.fr\/de\/nachbildungen-von-mittelalterlichen-waffen-und-accessoires\/funktionelles-kampfschwert\/\" \/>\n<meta property=\"og:locale\" content=\"de_DE\" \/>\n<meta property=\"og:type\" content=\"article\" \/>\n<meta property=\"og:title\" content=\"\u00c9p\u00e9e de Combat Fonctionnelle - R\u00e9plique Manga Cin\u00e9\" \/>\n<meta property=\"og:description\" content=\"D\u00e9couvrez cette sublime \u00c9p\u00e9e de Combat Fonctionnelle avec sa lame en acier carbone 1065. Fourreau avec ceinture en similicuir. Longueur : 112.5 cm\" \/>\n<meta property=\"og:url\" content=\"https:\/\/repliquemangacine.fr\/de\/nachbildungen-von-mittelalterlichen-waffen-und-accessoires\/funktionelles-kampfschwert\/\" \/>\n<meta property=\"og:site_name\" content=\"R\u00e9plique Manga Cin\u00e9\" \/>\n<meta property=\"article:publisher\" content=\"https:\/\/www.facebook.com\/RepliqueMangaCine\" \/>\n<meta property=\"article:modified_time\" content=\"2026-01-22T09:51:12+00:00\" \/>\n<meta property=\"og:image\" content=\"https:\/\/repliquemangacine.fr\/wp-content\/uploads\/2025\/04\/Epee-de-Combat-Fonctionnelle.jpg\" \/>\n\t<meta property=\"og:image:width\" content=\"500\" \/>\n\t<meta property=\"og:image:height\" content=\"500\" \/>\n\t<meta property=\"og:image:type\" content=\"image\/jpeg\" \/>\n<meta name=\"twitter:card\" content=\"summary_large_image\" \/>\n<meta name=\"twitter:label1\" content=\"Gesch\u00e4tzte Lesezeit\" \/>\n\t<meta name=\"twitter:data1\" content=\"3\u00a0Minuten\" \/>\n<script type=\"application\/ld+json\" class=\"yoast-schema-graph\">{\"@context\":\"https:\\\/\\\/schema.org\",\"@graph\":[{\"@type\":\"WebPage\",\"@id\":\"https:\\\/\\\/repliquemangacine.fr\\\/reproductions-d-armes-et-accessoires-medievales\\\/epee-de-combat-fonctionnelle\\\/\",\"url\":\"https:\\\/\\\/repliquemangacine.fr\\\/reproductions-d-armes-et-accessoires-medievales\\\/epee-de-combat-fonctionnelle\\\/\",\"name\":\"\u00c9p\u00e9e de Combat Fonctionnelle - R\u00e9plique Manga Cin\u00e9\",\"isPartOf\":{\"@id\":\"https:\\\/\\\/repliquemangacine.fr\\\/#website\"},\"primaryImageOfPage\":{\"@id\":\"https:\\\/\\\/repliquemangacine.fr\\\/reproductions-d-armes-et-accessoires-medievales\\\/epee-de-combat-fonctionnelle\\\/#primaryimage\"},\"image\":{\"@id\":\"https:\\\/\\\/repliquemangacine.fr\\\/reproductions-d-armes-et-accessoires-medievales\\\/epee-de-combat-fonctionnelle\\\/#primaryimage\"},\"thumbnailUrl\":\"https:\\\/\\\/repliquemangacine.fr\\\/wp-content\\\/uploads\\\/2025\\\/04\\\/Epee-de-Combat-Fonctionnelle.jpg\",\"datePublished\":\"2025-04-16T17:19:39+00:00\",\"dateModified\":\"2026-01-22T09:51:12+00:00\",\"description\":\"D\u00e9couvrez cette sublime \u00c9p\u00e9e de Combat Fonctionnelle avec sa lame en acier carbone 1065. Fourreau avec ceinture en similicuir. Longueur : 112.5 cm\",\"breadcrumb\":{\"@id\":\"https:\\\/\\\/repliquemangacine.fr\\\/reproductions-d-armes-et-accessoires-medievales\\\/epee-de-combat-fonctionnelle\\\/#breadcrumb\"},\"inLanguage\":\"de\",\"potentialAction\":[{\"@type\":\"ReadAction\",\"target\":[\"https:\\\/\\\/repliquemangacine.fr\\\/reproductions-d-armes-et-accessoires-medievales\\\/epee-de-combat-fonctionnelle\\\/\"]}]},{\"@type\":\"ImageObject\",\"inLanguage\":\"de\",\"@id\":\"https:\\\/\\\/repliquemangacine.fr\\\/reproductions-d-armes-et-accessoires-medievales\\\/epee-de-combat-fonctionnelle\\\/#primaryimage\",\"url\":\"https:\\\/\\\/repliquemangacine.fr\\\/wp-content\\\/uploads\\\/2025\\\/04\\\/Epee-de-Combat-Fonctionnelle.jpg\",\"contentUrl\":\"https:\\\/\\\/repliquemangacine.fr\\\/wp-content\\\/uploads\\\/2025\\\/04\\\/Epee-de-Combat-Fonctionnelle.jpg\",\"width\":500,\"height\":500,\"caption\":\"\u00c9p\u00e9e de Combat Fonctionnelle\"},{\"@type\":\"BreadcrumbList\",\"@id\":\"https:\\\/\\\/repliquemangacine.fr\\\/reproductions-d-armes-et-accessoires-medievales\\\/epee-de-combat-fonctionnelle\\\/#breadcrumb\",\"itemListElement\":[{\"@type\":\"ListItem\",\"position\":1,\"name\":\"Accueil\",\"item\":\"https:\\\/\\\/repliquemangacine.fr\\\/\"},{\"@type\":\"ListItem\",\"position\":2,\"name\":\"Produits\",\"item\":\"https:\\\/\\\/repliquemangacine.fr\\\/boutique\\\/\"},{\"@type\":\"ListItem\",\"position\":3,\"name\":\"\u00c9p\u00e9e de Combat Fonctionnelle\"}]},{\"@type\":\"WebSite\",\"@id\":\"https:\\\/\\\/repliquemangacine.fr\\\/#website\",\"url\":\"https:\\\/\\\/repliquemangacine.fr\\\/\",\"name\":\"R\u00e9plique Manga Cin\u00e9\",\"description\":\"\",\"publisher\":{\"@id\":\"https:\\\/\\\/repliquemangacine.fr\\\/#organization\"},\"potentialAction\":[{\"@type\":\"SearchAction\",\"target\":{\"@type\":\"EntryPoint\",\"urlTemplate\":\"https:\\\/\\\/repliquemangacine.fr\\\/?s={search_term_string}\"},\"query-input\":{\"@type\":\"PropertyValueSpecification\",\"valueRequired\":true,\"valueName\":\"search_term_string\"}}],\"inLanguage\":\"de\"},{\"@type\":\"Organization\",\"@id\":\"https:\\\/\\\/repliquemangacine.fr\\\/#organization\",\"name\":\"R\u00e9plique Manga Cin\u00e9\",\"url\":\"https:\\\/\\\/repliquemangacine.fr\\\/\",\"logo\":{\"@type\":\"ImageObject\",\"inLanguage\":\"de\",\"@id\":\"https:\\\/\\\/repliquemangacine.fr\\\/#\\\/schema\\\/logo\\\/image\\\/\",\"url\":\"https:\\\/\\\/repliquemangacine.fr\\\/wp-content\\\/uploads\\\/2023\\\/10\\\/RMC-500250.png\",\"contentUrl\":\"https:\\\/\\\/repliquemangacine.fr\\\/wp-content\\\/uploads\\\/2023\\\/10\\\/RMC-500250.png\",\"width\":500,\"height\":250,\"caption\":\"R\u00e9plique Manga Cin\u00e9\"},\"image\":{\"@id\":\"https:\\\/\\\/repliquemangacine.fr\\\/#\\\/schema\\\/logo\\\/image\\\/\"},\"sameAs\":[\"https:\\\/\\\/www.facebook.com\\\/RepliqueMangaCine\",\"https:\\\/\\\/www.instagram.com\\\/repliquemangacine.fr\\\/\"]}]}<\/script>\n<!-- \/ Yoast SEO plugin. -->","yoast_head_json":{"title":"Funktionelles Kampfschwert - R\u00e9plique Manga Cin\u00e9","description":"Entdecken Sie dieses erhabene, funktionelle Kampfschwert mit einer Klinge aus 1065er Kohlenstoffstahl. Scheide mit G\u00fcrtel aus Kunstleder. L\u00e4nge: 112,5 cm","robots":{"index":"index","follow":"follow","max-snippet":"max-snippet:-1","max-image-preview":"max-image-preview:large","max-video-preview":"max-video-preview:-1"},"canonical":"https:\/\/repliquemangacine.fr\/de\/nachbildungen-von-mittelalterlichen-waffen-und-accessoires\/funktionelles-kampfschwert\/","og_locale":"de_DE","og_type":"article","og_title":"\u00c9p\u00e9e de Combat Fonctionnelle - R\u00e9plique Manga Cin\u00e9","og_description":"D\u00e9couvrez cette sublime \u00c9p\u00e9e de Combat Fonctionnelle avec sa lame en acier carbone 1065. Fourreau avec ceinture en similicuir. Longueur : 112.5 cm","og_url":"https:\/\/repliquemangacine.fr\/de\/nachbildungen-von-mittelalterlichen-waffen-und-accessoires\/funktionelles-kampfschwert\/","og_site_name":"R\u00e9plique Manga Cin\u00e9","article_publisher":"https:\/\/www.facebook.com\/RepliqueMangaCine","article_modified_time":"2026-01-22T09:51:12+00:00","og_image":[{"width":500,"height":500,"url":"https:\/\/repliquemangacine.fr\/wp-content\/uploads\/2025\/04\/Epee-de-Combat-Fonctionnelle.jpg","type":"image\/jpeg"}],"twitter_card":"summary_large_image","twitter_misc":{"Gesch\u00e4tzte Lesezeit":"3\u00a0Minuten"},"schema":{"@context":"https:\/\/schema.org","@graph":[{"@type":"WebPage","@id":"https:\/\/repliquemangacine.fr\/reproductions-d-armes-et-accessoires-medievales\/epee-de-combat-fonctionnelle\/","url":"https:\/\/repliquemangacine.fr\/reproductions-d-armes-et-accessoires-medievales\/epee-de-combat-fonctionnelle\/","name":"Funktionelles Kampfschwert - R\u00e9plique Manga Cin\u00e9","isPartOf":{"@id":"https:\/\/repliquemangacine.fr\/#website"},"primaryImageOfPage":{"@id":"https:\/\/repliquemangacine.fr\/reproductions-d-armes-et-accessoires-medievales\/epee-de-combat-fonctionnelle\/#primaryimage"},"image":{"@id":"https:\/\/repliquemangacine.fr\/reproductions-d-armes-et-accessoires-medievales\/epee-de-combat-fonctionnelle\/#primaryimage"},"thumbnailUrl":"https:\/\/repliquemangacine.fr\/wp-content\/uploads\/2025\/04\/Epee-de-Combat-Fonctionnelle.jpg","datePublished":"2025-04-16T17:19:39+00:00","dateModified":"2026-01-22T09:51:12+00:00","description":"Entdecken Sie dieses erhabene, funktionelle Kampfschwert mit einer Klinge aus 1065er Kohlenstoffstahl. Scheide mit G\u00fcrtel aus Kunstleder. L\u00e4nge: 112,5 cm","breadcrumb":{"@id":"https:\/\/repliquemangacine.fr\/reproductions-d-armes-et-accessoires-medievales\/epee-de-combat-fonctionnelle\/#breadcrumb"},"inLanguage":"de","potentialAction":[{"@type":"ReadAction","target":["https:\/\/repliquemangacine.fr\/reproductions-d-armes-et-accessoires-medievales\/epee-de-combat-fonctionnelle\/"]}]},{"@type":"ImageObject","inLanguage":"de","@id":"https:\/\/repliquemangacine.fr\/reproductions-d-armes-et-accessoires-medievales\/epee-de-combat-fonctionnelle\/#primaryimage","url":"https:\/\/repliquemangacine.fr\/wp-content\/uploads\/2025\/04\/Epee-de-Combat-Fonctionnelle.jpg","contentUrl":"https:\/\/repliquemangacine.fr\/wp-content\/uploads\/2025\/04\/Epee-de-Combat-Fonctionnelle.jpg","width":500,"height":500,"caption":"\u00c9p\u00e9e de Combat Fonctionnelle"},{"@type":"BreadcrumbList","@id":"https:\/\/repliquemangacine.fr\/reproductions-d-armes-et-accessoires-medievales\/epee-de-combat-fonctionnelle\/#breadcrumb","itemListElement":[{"@type":"ListItem","position":1,"name":"Accueil","item":"https:\/\/repliquemangacine.fr\/"},{"@type":"ListItem","position":2,"name":"Produits","item":"https:\/\/repliquemangacine.fr\/boutique\/"},{"@type":"ListItem","position":3,"name":"\u00c9p\u00e9e de Combat Fonctionnelle"}]},{"@type":"WebSite","@id":"https:\/\/repliquemangacine.fr\/#website","url":"https:\/\/repliquemangacine.fr\/","name":"R\u00e9plique Manga Cin\u00e9","description":"","publisher":{"@id":"https:\/\/repliquemangacine.fr\/#organization"},"potentialAction":[{"@type":"SearchAction","target":{"@type":"EntryPoint","urlTemplate":"https:\/\/repliquemangacine.fr\/?s={search_term_string}"},"query-input":{"@type":"PropertyValueSpecification","valueRequired":true,"valueName":"search_term_string"}}],"inLanguage":"de"},{"@type":"Organization","@id":"https:\/\/repliquemangacine.fr\/#organization","name":"R\u00e9plique Manga Cin\u00e9","url":"https:\/\/repliquemangacine.fr\/","logo":{"@type":"ImageObject","inLanguage":"de","@id":"https:\/\/repliquemangacine.fr\/#\/schema\/logo\/image\/","url":"https:\/\/repliquemangacine.fr\/wp-content\/uploads\/2023\/10\/RMC-500250.png","contentUrl":"https:\/\/repliquemangacine.fr\/wp-content\/uploads\/2023\/10\/RMC-500250.png","width":500,"height":250,"caption":"R\u00e9plique Manga Cin\u00e9"},"image":{"@id":"https:\/\/repliquemangacine.fr\/#\/schema\/logo\/image\/"},"sameAs":["https:\/\/www.facebook.com\/RepliqueMangaCine","https:\/\/www.instagram.com\/repliquemangacine.fr\/"]}]}},"_links":{"self":[{"href":"https:\/\/repliquemangacine.fr\/de\/wp-json\/wp\/v2\/product\/83614","targetHints":{"allow":["GET"]}}],"collection":[{"href":"https:\/\/repliquemangacine.fr\/de\/wp-json\/wp\/v2\/product"}],"about":[{"href":"https:\/\/repliquemangacine.fr\/de\/wp-json\/wp\/v2\/types\/product"}],"wp:featuredmedia":[{"embeddable":true,"href":"https:\/\/repliquemangacine.fr\/de\/wp-json\/wp\/v2\/media\/83616"}],"wp:attachment":[{"href":"https:\/\/repliquemangacine.fr\/de\/wp-json\/wp\/v2\/media?parent=83614"}],"wp:term":[{"taxonomy":"product_brand","embeddable":true,"href":"https:\/\/repliquemangacine.fr\/de\/wp-json\/wp\/v2\/product_brand?post=83614"},{"taxonomy":"product_cat","embeddable":true,"href":"https:\/\/repliquemangacine.fr\/de\/wp-json\/wp\/v2\/product_cat?post=83614"},{"taxonomy":"product_tag","embeddable":true,"href":"https:\/\/repliquemangacine.fr\/de\/wp-json\/wp\/v2\/product_tag?post=83614"}],"curies":[{"name":"wp","href":"https:\/\/api.w.org\/{rel}","templated":true}]}}