





{"id":83600,"date":"2025-04-16T17:53:33","date_gmt":"2025-04-16T15:53:33","guid":{"rendered":"https:\/\/repliquemangacine.fr\/?post_type=product&#038;p=83600"},"modified":"2026-04-22T14:55:47","modified_gmt":"2026-04-22T12:55:47","slug":"dolch-romisches-gladiatorenschwert","status":"publish","type":"product","link":"https:\/\/repliquemangacine.fr\/de\/armes-antiques\/dague-glaive-romain-gladiateur\/","title":{"rendered":"Dolch R\u00f6misches Schwert Gladiator"},"content":{"rendered":"<h2>Dolch R\u00f6misches Schwert Gladiator: Eine Hommage an antike Waffen<\/h2>\n<p>Zun\u00e4chst einmal die <strong>Dolch R\u00f6misches Schwert Gladiator<\/strong>der Waffe eines Gladiators nachempfunden. Dieser Dolch, ein originalgetreues Replikat der<a href=\"https:\/\/www.histoirealacarte.com\/Rome-antique-empire-romain\/naissance-chute\" target=\"_blank\" rel=\"noopener noreferrer\">R\u00f6misches Reich<\/a>. Die Klinge ist 29 cm lang, aus rostfreiem 440er Stahl, doppelt geschliffen, nicht scharf, aber perfekt der antiken \u00c4sthetik nachempfunden. Der Knauf aus massivem Metall ziert stolz ein kaiserlicher Adler, Symbol der Macht und unbestrittenen r\u00f6mischen Autorit\u00e4t.<br \/>\nDer Griff, ebenfalls aus massivem Stahl, ist mit r\u00f6mischen Szenen verziert, die mit bemerkenswerter Feinheit geschnitzt sind. Der Griff aus Metall und geformtem ABS bietet einen festen und bequemen Halt f\u00fcr eine hochwertige Pr\u00e4sentation. Die Scheide aus gealtertem Stahl ist mit Plaketten verziert, die einen r\u00f6mischen Soldaten und einen majest\u00e4tischen Kaiseradler darstellen.<\/p>\n<p>Dank seiner sorgf\u00e4ltigen Verarbeitung ist dieser Dolch ein Highlight in jeder Sammlung antiker r\u00f6mischer Waffen. Er verk\u00f6rpert die St\u00e4rke, das Ansehen und den milit\u00e4rischen Einfallsreichtum der legend\u00e4ren Armeen Roms zu ihrer Bl\u00fctezeit. Ein seltenes Objekt zum Verschenken oder sich selbst schenken, das auf jedem Regal mit historischen Repliken f\u00fcr Aufsehen sorgen wird.<\/p>\n<h2>R\u00f6mische Gladius: Zwischen Funktionalit\u00e4t und Symbol antiker Macht<\/h2>\n<p>In der R\u00f6merzeit war das Schwert nicht nur eine Waffe, sondern auch ein Symbol f\u00fcr Autorit\u00e4t, Disziplin und Zivilisation. Es wurde von Legion\u00e4ren und Gladiatoren verwendet und verband beeindruckende Effizienz im Nahkampf mit symbolischer Bedeutung in der Gesellschaft. Seine kurze und breite Klinge bot optimale Handhabung und war perfekt f\u00fcr die f\u00fcr die r\u00f6mischen Armeen typischen engen Formationen geeignet. Die Robustheit der Materialien und die Symmetrie des Designs machten das Schwert zu einem langlebigen und zuverl\u00e4ssigen Gebrauchsgegenstand. Aber \u00fcber seine Funktion als Waffe hinaus erz\u00e4hlte jedes Schwert eine Geschichte, die Geschichte von Eroberungen, Ehre und Loyalit\u00e4t gegen\u00fcber Rom.<\/p>\n<p>Die Gravuren auf den Parierstangen oder Scheiden dienten oft dazu, die pers\u00f6nliche Legende des Soldaten oder Generals darzustellen. Das Schwert war eine Verl\u00e4ngerung des Mannes, ein Spiegelbild seiner Tapferkeit und seiner Zugeh\u00f6rigkeit zu einer dominierenden Streitmacht. So w\u00fcrdigt der Gladiatorendolch dieses reiche milit\u00e4rische und k\u00fcnstlerische Erbe der r\u00f6mischen Antike.<br \/>\nDar\u00fcber hinaus verk\u00f6rpert sie den r\u00f6mischen Erfindungsreichtum, seine taktische Strenge und den Ruhm seines Reiches \u00fcber die Jahrhunderte hinweg.<\/p>\n<h2>R\u00e9plique Manga Cin\u00e9: eine beeindruckende Sammlung historischer Schwerter und Glaives<\/h2>\n<p>Auf RMC entdecken Sie mehr als nur Dolche: Eine komplette Sammlung prestigetr\u00e4chtiger historischer Waffen wartet auf Sie. Darunter ist das Schwert des Tiberius Mainz Gladius, das getreu dem kaiserlichen Vorbild gefertigt wurde und ein unverzichtbares St\u00fcck aus unserem r\u00f6mischen Katalog ist. Der <a href=\"https:\/\/repliquemangacine.fr\/de\/antike-schwerter\/glaive-jules-cesar-schwarz\/\">Gladius Julius C\u00e4sar schwarz<\/a>Das gro\u00dfe, schlichte Design besticht durch seine Eleganz und die hochwertige, perfekt verarbeitete Verarbeitung. Und nat\u00fcrlich der ber\u00fchmte <a href=\"https:\/\/repliquemangacine.fr\/de\/antike-schwerter\/maximus-schwert-in-gladiator\/\">Maximus' Gladius in Gladiator<\/a>, ideal f\u00fcr Fans des Films und Geschichtsinteressierte.<\/p>\n<p>Was mittelalterliche Schwerter angeht, bieten wir auch das\u2019<a href=\"https:\/\/repliquemangacine.fr\/de\/ausverkauf\/schwert-des-heiligen-mauritius-von-turin-13-jahrhundert\/\">Schwert St. Mauritius von Turin aus dem XIII\u1d49 Jahrhundert<\/a>ein wahres historisches Wunder. Nicht zu vergessen die<a href=\"https:\/\/repliquemangacine.fr\/de\/ausverkauf\/schwert-sir-william-marshal-12-jahrhundert\/\">Schwert Sir William Marshal aus dem XII\u1d49 Jahrhundert<\/a>, Symbol der englischen Ritterlichkeit und legend\u00e4ren Tapferkeit im Kampf. Aber das ist nur ein kleiner Einblick, denn unsere Website R\u00e9plique Manga Cin\u00e9 bietet eine F\u00fclle einzigartiger und exklusiver Modelle, die es zu entdecken gilt.<br \/>\nJede Waffe wird sorgf\u00e4ltig aufgrund ihrer historischen Genauigkeit, ihrer Verarbeitung und ihrer au\u00dfergew\u00f6hnlichen optischen Authentizit\u00e4t ausgew\u00e4hlt.<\/p>\n<p>Ob Sie nun Geschichtsliebhaber oder Sammler sind, in unserem Shop, der sich auf sch\u00f6ne Repliken spezialisiert hat, werden Sie garantiert f\u00fcndig.<\/p>","protected":false},"excerpt":{"rendered":"<p>Wundersch\u00f6ne Replik dieses r\u00f6mischen Gladiatorendolches<\/p>\n<ul>\n<li>Klinge aus 440 stainless Stahl mit doppeltem, nicht scharfem Facettenschliff<\/li>\n<li>Vollmetallknauf mit Reichsadler<\/li>\n<li>Garde ebenfalls aus fein verziertem Vollstahl.<\/li>\n<li>Griff aus Metall und geformtem ABS<\/li>\n<li>Scheide mit dekorativer Platte aus gealtertem Stahl<\/li>\n<li>L\u00e4nge der Klinge: 29 cm Breite an der h\u00f6chsten Stelle: 3 cm<\/li>\n<li>Gesamtl\u00e4nge mit Scheide: 46 cm - Gewicht: 440 g<\/li>\n<\/ul>","protected":false},"featured_media":83604,"template":"","meta":[],"product_brand":[896],"product_cat":[31,93,73],"product_tag":[],"class_list":{"0":"post-83600","1":"product","2":"type-product","3":"status-publish","4":"has-post-thumbnail","6":"product_brand-replique-manga-cine","7":"product_cat-armes-antiques","8":"product_cat-dagues-medievales","9":"product_cat-epees-glaives-antique","11":"first","12":"instock","13":"taxable","14":"shipping-taxable","15":"purchasable","16":"product-type-simple"},"yoast_head":"<!-- This site is optimized with the Yoast SEO plugin v27.5 - https:\/\/yoast.com\/product\/yoast-seo-wordpress\/ -->\n<title>Dague Glaive Romain Gladiateur - R\u00e9plique Manga Cin\u00e9<\/title>\n<meta name=\"description\" content=\"Splendide Dague Glaive Romain Gladiateur avec sa lame en acier 440 stainless. Richement d\u00e9cor\u00e9 de plaques d\u00e9coratives bronze vieilli. longuer totale : 46 cm\" \/>\n<meta name=\"robots\" content=\"index, follow, max-snippet:-1, max-image-preview:large, max-video-preview:-1\" \/>\n<link rel=\"canonical\" href=\"https:\/\/repliquemangacine.fr\/de\/antike-waffen\/dolch-romisches-gladiatorenschwert\/\" \/>\n<meta property=\"og:locale\" content=\"de_DE\" \/>\n<meta property=\"og:type\" content=\"article\" \/>\n<meta property=\"og:title\" content=\"Dague Glaive Romain Gladiateur - R\u00e9plique Manga Cin\u00e9\" \/>\n<meta property=\"og:description\" content=\"Splendide Dague Glaive Romain Gladiateur avec sa lame en acier 440 stainless. Richement d\u00e9cor\u00e9 de plaques d\u00e9coratives bronze vieilli. longuer totale : 46 cm\" \/>\n<meta property=\"og:url\" content=\"https:\/\/repliquemangacine.fr\/de\/antike-waffen\/dolch-romisches-gladiatorenschwert\/\" \/>\n<meta property=\"og:site_name\" content=\"R\u00e9plique Manga Cin\u00e9\" \/>\n<meta property=\"article:publisher\" content=\"https:\/\/www.facebook.com\/RepliqueMangaCine\" \/>\n<meta property=\"article:modified_time\" content=\"2026-04-22T12:55:47+00:00\" \/>\n<meta property=\"og:image\" content=\"https:\/\/repliquemangacine.fr\/wp-content\/uploads\/2025\/04\/Dague-Glaive-Gladiateur-sortie-du-fourreau.jpg\" \/>\n\t<meta property=\"og:image:width\" content=\"500\" \/>\n\t<meta property=\"og:image:height\" content=\"500\" \/>\n\t<meta property=\"og:image:type\" content=\"image\/jpeg\" \/>\n<meta name=\"twitter:card\" content=\"summary_large_image\" \/>\n<meta name=\"twitter:label1\" content=\"Gesch\u00e4tzte Lesezeit\" \/>\n\t<meta name=\"twitter:data1\" content=\"3\u00a0Minuten\" \/>\n<script type=\"application\/ld+json\" class=\"yoast-schema-graph\">{\"@context\":\"https:\\\/\\\/schema.org\",\"@graph\":[{\"@type\":\"WebPage\",\"@id\":\"https:\\\/\\\/repliquemangacine.fr\\\/armes-antiques\\\/dague-glaive-romain-gladiateur\\\/\",\"url\":\"https:\\\/\\\/repliquemangacine.fr\\\/armes-antiques\\\/dague-glaive-romain-gladiateur\\\/\",\"name\":\"Dague Glaive Romain Gladiateur - R\u00e9plique Manga Cin\u00e9\",\"isPartOf\":{\"@id\":\"https:\\\/\\\/repliquemangacine.fr\\\/#website\"},\"primaryImageOfPage\":{\"@id\":\"https:\\\/\\\/repliquemangacine.fr\\\/armes-antiques\\\/dague-glaive-romain-gladiateur\\\/#primaryimage\"},\"image\":{\"@id\":\"https:\\\/\\\/repliquemangacine.fr\\\/armes-antiques\\\/dague-glaive-romain-gladiateur\\\/#primaryimage\"},\"thumbnailUrl\":\"https:\\\/\\\/repliquemangacine.fr\\\/wp-content\\\/uploads\\\/2025\\\/04\\\/Dague-Glaive-Gladiateur-sortie-du-fourreau.jpg\",\"datePublished\":\"2025-04-16T15:53:33+00:00\",\"dateModified\":\"2026-04-22T12:55:47+00:00\",\"description\":\"Splendide Dague Glaive Romain Gladiateur avec sa lame en acier 440 stainless. Richement d\u00e9cor\u00e9 de plaques d\u00e9coratives bronze vieilli. longuer totale : 46 cm\",\"breadcrumb\":{\"@id\":\"https:\\\/\\\/repliquemangacine.fr\\\/armes-antiques\\\/dague-glaive-romain-gladiateur\\\/#breadcrumb\"},\"inLanguage\":\"de\",\"potentialAction\":[{\"@type\":\"ReadAction\",\"target\":[\"https:\\\/\\\/repliquemangacine.fr\\\/armes-antiques\\\/dague-glaive-romain-gladiateur\\\/\"]}]},{\"@type\":\"ImageObject\",\"inLanguage\":\"de\",\"@id\":\"https:\\\/\\\/repliquemangacine.fr\\\/armes-antiques\\\/dague-glaive-romain-gladiateur\\\/#primaryimage\",\"url\":\"https:\\\/\\\/repliquemangacine.fr\\\/wp-content\\\/uploads\\\/2025\\\/04\\\/Dague-Glaive-Gladiateur-sortie-du-fourreau.jpg\",\"contentUrl\":\"https:\\\/\\\/repliquemangacine.fr\\\/wp-content\\\/uploads\\\/2025\\\/04\\\/Dague-Glaive-Gladiateur-sortie-du-fourreau.jpg\",\"width\":500,\"height\":500,\"caption\":\"Dague Glaive Romain Gladiateur lame sortie de son fourreau\"},{\"@type\":\"BreadcrumbList\",\"@id\":\"https:\\\/\\\/repliquemangacine.fr\\\/armes-antiques\\\/dague-glaive-romain-gladiateur\\\/#breadcrumb\",\"itemListElement\":[{\"@type\":\"ListItem\",\"position\":1,\"name\":\"Accueil\",\"item\":\"https:\\\/\\\/repliquemangacine.fr\\\/\"},{\"@type\":\"ListItem\",\"position\":2,\"name\":\"Produits\",\"item\":\"https:\\\/\\\/repliquemangacine.fr\\\/boutique\\\/\"},{\"@type\":\"ListItem\",\"position\":3,\"name\":\"Dague Glaive Romain Gladiateur\"}]},{\"@type\":\"WebSite\",\"@id\":\"https:\\\/\\\/repliquemangacine.fr\\\/#website\",\"url\":\"https:\\\/\\\/repliquemangacine.fr\\\/\",\"name\":\"R\u00e9plique Manga Cin\u00e9\",\"description\":\"\",\"publisher\":{\"@id\":\"https:\\\/\\\/repliquemangacine.fr\\\/#organization\"},\"potentialAction\":[{\"@type\":\"SearchAction\",\"target\":{\"@type\":\"EntryPoint\",\"urlTemplate\":\"https:\\\/\\\/repliquemangacine.fr\\\/?s={search_term_string}\"},\"query-input\":{\"@type\":\"PropertyValueSpecification\",\"valueRequired\":true,\"valueName\":\"search_term_string\"}}],\"inLanguage\":\"de\"},{\"@type\":\"Organization\",\"@id\":\"https:\\\/\\\/repliquemangacine.fr\\\/#organization\",\"name\":\"R\u00e9plique Manga Cin\u00e9\",\"url\":\"https:\\\/\\\/repliquemangacine.fr\\\/\",\"logo\":{\"@type\":\"ImageObject\",\"inLanguage\":\"de\",\"@id\":\"https:\\\/\\\/repliquemangacine.fr\\\/#\\\/schema\\\/logo\\\/image\\\/\",\"url\":\"https:\\\/\\\/repliquemangacine.fr\\\/wp-content\\\/uploads\\\/2023\\\/10\\\/RMC-500250.png\",\"contentUrl\":\"https:\\\/\\\/repliquemangacine.fr\\\/wp-content\\\/uploads\\\/2023\\\/10\\\/RMC-500250.png\",\"width\":500,\"height\":250,\"caption\":\"R\u00e9plique Manga Cin\u00e9\"},\"image\":{\"@id\":\"https:\\\/\\\/repliquemangacine.fr\\\/#\\\/schema\\\/logo\\\/image\\\/\"},\"sameAs\":[\"https:\\\/\\\/www.facebook.com\\\/RepliqueMangaCine\",\"https:\\\/\\\/www.instagram.com\\\/repliquemangacine.fr\\\/\"]}]}<\/script>\n<!-- \/ Yoast SEO plugin. -->","yoast_head_json":{"title":"Dolch R\u00f6misches Gladiatorenschwert - R\u00e9plique Manga Cin\u00e9","description":"Pr\u00e4chtiger r\u00f6mischer Gladiatorendolch mit einer Klinge aus 440er Stahl. Reich verziert mit dekorativen Platten aus Altbronze. Gesamtl\u00e4nge: 46 cm.","robots":{"index":"index","follow":"follow","max-snippet":"max-snippet:-1","max-image-preview":"max-image-preview:large","max-video-preview":"max-video-preview:-1"},"canonical":"https:\/\/repliquemangacine.fr\/de\/antike-waffen\/dolch-romisches-gladiatorenschwert\/","og_locale":"de_DE","og_type":"article","og_title":"Dague Glaive Romain Gladiateur - R\u00e9plique Manga Cin\u00e9","og_description":"Splendide Dague Glaive Romain Gladiateur avec sa lame en acier 440 stainless. Richement d\u00e9cor\u00e9 de plaques d\u00e9coratives bronze vieilli. longuer totale : 46 cm","og_url":"https:\/\/repliquemangacine.fr\/de\/antike-waffen\/dolch-romisches-gladiatorenschwert\/","og_site_name":"R\u00e9plique Manga Cin\u00e9","article_publisher":"https:\/\/www.facebook.com\/RepliqueMangaCine","article_modified_time":"2026-04-22T12:55:47+00:00","og_image":[{"width":500,"height":500,"url":"https:\/\/repliquemangacine.fr\/wp-content\/uploads\/2025\/04\/Dague-Glaive-Gladiateur-sortie-du-fourreau.jpg","type":"image\/jpeg"}],"twitter_card":"summary_large_image","twitter_misc":{"Gesch\u00e4tzte Lesezeit":"3\u00a0Minuten"},"schema":{"@context":"https:\/\/schema.org","@graph":[{"@type":"WebPage","@id":"https:\/\/repliquemangacine.fr\/armes-antiques\/dague-glaive-romain-gladiateur\/","url":"https:\/\/repliquemangacine.fr\/armes-antiques\/dague-glaive-romain-gladiateur\/","name":"Dolch R\u00f6misches Gladiatorenschwert - R\u00e9plique Manga Cin\u00e9","isPartOf":{"@id":"https:\/\/repliquemangacine.fr\/#website"},"primaryImageOfPage":{"@id":"https:\/\/repliquemangacine.fr\/armes-antiques\/dague-glaive-romain-gladiateur\/#primaryimage"},"image":{"@id":"https:\/\/repliquemangacine.fr\/armes-antiques\/dague-glaive-romain-gladiateur\/#primaryimage"},"thumbnailUrl":"https:\/\/repliquemangacine.fr\/wp-content\/uploads\/2025\/04\/Dague-Glaive-Gladiateur-sortie-du-fourreau.jpg","datePublished":"2025-04-16T15:53:33+00:00","dateModified":"2026-04-22T12:55:47+00:00","description":"Pr\u00e4chtiger r\u00f6mischer Gladiatorendolch mit einer Klinge aus 440er Stahl. Reich verziert mit dekorativen Platten aus Altbronze. Gesamtl\u00e4nge: 46 cm.","breadcrumb":{"@id":"https:\/\/repliquemangacine.fr\/armes-antiques\/dague-glaive-romain-gladiateur\/#breadcrumb"},"inLanguage":"de","potentialAction":[{"@type":"ReadAction","target":["https:\/\/repliquemangacine.fr\/armes-antiques\/dague-glaive-romain-gladiateur\/"]}]},{"@type":"ImageObject","inLanguage":"de","@id":"https:\/\/repliquemangacine.fr\/armes-antiques\/dague-glaive-romain-gladiateur\/#primaryimage","url":"https:\/\/repliquemangacine.fr\/wp-content\/uploads\/2025\/04\/Dague-Glaive-Gladiateur-sortie-du-fourreau.jpg","contentUrl":"https:\/\/repliquemangacine.fr\/wp-content\/uploads\/2025\/04\/Dague-Glaive-Gladiateur-sortie-du-fourreau.jpg","width":500,"height":500,"caption":"Dague Glaive Romain Gladiateur lame sortie de son fourreau"},{"@type":"BreadcrumbList","@id":"https:\/\/repliquemangacine.fr\/armes-antiques\/dague-glaive-romain-gladiateur\/#breadcrumb","itemListElement":[{"@type":"ListItem","position":1,"name":"Accueil","item":"https:\/\/repliquemangacine.fr\/"},{"@type":"ListItem","position":2,"name":"Produits","item":"https:\/\/repliquemangacine.fr\/boutique\/"},{"@type":"ListItem","position":3,"name":"Dague Glaive Romain Gladiateur"}]},{"@type":"WebSite","@id":"https:\/\/repliquemangacine.fr\/#website","url":"https:\/\/repliquemangacine.fr\/","name":"R\u00e9plique Manga Cin\u00e9","description":"","publisher":{"@id":"https:\/\/repliquemangacine.fr\/#organization"},"potentialAction":[{"@type":"SearchAction","target":{"@type":"EntryPoint","urlTemplate":"https:\/\/repliquemangacine.fr\/?s={search_term_string}"},"query-input":{"@type":"PropertyValueSpecification","valueRequired":true,"valueName":"search_term_string"}}],"inLanguage":"de"},{"@type":"Organization","@id":"https:\/\/repliquemangacine.fr\/#organization","name":"R\u00e9plique Manga Cin\u00e9","url":"https:\/\/repliquemangacine.fr\/","logo":{"@type":"ImageObject","inLanguage":"de","@id":"https:\/\/repliquemangacine.fr\/#\/schema\/logo\/image\/","url":"https:\/\/repliquemangacine.fr\/wp-content\/uploads\/2023\/10\/RMC-500250.png","contentUrl":"https:\/\/repliquemangacine.fr\/wp-content\/uploads\/2023\/10\/RMC-500250.png","width":500,"height":250,"caption":"R\u00e9plique Manga Cin\u00e9"},"image":{"@id":"https:\/\/repliquemangacine.fr\/#\/schema\/logo\/image\/"},"sameAs":["https:\/\/www.facebook.com\/RepliqueMangaCine","https:\/\/www.instagram.com\/repliquemangacine.fr\/"]}]}},"_links":{"self":[{"href":"https:\/\/repliquemangacine.fr\/de\/wp-json\/wp\/v2\/product\/83600","targetHints":{"allow":["GET"]}}],"collection":[{"href":"https:\/\/repliquemangacine.fr\/de\/wp-json\/wp\/v2\/product"}],"about":[{"href":"https:\/\/repliquemangacine.fr\/de\/wp-json\/wp\/v2\/types\/product"}],"wp:featuredmedia":[{"embeddable":true,"href":"https:\/\/repliquemangacine.fr\/de\/wp-json\/wp\/v2\/media\/83604"}],"wp:attachment":[{"href":"https:\/\/repliquemangacine.fr\/de\/wp-json\/wp\/v2\/media?parent=83600"}],"wp:term":[{"taxonomy":"product_brand","embeddable":true,"href":"https:\/\/repliquemangacine.fr\/de\/wp-json\/wp\/v2\/product_brand?post=83600"},{"taxonomy":"product_cat","embeddable":true,"href":"https:\/\/repliquemangacine.fr\/de\/wp-json\/wp\/v2\/product_cat?post=83600"},{"taxonomy":"product_tag","embeddable":true,"href":"https:\/\/repliquemangacine.fr\/de\/wp-json\/wp\/v2\/product_tag?post=83600"}],"curies":[{"name":"wp","href":"https:\/\/api.w.org\/{rel}","templated":true}]}}