





{"id":83539,"date":"2025-04-15T18:19:41","date_gmt":"2025-04-15T16:19:41","guid":{"rendered":"https:\/\/repliquemangacine.fr\/?post_type=product&#038;p=83539"},"modified":"2025-11-26T16:55:59","modified_gmt":"2025-11-26T15:55:59","slug":"katana-de-aizen-bleach","status":"publish","type":"product","link":"https:\/\/repliquemangacine.fr\/de\/katana-bleach\/katana-de-aizen-bleach\/","title":{"rendered":"Aizens Katana - Bleach"},"content":{"rendered":"<h2>Aizens Katana - Eine Klinge wie ein gef\u00fcrchteter Stratege<\/h2>\n<p>Zun\u00e4chst einmal dieses Katana von Aizen, eine originalgetreue Nachbildung der Waffe, die Aizen, eine ikonische und manipulative Figur aus dem Kult-Manga Bleach, tr\u00e4gt. Aizen ist ein charismatischer, berechnender Kapit\u00e4n, dessen Macht ebenso auf Intellekt wie auf roher Gewalt beruht. Dieses Katana spiegelt auf wunderbare Weise die K\u00e4lte, die Selbstbeherrschung und die Pr\u00e4senz des gef\u00fcrchtetsten Verr\u00e4ters der Soul Society wider.<\/p>\n<p>G\u00f6nnen Sie sich ein Symbol f\u00fcr Autorit\u00e4t und stille Gefahr mit dieser eleganten und perfekt gefertigten Nachbildung des Zanpakut\u014d Ky\u014dka Suigetsu. Mit seiner stumpfen Stahlklinge und seinem Griff aus massivem Stahl. Au\u00dferdem weist es eine spezifische Form auf, die dem Original treu bleibt und die Authentizit\u00e4t dieser legend\u00e4ren Waffe unterstreicht. Die Scheide aus schwarz lackiertem Holz ist schlicht und elegant und passt perfekt zur geheimnisvollen Aura der Figur S\u00f4suke Aizen. Ein au\u00dfergew\u00f6hnliches St\u00fcck f\u00fcr Ihre Sammlung, wenn Sie intelligente, m\u00e4chtige und strategisch denkende Figuren bewundern.<\/p>\n<h2>Ky\u014dka Suigetsu: eine einzigartige und furchtbar gef\u00e4hrliche Zanpakut\u014d in Bleach<\/h2>\n<p>Der Zanpakut\u014d in Aizen, <a href=\"https:\/\/bleach.fandom.com\/fr\/wiki\/Ky%C3%B4ka_Suigetsu\" target=\"_blank\" rel=\"noopener noreferrer\">Ky\u014dka Suigetsu<\/a>, eine furchterregende Waffe, die alle Sinne ihrer Gegner manipulieren kann. Ihre Besonderheit? Sie erm\u00f6glicht totale Hypnose, indem sie durch eine einfache Freisetzung die Wahrnehmung der Realit\u00e4t ver\u00e4ndert. Einmal aktiviert, kann das Opfer nicht mehr zwischen Illusion und Wahrheit unterscheiden, was Aizen einen absoluten Vorteil verschafft. Diese Kraft macht die Klinge fast unbesiegbar, da ihre Feinde nie wissen, wann sie wirklich angegriffen oder manipuliert werden.<\/p>\n<p>Ky\u014dka Suigetsu verk\u00f6rpert das taktische Genie von Aizen, einem Mann, der in der Lage ist, \u00fcber mehrere Jahrhunderte hinweg im Verborgenen Intrigen zu schmieden. Sein Zanpakut\u014d ben\u00f6tigt keine rohe Gewalt, denn mentale und psychologische Beherrschung machen bereits den Unterschied im Kampf aus. Selbst die m\u00e4chtigsten Kapit\u00e4ne sind dieser Illusion erlegen, ohne zu begreifen, dass sie bereits besiegt waren.<br \/>\nMit dieser Nachbildung besitzen Sie die hinterh\u00e4ltigste und raffinierteste Waffe aus dem gesamten Bleach-Universum, originalgetreu und beeindruckend.<\/p>\n<h2>R\u00e9plique Manga Cin\u00e9: Die gr\u00f6\u00dfte Auswahl an Bleach-Katanas zum Entdecken<\/h2>\n<p>Bei RMC bieten wir Ihnen eine umfangreiche Sammlung von Katanas aus der mythischen Welt von Bleach. Neben dem Katana von Aizen entdecken Sie das <a href=\"https:\/\/repliquemangacine.fr\/de\/katana-bleach\/bankai-rebuild-ichigo\/\">Bankai Rebuild von Ichigo<\/a>..., imposant und spektakul\u00e4r mit seinen markanten schwarzen Linien. Wir bieten auch den atemberaubenden <a href=\"https:\/\/repliquemangacine.fr\/de\/katana-bleach\/katana-holz-byakuya\/\">Katana Senbonzakura von Byakuya<\/a>, begleitet von seiner ebenso eleganten wie beeindruckenden wei\u00dfen H\u00fclle.<br \/>\nFans von Ichigo finden auch die Shikai Bleach-Version wieder, die ihrer ersten Form als symboltr\u00e4chtiges Zanpakut\u014d in der Serie treu bleibt.<\/p>\n<p>Aber das ist noch nicht alles, Sie finden auch das <a href=\"https:\/\/repliquemangacine.fr\/de\/katana-bleach\/katana-rukia-zanpakuto-shirayuki-rukia-kuchiki\/\">Schwert von Rukia Kuchiki<\/a>Es ist ein feines, eisiges und perfekt an sein Element angepasstes Buch. Die <a href=\"https:\/\/repliquemangacine.fr\/de\/katana-bleach\/katana-von-toshiro-hitsugaya-zanpakuto-hyorinmaru\/\">Klinge von Toshiro Hitsugaya<\/a>, Eis-Kapit\u00e4n, ist ebenfalls erh\u00e4ltlich, mit seinem schlichten Stil und seinen beeindruckenden eisigen Details. R\u00e9plique Manga Cin\u00e9 ist Ihre Anlaufstelle f\u00fcr alle kultigen Waffen aus japanischen Mangas und Animes.<br \/>\nF\u00fcgen Sie Aizens Katana Ihrer Vitrine hinzu und vervollst\u00e4ndigen Sie Ihre Sammlung mit den m\u00e4chtigsten Waffen der Soul Society.<\/p>\n<p>&nbsp;<\/p>","protected":false},"excerpt":{"rendered":"<p>Wundersch\u00f6ne Replik von Aizens Katana aus Bleach<\/p>\n<ul>\n<li>Klinge aus nicht scharfem Stahl<\/li>\n<li>Speziell geformter Vollstahlschutz.<\/li>\n<li>Schwarz lackierte Holzscheide<\/li>\n<li>Griff aus Rochenhautimitat mit gr\u00fcnem Baumwollgeflecht \u00fcberzogen.<\/li>\n<li>L\u00e4nge der Klinge: 67 cm - Gesamtl\u00e4nge: 104 cm<\/li>\n<li>Gewicht: 928 g<\/li>\n<\/ul>","protected":false},"featured_media":83572,"template":"","meta":[],"product_brand":[896],"product_cat":[30],"product_tag":[],"class_list":{"0":"post-83539","1":"product","2":"type-product","3":"status-publish","4":"has-post-thumbnail","6":"product_brand-replique-manga-cine","7":"product_cat-katana-bleach","9":"first","10":"outofstock","11":"taxable","12":"shipping-taxable","13":"purchasable","14":"product-type-simple"},"yoast_head":"<!-- This site is optimized with the Yoast SEO plugin v27.5 - https:\/\/yoast.com\/product\/yoast-seo-wordpress\/ -->\n<title>Katana de Aizen - Bleach - R\u00e9plique Manga Cin\u00e9<\/title>\n<meta name=\"description\" content=\"D\u00e9couvrez ce superbe Katana de Aizen dans Bleach. Lame en acier. Fourreau bois laqu\u00e9 noir. Poign\u00e9e avec tresse en coton verte. 104 cm\" \/>\n<meta name=\"robots\" content=\"index, follow, max-snippet:-1, max-image-preview:large, max-video-preview:-1\" \/>\n<link rel=\"canonical\" href=\"https:\/\/repliquemangacine.fr\/de\/katana-bleach\/katana-de-aizen-bleach\/\" \/>\n<meta property=\"og:locale\" content=\"de_DE\" \/>\n<meta property=\"og:type\" content=\"article\" \/>\n<meta property=\"og:title\" content=\"Katana de Aizen - Bleach - R\u00e9plique Manga Cin\u00e9\" \/>\n<meta property=\"og:description\" content=\"D\u00e9couvrez ce superbe Katana de Aizen dans Bleach. Lame en acier. Fourreau bois laqu\u00e9 noir. Poign\u00e9e avec tresse en coton verte. 104 cm\" \/>\n<meta property=\"og:url\" content=\"https:\/\/repliquemangacine.fr\/de\/katana-bleach\/katana-de-aizen-bleach\/\" \/>\n<meta property=\"og:site_name\" content=\"R\u00e9plique Manga Cin\u00e9\" \/>\n<meta property=\"article:publisher\" content=\"https:\/\/www.facebook.com\/RepliqueMangaCine\" \/>\n<meta property=\"article:modified_time\" content=\"2025-11-26T15:55:59+00:00\" \/>\n<meta property=\"og:image\" content=\"https:\/\/repliquemangacine.fr\/wp-content\/uploads\/2025\/04\/Katana-de-Aizen-Bleach.jpg\" \/>\n\t<meta property=\"og:image:width\" content=\"500\" \/>\n\t<meta property=\"og:image:height\" content=\"500\" \/>\n\t<meta property=\"og:image:type\" content=\"image\/jpeg\" \/>\n<meta name=\"twitter:card\" content=\"summary_large_image\" \/>\n<meta name=\"twitter:label1\" content=\"Gesch\u00e4tzte Lesezeit\" \/>\n\t<meta name=\"twitter:data1\" content=\"3\u00a0Minuten\" \/>\n<script type=\"application\/ld+json\" class=\"yoast-schema-graph\">{\"@context\":\"https:\\\/\\\/schema.org\",\"@graph\":[{\"@type\":\"WebPage\",\"@id\":\"https:\\\/\\\/repliquemangacine.fr\\\/katana-bleach\\\/katana-de-aizen-bleach\\\/\",\"url\":\"https:\\\/\\\/repliquemangacine.fr\\\/katana-bleach\\\/katana-de-aizen-bleach\\\/\",\"name\":\"Katana de Aizen - Bleach - R\u00e9plique Manga Cin\u00e9\",\"isPartOf\":{\"@id\":\"https:\\\/\\\/repliquemangacine.fr\\\/#website\"},\"primaryImageOfPage\":{\"@id\":\"https:\\\/\\\/repliquemangacine.fr\\\/katana-bleach\\\/katana-de-aizen-bleach\\\/#primaryimage\"},\"image\":{\"@id\":\"https:\\\/\\\/repliquemangacine.fr\\\/katana-bleach\\\/katana-de-aizen-bleach\\\/#primaryimage\"},\"thumbnailUrl\":\"https:\\\/\\\/repliquemangacine.fr\\\/wp-content\\\/uploads\\\/2025\\\/04\\\/Katana-de-Aizen-Bleach.jpg\",\"datePublished\":\"2025-04-15T16:19:41+00:00\",\"dateModified\":\"2025-11-26T15:55:59+00:00\",\"description\":\"D\u00e9couvrez ce superbe Katana de Aizen dans Bleach. Lame en acier. Fourreau bois laqu\u00e9 noir. Poign\u00e9e avec tresse en coton verte. 104 cm\",\"breadcrumb\":{\"@id\":\"https:\\\/\\\/repliquemangacine.fr\\\/katana-bleach\\\/katana-de-aizen-bleach\\\/#breadcrumb\"},\"inLanguage\":\"de\",\"potentialAction\":[{\"@type\":\"ReadAction\",\"target\":[\"https:\\\/\\\/repliquemangacine.fr\\\/katana-bleach\\\/katana-de-aizen-bleach\\\/\"]}]},{\"@type\":\"ImageObject\",\"inLanguage\":\"de\",\"@id\":\"https:\\\/\\\/repliquemangacine.fr\\\/katana-bleach\\\/katana-de-aizen-bleach\\\/#primaryimage\",\"url\":\"https:\\\/\\\/repliquemangacine.fr\\\/wp-content\\\/uploads\\\/2025\\\/04\\\/Katana-de-Aizen-Bleach.jpg\",\"contentUrl\":\"https:\\\/\\\/repliquemangacine.fr\\\/wp-content\\\/uploads\\\/2025\\\/04\\\/Katana-de-Aizen-Bleach.jpg\",\"width\":500,\"height\":500,\"caption\":\"Katana de Aizen Dans Bleach\"},{\"@type\":\"BreadcrumbList\",\"@id\":\"https:\\\/\\\/repliquemangacine.fr\\\/katana-bleach\\\/katana-de-aizen-bleach\\\/#breadcrumb\",\"itemListElement\":[{\"@type\":\"ListItem\",\"position\":1,\"name\":\"Accueil\",\"item\":\"https:\\\/\\\/repliquemangacine.fr\\\/\"},{\"@type\":\"ListItem\",\"position\":2,\"name\":\"Produits\",\"item\":\"https:\\\/\\\/repliquemangacine.fr\\\/boutique\\\/\"},{\"@type\":\"ListItem\",\"position\":3,\"name\":\"Katana de Aizen &#8211; Bleach\"}]},{\"@type\":\"WebSite\",\"@id\":\"https:\\\/\\\/repliquemangacine.fr\\\/#website\",\"url\":\"https:\\\/\\\/repliquemangacine.fr\\\/\",\"name\":\"R\u00e9plique Manga Cin\u00e9\",\"description\":\"\",\"publisher\":{\"@id\":\"https:\\\/\\\/repliquemangacine.fr\\\/#organization\"},\"potentialAction\":[{\"@type\":\"SearchAction\",\"target\":{\"@type\":\"EntryPoint\",\"urlTemplate\":\"https:\\\/\\\/repliquemangacine.fr\\\/?s={search_term_string}\"},\"query-input\":{\"@type\":\"PropertyValueSpecification\",\"valueRequired\":true,\"valueName\":\"search_term_string\"}}],\"inLanguage\":\"de\"},{\"@type\":\"Organization\",\"@id\":\"https:\\\/\\\/repliquemangacine.fr\\\/#organization\",\"name\":\"R\u00e9plique Manga Cin\u00e9\",\"url\":\"https:\\\/\\\/repliquemangacine.fr\\\/\",\"logo\":{\"@type\":\"ImageObject\",\"inLanguage\":\"de\",\"@id\":\"https:\\\/\\\/repliquemangacine.fr\\\/#\\\/schema\\\/logo\\\/image\\\/\",\"url\":\"https:\\\/\\\/repliquemangacine.fr\\\/wp-content\\\/uploads\\\/2023\\\/10\\\/RMC-500250.png\",\"contentUrl\":\"https:\\\/\\\/repliquemangacine.fr\\\/wp-content\\\/uploads\\\/2023\\\/10\\\/RMC-500250.png\",\"width\":500,\"height\":250,\"caption\":\"R\u00e9plique Manga Cin\u00e9\"},\"image\":{\"@id\":\"https:\\\/\\\/repliquemangacine.fr\\\/#\\\/schema\\\/logo\\\/image\\\/\"},\"sameAs\":[\"https:\\\/\\\/www.facebook.com\\\/RepliqueMangaCine\",\"https:\\\/\\\/www.instagram.com\\\/repliquemangacine.fr\\\/\"]}]}<\/script>\n<!-- \/ Yoast SEO plugin. -->","yoast_head_json":{"title":"Aizens Katana - Bleach - R\u00e9plique Manga Cin\u00e9","description":"Entdecken Sie dieses gro\u00dfartige Katana von Aizen in Bleach. Klinge aus Stahl. Schwarz lackierte Holzscheide. Griff mit gr\u00fcnem Baumwollgeflecht. 104 cm","robots":{"index":"index","follow":"follow","max-snippet":"max-snippet:-1","max-image-preview":"max-image-preview:large","max-video-preview":"max-video-preview:-1"},"canonical":"https:\/\/repliquemangacine.fr\/de\/katana-bleach\/katana-de-aizen-bleach\/","og_locale":"de_DE","og_type":"article","og_title":"Katana de Aizen - Bleach - R\u00e9plique Manga Cin\u00e9","og_description":"D\u00e9couvrez ce superbe Katana de Aizen dans Bleach. Lame en acier. Fourreau bois laqu\u00e9 noir. Poign\u00e9e avec tresse en coton verte. 104 cm","og_url":"https:\/\/repliquemangacine.fr\/de\/katana-bleach\/katana-de-aizen-bleach\/","og_site_name":"R\u00e9plique Manga Cin\u00e9","article_publisher":"https:\/\/www.facebook.com\/RepliqueMangaCine","article_modified_time":"2025-11-26T15:55:59+00:00","og_image":[{"width":500,"height":500,"url":"https:\/\/repliquemangacine.fr\/wp-content\/uploads\/2025\/04\/Katana-de-Aizen-Bleach.jpg","type":"image\/jpeg"}],"twitter_card":"summary_large_image","twitter_misc":{"Gesch\u00e4tzte Lesezeit":"3\u00a0Minuten"},"schema":{"@context":"https:\/\/schema.org","@graph":[{"@type":"WebPage","@id":"https:\/\/repliquemangacine.fr\/katana-bleach\/katana-de-aizen-bleach\/","url":"https:\/\/repliquemangacine.fr\/katana-bleach\/katana-de-aizen-bleach\/","name":"Aizens Katana - Bleach - R\u00e9plique Manga Cin\u00e9","isPartOf":{"@id":"https:\/\/repliquemangacine.fr\/#website"},"primaryImageOfPage":{"@id":"https:\/\/repliquemangacine.fr\/katana-bleach\/katana-de-aizen-bleach\/#primaryimage"},"image":{"@id":"https:\/\/repliquemangacine.fr\/katana-bleach\/katana-de-aizen-bleach\/#primaryimage"},"thumbnailUrl":"https:\/\/repliquemangacine.fr\/wp-content\/uploads\/2025\/04\/Katana-de-Aizen-Bleach.jpg","datePublished":"2025-04-15T16:19:41+00:00","dateModified":"2025-11-26T15:55:59+00:00","description":"Entdecken Sie dieses gro\u00dfartige Katana von Aizen in Bleach. Klinge aus Stahl. Schwarz lackierte Holzscheide. Griff mit gr\u00fcnem Baumwollgeflecht. 104 cm","breadcrumb":{"@id":"https:\/\/repliquemangacine.fr\/katana-bleach\/katana-de-aizen-bleach\/#breadcrumb"},"inLanguage":"de","potentialAction":[{"@type":"ReadAction","target":["https:\/\/repliquemangacine.fr\/katana-bleach\/katana-de-aizen-bleach\/"]}]},{"@type":"ImageObject","inLanguage":"de","@id":"https:\/\/repliquemangacine.fr\/katana-bleach\/katana-de-aizen-bleach\/#primaryimage","url":"https:\/\/repliquemangacine.fr\/wp-content\/uploads\/2025\/04\/Katana-de-Aizen-Bleach.jpg","contentUrl":"https:\/\/repliquemangacine.fr\/wp-content\/uploads\/2025\/04\/Katana-de-Aizen-Bleach.jpg","width":500,"height":500,"caption":"Katana de Aizen Dans Bleach"},{"@type":"BreadcrumbList","@id":"https:\/\/repliquemangacine.fr\/katana-bleach\/katana-de-aizen-bleach\/#breadcrumb","itemListElement":[{"@type":"ListItem","position":1,"name":"Accueil","item":"https:\/\/repliquemangacine.fr\/"},{"@type":"ListItem","position":2,"name":"Produits","item":"https:\/\/repliquemangacine.fr\/boutique\/"},{"@type":"ListItem","position":3,"name":"Katana de Aizen &#8211; Bleach"}]},{"@type":"WebSite","@id":"https:\/\/repliquemangacine.fr\/#website","url":"https:\/\/repliquemangacine.fr\/","name":"R\u00e9plique Manga Cin\u00e9","description":"","publisher":{"@id":"https:\/\/repliquemangacine.fr\/#organization"},"potentialAction":[{"@type":"SearchAction","target":{"@type":"EntryPoint","urlTemplate":"https:\/\/repliquemangacine.fr\/?s={search_term_string}"},"query-input":{"@type":"PropertyValueSpecification","valueRequired":true,"valueName":"search_term_string"}}],"inLanguage":"de"},{"@type":"Organization","@id":"https:\/\/repliquemangacine.fr\/#organization","name":"R\u00e9plique Manga Cin\u00e9","url":"https:\/\/repliquemangacine.fr\/","logo":{"@type":"ImageObject","inLanguage":"de","@id":"https:\/\/repliquemangacine.fr\/#\/schema\/logo\/image\/","url":"https:\/\/repliquemangacine.fr\/wp-content\/uploads\/2023\/10\/RMC-500250.png","contentUrl":"https:\/\/repliquemangacine.fr\/wp-content\/uploads\/2023\/10\/RMC-500250.png","width":500,"height":250,"caption":"R\u00e9plique Manga Cin\u00e9"},"image":{"@id":"https:\/\/repliquemangacine.fr\/#\/schema\/logo\/image\/"},"sameAs":["https:\/\/www.facebook.com\/RepliqueMangaCine","https:\/\/www.instagram.com\/repliquemangacine.fr\/"]}]}},"_links":{"self":[{"href":"https:\/\/repliquemangacine.fr\/de\/wp-json\/wp\/v2\/product\/83539","targetHints":{"allow":["GET"]}}],"collection":[{"href":"https:\/\/repliquemangacine.fr\/de\/wp-json\/wp\/v2\/product"}],"about":[{"href":"https:\/\/repliquemangacine.fr\/de\/wp-json\/wp\/v2\/types\/product"}],"wp:featuredmedia":[{"embeddable":true,"href":"https:\/\/repliquemangacine.fr\/de\/wp-json\/wp\/v2\/media\/83572"}],"wp:attachment":[{"href":"https:\/\/repliquemangacine.fr\/de\/wp-json\/wp\/v2\/media?parent=83539"}],"wp:term":[{"taxonomy":"product_brand","embeddable":true,"href":"https:\/\/repliquemangacine.fr\/de\/wp-json\/wp\/v2\/product_brand?post=83539"},{"taxonomy":"product_cat","embeddable":true,"href":"https:\/\/repliquemangacine.fr\/de\/wp-json\/wp\/v2\/product_cat?post=83539"},{"taxonomy":"product_tag","embeddable":true,"href":"https:\/\/repliquemangacine.fr\/de\/wp-json\/wp\/v2\/product_tag?post=83539"}],"curies":[{"name":"wp","href":"https:\/\/api.w.org\/{rel}","templated":true}]}}