





{"id":82989,"date":"2025-03-24T20:43:32","date_gmt":"2025-03-24T19:43:32","guid":{"rendered":"https:\/\/repliquemangacine.fr\/?post_type=product&#038;p=82989"},"modified":"2026-04-17T17:52:48","modified_gmt":"2026-04-17T15:52:48","slug":"anduril-luxusfutteral","status":"publish","type":"product","link":"https:\/\/repliquemangacine.fr\/de\/epees-seigneur-des-anneaux\/anduril-fourreau-de-luxe\/","title":{"rendered":"Anduril Scheide de Luxe"},"content":{"rendered":"<h2>Anduril Luxusscheide: Aragorns K\u00f6nigsschwert in einer eleganten und detailgetreuen Version<\/h2>\n<p>Als Erstes entdecken Sie die wundersch\u00f6ne Replik von Anduril Fourreau de Luxe, dem Schwert, das f\u00fcr K\u00f6nig Aragorn in Der Herr der Ringe aus Narsils Fragmenten neu geschmiedet wurde. Seine Klinge mit Hohlkehle aus rostfreiem 440er Stahl ist mit zentralen Elbengravuren verziert, die dem Originaldesign aus dem Film treu bleiben. Der massive Stahlb\u00fcgel und der speziell geformte Knauf sorgen f\u00fcr ein Finish, das den gr\u00f6\u00dften k\u00f6niglichen Waffen w\u00fcrdig ist. Der mit schwarzem Kunstleder \u00fcberzogene Metallgriff liegt gut in der Hand und sorgt f\u00fcr einen angenehmen Halt. Die Holzscheide ist mit schwarzem Kunstleder \u00fcberzogen und mit einer vergoldeten Gravurplatte mit Elfenmotiven verziert. Metallverzierungen an den Enden und ein abnehmbarer G\u00fcrtel mit Druckkn\u00f6pfen sorgen daf\u00fcr, dass das Schwert elegant getragen werden kann. Mit einer Klingenl\u00e4nge von 89,5 cm und einer Gesamtl\u00e4nge von 120,5 cm erreicht dieses Replikat mit der Scheide eine L\u00e4nge von 136 cm.<\/p>\n<h2>Anduril: Eine legend\u00e4re Klinge als Symbol f\u00fcr die R\u00fcckkehr des K\u00f6nigs und Aragorns Macht<\/h2>\n<p>In der Trilogie \"Der Herr der Ringe\" spielen Schwerter eine entscheidende Rolle und verk\u00f6rpern das Schicksal, die Abstammung und die Macht ihres Tr\u00e4gers. And\u00faril, auch Westflamme genannt, ist die neu geschmiedete Version von Narsil, die im Krieg gegen Sauron zerbrochen wurde. Diese Klinge symbolisiert die R\u00fcckkehr von K\u00f6nig Aragorn, dem Erben der alten K\u00f6nige von Gondor, der bereit ist, die freien V\u00f6lker anzuf\u00fchren. Dar\u00fcber hinaus erstrahlt die von Elben geschmiedete And\u00faril in einem uralten Licht und tr\u00e4gt die heiligen Gravuren der Eldar. Sie begleitet Aragorn auf seiner Reise bis zur entscheidenden Schlacht vor dem Schwarzen Tor Mordors. Jedes Detail dieser Replik spiegelt die symbolische und erz\u00e4hlerische Bedeutung dieser legend\u00e4ren Waffe wider. Und schlie\u00dflich bedeutet der Besitz von And\u00faril, ein St\u00fcck der Geschichte von Mittelerde zu besitzen. Alles in allem ein starkes St\u00fcck f\u00fcr jeden Fan von <a href=\"https:\/\/www.tolkiendil.com\/bienvenue\" target=\"_blank\" rel=\"noopener noreferrer\">Tolkien<\/a> oder leidenschaftlicher Sammler.<\/p>\n<h2>R\u00e9plique Manga Cin\u00e9: Alle Kultwaffen aus \"Der Herr der Ringe\" erh\u00e4ltlich<\/h2>\n<p>Auf R\u00e9plique Manga Cin\u00e9 finden Sie die Welt des Herrn der Ringe in einer au\u00dfergew\u00f6hnlichen Sammlung von Schwertern und Waffen aus den Filmen. Neben And\u00faril finden Sie die majest\u00e4tische <a href=\"https:\/\/repliquemangacine.fr\/de\/herr-der-ringe-schwerter\/glamdring-schwertscheide-von-gandalf-lotr\/\">Glamdring-Schwert<\/a> von Gandalf, einer wahren Legende im Krieg gegen die dunklen M\u00e4chte. Entdecken Sie auch das Schwert von Boromir, das die Ehre und Tapferkeit Gondors gegen\u00fcber dem Feind widerspiegelt. F\u00fcr Liebhaber des K\u00f6nigreichs Rohan ist das Schwert Herugrim von K\u00f6nig Th\u00e9oden eine unverzichtbare Replik. Hinzu kommen die <a href=\"https:\/\/repliquemangacine.fr\/de\/herr-der-ringe-schwerter\/sabel-legolas-der-herr-der-ringe\/\">elbische Dolche von Legolas<\/a>die dunklen Schwerter der Nazg\u00fbl. Es gibt auch den<a href=\"https:\/\/repliquemangacine.fr\/de\/herr-der-ringe-schwerter\/frodon-epee-2\/\">Schwert Stachel von Frodo<\/a>die in Anwesenheit von Orks gl\u00e4nzt. Au\u00dferdem sind alle unsere Waffen als Metall- oder Sammlerst\u00fccke erh\u00e4ltlich, bereit, in Ihre Vitrine oder Ihre Cosplays aufgenommen zu werden. R\u00e9plique Manga Cin\u00e9 ist der f\u00fchrende Shop f\u00fcr Film- und Videospielrepliken f\u00fcr echte Fans von epischen Legenden.<\/p>","protected":false},"excerpt":{"rendered":"<p>Atemberaubende Replik des Schwertes Anduril mit seiner Luxusscheide.<\/p>\n<ul>\n<li>Hohlkehlklinge aus rostfreiem 440er Stahl mit elfenbeinfarbener Gravur in der Mitte der Klinge.<\/li>\n<li>Speziell geformter B\u00fcgel und Knauf aus Vollstahl.<\/li>\n<li>Mit Kunstleder \u00fcberzogener Metallgriff f\u00fcr einen guten Griff.<\/li>\n<li>Mit Kunstleder \u00fcberzogene Holzscheide und Plakette mit vergoldeten Elfengravuren.<\/li>\n<li>Metallverzierungen an den Enden.<\/li>\n<li>Ein abnehmbarer G\u00fcrtel wird mit einem Druckknopf an der Scheide befestigt, um dieses wundersch\u00f6ne Schwert zu tragen.<\/li>\n<li>Klingenl\u00e4nge: 89,5 cm - Gesamtl\u00e4nge: 120,5 cm und 136 cm mit Scheide<\/li>\n<li>Gewicht 1470 g und 2320 g mit Scheide<\/li>\n<\/ul>","protected":false},"featured_media":95435,"template":"","meta":[],"product_brand":[896],"product_cat":[68,29],"product_tag":[],"class_list":{"0":"post-82989","1":"product","2":"type-product","3":"status-publish","4":"has-post-thumbnail","6":"product_brand-replique-manga-cine","7":"product_cat-epees-seigneur-des-anneaux","8":"product_cat-le-seigneur-des-anneaux","10":"first","11":"instock","12":"taxable","13":"shipping-taxable","14":"purchasable","15":"product-type-simple"},"yoast_head":"<!-- This site is optimized with the Yoast SEO plugin v27.5 - https:\/\/yoast.com\/product\/yoast-seo-wordpress\/ -->\n<title>Anduril Fourreau de Luxe - R\u00e9plique Manga Cin\u00e9<\/title>\n<meta name=\"description\" content=\"Devenez un v\u00e9ritable Roi du Gondor avec cette \u00e9poustouflante \u00e9p\u00e9e Anduril et son Fourreau de luxe en cuir et ornements elfiques et avec ceinture. Lame acier\" \/>\n<meta name=\"robots\" content=\"index, follow, max-snippet:-1, max-image-preview:large, max-video-preview:-1\" \/>\n<link rel=\"canonical\" href=\"https:\/\/repliquemangacine.fr\/de\/herr-der-ringe-schwerter\/anduril-luxusfutteral\/\" \/>\n<meta property=\"og:locale\" content=\"de_DE\" \/>\n<meta property=\"og:type\" content=\"article\" \/>\n<meta property=\"og:title\" content=\"Anduril Fourreau de Luxe - R\u00e9plique Manga Cin\u00e9\" \/>\n<meta property=\"og:description\" content=\"Devenez un v\u00e9ritable Roi du Gondor avec cette \u00e9poustouflante \u00e9p\u00e9e Anduril et son Fourreau de luxe en cuir et ornements elfiques et avec ceinture. Lame acier\" \/>\n<meta property=\"og:url\" content=\"https:\/\/repliquemangacine.fr\/de\/herr-der-ringe-schwerter\/anduril-luxusfutteral\/\" \/>\n<meta property=\"og:site_name\" content=\"R\u00e9plique Manga Cin\u00e9\" \/>\n<meta property=\"article:publisher\" content=\"https:\/\/www.facebook.com\/RepliqueMangaCine\" \/>\n<meta property=\"article:modified_time\" content=\"2026-04-17T15:52:48+00:00\" \/>\n<meta property=\"og:image\" content=\"https:\/\/repliquemangacine.fr\/wp-content\/uploads\/2025\/03\/Anduril-avec-son-Fourreau-de-luxe-1.jpg\" \/>\n\t<meta property=\"og:image:width\" content=\"800\" \/>\n\t<meta property=\"og:image:height\" content=\"800\" \/>\n\t<meta property=\"og:image:type\" content=\"image\/jpeg\" \/>\n<meta name=\"twitter:card\" content=\"summary_large_image\" \/>\n<meta name=\"twitter:label1\" content=\"Gesch\u00e4tzte Lesezeit\" \/>\n\t<meta name=\"twitter:data1\" content=\"3\u00a0Minuten\" \/>\n<script type=\"application\/ld+json\" class=\"yoast-schema-graph\">{\"@context\":\"https:\\\/\\\/schema.org\",\"@graph\":[{\"@type\":\"WebPage\",\"@id\":\"https:\\\/\\\/repliquemangacine.fr\\\/epees-seigneur-des-anneaux\\\/anduril-fourreau-de-luxe\\\/\",\"url\":\"https:\\\/\\\/repliquemangacine.fr\\\/epees-seigneur-des-anneaux\\\/anduril-fourreau-de-luxe\\\/\",\"name\":\"Anduril Fourreau de Luxe - R\u00e9plique Manga Cin\u00e9\",\"isPartOf\":{\"@id\":\"https:\\\/\\\/repliquemangacine.fr\\\/#website\"},\"primaryImageOfPage\":{\"@id\":\"https:\\\/\\\/repliquemangacine.fr\\\/epees-seigneur-des-anneaux\\\/anduril-fourreau-de-luxe\\\/#primaryimage\"},\"image\":{\"@id\":\"https:\\\/\\\/repliquemangacine.fr\\\/epees-seigneur-des-anneaux\\\/anduril-fourreau-de-luxe\\\/#primaryimage\"},\"thumbnailUrl\":\"https:\\\/\\\/repliquemangacine.fr\\\/wp-content\\\/uploads\\\/2025\\\/03\\\/Anduril-avec-son-Fourreau-de-luxe-1.jpg\",\"datePublished\":\"2025-03-24T19:43:32+00:00\",\"dateModified\":\"2026-04-17T15:52:48+00:00\",\"description\":\"Devenez un v\u00e9ritable Roi du Gondor avec cette \u00e9poustouflante \u00e9p\u00e9e Anduril et son Fourreau de luxe en cuir et ornements elfiques et avec ceinture. Lame acier\",\"breadcrumb\":{\"@id\":\"https:\\\/\\\/repliquemangacine.fr\\\/epees-seigneur-des-anneaux\\\/anduril-fourreau-de-luxe\\\/#breadcrumb\"},\"inLanguage\":\"de\",\"potentialAction\":[{\"@type\":\"ReadAction\",\"target\":[\"https:\\\/\\\/repliquemangacine.fr\\\/epees-seigneur-des-anneaux\\\/anduril-fourreau-de-luxe\\\/\"]}]},{\"@type\":\"ImageObject\",\"inLanguage\":\"de\",\"@id\":\"https:\\\/\\\/repliquemangacine.fr\\\/epees-seigneur-des-anneaux\\\/anduril-fourreau-de-luxe\\\/#primaryimage\",\"url\":\"https:\\\/\\\/repliquemangacine.fr\\\/wp-content\\\/uploads\\\/2025\\\/03\\\/Anduril-avec-son-Fourreau-de-luxe-1.jpg\",\"contentUrl\":\"https:\\\/\\\/repliquemangacine.fr\\\/wp-content\\\/uploads\\\/2025\\\/03\\\/Anduril-avec-son-Fourreau-de-luxe-1.jpg\",\"width\":800,\"height\":800,\"caption\":\"Anduril avec son fourreau de luxe\"},{\"@type\":\"BreadcrumbList\",\"@id\":\"https:\\\/\\\/repliquemangacine.fr\\\/epees-seigneur-des-anneaux\\\/anduril-fourreau-de-luxe\\\/#breadcrumb\",\"itemListElement\":[{\"@type\":\"ListItem\",\"position\":1,\"name\":\"Accueil\",\"item\":\"https:\\\/\\\/repliquemangacine.fr\\\/\"},{\"@type\":\"ListItem\",\"position\":2,\"name\":\"Produits\",\"item\":\"https:\\\/\\\/repliquemangacine.fr\\\/boutique\\\/\"},{\"@type\":\"ListItem\",\"position\":3,\"name\":\"Anduril Fourreau de Luxe\"}]},{\"@type\":\"WebSite\",\"@id\":\"https:\\\/\\\/repliquemangacine.fr\\\/#website\",\"url\":\"https:\\\/\\\/repliquemangacine.fr\\\/\",\"name\":\"R\u00e9plique Manga Cin\u00e9\",\"description\":\"\",\"publisher\":{\"@id\":\"https:\\\/\\\/repliquemangacine.fr\\\/#organization\"},\"potentialAction\":[{\"@type\":\"SearchAction\",\"target\":{\"@type\":\"EntryPoint\",\"urlTemplate\":\"https:\\\/\\\/repliquemangacine.fr\\\/?s={search_term_string}\"},\"query-input\":{\"@type\":\"PropertyValueSpecification\",\"valueRequired\":true,\"valueName\":\"search_term_string\"}}],\"inLanguage\":\"de\"},{\"@type\":\"Organization\",\"@id\":\"https:\\\/\\\/repliquemangacine.fr\\\/#organization\",\"name\":\"R\u00e9plique Manga Cin\u00e9\",\"url\":\"https:\\\/\\\/repliquemangacine.fr\\\/\",\"logo\":{\"@type\":\"ImageObject\",\"inLanguage\":\"de\",\"@id\":\"https:\\\/\\\/repliquemangacine.fr\\\/#\\\/schema\\\/logo\\\/image\\\/\",\"url\":\"https:\\\/\\\/repliquemangacine.fr\\\/wp-content\\\/uploads\\\/2023\\\/10\\\/RMC-500250.png\",\"contentUrl\":\"https:\\\/\\\/repliquemangacine.fr\\\/wp-content\\\/uploads\\\/2023\\\/10\\\/RMC-500250.png\",\"width\":500,\"height\":250,\"caption\":\"R\u00e9plique Manga Cin\u00e9\"},\"image\":{\"@id\":\"https:\\\/\\\/repliquemangacine.fr\\\/#\\\/schema\\\/logo\\\/image\\\/\"},\"sameAs\":[\"https:\\\/\\\/www.facebook.com\\\/RepliqueMangaCine\",\"https:\\\/\\\/www.instagram.com\\\/repliquemangacine.fr\\\/\"]}]}<\/script>\n<!-- \/ Yoast SEO plugin. -->","yoast_head_json":{"title":"Anduril Scheide de Luxe - R\u00e9plique Manga Cin\u00e9","description":"Werde ein wahrer K\u00f6nig von Gondor mit diesem atemberaubenden Schwert Anduril und seiner luxuri\u00f6sen Scheide aus Leder mit elfischen Ornamenten und mit G\u00fcrtel. Stahlklinge","robots":{"index":"index","follow":"follow","max-snippet":"max-snippet:-1","max-image-preview":"max-image-preview:large","max-video-preview":"max-video-preview:-1"},"canonical":"https:\/\/repliquemangacine.fr\/de\/herr-der-ringe-schwerter\/anduril-luxusfutteral\/","og_locale":"de_DE","og_type":"article","og_title":"Anduril Fourreau de Luxe - R\u00e9plique Manga Cin\u00e9","og_description":"Devenez un v\u00e9ritable Roi du Gondor avec cette \u00e9poustouflante \u00e9p\u00e9e Anduril et son Fourreau de luxe en cuir et ornements elfiques et avec ceinture. Lame acier","og_url":"https:\/\/repliquemangacine.fr\/de\/herr-der-ringe-schwerter\/anduril-luxusfutteral\/","og_site_name":"R\u00e9plique Manga Cin\u00e9","article_publisher":"https:\/\/www.facebook.com\/RepliqueMangaCine","article_modified_time":"2026-04-17T15:52:48+00:00","og_image":[{"width":800,"height":800,"url":"https:\/\/repliquemangacine.fr\/wp-content\/uploads\/2025\/03\/Anduril-avec-son-Fourreau-de-luxe-1.jpg","type":"image\/jpeg"}],"twitter_card":"summary_large_image","twitter_misc":{"Gesch\u00e4tzte Lesezeit":"3\u00a0Minuten"},"schema":{"@context":"https:\/\/schema.org","@graph":[{"@type":"WebPage","@id":"https:\/\/repliquemangacine.fr\/epees-seigneur-des-anneaux\/anduril-fourreau-de-luxe\/","url":"https:\/\/repliquemangacine.fr\/epees-seigneur-des-anneaux\/anduril-fourreau-de-luxe\/","name":"Anduril Scheide de Luxe - R\u00e9plique Manga Cin\u00e9","isPartOf":{"@id":"https:\/\/repliquemangacine.fr\/#website"},"primaryImageOfPage":{"@id":"https:\/\/repliquemangacine.fr\/epees-seigneur-des-anneaux\/anduril-fourreau-de-luxe\/#primaryimage"},"image":{"@id":"https:\/\/repliquemangacine.fr\/epees-seigneur-des-anneaux\/anduril-fourreau-de-luxe\/#primaryimage"},"thumbnailUrl":"https:\/\/repliquemangacine.fr\/wp-content\/uploads\/2025\/03\/Anduril-avec-son-Fourreau-de-luxe-1.jpg","datePublished":"2025-03-24T19:43:32+00:00","dateModified":"2026-04-17T15:52:48+00:00","description":"Werde ein wahrer K\u00f6nig von Gondor mit diesem atemberaubenden Schwert Anduril und seiner luxuri\u00f6sen Scheide aus Leder mit elfischen Ornamenten und mit G\u00fcrtel. Stahlklinge","breadcrumb":{"@id":"https:\/\/repliquemangacine.fr\/epees-seigneur-des-anneaux\/anduril-fourreau-de-luxe\/#breadcrumb"},"inLanguage":"de","potentialAction":[{"@type":"ReadAction","target":["https:\/\/repliquemangacine.fr\/epees-seigneur-des-anneaux\/anduril-fourreau-de-luxe\/"]}]},{"@type":"ImageObject","inLanguage":"de","@id":"https:\/\/repliquemangacine.fr\/epees-seigneur-des-anneaux\/anduril-fourreau-de-luxe\/#primaryimage","url":"https:\/\/repliquemangacine.fr\/wp-content\/uploads\/2025\/03\/Anduril-avec-son-Fourreau-de-luxe-1.jpg","contentUrl":"https:\/\/repliquemangacine.fr\/wp-content\/uploads\/2025\/03\/Anduril-avec-son-Fourreau-de-luxe-1.jpg","width":800,"height":800,"caption":"Anduril avec son fourreau de luxe"},{"@type":"BreadcrumbList","@id":"https:\/\/repliquemangacine.fr\/epees-seigneur-des-anneaux\/anduril-fourreau-de-luxe\/#breadcrumb","itemListElement":[{"@type":"ListItem","position":1,"name":"Accueil","item":"https:\/\/repliquemangacine.fr\/"},{"@type":"ListItem","position":2,"name":"Produits","item":"https:\/\/repliquemangacine.fr\/boutique\/"},{"@type":"ListItem","position":3,"name":"Anduril Fourreau de Luxe"}]},{"@type":"WebSite","@id":"https:\/\/repliquemangacine.fr\/#website","url":"https:\/\/repliquemangacine.fr\/","name":"R\u00e9plique Manga Cin\u00e9","description":"","publisher":{"@id":"https:\/\/repliquemangacine.fr\/#organization"},"potentialAction":[{"@type":"SearchAction","target":{"@type":"EntryPoint","urlTemplate":"https:\/\/repliquemangacine.fr\/?s={search_term_string}"},"query-input":{"@type":"PropertyValueSpecification","valueRequired":true,"valueName":"search_term_string"}}],"inLanguage":"de"},{"@type":"Organization","@id":"https:\/\/repliquemangacine.fr\/#organization","name":"R\u00e9plique Manga Cin\u00e9","url":"https:\/\/repliquemangacine.fr\/","logo":{"@type":"ImageObject","inLanguage":"de","@id":"https:\/\/repliquemangacine.fr\/#\/schema\/logo\/image\/","url":"https:\/\/repliquemangacine.fr\/wp-content\/uploads\/2023\/10\/RMC-500250.png","contentUrl":"https:\/\/repliquemangacine.fr\/wp-content\/uploads\/2023\/10\/RMC-500250.png","width":500,"height":250,"caption":"R\u00e9plique Manga Cin\u00e9"},"image":{"@id":"https:\/\/repliquemangacine.fr\/#\/schema\/logo\/image\/"},"sameAs":["https:\/\/www.facebook.com\/RepliqueMangaCine","https:\/\/www.instagram.com\/repliquemangacine.fr\/"]}]}},"_links":{"self":[{"href":"https:\/\/repliquemangacine.fr\/de\/wp-json\/wp\/v2\/product\/82989","targetHints":{"allow":["GET"]}}],"collection":[{"href":"https:\/\/repliquemangacine.fr\/de\/wp-json\/wp\/v2\/product"}],"about":[{"href":"https:\/\/repliquemangacine.fr\/de\/wp-json\/wp\/v2\/types\/product"}],"wp:featuredmedia":[{"embeddable":true,"href":"https:\/\/repliquemangacine.fr\/de\/wp-json\/wp\/v2\/media\/95435"}],"wp:attachment":[{"href":"https:\/\/repliquemangacine.fr\/de\/wp-json\/wp\/v2\/media?parent=82989"}],"wp:term":[{"taxonomy":"product_brand","embeddable":true,"href":"https:\/\/repliquemangacine.fr\/de\/wp-json\/wp\/v2\/product_brand?post=82989"},{"taxonomy":"product_cat","embeddable":true,"href":"https:\/\/repliquemangacine.fr\/de\/wp-json\/wp\/v2\/product_cat?post=82989"},{"taxonomy":"product_tag","embeddable":true,"href":"https:\/\/repliquemangacine.fr\/de\/wp-json\/wp\/v2\/product_tag?post=82989"}],"curies":[{"name":"wp","href":"https:\/\/api.w.org\/{rel}","templated":true}]}}