





{"id":82976,"date":"2025-03-24T18:39:29","date_gmt":"2025-03-24T17:39:29","guid":{"rendered":"https:\/\/repliquemangacine.fr\/?post_type=product&#038;p=82976"},"modified":"2026-01-11T20:46:40","modified_gmt":"2026-01-11T19:46:40","slug":"glamdring-schwertscheide-von-gandalf-lotr","status":"publish","type":"product","link":"https:\/\/repliquemangacine.fr\/de\/epees-seigneur-des-anneaux\/glamdring-fourreau-epee-de-gandalf-lotr\/","title":{"rendered":"Glamdring Scheide - Gandalfs Schwert LOTR"},"content":{"rendered":"<h2>Glamdring Scheide, das Schwert von Gandalf: eine originalgetreue Nachbildung des Herrn der Ringe<\/h2>\n<p>Als Erstes entdecken Sie die Replik von Glamdring Fourreau, dem legend\u00e4ren Schwert von Gandalf dem Grauen, dem treuen Weggef\u00e4hrten von Frodo und der Gemeinschaft. Seine Klinge aus rostfreiem 440er Stahl mit einer zentralen Hohlkehle sorgt f\u00fcr einen beeindruckenden Realismus und eine besonders sorgf\u00e4ltige Verarbeitung. Sein massiver Stahlschutz weist in der Mitte feine Gravuren auf, die dem Ganzen eine elegante und authentische Note verleihen. Der Griff ist mit blauem Kunstleder \u00fcberzogen und bietet Sammlern oder Cosplayern einen hervorragenden Griff. Der Knauf aus Vollstahl mit seinem speziellen Design verst\u00e4rkt das Prestige dieses Elfenschwerts. Das Schwert wird mit einer Holzscheide geliefert, die mit blauem Kunstleder \u00fcberzogen und mit Details aus silbernem Metall verziert ist. Mit einer Klingenl\u00e4nge von 89 cm und einer Gesamtl\u00e4nge von 117 cm erreicht dieses St\u00fcck mit Scheide eine L\u00e4nge von 126 cm bei einem Gewicht von 1925 Gramm. Ein mythisches Schwert, das Sie unbedingt besitzen sollten.<\/p>\n<h2>Die legend\u00e4ren Schwerter aus \"Der Herr der Ringe\": Symbole f\u00fcr Mut und Schicksal<\/h2>\n<p>In der Trilogie \"Der Herr der Ringe\" hat jedes Schwert eine tiefgr\u00fcndige Geschichte und eine entscheidende Rolle im Schicksal der Helden. Glamdring, auch bekannt als Goblin-Spalter, wurde von Gandalf in einer uralten H\u00f6hle neben Orcrist und Dard entdeckt. Dieses Elbenschwert leuchtet bl\u00e4ulich, wenn sich eine Gefahr n\u00e4hert, und sch\u00fctzt so seine Gef\u00e4hrten. Gandalf, der m\u00e4chtige Magier und F\u00fchrer der Gemeinschaft, nutzt es weise, um der wachsenden Dunkelheit in Mittelerde entgegenzutreten. Jede Waffe spiegelt den Charakter ihres Tr\u00e4gers wider und ist Teil des fantastischen Epos, das von <a href=\"https:\/\/www.tolkiendil.com\/bienvenue\" target=\"_blank\" rel=\"noopener noreferrer\">Tolkien<\/a>. Durch diese Klingen werden Erbe, Ehre und Tapferkeit weitergegeben. Eine Replik wie Glamdring zu besitzen, ist mehr als nur ein dekoratives Objekt, es ist ein Eintauchen in eine mythische Welt. Dank ihrer Authentizit\u00e4t begeistern diese Schwerter auch heute noch Generationen von Fans auf der ganzen Welt.<\/p>\n<h2>R\u00e9plique Manga Cin\u00e9: Alle Schwerter aus Der Herr der Ringe<\/h2>\n<p>Auf R\u00e9plique Manga Cin\u00e9 k\u00f6nnen Sie eine gro\u00dfe Auswahl an Waffen aus der magischen Welt des Herrn der Ringe erkunden. Neben Glamdring finden Sie auch den<a href=\"https:\/\/repliquemangacine.fr\/de\/schwerter-und-dolche-die-ringe-der-macht\/anduril-epee-aragorn-herr-der-ringe\/\">And\u00faril<\/a>Das Schwert, das von den Schmieden der Elben f\u00fcr Aragorn neu geschmiedet wurde, ist ein Symbol f\u00fcr die wiedererlangte K\u00f6nigsw\u00fcrde. Entdecken Sie auch das<a href=\"https:\/\/repliquemangacine.fr\/de\/herr-der-ringe-schwerter\/boromirs-schwert\/\">Boromirs Schwert<\/a>Sie ist schwer und m\u00e4chtig und bleibt dem Krieger von Gondor treu. F\u00fcr Fans von Rohan ist die<a href=\"https:\/\/repliquemangacine.fr\/de\/herr-der-ringe-schwerter\/theoden-schwert-herugrim-schwert\/\">Herugrim-Schwert<\/a> von K\u00f6nig Theoden ist ein ikonisches St\u00fcck, das Sie sich nicht entgehen lassen sollten. Liebhaber der Agilit\u00e4t werden Legolas' schlanke und elegante Dolche zu sch\u00e4tzen wissen, die sich ideal f\u00fcr den Nahkampf eignen. Nicht zu vergessen die <a href=\"https:\/\/repliquemangacine.fr\/de\/herr-der-ringe-schwerter\/nazgul-schwert-herr-der-ringe-schwarzes-reiterschwert\/\">dunkle Schwerter der Nazg\u00fbl<\/a>Sie sind bedrohlich und mit einer b\u00f6sen Aura behaftet. Und nat\u00fcrlich die<a href=\"https:\/\/repliquemangacine.fr\/de\/herr-der-ringe-schwerter\/frodon-epee-2\/\">Schwert Stachel von Frodo<\/a>ist ein Klassiker unter den Repliken. Zusammenfassend l\u00e4sst sich sagen, dass Sie auf unserer Website R\u00e9plique Manga Cin\u00e9 originalgetreue und qualitativ hochwertige Repliken finden, die perfekt f\u00fcr Liebhaber, Cosplayer oder Sammler von Filmlegenden geeignet sind.<\/p>","protected":false},"excerpt":{"rendered":"<p>Wundersch\u00f6ne Replik von Gandalfs Glamdring-Schwert aus der Trilogie \"Der Herr der Ringe\".<\/p>\n<ul>\n<li>Klinge aus rostfreiem 440er Stahl mit Hohlkehle<\/li>\n<li>Vollstahlb\u00fcgel mit feinen Gravuren in der Mitte<\/li>\n<li>Griff mit blauem Kunstleder \u00fcberzogen, damit er gut in der Hand liegt<\/li>\n<li>Speziell geformter Knauf aus Vollstahl<\/li>\n<li>Wird mit einer Holzscheide mit blauem Kunstleder\u00fcberzug und Metalldekor geliefert.<\/li>\n<li>L\u00e4nge der Klinge: 89 cm - Gesamtl\u00e4nge: 117 cm<\/li>\n<li>Gesamtl\u00e4nge mit Scheide: 126 cm - Gewicht: 1925 grs mit Scheide<\/li>\n<\/ul>","protected":false},"featured_media":82977,"template":"","meta":[],"product_brand":[896],"product_cat":[68,29],"product_tag":[],"class_list":{"0":"post-82976","1":"product","2":"type-product","3":"status-publish","4":"has-post-thumbnail","6":"product_brand-replique-manga-cine","7":"product_cat-epees-seigneur-des-anneaux","8":"product_cat-le-seigneur-des-anneaux","10":"first","11":"instock","12":"taxable","13":"shipping-taxable","14":"purchasable","15":"product-type-simple"},"yoast_head":"<!-- This site is optimized with the Yoast SEO plugin v27.5 - https:\/\/yoast.com\/product\/yoast-seo-wordpress\/ -->\n<title>Glamdring Fourreau - Ep\u00e9e de Gandalf LOTR | RMC<\/title>\n<meta name=\"description\" content=\"D\u00e9couvrez cette magnifique r\u00e9plique de l&#039;\u00e9p\u00e9e Glamdring Fourreau de Gqandalf dans Le Seigneur des Anneaux. Lame acier 440. Fourreau similicuir bleu. 126 cm\" \/>\n<meta name=\"robots\" content=\"index, follow, max-snippet:-1, max-image-preview:large, max-video-preview:-1\" \/>\n<link rel=\"canonical\" href=\"https:\/\/repliquemangacine.fr\/de\/herr-der-ringe-schwerter\/glamdring-schwertscheide-von-gandalf-lotr\/\" \/>\n<meta property=\"og:locale\" content=\"de_DE\" \/>\n<meta property=\"og:type\" content=\"article\" \/>\n<meta property=\"og:title\" content=\"Glamdring Fourreau - Ep\u00e9e de Gandalf LOTR | RMC\" \/>\n<meta property=\"og:description\" content=\"D\u00e9couvrez cette magnifique r\u00e9plique de l&#039;\u00e9p\u00e9e Glamdring Fourreau de Gqandalf dans Le Seigneur des Anneaux. Lame acier 440. Fourreau similicuir bleu. 126 cm\" \/>\n<meta property=\"og:url\" content=\"https:\/\/repliquemangacine.fr\/de\/herr-der-ringe-schwerter\/glamdring-schwertscheide-von-gandalf-lotr\/\" \/>\n<meta property=\"og:site_name\" content=\"R\u00e9plique Manga Cin\u00e9\" \/>\n<meta property=\"article:publisher\" content=\"https:\/\/www.facebook.com\/RepliqueMangaCine\" \/>\n<meta property=\"article:modified_time\" content=\"2026-01-11T19:46:40+00:00\" \/>\n<meta property=\"og:image\" content=\"https:\/\/repliquemangacine.fr\/wp-content\/uploads\/2025\/03\/epee-de-Gandalf-et-son-fourreau.jpg\" \/>\n\t<meta property=\"og:image:width\" content=\"500\" \/>\n\t<meta property=\"og:image:height\" content=\"500\" \/>\n\t<meta property=\"og:image:type\" content=\"image\/jpeg\" \/>\n<meta name=\"twitter:card\" content=\"summary_large_image\" \/>\n<meta name=\"twitter:label1\" content=\"Gesch\u00e4tzte Lesezeit\" \/>\n\t<meta name=\"twitter:data1\" content=\"3\u00a0Minuten\" \/>\n<script type=\"application\/ld+json\" class=\"yoast-schema-graph\">{\"@context\":\"https:\\\/\\\/schema.org\",\"@graph\":[{\"@type\":\"WebPage\",\"@id\":\"https:\\\/\\\/repliquemangacine.fr\\\/epees-seigneur-des-anneaux\\\/glamdring-fourreau-epee-de-gandalf-lotr\\\/\",\"url\":\"https:\\\/\\\/repliquemangacine.fr\\\/epees-seigneur-des-anneaux\\\/glamdring-fourreau-epee-de-gandalf-lotr\\\/\",\"name\":\"Glamdring Fourreau - Ep\u00e9e de Gandalf LOTR | RMC\",\"isPartOf\":{\"@id\":\"https:\\\/\\\/repliquemangacine.fr\\\/#website\"},\"primaryImageOfPage\":{\"@id\":\"https:\\\/\\\/repliquemangacine.fr\\\/epees-seigneur-des-anneaux\\\/glamdring-fourreau-epee-de-gandalf-lotr\\\/#primaryimage\"},\"image\":{\"@id\":\"https:\\\/\\\/repliquemangacine.fr\\\/epees-seigneur-des-anneaux\\\/glamdring-fourreau-epee-de-gandalf-lotr\\\/#primaryimage\"},\"thumbnailUrl\":\"https:\\\/\\\/repliquemangacine.fr\\\/wp-content\\\/uploads\\\/2025\\\/03\\\/epee-de-Gandalf-et-son-fourreau.jpg\",\"datePublished\":\"2025-03-24T17:39:29+00:00\",\"dateModified\":\"2026-01-11T19:46:40+00:00\",\"description\":\"D\u00e9couvrez cette magnifique r\u00e9plique de l'\u00e9p\u00e9e Glamdring Fourreau de Gqandalf dans Le Seigneur des Anneaux. Lame acier 440. Fourreau similicuir bleu. 126 cm\",\"breadcrumb\":{\"@id\":\"https:\\\/\\\/repliquemangacine.fr\\\/epees-seigneur-des-anneaux\\\/glamdring-fourreau-epee-de-gandalf-lotr\\\/#breadcrumb\"},\"inLanguage\":\"de\",\"potentialAction\":[{\"@type\":\"ReadAction\",\"target\":[\"https:\\\/\\\/repliquemangacine.fr\\\/epees-seigneur-des-anneaux\\\/glamdring-fourreau-epee-de-gandalf-lotr\\\/\"]}]},{\"@type\":\"ImageObject\",\"inLanguage\":\"de\",\"@id\":\"https:\\\/\\\/repliquemangacine.fr\\\/epees-seigneur-des-anneaux\\\/glamdring-fourreau-epee-de-gandalf-lotr\\\/#primaryimage\",\"url\":\"https:\\\/\\\/repliquemangacine.fr\\\/wp-content\\\/uploads\\\/2025\\\/03\\\/epee-de-Gandalf-et-son-fourreau.jpg\",\"contentUrl\":\"https:\\\/\\\/repliquemangacine.fr\\\/wp-content\\\/uploads\\\/2025\\\/03\\\/epee-de-Gandalf-et-son-fourreau.jpg\",\"width\":500,\"height\":500,\"caption\":\"Glamdring Fourreau \u00e9p\u00e9e de Gandalf - Le Seigneur des Anneaux\"},{\"@type\":\"BreadcrumbList\",\"@id\":\"https:\\\/\\\/repliquemangacine.fr\\\/epees-seigneur-des-anneaux\\\/glamdring-fourreau-epee-de-gandalf-lotr\\\/#breadcrumb\",\"itemListElement\":[{\"@type\":\"ListItem\",\"position\":1,\"name\":\"Accueil\",\"item\":\"https:\\\/\\\/repliquemangacine.fr\\\/\"},{\"@type\":\"ListItem\",\"position\":2,\"name\":\"Produits\",\"item\":\"https:\\\/\\\/repliquemangacine.fr\\\/boutique\\\/\"},{\"@type\":\"ListItem\",\"position\":3,\"name\":\"Glamdring Fourreau &#8211; Ep\u00e9e de Gandalf LOTR\"}]},{\"@type\":\"WebSite\",\"@id\":\"https:\\\/\\\/repliquemangacine.fr\\\/#website\",\"url\":\"https:\\\/\\\/repliquemangacine.fr\\\/\",\"name\":\"R\u00e9plique Manga Cin\u00e9\",\"description\":\"\",\"publisher\":{\"@id\":\"https:\\\/\\\/repliquemangacine.fr\\\/#organization\"},\"potentialAction\":[{\"@type\":\"SearchAction\",\"target\":{\"@type\":\"EntryPoint\",\"urlTemplate\":\"https:\\\/\\\/repliquemangacine.fr\\\/?s={search_term_string}\"},\"query-input\":{\"@type\":\"PropertyValueSpecification\",\"valueRequired\":true,\"valueName\":\"search_term_string\"}}],\"inLanguage\":\"de\"},{\"@type\":\"Organization\",\"@id\":\"https:\\\/\\\/repliquemangacine.fr\\\/#organization\",\"name\":\"R\u00e9plique Manga Cin\u00e9\",\"url\":\"https:\\\/\\\/repliquemangacine.fr\\\/\",\"logo\":{\"@type\":\"ImageObject\",\"inLanguage\":\"de\",\"@id\":\"https:\\\/\\\/repliquemangacine.fr\\\/#\\\/schema\\\/logo\\\/image\\\/\",\"url\":\"https:\\\/\\\/repliquemangacine.fr\\\/wp-content\\\/uploads\\\/2023\\\/10\\\/RMC-500250.png\",\"contentUrl\":\"https:\\\/\\\/repliquemangacine.fr\\\/wp-content\\\/uploads\\\/2023\\\/10\\\/RMC-500250.png\",\"width\":500,\"height\":250,\"caption\":\"R\u00e9plique Manga Cin\u00e9\"},\"image\":{\"@id\":\"https:\\\/\\\/repliquemangacine.fr\\\/#\\\/schema\\\/logo\\\/image\\\/\"},\"sameAs\":[\"https:\\\/\\\/www.facebook.com\\\/RepliqueMangaCine\",\"https:\\\/\\\/www.instagram.com\\\/repliquemangacine.fr\\\/\"]}]}<\/script>\n<!-- \/ Yoast SEO plugin. -->","yoast_head_json":{"title":"Glamdring Scheide - Gandalfs Schwert LOTR | RMC","description":"Entdecken Sie diese wundersch\u00f6ne Replik von Gqandalfs Glamdring-Schwert Scheide aus \"Der Herr der Ringe\". Klinge aus 440er Stahl. Blaue Kunstlederscheide. 126 cm","robots":{"index":"index","follow":"follow","max-snippet":"max-snippet:-1","max-image-preview":"max-image-preview:large","max-video-preview":"max-video-preview:-1"},"canonical":"https:\/\/repliquemangacine.fr\/de\/herr-der-ringe-schwerter\/glamdring-schwertscheide-von-gandalf-lotr\/","og_locale":"de_DE","og_type":"article","og_title":"Glamdring Fourreau - Ep\u00e9e de Gandalf LOTR | RMC","og_description":"D\u00e9couvrez cette magnifique r\u00e9plique de l'\u00e9p\u00e9e Glamdring Fourreau de Gqandalf dans Le Seigneur des Anneaux. Lame acier 440. Fourreau similicuir bleu. 126 cm","og_url":"https:\/\/repliquemangacine.fr\/de\/herr-der-ringe-schwerter\/glamdring-schwertscheide-von-gandalf-lotr\/","og_site_name":"R\u00e9plique Manga Cin\u00e9","article_publisher":"https:\/\/www.facebook.com\/RepliqueMangaCine","article_modified_time":"2026-01-11T19:46:40+00:00","og_image":[{"width":500,"height":500,"url":"https:\/\/repliquemangacine.fr\/wp-content\/uploads\/2025\/03\/epee-de-Gandalf-et-son-fourreau.jpg","type":"image\/jpeg"}],"twitter_card":"summary_large_image","twitter_misc":{"Gesch\u00e4tzte Lesezeit":"3\u00a0Minuten"},"schema":{"@context":"https:\/\/schema.org","@graph":[{"@type":"WebPage","@id":"https:\/\/repliquemangacine.fr\/epees-seigneur-des-anneaux\/glamdring-fourreau-epee-de-gandalf-lotr\/","url":"https:\/\/repliquemangacine.fr\/epees-seigneur-des-anneaux\/glamdring-fourreau-epee-de-gandalf-lotr\/","name":"Glamdring Scheide - Gandalfs Schwert LOTR | RMC","isPartOf":{"@id":"https:\/\/repliquemangacine.fr\/#website"},"primaryImageOfPage":{"@id":"https:\/\/repliquemangacine.fr\/epees-seigneur-des-anneaux\/glamdring-fourreau-epee-de-gandalf-lotr\/#primaryimage"},"image":{"@id":"https:\/\/repliquemangacine.fr\/epees-seigneur-des-anneaux\/glamdring-fourreau-epee-de-gandalf-lotr\/#primaryimage"},"thumbnailUrl":"https:\/\/repliquemangacine.fr\/wp-content\/uploads\/2025\/03\/epee-de-Gandalf-et-son-fourreau.jpg","datePublished":"2025-03-24T17:39:29+00:00","dateModified":"2026-01-11T19:46:40+00:00","description":"Entdecken Sie diese wundersch\u00f6ne Replik von Gqandalfs Glamdring-Schwert Scheide aus \"Der Herr der Ringe\". Klinge aus 440er Stahl. Blaue Kunstlederscheide. 126 cm","breadcrumb":{"@id":"https:\/\/repliquemangacine.fr\/epees-seigneur-des-anneaux\/glamdring-fourreau-epee-de-gandalf-lotr\/#breadcrumb"},"inLanguage":"de","potentialAction":[{"@type":"ReadAction","target":["https:\/\/repliquemangacine.fr\/epees-seigneur-des-anneaux\/glamdring-fourreau-epee-de-gandalf-lotr\/"]}]},{"@type":"ImageObject","inLanguage":"de","@id":"https:\/\/repliquemangacine.fr\/epees-seigneur-des-anneaux\/glamdring-fourreau-epee-de-gandalf-lotr\/#primaryimage","url":"https:\/\/repliquemangacine.fr\/wp-content\/uploads\/2025\/03\/epee-de-Gandalf-et-son-fourreau.jpg","contentUrl":"https:\/\/repliquemangacine.fr\/wp-content\/uploads\/2025\/03\/epee-de-Gandalf-et-son-fourreau.jpg","width":500,"height":500,"caption":"Glamdring Fourreau \u00e9p\u00e9e de Gandalf - Le Seigneur des Anneaux"},{"@type":"BreadcrumbList","@id":"https:\/\/repliquemangacine.fr\/epees-seigneur-des-anneaux\/glamdring-fourreau-epee-de-gandalf-lotr\/#breadcrumb","itemListElement":[{"@type":"ListItem","position":1,"name":"Accueil","item":"https:\/\/repliquemangacine.fr\/"},{"@type":"ListItem","position":2,"name":"Produits","item":"https:\/\/repliquemangacine.fr\/boutique\/"},{"@type":"ListItem","position":3,"name":"Glamdring Fourreau &#8211; Ep\u00e9e de Gandalf LOTR"}]},{"@type":"WebSite","@id":"https:\/\/repliquemangacine.fr\/#website","url":"https:\/\/repliquemangacine.fr\/","name":"R\u00e9plique Manga Cin\u00e9","description":"","publisher":{"@id":"https:\/\/repliquemangacine.fr\/#organization"},"potentialAction":[{"@type":"SearchAction","target":{"@type":"EntryPoint","urlTemplate":"https:\/\/repliquemangacine.fr\/?s={search_term_string}"},"query-input":{"@type":"PropertyValueSpecification","valueRequired":true,"valueName":"search_term_string"}}],"inLanguage":"de"},{"@type":"Organization","@id":"https:\/\/repliquemangacine.fr\/#organization","name":"R\u00e9plique Manga Cin\u00e9","url":"https:\/\/repliquemangacine.fr\/","logo":{"@type":"ImageObject","inLanguage":"de","@id":"https:\/\/repliquemangacine.fr\/#\/schema\/logo\/image\/","url":"https:\/\/repliquemangacine.fr\/wp-content\/uploads\/2023\/10\/RMC-500250.png","contentUrl":"https:\/\/repliquemangacine.fr\/wp-content\/uploads\/2023\/10\/RMC-500250.png","width":500,"height":250,"caption":"R\u00e9plique Manga Cin\u00e9"},"image":{"@id":"https:\/\/repliquemangacine.fr\/#\/schema\/logo\/image\/"},"sameAs":["https:\/\/www.facebook.com\/RepliqueMangaCine","https:\/\/www.instagram.com\/repliquemangacine.fr\/"]}]}},"_links":{"self":[{"href":"https:\/\/repliquemangacine.fr\/de\/wp-json\/wp\/v2\/product\/82976","targetHints":{"allow":["GET"]}}],"collection":[{"href":"https:\/\/repliquemangacine.fr\/de\/wp-json\/wp\/v2\/product"}],"about":[{"href":"https:\/\/repliquemangacine.fr\/de\/wp-json\/wp\/v2\/types\/product"}],"wp:featuredmedia":[{"embeddable":true,"href":"https:\/\/repliquemangacine.fr\/de\/wp-json\/wp\/v2\/media\/82977"}],"wp:attachment":[{"href":"https:\/\/repliquemangacine.fr\/de\/wp-json\/wp\/v2\/media?parent=82976"}],"wp:term":[{"taxonomy":"product_brand","embeddable":true,"href":"https:\/\/repliquemangacine.fr\/de\/wp-json\/wp\/v2\/product_brand?post=82976"},{"taxonomy":"product_cat","embeddable":true,"href":"https:\/\/repliquemangacine.fr\/de\/wp-json\/wp\/v2\/product_cat?post=82976"},{"taxonomy":"product_tag","embeddable":true,"href":"https:\/\/repliquemangacine.fr\/de\/wp-json\/wp\/v2\/product_tag?post=82976"}],"curies":[{"name":"wp","href":"https:\/\/api.w.org\/{rel}","templated":true}]}}