





{"id":82818,"date":"2025-03-17T19:19:15","date_gmt":"2025-03-17T18:19:15","guid":{"rendered":"https:\/\/repliquemangacine.fr\/?post_type=product&#038;p=82818"},"modified":"2025-11-13T01:19:50","modified_gmt":"2025-11-13T00:19:50","slug":"rogier-rapiere-elden-ring","status":"publish","type":"product","link":"https:\/\/repliquemangacine.fr\/de\/elden-ring\/rapiere-de-rogier-elden-ring\/","title":{"rendered":"Rogiers Rapier - Elden Ring"},"content":{"rendered":"<h2>Rogiers Rapier: Eine raffinierte und detaillierte Replik f\u00fcr Elden Ring-Fans<\/h2>\n<p>Tauchen Sie zun\u00e4chst in die Welt von Elden Ring mit dieser gro\u00dfartigen <strong>Rogiers Rapier<\/strong>. Eine originalgetreue Nachbildung der ikonischen Waffe des ber\u00fchmten Schwertmagiers. Die Klinge mit Hohlkehle aus rostfreiem Stahl wurde aus hochwertigen Materialien gefertigt und mit aufwendigen Gravuren versehen. Dies verleiht der Klinge einen authentischen und eleganten Touch. Der Heft aus vergoldetem Stahl verleiht der Klinge ein edles und majest\u00e4tisches Aussehen. In der Mitte des Griffs befindet sich ein roter Stein aus Kunstharz, ein charakteristisches Element, das die \u00c4sthetik des Griffs unterstreicht. Der Griff aus vergoldetem Vollstahl ist mit aufwendigen Gravuren verziert. Die Klinge ist mit einer Oberfl\u00e4che versehen, die der der sch\u00f6nsten Klingen aus dem Elden Ring-Universum w\u00fcrdig ist. Der Knauf aus vergoldetem Stahl mit seinem speziellen Design sorgt f\u00fcr einen harmonischen Abschluss. Das Rapier wird mit einer Scheide aus braunem Kunstleder und einem Gurt zum einfachen Tragen geliefert.<\/p>\n<h2>Rogiers Rapier: eine elegante Waffe, durchdrungen von Geheimnis und Magie<\/h2>\n<p>In der faszinierenden Welt von<a href=\"https:\/\/eldenring.fandom.com\/fr\/wiki\/Wiki_Elden_Ring\" target=\"_blank\" rel=\"noopener noreferrer\">Elden Ring<\/a>Rogiers Rapier ist mehr als nur eine Waffe. Es geh\u00f6rt Rogier, einem furchterregenden Schwertmagier, den er an der Tafelrunde, dem symboltr\u00e4chtigen Ort des Spiels, kennengelernt hat. Im Gegensatz zu anderen Klingen ist dieses Rapier so konzipiert, dass es Eleganz und magische Kraft vereint, was es zu einer einzigartigen Waffe macht. Seine Verwendung beruht auf einer raffinierten Kampftechnik, die pr\u00e4zise St\u00f6\u00dfe und m\u00e4chtige Verzauberungen miteinander verbindet. Dank ihrer mystischen Gravuren ist sie eng mit den Geheimnissen des Todesschicksals verbunden, das ein Schl\u00fcsselelement der Geschichte des Eldenrings ist. So verk\u00f6rpert sie nicht nur die Macht des Charakters Rogier, sondern auch den Einfluss der okkulten Kr\u00e4fte, die das Spiel durchziehen. Egal, ob Sie ein Anh\u00e4nger des Nahkampfs sind oder sich f\u00fcr den Elden Ring begeistern. Diese <strong>Rogiers Rapier<\/strong> ist ein Muss f\u00fcr jede anst\u00e4ndige Sammlung.<\/p>\n<h2>R\u00e9plique Manga Cin\u00e9: Eine gro\u00dfe Auswahl an mythischen Waffen, die vom Elden Ring und von Videospielen inspiriert sind.<\/h2>\n<p>Bei R\u00e9plique Manga Cin\u00e9 ehren wir die ikonischen Waffen aus Videospielen mit einer gro\u00dfen Auswahl an originalgetreuen und detaillierten Repliken. Zus\u00e4tzlich zu den <strong>Rogiers Rapier<\/strong>finden Sie auch den <a href=\"https:\/\/repliquemangacine.fr\/de\/katana-und-schwert-von-videospielen-andere-videospiele\/katana-moonveil-in-elden-ring\/\">Katana Moonveil<\/a>Eine mystische Klinge, die f\u00fcr ihre Schnelligkeit und ihre magischen Angriffe gesch\u00e4tzt wird. Auch die<a href=\"https:\/\/repliquemangacine.fr\/de\/katana-und-schwert-von-videospielen-andere-videospiele\/greatsword-epee-elden-ring\/\">Greatsword-Schwert<\/a>Das Symbol f\u00fcr rohe Kraft ist ein Muss f\u00fcr alle, die kolossale Waffen lieben. Dar\u00fcber hinaus ist das<a href=\"https:\/\/repliquemangacine.fr\/de\/katana-und-schwert-von-videospielen-andere-videospiele\/schwert-dark-moon-greatsword-elden-ring\/\">Schwert Dark Moon Greatsword<\/a>Der von der Mondenergie durchdrungene Saphir wird alle begeistern, die sich f\u00fcr Magie und alte Legenden interessieren. F\u00fcr diejenigen, die auf Beweglichkeit und Finesse Wert legen, ist der <a href=\"https:\/\/repliquemangacine.fr\/de\/katana-und-schwert-von-videospielen-andere-videospiele\/katana-uchigatana-elden-ring\/\">Katana Uchigatana<\/a> ist eine perfekte Wahl, die Geschwindigkeit und Pr\u00e4zision miteinander verbindet. Durchst\u00f6bern Sie unseren Katalog und finden Sie die perfekte Waffe, mit der Sie in die Welt Ihrer Lieblingsspiele eintauchen k\u00f6nnen. R\u00e9plique Manga Cin\u00e9 ist die Anlaufstelle f\u00fcr alle, die sich f\u00fcr Repliken von Mangas und Videospielen begeistern.<\/p>","protected":false},"excerpt":{"rendered":"<p>Wundersch\u00f6ne Replik von Rogiers Rapier im Elden Ring<\/p>\n<ul>\n<li>Hohlkehlenklinge aus rostfreiem Stahl mit Gravur<\/li>\n<li>Vergoldeter Ganzstahlschutz<\/li>\n<li>In der Mitte der Wache befindet sich ein roter Stein aus Harz.<\/li>\n<li>Vergoldeter Vollstahlgriff mit Gravuren.<\/li>\n<li>Speziell geformter Knauf aus vergoldetem Stahl.<\/li>\n<li>Wird mit seiner braunen Kunstlederscheide mit Geschirr zum Tragen des Schwertes geliefert.<\/li>\n<li>L\u00e4nge der Klinge: 69 cm - Gesamtl\u00e4nge; 94 cm<\/li>\n<li>Gewicht: 988 gr<\/li>\n<\/ul>","protected":false},"featured_media":82821,"template":"","meta":[],"product_brand":[896],"product_cat":[876,67],"product_tag":[],"class_list":{"0":"post-82818","1":"product","2":"type-product","3":"status-publish","4":"has-post-thumbnail","6":"product_brand-replique-manga-cine","7":"product_cat-elden-ring","8":"product_cat-katana-et-epee-de-jeux-video-autre-jeux-video","10":"first","11":"instock","12":"taxable","13":"shipping-taxable","14":"purchasable","15":"product-type-simple"},"yoast_head":"<!-- This site is optimized with the Yoast SEO plugin v27.5 - https:\/\/yoast.com\/product\/yoast-seo-wordpress\/ -->\n<title>Rapi\u00e8re de Rogier - Elden Ring - R\u00e9plique Manga Cin\u00e9<\/title>\n<meta name=\"description\" content=\"Venez d\u00e9couvrir cette superbe Rapi\u00e8re de Rogier dans Elden Ring. Lame en acier avec gravures. Garde en m\u00e9tal dor\u00e9 finement d\u00e9cor\u00e9e. Fourreau en simili cuir.\" \/>\n<meta name=\"robots\" content=\"index, follow, max-snippet:-1, max-image-preview:large, max-video-preview:-1\" \/>\n<link rel=\"canonical\" href=\"https:\/\/repliquemangacine.fr\/de\/elden-ring\/rogier-rapiere-elden-ring\/\" \/>\n<meta property=\"og:locale\" content=\"de_DE\" \/>\n<meta property=\"og:type\" content=\"article\" \/>\n<meta property=\"og:title\" content=\"Rapi\u00e8re de Rogier - Elden Ring - R\u00e9plique Manga Cin\u00e9\" \/>\n<meta property=\"og:description\" content=\"Venez d\u00e9couvrir cette superbe Rapi\u00e8re de Rogier dans Elden Ring. Lame en acier avec gravures. Garde en m\u00e9tal dor\u00e9 finement d\u00e9cor\u00e9e. Fourreau en simili cuir.\" \/>\n<meta property=\"og:url\" content=\"https:\/\/repliquemangacine.fr\/de\/elden-ring\/rogier-rapiere-elden-ring\/\" \/>\n<meta property=\"og:site_name\" content=\"R\u00e9plique Manga Cin\u00e9\" \/>\n<meta property=\"article:publisher\" content=\"https:\/\/www.facebook.com\/RepliqueMangaCine\" \/>\n<meta property=\"article:modified_time\" content=\"2025-11-13T00:19:50+00:00\" \/>\n<meta property=\"og:image\" content=\"https:\/\/repliquemangacine.fr\/wp-content\/uploads\/2025\/03\/rapiere-de-Rogier-dans-Elden-Ring.jpg\" \/>\n\t<meta property=\"og:image:width\" content=\"500\" \/>\n\t<meta property=\"og:image:height\" content=\"500\" \/>\n\t<meta property=\"og:image:type\" content=\"image\/jpeg\" \/>\n<meta name=\"twitter:card\" content=\"summary_large_image\" \/>\n<meta name=\"twitter:label1\" content=\"Gesch\u00e4tzte Lesezeit\" \/>\n\t<meta name=\"twitter:data1\" content=\"3\u00a0Minuten\" \/>\n<script type=\"application\/ld+json\" class=\"yoast-schema-graph\">{\"@context\":\"https:\\\/\\\/schema.org\",\"@graph\":[{\"@type\":\"WebPage\",\"@id\":\"https:\\\/\\\/repliquemangacine.fr\\\/elden-ring\\\/rapiere-de-rogier-elden-ring\\\/\",\"url\":\"https:\\\/\\\/repliquemangacine.fr\\\/elden-ring\\\/rapiere-de-rogier-elden-ring\\\/\",\"name\":\"Rapi\u00e8re de Rogier - Elden Ring - R\u00e9plique Manga Cin\u00e9\",\"isPartOf\":{\"@id\":\"https:\\\/\\\/repliquemangacine.fr\\\/#website\"},\"primaryImageOfPage\":{\"@id\":\"https:\\\/\\\/repliquemangacine.fr\\\/elden-ring\\\/rapiere-de-rogier-elden-ring\\\/#primaryimage\"},\"image\":{\"@id\":\"https:\\\/\\\/repliquemangacine.fr\\\/elden-ring\\\/rapiere-de-rogier-elden-ring\\\/#primaryimage\"},\"thumbnailUrl\":\"https:\\\/\\\/repliquemangacine.fr\\\/wp-content\\\/uploads\\\/2025\\\/03\\\/rapiere-de-Rogier-dans-Elden-Ring.jpg\",\"datePublished\":\"2025-03-17T18:19:15+00:00\",\"dateModified\":\"2025-11-13T00:19:50+00:00\",\"description\":\"Venez d\u00e9couvrir cette superbe Rapi\u00e8re de Rogier dans Elden Ring. Lame en acier avec gravures. Garde en m\u00e9tal dor\u00e9 finement d\u00e9cor\u00e9e. Fourreau en simili cuir.\",\"breadcrumb\":{\"@id\":\"https:\\\/\\\/repliquemangacine.fr\\\/elden-ring\\\/rapiere-de-rogier-elden-ring\\\/#breadcrumb\"},\"inLanguage\":\"de\",\"potentialAction\":[{\"@type\":\"ReadAction\",\"target\":[\"https:\\\/\\\/repliquemangacine.fr\\\/elden-ring\\\/rapiere-de-rogier-elden-ring\\\/\"]}]},{\"@type\":\"ImageObject\",\"inLanguage\":\"de\",\"@id\":\"https:\\\/\\\/repliquemangacine.fr\\\/elden-ring\\\/rapiere-de-rogier-elden-ring\\\/#primaryimage\",\"url\":\"https:\\\/\\\/repliquemangacine.fr\\\/wp-content\\\/uploads\\\/2025\\\/03\\\/rapiere-de-Rogier-dans-Elden-Ring.jpg\",\"contentUrl\":\"https:\\\/\\\/repliquemangacine.fr\\\/wp-content\\\/uploads\\\/2025\\\/03\\\/rapiere-de-Rogier-dans-Elden-Ring.jpg\",\"width\":500,\"height\":500,\"caption\":\"Rapi\u00e8re de Rogier dans Elden Ring\"},{\"@type\":\"BreadcrumbList\",\"@id\":\"https:\\\/\\\/repliquemangacine.fr\\\/elden-ring\\\/rapiere-de-rogier-elden-ring\\\/#breadcrumb\",\"itemListElement\":[{\"@type\":\"ListItem\",\"position\":1,\"name\":\"Accueil\",\"item\":\"https:\\\/\\\/repliquemangacine.fr\\\/\"},{\"@type\":\"ListItem\",\"position\":2,\"name\":\"Produits\",\"item\":\"https:\\\/\\\/repliquemangacine.fr\\\/boutique\\\/\"},{\"@type\":\"ListItem\",\"position\":3,\"name\":\"Rapi\u00e8re de Rogier &#8211; Elden Ring\"}]},{\"@type\":\"WebSite\",\"@id\":\"https:\\\/\\\/repliquemangacine.fr\\\/#website\",\"url\":\"https:\\\/\\\/repliquemangacine.fr\\\/\",\"name\":\"R\u00e9plique Manga Cin\u00e9\",\"description\":\"\",\"publisher\":{\"@id\":\"https:\\\/\\\/repliquemangacine.fr\\\/#organization\"},\"potentialAction\":[{\"@type\":\"SearchAction\",\"target\":{\"@type\":\"EntryPoint\",\"urlTemplate\":\"https:\\\/\\\/repliquemangacine.fr\\\/?s={search_term_string}\"},\"query-input\":{\"@type\":\"PropertyValueSpecification\",\"valueRequired\":true,\"valueName\":\"search_term_string\"}}],\"inLanguage\":\"de\"},{\"@type\":\"Organization\",\"@id\":\"https:\\\/\\\/repliquemangacine.fr\\\/#organization\",\"name\":\"R\u00e9plique Manga Cin\u00e9\",\"url\":\"https:\\\/\\\/repliquemangacine.fr\\\/\",\"logo\":{\"@type\":\"ImageObject\",\"inLanguage\":\"de\",\"@id\":\"https:\\\/\\\/repliquemangacine.fr\\\/#\\\/schema\\\/logo\\\/image\\\/\",\"url\":\"https:\\\/\\\/repliquemangacine.fr\\\/wp-content\\\/uploads\\\/2023\\\/10\\\/RMC-500250.png\",\"contentUrl\":\"https:\\\/\\\/repliquemangacine.fr\\\/wp-content\\\/uploads\\\/2023\\\/10\\\/RMC-500250.png\",\"width\":500,\"height\":250,\"caption\":\"R\u00e9plique Manga Cin\u00e9\"},\"image\":{\"@id\":\"https:\\\/\\\/repliquemangacine.fr\\\/#\\\/schema\\\/logo\\\/image\\\/\"},\"sameAs\":[\"https:\\\/\\\/www.facebook.com\\\/RepliqueMangaCine\",\"https:\\\/\\\/www.instagram.com\\\/repliquemangacine.fr\\\/\"]}]}<\/script>\n<!-- \/ Yoast SEO plugin. -->","yoast_head_json":{"title":"Rogiers Rapier - Elden Ring - R\u00e9plique Manga Cin\u00e9","description":"Erleben Sie dieses wundersch\u00f6ne Rogier-Rapier im Elden Ring. Klinge aus Stahl mit \u00c4tzungen. Fein verzierter, vergoldeter Metallb\u00fcgel. Scheide aus Kunstleder.","robots":{"index":"index","follow":"follow","max-snippet":"max-snippet:-1","max-image-preview":"max-image-preview:large","max-video-preview":"max-video-preview:-1"},"canonical":"https:\/\/repliquemangacine.fr\/de\/elden-ring\/rogier-rapiere-elden-ring\/","og_locale":"de_DE","og_type":"article","og_title":"Rapi\u00e8re de Rogier - Elden Ring - R\u00e9plique Manga Cin\u00e9","og_description":"Venez d\u00e9couvrir cette superbe Rapi\u00e8re de Rogier dans Elden Ring. Lame en acier avec gravures. Garde en m\u00e9tal dor\u00e9 finement d\u00e9cor\u00e9e. Fourreau en simili cuir.","og_url":"https:\/\/repliquemangacine.fr\/de\/elden-ring\/rogier-rapiere-elden-ring\/","og_site_name":"R\u00e9plique Manga Cin\u00e9","article_publisher":"https:\/\/www.facebook.com\/RepliqueMangaCine","article_modified_time":"2025-11-13T00:19:50+00:00","og_image":[{"width":500,"height":500,"url":"https:\/\/repliquemangacine.fr\/wp-content\/uploads\/2025\/03\/rapiere-de-Rogier-dans-Elden-Ring.jpg","type":"image\/jpeg"}],"twitter_card":"summary_large_image","twitter_misc":{"Gesch\u00e4tzte Lesezeit":"3\u00a0Minuten"},"schema":{"@context":"https:\/\/schema.org","@graph":[{"@type":"WebPage","@id":"https:\/\/repliquemangacine.fr\/elden-ring\/rapiere-de-rogier-elden-ring\/","url":"https:\/\/repliquemangacine.fr\/elden-ring\/rapiere-de-rogier-elden-ring\/","name":"Rogiers Rapier - Elden Ring - R\u00e9plique Manga Cin\u00e9","isPartOf":{"@id":"https:\/\/repliquemangacine.fr\/#website"},"primaryImageOfPage":{"@id":"https:\/\/repliquemangacine.fr\/elden-ring\/rapiere-de-rogier-elden-ring\/#primaryimage"},"image":{"@id":"https:\/\/repliquemangacine.fr\/elden-ring\/rapiere-de-rogier-elden-ring\/#primaryimage"},"thumbnailUrl":"https:\/\/repliquemangacine.fr\/wp-content\/uploads\/2025\/03\/rapiere-de-Rogier-dans-Elden-Ring.jpg","datePublished":"2025-03-17T18:19:15+00:00","dateModified":"2025-11-13T00:19:50+00:00","description":"Erleben Sie dieses wundersch\u00f6ne Rogier-Rapier im Elden Ring. Klinge aus Stahl mit \u00c4tzungen. Fein verzierter, vergoldeter Metallb\u00fcgel. Scheide aus Kunstleder.","breadcrumb":{"@id":"https:\/\/repliquemangacine.fr\/elden-ring\/rapiere-de-rogier-elden-ring\/#breadcrumb"},"inLanguage":"de","potentialAction":[{"@type":"ReadAction","target":["https:\/\/repliquemangacine.fr\/elden-ring\/rapiere-de-rogier-elden-ring\/"]}]},{"@type":"ImageObject","inLanguage":"de","@id":"https:\/\/repliquemangacine.fr\/elden-ring\/rapiere-de-rogier-elden-ring\/#primaryimage","url":"https:\/\/repliquemangacine.fr\/wp-content\/uploads\/2025\/03\/rapiere-de-Rogier-dans-Elden-Ring.jpg","contentUrl":"https:\/\/repliquemangacine.fr\/wp-content\/uploads\/2025\/03\/rapiere-de-Rogier-dans-Elden-Ring.jpg","width":500,"height":500,"caption":"Rapi\u00e8re de Rogier dans Elden Ring"},{"@type":"BreadcrumbList","@id":"https:\/\/repliquemangacine.fr\/elden-ring\/rapiere-de-rogier-elden-ring\/#breadcrumb","itemListElement":[{"@type":"ListItem","position":1,"name":"Accueil","item":"https:\/\/repliquemangacine.fr\/"},{"@type":"ListItem","position":2,"name":"Produits","item":"https:\/\/repliquemangacine.fr\/boutique\/"},{"@type":"ListItem","position":3,"name":"Rapi\u00e8re de Rogier &#8211; Elden Ring"}]},{"@type":"WebSite","@id":"https:\/\/repliquemangacine.fr\/#website","url":"https:\/\/repliquemangacine.fr\/","name":"R\u00e9plique Manga Cin\u00e9","description":"","publisher":{"@id":"https:\/\/repliquemangacine.fr\/#organization"},"potentialAction":[{"@type":"SearchAction","target":{"@type":"EntryPoint","urlTemplate":"https:\/\/repliquemangacine.fr\/?s={search_term_string}"},"query-input":{"@type":"PropertyValueSpecification","valueRequired":true,"valueName":"search_term_string"}}],"inLanguage":"de"},{"@type":"Organization","@id":"https:\/\/repliquemangacine.fr\/#organization","name":"R\u00e9plique Manga Cin\u00e9","url":"https:\/\/repliquemangacine.fr\/","logo":{"@type":"ImageObject","inLanguage":"de","@id":"https:\/\/repliquemangacine.fr\/#\/schema\/logo\/image\/","url":"https:\/\/repliquemangacine.fr\/wp-content\/uploads\/2023\/10\/RMC-500250.png","contentUrl":"https:\/\/repliquemangacine.fr\/wp-content\/uploads\/2023\/10\/RMC-500250.png","width":500,"height":250,"caption":"R\u00e9plique Manga Cin\u00e9"},"image":{"@id":"https:\/\/repliquemangacine.fr\/#\/schema\/logo\/image\/"},"sameAs":["https:\/\/www.facebook.com\/RepliqueMangaCine","https:\/\/www.instagram.com\/repliquemangacine.fr\/"]}]}},"_links":{"self":[{"href":"https:\/\/repliquemangacine.fr\/de\/wp-json\/wp\/v2\/product\/82818","targetHints":{"allow":["GET"]}}],"collection":[{"href":"https:\/\/repliquemangacine.fr\/de\/wp-json\/wp\/v2\/product"}],"about":[{"href":"https:\/\/repliquemangacine.fr\/de\/wp-json\/wp\/v2\/types\/product"}],"wp:featuredmedia":[{"embeddable":true,"href":"https:\/\/repliquemangacine.fr\/de\/wp-json\/wp\/v2\/media\/82821"}],"wp:attachment":[{"href":"https:\/\/repliquemangacine.fr\/de\/wp-json\/wp\/v2\/media?parent=82818"}],"wp:term":[{"taxonomy":"product_brand","embeddable":true,"href":"https:\/\/repliquemangacine.fr\/de\/wp-json\/wp\/v2\/product_brand?post=82818"},{"taxonomy":"product_cat","embeddable":true,"href":"https:\/\/repliquemangacine.fr\/de\/wp-json\/wp\/v2\/product_cat?post=82818"},{"taxonomy":"product_tag","embeddable":true,"href":"https:\/\/repliquemangacine.fr\/de\/wp-json\/wp\/v2\/product_tag?post=82818"}],"curies":[{"name":"wp","href":"https:\/\/api.w.org\/{rel}","templated":true}]}}