





{"id":82741,"date":"2025-03-14T17:49:20","date_gmt":"2025-03-14T16:49:20","guid":{"rendered":"https:\/\/repliquemangacine.fr\/?post_type=product&#038;p=82741"},"modified":"2026-02-24T10:29:56","modified_gmt":"2026-02-24T09:29:56","slug":"metal-mjollnir-mit-led-hammer-von-thor-leuchtet","status":"publish","type":"product","link":"https:\/\/repliquemangacine.fr\/de\/super-heros-marvel\/mjollnir-en-metal-avec-leds-marteau-de-thor-lumineux\/","title":{"rendered":"Mj\u00f6llnir aus Metall mit Leds"},"content":{"rendered":"<h2>Mj\u00f6llnir aus Metall mit LEDs: eine beeindruckende Nachbildung f\u00fcr Thor-Fans<\/h2>\n<p>Tauchen Sie zun\u00e4chst in die Welt ein <a href=\"https:\/\/marvel.fandom.com\/fr\/wiki\/Marvel_Wiki\" target=\"_blank\" rel=\"noopener noreferrer\">von Superhelden<\/a> mit dieser au\u00dfergew\u00f6hnlichen Replik des Mj\u00f6llnir aus Metall mit Leds, Thors legend\u00e4rem Hammer. Dieses Modell aus Metall hat einen auff\u00e4lligen Risseffekt, der durch LEDs beleuchtet wird. Mit einem unauff\u00e4lligen Ein-\/Ausschalter am Griff l\u00e4sst sich die Beleuchtung ganz einfach aktivieren. Der Hammer bietet drei Leuchtmodi, die perfekt sind, um in die Materie einzutauchen. Der verzierte Metallgriff mit einem Riemen aus Kunstleder sorgt f\u00fcr einen authentischen Griff. Mit einem Gewicht von 3,7 kg und einer L\u00e4nge von 45 cm bietet diese Replik eine imposante Pr\u00e4senz. Mj\u00f6llnir steht auf einem geformten, leuchtenden und mit Rissen verzierten ABS-Sockel. Dieser Sockel wird mit drei Batterien (nicht im Lieferumfang enthalten) betrieben, um eine noch spektakul\u00e4rere Optik zu erzielen. Der Thor-Hammer wird mit einer Fernbedienung und einem USB-Kabel geliefert, um ein einfaches Aufladen und eine lange Nutzungsdauer zu gew\u00e4hrleisten.<\/p>\n<h2>Ein legend\u00e4rer Hammer, der von Thor und Jane Foster im Marvel-Universum geschwungen wird<\/h2>\n<p>Mj\u00f6llnir ist nicht nur eine Waffe, sondern auch ein Symbol f\u00fcr Macht und G\u00f6ttlichkeit. Von den Zwergen Asgards aus dem Metall Uru geschmiedet, war dieser Hammer die symbolische Waffe von Thor, dem Gott des Donners. Mit ihm kanalisiert Thor die Kraft der Blitze und verteidigt Asgard gegen seine Feinde. Nur wer w\u00fcrdig ist, kann Mj\u00f6llnir heben, was ihn zu einem heiligen Artefakt macht. In dem Film Thor: Love and Thunder wird Thors Liebe Jane Foster zu Mighty Thor, indem sie den legend\u00e4ren Hammer schwingt. Der zerbrochene und wieder geschmiedete Mj\u00f6llnir verleiht ihm g\u00f6ttliche Kraft und die F\u00e4higkeit, seine Fragmente als furchterregende Geschosse zu verschie\u00dfen. Diese Metallreplik mit LEDs f\u00e4ngt die ganze Erhabenheit dieser mythischen Waffe ein. Ob Sie nun ein Fan von Thor oder Mighty Thor sind, dieser Hammer ist ein Muss, um Ihre Sammlung zu bereichern.<\/p>\n<h2>Erkunden Sie das Marvel-Universum mit legend\u00e4ren, detaillierten Nachbildungen<\/h2>\n<p>Zun\u00e4chst einmal ist dieser Hammer von Thor nur einer der Sch\u00e4tze in Ihrer Sammlung. Finden Sie auch die <a href=\"https:\/\/repliquemangacine.fr\/de\/marvel-super-heros\/dolche-von-drax-die-wachter-der-galaxis\/\">ikonische Dolche von Drax<\/a>und ihre Scheide aus Guardians of the Galaxy. F\u00fcr Liebhaber mythischer Gegenst\u00e4nde ist das <a href=\"https:\/\/repliquemangacine.fr\/de\/marvel-super-heros\/dreizack-daquaman-210-cm-metal\/\">Aquamans Dreizack<\/a> aus Metall mit einer L\u00e4nge von 210 cm ist ein imposantes St\u00fcck. Es gibt auch den<a href=\"https:\/\/repliquemangacine.fr\/de\/marvel-super-heros\/agamotto-auge-amulett-anhanger-dr-strange\/\">Agamottos Auge<\/a> von Doktor Strange, der dem magischen Artefakt aus dem Film treu geblieben ist, vervollst\u00e4ndigt die Kollektion. Nicht zu vergessen Captain Americas legend\u00e4res Schild, ein Symbol f\u00fcr St\u00e4rke und Tapferkeit. Jedes St\u00fcck ist aus hochwertigen Materialien gefertigt, die f\u00fcr eine au\u00dfergew\u00f6hnliche Optik sorgen. Ob Sie nun Sammler oder Enthusiast sind, diese Repliken verleihen Ihrem Universum eine einzigartige Dimension. Abschlie\u00dfend lassen Sie sich auf das Abenteuer ein und bereichern Sie Ihre Sammlung mit ikonischen Objekten der gr\u00f6\u00dften Helden.<\/p>","protected":false},"excerpt":{"rendered":"<p>Wundersch\u00f6ne inoffizielle Nachbildung des Mj\u00f6llnir aus Metall mit Leds von Thor aus dem Marvel-Universum<\/p>\n<ul>\n<li>Hammerkopf ganz aus Metall mit Risseffekt und Led-Beleuchtung.<\/li>\n<li>Ein-\/Ausschalter am Kopf auf H\u00f6he des Griffs<\/li>\n<li>Der Hammer hat 3 M\u00f6glichkeiten der Led-Funktion<\/li>\n<li>Verzierter Metallgriff mit Riemen aus Kunstleder<\/li>\n<li>Pr\u00e4sentationssockel aus geformtem ABS mit Rissen auch beleuchtet, funktioniert mit 3 Batterien (nicht im Lieferumfang enthalten)<\/li>\n<li>Fernbedienung und USB-Kabel zum Laden des Hammers<\/li>\n<li>Abmessungen des Kopfes: 23 cm Breite X 13.5 Tiefe<\/li>\n<li>Gesamtl\u00e4nge ohne Riemen 45 cm<\/li>\n<li>Gewicht: 3.7 kg<\/li>\n<\/ul>","protected":false},"featured_media":82745,"template":"","meta":[],"product_brand":[896],"product_cat":[59],"product_tag":[],"class_list":{"0":"post-82741","1":"product","2":"type-product","3":"status-publish","4":"has-post-thumbnail","6":"product_brand-replique-manga-cine","7":"product_cat-super-heros-marvel","9":"first","10":"instock","11":"taxable","12":"shipping-taxable","13":"purchasable","14":"product-type-simple"},"yoast_head":"<!-- This site is optimized with the Yoast SEO plugin v27.5 - https:\/\/yoast.com\/product\/yoast-seo-wordpress\/ -->\n<title>Mj\u00f6llnir en m\u00e9tal avec Leds - R\u00e9plique Manga Cin\u00e9<\/title>\n<meta name=\"description\" content=\"Magnifique ce marteau de Thor, Mj\u00f6llnir en m\u00e9tal avec Leds. 3 possibilit\u00e9s de fonction LED. Livr\u00e9 avec son support led, t\u00e9l\u00e9commande et fil USB. 3.7kg\" \/>\n<meta name=\"robots\" content=\"index, follow, max-snippet:-1, max-image-preview:large, max-video-preview:-1\" \/>\n<link rel=\"canonical\" href=\"https:\/\/repliquemangacine.fr\/de\/marvel-super-heros\/metal-mjollnir-mit-led-hammer-von-thor-leuchtet\/\" \/>\n<meta property=\"og:locale\" content=\"de_DE\" \/>\n<meta property=\"og:type\" content=\"article\" \/>\n<meta property=\"og:title\" content=\"Mj\u00f6llnir en m\u00e9tal avec Leds - R\u00e9plique Manga Cin\u00e9\" \/>\n<meta property=\"og:description\" content=\"Magnifique ce marteau de Thor, Mj\u00f6llnir en m\u00e9tal avec Leds. 3 possibilit\u00e9s de fonction LED. Livr\u00e9 avec son support led, t\u00e9l\u00e9commande et fil USB. 3.7kg\" \/>\n<meta property=\"og:url\" content=\"https:\/\/repliquemangacine.fr\/de\/marvel-super-heros\/metal-mjollnir-mit-led-hammer-von-thor-leuchtet\/\" \/>\n<meta property=\"og:site_name\" content=\"R\u00e9plique Manga Cin\u00e9\" \/>\n<meta property=\"article:publisher\" content=\"https:\/\/www.facebook.com\/RepliqueMangaCine\" \/>\n<meta property=\"article:modified_time\" content=\"2026-02-24T09:29:56+00:00\" \/>\n<meta property=\"og:image\" content=\"https:\/\/repliquemangacine.fr\/wp-content\/uploads\/2025\/03\/Mjollnir-en-metal-avec-Leds-sur-socle.jpg\" \/>\n\t<meta property=\"og:image:width\" content=\"500\" \/>\n\t<meta property=\"og:image:height\" content=\"500\" \/>\n\t<meta property=\"og:image:type\" content=\"image\/jpeg\" \/>\n<meta name=\"twitter:card\" content=\"summary_large_image\" \/>\n<meta name=\"twitter:label1\" content=\"Gesch\u00e4tzte Lesezeit\" \/>\n\t<meta name=\"twitter:data1\" content=\"3\u00a0Minuten\" \/>\n<script type=\"application\/ld+json\" class=\"yoast-schema-graph\">{\"@context\":\"https:\\\/\\\/schema.org\",\"@graph\":[{\"@type\":\"WebPage\",\"@id\":\"https:\\\/\\\/repliquemangacine.fr\\\/super-heros-marvel\\\/mjollnir-en-metal-avec-leds-marteau-de-thor-lumineux\\\/\",\"url\":\"https:\\\/\\\/repliquemangacine.fr\\\/super-heros-marvel\\\/mjollnir-en-metal-avec-leds-marteau-de-thor-lumineux\\\/\",\"name\":\"Mj\u00f6llnir en m\u00e9tal avec Leds - R\u00e9plique Manga Cin\u00e9\",\"isPartOf\":{\"@id\":\"https:\\\/\\\/repliquemangacine.fr\\\/#website\"},\"primaryImageOfPage\":{\"@id\":\"https:\\\/\\\/repliquemangacine.fr\\\/super-heros-marvel\\\/mjollnir-en-metal-avec-leds-marteau-de-thor-lumineux\\\/#primaryimage\"},\"image\":{\"@id\":\"https:\\\/\\\/repliquemangacine.fr\\\/super-heros-marvel\\\/mjollnir-en-metal-avec-leds-marteau-de-thor-lumineux\\\/#primaryimage\"},\"thumbnailUrl\":\"https:\\\/\\\/repliquemangacine.fr\\\/wp-content\\\/uploads\\\/2025\\\/03\\\/Mjollnir-en-metal-avec-Leds-sur-socle.jpg\",\"datePublished\":\"2025-03-14T16:49:20+00:00\",\"dateModified\":\"2026-02-24T09:29:56+00:00\",\"description\":\"Magnifique ce marteau de Thor, Mj\u00f6llnir en m\u00e9tal avec Leds. 3 possibilit\u00e9s de fonction LED. Livr\u00e9 avec son support led, t\u00e9l\u00e9commande et fil USB. 3.7kg\",\"breadcrumb\":{\"@id\":\"https:\\\/\\\/repliquemangacine.fr\\\/super-heros-marvel\\\/mjollnir-en-metal-avec-leds-marteau-de-thor-lumineux\\\/#breadcrumb\"},\"inLanguage\":\"de\",\"potentialAction\":[{\"@type\":\"ReadAction\",\"target\":[\"https:\\\/\\\/repliquemangacine.fr\\\/super-heros-marvel\\\/mjollnir-en-metal-avec-leds-marteau-de-thor-lumineux\\\/\"]}]},{\"@type\":\"ImageObject\",\"inLanguage\":\"de\",\"@id\":\"https:\\\/\\\/repliquemangacine.fr\\\/super-heros-marvel\\\/mjollnir-en-metal-avec-leds-marteau-de-thor-lumineux\\\/#primaryimage\",\"url\":\"https:\\\/\\\/repliquemangacine.fr\\\/wp-content\\\/uploads\\\/2025\\\/03\\\/Mjollnir-en-metal-avec-Leds-sur-socle.jpg\",\"contentUrl\":\"https:\\\/\\\/repliquemangacine.fr\\\/wp-content\\\/uploads\\\/2025\\\/03\\\/Mjollnir-en-metal-avec-Leds-sur-socle.jpg\",\"width\":500,\"height\":500,\"caption\":\"Mj\u00f6llnir en m\u00e9tal avec Leds Marteau de Thor\"},{\"@type\":\"BreadcrumbList\",\"@id\":\"https:\\\/\\\/repliquemangacine.fr\\\/super-heros-marvel\\\/mjollnir-en-metal-avec-leds-marteau-de-thor-lumineux\\\/#breadcrumb\",\"itemListElement\":[{\"@type\":\"ListItem\",\"position\":1,\"name\":\"Accueil\",\"item\":\"https:\\\/\\\/repliquemangacine.fr\\\/\"},{\"@type\":\"ListItem\",\"position\":2,\"name\":\"Produits\",\"item\":\"https:\\\/\\\/repliquemangacine.fr\\\/boutique\\\/\"},{\"@type\":\"ListItem\",\"position\":3,\"name\":\"Mj\u00f6llnir en m\u00e9tal avec Leds\"}]},{\"@type\":\"WebSite\",\"@id\":\"https:\\\/\\\/repliquemangacine.fr\\\/#website\",\"url\":\"https:\\\/\\\/repliquemangacine.fr\\\/\",\"name\":\"R\u00e9plique Manga Cin\u00e9\",\"description\":\"\",\"publisher\":{\"@id\":\"https:\\\/\\\/repliquemangacine.fr\\\/#organization\"},\"potentialAction\":[{\"@type\":\"SearchAction\",\"target\":{\"@type\":\"EntryPoint\",\"urlTemplate\":\"https:\\\/\\\/repliquemangacine.fr\\\/?s={search_term_string}\"},\"query-input\":{\"@type\":\"PropertyValueSpecification\",\"valueRequired\":true,\"valueName\":\"search_term_string\"}}],\"inLanguage\":\"de\"},{\"@type\":\"Organization\",\"@id\":\"https:\\\/\\\/repliquemangacine.fr\\\/#organization\",\"name\":\"R\u00e9plique Manga Cin\u00e9\",\"url\":\"https:\\\/\\\/repliquemangacine.fr\\\/\",\"logo\":{\"@type\":\"ImageObject\",\"inLanguage\":\"de\",\"@id\":\"https:\\\/\\\/repliquemangacine.fr\\\/#\\\/schema\\\/logo\\\/image\\\/\",\"url\":\"https:\\\/\\\/repliquemangacine.fr\\\/wp-content\\\/uploads\\\/2023\\\/10\\\/RMC-500250.png\",\"contentUrl\":\"https:\\\/\\\/repliquemangacine.fr\\\/wp-content\\\/uploads\\\/2023\\\/10\\\/RMC-500250.png\",\"width\":500,\"height\":250,\"caption\":\"R\u00e9plique Manga Cin\u00e9\"},\"image\":{\"@id\":\"https:\\\/\\\/repliquemangacine.fr\\\/#\\\/schema\\\/logo\\\/image\\\/\"},\"sameAs\":[\"https:\\\/\\\/www.facebook.com\\\/RepliqueMangaCine\",\"https:\\\/\\\/www.instagram.com\\\/repliquemangacine.fr\\\/\"]}]}<\/script>\n<!-- \/ Yoast SEO plugin. -->","yoast_head_json":{"title":"Mj\u00f6llnir aus Metall mit Leds - R\u00e9plique Manga Cin\u00e9","description":"Wundersch\u00f6ner Hammer von Thor, Mj\u00f6llnir aus Metall mit Leds. 3 M\u00f6glichkeiten der LED-Funktion. Wird mit Led-Halterung, Fernbedienung und USB-Kabel geliefert. 3.7kg","robots":{"index":"index","follow":"follow","max-snippet":"max-snippet:-1","max-image-preview":"max-image-preview:large","max-video-preview":"max-video-preview:-1"},"canonical":"https:\/\/repliquemangacine.fr\/de\/marvel-super-heros\/metal-mjollnir-mit-led-hammer-von-thor-leuchtet\/","og_locale":"de_DE","og_type":"article","og_title":"Mj\u00f6llnir en m\u00e9tal avec Leds - R\u00e9plique Manga Cin\u00e9","og_description":"Magnifique ce marteau de Thor, Mj\u00f6llnir en m\u00e9tal avec Leds. 3 possibilit\u00e9s de fonction LED. Livr\u00e9 avec son support led, t\u00e9l\u00e9commande et fil USB. 3.7kg","og_url":"https:\/\/repliquemangacine.fr\/de\/marvel-super-heros\/metal-mjollnir-mit-led-hammer-von-thor-leuchtet\/","og_site_name":"R\u00e9plique Manga Cin\u00e9","article_publisher":"https:\/\/www.facebook.com\/RepliqueMangaCine","article_modified_time":"2026-02-24T09:29:56+00:00","og_image":[{"width":500,"height":500,"url":"https:\/\/repliquemangacine.fr\/wp-content\/uploads\/2025\/03\/Mjollnir-en-metal-avec-Leds-sur-socle.jpg","type":"image\/jpeg"}],"twitter_card":"summary_large_image","twitter_misc":{"Gesch\u00e4tzte Lesezeit":"3\u00a0Minuten"},"schema":{"@context":"https:\/\/schema.org","@graph":[{"@type":"WebPage","@id":"https:\/\/repliquemangacine.fr\/super-heros-marvel\/mjollnir-en-metal-avec-leds-marteau-de-thor-lumineux\/","url":"https:\/\/repliquemangacine.fr\/super-heros-marvel\/mjollnir-en-metal-avec-leds-marteau-de-thor-lumineux\/","name":"Mj\u00f6llnir aus Metall mit Leds - R\u00e9plique Manga Cin\u00e9","isPartOf":{"@id":"https:\/\/repliquemangacine.fr\/#website"},"primaryImageOfPage":{"@id":"https:\/\/repliquemangacine.fr\/super-heros-marvel\/mjollnir-en-metal-avec-leds-marteau-de-thor-lumineux\/#primaryimage"},"image":{"@id":"https:\/\/repliquemangacine.fr\/super-heros-marvel\/mjollnir-en-metal-avec-leds-marteau-de-thor-lumineux\/#primaryimage"},"thumbnailUrl":"https:\/\/repliquemangacine.fr\/wp-content\/uploads\/2025\/03\/Mjollnir-en-metal-avec-Leds-sur-socle.jpg","datePublished":"2025-03-14T16:49:20+00:00","dateModified":"2026-02-24T09:29:56+00:00","description":"Wundersch\u00f6ner Hammer von Thor, Mj\u00f6llnir aus Metall mit Leds. 3 M\u00f6glichkeiten der LED-Funktion. Wird mit Led-Halterung, Fernbedienung und USB-Kabel geliefert. 3.7kg","breadcrumb":{"@id":"https:\/\/repliquemangacine.fr\/super-heros-marvel\/mjollnir-en-metal-avec-leds-marteau-de-thor-lumineux\/#breadcrumb"},"inLanguage":"de","potentialAction":[{"@type":"ReadAction","target":["https:\/\/repliquemangacine.fr\/super-heros-marvel\/mjollnir-en-metal-avec-leds-marteau-de-thor-lumineux\/"]}]},{"@type":"ImageObject","inLanguage":"de","@id":"https:\/\/repliquemangacine.fr\/super-heros-marvel\/mjollnir-en-metal-avec-leds-marteau-de-thor-lumineux\/#primaryimage","url":"https:\/\/repliquemangacine.fr\/wp-content\/uploads\/2025\/03\/Mjollnir-en-metal-avec-Leds-sur-socle.jpg","contentUrl":"https:\/\/repliquemangacine.fr\/wp-content\/uploads\/2025\/03\/Mjollnir-en-metal-avec-Leds-sur-socle.jpg","width":500,"height":500,"caption":"Mj\u00f6llnir en m\u00e9tal avec Leds Marteau de Thor"},{"@type":"BreadcrumbList","@id":"https:\/\/repliquemangacine.fr\/super-heros-marvel\/mjollnir-en-metal-avec-leds-marteau-de-thor-lumineux\/#breadcrumb","itemListElement":[{"@type":"ListItem","position":1,"name":"Accueil","item":"https:\/\/repliquemangacine.fr\/"},{"@type":"ListItem","position":2,"name":"Produits","item":"https:\/\/repliquemangacine.fr\/boutique\/"},{"@type":"ListItem","position":3,"name":"Mj\u00f6llnir en m\u00e9tal avec Leds"}]},{"@type":"WebSite","@id":"https:\/\/repliquemangacine.fr\/#website","url":"https:\/\/repliquemangacine.fr\/","name":"R\u00e9plique Manga Cin\u00e9","description":"","publisher":{"@id":"https:\/\/repliquemangacine.fr\/#organization"},"potentialAction":[{"@type":"SearchAction","target":{"@type":"EntryPoint","urlTemplate":"https:\/\/repliquemangacine.fr\/?s={search_term_string}"},"query-input":{"@type":"PropertyValueSpecification","valueRequired":true,"valueName":"search_term_string"}}],"inLanguage":"de"},{"@type":"Organization","@id":"https:\/\/repliquemangacine.fr\/#organization","name":"R\u00e9plique Manga Cin\u00e9","url":"https:\/\/repliquemangacine.fr\/","logo":{"@type":"ImageObject","inLanguage":"de","@id":"https:\/\/repliquemangacine.fr\/#\/schema\/logo\/image\/","url":"https:\/\/repliquemangacine.fr\/wp-content\/uploads\/2023\/10\/RMC-500250.png","contentUrl":"https:\/\/repliquemangacine.fr\/wp-content\/uploads\/2023\/10\/RMC-500250.png","width":500,"height":250,"caption":"R\u00e9plique Manga Cin\u00e9"},"image":{"@id":"https:\/\/repliquemangacine.fr\/#\/schema\/logo\/image\/"},"sameAs":["https:\/\/www.facebook.com\/RepliqueMangaCine","https:\/\/www.instagram.com\/repliquemangacine.fr\/"]}]}},"_links":{"self":[{"href":"https:\/\/repliquemangacine.fr\/de\/wp-json\/wp\/v2\/product\/82741","targetHints":{"allow":["GET"]}}],"collection":[{"href":"https:\/\/repliquemangacine.fr\/de\/wp-json\/wp\/v2\/product"}],"about":[{"href":"https:\/\/repliquemangacine.fr\/de\/wp-json\/wp\/v2\/types\/product"}],"wp:featuredmedia":[{"embeddable":true,"href":"https:\/\/repliquemangacine.fr\/de\/wp-json\/wp\/v2\/media\/82745"}],"wp:attachment":[{"href":"https:\/\/repliquemangacine.fr\/de\/wp-json\/wp\/v2\/media?parent=82741"}],"wp:term":[{"taxonomy":"product_brand","embeddable":true,"href":"https:\/\/repliquemangacine.fr\/de\/wp-json\/wp\/v2\/product_brand?post=82741"},{"taxonomy":"product_cat","embeddable":true,"href":"https:\/\/repliquemangacine.fr\/de\/wp-json\/wp\/v2\/product_cat?post=82741"},{"taxonomy":"product_tag","embeddable":true,"href":"https:\/\/repliquemangacine.fr\/de\/wp-json\/wp\/v2\/product_tag?post=82741"}],"curies":[{"name":"wp","href":"https:\/\/api.w.org\/{rel}","templated":true}]}}