





{"id":82583,"date":"2025-03-09T17:55:52","date_gmt":"2025-03-09T16:55:52","guid":{"rendered":"https:\/\/repliquemangacine.fr\/?post_type=product&#038;p=82583"},"modified":"2025-11-13T01:21:50","modified_gmt":"2025-11-13T00:21:50","slug":"katana-shodei-kitetsu-one-piece","status":"publish","type":"product","link":"https:\/\/repliquemangacine.fr\/de\/katana-en-metal-one-piece\/katana-shodei-kitetsu-one-piece\/","title":{"rendered":"Katana Shodei Kitetsu - One Piece"},"content":{"rendered":"<h2>Entdecken Sie das Katana Shodei Kitetsu, die mythische Klinge der Gorosei<\/h2>\n<p>Lassen Sie sich zun\u00e4chst vom legend\u00e4ren <strong>Katana Shodei Kitetsu<\/strong>, das von Gandhi, einem der geheimnisvollen Gorosei in One Piece, gef\u00fchrt wird. Diese Klinge gilt als eines der m\u00e4chtigsten verfluchten Schwerter der Welt und fasziniert ebenso sehr, wie sie Furcht einfl\u00f6\u00dft. Tats\u00e4chlich,<\/p>\n<p>Von den drei Kitetsu-Klingen in One Piece wurde best\u00e4tigt, dass Shodai Kitetsu die beste ist. Dieses Schwert ist eines der <a href=\"https:\/\/manga-universe.net\/2023\/05\/11\/one-piece-15-epees-les-plus-fortes-a-ce-jour-classees\/\" target=\"_blank\" rel=\"noopener noreferrer\">12 Schwerter des h\u00f6chsten Grades<\/a>Und zu allem \u00dcberfluss ist es auch noch ein verfluchtes Schwert. Da der Rang f\u00fcr sich selbst spricht, handelt es sich tats\u00e4chlich um ein extrem m\u00e4chtiges Schwert, was es zu einem der hochwertigsten Schwerter macht, die jemals in der Welt der Piraten hergestellt wurden. Hergestellt wurde es von den Kitetsu-Schmieden in Wano und sein Standort ist derzeit unbekannt.<\/p>\n<h2>Der Gorosei Gandhi, eine r\u00e4tselhafte Figur aus One Piece<\/h2>\n<p>Entdecken Sie anschlie\u00dfend die faszinierende Welt des Gorosei Gandhi, eines prominenten Mitglieds des Rates der F\u00fcnf Dekane in One Piece. Mysteri\u00f6s und schweigsam, ist er durch seine traditionelle Kleidung sofort erkennbar. Sein Katana Shodai Kitetsu symbolisiert seine stille Macht, die bei seinen Gegnern Bewunderung und Besorgnis hervorruft. Gandhi verk\u00f6rpert die Weisheit und die verborgene Macht der obersten F\u00fchrer der Weltregierung. Obwohl seine Geschichte und seine tats\u00e4chlichen Absichten noch weitgehend unbekannt sind, suggeriert seine blo\u00dfe Anwesenheit eine unglaubliche Kraft. Diese r\u00e4tselhafte Figur weckt ein wachsendes Interesse bei den Fans und macht den <strong>Katana Shodei Kitetsu<\/strong> ein unumg\u00e4ngliches Objekt der Begierde f\u00fcr alle Sammler.<\/p>\n<h2>Entdecken Sie die m\u00e4chtigsten Katanas aus One Piece auf R\u00e9plique Manga Cin\u00e9<\/h2>\n<p>Und schlie\u00dflich k\u00f6nnen Sie Ihre Sammlung mit den m\u00e4chtigsten Katanas und Schwertern aus dem One Piece-Universum erweitern, die auf R\u00e9plique Manga Cin\u00e9 erh\u00e4ltlich sind. Entdecken Sie insbesondere das<a href=\"https:\/\/repliquemangacine.fr\/de\/repliken-manga-videospiele\/schwert-yoru-kokutou-dracula-schwert-mihawk-breite-klinge\/\">Yoru-Schwert<\/a>Die von Mihawk gekonnt gef\u00fchrte Klinge gilt als die sch\u00e4rfste der Welt. Verpassen Sie nicht den ber\u00fchmten S\u00e4bel mit dem Spitznamen \"Das Ass\", das Wahrzeichen der Stadt. <a href=\"https:\/\/repliquemangacine.fr\/de\/katana-aus-metall-one-piece\/sabel-des-piraten-gold-rogers-schwert-von-ace\/\">Schwert des legend\u00e4ren Piraten Gold Roger<\/a>Die Geschichte ist reich an Abenteuern. Vervollst\u00e4ndigen Sie Ihre Auswahl mit dem<a href=\"https:\/\/repliquemangacine.fr\/de\/repliken-manga-videospiele\/schwert-von-shanks-dem-rothaarigen\/\">Schwert Griffin von Shanks dem Rothaarigen<\/a>ein Symbol f\u00fcr Charisma und unangefochtene Macht. Diese au\u00dfergew\u00f6hnlichen Repliken geh\u00f6ren zu den 12 Schwertern von h\u00f6chster Qualit\u00e4t, die f\u00fcr jeden Fan unverzichtbar sind, der die epischen Momente von One Piece zu Hause nacherleben m\u00f6chte.<\/p>","protected":false},"excerpt":{"rendered":"<p>Wundersch\u00f6ne Replik des Katana Shodei Kitetsu in One Piece<\/p>\n<ul>\n<li>Fein verzierte Stahlklinge in drei Farbt\u00f6nen.<\/li>\n<li>Kitetsu-spezifische Wache aus Metall<\/li>\n<li>Griff aus Rochenhautimitat, umgeben von einem gr\u00fcnen Baumwollgeflecht<\/li>\n<li>Holzscheide, umgeben von einer Synthetik in Holzoptik<\/li>\n<li>L\u00e4nge der Klinge: 67.5 cm - Gesamtl\u00e4nge mit Scheide: 104 cm<\/li>\n<\/ul>","protected":false},"featured_media":82584,"template":"","meta":[],"product_brand":[896],"product_cat":[123,23,36],"product_tag":[],"class_list":{"0":"post-82583","1":"product","2":"type-product","3":"status-publish","4":"has-post-thumbnail","6":"product_brand-replique-manga-cine","7":"product_cat-katana-en-metal-one-piece","8":"product_cat-repliques-manga-jeux-video","9":"product_cat-katana-one-piece","11":"first","12":"instock","13":"taxable","14":"shipping-taxable","15":"purchasable","16":"product-type-simple"},"yoast_head":"<!-- This site is optimized with the Yoast SEO plugin v27.5 - https:\/\/yoast.com\/product\/yoast-seo-wordpress\/ -->\n<title>Katana Shodei Kitetsu - One Piece - R\u00e9plique Manga Cin\u00e9<\/title>\n<meta name=\"description\" content=\"D\u00e9couvrez le Katana Shodei Kitetsu, katana maudit mani\u00e9 par Gandhi des Gorosei dans One Piece : une r\u00e9plique unique pour les collectionneurs !\" \/>\n<meta name=\"robots\" content=\"index, follow, max-snippet:-1, max-image-preview:large, max-video-preview:-1\" \/>\n<link rel=\"canonical\" href=\"https:\/\/repliquemangacine.fr\/de\/katana-aus-metall-one-piece\/katana-shodei-kitetsu-one-piece\/\" \/>\n<meta property=\"og:locale\" content=\"de_DE\" \/>\n<meta property=\"og:type\" content=\"article\" \/>\n<meta property=\"og:title\" content=\"Katana Shodei Kitetsu - One Piece - R\u00e9plique Manga Cin\u00e9\" \/>\n<meta property=\"og:description\" content=\"D\u00e9couvrez le Katana Shodei Kitetsu, katana maudit mani\u00e9 par Gandhi des Gorosei dans One Piece : une r\u00e9plique unique pour les collectionneurs !\" \/>\n<meta property=\"og:url\" content=\"https:\/\/repliquemangacine.fr\/de\/katana-aus-metall-one-piece\/katana-shodei-kitetsu-one-piece\/\" \/>\n<meta property=\"og:site_name\" content=\"R\u00e9plique Manga Cin\u00e9\" \/>\n<meta property=\"article:publisher\" content=\"https:\/\/www.facebook.com\/RepliqueMangaCine\" \/>\n<meta property=\"article:modified_time\" content=\"2025-11-13T00:21:50+00:00\" \/>\n<meta property=\"og:image\" content=\"https:\/\/repliquemangacine.fr\/wp-content\/uploads\/2025\/03\/katana-shodai-kitetsu.jpg\" \/>\n\t<meta property=\"og:image:width\" content=\"500\" \/>\n\t<meta property=\"og:image:height\" content=\"500\" \/>\n\t<meta property=\"og:image:type\" content=\"image\/jpeg\" \/>\n<meta name=\"twitter:card\" content=\"summary_large_image\" \/>\n<meta name=\"twitter:label1\" content=\"Gesch\u00e4tzte Lesezeit\" \/>\n\t<meta name=\"twitter:data1\" content=\"3\u00a0Minuten\" \/>\n<script type=\"application\/ld+json\" class=\"yoast-schema-graph\">{\"@context\":\"https:\\\/\\\/schema.org\",\"@graph\":[{\"@type\":\"WebPage\",\"@id\":\"https:\\\/\\\/repliquemangacine.fr\\\/katana-en-metal-one-piece\\\/katana-shodei-kitetsu-one-piece\\\/\",\"url\":\"https:\\\/\\\/repliquemangacine.fr\\\/katana-en-metal-one-piece\\\/katana-shodei-kitetsu-one-piece\\\/\",\"name\":\"Katana Shodei Kitetsu - One Piece - R\u00e9plique Manga Cin\u00e9\",\"isPartOf\":{\"@id\":\"https:\\\/\\\/repliquemangacine.fr\\\/#website\"},\"primaryImageOfPage\":{\"@id\":\"https:\\\/\\\/repliquemangacine.fr\\\/katana-en-metal-one-piece\\\/katana-shodei-kitetsu-one-piece\\\/#primaryimage\"},\"image\":{\"@id\":\"https:\\\/\\\/repliquemangacine.fr\\\/katana-en-metal-one-piece\\\/katana-shodei-kitetsu-one-piece\\\/#primaryimage\"},\"thumbnailUrl\":\"https:\\\/\\\/repliquemangacine.fr\\\/wp-content\\\/uploads\\\/2025\\\/03\\\/katana-shodai-kitetsu.jpg\",\"datePublished\":\"2025-03-09T16:55:52+00:00\",\"dateModified\":\"2025-11-13T00:21:50+00:00\",\"description\":\"D\u00e9couvrez le Katana Shodei Kitetsu, katana maudit mani\u00e9 par Gandhi des Gorosei dans One Piece : une r\u00e9plique unique pour les collectionneurs !\",\"breadcrumb\":{\"@id\":\"https:\\\/\\\/repliquemangacine.fr\\\/katana-en-metal-one-piece\\\/katana-shodei-kitetsu-one-piece\\\/#breadcrumb\"},\"inLanguage\":\"de\",\"potentialAction\":[{\"@type\":\"ReadAction\",\"target\":[\"https:\\\/\\\/repliquemangacine.fr\\\/katana-en-metal-one-piece\\\/katana-shodei-kitetsu-one-piece\\\/\"]}]},{\"@type\":\"ImageObject\",\"inLanguage\":\"de\",\"@id\":\"https:\\\/\\\/repliquemangacine.fr\\\/katana-en-metal-one-piece\\\/katana-shodei-kitetsu-one-piece\\\/#primaryimage\",\"url\":\"https:\\\/\\\/repliquemangacine.fr\\\/wp-content\\\/uploads\\\/2025\\\/03\\\/katana-shodai-kitetsu.jpg\",\"contentUrl\":\"https:\\\/\\\/repliquemangacine.fr\\\/wp-content\\\/uploads\\\/2025\\\/03\\\/katana-shodai-kitetsu.jpg\",\"width\":500,\"height\":500,\"caption\":\"Katana Shodei Kitetsu one piece\"},{\"@type\":\"BreadcrumbList\",\"@id\":\"https:\\\/\\\/repliquemangacine.fr\\\/katana-en-metal-one-piece\\\/katana-shodei-kitetsu-one-piece\\\/#breadcrumb\",\"itemListElement\":[{\"@type\":\"ListItem\",\"position\":1,\"name\":\"Accueil\",\"item\":\"https:\\\/\\\/repliquemangacine.fr\\\/\"},{\"@type\":\"ListItem\",\"position\":2,\"name\":\"Produits\",\"item\":\"https:\\\/\\\/repliquemangacine.fr\\\/boutique\\\/\"},{\"@type\":\"ListItem\",\"position\":3,\"name\":\"Katana Shodei Kitetsu &#8211; One Piece\"}]},{\"@type\":\"WebSite\",\"@id\":\"https:\\\/\\\/repliquemangacine.fr\\\/#website\",\"url\":\"https:\\\/\\\/repliquemangacine.fr\\\/\",\"name\":\"R\u00e9plique Manga Cin\u00e9\",\"description\":\"\",\"publisher\":{\"@id\":\"https:\\\/\\\/repliquemangacine.fr\\\/#organization\"},\"potentialAction\":[{\"@type\":\"SearchAction\",\"target\":{\"@type\":\"EntryPoint\",\"urlTemplate\":\"https:\\\/\\\/repliquemangacine.fr\\\/?s={search_term_string}\"},\"query-input\":{\"@type\":\"PropertyValueSpecification\",\"valueRequired\":true,\"valueName\":\"search_term_string\"}}],\"inLanguage\":\"de\"},{\"@type\":\"Organization\",\"@id\":\"https:\\\/\\\/repliquemangacine.fr\\\/#organization\",\"name\":\"R\u00e9plique Manga Cin\u00e9\",\"url\":\"https:\\\/\\\/repliquemangacine.fr\\\/\",\"logo\":{\"@type\":\"ImageObject\",\"inLanguage\":\"de\",\"@id\":\"https:\\\/\\\/repliquemangacine.fr\\\/#\\\/schema\\\/logo\\\/image\\\/\",\"url\":\"https:\\\/\\\/repliquemangacine.fr\\\/wp-content\\\/uploads\\\/2023\\\/10\\\/RMC-500250.png\",\"contentUrl\":\"https:\\\/\\\/repliquemangacine.fr\\\/wp-content\\\/uploads\\\/2023\\\/10\\\/RMC-500250.png\",\"width\":500,\"height\":250,\"caption\":\"R\u00e9plique Manga Cin\u00e9\"},\"image\":{\"@id\":\"https:\\\/\\\/repliquemangacine.fr\\\/#\\\/schema\\\/logo\\\/image\\\/\"},\"sameAs\":[\"https:\\\/\\\/www.facebook.com\\\/RepliqueMangaCine\",\"https:\\\/\\\/www.instagram.com\\\/repliquemangacine.fr\\\/\"]}]}<\/script>\n<!-- \/ Yoast SEO plugin. -->","yoast_head_json":{"title":"Katana Shodei Kitetsu - One Piece - R\u00e9plique Manga Cin\u00e9","description":"Entdecken Sie das Katana Shodei Kitetsu, das verfluchte Katana, das von Gandhi von den Gorosei in One Piece gef\u00fchrt wird: eine einzigartige Replik f\u00fcr Sammler!","robots":{"index":"index","follow":"follow","max-snippet":"max-snippet:-1","max-image-preview":"max-image-preview:large","max-video-preview":"max-video-preview:-1"},"canonical":"https:\/\/repliquemangacine.fr\/de\/katana-aus-metall-one-piece\/katana-shodei-kitetsu-one-piece\/","og_locale":"de_DE","og_type":"article","og_title":"Katana Shodei Kitetsu - One Piece - R\u00e9plique Manga Cin\u00e9","og_description":"D\u00e9couvrez le Katana Shodei Kitetsu, katana maudit mani\u00e9 par Gandhi des Gorosei dans One Piece : une r\u00e9plique unique pour les collectionneurs !","og_url":"https:\/\/repliquemangacine.fr\/de\/katana-aus-metall-one-piece\/katana-shodei-kitetsu-one-piece\/","og_site_name":"R\u00e9plique Manga Cin\u00e9","article_publisher":"https:\/\/www.facebook.com\/RepliqueMangaCine","article_modified_time":"2025-11-13T00:21:50+00:00","og_image":[{"width":500,"height":500,"url":"https:\/\/repliquemangacine.fr\/wp-content\/uploads\/2025\/03\/katana-shodai-kitetsu.jpg","type":"image\/jpeg"}],"twitter_card":"summary_large_image","twitter_misc":{"Gesch\u00e4tzte Lesezeit":"3\u00a0Minuten"},"schema":{"@context":"https:\/\/schema.org","@graph":[{"@type":"WebPage","@id":"https:\/\/repliquemangacine.fr\/katana-en-metal-one-piece\/katana-shodei-kitetsu-one-piece\/","url":"https:\/\/repliquemangacine.fr\/katana-en-metal-one-piece\/katana-shodei-kitetsu-one-piece\/","name":"Katana Shodei Kitetsu - One Piece - R\u00e9plique Manga Cin\u00e9","isPartOf":{"@id":"https:\/\/repliquemangacine.fr\/#website"},"primaryImageOfPage":{"@id":"https:\/\/repliquemangacine.fr\/katana-en-metal-one-piece\/katana-shodei-kitetsu-one-piece\/#primaryimage"},"image":{"@id":"https:\/\/repliquemangacine.fr\/katana-en-metal-one-piece\/katana-shodei-kitetsu-one-piece\/#primaryimage"},"thumbnailUrl":"https:\/\/repliquemangacine.fr\/wp-content\/uploads\/2025\/03\/katana-shodai-kitetsu.jpg","datePublished":"2025-03-09T16:55:52+00:00","dateModified":"2025-11-13T00:21:50+00:00","description":"Entdecken Sie das Katana Shodei Kitetsu, das verfluchte Katana, das von Gandhi von den Gorosei in One Piece gef\u00fchrt wird: eine einzigartige Replik f\u00fcr Sammler!","breadcrumb":{"@id":"https:\/\/repliquemangacine.fr\/katana-en-metal-one-piece\/katana-shodei-kitetsu-one-piece\/#breadcrumb"},"inLanguage":"de","potentialAction":[{"@type":"ReadAction","target":["https:\/\/repliquemangacine.fr\/katana-en-metal-one-piece\/katana-shodei-kitetsu-one-piece\/"]}]},{"@type":"ImageObject","inLanguage":"de","@id":"https:\/\/repliquemangacine.fr\/katana-en-metal-one-piece\/katana-shodei-kitetsu-one-piece\/#primaryimage","url":"https:\/\/repliquemangacine.fr\/wp-content\/uploads\/2025\/03\/katana-shodai-kitetsu.jpg","contentUrl":"https:\/\/repliquemangacine.fr\/wp-content\/uploads\/2025\/03\/katana-shodai-kitetsu.jpg","width":500,"height":500,"caption":"Katana Shodei Kitetsu one piece"},{"@type":"BreadcrumbList","@id":"https:\/\/repliquemangacine.fr\/katana-en-metal-one-piece\/katana-shodei-kitetsu-one-piece\/#breadcrumb","itemListElement":[{"@type":"ListItem","position":1,"name":"Accueil","item":"https:\/\/repliquemangacine.fr\/"},{"@type":"ListItem","position":2,"name":"Produits","item":"https:\/\/repliquemangacine.fr\/boutique\/"},{"@type":"ListItem","position":3,"name":"Katana Shodei Kitetsu &#8211; One Piece"}]},{"@type":"WebSite","@id":"https:\/\/repliquemangacine.fr\/#website","url":"https:\/\/repliquemangacine.fr\/","name":"R\u00e9plique Manga Cin\u00e9","description":"","publisher":{"@id":"https:\/\/repliquemangacine.fr\/#organization"},"potentialAction":[{"@type":"SearchAction","target":{"@type":"EntryPoint","urlTemplate":"https:\/\/repliquemangacine.fr\/?s={search_term_string}"},"query-input":{"@type":"PropertyValueSpecification","valueRequired":true,"valueName":"search_term_string"}}],"inLanguage":"de"},{"@type":"Organization","@id":"https:\/\/repliquemangacine.fr\/#organization","name":"R\u00e9plique Manga Cin\u00e9","url":"https:\/\/repliquemangacine.fr\/","logo":{"@type":"ImageObject","inLanguage":"de","@id":"https:\/\/repliquemangacine.fr\/#\/schema\/logo\/image\/","url":"https:\/\/repliquemangacine.fr\/wp-content\/uploads\/2023\/10\/RMC-500250.png","contentUrl":"https:\/\/repliquemangacine.fr\/wp-content\/uploads\/2023\/10\/RMC-500250.png","width":500,"height":250,"caption":"R\u00e9plique Manga Cin\u00e9"},"image":{"@id":"https:\/\/repliquemangacine.fr\/#\/schema\/logo\/image\/"},"sameAs":["https:\/\/www.facebook.com\/RepliqueMangaCine","https:\/\/www.instagram.com\/repliquemangacine.fr\/"]}]}},"_links":{"self":[{"href":"https:\/\/repliquemangacine.fr\/de\/wp-json\/wp\/v2\/product\/82583","targetHints":{"allow":["GET"]}}],"collection":[{"href":"https:\/\/repliquemangacine.fr\/de\/wp-json\/wp\/v2\/product"}],"about":[{"href":"https:\/\/repliquemangacine.fr\/de\/wp-json\/wp\/v2\/types\/product"}],"wp:featuredmedia":[{"embeddable":true,"href":"https:\/\/repliquemangacine.fr\/de\/wp-json\/wp\/v2\/media\/82584"}],"wp:attachment":[{"href":"https:\/\/repliquemangacine.fr\/de\/wp-json\/wp\/v2\/media?parent=82583"}],"wp:term":[{"taxonomy":"product_brand","embeddable":true,"href":"https:\/\/repliquemangacine.fr\/de\/wp-json\/wp\/v2\/product_brand?post=82583"},{"taxonomy":"product_cat","embeddable":true,"href":"https:\/\/repliquemangacine.fr\/de\/wp-json\/wp\/v2\/product_cat?post=82583"},{"taxonomy":"product_tag","embeddable":true,"href":"https:\/\/repliquemangacine.fr\/de\/wp-json\/wp\/v2\/product_tag?post=82583"}],"curies":[{"name":"wp","href":"https:\/\/api.w.org\/{rel}","templated":true}]}}