





{"id":82575,"date":"2025-03-09T16:12:40","date_gmt":"2025-03-09T15:12:40","guid":{"rendered":"https:\/\/repliquemangacine.fr\/?post_type=product&#038;p=82575"},"modified":"2026-03-25T15:57:41","modified_gmt":"2026-03-25T14:57:41","slug":"katana-enten-von-chihiro-kagurabachi","status":"publish","type":"product","link":"https:\/\/repliquemangacine.fr\/de\/katana-kagurabachi-metal\/katana-enten-de-chihiro-kagurabachi\/","title":{"rendered":"Katana Enten von Chihiro - Kagurabachi"},"content":{"rendered":"<h2>Entdecken Sie das Katana Enten, Chihiros ultimative Waffe<\/h2>\n<p>Lassen Sie sich zun\u00e4chst vom Katana Enten verf\u00fchren, der legend\u00e4ren verzauberten Klinge, die Chihiro in Kagurabachi f\u00fchrt. Geschmiedet von <a href=\"https:\/\/kagurabachi.fandom.com\/wiki\/Kunishige_Rokuhira\" target=\"_blank\" rel=\"noopener noreferrer\">Kunishige Rokuhira<\/a>Dieses au\u00dfergew\u00f6hnliche Katana verleiht seinem Benutzer einzigartige und au\u00dfergew\u00f6hnliche F\u00e4higkeiten. Mit Enten ist es m\u00f6glich, im Kampf gef\u00fcrchtete magische Schnitte auszuf\u00fchren. Dar\u00fcber hinaus absorbiert diese spezielle Klinge die Energie der Umgebung und erm\u00f6glicht so einen sp\u00e4teren strategischen Einsatz. Ihre mystische Kraft verbessert die k\u00f6rperlichen F\u00e4higkeiten und die Geschwindigkeit des Anwenders erheblich. Jedes Detail dieser Replik wurde sorgf\u00e4ltig gefertigt, um das Original widerzuspiegeln. Der Besitz des Enten-Katanas ist daher ein einzigartiges Privileg f\u00fcr jeden Fan oder Sammler, der die fesselnde Welt von Kagurabachi in vollem Umfang erleben m\u00f6chte.<\/p>\n<h2>Chihiro Rokuhira, eine epische Suche nach Rache<\/h2>\n<p>Tauchen Sie anschlie\u00dfend in die spannende Geschichte von Chihiro Rokuhira, der Protagonistin des Mangas Kagurabachi, ein. Nach der tragischen Ermordung ihres Vaters Kunishige durch die Hishaku-Zauberer beginnt Chihiro eine unerbittliche Suche nach Rache. Bewaffnet mit dem Katana Enten, der letzten Sch\u00f6pfung ihres Vaters, stellt sich Chihiro tapfer ihren furchterregenden Feinden entgegen. Auf seinem Weg entwickelt er seine Kampftechniken, insbesondere den m\u00e4chtigen Iai-Stil der Wei\u00dfen Reinheit. Dieser entschlossene Held verk\u00f6rpert Mut, Entschlossenheit und Gerechtigkeit in einer komplexen und gewaltt\u00e4tigen Welt. Seine fesselnde Geschichte voller starker Emotionen zieht alle Liebhaber von Mangas und heroischen Abenteuern sofort in ihren Bann.<\/p>\n<h2>Vervollst\u00e4ndigen Sie Ihre Sammlung auf R\u00e9plique Manga Cin\u00e9<\/h2>\n<p>Und schlie\u00dflich entdecken Sie noch weitere au\u00dfergew\u00f6hnliche Katana-Repliken, die auf R\u00e9plique Manga Cin\u00e9 erh\u00e4ltlich sind. Berserk-Fans werden beeindruckt sein von der riesigen <a href=\"https:\/\/repliquemangacine.fr\/de\/katana-und-schwert-von-manga-anime-andere-manga\/gutsschwert-dragon-slayer-berserk\/\">legend\u00e4res Schwert von Guts<\/a>Es ist ein Symbol f\u00fcr rohe Kraft und Entschlossenheit. Liebhaber von Jujutsu Kaisen k\u00f6nnen die m\u00e4chtige <a href=\"https:\/\/repliquemangacine.fr\/de\/repliken-manga-videospiele\/celeste-lance-von-toji-jujutsu-kaisen\/\">Tojis himmlischer Speer<\/a>eine furchterregende Waffe mit faszinierenden Details. F\u00fcr Fans von Dragon Ball Z sollten Sie sich die ikonische <a href=\"https:\/\/repliquemangacine.fr\/de\/katana-und-schwert-von-manga-anime-andere-manga\/epee-xeno-trunks-dbz-dragon-ball-z\/\">Trunks Schwert<\/a>einer der beliebtesten Helden der Saga. R\u00e9plique Manga Cin\u00e9 bietet Ihnen diese einzigartigen St\u00fccke an, die ideal sind, um die gro\u00dfen Abenteuer Ihrer Lieblingsmangas zu Hause nachzuerleben.<\/p>","protected":false},"excerpt":{"rendered":"<p>Wundersch\u00f6ne Replik von Chihiros Katana Enten aus dem Manga Kagurabachi.<\/p>\n<ul>\n<li>Nicht scharfe Klinge aus Zwei-Ton-Stahl.<\/li>\n<li>Sorgf\u00e4ltig detaillierter Schutz aus gealtertem Stahl.<\/li>\n<li>Holzgriff mit Rochenhautimitat \u00fcberzogen, umwickelt mit einem Geflecht aus schwarzem Kunstleder.<\/li>\n<li>Holzscheide mit schwarzem ABS \u00fcberzogen<\/li>\n<li>L\u00e4nge der Klinge: 67.5 cm - Gesamtl\u00e4nge mit Scheide: 103 cm<\/li>\n<\/ul>","protected":false},"featured_media":82577,"template":"","meta":[],"product_brand":[896],"product_cat":[874,875],"product_tag":[],"class_list":{"0":"post-82575","1":"product","2":"type-product","3":"status-publish","4":"has-post-thumbnail","6":"product_brand-replique-manga-cine","7":"product_cat-kagurabachi","8":"product_cat-katana-kagurabachi-metal","10":"first","11":"instock","12":"taxable","13":"shipping-taxable","14":"purchasable","15":"product-type-simple"},"yoast_head":"<!-- This site is optimized with the Yoast SEO plugin v27.5 - https:\/\/yoast.com\/product\/yoast-seo-wordpress\/ -->\n<title>Katana Enten de Chihiro - Kagurabachi - R\u00e9plique Manga Cin\u00e9<\/title>\n<meta name=\"description\" content=\"D\u00e9couvrez le Katana Enten de Chihiro dans Kagurabachi. Ce katana enchant\u00e9 \u00e0 une lame en acier. R\u00e9plique unique pour passionn\u00e9s et collectionneurs.\" \/>\n<meta name=\"robots\" content=\"index, follow, max-snippet:-1, max-image-preview:large, max-video-preview:-1\" \/>\n<link rel=\"canonical\" href=\"https:\/\/repliquemangacine.fr\/de\/katana-kagurabachi-metal\/katana-enten-von-chihiro-kagurabachi\/\" \/>\n<meta property=\"og:locale\" content=\"de_DE\" \/>\n<meta property=\"og:type\" content=\"article\" \/>\n<meta property=\"og:title\" content=\"Katana Enten de Chihiro - Kagurabachi - R\u00e9plique Manga Cin\u00e9\" \/>\n<meta property=\"og:description\" content=\"D\u00e9couvrez le Katana Enten de Chihiro dans Kagurabachi. Ce katana enchant\u00e9 \u00e0 une lame en acier. R\u00e9plique unique pour passionn\u00e9s et collectionneurs.\" \/>\n<meta property=\"og:url\" content=\"https:\/\/repliquemangacine.fr\/de\/katana-kagurabachi-metal\/katana-enten-von-chihiro-kagurabachi\/\" \/>\n<meta property=\"og:site_name\" content=\"R\u00e9plique Manga Cin\u00e9\" \/>\n<meta property=\"article:publisher\" content=\"https:\/\/www.facebook.com\/RepliqueMangaCine\" \/>\n<meta property=\"article:modified_time\" content=\"2026-03-25T14:57:41+00:00\" \/>\n<meta property=\"og:image\" content=\"https:\/\/repliquemangacine.fr\/wp-content\/uploads\/2025\/03\/Katana-Chihiro-Rokuhira.jpg\" \/>\n\t<meta property=\"og:image:width\" content=\"500\" \/>\n\t<meta property=\"og:image:height\" content=\"500\" \/>\n\t<meta property=\"og:image:type\" content=\"image\/jpeg\" \/>\n<meta name=\"twitter:card\" content=\"summary_large_image\" \/>\n<meta name=\"twitter:label1\" content=\"Gesch\u00e4tzte Lesezeit\" \/>\n\t<meta name=\"twitter:data1\" content=\"2\u00a0Minuten\" \/>\n<script type=\"application\/ld+json\" class=\"yoast-schema-graph\">{\"@context\":\"https:\\\/\\\/schema.org\",\"@graph\":[{\"@type\":\"WebPage\",\"@id\":\"https:\\\/\\\/repliquemangacine.fr\\\/katana-kagurabachi-metal\\\/katana-enten-de-chihiro-kagurabachi\\\/\",\"url\":\"https:\\\/\\\/repliquemangacine.fr\\\/katana-kagurabachi-metal\\\/katana-enten-de-chihiro-kagurabachi\\\/\",\"name\":\"Katana Enten de Chihiro - Kagurabachi - R\u00e9plique Manga Cin\u00e9\",\"isPartOf\":{\"@id\":\"https:\\\/\\\/repliquemangacine.fr\\\/#website\"},\"primaryImageOfPage\":{\"@id\":\"https:\\\/\\\/repliquemangacine.fr\\\/katana-kagurabachi-metal\\\/katana-enten-de-chihiro-kagurabachi\\\/#primaryimage\"},\"image\":{\"@id\":\"https:\\\/\\\/repliquemangacine.fr\\\/katana-kagurabachi-metal\\\/katana-enten-de-chihiro-kagurabachi\\\/#primaryimage\"},\"thumbnailUrl\":\"https:\\\/\\\/repliquemangacine.fr\\\/wp-content\\\/uploads\\\/2025\\\/03\\\/Katana-Chihiro-Rokuhira.jpg\",\"datePublished\":\"2025-03-09T15:12:40+00:00\",\"dateModified\":\"2026-03-25T14:57:41+00:00\",\"description\":\"D\u00e9couvrez le Katana Enten de Chihiro dans Kagurabachi. Ce katana enchant\u00e9 \u00e0 une lame en acier. R\u00e9plique unique pour passionn\u00e9s et collectionneurs.\",\"breadcrumb\":{\"@id\":\"https:\\\/\\\/repliquemangacine.fr\\\/katana-kagurabachi-metal\\\/katana-enten-de-chihiro-kagurabachi\\\/#breadcrumb\"},\"inLanguage\":\"de\",\"potentialAction\":[{\"@type\":\"ReadAction\",\"target\":[\"https:\\\/\\\/repliquemangacine.fr\\\/katana-kagurabachi-metal\\\/katana-enten-de-chihiro-kagurabachi\\\/\"]}]},{\"@type\":\"ImageObject\",\"inLanguage\":\"de\",\"@id\":\"https:\\\/\\\/repliquemangacine.fr\\\/katana-kagurabachi-metal\\\/katana-enten-de-chihiro-kagurabachi\\\/#primaryimage\",\"url\":\"https:\\\/\\\/repliquemangacine.fr\\\/wp-content\\\/uploads\\\/2025\\\/03\\\/Katana-Chihiro-Rokuhira.jpg\",\"contentUrl\":\"https:\\\/\\\/repliquemangacine.fr\\\/wp-content\\\/uploads\\\/2025\\\/03\\\/Katana-Chihiro-Rokuhira.jpg\",\"width\":500,\"height\":500,\"caption\":\"Katana Enten de Chihiro dans Kagurabachi\"},{\"@type\":\"BreadcrumbList\",\"@id\":\"https:\\\/\\\/repliquemangacine.fr\\\/katana-kagurabachi-metal\\\/katana-enten-de-chihiro-kagurabachi\\\/#breadcrumb\",\"itemListElement\":[{\"@type\":\"ListItem\",\"position\":1,\"name\":\"Accueil\",\"item\":\"https:\\\/\\\/repliquemangacine.fr\\\/\"},{\"@type\":\"ListItem\",\"position\":2,\"name\":\"Produits\",\"item\":\"https:\\\/\\\/repliquemangacine.fr\\\/boutique\\\/\"},{\"@type\":\"ListItem\",\"position\":3,\"name\":\"Katana Enten de Chihiro &#8211; Kagurabachi\"}]},{\"@type\":\"WebSite\",\"@id\":\"https:\\\/\\\/repliquemangacine.fr\\\/#website\",\"url\":\"https:\\\/\\\/repliquemangacine.fr\\\/\",\"name\":\"R\u00e9plique Manga Cin\u00e9\",\"description\":\"\",\"publisher\":{\"@id\":\"https:\\\/\\\/repliquemangacine.fr\\\/#organization\"},\"potentialAction\":[{\"@type\":\"SearchAction\",\"target\":{\"@type\":\"EntryPoint\",\"urlTemplate\":\"https:\\\/\\\/repliquemangacine.fr\\\/?s={search_term_string}\"},\"query-input\":{\"@type\":\"PropertyValueSpecification\",\"valueRequired\":true,\"valueName\":\"search_term_string\"}}],\"inLanguage\":\"de\"},{\"@type\":\"Organization\",\"@id\":\"https:\\\/\\\/repliquemangacine.fr\\\/#organization\",\"name\":\"R\u00e9plique Manga Cin\u00e9\",\"url\":\"https:\\\/\\\/repliquemangacine.fr\\\/\",\"logo\":{\"@type\":\"ImageObject\",\"inLanguage\":\"de\",\"@id\":\"https:\\\/\\\/repliquemangacine.fr\\\/#\\\/schema\\\/logo\\\/image\\\/\",\"url\":\"https:\\\/\\\/repliquemangacine.fr\\\/wp-content\\\/uploads\\\/2023\\\/10\\\/RMC-500250.png\",\"contentUrl\":\"https:\\\/\\\/repliquemangacine.fr\\\/wp-content\\\/uploads\\\/2023\\\/10\\\/RMC-500250.png\",\"width\":500,\"height\":250,\"caption\":\"R\u00e9plique Manga Cin\u00e9\"},\"image\":{\"@id\":\"https:\\\/\\\/repliquemangacine.fr\\\/#\\\/schema\\\/logo\\\/image\\\/\"},\"sameAs\":[\"https:\\\/\\\/www.facebook.com\\\/RepliqueMangaCine\",\"https:\\\/\\\/www.instagram.com\\\/repliquemangacine.fr\\\/\"]}]}<\/script>\n<!-- \/ Yoast SEO plugin. -->","yoast_head_json":{"title":"Katana Enten von Chihiro - Kagurabachi - R\u00e9plique Manga Cin\u00e9","description":"Entdecken Sie das Katana Enten von Chihiro in Kagurabachi. Dieses verzauberte Katana hat eine Klinge aus Stahl. Einzigartige Replik f\u00fcr Liebhaber und Sammler.","robots":{"index":"index","follow":"follow","max-snippet":"max-snippet:-1","max-image-preview":"max-image-preview:large","max-video-preview":"max-video-preview:-1"},"canonical":"https:\/\/repliquemangacine.fr\/de\/katana-kagurabachi-metal\/katana-enten-von-chihiro-kagurabachi\/","og_locale":"de_DE","og_type":"article","og_title":"Katana Enten de Chihiro - Kagurabachi - R\u00e9plique Manga Cin\u00e9","og_description":"D\u00e9couvrez le Katana Enten de Chihiro dans Kagurabachi. Ce katana enchant\u00e9 \u00e0 une lame en acier. R\u00e9plique unique pour passionn\u00e9s et collectionneurs.","og_url":"https:\/\/repliquemangacine.fr\/de\/katana-kagurabachi-metal\/katana-enten-von-chihiro-kagurabachi\/","og_site_name":"R\u00e9plique Manga Cin\u00e9","article_publisher":"https:\/\/www.facebook.com\/RepliqueMangaCine","article_modified_time":"2026-03-25T14:57:41+00:00","og_image":[{"width":500,"height":500,"url":"https:\/\/repliquemangacine.fr\/wp-content\/uploads\/2025\/03\/Katana-Chihiro-Rokuhira.jpg","type":"image\/jpeg"}],"twitter_card":"summary_large_image","twitter_misc":{"Gesch\u00e4tzte Lesezeit":"2\u00a0Minuten"},"schema":{"@context":"https:\/\/schema.org","@graph":[{"@type":"WebPage","@id":"https:\/\/repliquemangacine.fr\/katana-kagurabachi-metal\/katana-enten-de-chihiro-kagurabachi\/","url":"https:\/\/repliquemangacine.fr\/katana-kagurabachi-metal\/katana-enten-de-chihiro-kagurabachi\/","name":"Katana Enten von Chihiro - Kagurabachi - R\u00e9plique Manga Cin\u00e9","isPartOf":{"@id":"https:\/\/repliquemangacine.fr\/#website"},"primaryImageOfPage":{"@id":"https:\/\/repliquemangacine.fr\/katana-kagurabachi-metal\/katana-enten-de-chihiro-kagurabachi\/#primaryimage"},"image":{"@id":"https:\/\/repliquemangacine.fr\/katana-kagurabachi-metal\/katana-enten-de-chihiro-kagurabachi\/#primaryimage"},"thumbnailUrl":"https:\/\/repliquemangacine.fr\/wp-content\/uploads\/2025\/03\/Katana-Chihiro-Rokuhira.jpg","datePublished":"2025-03-09T15:12:40+00:00","dateModified":"2026-03-25T14:57:41+00:00","description":"Entdecken Sie das Katana Enten von Chihiro in Kagurabachi. Dieses verzauberte Katana hat eine Klinge aus Stahl. Einzigartige Replik f\u00fcr Liebhaber und Sammler.","breadcrumb":{"@id":"https:\/\/repliquemangacine.fr\/katana-kagurabachi-metal\/katana-enten-de-chihiro-kagurabachi\/#breadcrumb"},"inLanguage":"de","potentialAction":[{"@type":"ReadAction","target":["https:\/\/repliquemangacine.fr\/katana-kagurabachi-metal\/katana-enten-de-chihiro-kagurabachi\/"]}]},{"@type":"ImageObject","inLanguage":"de","@id":"https:\/\/repliquemangacine.fr\/katana-kagurabachi-metal\/katana-enten-de-chihiro-kagurabachi\/#primaryimage","url":"https:\/\/repliquemangacine.fr\/wp-content\/uploads\/2025\/03\/Katana-Chihiro-Rokuhira.jpg","contentUrl":"https:\/\/repliquemangacine.fr\/wp-content\/uploads\/2025\/03\/Katana-Chihiro-Rokuhira.jpg","width":500,"height":500,"caption":"Katana Enten de Chihiro dans Kagurabachi"},{"@type":"BreadcrumbList","@id":"https:\/\/repliquemangacine.fr\/katana-kagurabachi-metal\/katana-enten-de-chihiro-kagurabachi\/#breadcrumb","itemListElement":[{"@type":"ListItem","position":1,"name":"Accueil","item":"https:\/\/repliquemangacine.fr\/"},{"@type":"ListItem","position":2,"name":"Produits","item":"https:\/\/repliquemangacine.fr\/boutique\/"},{"@type":"ListItem","position":3,"name":"Katana Enten de Chihiro &#8211; Kagurabachi"}]},{"@type":"WebSite","@id":"https:\/\/repliquemangacine.fr\/#website","url":"https:\/\/repliquemangacine.fr\/","name":"R\u00e9plique Manga Cin\u00e9","description":"","publisher":{"@id":"https:\/\/repliquemangacine.fr\/#organization"},"potentialAction":[{"@type":"SearchAction","target":{"@type":"EntryPoint","urlTemplate":"https:\/\/repliquemangacine.fr\/?s={search_term_string}"},"query-input":{"@type":"PropertyValueSpecification","valueRequired":true,"valueName":"search_term_string"}}],"inLanguage":"de"},{"@type":"Organization","@id":"https:\/\/repliquemangacine.fr\/#organization","name":"R\u00e9plique Manga Cin\u00e9","url":"https:\/\/repliquemangacine.fr\/","logo":{"@type":"ImageObject","inLanguage":"de","@id":"https:\/\/repliquemangacine.fr\/#\/schema\/logo\/image\/","url":"https:\/\/repliquemangacine.fr\/wp-content\/uploads\/2023\/10\/RMC-500250.png","contentUrl":"https:\/\/repliquemangacine.fr\/wp-content\/uploads\/2023\/10\/RMC-500250.png","width":500,"height":250,"caption":"R\u00e9plique Manga Cin\u00e9"},"image":{"@id":"https:\/\/repliquemangacine.fr\/#\/schema\/logo\/image\/"},"sameAs":["https:\/\/www.facebook.com\/RepliqueMangaCine","https:\/\/www.instagram.com\/repliquemangacine.fr\/"]}]}},"_links":{"self":[{"href":"https:\/\/repliquemangacine.fr\/de\/wp-json\/wp\/v2\/product\/82575","targetHints":{"allow":["GET"]}}],"collection":[{"href":"https:\/\/repliquemangacine.fr\/de\/wp-json\/wp\/v2\/product"}],"about":[{"href":"https:\/\/repliquemangacine.fr\/de\/wp-json\/wp\/v2\/types\/product"}],"wp:featuredmedia":[{"embeddable":true,"href":"https:\/\/repliquemangacine.fr\/de\/wp-json\/wp\/v2\/media\/82577"}],"wp:attachment":[{"href":"https:\/\/repliquemangacine.fr\/de\/wp-json\/wp\/v2\/media?parent=82575"}],"wp:term":[{"taxonomy":"product_brand","embeddable":true,"href":"https:\/\/repliquemangacine.fr\/de\/wp-json\/wp\/v2\/product_brand?post=82575"},{"taxonomy":"product_cat","embeddable":true,"href":"https:\/\/repliquemangacine.fr\/de\/wp-json\/wp\/v2\/product_cat?post=82575"},{"taxonomy":"product_tag","embeddable":true,"href":"https:\/\/repliquemangacine.fr\/de\/wp-json\/wp\/v2\/product_tag?post=82575"}],"curies":[{"name":"wp","href":"https:\/\/api.w.org\/{rel}","templated":true}]}}