





{"id":82552,"date":"2025-03-09T15:31:02","date_gmt":"2025-03-09T14:31:02","guid":{"rendered":"https:\/\/repliquemangacine.fr\/?post_type=product&#038;p=82552"},"modified":"2026-04-15T16:43:31","modified_gmt":"2026-04-15T14:43:31","slug":"katana-cloud-gouger-in-kagurabachi","status":"publish","type":"product","link":"https:\/\/repliquemangacine.fr\/de\/katana-kagurabachi-metal\/katana-cloud-gouger-dans-kagurabachi\/","title":{"rendered":"Katana Cloud Gouger in Kagurabachi"},"content":{"rendered":"<h2>Entdecken Sie die Replik des Katana Cloud Gouger von Genichi Sojo<\/h2>\n<p>Lassen Sie sich zun\u00e4chst von der au\u00dfergew\u00f6hnlichen Nachbildung des <strong>katana Cloud Gouger<\/strong> von Genichi Sojo. Dieses Katana verf\u00fcgt \u00fcber eine robuste, nicht scharfe Stahlklinge, die sorgf\u00e4ltig verziert wurde, um das Originalwerk getreu widerzuspiegeln. Der elegante Griff imitiert perfekt die Haut des schwarzen Rochens, die mit einem wei\u00dfen Baumwollgeflecht \u00fcberzogen ist, und sorgt so f\u00fcr optimalen Komfort und ein authentisches Aussehen. Der Stahlb\u00fcgel ist mit wundersch\u00f6nen Details versehen, die von den Manga-Motiven inspiriert sind. Die Scheide hingegen besteht aus Holz mit ABS-Beschichtung. Mit einer Klingenl\u00e4nge von ca. 67,5 cm und einer Gesamtl\u00e4nge von 103 cm. Dieses Katana ist eine unverzichtbare Erg\u00e4nzung f\u00fcr jeden Sammler oder Fan des Mangas Kagurabachi.<\/p>\n<p>Besonders hervorzuheben ist Cloud Gouger: Eine der sieben verzauberten Klingen, die von Kunishige Rokuhira geschmiedet wurden. Cloud Gouger war ein spezielles, mit Hexerei infundiertes Katana, das \u00fcbernat\u00fcrliche Kr\u00e4fte besa\u00df. Bei der Aktivierung durch das Rufen des Namens Cloud Gouger entspringen bis zu zwei Wolken in Form von orientalischen Drachen aus der Klinge und fliegen um den Inflator herum.<\/p>\n<h2>Erleben Sie die fesselnde Geschichte von Kagurabachi neu<\/h2>\n<p>Tauchen Sie anschlie\u00dfend in die spannende Welt des Mangas Kagurabachi ein. Die dramatische Geschichte folgt Chihiro Rokuhira, die nach der Ermordung ihres Vaters durch die Hishaku auf Rache sinnt. Die Cloud Gouger, ein legend\u00e4res Katana, geschmiedet von <a href=\"https:\/\/kagurabachi.fandom.com\/wiki\/Kunishige_Rokuhira\" target=\"_blank\" rel=\"noopener noreferrer\">Kunishige<\/a>. Wird von Genichi Sojo, einem gef\u00fcrchteten Waffenh\u00e4ndler, bis zu seiner verh\u00e4ngnisvollen Konfrontation mit Chihiro benutzt. In diesem entscheidenden Moment wird das Katana zerbrochen, was das Ende eines dunklen Zeitalters und den Beginn einer epischen Suche nach Gerechtigkeit symbolisiert. Kagurabachi vermischt geschickt intensive Action, ergreifende Dramen und spektakul\u00e4re K\u00e4mpfe und zieht sein Publikum mit seiner reichhaltigen Handlung und seinen komplexen Charakteren sofort in seinen Bann. Wenn Sie die Katana-Replik von Cloud Gouger annehmen, k\u00f6nnen Sie diese tiefgr\u00fcndige und einpr\u00e4gsame Geschichte voll und ganz umarmen.<\/p>\n<h2>Entdecken Sie auch unsere anderen unverzichtbaren Manga-Repliken<\/h2>\n<p>Und schlie\u00dflich k\u00f6nnen Sie Ihre Sammlung mit unseren prestigetr\u00e4chtigen Katanas erweitern, die von Kult-Mangas wie One Piece, Demon Slayer oder Bleach inspiriert sind. Dazu geh\u00f6ren auch Zoros legend\u00e4re Schwerter, wie z.B. das gef\u00fcrchtete <a href=\"https:\/\/repliquemangacine.fr\/de\/repliken-manga-videospiele\/katana-enma-violett-one-piece\/\">Enma-Katana<\/a> oder das faszinierende Nidai Kitetsu. F\u00fcr Fans von Demon Slayer besorgen Sie sich das <a href=\"https:\/\/repliquemangacine.fr\/de\/katana-kimetsu-no-yaiba-aus-stahl-katana-demon-slayer-aus-metall\/katana-tanjiro-kamado-demon-slayer\/\">Katana von Tanjiro Kamado<\/a> oder der von Zenitsu, die wahre Symbole der Tapferkeit sind. Bleach bietet Ihnen auch beeindruckende Repliken wie die ikonische <a href=\"https:\/\/repliquemangacine.fr\/de\/katana-bleach\/katana-bankai-tensa-zangetsu-ichigo-104cm\/\">Zanpakut\u014d von Ichigo Kurosaki<\/a>eine ikonische Klinge aus den legend\u00e4ren Shonen-Filmen. Mit diesen au\u00dfergew\u00f6hnlichen Repliken k\u00f6nnen Sie noch tiefer in die Welt Ihrer Lieblingshelden eintauchen und Ihre Leidenschaft mit einzigartigen und von allen Fans begehrten St\u00fccken sublimieren.<\/p>","protected":false},"excerpt":{"rendered":"<p>Wundersch\u00f6ne Replik des Katana Cloud Gouger von Genichi Sojo in Kagurabachi<\/p>\n<ul>\n<li>Klinge aus Zwei-Ton-Stahl<\/li>\n<li>Spezifischer Formschutz aus Metall<\/li>\n<li>Holzgriff mit Rochenhautimitat \u00fcberzogen und mit wei\u00dfem Baumwollgeflecht umwickelt<\/li>\n<li>Holzscheide mit ABS-Abdeckung<\/li>\n<li>L\u00e4nge der Klinge: 67.5 cm - Gesamtl\u00e4nge: 103cm<\/li>\n<\/ul>","protected":false},"featured_media":82568,"template":"","meta":[],"product_brand":[896],"product_cat":[874,875],"product_tag":[],"class_list":{"0":"post-82552","1":"product","2":"type-product","3":"status-publish","4":"has-post-thumbnail","6":"product_brand-replique-manga-cine","7":"product_cat-kagurabachi","8":"product_cat-katana-kagurabachi-metal","10":"first","11":"instock","12":"taxable","13":"shipping-taxable","14":"purchasable","15":"product-type-simple"},"yoast_head":"<!-- This site is optimized with the Yoast SEO plugin v27.4 - https:\/\/yoast.com\/product\/yoast-seo-wordpress\/ -->\n<title>Katana Cloud Gouger dans Kagurabachi - R\u00e9plique Manga Cin\u00e9<\/title>\n<meta name=\"description\" content=\"Adoptez la r\u00e9plique collector du katana Cloud Gouger de Genichi Sojo, lame l\u00e9gendaire du manga Kagurabachi, pour une immersion ultime chez vous !\" \/>\n<meta name=\"robots\" content=\"index, follow, max-snippet:-1, max-image-preview:large, max-video-preview:-1\" \/>\n<link rel=\"canonical\" href=\"https:\/\/repliquemangacine.fr\/de\/katana-kagurabachi-metal\/katana-cloud-gouger-in-kagurabachi\/\" \/>\n<meta property=\"og:locale\" content=\"de_DE\" \/>\n<meta property=\"og:type\" content=\"article\" \/>\n<meta property=\"og:title\" content=\"Katana Cloud Gouger dans Kagurabachi - R\u00e9plique Manga Cin\u00e9\" \/>\n<meta property=\"og:description\" content=\"Adoptez la r\u00e9plique collector du katana Cloud Gouger de Genichi Sojo, lame l\u00e9gendaire du manga Kagurabachi, pour une immersion ultime chez vous !\" \/>\n<meta property=\"og:url\" content=\"https:\/\/repliquemangacine.fr\/de\/katana-kagurabachi-metal\/katana-cloud-gouger-in-kagurabachi\/\" \/>\n<meta property=\"og:site_name\" content=\"R\u00e9plique Manga Cin\u00e9\" \/>\n<meta property=\"article:publisher\" content=\"https:\/\/www.facebook.com\/RepliqueMangaCine\" \/>\n<meta property=\"article:modified_time\" content=\"2026-04-15T14:43:31+00:00\" \/>\n<meta property=\"og:image\" content=\"https:\/\/repliquemangacine.fr\/wp-content\/uploads\/2025\/03\/Katana-Genichi-Sojo.jpg\" \/>\n\t<meta property=\"og:image:width\" content=\"500\" \/>\n\t<meta property=\"og:image:height\" content=\"500\" \/>\n\t<meta property=\"og:image:type\" content=\"image\/jpeg\" \/>\n<meta name=\"twitter:card\" content=\"summary_large_image\" \/>\n<meta name=\"twitter:label1\" content=\"Gesch\u00e4tzte Lesezeit\" \/>\n\t<meta name=\"twitter:data1\" content=\"3\u00a0Minuten\" \/>\n<script type=\"application\/ld+json\" class=\"yoast-schema-graph\">{\"@context\":\"https:\\\/\\\/schema.org\",\"@graph\":[{\"@type\":\"WebPage\",\"@id\":\"https:\\\/\\\/repliquemangacine.fr\\\/katana-kagurabachi-metal\\\/katana-cloud-gouger-dans-kagurabachi\\\/\",\"url\":\"https:\\\/\\\/repliquemangacine.fr\\\/katana-kagurabachi-metal\\\/katana-cloud-gouger-dans-kagurabachi\\\/\",\"name\":\"Katana Cloud Gouger dans Kagurabachi - R\u00e9plique Manga Cin\u00e9\",\"isPartOf\":{\"@id\":\"https:\\\/\\\/repliquemangacine.fr\\\/#website\"},\"primaryImageOfPage\":{\"@id\":\"https:\\\/\\\/repliquemangacine.fr\\\/katana-kagurabachi-metal\\\/katana-cloud-gouger-dans-kagurabachi\\\/#primaryimage\"},\"image\":{\"@id\":\"https:\\\/\\\/repliquemangacine.fr\\\/katana-kagurabachi-metal\\\/katana-cloud-gouger-dans-kagurabachi\\\/#primaryimage\"},\"thumbnailUrl\":\"https:\\\/\\\/repliquemangacine.fr\\\/wp-content\\\/uploads\\\/2025\\\/03\\\/Katana-Genichi-Sojo.jpg\",\"datePublished\":\"2025-03-09T14:31:02+00:00\",\"dateModified\":\"2026-04-15T14:43:31+00:00\",\"description\":\"Adoptez la r\u00e9plique collector du katana Cloud Gouger de Genichi Sojo, lame l\u00e9gendaire du manga Kagurabachi, pour une immersion ultime chez vous !\",\"breadcrumb\":{\"@id\":\"https:\\\/\\\/repliquemangacine.fr\\\/katana-kagurabachi-metal\\\/katana-cloud-gouger-dans-kagurabachi\\\/#breadcrumb\"},\"inLanguage\":\"de\",\"potentialAction\":[{\"@type\":\"ReadAction\",\"target\":[\"https:\\\/\\\/repliquemangacine.fr\\\/katana-kagurabachi-metal\\\/katana-cloud-gouger-dans-kagurabachi\\\/\"]}]},{\"@type\":\"ImageObject\",\"inLanguage\":\"de\",\"@id\":\"https:\\\/\\\/repliquemangacine.fr\\\/katana-kagurabachi-metal\\\/katana-cloud-gouger-dans-kagurabachi\\\/#primaryimage\",\"url\":\"https:\\\/\\\/repliquemangacine.fr\\\/wp-content\\\/uploads\\\/2025\\\/03\\\/Katana-Genichi-Sojo.jpg\",\"contentUrl\":\"https:\\\/\\\/repliquemangacine.fr\\\/wp-content\\\/uploads\\\/2025\\\/03\\\/Katana-Genichi-Sojo.jpg\",\"width\":500,\"height\":500,\"caption\":\"Katana Cloud Gouger dans Kagurabachi\"},{\"@type\":\"BreadcrumbList\",\"@id\":\"https:\\\/\\\/repliquemangacine.fr\\\/katana-kagurabachi-metal\\\/katana-cloud-gouger-dans-kagurabachi\\\/#breadcrumb\",\"itemListElement\":[{\"@type\":\"ListItem\",\"position\":1,\"name\":\"Accueil\",\"item\":\"https:\\\/\\\/repliquemangacine.fr\\\/\"},{\"@type\":\"ListItem\",\"position\":2,\"name\":\"Produits\",\"item\":\"https:\\\/\\\/repliquemangacine.fr\\\/boutique\\\/\"},{\"@type\":\"ListItem\",\"position\":3,\"name\":\"Katana Cloud Gouger dans Kagurabachi\"}]},{\"@type\":\"WebSite\",\"@id\":\"https:\\\/\\\/repliquemangacine.fr\\\/#website\",\"url\":\"https:\\\/\\\/repliquemangacine.fr\\\/\",\"name\":\"R\u00e9plique Manga Cin\u00e9\",\"description\":\"\",\"publisher\":{\"@id\":\"https:\\\/\\\/repliquemangacine.fr\\\/#organization\"},\"potentialAction\":[{\"@type\":\"SearchAction\",\"target\":{\"@type\":\"EntryPoint\",\"urlTemplate\":\"https:\\\/\\\/repliquemangacine.fr\\\/?s={search_term_string}\"},\"query-input\":{\"@type\":\"PropertyValueSpecification\",\"valueRequired\":true,\"valueName\":\"search_term_string\"}}],\"inLanguage\":\"de\"},{\"@type\":\"Organization\",\"@id\":\"https:\\\/\\\/repliquemangacine.fr\\\/#organization\",\"name\":\"R\u00e9plique Manga Cin\u00e9\",\"url\":\"https:\\\/\\\/repliquemangacine.fr\\\/\",\"logo\":{\"@type\":\"ImageObject\",\"inLanguage\":\"de\",\"@id\":\"https:\\\/\\\/repliquemangacine.fr\\\/#\\\/schema\\\/logo\\\/image\\\/\",\"url\":\"https:\\\/\\\/repliquemangacine.fr\\\/wp-content\\\/uploads\\\/2023\\\/10\\\/RMC-500250.png\",\"contentUrl\":\"https:\\\/\\\/repliquemangacine.fr\\\/wp-content\\\/uploads\\\/2023\\\/10\\\/RMC-500250.png\",\"width\":500,\"height\":250,\"caption\":\"R\u00e9plique Manga Cin\u00e9\"},\"image\":{\"@id\":\"https:\\\/\\\/repliquemangacine.fr\\\/#\\\/schema\\\/logo\\\/image\\\/\"},\"sameAs\":[\"https:\\\/\\\/www.facebook.com\\\/RepliqueMangaCine\",\"https:\\\/\\\/www.instagram.com\\\/repliquemangacine.fr\\\/\"]}]}<\/script>\n<!-- \/ Yoast SEO plugin. -->","yoast_head_json":{"title":"Katana Cloud Gouger in Kagurabachi - R\u00e9plique Manga Cin\u00e9","description":"Holen Sie sich die Sammlerreplik von Genichi Sojos Cloud Gouger Katana, der legend\u00e4ren Klinge aus dem Manga Kagurabachi, f\u00fcr das ultimative Eintauchen in Ihr Zuhause!","robots":{"index":"index","follow":"follow","max-snippet":"max-snippet:-1","max-image-preview":"max-image-preview:large","max-video-preview":"max-video-preview:-1"},"canonical":"https:\/\/repliquemangacine.fr\/de\/katana-kagurabachi-metal\/katana-cloud-gouger-in-kagurabachi\/","og_locale":"de_DE","og_type":"article","og_title":"Katana Cloud Gouger dans Kagurabachi - R\u00e9plique Manga Cin\u00e9","og_description":"Adoptez la r\u00e9plique collector du katana Cloud Gouger de Genichi Sojo, lame l\u00e9gendaire du manga Kagurabachi, pour une immersion ultime chez vous !","og_url":"https:\/\/repliquemangacine.fr\/de\/katana-kagurabachi-metal\/katana-cloud-gouger-in-kagurabachi\/","og_site_name":"R\u00e9plique Manga Cin\u00e9","article_publisher":"https:\/\/www.facebook.com\/RepliqueMangaCine","article_modified_time":"2026-04-15T14:43:31+00:00","og_image":[{"width":500,"height":500,"url":"https:\/\/repliquemangacine.fr\/wp-content\/uploads\/2025\/03\/Katana-Genichi-Sojo.jpg","type":"image\/jpeg"}],"twitter_card":"summary_large_image","twitter_misc":{"Gesch\u00e4tzte Lesezeit":"3\u00a0Minuten"},"schema":{"@context":"https:\/\/schema.org","@graph":[{"@type":"WebPage","@id":"https:\/\/repliquemangacine.fr\/katana-kagurabachi-metal\/katana-cloud-gouger-dans-kagurabachi\/","url":"https:\/\/repliquemangacine.fr\/katana-kagurabachi-metal\/katana-cloud-gouger-dans-kagurabachi\/","name":"Katana Cloud Gouger in Kagurabachi - R\u00e9plique Manga Cin\u00e9","isPartOf":{"@id":"https:\/\/repliquemangacine.fr\/#website"},"primaryImageOfPage":{"@id":"https:\/\/repliquemangacine.fr\/katana-kagurabachi-metal\/katana-cloud-gouger-dans-kagurabachi\/#primaryimage"},"image":{"@id":"https:\/\/repliquemangacine.fr\/katana-kagurabachi-metal\/katana-cloud-gouger-dans-kagurabachi\/#primaryimage"},"thumbnailUrl":"https:\/\/repliquemangacine.fr\/wp-content\/uploads\/2025\/03\/Katana-Genichi-Sojo.jpg","datePublished":"2025-03-09T14:31:02+00:00","dateModified":"2026-04-15T14:43:31+00:00","description":"Holen Sie sich die Sammlerreplik von Genichi Sojos Cloud Gouger Katana, der legend\u00e4ren Klinge aus dem Manga Kagurabachi, f\u00fcr das ultimative Eintauchen in Ihr Zuhause!","breadcrumb":{"@id":"https:\/\/repliquemangacine.fr\/katana-kagurabachi-metal\/katana-cloud-gouger-dans-kagurabachi\/#breadcrumb"},"inLanguage":"de","potentialAction":[{"@type":"ReadAction","target":["https:\/\/repliquemangacine.fr\/katana-kagurabachi-metal\/katana-cloud-gouger-dans-kagurabachi\/"]}]},{"@type":"ImageObject","inLanguage":"de","@id":"https:\/\/repliquemangacine.fr\/katana-kagurabachi-metal\/katana-cloud-gouger-dans-kagurabachi\/#primaryimage","url":"https:\/\/repliquemangacine.fr\/wp-content\/uploads\/2025\/03\/Katana-Genichi-Sojo.jpg","contentUrl":"https:\/\/repliquemangacine.fr\/wp-content\/uploads\/2025\/03\/Katana-Genichi-Sojo.jpg","width":500,"height":500,"caption":"Katana Cloud Gouger dans Kagurabachi"},{"@type":"BreadcrumbList","@id":"https:\/\/repliquemangacine.fr\/katana-kagurabachi-metal\/katana-cloud-gouger-dans-kagurabachi\/#breadcrumb","itemListElement":[{"@type":"ListItem","position":1,"name":"Accueil","item":"https:\/\/repliquemangacine.fr\/"},{"@type":"ListItem","position":2,"name":"Produits","item":"https:\/\/repliquemangacine.fr\/boutique\/"},{"@type":"ListItem","position":3,"name":"Katana Cloud Gouger dans Kagurabachi"}]},{"@type":"WebSite","@id":"https:\/\/repliquemangacine.fr\/#website","url":"https:\/\/repliquemangacine.fr\/","name":"R\u00e9plique Manga Cin\u00e9","description":"","publisher":{"@id":"https:\/\/repliquemangacine.fr\/#organization"},"potentialAction":[{"@type":"SearchAction","target":{"@type":"EntryPoint","urlTemplate":"https:\/\/repliquemangacine.fr\/?s={search_term_string}"},"query-input":{"@type":"PropertyValueSpecification","valueRequired":true,"valueName":"search_term_string"}}],"inLanguage":"de"},{"@type":"Organization","@id":"https:\/\/repliquemangacine.fr\/#organization","name":"R\u00e9plique Manga Cin\u00e9","url":"https:\/\/repliquemangacine.fr\/","logo":{"@type":"ImageObject","inLanguage":"de","@id":"https:\/\/repliquemangacine.fr\/#\/schema\/logo\/image\/","url":"https:\/\/repliquemangacine.fr\/wp-content\/uploads\/2023\/10\/RMC-500250.png","contentUrl":"https:\/\/repliquemangacine.fr\/wp-content\/uploads\/2023\/10\/RMC-500250.png","width":500,"height":250,"caption":"R\u00e9plique Manga Cin\u00e9"},"image":{"@id":"https:\/\/repliquemangacine.fr\/#\/schema\/logo\/image\/"},"sameAs":["https:\/\/www.facebook.com\/RepliqueMangaCine","https:\/\/www.instagram.com\/repliquemangacine.fr\/"]}]}},"_links":{"self":[{"href":"https:\/\/repliquemangacine.fr\/de\/wp-json\/wp\/v2\/product\/82552","targetHints":{"allow":["GET"]}}],"collection":[{"href":"https:\/\/repliquemangacine.fr\/de\/wp-json\/wp\/v2\/product"}],"about":[{"href":"https:\/\/repliquemangacine.fr\/de\/wp-json\/wp\/v2\/types\/product"}],"wp:featuredmedia":[{"embeddable":true,"href":"https:\/\/repliquemangacine.fr\/de\/wp-json\/wp\/v2\/media\/82568"}],"wp:attachment":[{"href":"https:\/\/repliquemangacine.fr\/de\/wp-json\/wp\/v2\/media?parent=82552"}],"wp:term":[{"taxonomy":"product_brand","embeddable":true,"href":"https:\/\/repliquemangacine.fr\/de\/wp-json\/wp\/v2\/product_brand?post=82552"},{"taxonomy":"product_cat","embeddable":true,"href":"https:\/\/repliquemangacine.fr\/de\/wp-json\/wp\/v2\/product_cat?post=82552"},{"taxonomy":"product_tag","embeddable":true,"href":"https:\/\/repliquemangacine.fr\/de\/wp-json\/wp\/v2\/product_tag?post=82552"}],"curies":[{"name":"wp","href":"https:\/\/api.w.org\/{rel}","templated":true}]}}