





{"id":82540,"date":"2025-03-08T17:13:46","date_gmt":"2025-03-08T16:13:46","guid":{"rendered":"https:\/\/repliquemangacine.fr\/?post_type=product&#038;p=82540"},"modified":"2026-03-19T12:21:20","modified_gmt":"2026-03-19T11:21:20","slug":"mortal-blade-sekiro-shadows-die-twice-4","status":"publish","type":"product","link":"https:\/\/repliquemangacine.fr\/de\/katana-et-epee-de-jeux-video-autre-jeux-video\/mortal-blade-sekiro-shadows-die-twice-4\/","title":{"rendered":"Mortal Blade Sekiro - Shadows Die Twice 4"},"content":{"rendered":"<h2>Entdecken Sie den legend\u00e4ren Mortal Blade aus Sekiro<\/h2>\n<p>Erkunden Sie zun\u00e4chst die faszinierende Welt des feudalen Japans mit der<strong> Mortal Blade von Sekiro<\/strong>. Dieses au\u00dfergew\u00f6hnliche Katana besitzt eine Klinge aus nicht scharfem Stahl. Sie ist mit wundersch\u00f6nen, detaillierten Verzierungen versehen und eignet sich perfekt f\u00fcr anspruchsvolle Sammler und Liebhaber. Der Griff ist elegant und authentisch und imitiert die Haut eines schwarzen Rochens, die mit einem feinen wei\u00dfen Baumwollgeflecht \u00fcberzogen ist. Dies sorgt f\u00fcr einen komfortablen und realistischen Griff. Dar\u00fcber hinaus ist der Griff aus gealtertem Stahl mit feinen Schnitzereien versehen. Die zarte Darstellung von Bl\u00fctenbl\u00e4ttern erinnert an den traditionellen Geist der Samurai. Die Scheide aus robustem Holz mit ABS-Beschichtung in Holzoptik rundet dieses Sammlerst\u00fcck mit ihren reichen, sorgf\u00e4ltig gearbeiteten Verzierungen harmonisch ab. Mit einer Klingenl\u00e4nge von 66,5 cm und einer Gesamtl\u00e4nge von 105 cm inklusive Scheide. Dieses Replikat wird schnell zu einem unverzichtbaren Bestandteil Ihrer Sammlung werden und dank seiner Authentizit\u00e4t die Blicke Ihrer G\u00e4ste auf sich ziehen.<\/p>\n<h2>Tauchen Sie ein in die fesselnde Welt von Sekiro: Shadows Die Twice<\/h2>\n<p>Dann lass dich in die fesselnde Welt von Sekiro: Shadows Die Twice entf\u00fchren. Das Spiel wurde von FromSoftware entwickelt, dem Studio hinter den ber\u00fchmten Serien Dark Souls und Bloodborne. Das Spiel spielt in einem <a href=\"https:\/\/www.worldhistory.org\/trans\/fr\/2-1438\/feodalisme-dans-le-japon-medieval\/\" target=\"_blank\" rel=\"noopener noreferrer\">Feudales Japan<\/a> In diesem fiktiven und mystischen Videospiel tauchen Sie in ein episches und d\u00fcsteres Abenteuer ein, in dem Mythologie und Realit\u00e4t miteinander verschmelzen. Sie schl\u00fcpfen in die Rolle von Sekiro, einem gef\u00fcrchteten Krieger mit einzigartigen Prothesen, der nach Rache und pers\u00f6nlicher Erl\u00f6sung strebt. Das anspruchsvolle, aber lohnende Gameplay macht jeden Kampf zu einer echten Geschicklichkeitspr\u00fcfung, bei der es auf Pr\u00e4zision und Reaktionsf\u00e4higkeit ankommt. Das Spiel ist bekannt f\u00fcr seine pr\u00e4chtigen Grafiken, seine detaillierten Umgebungen und seine tiefgr\u00fcndige Handlung mit vielen Geheimnissen und fesselnden Wendungen. Die Nachbildung der \"T\u00f6dlichen Klinge\" ist eine einzigartige Gelegenheit, den Geist des Spiels zu Hause zu verk\u00f6rpern.<\/p>\n<h2>Vervollst\u00e4ndigen Sie Ihre Sammlung mit unseren anderen Videospielrepliken<\/h2>\n<p>Wenn Sie sich f\u00fcr Videospiele begeistern, sollten Sie sich auch unsere anderen legend\u00e4ren Repliken ansehen, die alle Fans begeistern werden. F\u00fcr die Anh\u00e4nger des Elden Rings ist der<a href=\"https:\/\/repliquemangacine.fr\/de\/katana-und-schwert-von-videospielen-andere-videospiele\/schwert-dark-moon-greatsword-elden-ring\/\">Dark Moon Greatsword-Schwert<\/a> erwartet Sie, das legend\u00e4re Emblem einer unvergleichlichen magischen Kraft, ideal, um die geheimnisvolle Atmosph\u00e4re dieses Kultspiels zu sp\u00fcren. Ebenfalls erh\u00e4ltlich ist das<a href=\"https:\/\/repliquemangacine.fr\/de\/katana-und-schwert-von-videospielen-andere-videospiele\/fusionsschwert-cloud-multiblade-buster-sword-final-fantasy-vii\/\">Fusionsschwert Cloud Strife<\/a> aus Final Fantasy. Eine au\u00dfergew\u00f6hnliche Replik, die perfekt geeignet ist, um die epischen Abenteuer des ber\u00fchmten Helden nachzuerleben und Ihre Freunde zu beeindrucken. Verpassen Sie auch nicht die wundersch\u00f6ne <a href=\"https:\/\/repliquemangacine.fr\/de\/katana-und-schwert-von-videospielen-andere-videospiele\/epee-red-queen-devil-my-cry\/\">Schwert Red Queen<\/a> des legend\u00e4ren Nero aus Devil May Cry. Bekannt f\u00fcr ihr einzigartiges Design und ihre au\u00dfergew\u00f6hnliche Verarbeitung. Ob Sie also ein erfahrener Sammler oder ein Neuling sind, jede der angebotenen Repliken bringt Sie Ihren Lieblingshelden und ihren unvergesslichen Abenteuern n\u00e4her und bereichert Ihre Sammlung um seltene und faszinierende Objekte.<\/p>","protected":false},"excerpt":{"rendered":"<p>Wundersch\u00f6ne Replik von Sekiros Katana aus dem Videospiel Shadows Die Twice<\/p>\n<ul>\n<li>Nicht scharfe Stahlklinge mit Dekor.<\/li>\n<li>Griff aus schwarzem Rochenhautimitat, \u00fcberzogen mit einem wei\u00dfen Baumwollgeflecht.<\/li>\n<li>Griff aus gealtertem Stahl, der Bl\u00fctenbl\u00e4tter darstellt.<\/li>\n<li>Holzscheide mit holzimitiertem ABS \u00fcberzogen und reich verziert.<\/li>\n<li>L\u00e4nge der Klinge: 66.5 cm - Gesamtl\u00e4nge: 105cm mit Futteral<\/li>\n<\/ul>","protected":false},"featured_media":82542,"template":"","meta":[],"product_brand":[896],"product_cat":[67],"product_tag":[],"class_list":{"0":"post-82540","1":"product","2":"type-product","3":"status-publish","4":"has-post-thumbnail","6":"product_brand-replique-manga-cine","7":"product_cat-katana-et-epee-de-jeux-video-autre-jeux-video","9":"first","10":"instock","11":"taxable","12":"shipping-taxable","13":"purchasable","14":"product-type-simple"},"yoast_head":"<!-- This site is optimized with the Yoast SEO plugin v27.5 - https:\/\/yoast.com\/product\/yoast-seo-wordpress\/ -->\n<title>Mortal Blade Sekiro - Shadows Die Twice 4 - R\u00e9plique Manga Cin\u00e9<\/title>\n<meta name=\"description\" content=\"Devenez ma\u00eetre samoura\u00ef avec la r\u00e9plique collector du katana Mortal Blade de Sekiro, pour une immersion ultime chez vous ! Lame acier. 105 cm\" \/>\n<meta name=\"robots\" content=\"index, follow, max-snippet:-1, max-image-preview:large, max-video-preview:-1\" \/>\n<link rel=\"canonical\" href=\"https:\/\/repliquemangacine.fr\/de\/katana-und-schwert-von-videospielen-andere-videospiele\/mortal-blade-sekiro-shadows-die-twice-4\/\" \/>\n<meta property=\"og:locale\" content=\"de_DE\" \/>\n<meta property=\"og:type\" content=\"article\" \/>\n<meta property=\"og:title\" content=\"Mortal Blade Sekiro - Shadows Die Twice 4 - R\u00e9plique Manga Cin\u00e9\" \/>\n<meta property=\"og:description\" content=\"Devenez ma\u00eetre samoura\u00ef avec la r\u00e9plique collector du katana Mortal Blade de Sekiro, pour une immersion ultime chez vous ! Lame acier. 105 cm\" \/>\n<meta property=\"og:url\" content=\"https:\/\/repliquemangacine.fr\/de\/katana-und-schwert-von-videospielen-andere-videospiele\/mortal-blade-sekiro-shadows-die-twice-4\/\" \/>\n<meta property=\"og:site_name\" content=\"R\u00e9plique Manga Cin\u00e9\" \/>\n<meta property=\"article:publisher\" content=\"https:\/\/www.facebook.com\/RepliqueMangaCine\" \/>\n<meta property=\"article:modified_time\" content=\"2026-03-19T11:21:20+00:00\" \/>\n<meta property=\"og:image\" content=\"https:\/\/repliquemangacine.fr\/wp-content\/uploads\/2025\/03\/katana-Sekiro-shadows-die-twice.jpg\" \/>\n\t<meta property=\"og:image:width\" content=\"500\" \/>\n\t<meta property=\"og:image:height\" content=\"500\" \/>\n\t<meta property=\"og:image:type\" content=\"image\/jpeg\" \/>\n<meta name=\"twitter:card\" content=\"summary_large_image\" \/>\n<meta name=\"twitter:label1\" content=\"Gesch\u00e4tzte Lesezeit\" \/>\n\t<meta name=\"twitter:data1\" content=\"3\u00a0Minuten\" \/>\n<script type=\"application\/ld+json\" class=\"yoast-schema-graph\">{\"@context\":\"https:\\\/\\\/schema.org\",\"@graph\":[{\"@type\":\"WebPage\",\"@id\":\"https:\\\/\\\/repliquemangacine.fr\\\/katana-et-epee-de-jeux-video-autre-jeux-video\\\/mortal-blade-sekiro-shadows-die-twice-4\\\/\",\"url\":\"https:\\\/\\\/repliquemangacine.fr\\\/katana-et-epee-de-jeux-video-autre-jeux-video\\\/mortal-blade-sekiro-shadows-die-twice-4\\\/\",\"name\":\"Mortal Blade Sekiro - Shadows Die Twice 4 - R\u00e9plique Manga Cin\u00e9\",\"isPartOf\":{\"@id\":\"https:\\\/\\\/repliquemangacine.fr\\\/#website\"},\"primaryImageOfPage\":{\"@id\":\"https:\\\/\\\/repliquemangacine.fr\\\/katana-et-epee-de-jeux-video-autre-jeux-video\\\/mortal-blade-sekiro-shadows-die-twice-4\\\/#primaryimage\"},\"image\":{\"@id\":\"https:\\\/\\\/repliquemangacine.fr\\\/katana-et-epee-de-jeux-video-autre-jeux-video\\\/mortal-blade-sekiro-shadows-die-twice-4\\\/#primaryimage\"},\"thumbnailUrl\":\"https:\\\/\\\/repliquemangacine.fr\\\/wp-content\\\/uploads\\\/2025\\\/03\\\/katana-Sekiro-shadows-die-twice.jpg\",\"datePublished\":\"2025-03-08T16:13:46+00:00\",\"dateModified\":\"2026-03-19T11:21:20+00:00\",\"description\":\"Devenez ma\u00eetre samoura\u00ef avec la r\u00e9plique collector du katana Mortal Blade de Sekiro, pour une immersion ultime chez vous ! Lame acier. 105 cm\",\"breadcrumb\":{\"@id\":\"https:\\\/\\\/repliquemangacine.fr\\\/katana-et-epee-de-jeux-video-autre-jeux-video\\\/mortal-blade-sekiro-shadows-die-twice-4\\\/#breadcrumb\"},\"inLanguage\":\"de\",\"potentialAction\":[{\"@type\":\"ReadAction\",\"target\":[\"https:\\\/\\\/repliquemangacine.fr\\\/katana-et-epee-de-jeux-video-autre-jeux-video\\\/mortal-blade-sekiro-shadows-die-twice-4\\\/\"]}]},{\"@type\":\"ImageObject\",\"inLanguage\":\"de\",\"@id\":\"https:\\\/\\\/repliquemangacine.fr\\\/katana-et-epee-de-jeux-video-autre-jeux-video\\\/mortal-blade-sekiro-shadows-die-twice-4\\\/#primaryimage\",\"url\":\"https:\\\/\\\/repliquemangacine.fr\\\/wp-content\\\/uploads\\\/2025\\\/03\\\/katana-Sekiro-shadows-die-twice.jpg\",\"contentUrl\":\"https:\\\/\\\/repliquemangacine.fr\\\/wp-content\\\/uploads\\\/2025\\\/03\\\/katana-Sekiro-shadows-die-twice.jpg\",\"width\":500,\"height\":500,\"caption\":\"Mortal Blade Sekiro\"},{\"@type\":\"BreadcrumbList\",\"@id\":\"https:\\\/\\\/repliquemangacine.fr\\\/katana-et-epee-de-jeux-video-autre-jeux-video\\\/mortal-blade-sekiro-shadows-die-twice-4\\\/#breadcrumb\",\"itemListElement\":[{\"@type\":\"ListItem\",\"position\":1,\"name\":\"Accueil\",\"item\":\"https:\\\/\\\/repliquemangacine.fr\\\/\"},{\"@type\":\"ListItem\",\"position\":2,\"name\":\"Produits\",\"item\":\"https:\\\/\\\/repliquemangacine.fr\\\/boutique\\\/\"},{\"@type\":\"ListItem\",\"position\":3,\"name\":\"Mortal Blade Sekiro &#8211; Shadows Die Twice 4\"}]},{\"@type\":\"WebSite\",\"@id\":\"https:\\\/\\\/repliquemangacine.fr\\\/#website\",\"url\":\"https:\\\/\\\/repliquemangacine.fr\\\/\",\"name\":\"R\u00e9plique Manga Cin\u00e9\",\"description\":\"\",\"publisher\":{\"@id\":\"https:\\\/\\\/repliquemangacine.fr\\\/#organization\"},\"potentialAction\":[{\"@type\":\"SearchAction\",\"target\":{\"@type\":\"EntryPoint\",\"urlTemplate\":\"https:\\\/\\\/repliquemangacine.fr\\\/?s={search_term_string}\"},\"query-input\":{\"@type\":\"PropertyValueSpecification\",\"valueRequired\":true,\"valueName\":\"search_term_string\"}}],\"inLanguage\":\"de\"},{\"@type\":\"Organization\",\"@id\":\"https:\\\/\\\/repliquemangacine.fr\\\/#organization\",\"name\":\"R\u00e9plique Manga Cin\u00e9\",\"url\":\"https:\\\/\\\/repliquemangacine.fr\\\/\",\"logo\":{\"@type\":\"ImageObject\",\"inLanguage\":\"de\",\"@id\":\"https:\\\/\\\/repliquemangacine.fr\\\/#\\\/schema\\\/logo\\\/image\\\/\",\"url\":\"https:\\\/\\\/repliquemangacine.fr\\\/wp-content\\\/uploads\\\/2023\\\/10\\\/RMC-500250.png\",\"contentUrl\":\"https:\\\/\\\/repliquemangacine.fr\\\/wp-content\\\/uploads\\\/2023\\\/10\\\/RMC-500250.png\",\"width\":500,\"height\":250,\"caption\":\"R\u00e9plique Manga Cin\u00e9\"},\"image\":{\"@id\":\"https:\\\/\\\/repliquemangacine.fr\\\/#\\\/schema\\\/logo\\\/image\\\/\"},\"sameAs\":[\"https:\\\/\\\/www.facebook.com\\\/RepliqueMangaCine\",\"https:\\\/\\\/www.instagram.com\\\/repliquemangacine.fr\\\/\"]}]}<\/script>\n<!-- \/ Yoast SEO plugin. -->","yoast_head_json":{"title":"Mortal Blade Sekiro - Shadows Die Twice 4 - R\u00e9plique Manga Cin\u00e9","description":"Werden Sie mit der Sammlerreplik des Mortal Blade Katanas aus Sekiro zum Samurai-Meister und holen Sie sich das ultimative Eintauchen nach Hause! Klinge aus Stahl. 105 cm","robots":{"index":"index","follow":"follow","max-snippet":"max-snippet:-1","max-image-preview":"max-image-preview:large","max-video-preview":"max-video-preview:-1"},"canonical":"https:\/\/repliquemangacine.fr\/de\/katana-und-schwert-von-videospielen-andere-videospiele\/mortal-blade-sekiro-shadows-die-twice-4\/","og_locale":"de_DE","og_type":"article","og_title":"Mortal Blade Sekiro - Shadows Die Twice 4 - R\u00e9plique Manga Cin\u00e9","og_description":"Devenez ma\u00eetre samoura\u00ef avec la r\u00e9plique collector du katana Mortal Blade de Sekiro, pour une immersion ultime chez vous ! Lame acier. 105 cm","og_url":"https:\/\/repliquemangacine.fr\/de\/katana-und-schwert-von-videospielen-andere-videospiele\/mortal-blade-sekiro-shadows-die-twice-4\/","og_site_name":"R\u00e9plique Manga Cin\u00e9","article_publisher":"https:\/\/www.facebook.com\/RepliqueMangaCine","article_modified_time":"2026-03-19T11:21:20+00:00","og_image":[{"width":500,"height":500,"url":"https:\/\/repliquemangacine.fr\/wp-content\/uploads\/2025\/03\/katana-Sekiro-shadows-die-twice.jpg","type":"image\/jpeg"}],"twitter_card":"summary_large_image","twitter_misc":{"Gesch\u00e4tzte Lesezeit":"3\u00a0Minuten"},"schema":{"@context":"https:\/\/schema.org","@graph":[{"@type":"WebPage","@id":"https:\/\/repliquemangacine.fr\/katana-et-epee-de-jeux-video-autre-jeux-video\/mortal-blade-sekiro-shadows-die-twice-4\/","url":"https:\/\/repliquemangacine.fr\/katana-et-epee-de-jeux-video-autre-jeux-video\/mortal-blade-sekiro-shadows-die-twice-4\/","name":"Mortal Blade Sekiro - Shadows Die Twice 4 - R\u00e9plique Manga Cin\u00e9","isPartOf":{"@id":"https:\/\/repliquemangacine.fr\/#website"},"primaryImageOfPage":{"@id":"https:\/\/repliquemangacine.fr\/katana-et-epee-de-jeux-video-autre-jeux-video\/mortal-blade-sekiro-shadows-die-twice-4\/#primaryimage"},"image":{"@id":"https:\/\/repliquemangacine.fr\/katana-et-epee-de-jeux-video-autre-jeux-video\/mortal-blade-sekiro-shadows-die-twice-4\/#primaryimage"},"thumbnailUrl":"https:\/\/repliquemangacine.fr\/wp-content\/uploads\/2025\/03\/katana-Sekiro-shadows-die-twice.jpg","datePublished":"2025-03-08T16:13:46+00:00","dateModified":"2026-03-19T11:21:20+00:00","description":"Werden Sie mit der Sammlerreplik des Mortal Blade Katanas aus Sekiro zum Samurai-Meister und holen Sie sich das ultimative Eintauchen nach Hause! Klinge aus Stahl. 105 cm","breadcrumb":{"@id":"https:\/\/repliquemangacine.fr\/katana-et-epee-de-jeux-video-autre-jeux-video\/mortal-blade-sekiro-shadows-die-twice-4\/#breadcrumb"},"inLanguage":"de","potentialAction":[{"@type":"ReadAction","target":["https:\/\/repliquemangacine.fr\/katana-et-epee-de-jeux-video-autre-jeux-video\/mortal-blade-sekiro-shadows-die-twice-4\/"]}]},{"@type":"ImageObject","inLanguage":"de","@id":"https:\/\/repliquemangacine.fr\/katana-et-epee-de-jeux-video-autre-jeux-video\/mortal-blade-sekiro-shadows-die-twice-4\/#primaryimage","url":"https:\/\/repliquemangacine.fr\/wp-content\/uploads\/2025\/03\/katana-Sekiro-shadows-die-twice.jpg","contentUrl":"https:\/\/repliquemangacine.fr\/wp-content\/uploads\/2025\/03\/katana-Sekiro-shadows-die-twice.jpg","width":500,"height":500,"caption":"Mortal Blade Sekiro"},{"@type":"BreadcrumbList","@id":"https:\/\/repliquemangacine.fr\/katana-et-epee-de-jeux-video-autre-jeux-video\/mortal-blade-sekiro-shadows-die-twice-4\/#breadcrumb","itemListElement":[{"@type":"ListItem","position":1,"name":"Accueil","item":"https:\/\/repliquemangacine.fr\/"},{"@type":"ListItem","position":2,"name":"Produits","item":"https:\/\/repliquemangacine.fr\/boutique\/"},{"@type":"ListItem","position":3,"name":"Mortal Blade Sekiro &#8211; Shadows Die Twice 4"}]},{"@type":"WebSite","@id":"https:\/\/repliquemangacine.fr\/#website","url":"https:\/\/repliquemangacine.fr\/","name":"R\u00e9plique Manga Cin\u00e9","description":"","publisher":{"@id":"https:\/\/repliquemangacine.fr\/#organization"},"potentialAction":[{"@type":"SearchAction","target":{"@type":"EntryPoint","urlTemplate":"https:\/\/repliquemangacine.fr\/?s={search_term_string}"},"query-input":{"@type":"PropertyValueSpecification","valueRequired":true,"valueName":"search_term_string"}}],"inLanguage":"de"},{"@type":"Organization","@id":"https:\/\/repliquemangacine.fr\/#organization","name":"R\u00e9plique Manga Cin\u00e9","url":"https:\/\/repliquemangacine.fr\/","logo":{"@type":"ImageObject","inLanguage":"de","@id":"https:\/\/repliquemangacine.fr\/#\/schema\/logo\/image\/","url":"https:\/\/repliquemangacine.fr\/wp-content\/uploads\/2023\/10\/RMC-500250.png","contentUrl":"https:\/\/repliquemangacine.fr\/wp-content\/uploads\/2023\/10\/RMC-500250.png","width":500,"height":250,"caption":"R\u00e9plique Manga Cin\u00e9"},"image":{"@id":"https:\/\/repliquemangacine.fr\/#\/schema\/logo\/image\/"},"sameAs":["https:\/\/www.facebook.com\/RepliqueMangaCine","https:\/\/www.instagram.com\/repliquemangacine.fr\/"]}]}},"_links":{"self":[{"href":"https:\/\/repliquemangacine.fr\/de\/wp-json\/wp\/v2\/product\/82540","targetHints":{"allow":["GET"]}}],"collection":[{"href":"https:\/\/repliquemangacine.fr\/de\/wp-json\/wp\/v2\/product"}],"about":[{"href":"https:\/\/repliquemangacine.fr\/de\/wp-json\/wp\/v2\/types\/product"}],"wp:featuredmedia":[{"embeddable":true,"href":"https:\/\/repliquemangacine.fr\/de\/wp-json\/wp\/v2\/media\/82542"}],"wp:attachment":[{"href":"https:\/\/repliquemangacine.fr\/de\/wp-json\/wp\/v2\/media?parent=82540"}],"wp:term":[{"taxonomy":"product_brand","embeddable":true,"href":"https:\/\/repliquemangacine.fr\/de\/wp-json\/wp\/v2\/product_brand?post=82540"},{"taxonomy":"product_cat","embeddable":true,"href":"https:\/\/repliquemangacine.fr\/de\/wp-json\/wp\/v2\/product_cat?post=82540"},{"taxonomy":"product_tag","embeddable":true,"href":"https:\/\/repliquemangacine.fr\/de\/wp-json\/wp\/v2\/product_tag?post=82540"}],"curies":[{"name":"wp","href":"https:\/\/api.w.org\/{rel}","templated":true}]}}