





{"id":82266,"date":"2025-02-21T17:59:48","date_gmt":"2025-02-21T16:59:48","guid":{"rendered":"https:\/\/repliquemangacine.fr\/?post_type=product&#038;p=82266"},"modified":"2025-11-13T01:25:53","modified_gmt":"2025-11-13T00:25:53","slug":"greatsword-epee-elden-ring","status":"publish","type":"product","link":"https:\/\/repliquemangacine.fr\/de\/elden-ring\/epee-greatsword-elden-ring\/","title":{"rendered":"Greatsword-Schwert Elden Ring"},"content":{"rendered":"<h2>Greatsword of Elden Ring: Das kolossale Schwert der Machtkrieger<\/h2>\n<p>Zun\u00e4chst einmal ist die<strong>Schwert<\/strong> <strong>Greatsword von Elden Ring<\/strong> ist ein imposantes Kolossalschwert, inspiriert von der Saga <a href=\"https:\/\/berserk.fandom.com\/fr\/wiki\/Wiki_Berserk\" target=\"_blank\" rel=\"noopener noreferrer\">Berserk<\/a>. Diese massive Waffe besitzt eine unvergleichliche Zerst\u00f6rungskraft. Ihr raues und imposantes Design erinnert an die Schwerter der gr\u00f6\u00dften Krieger der Dark Fantasy-Welt. Das Greatsword ist die perfekte Waffe f\u00fcr Spieler, die in K\u00e4mpfen maximale Wirkung erzielen wollen. Seine riesige Klinge verleiht ihm eine furchteinfl\u00f6\u00dfende Reichweite auf dem Schlachtfeld. Dank ihrer St\u00e4rke-Skalierung f\u00fcgt sie Gegnern gigantischen Schaden zu. Die Sprungangriffe mit dieser Waffe sind gegen gro\u00dfe Gegner und Bosse gef\u00fcrchtet. \u00dcbrigens ist das Greatsword ideal, um mit seinen m\u00e4chtigen Schl\u00e4gen die K\u00f6rperhaltung von Gegnern zu brechen. Mit diesem Schwert bringt jeder Schlag den Boden zum Beben und schleudert die Gegner weg. Dieses ikonische Artefakt ist ein Muss f\u00fcr alle Spieler, die auf rohe Kraft stehen.<\/p>\n<h2>Meistere das Greatsword Elden Ring Schwert und beherrsche deine Gegner<\/h2>\n<p>Das Greatsword ist eine furchteinfl\u00f6\u00dfende Waffe, die sich in Nahk\u00e4mpfen und intensiven Duellen auszeichnet. Dank ihres kolossalen Gewichts bietet sie eine au\u00dfergew\u00f6hnliche Angriffskraft. Sein schwerer Angriff kann selbst die Deckung des st\u00e4rksten Gegners durchbrechen. Sie kann mit verschiedenen Kriegsaschen kombiniert werden, um ihr Offensivpotenzial zu maximieren. Zu den besten F\u00e4higkeiten geh\u00f6rt Lion's Claw, mit dem sich zerst\u00f6rerische akrobatische Angriffe aneinanderreihen lassen. Mit einer Steigerung der St\u00e4rke auf 50+ wird dieses Schwert zur ultimativen Waffe. Es eignet sich daher perfekt f\u00fcr Tank-Builds, die viel Schaden einstecken und austeilen k\u00f6nnen. Sein imposantes Design erinnert an das legend\u00e4re Schwert von Guts in Berserk. Es kann schon fr\u00fch im Spiel erlangt werden, wenn man die Region Caelid erkundet. Seine Vielseitigkeit und Brutalit\u00e4t machen es zu einer legend\u00e4ren Waffe f\u00fcr jeden Abenteurer, der die totale Herrschaft anstrebt.<\/p>\n<h2>Weitere legend\u00e4re Klingen aus den gr\u00f6\u00dften Videospielen<\/h2>\n<p>Neben dem Greatsword gibt es noch andere mythische Schwerter, die einen Platz in Ihrer Sammlung verdienen. Die <a href=\"https:\/\/repliquemangacine.fr\/de\/katana-und-schwert-von-videospielen-andere-videospiele\/schwert-dark-moon-greatsword-elden-ring\/\">Dark Moon<\/a> Greatsword ist eine ikonische Waffe von Elden Ring, die von Mondenergie durchdrungen ist. Es gibt auch das <a href=\"https:\/\/repliquemangacine.fr\/de\/katana-und-schwert-von-videospielen-andere-videospiele\/katana-moonveil-in-elden-ring\/\">Moonveil<\/a>Ein legend\u00e4res Katana, mit dem man schnelle und scharfe magische Angriffe ausf\u00fchren kann. Sowie das<a href=\"https:\/\/repliquemangacine.fr\/de\/katana-und-schwert-von-videospielen-andere-videospiele\/katana-uchigatana-elden-ring\/\">Uchigatana<\/a>ist eine unverzichtbare Waffe f\u00fcr Anh\u00e4nger des Blooding-Builds. In der Welt von Final Fantasy ist der<a href=\"https:\/\/repliquemangacine.fr\/de\/katana-und-schwert-von-videospielen-andere-videospiele\/fusionsschwert-cloud-multiblade-buster-sword-final-fantasy-vii\/\">Fusionsschwert von Cloud Strife<\/a> beeindruckt durch sein ikonisches Design und seine rohe Kraft. Andere Kultschwerter wie das Master-Schwert aus Zelda sind ebenso legend\u00e4r. Jedes Schwert hat seine eigenen Eigenschaften, die auf die Kampfstile der Spieler abgestimmt sind. Besonders hervorzuheben ist, dass diese Waffen die idealen Sammlerst\u00fccke f\u00fcr alle Videospielfans sind. Fazit: Erkunden Sie unsere Sammlung und w\u00e4hlen Sie die Waffe, die Ihrer Kriegerseele entspricht.<\/p>","protected":false},"excerpt":{"rendered":"<p>Wundersch\u00f6ne Replik des Greatsword-Schwerts im Elden Ring<\/p>\n<ul>\n<li>Breite Klinge mit doppeltem Schr\u00e4gschliff nicht scharfkantig<\/li>\n<li>Speziell geformter Metallschutz<\/li>\n<li>Griff und Knauf aus Stahl<\/li>\n<li>Wird mit einer Scheide aus schwarzem Kunstleder geliefert<\/li>\n<li>Lanyard f\u00fcr den Transport<\/li>\n<li>L\u00e4nge der Klinge: 65.5 cm - Gesamtl\u00e4nge: 138 cm<\/li>\n<li>Gewicht: 4670 g mit Scheide<\/li>\n<\/ul>","protected":false},"featured_media":82269,"template":"","meta":[],"product_brand":[896],"product_cat":[876,67],"product_tag":[],"class_list":{"0":"post-82266","1":"product","2":"type-product","3":"status-publish","4":"has-post-thumbnail","6":"product_brand-replique-manga-cine","7":"product_cat-elden-ring","8":"product_cat-katana-et-epee-de-jeux-video-autre-jeux-video","10":"first","11":"instock","12":"taxable","13":"shipping-taxable","14":"purchasable","15":"product-type-simple"},"yoast_head":"<!-- This site is optimized with the Yoast SEO plugin v27.5 - https:\/\/yoast.com\/product\/yoast-seo-wordpress\/ -->\n<title>Ep\u00e9e Greatsword Elden Ring - R\u00e9plique Manga Cin\u00e9<\/title>\n<meta name=\"description\" content=\"Imposante cette Ep\u00e9e Greatsword d&#039;Elden Ring. Tout en acier. Lame large double biseaux non tranchant. Fourreau simili cuir. 138 cm - Poids : 4670 g\" \/>\n<meta name=\"robots\" content=\"index, follow, max-snippet:-1, max-image-preview:large, max-video-preview:-1\" \/>\n<link rel=\"canonical\" href=\"https:\/\/repliquemangacine.fr\/de\/elden-ring\/greatsword-epee-elden-ring\/\" \/>\n<meta property=\"og:locale\" content=\"de_DE\" \/>\n<meta property=\"og:type\" content=\"article\" \/>\n<meta property=\"og:title\" content=\"Ep\u00e9e Greatsword Elden Ring - R\u00e9plique Manga Cin\u00e9\" \/>\n<meta property=\"og:description\" content=\"Imposante cette Ep\u00e9e Greatsword d&#039;Elden Ring. Tout en acier. Lame large double biseaux non tranchant. Fourreau simili cuir. 138 cm - Poids : 4670 g\" \/>\n<meta property=\"og:url\" content=\"https:\/\/repliquemangacine.fr\/de\/elden-ring\/greatsword-epee-elden-ring\/\" \/>\n<meta property=\"og:site_name\" content=\"R\u00e9plique Manga Cin\u00e9\" \/>\n<meta property=\"article:publisher\" content=\"https:\/\/www.facebook.com\/RepliqueMangaCine\" \/>\n<meta property=\"article:modified_time\" content=\"2025-11-13T00:25:53+00:00\" \/>\n<meta property=\"og:image\" content=\"https:\/\/repliquemangacine.fr\/wp-content\/uploads\/2025\/02\/Epee-Greatsword-Elden-Ring.jpg\" \/>\n\t<meta property=\"og:image:width\" content=\"500\" \/>\n\t<meta property=\"og:image:height\" content=\"500\" \/>\n\t<meta property=\"og:image:type\" content=\"image\/jpeg\" \/>\n<meta name=\"twitter:card\" content=\"summary_large_image\" \/>\n<meta name=\"twitter:label1\" content=\"Gesch\u00e4tzte Lesezeit\" \/>\n\t<meta name=\"twitter:data1\" content=\"3\u00a0Minuten\" \/>\n<script type=\"application\/ld+json\" class=\"yoast-schema-graph\">{\"@context\":\"https:\\\/\\\/schema.org\",\"@graph\":[{\"@type\":\"WebPage\",\"@id\":\"https:\\\/\\\/repliquemangacine.fr\\\/elden-ring\\\/epee-greatsword-elden-ring\\\/\",\"url\":\"https:\\\/\\\/repliquemangacine.fr\\\/elden-ring\\\/epee-greatsword-elden-ring\\\/\",\"name\":\"Ep\u00e9e Greatsword Elden Ring - R\u00e9plique Manga Cin\u00e9\",\"isPartOf\":{\"@id\":\"https:\\\/\\\/repliquemangacine.fr\\\/#website\"},\"primaryImageOfPage\":{\"@id\":\"https:\\\/\\\/repliquemangacine.fr\\\/elden-ring\\\/epee-greatsword-elden-ring\\\/#primaryimage\"},\"image\":{\"@id\":\"https:\\\/\\\/repliquemangacine.fr\\\/elden-ring\\\/epee-greatsword-elden-ring\\\/#primaryimage\"},\"thumbnailUrl\":\"https:\\\/\\\/repliquemangacine.fr\\\/wp-content\\\/uploads\\\/2025\\\/02\\\/Epee-Greatsword-Elden-Ring.jpg\",\"datePublished\":\"2025-02-21T16:59:48+00:00\",\"dateModified\":\"2025-11-13T00:25:53+00:00\",\"description\":\"Imposante cette Ep\u00e9e Greatsword d'Elden Ring. Tout en acier. Lame large double biseaux non tranchant. Fourreau simili cuir. 138 cm - Poids : 4670 g\",\"breadcrumb\":{\"@id\":\"https:\\\/\\\/repliquemangacine.fr\\\/elden-ring\\\/epee-greatsword-elden-ring\\\/#breadcrumb\"},\"inLanguage\":\"de\",\"potentialAction\":[{\"@type\":\"ReadAction\",\"target\":[\"https:\\\/\\\/repliquemangacine.fr\\\/elden-ring\\\/epee-greatsword-elden-ring\\\/\"]}]},{\"@type\":\"ImageObject\",\"inLanguage\":\"de\",\"@id\":\"https:\\\/\\\/repliquemangacine.fr\\\/elden-ring\\\/epee-greatsword-elden-ring\\\/#primaryimage\",\"url\":\"https:\\\/\\\/repliquemangacine.fr\\\/wp-content\\\/uploads\\\/2025\\\/02\\\/Epee-Greatsword-Elden-Ring.jpg\",\"contentUrl\":\"https:\\\/\\\/repliquemangacine.fr\\\/wp-content\\\/uploads\\\/2025\\\/02\\\/Epee-Greatsword-Elden-Ring.jpg\",\"width\":500,\"height\":500,\"caption\":\"Ep\u00e9e Greatsword Elden Ring\"},{\"@type\":\"BreadcrumbList\",\"@id\":\"https:\\\/\\\/repliquemangacine.fr\\\/elden-ring\\\/epee-greatsword-elden-ring\\\/#breadcrumb\",\"itemListElement\":[{\"@type\":\"ListItem\",\"position\":1,\"name\":\"Accueil\",\"item\":\"https:\\\/\\\/repliquemangacine.fr\\\/\"},{\"@type\":\"ListItem\",\"position\":2,\"name\":\"Produits\",\"item\":\"https:\\\/\\\/repliquemangacine.fr\\\/boutique\\\/\"},{\"@type\":\"ListItem\",\"position\":3,\"name\":\"Ep\u00e9e Greatsword Elden Ring\"}]},{\"@type\":\"WebSite\",\"@id\":\"https:\\\/\\\/repliquemangacine.fr\\\/#website\",\"url\":\"https:\\\/\\\/repliquemangacine.fr\\\/\",\"name\":\"R\u00e9plique Manga Cin\u00e9\",\"description\":\"\",\"publisher\":{\"@id\":\"https:\\\/\\\/repliquemangacine.fr\\\/#organization\"},\"potentialAction\":[{\"@type\":\"SearchAction\",\"target\":{\"@type\":\"EntryPoint\",\"urlTemplate\":\"https:\\\/\\\/repliquemangacine.fr\\\/?s={search_term_string}\"},\"query-input\":{\"@type\":\"PropertyValueSpecification\",\"valueRequired\":true,\"valueName\":\"search_term_string\"}}],\"inLanguage\":\"de\"},{\"@type\":\"Organization\",\"@id\":\"https:\\\/\\\/repliquemangacine.fr\\\/#organization\",\"name\":\"R\u00e9plique Manga Cin\u00e9\",\"url\":\"https:\\\/\\\/repliquemangacine.fr\\\/\",\"logo\":{\"@type\":\"ImageObject\",\"inLanguage\":\"de\",\"@id\":\"https:\\\/\\\/repliquemangacine.fr\\\/#\\\/schema\\\/logo\\\/image\\\/\",\"url\":\"https:\\\/\\\/repliquemangacine.fr\\\/wp-content\\\/uploads\\\/2023\\\/10\\\/RMC-500250.png\",\"contentUrl\":\"https:\\\/\\\/repliquemangacine.fr\\\/wp-content\\\/uploads\\\/2023\\\/10\\\/RMC-500250.png\",\"width\":500,\"height\":250,\"caption\":\"R\u00e9plique Manga Cin\u00e9\"},\"image\":{\"@id\":\"https:\\\/\\\/repliquemangacine.fr\\\/#\\\/schema\\\/logo\\\/image\\\/\"},\"sameAs\":[\"https:\\\/\\\/www.facebook.com\\\/RepliqueMangaCine\",\"https:\\\/\\\/www.instagram.com\\\/repliquemangacine.fr\\\/\"]}]}<\/script>\n<!-- \/ Yoast SEO plugin. -->","yoast_head_json":{"title":"Greatsword-Schwert Elden Ring - R\u00e9plique Manga Cin\u00e9","description":"Imposant ist dieses Greatsword-Schwert von Elden Ring. Es ist komplett aus Stahl gefertigt. Breite, doppelt abgeschr\u00e4gte, nicht scharfe Klinge. Scheide aus Kunstleder. 138 cm - Gewicht: 4670 g","robots":{"index":"index","follow":"follow","max-snippet":"max-snippet:-1","max-image-preview":"max-image-preview:large","max-video-preview":"max-video-preview:-1"},"canonical":"https:\/\/repliquemangacine.fr\/de\/elden-ring\/greatsword-epee-elden-ring\/","og_locale":"de_DE","og_type":"article","og_title":"Ep\u00e9e Greatsword Elden Ring - R\u00e9plique Manga Cin\u00e9","og_description":"Imposante cette Ep\u00e9e Greatsword d'Elden Ring. Tout en acier. Lame large double biseaux non tranchant. Fourreau simili cuir. 138 cm - Poids : 4670 g","og_url":"https:\/\/repliquemangacine.fr\/de\/elden-ring\/greatsword-epee-elden-ring\/","og_site_name":"R\u00e9plique Manga Cin\u00e9","article_publisher":"https:\/\/www.facebook.com\/RepliqueMangaCine","article_modified_time":"2025-11-13T00:25:53+00:00","og_image":[{"width":500,"height":500,"url":"https:\/\/repliquemangacine.fr\/wp-content\/uploads\/2025\/02\/Epee-Greatsword-Elden-Ring.jpg","type":"image\/jpeg"}],"twitter_card":"summary_large_image","twitter_misc":{"Gesch\u00e4tzte Lesezeit":"3\u00a0Minuten"},"schema":{"@context":"https:\/\/schema.org","@graph":[{"@type":"WebPage","@id":"https:\/\/repliquemangacine.fr\/elden-ring\/epee-greatsword-elden-ring\/","url":"https:\/\/repliquemangacine.fr\/elden-ring\/epee-greatsword-elden-ring\/","name":"Greatsword-Schwert Elden Ring - R\u00e9plique Manga Cin\u00e9","isPartOf":{"@id":"https:\/\/repliquemangacine.fr\/#website"},"primaryImageOfPage":{"@id":"https:\/\/repliquemangacine.fr\/elden-ring\/epee-greatsword-elden-ring\/#primaryimage"},"image":{"@id":"https:\/\/repliquemangacine.fr\/elden-ring\/epee-greatsword-elden-ring\/#primaryimage"},"thumbnailUrl":"https:\/\/repliquemangacine.fr\/wp-content\/uploads\/2025\/02\/Epee-Greatsword-Elden-Ring.jpg","datePublished":"2025-02-21T16:59:48+00:00","dateModified":"2025-11-13T00:25:53+00:00","description":"Imposant ist dieses Greatsword-Schwert von Elden Ring. Es ist komplett aus Stahl gefertigt. Breite, doppelt abgeschr\u00e4gte, nicht scharfe Klinge. Scheide aus Kunstleder. 138 cm - Gewicht: 4670 g","breadcrumb":{"@id":"https:\/\/repliquemangacine.fr\/elden-ring\/epee-greatsword-elden-ring\/#breadcrumb"},"inLanguage":"de","potentialAction":[{"@type":"ReadAction","target":["https:\/\/repliquemangacine.fr\/elden-ring\/epee-greatsword-elden-ring\/"]}]},{"@type":"ImageObject","inLanguage":"de","@id":"https:\/\/repliquemangacine.fr\/elden-ring\/epee-greatsword-elden-ring\/#primaryimage","url":"https:\/\/repliquemangacine.fr\/wp-content\/uploads\/2025\/02\/Epee-Greatsword-Elden-Ring.jpg","contentUrl":"https:\/\/repliquemangacine.fr\/wp-content\/uploads\/2025\/02\/Epee-Greatsword-Elden-Ring.jpg","width":500,"height":500,"caption":"Ep\u00e9e Greatsword Elden Ring"},{"@type":"BreadcrumbList","@id":"https:\/\/repliquemangacine.fr\/elden-ring\/epee-greatsword-elden-ring\/#breadcrumb","itemListElement":[{"@type":"ListItem","position":1,"name":"Accueil","item":"https:\/\/repliquemangacine.fr\/"},{"@type":"ListItem","position":2,"name":"Produits","item":"https:\/\/repliquemangacine.fr\/boutique\/"},{"@type":"ListItem","position":3,"name":"Ep\u00e9e Greatsword Elden Ring"}]},{"@type":"WebSite","@id":"https:\/\/repliquemangacine.fr\/#website","url":"https:\/\/repliquemangacine.fr\/","name":"R\u00e9plique Manga Cin\u00e9","description":"","publisher":{"@id":"https:\/\/repliquemangacine.fr\/#organization"},"potentialAction":[{"@type":"SearchAction","target":{"@type":"EntryPoint","urlTemplate":"https:\/\/repliquemangacine.fr\/?s={search_term_string}"},"query-input":{"@type":"PropertyValueSpecification","valueRequired":true,"valueName":"search_term_string"}}],"inLanguage":"de"},{"@type":"Organization","@id":"https:\/\/repliquemangacine.fr\/#organization","name":"R\u00e9plique Manga Cin\u00e9","url":"https:\/\/repliquemangacine.fr\/","logo":{"@type":"ImageObject","inLanguage":"de","@id":"https:\/\/repliquemangacine.fr\/#\/schema\/logo\/image\/","url":"https:\/\/repliquemangacine.fr\/wp-content\/uploads\/2023\/10\/RMC-500250.png","contentUrl":"https:\/\/repliquemangacine.fr\/wp-content\/uploads\/2023\/10\/RMC-500250.png","width":500,"height":250,"caption":"R\u00e9plique Manga Cin\u00e9"},"image":{"@id":"https:\/\/repliquemangacine.fr\/#\/schema\/logo\/image\/"},"sameAs":["https:\/\/www.facebook.com\/RepliqueMangaCine","https:\/\/www.instagram.com\/repliquemangacine.fr\/"]}]}},"_links":{"self":[{"href":"https:\/\/repliquemangacine.fr\/de\/wp-json\/wp\/v2\/product\/82266","targetHints":{"allow":["GET"]}}],"collection":[{"href":"https:\/\/repliquemangacine.fr\/de\/wp-json\/wp\/v2\/product"}],"about":[{"href":"https:\/\/repliquemangacine.fr\/de\/wp-json\/wp\/v2\/types\/product"}],"wp:featuredmedia":[{"embeddable":true,"href":"https:\/\/repliquemangacine.fr\/de\/wp-json\/wp\/v2\/media\/82269"}],"wp:attachment":[{"href":"https:\/\/repliquemangacine.fr\/de\/wp-json\/wp\/v2\/media?parent=82266"}],"wp:term":[{"taxonomy":"product_brand","embeddable":true,"href":"https:\/\/repliquemangacine.fr\/de\/wp-json\/wp\/v2\/product_brand?post=82266"},{"taxonomy":"product_cat","embeddable":true,"href":"https:\/\/repliquemangacine.fr\/de\/wp-json\/wp\/v2\/product_cat?post=82266"},{"taxonomy":"product_tag","embeddable":true,"href":"https:\/\/repliquemangacine.fr\/de\/wp-json\/wp\/v2\/product_tag?post=82266"}],"curies":[{"name":"wp","href":"https:\/\/api.w.org\/{rel}","templated":true}]}}