





{"id":82140,"date":"2025-02-16T18:14:54","date_gmt":"2025-02-16T17:14:54","guid":{"rendered":"https:\/\/repliquemangacine.fr\/?post_type=product&#038;p=82140"},"modified":"2025-11-13T14:22:49","modified_gmt":"2025-11-13T13:22:49","slug":"katana-higlander-von-duncan-v2","status":"publish","type":"product","link":"https:\/\/repliquemangacine.fr\/de\/films-series-tv-vente-de-katana-epee-et-produits-derives\/katana-higlander-de-duncan-v2\/","title":{"rendered":"Katana Highlander von Duncan V2"},"content":{"rendered":"<h2>Duncan MacLeods Highlander Katana - Die Waffe eines Unsterblichen<\/h2>\n<p>Den Anfang macht Duncan MacLeods Highlander Katana, eine der ikonischsten Waffen der Saga. Verwendet von Duncan, Connors Cousin <a href=\"https:\/\/fr.wikipedia.org\/wiki\/Clan_MacLeod\">MacLeod<\/a>aus der Fernsehserie. Dieses Katana zeichnet sich durch seine Eleganz und seine starke Symbolik aus. Mit seiner langen, spitz zulaufenden Stahlklinge verk\u00f6rpert es sowohl die japanische Tradition als auch die rohe Kraft der Unsterblichen. Besonders hervorzuheben ist sein Griff, der durch die fein geschnitzte Drachenform besonders gut erkennbar ist. Dieses einzigartige Detail macht ihn in der Tat sofort erkennbar. Von seinem Meister Hideo Koto geerbt, begleitet er Duncan auf seiner Suche nach Ehre und \u00dcberleben durch die Jahrhunderte. So konnte er zahlreiche Gegner besiegen und nach jedem Duell ihre Kraft sammeln.<\/p>\n<h2>Ein Katana mit einer reichen Geschichte und einem einzigartigen Stil<\/h2>\n<p>Im Gegensatz zu den oft massiven und robusten europ\u00e4ischen Schwertern bietet Duncans Katana einen fl\u00fcssigeren und raffinierteren Ansatz f\u00fcr den Kampf. Seine Klinge, die f\u00fcr pr\u00e4zise und schnelle Angriffe konzipiert ist, eignet sich perfekt f\u00fcr Duelle zwischen Unsterblichen. Folglich ist jeder Schlag mit diesem Katana eine Mischung aus Anmut und Kraft und veranschaulicht somit Duncans unverwechselbaren Kampfstil. Dieses Samurai-Erbe wird durch die Idee verst\u00e4rkt, dass nur ein wahrer Krieger eine solche Waffe mit Ehre und Disziplin f\u00fchren kann. Ob in der Serie Highlander oder in der Vorstellung der Fans, dieses Katana bleibt eine Referenz f\u00fcr mythische Waffen in Film und Fernsehen.<\/p>\n<h2>Ein legend\u00e4res Katana zum Sammeln<\/h2>\n<p>Wenn Sie ein Fan von Highlander oder historischen Katanas sind, passt diese Replik perfekt in Ihre Sammlung. Mit seiner sorgf\u00e4ltigen Verarbeitung, dem Griff aus geschnitztem Drachen und der scharfen Klinge. Es stellt ein au\u00dfergew\u00f6hnliches St\u00fcck f\u00fcr Liebhaber ikonischer Waffen dar. Neben anderen legend\u00e4ren Schwertern wie dem <a href=\"https:\/\/repliquemangacine.fr\/de\/katana-und-schwert-von-videospielen-andere-videospiele\/katana-yamoto-vergil-dmc-devil-my-cry\/\">Yamato-Katana von Vergil<\/a> (Devil May Cry). Ebenso wie Zoros Enma-Katana (One Piece). Oder auch die <a href=\"https:\/\/repliquemangacine.fr\/de\/katana-aus-metall-one-piece\/leuchtendes-katana-trafalgar-law-one-piece\/\">von Trafalgar Law inspirierte Lichtschwerter<\/a>, Dieses Katana ist ein Kultst\u00fcck, das man einfach haben muss. Egal, ob Sie Sammler, Cosplayer oder einfach nur ein Fan der Highlander-Saga sind. Mit dieser Waffe k\u00f6nnen Sie die Intensit\u00e4t der unsterblichen K\u00e4mpfe nacherleben und Ihrer Sammlung einen mythischen Touch verleihen.<\/p>\n<p>Letztendlich kann es nur einen geben... Werden Sie derjenige sein, der dieses legend\u00e4re Katana sein Eigen nennen darf?<\/p>","protected":false},"excerpt":{"rendered":"<p>Wundersch\u00f6ne Replik der Highlander Duncan Katana, die von der Serie inspiriert wurde.<\/p>\n<ul>\n<li>Klinge aus Stahl stainless steel<\/li>\n<li>Griff aus fein geschnitztem Harz<\/li>\n<li>Speziell geformter, vergoldeter Stahlschutz<\/li>\n<li>Schlangenkopf-Drachen-Knauf aus Kunstharz<\/li>\n<li>Schwarz lackierte Holzscheide mit goldenen Verzierungen<\/li>\n<li>L\u00e4nge der Klinge: 67 cm - Gesamtl\u00e4nge: 102 cm<\/li>\n<li>Gewicht 1035g mit Scheide<\/li>\n<\/ul>","protected":false},"featured_media":82141,"template":"","meta":[],"product_brand":[896],"product_cat":[91,66,24],"product_tag":[],"class_list":{"0":"post-82140","1":"product","2":"type-product","3":"status-publish","4":"has-post-thumbnail","6":"product_brand-replique-manga-cine","7":"product_cat-katana-les-epees-de-films-et-series","8":"product_cat-repliques-d-armes-films-et-series","9":"product_cat-films-series-tv-vente-de-katana-epee-et-produits-derives","11":"first","12":"instock","13":"taxable","14":"shipping-taxable","15":"purchasable","16":"product-type-simple"},"yoast_head":"<!-- This site is optimized with the Yoast SEO plugin v27.5 - https:\/\/yoast.com\/product\/yoast-seo-wordpress\/ -->\n<title>Katana Highlander de Duncan V2 - R\u00e9plique Manga Cin\u00e9<\/title>\n<meta name=\"description\" content=\"Superbe r\u00e9plique du Katana Higlander Duncan. Lame en acier. Poign\u00e9e et pommeau en r\u00e9sine finement travaill\u00e9e. Garde en m\u00e9tal dor\u00e9. Longueur totale 102 cm\" \/>\n<meta name=\"robots\" content=\"index, follow, max-snippet:-1, max-image-preview:large, max-video-preview:-1\" \/>\n<link rel=\"canonical\" href=\"https:\/\/repliquemangacine.fr\/de\/filme-tv-serien-verkauf-von-katana-schwertern-und-derivaten\/katana-higlander-von-duncan-v2\/\" \/>\n<meta property=\"og:locale\" content=\"de_DE\" \/>\n<meta property=\"og:type\" content=\"article\" \/>\n<meta property=\"og:title\" content=\"Katana Highlander de Duncan V2 - R\u00e9plique Manga Cin\u00e9\" \/>\n<meta property=\"og:description\" content=\"Superbe r\u00e9plique du Katana Higlander Duncan. Lame en acier. Poign\u00e9e et pommeau en r\u00e9sine finement travaill\u00e9e. Garde en m\u00e9tal dor\u00e9. Longueur totale 102 cm\" \/>\n<meta property=\"og:url\" content=\"https:\/\/repliquemangacine.fr\/de\/filme-tv-serien-verkauf-von-katana-schwertern-und-derivaten\/katana-higlander-von-duncan-v2\/\" \/>\n<meta property=\"og:site_name\" content=\"R\u00e9plique Manga Cin\u00e9\" \/>\n<meta property=\"article:publisher\" content=\"https:\/\/www.facebook.com\/RepliqueMangaCine\" \/>\n<meta property=\"article:modified_time\" content=\"2025-11-13T13:22:49+00:00\" \/>\n<meta property=\"og:image\" content=\"https:\/\/repliquemangacine.fr\/wp-content\/uploads\/2025\/02\/Katana-Highlander-Duncan.jpg\" \/>\n\t<meta property=\"og:image:width\" content=\"500\" \/>\n\t<meta property=\"og:image:height\" content=\"500\" \/>\n\t<meta property=\"og:image:type\" content=\"image\/jpeg\" \/>\n<meta name=\"twitter:card\" content=\"summary_large_image\" \/>\n<meta name=\"twitter:label1\" content=\"Gesch\u00e4tzte Lesezeit\" \/>\n\t<meta name=\"twitter:data1\" content=\"3\u00a0Minuten\" \/>\n<script type=\"application\/ld+json\" class=\"yoast-schema-graph\">{\"@context\":\"https:\\\/\\\/schema.org\",\"@graph\":[{\"@type\":\"WebPage\",\"@id\":\"https:\\\/\\\/repliquemangacine.fr\\\/films-series-tv-vente-de-katana-epee-et-produits-derives\\\/katana-higlander-de-duncan-v2\\\/\",\"url\":\"https:\\\/\\\/repliquemangacine.fr\\\/films-series-tv-vente-de-katana-epee-et-produits-derives\\\/katana-higlander-de-duncan-v2\\\/\",\"name\":\"Katana Highlander de Duncan V2 - R\u00e9plique Manga Cin\u00e9\",\"isPartOf\":{\"@id\":\"https:\\\/\\\/repliquemangacine.fr\\\/#website\"},\"primaryImageOfPage\":{\"@id\":\"https:\\\/\\\/repliquemangacine.fr\\\/films-series-tv-vente-de-katana-epee-et-produits-derives\\\/katana-higlander-de-duncan-v2\\\/#primaryimage\"},\"image\":{\"@id\":\"https:\\\/\\\/repliquemangacine.fr\\\/films-series-tv-vente-de-katana-epee-et-produits-derives\\\/katana-higlander-de-duncan-v2\\\/#primaryimage\"},\"thumbnailUrl\":\"https:\\\/\\\/repliquemangacine.fr\\\/wp-content\\\/uploads\\\/2025\\\/02\\\/Katana-Highlander-Duncan.jpg\",\"datePublished\":\"2025-02-16T17:14:54+00:00\",\"dateModified\":\"2025-11-13T13:22:49+00:00\",\"description\":\"Superbe r\u00e9plique du Katana Higlander Duncan. Lame en acier. Poign\u00e9e et pommeau en r\u00e9sine finement travaill\u00e9e. Garde en m\u00e9tal dor\u00e9. Longueur totale 102 cm\",\"breadcrumb\":{\"@id\":\"https:\\\/\\\/repliquemangacine.fr\\\/films-series-tv-vente-de-katana-epee-et-produits-derives\\\/katana-higlander-de-duncan-v2\\\/#breadcrumb\"},\"inLanguage\":\"de\",\"potentialAction\":[{\"@type\":\"ReadAction\",\"target\":[\"https:\\\/\\\/repliquemangacine.fr\\\/films-series-tv-vente-de-katana-epee-et-produits-derives\\\/katana-higlander-de-duncan-v2\\\/\"]}]},{\"@type\":\"ImageObject\",\"inLanguage\":\"de\",\"@id\":\"https:\\\/\\\/repliquemangacine.fr\\\/films-series-tv-vente-de-katana-epee-et-produits-derives\\\/katana-higlander-de-duncan-v2\\\/#primaryimage\",\"url\":\"https:\\\/\\\/repliquemangacine.fr\\\/wp-content\\\/uploads\\\/2025\\\/02\\\/Katana-Highlander-Duncan.jpg\",\"contentUrl\":\"https:\\\/\\\/repliquemangacine.fr\\\/wp-content\\\/uploads\\\/2025\\\/02\\\/Katana-Highlander-Duncan.jpg\",\"width\":500,\"height\":500,\"caption\":\"Katana Higlander Duncan\"},{\"@type\":\"BreadcrumbList\",\"@id\":\"https:\\\/\\\/repliquemangacine.fr\\\/films-series-tv-vente-de-katana-epee-et-produits-derives\\\/katana-higlander-de-duncan-v2\\\/#breadcrumb\",\"itemListElement\":[{\"@type\":\"ListItem\",\"position\":1,\"name\":\"Accueil\",\"item\":\"https:\\\/\\\/repliquemangacine.fr\\\/\"},{\"@type\":\"ListItem\",\"position\":2,\"name\":\"Produits\",\"item\":\"https:\\\/\\\/repliquemangacine.fr\\\/boutique\\\/\"},{\"@type\":\"ListItem\",\"position\":3,\"name\":\"Katana Highlander de Duncan V2\"}]},{\"@type\":\"WebSite\",\"@id\":\"https:\\\/\\\/repliquemangacine.fr\\\/#website\",\"url\":\"https:\\\/\\\/repliquemangacine.fr\\\/\",\"name\":\"R\u00e9plique Manga Cin\u00e9\",\"description\":\"\",\"publisher\":{\"@id\":\"https:\\\/\\\/repliquemangacine.fr\\\/#organization\"},\"potentialAction\":[{\"@type\":\"SearchAction\",\"target\":{\"@type\":\"EntryPoint\",\"urlTemplate\":\"https:\\\/\\\/repliquemangacine.fr\\\/?s={search_term_string}\"},\"query-input\":{\"@type\":\"PropertyValueSpecification\",\"valueRequired\":true,\"valueName\":\"search_term_string\"}}],\"inLanguage\":\"de\"},{\"@type\":\"Organization\",\"@id\":\"https:\\\/\\\/repliquemangacine.fr\\\/#organization\",\"name\":\"R\u00e9plique Manga Cin\u00e9\",\"url\":\"https:\\\/\\\/repliquemangacine.fr\\\/\",\"logo\":{\"@type\":\"ImageObject\",\"inLanguage\":\"de\",\"@id\":\"https:\\\/\\\/repliquemangacine.fr\\\/#\\\/schema\\\/logo\\\/image\\\/\",\"url\":\"https:\\\/\\\/repliquemangacine.fr\\\/wp-content\\\/uploads\\\/2023\\\/10\\\/RMC-500250.png\",\"contentUrl\":\"https:\\\/\\\/repliquemangacine.fr\\\/wp-content\\\/uploads\\\/2023\\\/10\\\/RMC-500250.png\",\"width\":500,\"height\":250,\"caption\":\"R\u00e9plique Manga Cin\u00e9\"},\"image\":{\"@id\":\"https:\\\/\\\/repliquemangacine.fr\\\/#\\\/schema\\\/logo\\\/image\\\/\"},\"sameAs\":[\"https:\\\/\\\/www.facebook.com\\\/RepliqueMangaCine\",\"https:\\\/\\\/www.instagram.com\\\/repliquemangacine.fr\\\/\"]}]}<\/script>\n<!-- \/ Yoast SEO plugin. -->","yoast_head_json":{"title":"Katana Highlander von Duncan V2 - R\u00e9plique Manga Cin\u00e9","description":"Wundersch\u00f6ne Replik des Higlander Duncan Katana. Klinge aus Stahl. Griff und Knauf aus fein gearbeitetem Kunstharz. Schutzb\u00fcgel aus vergoldetem Metall. Gesamtl\u00e4nge 102 cm","robots":{"index":"index","follow":"follow","max-snippet":"max-snippet:-1","max-image-preview":"max-image-preview:large","max-video-preview":"max-video-preview:-1"},"canonical":"https:\/\/repliquemangacine.fr\/de\/filme-tv-serien-verkauf-von-katana-schwertern-und-derivaten\/katana-higlander-von-duncan-v2\/","og_locale":"de_DE","og_type":"article","og_title":"Katana Highlander de Duncan V2 - R\u00e9plique Manga Cin\u00e9","og_description":"Superbe r\u00e9plique du Katana Higlander Duncan. Lame en acier. Poign\u00e9e et pommeau en r\u00e9sine finement travaill\u00e9e. Garde en m\u00e9tal dor\u00e9. Longueur totale 102 cm","og_url":"https:\/\/repliquemangacine.fr\/de\/filme-tv-serien-verkauf-von-katana-schwertern-und-derivaten\/katana-higlander-von-duncan-v2\/","og_site_name":"R\u00e9plique Manga Cin\u00e9","article_publisher":"https:\/\/www.facebook.com\/RepliqueMangaCine","article_modified_time":"2025-11-13T13:22:49+00:00","og_image":[{"width":500,"height":500,"url":"https:\/\/repliquemangacine.fr\/wp-content\/uploads\/2025\/02\/Katana-Highlander-Duncan.jpg","type":"image\/jpeg"}],"twitter_card":"summary_large_image","twitter_misc":{"Gesch\u00e4tzte Lesezeit":"3\u00a0Minuten"},"schema":{"@context":"https:\/\/schema.org","@graph":[{"@type":"WebPage","@id":"https:\/\/repliquemangacine.fr\/films-series-tv-vente-de-katana-epee-et-produits-derives\/katana-higlander-de-duncan-v2\/","url":"https:\/\/repliquemangacine.fr\/films-series-tv-vente-de-katana-epee-et-produits-derives\/katana-higlander-de-duncan-v2\/","name":"Katana Highlander von Duncan V2 - R\u00e9plique Manga Cin\u00e9","isPartOf":{"@id":"https:\/\/repliquemangacine.fr\/#website"},"primaryImageOfPage":{"@id":"https:\/\/repliquemangacine.fr\/films-series-tv-vente-de-katana-epee-et-produits-derives\/katana-higlander-de-duncan-v2\/#primaryimage"},"image":{"@id":"https:\/\/repliquemangacine.fr\/films-series-tv-vente-de-katana-epee-et-produits-derives\/katana-higlander-de-duncan-v2\/#primaryimage"},"thumbnailUrl":"https:\/\/repliquemangacine.fr\/wp-content\/uploads\/2025\/02\/Katana-Highlander-Duncan.jpg","datePublished":"2025-02-16T17:14:54+00:00","dateModified":"2025-11-13T13:22:49+00:00","description":"Wundersch\u00f6ne Replik des Higlander Duncan Katana. Klinge aus Stahl. Griff und Knauf aus fein gearbeitetem Kunstharz. Schutzb\u00fcgel aus vergoldetem Metall. Gesamtl\u00e4nge 102 cm","breadcrumb":{"@id":"https:\/\/repliquemangacine.fr\/films-series-tv-vente-de-katana-epee-et-produits-derives\/katana-higlander-de-duncan-v2\/#breadcrumb"},"inLanguage":"de","potentialAction":[{"@type":"ReadAction","target":["https:\/\/repliquemangacine.fr\/films-series-tv-vente-de-katana-epee-et-produits-derives\/katana-higlander-de-duncan-v2\/"]}]},{"@type":"ImageObject","inLanguage":"de","@id":"https:\/\/repliquemangacine.fr\/films-series-tv-vente-de-katana-epee-et-produits-derives\/katana-higlander-de-duncan-v2\/#primaryimage","url":"https:\/\/repliquemangacine.fr\/wp-content\/uploads\/2025\/02\/Katana-Highlander-Duncan.jpg","contentUrl":"https:\/\/repliquemangacine.fr\/wp-content\/uploads\/2025\/02\/Katana-Highlander-Duncan.jpg","width":500,"height":500,"caption":"Katana Higlander Duncan"},{"@type":"BreadcrumbList","@id":"https:\/\/repliquemangacine.fr\/films-series-tv-vente-de-katana-epee-et-produits-derives\/katana-higlander-de-duncan-v2\/#breadcrumb","itemListElement":[{"@type":"ListItem","position":1,"name":"Accueil","item":"https:\/\/repliquemangacine.fr\/"},{"@type":"ListItem","position":2,"name":"Produits","item":"https:\/\/repliquemangacine.fr\/boutique\/"},{"@type":"ListItem","position":3,"name":"Katana Highlander de Duncan V2"}]},{"@type":"WebSite","@id":"https:\/\/repliquemangacine.fr\/#website","url":"https:\/\/repliquemangacine.fr\/","name":"R\u00e9plique Manga Cin\u00e9","description":"","publisher":{"@id":"https:\/\/repliquemangacine.fr\/#organization"},"potentialAction":[{"@type":"SearchAction","target":{"@type":"EntryPoint","urlTemplate":"https:\/\/repliquemangacine.fr\/?s={search_term_string}"},"query-input":{"@type":"PropertyValueSpecification","valueRequired":true,"valueName":"search_term_string"}}],"inLanguage":"de"},{"@type":"Organization","@id":"https:\/\/repliquemangacine.fr\/#organization","name":"R\u00e9plique Manga Cin\u00e9","url":"https:\/\/repliquemangacine.fr\/","logo":{"@type":"ImageObject","inLanguage":"de","@id":"https:\/\/repliquemangacine.fr\/#\/schema\/logo\/image\/","url":"https:\/\/repliquemangacine.fr\/wp-content\/uploads\/2023\/10\/RMC-500250.png","contentUrl":"https:\/\/repliquemangacine.fr\/wp-content\/uploads\/2023\/10\/RMC-500250.png","width":500,"height":250,"caption":"R\u00e9plique Manga Cin\u00e9"},"image":{"@id":"https:\/\/repliquemangacine.fr\/#\/schema\/logo\/image\/"},"sameAs":["https:\/\/www.facebook.com\/RepliqueMangaCine","https:\/\/www.instagram.com\/repliquemangacine.fr\/"]}]}},"_links":{"self":[{"href":"https:\/\/repliquemangacine.fr\/de\/wp-json\/wp\/v2\/product\/82140","targetHints":{"allow":["GET"]}}],"collection":[{"href":"https:\/\/repliquemangacine.fr\/de\/wp-json\/wp\/v2\/product"}],"about":[{"href":"https:\/\/repliquemangacine.fr\/de\/wp-json\/wp\/v2\/types\/product"}],"wp:featuredmedia":[{"embeddable":true,"href":"https:\/\/repliquemangacine.fr\/de\/wp-json\/wp\/v2\/media\/82141"}],"wp:attachment":[{"href":"https:\/\/repliquemangacine.fr\/de\/wp-json\/wp\/v2\/media?parent=82140"}],"wp:term":[{"taxonomy":"product_brand","embeddable":true,"href":"https:\/\/repliquemangacine.fr\/de\/wp-json\/wp\/v2\/product_brand?post=82140"},{"taxonomy":"product_cat","embeddable":true,"href":"https:\/\/repliquemangacine.fr\/de\/wp-json\/wp\/v2\/product_cat?post=82140"},{"taxonomy":"product_tag","embeddable":true,"href":"https:\/\/repliquemangacine.fr\/de\/wp-json\/wp\/v2\/product_tag?post=82140"}],"curies":[{"name":"wp","href":"https:\/\/api.w.org\/{rel}","templated":true}]}}