





{"id":82132,"date":"2025-02-16T16:44:52","date_gmt":"2025-02-16T15:44:52","guid":{"rendered":"https:\/\/repliquemangacine.fr\/?post_type=product&#038;p=82132"},"modified":"2025-11-13T14:23:43","modified_gmt":"2025-11-13T13:23:43","slug":"dolch-schwert-red-queen-nero-devil-my-cry","status":"publish","type":"product","link":"https:\/\/repliquemangacine.fr\/de\/katana-et-epee-de-jeux-video-autre-jeux-video\/dague-epee-red-queen-nero-devil-my-cry\/","title":{"rendered":"Red Queen Nero Schwertdolch - Devil My Cry"},"content":{"rendered":"<h2>Red Queen Schwertdolch - Die Macht von Nero in einem kompakten Format<\/h2>\n<p>Entdecken Sie den Red Queen Sword Dagger, eine au\u00dfergew\u00f6hnliche Reproduktion von Neros ikonischer Waffe in <a href=\"https:\/\/devilmaycrydmc.fandom.com\/fr\/wiki\/Devil_May_Cry\" target=\"_blank\" rel=\"noopener noreferrer\">Devil May Cry<\/a>. Inspiriert vom imposanten Design des Red-Queen-Schwerts, bewahrt diese kompaktere Version den Stil und die Aggressivit\u00e4t der Originalwaffe. Mit seiner fein gearbeiteten und verzierten Metallklinge. Seinem detaillierten Griff und dem Abzugssystem, das dem ber\u00fchmten Exceed nachempfunden ist - ein echtes Sammlerst\u00fcck. Egal, ob Sie ein Fan von Devil May Cry oder ein Liebhaber sch\u00f6ner Klingen sind. Dieser Schwertdolch ist ideal f\u00fcr Ausstellungen, Cosplay oder einfach nur, um Ihre Sammlung von Videospielwaffen zu erweitern. Dank seines handlicheren Formats k\u00f6nnen Sie die rohe Essenz von Red Queen genie\u00dfen, ohne die Sperrigkeit eines massiven Schwertes.<\/p>\n<h2>Ein vom Exceed inspiriertes Design - Ein einzigartiger und m\u00e4chtiger Dolch<\/h2>\n<p>Das Exceed System des Red Queen-Schwerts ist eines der markantesten Merkmale von Devil May Cry. Dieser Schwertdolch greift dieses charakteristische Element getreulich auf. Dank seines Schutzes, der wie ein Motorradgriff gestaltet ist. Er erinnert sofort an Neros Originalwaffe und erm\u00f6glicht es ihm, im Spiel \u00fcberm\u00e4chtige Angriffe zu ver\u00fcben.<\/p>\n<p>Sein futuristisches und brutales Design verleiht ihm eine einzigartige Pr\u00e4senz, die es zu weit mehr als nur einem Sammlermesser macht. Mit pr\u00e4zisen Details und einer sorgf\u00e4ltigen Verarbeitung ist diese Replik der Red Queen als Dolch-Schwert-Version eine seltene Gelegenheit f\u00fcr alle Fans der Saga. F\u00fcgen Sie es jetzt Ihrer Sammlung hinzu und verk\u00f6rpern Sie Nero mit Stil und Macht!<\/p>\n<h2>Die anderen ikonischen Waffen aus Devil May Cry - Yamato, Rebellion und das Teufelsschwert<\/h2>\n<p>Wenn Sie ein begeisterter Anh\u00e4nger von Devil May Cry sind, kommen Sie an den anderen legend\u00e4ren Waffen der Saga nicht vorbei. Zun\u00e4chst einmal das<a href=\"https:\/\/repliquemangacine.fr\/de\/katana-und-schwert-von-videospielen-andere-videospiele\/katana-vergil-yamato-v2\/\"> Yamato-Katana von Vergil<\/a>verk\u00f6rpert die Pr\u00e4zision und Eleganz des Schwertkampfes. Er erm\u00f6glicht es, Dimensionsrisse f\u00fcr verheerende Angriffe zu \u00f6ffnen. Auf seiner Seite <a href=\"https:\/\/repliquemangacine.fr\/de\/katana-und-schwert-von-videospielen-andere-videospiele\/schwert-rebellion-schwert-von-dante-devil-may-cry\/\">Rebellion, Dantes massives Schwert<\/a>symbolisiert seinen wilden und \u00fcberm\u00e4chtigen Kampfstil. Schlie\u00dflich, f\u00fcr die Liebhaber noch beeindruckenderer Waffen. L'<a href=\"https:\/\/repliquemangacine.fr\/de\/katana-und-schwert-von-videospielen-andere-videospiele\/epee-du-diable-de-dante-devil-my-cry\/\">Dantes Teufelsschwert<\/a>Eine der imposantesten Repliken, die d\u00e4monische Macht mit einem unnachahmlichen Design vereint. Egal, ob Sie ein Sammler oder Cosplay-Fan sind. Diese legend\u00e4ren Waffen sind in unserem Shop erh\u00e4ltlich, damit Sie die epischsten K\u00e4mpfe in Devil May Cry nacherleben k\u00f6nnen.<\/p>\n<p>Abschlie\u00dfend sei gesagt, dass Sie sich die Chance auf diese au\u00dfergew\u00f6hnlichen Repliken nicht entgehen lassen sollten und in die brutale und stilvolle Welt von DMC eintauchen sollten!<\/p>","protected":false},"excerpt":{"rendered":"<p>Wundersch\u00f6ne Replik von Neros Schwertdolch in Devil My Cry<\/p>\n<ul>\n<li>Klinge aus 440er Stahl verziert<\/li>\n<li>Speziell geformter Stahlschutz<\/li>\n<li>Mit Kunstleder umwickelter Stahlgriff f\u00fcr einen guten Griff<\/li>\n<li>Wird mit einem Aufstellst\u00e4nder aus Holz geliefert<\/li>\n<li>L\u00e4nge der Klinge: 44,5 cm - Gesamtl\u00e4nge: 66.5 cm<\/li>\n<li>Gewicht: 970 g<\/li>\n<\/ul>","protected":false},"featured_media":82133,"template":"","meta":[],"product_brand":[896],"product_cat":[880,67],"product_tag":[],"class_list":{"0":"post-82132","1":"product","2":"type-product","3":"status-publish","4":"has-post-thumbnail","6":"product_brand-replique-manga-cine","7":"product_cat-devil-may-cry","8":"product_cat-katana-et-epee-de-jeux-video-autre-jeux-video","10":"first","11":"instock","12":"taxable","13":"shipping-taxable","14":"purchasable","15":"product-type-simple"},"yoast_head":"<!-- This site is optimized with the Yoast SEO plugin v27.5 - https:\/\/yoast.com\/product\/yoast-seo-wordpress\/ -->\n<title>Dague \u00e9p\u00e9e Red Queen Nero - Devil My Cry - R\u00e9plique Manga Cin\u00e9<\/title>\n<meta name=\"description\" content=\"Superbe Dague \u00e9p\u00e9e Red Queen de Nero inspir\u00e9 e Devil My Cry. Tout en acier. Lame non tranchante d\u00e9cor\u00e9e. Garde sp\u00e9cifique. Livr\u00e9 avec son support. 63,5 cm\" \/>\n<meta name=\"robots\" content=\"index, follow, max-snippet:-1, max-image-preview:large, max-video-preview:-1\" \/>\n<link rel=\"canonical\" href=\"https:\/\/repliquemangacine.fr\/de\/devil-may-cry\/dolch-schwert-red-queen-nero-devil-my-cry\/\" \/>\n<meta property=\"og:locale\" content=\"de_DE\" \/>\n<meta property=\"og:type\" content=\"article\" \/>\n<meta property=\"og:title\" content=\"Dague \u00e9p\u00e9e Red Queen Nero - Devil My Cry - R\u00e9plique Manga Cin\u00e9\" \/>\n<meta property=\"og:description\" content=\"Superbe Dague \u00e9p\u00e9e Red Queen de Nero inspir\u00e9 e Devil My Cry. Tout en acier. Lame non tranchante d\u00e9cor\u00e9e. Garde sp\u00e9cifique. Livr\u00e9 avec son support. 63,5 cm\" \/>\n<meta property=\"og:url\" content=\"https:\/\/repliquemangacine.fr\/de\/devil-may-cry\/dolch-schwert-red-queen-nero-devil-my-cry\/\" \/>\n<meta property=\"og:site_name\" content=\"R\u00e9plique Manga Cin\u00e9\" \/>\n<meta property=\"article:publisher\" content=\"https:\/\/www.facebook.com\/RepliqueMangaCine\" \/>\n<meta property=\"article:modified_time\" content=\"2025-11-13T13:23:43+00:00\" \/>\n<meta property=\"og:image\" content=\"https:\/\/repliquemangacine.fr\/wp-content\/uploads\/2025\/02\/Dague-Nero-Devil-My-Cry-avec-logo.jpg\" \/>\n\t<meta property=\"og:image:width\" content=\"500\" \/>\n\t<meta property=\"og:image:height\" content=\"500\" \/>\n\t<meta property=\"og:image:type\" content=\"image\/jpeg\" \/>\n<meta name=\"twitter:card\" content=\"summary_large_image\" \/>\n<meta name=\"twitter:label1\" content=\"Gesch\u00e4tzte Lesezeit\" \/>\n\t<meta name=\"twitter:data1\" content=\"3\u00a0Minuten\" \/>\n<script type=\"application\/ld+json\" class=\"yoast-schema-graph\">{\"@context\":\"https:\\\/\\\/schema.org\",\"@graph\":[{\"@type\":\"WebPage\",\"@id\":\"https:\\\/\\\/repliquemangacine.fr\\\/devil-may-cry\\\/dague-epee-red-queen-nero-devil-my-cry\\\/\",\"url\":\"https:\\\/\\\/repliquemangacine.fr\\\/devil-may-cry\\\/dague-epee-red-queen-nero-devil-my-cry\\\/\",\"name\":\"Dague \u00e9p\u00e9e Red Queen Nero - Devil My Cry - R\u00e9plique Manga Cin\u00e9\",\"isPartOf\":{\"@id\":\"https:\\\/\\\/repliquemangacine.fr\\\/#website\"},\"primaryImageOfPage\":{\"@id\":\"https:\\\/\\\/repliquemangacine.fr\\\/devil-may-cry\\\/dague-epee-red-queen-nero-devil-my-cry\\\/#primaryimage\"},\"image\":{\"@id\":\"https:\\\/\\\/repliquemangacine.fr\\\/devil-may-cry\\\/dague-epee-red-queen-nero-devil-my-cry\\\/#primaryimage\"},\"thumbnailUrl\":\"https:\\\/\\\/repliquemangacine.fr\\\/wp-content\\\/uploads\\\/2025\\\/02\\\/Dague-Nero-Devil-My-Cry-avec-logo.jpg\",\"datePublished\":\"2025-02-16T15:44:52+00:00\",\"dateModified\":\"2025-11-13T13:23:43+00:00\",\"description\":\"Superbe Dague \u00e9p\u00e9e Red Queen de Nero inspir\u00e9 e Devil My Cry. Tout en acier. Lame non tranchante d\u00e9cor\u00e9e. Garde sp\u00e9cifique. Livr\u00e9 avec son support. 63,5 cm\",\"breadcrumb\":{\"@id\":\"https:\\\/\\\/repliquemangacine.fr\\\/devil-may-cry\\\/dague-epee-red-queen-nero-devil-my-cry\\\/#breadcrumb\"},\"inLanguage\":\"de\",\"potentialAction\":[{\"@type\":\"ReadAction\",\"target\":[\"https:\\\/\\\/repliquemangacine.fr\\\/devil-may-cry\\\/dague-epee-red-queen-nero-devil-my-cry\\\/\"]}]},{\"@type\":\"ImageObject\",\"inLanguage\":\"de\",\"@id\":\"https:\\\/\\\/repliquemangacine.fr\\\/devil-may-cry\\\/dague-epee-red-queen-nero-devil-my-cry\\\/#primaryimage\",\"url\":\"https:\\\/\\\/repliquemangacine.fr\\\/wp-content\\\/uploads\\\/2025\\\/02\\\/Dague-Nero-Devil-My-Cry-avec-logo.jpg\",\"contentUrl\":\"https:\\\/\\\/repliquemangacine.fr\\\/wp-content\\\/uploads\\\/2025\\\/02\\\/Dague-Nero-Devil-My-Cry-avec-logo.jpg\",\"width\":500,\"height\":500,\"caption\":\"Dague \u00e9p\u00e9e Red Queen de Nero dans Devil My Cry\"},{\"@type\":\"BreadcrumbList\",\"@id\":\"https:\\\/\\\/repliquemangacine.fr\\\/devil-may-cry\\\/dague-epee-red-queen-nero-devil-my-cry\\\/#breadcrumb\",\"itemListElement\":[{\"@type\":\"ListItem\",\"position\":1,\"name\":\"Accueil\",\"item\":\"https:\\\/\\\/repliquemangacine.fr\\\/\"},{\"@type\":\"ListItem\",\"position\":2,\"name\":\"Produits\",\"item\":\"https:\\\/\\\/repliquemangacine.fr\\\/boutique\\\/\"},{\"@type\":\"ListItem\",\"position\":3,\"name\":\"Dague \u00e9p\u00e9e Red Queen Nero &#8211; Devil My Cry\"}]},{\"@type\":\"WebSite\",\"@id\":\"https:\\\/\\\/repliquemangacine.fr\\\/#website\",\"url\":\"https:\\\/\\\/repliquemangacine.fr\\\/\",\"name\":\"R\u00e9plique Manga Cin\u00e9\",\"description\":\"\",\"publisher\":{\"@id\":\"https:\\\/\\\/repliquemangacine.fr\\\/#organization\"},\"potentialAction\":[{\"@type\":\"SearchAction\",\"target\":{\"@type\":\"EntryPoint\",\"urlTemplate\":\"https:\\\/\\\/repliquemangacine.fr\\\/?s={search_term_string}\"},\"query-input\":{\"@type\":\"PropertyValueSpecification\",\"valueRequired\":true,\"valueName\":\"search_term_string\"}}],\"inLanguage\":\"de\"},{\"@type\":\"Organization\",\"@id\":\"https:\\\/\\\/repliquemangacine.fr\\\/#organization\",\"name\":\"R\u00e9plique Manga Cin\u00e9\",\"url\":\"https:\\\/\\\/repliquemangacine.fr\\\/\",\"logo\":{\"@type\":\"ImageObject\",\"inLanguage\":\"de\",\"@id\":\"https:\\\/\\\/repliquemangacine.fr\\\/#\\\/schema\\\/logo\\\/image\\\/\",\"url\":\"https:\\\/\\\/repliquemangacine.fr\\\/wp-content\\\/uploads\\\/2023\\\/10\\\/RMC-500250.png\",\"contentUrl\":\"https:\\\/\\\/repliquemangacine.fr\\\/wp-content\\\/uploads\\\/2023\\\/10\\\/RMC-500250.png\",\"width\":500,\"height\":250,\"caption\":\"R\u00e9plique Manga Cin\u00e9\"},\"image\":{\"@id\":\"https:\\\/\\\/repliquemangacine.fr\\\/#\\\/schema\\\/logo\\\/image\\\/\"},\"sameAs\":[\"https:\\\/\\\/www.facebook.com\\\/RepliqueMangaCine\",\"https:\\\/\\\/www.instagram.com\\\/repliquemangacine.fr\\\/\"]}]}<\/script>\n<!-- \/ Yoast SEO plugin. -->","yoast_head_json":{"title":"Schwertdolch Red Queen Nero - Devil My Cry - R\u00e9plique Manga Cin\u00e9","description":"Wundersch\u00f6ner Red Queen Schwertdolch von Nero inspiriert e Devil My Cry. Ganz aus Stahl gefertigt. Verzierte, nicht scharfe Klinge. Spezieller Schutz. Wird mit einem St\u00e4nder geliefert. 63,5 cm","robots":{"index":"index","follow":"follow","max-snippet":"max-snippet:-1","max-image-preview":"max-image-preview:large","max-video-preview":"max-video-preview:-1"},"canonical":"https:\/\/repliquemangacine.fr\/de\/devil-may-cry\/dolch-schwert-red-queen-nero-devil-my-cry\/","og_locale":"de_DE","og_type":"article","og_title":"Dague \u00e9p\u00e9e Red Queen Nero - Devil My Cry - R\u00e9plique Manga Cin\u00e9","og_description":"Superbe Dague \u00e9p\u00e9e Red Queen de Nero inspir\u00e9 e Devil My Cry. Tout en acier. Lame non tranchante d\u00e9cor\u00e9e. Garde sp\u00e9cifique. Livr\u00e9 avec son support. 63,5 cm","og_url":"https:\/\/repliquemangacine.fr\/de\/devil-may-cry\/dolch-schwert-red-queen-nero-devil-my-cry\/","og_site_name":"R\u00e9plique Manga Cin\u00e9","article_publisher":"https:\/\/www.facebook.com\/RepliqueMangaCine","article_modified_time":"2025-11-13T13:23:43+00:00","og_image":[{"width":500,"height":500,"url":"https:\/\/repliquemangacine.fr\/wp-content\/uploads\/2025\/02\/Dague-Nero-Devil-My-Cry-avec-logo.jpg","type":"image\/jpeg"}],"twitter_card":"summary_large_image","twitter_misc":{"Gesch\u00e4tzte Lesezeit":"3\u00a0Minuten"},"schema":{"@context":"https:\/\/schema.org","@graph":[{"@type":"WebPage","@id":"https:\/\/repliquemangacine.fr\/devil-may-cry\/dague-epee-red-queen-nero-devil-my-cry\/","url":"https:\/\/repliquemangacine.fr\/devil-may-cry\/dague-epee-red-queen-nero-devil-my-cry\/","name":"Schwertdolch Red Queen Nero - Devil My Cry - R\u00e9plique Manga Cin\u00e9","isPartOf":{"@id":"https:\/\/repliquemangacine.fr\/#website"},"primaryImageOfPage":{"@id":"https:\/\/repliquemangacine.fr\/devil-may-cry\/dague-epee-red-queen-nero-devil-my-cry\/#primaryimage"},"image":{"@id":"https:\/\/repliquemangacine.fr\/devil-may-cry\/dague-epee-red-queen-nero-devil-my-cry\/#primaryimage"},"thumbnailUrl":"https:\/\/repliquemangacine.fr\/wp-content\/uploads\/2025\/02\/Dague-Nero-Devil-My-Cry-avec-logo.jpg","datePublished":"2025-02-16T15:44:52+00:00","dateModified":"2025-11-13T13:23:43+00:00","description":"Wundersch\u00f6ner Red Queen Schwertdolch von Nero inspiriert e Devil My Cry. Ganz aus Stahl gefertigt. Verzierte, nicht scharfe Klinge. Spezieller Schutz. Wird mit einem St\u00e4nder geliefert. 63,5 cm","breadcrumb":{"@id":"https:\/\/repliquemangacine.fr\/devil-may-cry\/dague-epee-red-queen-nero-devil-my-cry\/#breadcrumb"},"inLanguage":"de","potentialAction":[{"@type":"ReadAction","target":["https:\/\/repliquemangacine.fr\/devil-may-cry\/dague-epee-red-queen-nero-devil-my-cry\/"]}]},{"@type":"ImageObject","inLanguage":"de","@id":"https:\/\/repliquemangacine.fr\/devil-may-cry\/dague-epee-red-queen-nero-devil-my-cry\/#primaryimage","url":"https:\/\/repliquemangacine.fr\/wp-content\/uploads\/2025\/02\/Dague-Nero-Devil-My-Cry-avec-logo.jpg","contentUrl":"https:\/\/repliquemangacine.fr\/wp-content\/uploads\/2025\/02\/Dague-Nero-Devil-My-Cry-avec-logo.jpg","width":500,"height":500,"caption":"Dague \u00e9p\u00e9e Red Queen de Nero dans Devil My Cry"},{"@type":"BreadcrumbList","@id":"https:\/\/repliquemangacine.fr\/devil-may-cry\/dague-epee-red-queen-nero-devil-my-cry\/#breadcrumb","itemListElement":[{"@type":"ListItem","position":1,"name":"Accueil","item":"https:\/\/repliquemangacine.fr\/"},{"@type":"ListItem","position":2,"name":"Produits","item":"https:\/\/repliquemangacine.fr\/boutique\/"},{"@type":"ListItem","position":3,"name":"Dague \u00e9p\u00e9e Red Queen Nero &#8211; Devil My Cry"}]},{"@type":"WebSite","@id":"https:\/\/repliquemangacine.fr\/#website","url":"https:\/\/repliquemangacine.fr\/","name":"R\u00e9plique Manga Cin\u00e9","description":"","publisher":{"@id":"https:\/\/repliquemangacine.fr\/#organization"},"potentialAction":[{"@type":"SearchAction","target":{"@type":"EntryPoint","urlTemplate":"https:\/\/repliquemangacine.fr\/?s={search_term_string}"},"query-input":{"@type":"PropertyValueSpecification","valueRequired":true,"valueName":"search_term_string"}}],"inLanguage":"de"},{"@type":"Organization","@id":"https:\/\/repliquemangacine.fr\/#organization","name":"R\u00e9plique Manga Cin\u00e9","url":"https:\/\/repliquemangacine.fr\/","logo":{"@type":"ImageObject","inLanguage":"de","@id":"https:\/\/repliquemangacine.fr\/#\/schema\/logo\/image\/","url":"https:\/\/repliquemangacine.fr\/wp-content\/uploads\/2023\/10\/RMC-500250.png","contentUrl":"https:\/\/repliquemangacine.fr\/wp-content\/uploads\/2023\/10\/RMC-500250.png","width":500,"height":250,"caption":"R\u00e9plique Manga Cin\u00e9"},"image":{"@id":"https:\/\/repliquemangacine.fr\/#\/schema\/logo\/image\/"},"sameAs":["https:\/\/www.facebook.com\/RepliqueMangaCine","https:\/\/www.instagram.com\/repliquemangacine.fr\/"]}]}},"_links":{"self":[{"href":"https:\/\/repliquemangacine.fr\/de\/wp-json\/wp\/v2\/product\/82132","targetHints":{"allow":["GET"]}}],"collection":[{"href":"https:\/\/repliquemangacine.fr\/de\/wp-json\/wp\/v2\/product"}],"about":[{"href":"https:\/\/repliquemangacine.fr\/de\/wp-json\/wp\/v2\/types\/product"}],"wp:featuredmedia":[{"embeddable":true,"href":"https:\/\/repliquemangacine.fr\/de\/wp-json\/wp\/v2\/media\/82133"}],"wp:attachment":[{"href":"https:\/\/repliquemangacine.fr\/de\/wp-json\/wp\/v2\/media?parent=82132"}],"wp:term":[{"taxonomy":"product_brand","embeddable":true,"href":"https:\/\/repliquemangacine.fr\/de\/wp-json\/wp\/v2\/product_brand?post=82132"},{"taxonomy":"product_cat","embeddable":true,"href":"https:\/\/repliquemangacine.fr\/de\/wp-json\/wp\/v2\/product_cat?post=82132"},{"taxonomy":"product_tag","embeddable":true,"href":"https:\/\/repliquemangacine.fr\/de\/wp-json\/wp\/v2\/product_tag?post=82132"}],"curies":[{"name":"wp","href":"https:\/\/api.w.org\/{rel}","templated":true}]}}