





{"id":82124,"date":"2025-02-16T15:33:30","date_gmt":"2025-02-16T14:33:30","guid":{"rendered":"https:\/\/repliquemangacine.fr\/?post_type=product&#038;p=82124"},"modified":"2026-03-23T19:07:02","modified_gmt":"2026-03-23T18:07:02","slug":"fusionsschwert-cloud-multiblade-buster-sword-final-fantasy-vii","status":"publish","type":"product","link":"https:\/\/repliquemangacine.fr\/de\/katana-et-epee-de-jeux-video-autre-jeux-video\/epee-de-fusion-cloud-multiblade-buster-sword-final-fantasy-vii\/","title":{"rendered":"Fusionsschwert Cloud Strife - Multiblade Buster Sword"},"content":{"rendered":"<h2>Das Fusionsschwert von Cloud Strife - Eine Legend\u00e4re Waffe aus Final Fantasy<\/h2>\n<p>Zun\u00e4chst einmal das Fusionsschwert von Cloud Strife, gesehen in <a href=\"https:\/\/finalfantasy.fandom.com\/fr\/wiki\/Final_Fantasy_VII\" target=\"_blank\" rel=\"noopener noreferrer\">Final Fantasy VII<\/a>: Advent Children. Eine weiterentwickelte und spektakul\u00e4re Version des ber\u00fchmten Buster Sword. Es besteht aus sechs einzelnen Klingen (Multiblade), die zu einer einzigen massiven Waffe zusammengesetzt werden k\u00f6nnen. Au\u00dferdem k\u00f6nnen Sie es in verschiedenen Konfigurationen f\u00fcr einen ultra-dynamischen Kampfstil verwenden.<\/p>\n<p>Cloud f\u00fchrt dieses Schwert mit einer beeindruckenden Beweglichkeit. Er setzt seinen Gegnern mit blitzschnellen Angriffen zu, insbesondere in seinem legend\u00e4ren Kampf gegen Sephiroth. Sein brutales und zugleich mechanisches Design macht es zu einem ikonischen St\u00fcck, das von Fans der Saga gesch\u00e4tzt wird.<\/p>\n<p>Diese originalgetreue Nachbildung der Waffe aus dem Spiel ist ein echtes Must-have f\u00fcr alle Final Fantasy-Fans!<\/p>\n<h2>Cloud Strife - Entschlossener Held und Out-of-Pair-Krieger<\/h2>\n<p>Cloud Strife ist der Hauptcharakter aus Final Fantasy VII, ein ehemaliger SOLDAT, der zum S\u00f6ldner wurde und f\u00fcr sein ikonisches Aussehen und seine unglaubliche Kampfkraft bekannt ist. Mit einer gequ\u00e4lten Pers\u00f6nlichkeit ausgestattet, entwickelt er sich im Laufe der Geschichte zu einem mutigen Anf\u00fchrer, der bereit ist, sich Shinra und Sephiroth zu stellen, um den Planeten zu sch\u00fctzen.<\/p>\n<p>Sein Fusionsschwert ist ein perfektes Symbol f\u00fcr seinen einzigartigen Kampfstil: kraftvoll, schnell und strategisch. Mit dieser Waffe beweist er, dass er nicht mehr nur ein einsamer Krieger ist, sondern ein wahrer Held, der alles tun w\u00fcrde, um seine Lieben zu retten. Sein Charisma und seine spektakul\u00e4ren Techniken machen ihn zu einem der ikonischsten Charaktere des Videospiels.<\/p>\n<h2>Weitere legend\u00e4re Waffen zum Entdecken auf R\u00e9plique Manga Cin\u00e9<\/h2>\n<p>Wenn dich das Fusionsschwert von Cloud beeindruckt, wirst du auch die anderen legend\u00e4ren Waffen, die auf unserer Seite erh\u00e4ltlich sind, lieben. Tauchen Sie ein in die Welt von Warcraft mit <a href=\"https:\/\/repliquemangacine.fr\/de\/schwerter-world-of-warcraft\/frostmourne-deuillegivre-schwert-des-lichkonigs\/\">Frostmourne<\/a>das verfluchte Schwert des Lichk\u00f6nigs. Wir bieten Ihnen auch die M\u00f6glichkeit, als Kratos mit dem <a href=\"https:\/\/repliquemangacine.fr\/de\/katana-und-schwert-von-videospielen-andere-videospiele\/axt-von-kratos-god-of-war\/\">Leviathan-Axt aus God of War<\/a>eine gef\u00fcrchtete nordische Waffe. Fans von Devil May Cry werden sich auch \u00fcber das Wiedersehen mit dem<a href=\"https:\/\/repliquemangacine.fr\/de\/katana-und-schwert-von-videospielen-andere-videospiele\/epee-du-diable-de-dante-devil-my-cry\/\">Dantes Teufelsschwert<\/a>Die Waffe ist eine d\u00e4monische Waffe mit \u00fcberm\u00e4chtigen Kr\u00e4ften.<\/p>\n<p>Ob Sie nun Sammler, Cosplayer oder Liebhaber mythischer Waffen sind. Unsere Auswahl garantiert Ihnen au\u00dfergew\u00f6hnliche St\u00fccke, die Sie ausstellen oder handhaben k\u00f6nnen, um die epischsten K\u00e4mpfe der Popkultur nachzuerleben.<\/p>\n<p>Fazit: Lassen Sie sich die Gelegenheit nicht entgehen, diese au\u00dfergew\u00f6hnlichen Repliken zu erwerben und Ihrer Sammlung einen epischen Touch zu verleihen!<\/p>","protected":false},"excerpt":{"rendered":"<p>Cloud Strifes beeindruckendes Fusionsschwert in Final Fantasy VII: Advent Children<\/p>\n<ul>\n<li>Ganz aus Stahl<\/li>\n<li>Besteht aus 6 einzelnen Klingen, die zu einem einzigen riesigen Schwert zusammengesetzt werden k\u00f6nnen, das an das Buster Sword erinnert.<\/li>\n<li>L\u00e4sst sich je nach Bedarf unterschiedlich abtrennen oder zusammensetzen.<\/li>\n<li>Technisch anspruchsvollere und weiterentwickelte Version des Buster Sword.<\/li>\n<li>Anleitung zum Auf- und Abbau<\/li>\n<li>L\u00e4nge der zusammengesetzten Klinge: 81 cm - Gesamtl\u00e4nge: 110.5 cm<\/li>\n<li>Gewicht: 4500g<\/li>\n<\/ul>","protected":false},"featured_media":82125,"template":"","meta":[],"product_brand":[896],"product_cat":[1012,67],"product_tag":[],"class_list":{"0":"post-82124","1":"product","2":"type-product","3":"status-publish","4":"has-post-thumbnail","6":"product_brand-replique-manga-cine","7":"product_cat-final-fantasy-repliques-final-fantasy","8":"product_cat-katana-et-epee-de-jeux-video-autre-jeux-video","10":"first","11":"instock","12":"sale","13":"taxable","14":"shipping-taxable","15":"purchasable","16":"product-type-simple"},"yoast_head":"<!-- This site is optimized with the Yoast SEO plugin v27.5 - https:\/\/yoast.com\/product\/yoast-seo-wordpress\/ -->\n<title>\u00c9p\u00e9e de fusion Cloud Strife - Multiblade Buster Sword - FF7 | RMC<\/title>\n<meta name=\"description\" content=\"Impressionnante cette \u00c9p\u00e9e de fusion de Cloud Strife dans Final Fantasy VII. Multiblade compos\u00e9e de 6 lames distinctes qui s&#039;assemblent. Tout en acier\" \/>\n<meta name=\"robots\" content=\"index, follow, max-snippet:-1, max-image-preview:large, max-video-preview:-1\" \/>\n<link rel=\"canonical\" href=\"https:\/\/repliquemangacine.fr\/de\/katana-und-schwert-von-videospielen-andere-videospiele\/fusionsschwert-cloud-multiblade-buster-sword-final-fantasy-vii\/\" \/>\n<meta property=\"og:locale\" content=\"de_DE\" \/>\n<meta property=\"og:type\" content=\"article\" \/>\n<meta property=\"og:title\" content=\"\u00c9p\u00e9e de fusion Cloud Strife - Multiblade Buster Sword - FF7 | RMC\" \/>\n<meta property=\"og:description\" content=\"Impressionnante cette \u00c9p\u00e9e de fusion de Cloud Strife dans Final Fantasy VII. Multiblade compos\u00e9e de 6 lames distinctes qui s&#039;assemblent. Tout en acier\" \/>\n<meta property=\"og:url\" content=\"https:\/\/repliquemangacine.fr\/de\/katana-und-schwert-von-videospielen-andere-videospiele\/fusionsschwert-cloud-multiblade-buster-sword-final-fantasy-vii\/\" \/>\n<meta property=\"og:site_name\" content=\"R\u00e9plique Manga Cin\u00e9\" \/>\n<meta property=\"article:publisher\" content=\"https:\/\/www.facebook.com\/RepliqueMangaCine\" \/>\n<meta property=\"article:modified_time\" content=\"2026-03-23T18:07:02+00:00\" \/>\n<meta property=\"og:image\" content=\"https:\/\/repliquemangacine.fr\/wp-content\/uploads\/2025\/02\/Epee-de-Fusion-Cloud-FF7.jpg\" \/>\n\t<meta property=\"og:image:width\" content=\"500\" \/>\n\t<meta property=\"og:image:height\" content=\"500\" \/>\n\t<meta property=\"og:image:type\" content=\"image\/jpeg\" \/>\n<meta name=\"twitter:card\" content=\"summary_large_image\" \/>\n<meta name=\"twitter:label1\" content=\"Gesch\u00e4tzte Lesezeit\" \/>\n\t<meta name=\"twitter:data1\" content=\"3\u00a0Minuten\" \/>\n<script type=\"application\/ld+json\" class=\"yoast-schema-graph\">{\"@context\":\"https:\\\/\\\/schema.org\",\"@graph\":[{\"@type\":\"WebPage\",\"@id\":\"https:\\\/\\\/repliquemangacine.fr\\\/katana-et-epee-de-jeux-video-autre-jeux-video\\\/epee-de-fusion-cloud-multiblade-buster-sword-final-fantasy-vii\\\/\",\"url\":\"https:\\\/\\\/repliquemangacine.fr\\\/katana-et-epee-de-jeux-video-autre-jeux-video\\\/epee-de-fusion-cloud-multiblade-buster-sword-final-fantasy-vii\\\/\",\"name\":\"\u00c9p\u00e9e de fusion Cloud Strife - Multiblade Buster Sword - FF7 | RMC\",\"isPartOf\":{\"@id\":\"https:\\\/\\\/repliquemangacine.fr\\\/#website\"},\"primaryImageOfPage\":{\"@id\":\"https:\\\/\\\/repliquemangacine.fr\\\/katana-et-epee-de-jeux-video-autre-jeux-video\\\/epee-de-fusion-cloud-multiblade-buster-sword-final-fantasy-vii\\\/#primaryimage\"},\"image\":{\"@id\":\"https:\\\/\\\/repliquemangacine.fr\\\/katana-et-epee-de-jeux-video-autre-jeux-video\\\/epee-de-fusion-cloud-multiblade-buster-sword-final-fantasy-vii\\\/#primaryimage\"},\"thumbnailUrl\":\"https:\\\/\\\/repliquemangacine.fr\\\/wp-content\\\/uploads\\\/2025\\\/02\\\/Epee-de-Fusion-Cloud-FF7.jpg\",\"datePublished\":\"2025-02-16T14:33:30+00:00\",\"dateModified\":\"2026-03-23T18:07:02+00:00\",\"description\":\"Impressionnante cette \u00c9p\u00e9e de fusion de Cloud Strife dans Final Fantasy VII. Multiblade compos\u00e9e de 6 lames distinctes qui s'assemblent. Tout en acier\",\"breadcrumb\":{\"@id\":\"https:\\\/\\\/repliquemangacine.fr\\\/katana-et-epee-de-jeux-video-autre-jeux-video\\\/epee-de-fusion-cloud-multiblade-buster-sword-final-fantasy-vii\\\/#breadcrumb\"},\"inLanguage\":\"de\",\"potentialAction\":[{\"@type\":\"ReadAction\",\"target\":[\"https:\\\/\\\/repliquemangacine.fr\\\/katana-et-epee-de-jeux-video-autre-jeux-video\\\/epee-de-fusion-cloud-multiblade-buster-sword-final-fantasy-vii\\\/\"]}]},{\"@type\":\"ImageObject\",\"inLanguage\":\"de\",\"@id\":\"https:\\\/\\\/repliquemangacine.fr\\\/katana-et-epee-de-jeux-video-autre-jeux-video\\\/epee-de-fusion-cloud-multiblade-buster-sword-final-fantasy-vii\\\/#primaryimage\",\"url\":\"https:\\\/\\\/repliquemangacine.fr\\\/wp-content\\\/uploads\\\/2025\\\/02\\\/Epee-de-Fusion-Cloud-FF7.jpg\",\"contentUrl\":\"https:\\\/\\\/repliquemangacine.fr\\\/wp-content\\\/uploads\\\/2025\\\/02\\\/Epee-de-Fusion-Cloud-FF7.jpg\",\"width\":500,\"height\":500,\"caption\":\"Ep\u00e9e de fusion Cloud-Final Fantasy VII\"},{\"@type\":\"BreadcrumbList\",\"@id\":\"https:\\\/\\\/repliquemangacine.fr\\\/katana-et-epee-de-jeux-video-autre-jeux-video\\\/epee-de-fusion-cloud-multiblade-buster-sword-final-fantasy-vii\\\/#breadcrumb\",\"itemListElement\":[{\"@type\":\"ListItem\",\"position\":1,\"name\":\"Accueil\",\"item\":\"https:\\\/\\\/repliquemangacine.fr\\\/\"},{\"@type\":\"ListItem\",\"position\":2,\"name\":\"Produits\",\"item\":\"https:\\\/\\\/repliquemangacine.fr\\\/boutique\\\/\"},{\"@type\":\"ListItem\",\"position\":3,\"name\":\"\u00c9p\u00e9e de fusion Cloud Strife &#8211; Multiblade Buster Sword\"}]},{\"@type\":\"WebSite\",\"@id\":\"https:\\\/\\\/repliquemangacine.fr\\\/#website\",\"url\":\"https:\\\/\\\/repliquemangacine.fr\\\/\",\"name\":\"R\u00e9plique Manga Cin\u00e9\",\"description\":\"\",\"publisher\":{\"@id\":\"https:\\\/\\\/repliquemangacine.fr\\\/#organization\"},\"potentialAction\":[{\"@type\":\"SearchAction\",\"target\":{\"@type\":\"EntryPoint\",\"urlTemplate\":\"https:\\\/\\\/repliquemangacine.fr\\\/?s={search_term_string}\"},\"query-input\":{\"@type\":\"PropertyValueSpecification\",\"valueRequired\":true,\"valueName\":\"search_term_string\"}}],\"inLanguage\":\"de\"},{\"@type\":\"Organization\",\"@id\":\"https:\\\/\\\/repliquemangacine.fr\\\/#organization\",\"name\":\"R\u00e9plique Manga Cin\u00e9\",\"url\":\"https:\\\/\\\/repliquemangacine.fr\\\/\",\"logo\":{\"@type\":\"ImageObject\",\"inLanguage\":\"de\",\"@id\":\"https:\\\/\\\/repliquemangacine.fr\\\/#\\\/schema\\\/logo\\\/image\\\/\",\"url\":\"https:\\\/\\\/repliquemangacine.fr\\\/wp-content\\\/uploads\\\/2023\\\/10\\\/RMC-500250.png\",\"contentUrl\":\"https:\\\/\\\/repliquemangacine.fr\\\/wp-content\\\/uploads\\\/2023\\\/10\\\/RMC-500250.png\",\"width\":500,\"height\":250,\"caption\":\"R\u00e9plique Manga Cin\u00e9\"},\"image\":{\"@id\":\"https:\\\/\\\/repliquemangacine.fr\\\/#\\\/schema\\\/logo\\\/image\\\/\"},\"sameAs\":[\"https:\\\/\\\/www.facebook.com\\\/RepliqueMangaCine\",\"https:\\\/\\\/www.instagram.com\\\/repliquemangacine.fr\\\/\"]}]}<\/script>\n<!-- \/ Yoast SEO plugin. -->","yoast_head_json":{"title":"Fusionsschwert Cloud Strife - Multiblade Buster Sword - FF7 | RMC","description":"Beeindruckendes Fusionsschwert aus Cloud Strife in Final Fantasy VII. Multiblade, bestehend aus 6 separaten Klingen, die sich zusammenf\u00fcgen lassen. Ganz aus Stahl","robots":{"index":"index","follow":"follow","max-snippet":"max-snippet:-1","max-image-preview":"max-image-preview:large","max-video-preview":"max-video-preview:-1"},"canonical":"https:\/\/repliquemangacine.fr\/de\/katana-und-schwert-von-videospielen-andere-videospiele\/fusionsschwert-cloud-multiblade-buster-sword-final-fantasy-vii\/","og_locale":"de_DE","og_type":"article","og_title":"\u00c9p\u00e9e de fusion Cloud Strife - Multiblade Buster Sword - FF7 | RMC","og_description":"Impressionnante cette \u00c9p\u00e9e de fusion de Cloud Strife dans Final Fantasy VII. Multiblade compos\u00e9e de 6 lames distinctes qui s'assemblent. Tout en acier","og_url":"https:\/\/repliquemangacine.fr\/de\/katana-und-schwert-von-videospielen-andere-videospiele\/fusionsschwert-cloud-multiblade-buster-sword-final-fantasy-vii\/","og_site_name":"R\u00e9plique Manga Cin\u00e9","article_publisher":"https:\/\/www.facebook.com\/RepliqueMangaCine","article_modified_time":"2026-03-23T18:07:02+00:00","og_image":[{"width":500,"height":500,"url":"https:\/\/repliquemangacine.fr\/wp-content\/uploads\/2025\/02\/Epee-de-Fusion-Cloud-FF7.jpg","type":"image\/jpeg"}],"twitter_card":"summary_large_image","twitter_misc":{"Gesch\u00e4tzte Lesezeit":"3\u00a0Minuten"},"schema":{"@context":"https:\/\/schema.org","@graph":[{"@type":"WebPage","@id":"https:\/\/repliquemangacine.fr\/katana-et-epee-de-jeux-video-autre-jeux-video\/epee-de-fusion-cloud-multiblade-buster-sword-final-fantasy-vii\/","url":"https:\/\/repliquemangacine.fr\/katana-et-epee-de-jeux-video-autre-jeux-video\/epee-de-fusion-cloud-multiblade-buster-sword-final-fantasy-vii\/","name":"Fusionsschwert Cloud Strife - Multiblade Buster Sword - FF7 | RMC","isPartOf":{"@id":"https:\/\/repliquemangacine.fr\/#website"},"primaryImageOfPage":{"@id":"https:\/\/repliquemangacine.fr\/katana-et-epee-de-jeux-video-autre-jeux-video\/epee-de-fusion-cloud-multiblade-buster-sword-final-fantasy-vii\/#primaryimage"},"image":{"@id":"https:\/\/repliquemangacine.fr\/katana-et-epee-de-jeux-video-autre-jeux-video\/epee-de-fusion-cloud-multiblade-buster-sword-final-fantasy-vii\/#primaryimage"},"thumbnailUrl":"https:\/\/repliquemangacine.fr\/wp-content\/uploads\/2025\/02\/Epee-de-Fusion-Cloud-FF7.jpg","datePublished":"2025-02-16T14:33:30+00:00","dateModified":"2026-03-23T18:07:02+00:00","description":"Beeindruckendes Fusionsschwert aus Cloud Strife in Final Fantasy VII. Multiblade, bestehend aus 6 separaten Klingen, die sich zusammenf\u00fcgen lassen. Ganz aus Stahl","breadcrumb":{"@id":"https:\/\/repliquemangacine.fr\/katana-et-epee-de-jeux-video-autre-jeux-video\/epee-de-fusion-cloud-multiblade-buster-sword-final-fantasy-vii\/#breadcrumb"},"inLanguage":"de","potentialAction":[{"@type":"ReadAction","target":["https:\/\/repliquemangacine.fr\/katana-et-epee-de-jeux-video-autre-jeux-video\/epee-de-fusion-cloud-multiblade-buster-sword-final-fantasy-vii\/"]}]},{"@type":"ImageObject","inLanguage":"de","@id":"https:\/\/repliquemangacine.fr\/katana-et-epee-de-jeux-video-autre-jeux-video\/epee-de-fusion-cloud-multiblade-buster-sword-final-fantasy-vii\/#primaryimage","url":"https:\/\/repliquemangacine.fr\/wp-content\/uploads\/2025\/02\/Epee-de-Fusion-Cloud-FF7.jpg","contentUrl":"https:\/\/repliquemangacine.fr\/wp-content\/uploads\/2025\/02\/Epee-de-Fusion-Cloud-FF7.jpg","width":500,"height":500,"caption":"Ep\u00e9e de fusion Cloud-Final Fantasy VII"},{"@type":"BreadcrumbList","@id":"https:\/\/repliquemangacine.fr\/katana-et-epee-de-jeux-video-autre-jeux-video\/epee-de-fusion-cloud-multiblade-buster-sword-final-fantasy-vii\/#breadcrumb","itemListElement":[{"@type":"ListItem","position":1,"name":"Accueil","item":"https:\/\/repliquemangacine.fr\/"},{"@type":"ListItem","position":2,"name":"Produits","item":"https:\/\/repliquemangacine.fr\/boutique\/"},{"@type":"ListItem","position":3,"name":"\u00c9p\u00e9e de fusion Cloud Strife &#8211; Multiblade Buster Sword"}]},{"@type":"WebSite","@id":"https:\/\/repliquemangacine.fr\/#website","url":"https:\/\/repliquemangacine.fr\/","name":"R\u00e9plique Manga Cin\u00e9","description":"","publisher":{"@id":"https:\/\/repliquemangacine.fr\/#organization"},"potentialAction":[{"@type":"SearchAction","target":{"@type":"EntryPoint","urlTemplate":"https:\/\/repliquemangacine.fr\/?s={search_term_string}"},"query-input":{"@type":"PropertyValueSpecification","valueRequired":true,"valueName":"search_term_string"}}],"inLanguage":"de"},{"@type":"Organization","@id":"https:\/\/repliquemangacine.fr\/#organization","name":"R\u00e9plique Manga Cin\u00e9","url":"https:\/\/repliquemangacine.fr\/","logo":{"@type":"ImageObject","inLanguage":"de","@id":"https:\/\/repliquemangacine.fr\/#\/schema\/logo\/image\/","url":"https:\/\/repliquemangacine.fr\/wp-content\/uploads\/2023\/10\/RMC-500250.png","contentUrl":"https:\/\/repliquemangacine.fr\/wp-content\/uploads\/2023\/10\/RMC-500250.png","width":500,"height":250,"caption":"R\u00e9plique Manga Cin\u00e9"},"image":{"@id":"https:\/\/repliquemangacine.fr\/#\/schema\/logo\/image\/"},"sameAs":["https:\/\/www.facebook.com\/RepliqueMangaCine","https:\/\/www.instagram.com\/repliquemangacine.fr\/"]}]}},"_links":{"self":[{"href":"https:\/\/repliquemangacine.fr\/de\/wp-json\/wp\/v2\/product\/82124","targetHints":{"allow":["GET"]}}],"collection":[{"href":"https:\/\/repliquemangacine.fr\/de\/wp-json\/wp\/v2\/product"}],"about":[{"href":"https:\/\/repliquemangacine.fr\/de\/wp-json\/wp\/v2\/types\/product"}],"wp:featuredmedia":[{"embeddable":true,"href":"https:\/\/repliquemangacine.fr\/de\/wp-json\/wp\/v2\/media\/82125"}],"wp:attachment":[{"href":"https:\/\/repliquemangacine.fr\/de\/wp-json\/wp\/v2\/media?parent=82124"}],"wp:term":[{"taxonomy":"product_brand","embeddable":true,"href":"https:\/\/repliquemangacine.fr\/de\/wp-json\/wp\/v2\/product_brand?post=82124"},{"taxonomy":"product_cat","embeddable":true,"href":"https:\/\/repliquemangacine.fr\/de\/wp-json\/wp\/v2\/product_cat?post=82124"},{"taxonomy":"product_tag","embeddable":true,"href":"https:\/\/repliquemangacine.fr\/de\/wp-json\/wp\/v2\/product_tag?post=82124"}],"curies":[{"name":"wp","href":"https:\/\/api.w.org\/{rel}","templated":true}]}}