





{"id":81554,"date":"2025-01-26T18:41:31","date_gmt":"2025-01-26T17:41:31","guid":{"rendered":"https:\/\/repliquemangacine.fr\/?post_type=product&#038;p=81554"},"modified":"2025-12-12T16:40:08","modified_gmt":"2025-12-12T15:40:08","slug":"highlander-schneidendes-katana","status":"publish","type":"product","link":"https:\/\/repliquemangacine.fr\/de\/katana-forge\/katana-coupant-highlander\/","title":{"rendered":"Katana schneidend Highlander"},"content":{"rendered":"<h2>Highlander schneidendes Katana : Legend\u00e4re und ikonische Klinge<\/h2>\n<p>Zun\u00e4chst einmal das schneidende Katana Highlander, eine legend\u00e4re und symboltr\u00e4chtige Klinge, die Waffe von Connor MacLeod. Ein au\u00dfergew\u00f6hnliches Katana, das sich durch seinen zu einem Drachen geformten Elfenbeingriff von traditionellen Schwertern unterscheidet. Dieses Schwert wurde ihm von seinem Mentor Juan S\u00e1nchez Villa-Lobos Ram\u00edrez (gespielt von Sean Connery) geschenkt. Ein unsterblicher \u00c4gypter im Dienste des K\u00f6nigs von Spanien.<\/p>\n<p>Connor MacLeod, legend\u00e4rer Protagonist des Films Highlander (1986), gespielt von Christopher Lambert. Unsterblicher Krieger schottischer Herkunft, geboren im 16. Jahrhundert. Er entdeckt seine Unsterblichkeit, nachdem er eine t\u00f6dliche Verletzung in einer Schlacht \u00fcberlebt hat. Daraufhin wird er zum Ziel anderer Unsterblicher, die alle in einen endlosen Kampf namens \u201cDas Spiel\u201d verwickelt sind, bei dem es nur einen \u00dcberlebenden geben kann.<\/p>\n<h2>Highlander Cutting Katana : Legend\u00e4re Klingen f\u00fcr unsterbliche Krieger<\/h2>\n<p>Tauchen Sie mit unseren au\u00dfergew\u00f6hnlichen Katana-Repliken, die von der Kultsaga inspiriert sind, in die mythische Welt von Highlander ein. Ob Sie nun ein leidenschaftlicher Sammler oder ein Waffenliebhaber sind, unsere Modelle vereinen Authentizit\u00e4t, Qualit\u00e4t und Kraft, genau wie die Unsterblichen aus dem Film. Entdecken Sie insbesondere den <a href=\"https:\/\/repliquemangacine.fr\/de\/repliken-von-waffen-filme-und-serien\/katana-duncan-highlander\/\">Katana von Duncan MacLeod<\/a>Connor's geistiger Erbe, mit einer scharfen Klinge und einem Design, das der Serie treu bleibt. F\u00fcr Puristen bieten wir auch das<a href=\"https:\/\/repliquemangacine.fr\/de\/katana-die-schwerter-aus-filmen-und-serien\/schwert-connor-macleod-highlander\/\">legend\u00e4res Schwert von Connor MacLeod<\/a>, entworfen von der renommierten Marke <a href=\"https:\/\/www.marto.es\/index.php\/es\/\" target=\"_blank\" rel=\"noopener noreferrer\">Marto<\/a>die f\u00fcr ihr au\u00dfergew\u00f6hnliches Know-how bekannt ist. Das Katana wird mit einem Ursprungs- und Qualit\u00e4tszertifikat geliefert, das die Herstellung auf h\u00f6chstem Niveau garantiert. Jedes Katana ist ein einzigartiges Sammlerst\u00fcck, das sich perfekt zum Ausstellen oder f\u00fcr den respektvollen Umgang eignet. Es kann nur eines \u00fcbrig bleiben ... Also, welches w\u00fcrden Sie w\u00e4hlen?<\/p>\n<h2>Wie pflegt man die Klinge seines Katanas?<\/h2>\n<p>Zun\u00e4chst einmal werden Katanas f\u00fcr Sammlungen und Dekorationen auf vereinfachte Weise hergestellt und zusammengesetzt. Da sie zu Dekorationszwecken verwendet werden, verf\u00fcgen sie nicht \u00fcber die Sicherheitsmerkmale, die ein japanisches Schwert f\u00fcr das Training aufweisen muss. Ihr Katana aus Connor in Highlander hat jedoch eine Stahlklinge, die gepflegt werden muss, damit sie nicht mit der Zeit abgenutzt wird. Wenn Sie Ihr Katana ausstellen, werden Ihre Freunde neugierig sein, die Klinge zu sehen und sie zu ber\u00fchren. Hier ist Vorsicht geboten. Es ist zu betonen, dass die S\u00e4ure der Finger dem Stahl unabh\u00e4ngig von seiner Qualit\u00e4t sehr schadet. Wenn dies jedoch passiert, keine Panik, Sie brauchen nur ein Tuch, das mit etwas \u00d6l befeuchtet ist, und wischen die Fingerabdr\u00fccke ab. Wenn Sie dies also tun, werden Sie Ihr Schwert sehr lange behalten.<\/p>\n<p>&nbsp;<\/p>","protected":false},"excerpt":{"rendered":"<p>Absolut bemerkenswert, dieses Highlander-Schneidkatana von Connor Mcleod.<\/p>\n<ul>\n<li>Scharfe Klinge aus geschmiedetem Stahl 1045 mit hohem Kohlenstoffgehalt.<\/li>\n<li>Handgemacht<\/li>\n<li>Scheide aus rot lackiertem Holz, an den Enden eine schwarze Linie f\u00fcr mehr Raffinesse.<\/li>\n<li>Fein detaillierter Griff aus Kunstharz, der auf dem Knauf in einem Drachenkopf endet.<\/li>\n<li>Verzierter schwarzer Stahlb\u00fcgel<\/li>\n<li>Wird in einer Holzkiste mit verziertem Satinbezug, Pflegeset und St\u00e4nder geliefert.<\/li>\n<li>Wartungshandbuch<\/li>\n<li>Klingenl\u00e4nge: 72.5 cm - Gesamtl\u00e4nge: 106.5 cm und 109.5 cm mit Scheide<\/li>\n<\/ul>","protected":false},"featured_media":81556,"template":"","meta":[],"product_brand":[896],"product_cat":[91,66,24,38],"product_tag":[],"class_list":{"0":"post-81554","1":"product","2":"type-product","3":"status-publish","4":"has-post-thumbnail","6":"product_brand-replique-manga-cine","7":"product_cat-katana-les-epees-de-films-et-series","8":"product_cat-repliques-d-armes-films-et-series","9":"product_cat-films-series-tv-vente-de-katana-epee-et-produits-derives","10":"product_cat-katana-forge","12":"first","13":"instock","14":"taxable","15":"shipping-taxable","16":"purchasable","17":"product-type-simple"},"yoast_head":"<!-- This site is optimized with the Yoast SEO plugin v27.5 - https:\/\/yoast.com\/product\/yoast-seo-wordpress\/ -->\n<title>Katana coupant Highlander - R\u00e9plique Manga Cin\u00e9<\/title>\n<meta name=\"description\" content=\"En exclusivit\u00e9 ! Retrouvez le Katana coupant Highlander de Connor McLeod. Lame tranchante en acier forg\u00e9 1045, haute teneur en carbone. Fait \u00e0 la main.\" \/>\n<meta name=\"robots\" content=\"index, follow, max-snippet:-1, max-image-preview:large, max-video-preview:-1\" \/>\n<link rel=\"canonical\" href=\"https:\/\/repliquemangacine.fr\/de\/katana-schmiede\/highlander-schneidendes-katana\/\" \/>\n<meta property=\"og:locale\" content=\"de_DE\" \/>\n<meta property=\"og:type\" content=\"article\" \/>\n<meta property=\"og:title\" content=\"Katana coupant Highlander - R\u00e9plique Manga Cin\u00e9\" \/>\n<meta property=\"og:description\" content=\"En exclusivit\u00e9 ! Retrouvez le Katana coupant Highlander de Connor McLeod. Lame tranchante en acier forg\u00e9 1045, haute teneur en carbone. Fait \u00e0 la main.\" \/>\n<meta property=\"og:url\" content=\"https:\/\/repliquemangacine.fr\/de\/katana-schmiede\/highlander-schneidendes-katana\/\" \/>\n<meta property=\"og:site_name\" content=\"R\u00e9plique Manga Cin\u00e9\" \/>\n<meta property=\"article:publisher\" content=\"https:\/\/www.facebook.com\/RepliqueMangaCine\" \/>\n<meta property=\"article:modified_time\" content=\"2025-12-12T15:40:08+00:00\" \/>\n<meta property=\"og:image\" content=\"https:\/\/repliquemangacine.fr\/wp-content\/uploads\/2025\/01\/Katana-Coupant-Highlander-hors-de-son-fourreau.jpg\" \/>\n\t<meta property=\"og:image:width\" content=\"500\" \/>\n\t<meta property=\"og:image:height\" content=\"500\" \/>\n\t<meta property=\"og:image:type\" content=\"image\/jpeg\" \/>\n<meta name=\"twitter:card\" content=\"summary_large_image\" \/>\n<meta name=\"twitter:label1\" content=\"Gesch\u00e4tzte Lesezeit\" \/>\n\t<meta name=\"twitter:data1\" content=\"3\u00a0Minuten\" \/>\n<script type=\"application\/ld+json\" class=\"yoast-schema-graph\">{\"@context\":\"https:\\\/\\\/schema.org\",\"@graph\":[{\"@type\":\"WebPage\",\"@id\":\"https:\\\/\\\/repliquemangacine.fr\\\/katana-forge\\\/katana-coupant-highlander\\\/\",\"url\":\"https:\\\/\\\/repliquemangacine.fr\\\/katana-forge\\\/katana-coupant-highlander\\\/\",\"name\":\"Katana coupant Highlander - R\u00e9plique Manga Cin\u00e9\",\"isPartOf\":{\"@id\":\"https:\\\/\\\/repliquemangacine.fr\\\/#website\"},\"primaryImageOfPage\":{\"@id\":\"https:\\\/\\\/repliquemangacine.fr\\\/katana-forge\\\/katana-coupant-highlander\\\/#primaryimage\"},\"image\":{\"@id\":\"https:\\\/\\\/repliquemangacine.fr\\\/katana-forge\\\/katana-coupant-highlander\\\/#primaryimage\"},\"thumbnailUrl\":\"https:\\\/\\\/repliquemangacine.fr\\\/wp-content\\\/uploads\\\/2025\\\/01\\\/Katana-Coupant-Highlander-hors-de-son-fourreau.jpg\",\"datePublished\":\"2025-01-26T17:41:31+00:00\",\"dateModified\":\"2025-12-12T15:40:08+00:00\",\"description\":\"En exclusivit\u00e9 ! Retrouvez le Katana coupant Highlander de Connor McLeod. Lame tranchante en acier forg\u00e9 1045, haute teneur en carbone. Fait \u00e0 la main.\",\"breadcrumb\":{\"@id\":\"https:\\\/\\\/repliquemangacine.fr\\\/katana-forge\\\/katana-coupant-highlander\\\/#breadcrumb\"},\"inLanguage\":\"de\",\"potentialAction\":[{\"@type\":\"ReadAction\",\"target\":[\"https:\\\/\\\/repliquemangacine.fr\\\/katana-forge\\\/katana-coupant-highlander\\\/\"]}]},{\"@type\":\"ImageObject\",\"inLanguage\":\"de\",\"@id\":\"https:\\\/\\\/repliquemangacine.fr\\\/katana-forge\\\/katana-coupant-highlander\\\/#primaryimage\",\"url\":\"https:\\\/\\\/repliquemangacine.fr\\\/wp-content\\\/uploads\\\/2025\\\/01\\\/Katana-Coupant-Highlander-hors-de-son-fourreau.jpg\",\"contentUrl\":\"https:\\\/\\\/repliquemangacine.fr\\\/wp-content\\\/uploads\\\/2025\\\/01\\\/Katana-Coupant-Highlander-hors-de-son-fourreau.jpg\",\"width\":500,\"height\":500,\"caption\":\"Katana coupant Highlander de connor Mcleod\"},{\"@type\":\"BreadcrumbList\",\"@id\":\"https:\\\/\\\/repliquemangacine.fr\\\/katana-forge\\\/katana-coupant-highlander\\\/#breadcrumb\",\"itemListElement\":[{\"@type\":\"ListItem\",\"position\":1,\"name\":\"Accueil\",\"item\":\"https:\\\/\\\/repliquemangacine.fr\\\/\"},{\"@type\":\"ListItem\",\"position\":2,\"name\":\"Produits\",\"item\":\"https:\\\/\\\/repliquemangacine.fr\\\/boutique\\\/\"},{\"@type\":\"ListItem\",\"position\":3,\"name\":\"Katana coupant Highlander\"}]},{\"@type\":\"WebSite\",\"@id\":\"https:\\\/\\\/repliquemangacine.fr\\\/#website\",\"url\":\"https:\\\/\\\/repliquemangacine.fr\\\/\",\"name\":\"R\u00e9plique Manga Cin\u00e9\",\"description\":\"\",\"publisher\":{\"@id\":\"https:\\\/\\\/repliquemangacine.fr\\\/#organization\"},\"potentialAction\":[{\"@type\":\"SearchAction\",\"target\":{\"@type\":\"EntryPoint\",\"urlTemplate\":\"https:\\\/\\\/repliquemangacine.fr\\\/?s={search_term_string}\"},\"query-input\":{\"@type\":\"PropertyValueSpecification\",\"valueRequired\":true,\"valueName\":\"search_term_string\"}}],\"inLanguage\":\"de\"},{\"@type\":\"Organization\",\"@id\":\"https:\\\/\\\/repliquemangacine.fr\\\/#organization\",\"name\":\"R\u00e9plique Manga Cin\u00e9\",\"url\":\"https:\\\/\\\/repliquemangacine.fr\\\/\",\"logo\":{\"@type\":\"ImageObject\",\"inLanguage\":\"de\",\"@id\":\"https:\\\/\\\/repliquemangacine.fr\\\/#\\\/schema\\\/logo\\\/image\\\/\",\"url\":\"https:\\\/\\\/repliquemangacine.fr\\\/wp-content\\\/uploads\\\/2023\\\/10\\\/RMC-500250.png\",\"contentUrl\":\"https:\\\/\\\/repliquemangacine.fr\\\/wp-content\\\/uploads\\\/2023\\\/10\\\/RMC-500250.png\",\"width\":500,\"height\":250,\"caption\":\"R\u00e9plique Manga Cin\u00e9\"},\"image\":{\"@id\":\"https:\\\/\\\/repliquemangacine.fr\\\/#\\\/schema\\\/logo\\\/image\\\/\"},\"sameAs\":[\"https:\\\/\\\/www.facebook.com\\\/RepliqueMangaCine\",\"https:\\\/\\\/www.instagram.com\\\/repliquemangacine.fr\\\/\"]}]}<\/script>\n<!-- \/ Yoast SEO plugin. -->","yoast_head_json":{"title":"Highlander Katana schneidend - R\u00e9plique Manga Cin\u00e9","description":"Nur f\u00fcr Sie! Finden Sie das scharfe Katana Highlander von Connor McLeod. Scharfe Klinge aus geschmiedetem Stahl 1045 mit hohem Kohlenstoffgehalt. Handgefertigt.","robots":{"index":"index","follow":"follow","max-snippet":"max-snippet:-1","max-image-preview":"max-image-preview:large","max-video-preview":"max-video-preview:-1"},"canonical":"https:\/\/repliquemangacine.fr\/de\/katana-schmiede\/highlander-schneidendes-katana\/","og_locale":"de_DE","og_type":"article","og_title":"Katana coupant Highlander - R\u00e9plique Manga Cin\u00e9","og_description":"En exclusivit\u00e9 ! Retrouvez le Katana coupant Highlander de Connor McLeod. Lame tranchante en acier forg\u00e9 1045, haute teneur en carbone. Fait \u00e0 la main.","og_url":"https:\/\/repliquemangacine.fr\/de\/katana-schmiede\/highlander-schneidendes-katana\/","og_site_name":"R\u00e9plique Manga Cin\u00e9","article_publisher":"https:\/\/www.facebook.com\/RepliqueMangaCine","article_modified_time":"2025-12-12T15:40:08+00:00","og_image":[{"width":500,"height":500,"url":"https:\/\/repliquemangacine.fr\/wp-content\/uploads\/2025\/01\/Katana-Coupant-Highlander-hors-de-son-fourreau.jpg","type":"image\/jpeg"}],"twitter_card":"summary_large_image","twitter_misc":{"Gesch\u00e4tzte Lesezeit":"3\u00a0Minuten"},"schema":{"@context":"https:\/\/schema.org","@graph":[{"@type":"WebPage","@id":"https:\/\/repliquemangacine.fr\/katana-forge\/katana-coupant-highlander\/","url":"https:\/\/repliquemangacine.fr\/katana-forge\/katana-coupant-highlander\/","name":"Highlander Katana schneidend - R\u00e9plique Manga Cin\u00e9","isPartOf":{"@id":"https:\/\/repliquemangacine.fr\/#website"},"primaryImageOfPage":{"@id":"https:\/\/repliquemangacine.fr\/katana-forge\/katana-coupant-highlander\/#primaryimage"},"image":{"@id":"https:\/\/repliquemangacine.fr\/katana-forge\/katana-coupant-highlander\/#primaryimage"},"thumbnailUrl":"https:\/\/repliquemangacine.fr\/wp-content\/uploads\/2025\/01\/Katana-Coupant-Highlander-hors-de-son-fourreau.jpg","datePublished":"2025-01-26T17:41:31+00:00","dateModified":"2025-12-12T15:40:08+00:00","description":"Nur f\u00fcr Sie! Finden Sie das scharfe Katana Highlander von Connor McLeod. Scharfe Klinge aus geschmiedetem Stahl 1045 mit hohem Kohlenstoffgehalt. Handgefertigt.","breadcrumb":{"@id":"https:\/\/repliquemangacine.fr\/katana-forge\/katana-coupant-highlander\/#breadcrumb"},"inLanguage":"de","potentialAction":[{"@type":"ReadAction","target":["https:\/\/repliquemangacine.fr\/katana-forge\/katana-coupant-highlander\/"]}]},{"@type":"ImageObject","inLanguage":"de","@id":"https:\/\/repliquemangacine.fr\/katana-forge\/katana-coupant-highlander\/#primaryimage","url":"https:\/\/repliquemangacine.fr\/wp-content\/uploads\/2025\/01\/Katana-Coupant-Highlander-hors-de-son-fourreau.jpg","contentUrl":"https:\/\/repliquemangacine.fr\/wp-content\/uploads\/2025\/01\/Katana-Coupant-Highlander-hors-de-son-fourreau.jpg","width":500,"height":500,"caption":"Katana coupant Highlander de connor Mcleod"},{"@type":"BreadcrumbList","@id":"https:\/\/repliquemangacine.fr\/katana-forge\/katana-coupant-highlander\/#breadcrumb","itemListElement":[{"@type":"ListItem","position":1,"name":"Accueil","item":"https:\/\/repliquemangacine.fr\/"},{"@type":"ListItem","position":2,"name":"Produits","item":"https:\/\/repliquemangacine.fr\/boutique\/"},{"@type":"ListItem","position":3,"name":"Katana coupant Highlander"}]},{"@type":"WebSite","@id":"https:\/\/repliquemangacine.fr\/#website","url":"https:\/\/repliquemangacine.fr\/","name":"R\u00e9plique Manga Cin\u00e9","description":"","publisher":{"@id":"https:\/\/repliquemangacine.fr\/#organization"},"potentialAction":[{"@type":"SearchAction","target":{"@type":"EntryPoint","urlTemplate":"https:\/\/repliquemangacine.fr\/?s={search_term_string}"},"query-input":{"@type":"PropertyValueSpecification","valueRequired":true,"valueName":"search_term_string"}}],"inLanguage":"de"},{"@type":"Organization","@id":"https:\/\/repliquemangacine.fr\/#organization","name":"R\u00e9plique Manga Cin\u00e9","url":"https:\/\/repliquemangacine.fr\/","logo":{"@type":"ImageObject","inLanguage":"de","@id":"https:\/\/repliquemangacine.fr\/#\/schema\/logo\/image\/","url":"https:\/\/repliquemangacine.fr\/wp-content\/uploads\/2023\/10\/RMC-500250.png","contentUrl":"https:\/\/repliquemangacine.fr\/wp-content\/uploads\/2023\/10\/RMC-500250.png","width":500,"height":250,"caption":"R\u00e9plique Manga Cin\u00e9"},"image":{"@id":"https:\/\/repliquemangacine.fr\/#\/schema\/logo\/image\/"},"sameAs":["https:\/\/www.facebook.com\/RepliqueMangaCine","https:\/\/www.instagram.com\/repliquemangacine.fr\/"]}]}},"_links":{"self":[{"href":"https:\/\/repliquemangacine.fr\/de\/wp-json\/wp\/v2\/product\/81554","targetHints":{"allow":["GET"]}}],"collection":[{"href":"https:\/\/repliquemangacine.fr\/de\/wp-json\/wp\/v2\/product"}],"about":[{"href":"https:\/\/repliquemangacine.fr\/de\/wp-json\/wp\/v2\/types\/product"}],"wp:featuredmedia":[{"embeddable":true,"href":"https:\/\/repliquemangacine.fr\/de\/wp-json\/wp\/v2\/media\/81556"}],"wp:attachment":[{"href":"https:\/\/repliquemangacine.fr\/de\/wp-json\/wp\/v2\/media?parent=81554"}],"wp:term":[{"taxonomy":"product_brand","embeddable":true,"href":"https:\/\/repliquemangacine.fr\/de\/wp-json\/wp\/v2\/product_brand?post=81554"},{"taxonomy":"product_cat","embeddable":true,"href":"https:\/\/repliquemangacine.fr\/de\/wp-json\/wp\/v2\/product_cat?post=81554"},{"taxonomy":"product_tag","embeddable":true,"href":"https:\/\/repliquemangacine.fr\/de\/wp-json\/wp\/v2\/product_tag?post=81554"}],"curies":[{"name":"wp","href":"https:\/\/api.w.org\/{rel}","templated":true}]}}