





{"id":81501,"date":"2025-01-23T18:36:22","date_gmt":"2025-01-23T17:36:22","guid":{"rendered":"https:\/\/repliquemangacine.fr\/?post_type=product&#038;p=81501"},"modified":"2026-04-15T12:19:50","modified_gmt":"2026-04-15T10:19:50","slug":"schwert-holy-moonlight-bloodborne","status":"publish","type":"product","link":"https:\/\/repliquemangacine.fr\/de\/katana-et-epee-de-jeux-video-autre-jeux-video\/epee-holy-moonlight-bloodborne\/","title":{"rendered":"Holy Moonlight-Schwert - Bloodborne"},"content":{"rendered":"<h2>Holy Moonlight Sword: Eine Klinge, die in Mysterium und Macht gebadet ist<\/h2>\n<p>Zu Beginn wird L'<strong>Schwert Holy Moonlight<\/strong>eine der ikonischsten Waffen der Welt. <a href=\"https:\/\/bloodborne.fandom.com\/fr\/wiki\/Bloodborne\" target=\"_blank\" rel=\"noopener noreferrer\">Bloodborne<\/a>. Bei Spielern besonders beliebt wegen ihres einzigartigen Designs und ihrer beeindruckenden Kraft. Sie taucht im DLC \u201eThe Old Hunters\u201c auf und ist eine direkte Anspielung auf das Moonlight Greatsword, einen Klassiker aus der Souls-Reihe von FromSoftware.<\/p>\n<p>Dieses legend\u00e4re Schwert verbindet die Brutalit\u00e4t eines gro\u00dfen Schwertes mit mystischer Mondenergie. Es bietet einen vielseitigen Kampfstil und verf\u00fcgt \u00fcber zwei Modi:<\/p>\n<ul>\n<li>Standardform: Ein massives Schwert mit einem abgenutzten, antiken Aussehen, ideal f\u00fcr starke Schl\u00e4ge im Nahkampf.<\/li>\n<li>Mondform: Wenn sich das Schwert mit einem gr\u00fcnlichen Spektrallicht aufl\u00e4dt. Es entfesselt Wellen magischer Energie, die sich perfekt f\u00fcr Fernangriffe eignen.<\/li>\n<\/ul>\n<p>Diese Waffe wird mit Ludwig, dem ersten J\u00e4ger der Kirche der Arznei, in Verbindung gebracht, der sie im Kampf gegen alptraumhafte Kreaturen f\u00fchrte. Sie ist ein Symbol des Lichts in einer Welt, die in Dunkelheit versunken ist, und verst\u00e4rkt ihre mythische Aura.<\/p>\n<h2>Legend\u00e4re Schwerter und Waffen aus Videospielen : Sammeln Sie die Macht der Helden<\/h2>\n<p>Tauchen Sie mit unseren Repliken ikonischer Waffen, die den Legenden, die sie verk\u00f6rpern, treu bleiben, in die Welt der Videospiele ein. Entdecken Sie die <a href=\"https:\/\/repliquemangacine.fr\/de\/katana-und-schwert-von-videospielen-andere-videospiele\/epee-red-queen-devil-my-cry\/\">Red Queen,<\/a> Neros \u00fcberm\u00e4chtiges Schwert aus Devil May Cry. Ausgestattet mit seinem ikonischen Beschleunigungsgriff f\u00fcr verheerende Schl\u00e4ge. F\u00fcr Fans des Elden Rings ist das<a href=\"https:\/\/repliquemangacine.fr\/de\/katana-und-schwert-von-videospielen-andere-videospiele\/schwert-dark-moon-greatsword-elden-ring\/\">Dark Moon-Schwert<\/a>Die von Ranni, der Hexe, inspirierte Klinge ist mystisch gestaltet und von Mondenergie durchdrungen. Und f\u00fcr die Liebhaber epischer K\u00e4mpfe bietet die <a href=\"https:\/\/repliquemangacine.fr\/de\/katana-und-schwert-von-videospielen-andere-videospiele\/axt-von-kratos-god-of-war\/\">Axt von Kratos<\/a>aus God of War zeichnet sich durch ihre fluoreszierende Version aus, die den Runeneffekten des Spiels Tribut zollt. Ob Sie nun Sammler oder Fantasy-Enthusiast sind, diese Repliken wurden entworfen, um die Macht und das Charisma Ihrer Lieblingshelden einzufangen. Fazit: Nehmen Sie Ihr Schicksal in die Hand und f\u00fcgen Sie Ihrer Sammlung eine legend\u00e4re Waffe hinzu!<\/p>\n<h2>Wie pflegt man die Klinge des Holy Moonlight Sword?<\/h2>\n<p>Zun\u00e4chst einmal werden Katanas f\u00fcr Sammlungen und Dekorationen auf vereinfachte Weise hergestellt und zusammengesetzt. Da sie zu Dekorationszwecken verwendet werden, verf\u00fcgen sie nicht \u00fcber die Sicherheitsmerkmale, die ein japanisches Schwert f\u00fcr das Training aufweisen muss. Dennoch ist Ihr <strong>Schwert Holy Moonlight<\/strong> zu einer Stahlklinge, die gepflegt werden muss, damit sie nicht mit der Zeit abgenutzt wird. Denn wenn Sie Ihr Katana ausstellen, werden Ihre Freunde neugierig sein, die Klinge zu sehen und sie zu ber\u00fchren. Hier ist Vorsicht geboten. Es ist zu betonen, dass die S\u00e4ure der Finger dem Stahl unabh\u00e4ngig von seiner Qualit\u00e4t sehr schadet. Sollte dies dennoch passieren, keine Panik, Sie brauchen nur einen Lappen, der mit ein wenig Wasser angefeuchtet ist.<a href=\"https:\/\/repliquemangacine.fr\/de\/historische-waffen\/universalol-ballistol\/\">Ballistol Universal\u00f6l<\/a> und wischen Sie die Fingerabdr\u00fccke ab. Wenn Sie dies tun, werden Sie Ihr Schwert also sehr lange behalten.<\/p>","protected":false},"excerpt":{"rendered":"<p>Wundersch\u00f6ne Replik des Holy Moonlight Sword aus dem Videospiel Bloodborne.<\/p>\n<ul>\n<li>Blaue Klinge aus rostfreiem Stahl mit feiner Verzierung.<\/li>\n<li>Garde, Griff und Knauf in spezieller Form.<\/li>\n<li>Wird mit einer Wandhalterung aus verziertem Holz geliefert.<\/li>\n<li>L\u00e4nge der Klinge: 75.5 cm - Gesamtl\u00e4nge; 105 cm<\/li>\n<li>Gewicht: 1500 g<\/li>\n<\/ul>","protected":false},"featured_media":81502,"template":"","meta":[],"product_brand":[896],"product_cat":[67],"product_tag":[],"class_list":{"0":"post-81501","1":"product","2":"type-product","3":"status-publish","4":"has-post-thumbnail","6":"product_brand-replique-manga-cine","7":"product_cat-katana-et-epee-de-jeux-video-autre-jeux-video","9":"first","10":"instock","11":"taxable","12":"shipping-taxable","13":"purchasable","14":"product-type-simple"},"yoast_head":"<!-- This site is optimized with the Yoast SEO plugin v27.5 - https:\/\/yoast.com\/product\/yoast-seo-wordpress\/ -->\n<title>Epe\u0301e Holy Moonlight - Bloodborne - R\u00e9plique Manga Cin\u00e9<\/title>\n<meta name=\"description\" content=\"D\u00e9couvrez l&#039; Epe\u0301e Holy Moonlight dans le jeu vid\u00e9o Bloodborne. Lame en acier inoxydable bleue avec d\u00e9cors. Garde et pommeau de forme sp\u00e9cifique. 100cm\" \/>\n<meta name=\"robots\" content=\"index, follow, max-snippet:-1, max-image-preview:large, max-video-preview:-1\" \/>\n<link rel=\"canonical\" href=\"https:\/\/repliquemangacine.fr\/de\/katana-und-schwert-von-videospielen-andere-videospiele\/schwert-holy-moonlight-bloodborne\/\" \/>\n<meta property=\"og:locale\" content=\"de_DE\" \/>\n<meta property=\"og:type\" content=\"article\" \/>\n<meta property=\"og:title\" content=\"Epe\u0301e Holy Moonlight - Bloodborne - R\u00e9plique Manga Cin\u00e9\" \/>\n<meta property=\"og:description\" content=\"D\u00e9couvrez l&#039; Epe\u0301e Holy Moonlight dans le jeu vid\u00e9o Bloodborne. Lame en acier inoxydable bleue avec d\u00e9cors. Garde et pommeau de forme sp\u00e9cifique. 100cm\" \/>\n<meta property=\"og:url\" content=\"https:\/\/repliquemangacine.fr\/de\/katana-und-schwert-von-videospielen-andere-videospiele\/schwert-holy-moonlight-bloodborne\/\" \/>\n<meta property=\"og:site_name\" content=\"R\u00e9plique Manga Cin\u00e9\" \/>\n<meta property=\"article:publisher\" content=\"https:\/\/www.facebook.com\/RepliqueMangaCine\" \/>\n<meta property=\"article:modified_time\" content=\"2026-04-15T10:19:50+00:00\" \/>\n<meta property=\"og:image\" content=\"https:\/\/repliquemangacine.fr\/wp-content\/uploads\/2025\/01\/Epee-Holy-Moonlight-Bloodborne.jpg\" \/>\n\t<meta property=\"og:image:width\" content=\"500\" \/>\n\t<meta property=\"og:image:height\" content=\"500\" \/>\n\t<meta property=\"og:image:type\" content=\"image\/jpeg\" \/>\n<meta name=\"twitter:card\" content=\"summary_large_image\" \/>\n<meta name=\"twitter:label1\" content=\"Gesch\u00e4tzte Lesezeit\" \/>\n\t<meta name=\"twitter:data1\" content=\"3\u00a0Minuten\" \/>\n<script type=\"application\/ld+json\" class=\"yoast-schema-graph\">{\"@context\":\"https:\\\/\\\/schema.org\",\"@graph\":[{\"@type\":\"WebPage\",\"@id\":\"https:\\\/\\\/repliquemangacine.fr\\\/katana-et-epee-de-jeux-video-autre-jeux-video\\\/epee-holy-moonlight-bloodborne\\\/\",\"url\":\"https:\\\/\\\/repliquemangacine.fr\\\/katana-et-epee-de-jeux-video-autre-jeux-video\\\/epee-holy-moonlight-bloodborne\\\/\",\"name\":\"Epe\u0301e Holy Moonlight - Bloodborne - R\u00e9plique Manga Cin\u00e9\",\"isPartOf\":{\"@id\":\"https:\\\/\\\/repliquemangacine.fr\\\/#website\"},\"primaryImageOfPage\":{\"@id\":\"https:\\\/\\\/repliquemangacine.fr\\\/katana-et-epee-de-jeux-video-autre-jeux-video\\\/epee-holy-moonlight-bloodborne\\\/#primaryimage\"},\"image\":{\"@id\":\"https:\\\/\\\/repliquemangacine.fr\\\/katana-et-epee-de-jeux-video-autre-jeux-video\\\/epee-holy-moonlight-bloodborne\\\/#primaryimage\"},\"thumbnailUrl\":\"https:\\\/\\\/repliquemangacine.fr\\\/wp-content\\\/uploads\\\/2025\\\/01\\\/Epee-Holy-Moonlight-Bloodborne.jpg\",\"datePublished\":\"2025-01-23T17:36:22+00:00\",\"dateModified\":\"2026-04-15T10:19:50+00:00\",\"description\":\"D\u00e9couvrez l' Epe\u0301e Holy Moonlight dans le jeu vid\u00e9o Bloodborne. Lame en acier inoxydable bleue avec d\u00e9cors. Garde et pommeau de forme sp\u00e9cifique. 100cm\",\"breadcrumb\":{\"@id\":\"https:\\\/\\\/repliquemangacine.fr\\\/katana-et-epee-de-jeux-video-autre-jeux-video\\\/epee-holy-moonlight-bloodborne\\\/#breadcrumb\"},\"inLanguage\":\"de\",\"potentialAction\":[{\"@type\":\"ReadAction\",\"target\":[\"https:\\\/\\\/repliquemangacine.fr\\\/katana-et-epee-de-jeux-video-autre-jeux-video\\\/epee-holy-moonlight-bloodborne\\\/\"]}]},{\"@type\":\"ImageObject\",\"inLanguage\":\"de\",\"@id\":\"https:\\\/\\\/repliquemangacine.fr\\\/katana-et-epee-de-jeux-video-autre-jeux-video\\\/epee-holy-moonlight-bloodborne\\\/#primaryimage\",\"url\":\"https:\\\/\\\/repliquemangacine.fr\\\/wp-content\\\/uploads\\\/2025\\\/01\\\/Epee-Holy-Moonlight-Bloodborne.jpg\",\"contentUrl\":\"https:\\\/\\\/repliquemangacine.fr\\\/wp-content\\\/uploads\\\/2025\\\/01\\\/Epee-Holy-Moonlight-Bloodborne.jpg\",\"width\":500,\"height\":500,\"caption\":\"Epe\u0301e Holy Moonlight - Bloodborne\"},{\"@type\":\"BreadcrumbList\",\"@id\":\"https:\\\/\\\/repliquemangacine.fr\\\/katana-et-epee-de-jeux-video-autre-jeux-video\\\/epee-holy-moonlight-bloodborne\\\/#breadcrumb\",\"itemListElement\":[{\"@type\":\"ListItem\",\"position\":1,\"name\":\"Accueil\",\"item\":\"https:\\\/\\\/repliquemangacine.fr\\\/\"},{\"@type\":\"ListItem\",\"position\":2,\"name\":\"Produits\",\"item\":\"https:\\\/\\\/repliquemangacine.fr\\\/boutique\\\/\"},{\"@type\":\"ListItem\",\"position\":3,\"name\":\"Epe\u0301e Holy Moonlight &#8211; Bloodborne\"}]},{\"@type\":\"WebSite\",\"@id\":\"https:\\\/\\\/repliquemangacine.fr\\\/#website\",\"url\":\"https:\\\/\\\/repliquemangacine.fr\\\/\",\"name\":\"R\u00e9plique Manga Cin\u00e9\",\"description\":\"\",\"publisher\":{\"@id\":\"https:\\\/\\\/repliquemangacine.fr\\\/#organization\"},\"potentialAction\":[{\"@type\":\"SearchAction\",\"target\":{\"@type\":\"EntryPoint\",\"urlTemplate\":\"https:\\\/\\\/repliquemangacine.fr\\\/?s={search_term_string}\"},\"query-input\":{\"@type\":\"PropertyValueSpecification\",\"valueRequired\":true,\"valueName\":\"search_term_string\"}}],\"inLanguage\":\"de\"},{\"@type\":\"Organization\",\"@id\":\"https:\\\/\\\/repliquemangacine.fr\\\/#organization\",\"name\":\"R\u00e9plique Manga Cin\u00e9\",\"url\":\"https:\\\/\\\/repliquemangacine.fr\\\/\",\"logo\":{\"@type\":\"ImageObject\",\"inLanguage\":\"de\",\"@id\":\"https:\\\/\\\/repliquemangacine.fr\\\/#\\\/schema\\\/logo\\\/image\\\/\",\"url\":\"https:\\\/\\\/repliquemangacine.fr\\\/wp-content\\\/uploads\\\/2023\\\/10\\\/RMC-500250.png\",\"contentUrl\":\"https:\\\/\\\/repliquemangacine.fr\\\/wp-content\\\/uploads\\\/2023\\\/10\\\/RMC-500250.png\",\"width\":500,\"height\":250,\"caption\":\"R\u00e9plique Manga Cin\u00e9\"},\"image\":{\"@id\":\"https:\\\/\\\/repliquemangacine.fr\\\/#\\\/schema\\\/logo\\\/image\\\/\"},\"sameAs\":[\"https:\\\/\\\/www.facebook.com\\\/RepliqueMangaCine\",\"https:\\\/\\\/www.instagram.com\\\/repliquemangacine.fr\\\/\"]}]}<\/script>\n<!-- \/ Yoast SEO plugin. -->","yoast_head_json":{"title":"Holy Moonlight-Schwert - Bloodborne - R\u00e9plique Manga Cin\u00e9","description":"Entdecken Sie das Holy Moonlight Sword aus dem Videospiel Bloodborne. Blaue Klinge aus rostfreiem Stahl mit Verzierungen. Speziell geformter Griff und Knauf. 100cm","robots":{"index":"index","follow":"follow","max-snippet":"max-snippet:-1","max-image-preview":"max-image-preview:large","max-video-preview":"max-video-preview:-1"},"canonical":"https:\/\/repliquemangacine.fr\/de\/katana-und-schwert-von-videospielen-andere-videospiele\/schwert-holy-moonlight-bloodborne\/","og_locale":"de_DE","og_type":"article","og_title":"Epe\u0301e Holy Moonlight - Bloodborne - R\u00e9plique Manga Cin\u00e9","og_description":"D\u00e9couvrez l' Epe\u0301e Holy Moonlight dans le jeu vid\u00e9o Bloodborne. Lame en acier inoxydable bleue avec d\u00e9cors. Garde et pommeau de forme sp\u00e9cifique. 100cm","og_url":"https:\/\/repliquemangacine.fr\/de\/katana-und-schwert-von-videospielen-andere-videospiele\/schwert-holy-moonlight-bloodborne\/","og_site_name":"R\u00e9plique Manga Cin\u00e9","article_publisher":"https:\/\/www.facebook.com\/RepliqueMangaCine","article_modified_time":"2026-04-15T10:19:50+00:00","og_image":[{"width":500,"height":500,"url":"https:\/\/repliquemangacine.fr\/wp-content\/uploads\/2025\/01\/Epee-Holy-Moonlight-Bloodborne.jpg","type":"image\/jpeg"}],"twitter_card":"summary_large_image","twitter_misc":{"Gesch\u00e4tzte Lesezeit":"3\u00a0Minuten"},"schema":{"@context":"https:\/\/schema.org","@graph":[{"@type":"WebPage","@id":"https:\/\/repliquemangacine.fr\/katana-et-epee-de-jeux-video-autre-jeux-video\/epee-holy-moonlight-bloodborne\/","url":"https:\/\/repliquemangacine.fr\/katana-et-epee-de-jeux-video-autre-jeux-video\/epee-holy-moonlight-bloodborne\/","name":"Holy Moonlight-Schwert - Bloodborne - R\u00e9plique Manga Cin\u00e9","isPartOf":{"@id":"https:\/\/repliquemangacine.fr\/#website"},"primaryImageOfPage":{"@id":"https:\/\/repliquemangacine.fr\/katana-et-epee-de-jeux-video-autre-jeux-video\/epee-holy-moonlight-bloodborne\/#primaryimage"},"image":{"@id":"https:\/\/repliquemangacine.fr\/katana-et-epee-de-jeux-video-autre-jeux-video\/epee-holy-moonlight-bloodborne\/#primaryimage"},"thumbnailUrl":"https:\/\/repliquemangacine.fr\/wp-content\/uploads\/2025\/01\/Epee-Holy-Moonlight-Bloodborne.jpg","datePublished":"2025-01-23T17:36:22+00:00","dateModified":"2026-04-15T10:19:50+00:00","description":"Entdecken Sie das Holy Moonlight Sword aus dem Videospiel Bloodborne. Blaue Klinge aus rostfreiem Stahl mit Verzierungen. Speziell geformter Griff und Knauf. 100cm","breadcrumb":{"@id":"https:\/\/repliquemangacine.fr\/katana-et-epee-de-jeux-video-autre-jeux-video\/epee-holy-moonlight-bloodborne\/#breadcrumb"},"inLanguage":"de","potentialAction":[{"@type":"ReadAction","target":["https:\/\/repliquemangacine.fr\/katana-et-epee-de-jeux-video-autre-jeux-video\/epee-holy-moonlight-bloodborne\/"]}]},{"@type":"ImageObject","inLanguage":"de","@id":"https:\/\/repliquemangacine.fr\/katana-et-epee-de-jeux-video-autre-jeux-video\/epee-holy-moonlight-bloodborne\/#primaryimage","url":"https:\/\/repliquemangacine.fr\/wp-content\/uploads\/2025\/01\/Epee-Holy-Moonlight-Bloodborne.jpg","contentUrl":"https:\/\/repliquemangacine.fr\/wp-content\/uploads\/2025\/01\/Epee-Holy-Moonlight-Bloodborne.jpg","width":500,"height":500,"caption":"Epe\u0301e Holy Moonlight - Bloodborne"},{"@type":"BreadcrumbList","@id":"https:\/\/repliquemangacine.fr\/katana-et-epee-de-jeux-video-autre-jeux-video\/epee-holy-moonlight-bloodborne\/#breadcrumb","itemListElement":[{"@type":"ListItem","position":1,"name":"Accueil","item":"https:\/\/repliquemangacine.fr\/"},{"@type":"ListItem","position":2,"name":"Produits","item":"https:\/\/repliquemangacine.fr\/boutique\/"},{"@type":"ListItem","position":3,"name":"Epe\u0301e Holy Moonlight &#8211; Bloodborne"}]},{"@type":"WebSite","@id":"https:\/\/repliquemangacine.fr\/#website","url":"https:\/\/repliquemangacine.fr\/","name":"R\u00e9plique Manga Cin\u00e9","description":"","publisher":{"@id":"https:\/\/repliquemangacine.fr\/#organization"},"potentialAction":[{"@type":"SearchAction","target":{"@type":"EntryPoint","urlTemplate":"https:\/\/repliquemangacine.fr\/?s={search_term_string}"},"query-input":{"@type":"PropertyValueSpecification","valueRequired":true,"valueName":"search_term_string"}}],"inLanguage":"de"},{"@type":"Organization","@id":"https:\/\/repliquemangacine.fr\/#organization","name":"R\u00e9plique Manga Cin\u00e9","url":"https:\/\/repliquemangacine.fr\/","logo":{"@type":"ImageObject","inLanguage":"de","@id":"https:\/\/repliquemangacine.fr\/#\/schema\/logo\/image\/","url":"https:\/\/repliquemangacine.fr\/wp-content\/uploads\/2023\/10\/RMC-500250.png","contentUrl":"https:\/\/repliquemangacine.fr\/wp-content\/uploads\/2023\/10\/RMC-500250.png","width":500,"height":250,"caption":"R\u00e9plique Manga Cin\u00e9"},"image":{"@id":"https:\/\/repliquemangacine.fr\/#\/schema\/logo\/image\/"},"sameAs":["https:\/\/www.facebook.com\/RepliqueMangaCine","https:\/\/www.instagram.com\/repliquemangacine.fr\/"]}]}},"_links":{"self":[{"href":"https:\/\/repliquemangacine.fr\/de\/wp-json\/wp\/v2\/product\/81501","targetHints":{"allow":["GET"]}}],"collection":[{"href":"https:\/\/repliquemangacine.fr\/de\/wp-json\/wp\/v2\/product"}],"about":[{"href":"https:\/\/repliquemangacine.fr\/de\/wp-json\/wp\/v2\/types\/product"}],"wp:featuredmedia":[{"embeddable":true,"href":"https:\/\/repliquemangacine.fr\/de\/wp-json\/wp\/v2\/media\/81502"}],"wp:attachment":[{"href":"https:\/\/repliquemangacine.fr\/de\/wp-json\/wp\/v2\/media?parent=81501"}],"wp:term":[{"taxonomy":"product_brand","embeddable":true,"href":"https:\/\/repliquemangacine.fr\/de\/wp-json\/wp\/v2\/product_brand?post=81501"},{"taxonomy":"product_cat","embeddable":true,"href":"https:\/\/repliquemangacine.fr\/de\/wp-json\/wp\/v2\/product_cat?post=81501"},{"taxonomy":"product_tag","embeddable":true,"href":"https:\/\/repliquemangacine.fr\/de\/wp-json\/wp\/v2\/product_tag?post=81501"}],"curies":[{"name":"wp","href":"https:\/\/api.w.org\/{rel}","templated":true}]}}