





{"id":81495,"date":"2025-01-23T14:32:44","date_gmt":"2025-01-23T13:32:44","guid":{"rendered":"https:\/\/repliquemangacine.fr\/?post_type=product&#038;p=81495"},"modified":"2026-04-20T19:31:41","modified_gmt":"2026-04-20T17:31:41","slug":"einfaches-holster-fur-linkshander","status":"publish","type":"product","link":"https:\/\/repliquemangacine.fr\/de\/holster-western-ceinturon\/holster-simple-pour-gaucher\/","title":{"rendered":"Einfaches Holster f\u00fcr Linksh\u00e4nder"},"content":{"rendered":"<h2>Einfaches Linksh\u00e4nder-Holster aus Leder.<\/h2>\n<p>Zun\u00e4chst einmal dieses einfache Holster f\u00fcr Linksh\u00e4nder, das speziell f\u00fcr einen Revolver, jedoch auf der linken Seite, entwickelt wurde. Dieser G\u00fcrtel verf\u00fcgt \u00fcber eine Patronentasche zum Einlegen von \u00dcbungsmunition.<\/p>\n<p>In der Regel f\u00fcr die einh\u00e4ndige Bedienung konzipiert. Dadurch kann die Handfeuerwaffe mit derselben Hand herausgenommen und \/ oder ersetzt werden. Um die Handfeuerwaffe mit einer Hand wieder in das Holster zu stecken, ist ein steifes Material erforderlich. Traditionell \u00fcber einen Klettergurt am G\u00fcrtel befestigt.<\/p>\n<p>Popul\u00e4r geworden in Westernfilmen und in ber\u00fchmten Duellszenen. Das Herausziehen der Pistole in einigen Filmen ist ziemlich spektakul\u00e4r und man erlebt technische Meisterleistungen, um sie wieder hineinzubekommen.<\/p>\n<h2>Ihr einfaches Holster f\u00fcr Linksh\u00e4nder zum besten Preis.<\/h2>\n<p>Wir bieten Ihnen eine gro\u00dfe Auswahl an Western-Zubeh\u00f6r.<\/p>\n<p>Zun\u00e4chst einmal,<\/p>\n<ul>\n<li>F\u00fcr Ihr Holster ben\u00f6tigen Sie einen Revolver wie den <a href=\"https:\/\/repliquemangacine.fr\/de\/kolser-waffe\/koffer-colt-45-poliert-4-75-zoll-1873-kolser\/\">Peacekeeper colt 45 poliert<\/a> der Marke <a href=\"https:\/\/kolser.com\/\" target=\"_blank\" rel=\"noopener noreferrer\">Kolser<\/a>.<\/li>\n<li>Es gibt auch die <a href=\"https:\/\/repliquemangacine.fr\/de\/denix\/dummy-kugeln-colt-denix-westernzubehor\/\">Attrappenkugeln f\u00fcr Colt Denix<\/a> um Ihren Patronengurt zu f\u00fcllen.<\/li>\n<li>Sowie das <a href=\"https:\/\/repliquemangacine.fr\/de\/denix\/holzstander-fur-colt\/\">Pr\u00e4sentationsmedium<\/a> Ihres Colts.<\/li>\n<li>Und viele andere, die es in unserem Online-Shop zu entdecken gibt!<\/li>\n<\/ul>\n<p>Deshalb ist dies eine tolle Geschenkidee f\u00fcr alle Liebhaber von Westernwaffen.<\/p>\n<p>Zusammenfassend l\u00e4sst sich sagen, dass Sie dieses einfache Colt-Holster f\u00fcr Ihre Western-Nachstellungen und -Darstellungen verwenden k\u00f6nnen. In erster Linie handelt es sich bei dieser Waffe um ein Sammler- und Dekorationsst\u00fcck.<\/p>\n<p>R\u00e9plique Manga Cin\u00e9 ist ein franz\u00f6sisches Unternehmen und offizieller Vertriebspartner der Marken Denix und Kolser.<\/p>\n<h2>Wie werden Ihre Westernrequisiten hergestellt?<\/h2>\n<p>Zun\u00e4chst einmal sind alle unsere Produkte von hoher Qualit\u00e4t und werden mit besonderer Sorgfalt hergestellt. Die Herstellung erfolgt zum Teil von Hand, um jedes noch so kleine Detail zu reproduzieren. Gr\u00f6\u00dfere Teile werden von pr\u00e4zisen Maschinen bearbeitet. Die Gravuren werden in der Regel mit einer Diamantspitze oder einem Laser ausgef\u00fchrt.<\/p>\n<p>Ihr einfaches Colt-Holster wurde so hergestellt, dass es alle Details exakt nachbildet. Damit es dem Erbe der urspr\u00fcnglichen Meisterwerke gerecht wird. Der Schwerpunkt liegt auf der Herstellung hochwertiger Repliken, die so historisch genau wie m\u00f6glich sind.<\/p>\n<p>Abschlie\u00dfend sei gesagt, dass unsere Repliken, die aus China, Spanien oder Indien importiert wurden, Sie in Erstaunen versetzen werden!<\/p>","protected":false},"excerpt":{"rendered":"<p>Dieser spezielle Westerng\u00fcrtel Gaucher ist von sehr hoher Qualit\u00e4t und aus dickem, geformtem Leder.<\/p>\n<ul>\n<li>Hergestellt und handgen\u00e4ht.<\/li>\n<li><strong>Speziell f\u00fcr Linksh\u00e4nder<\/strong><\/li>\n<li>Ausgestattet mit Zierteilen aus echtem Leder.<\/li>\n<li>G\u00fcrtelschnalle aus Metall.<\/li>\n<li>Halteriemen.<\/li>\n<li>Patronengurt.<\/li>\n<li>Wird ohne Attrappenkugeln geliefert.<\/li>\n<li>L\u00e4nge 112 cm.<\/li>\n<\/ul>","protected":false},"featured_media":81496,"template":"","meta":[],"product_brand":[896],"product_cat":[45,90,64],"product_tag":[],"class_list":{"0":"post-81495","1":"product","2":"type-product","3":"status-publish","4":"has-post-thumbnail","6":"product_brand-replique-manga-cine","7":"product_cat-holster-western-ceinturon","8":"product_cat-holster-accessoires-western","9":"product_cat-western-repliques-armes","11":"first","12":"outofstock","13":"taxable","14":"shipping-taxable","15":"purchasable","16":"product-type-simple"},"yoast_head":"<!-- This site is optimized with the Yoast SEO plugin v27.5 - https:\/\/yoast.com\/product\/yoast-seo-wordpress\/ -->\n<title>Holster simple pour Gaucher - R\u00e9plique Manga Cin\u00e9<\/title>\n<meta name=\"description\" content=\"Superbe Holster simple pour Gaucher. Cartouchi\u00e8re. Muni de pi\u00e8ces d\u00e9coratives en cuir v\u00e9ritable. Boucle de ceinturon en m\u00e9tal. Lani\u00e8res de maintien. 112 cm\" \/>\n<meta name=\"robots\" content=\"index, follow, max-snippet:-1, max-image-preview:large, max-video-preview:-1\" \/>\n<link rel=\"canonical\" href=\"https:\/\/repliquemangacine.fr\/de\/westerngurtelholster\/einfaches-holster-fur-linkshander\/\" \/>\n<meta property=\"og:locale\" content=\"de_DE\" \/>\n<meta property=\"og:type\" content=\"article\" \/>\n<meta property=\"og:title\" content=\"Holster simple pour Gaucher - R\u00e9plique Manga Cin\u00e9\" \/>\n<meta property=\"og:description\" content=\"Superbe Holster simple pour Gaucher. Cartouchi\u00e8re. Muni de pi\u00e8ces d\u00e9coratives en cuir v\u00e9ritable. Boucle de ceinturon en m\u00e9tal. Lani\u00e8res de maintien. 112 cm\" \/>\n<meta property=\"og:url\" content=\"https:\/\/repliquemangacine.fr\/de\/westerngurtelholster\/einfaches-holster-fur-linkshander\/\" \/>\n<meta property=\"og:site_name\" content=\"R\u00e9plique Manga Cin\u00e9\" \/>\n<meta property=\"article:publisher\" content=\"https:\/\/www.facebook.com\/RepliqueMangaCine\" \/>\n<meta property=\"article:modified_time\" content=\"2026-04-20T17:31:41+00:00\" \/>\n<meta property=\"og:image\" content=\"https:\/\/repliquemangacine.fr\/wp-content\/uploads\/2025\/01\/Holster-simple-pour-gaucher.jpg\" \/>\n\t<meta property=\"og:image:width\" content=\"500\" \/>\n\t<meta property=\"og:image:height\" content=\"500\" \/>\n\t<meta property=\"og:image:type\" content=\"image\/jpeg\" \/>\n<meta name=\"twitter:card\" content=\"summary_large_image\" \/>\n<meta name=\"twitter:label1\" content=\"Gesch\u00e4tzte Lesezeit\" \/>\n\t<meta name=\"twitter:data1\" content=\"2\u00a0Minuten\" \/>\n<script type=\"application\/ld+json\" class=\"yoast-schema-graph\">{\"@context\":\"https:\\\/\\\/schema.org\",\"@graph\":[{\"@type\":\"WebPage\",\"@id\":\"https:\\\/\\\/repliquemangacine.fr\\\/holster-western-ceinturon\\\/holster-simple-pour-gaucher\\\/\",\"url\":\"https:\\\/\\\/repliquemangacine.fr\\\/holster-western-ceinturon\\\/holster-simple-pour-gaucher\\\/\",\"name\":\"Holster simple pour Gaucher - R\u00e9plique Manga Cin\u00e9\",\"isPartOf\":{\"@id\":\"https:\\\/\\\/repliquemangacine.fr\\\/#website\"},\"primaryImageOfPage\":{\"@id\":\"https:\\\/\\\/repliquemangacine.fr\\\/holster-western-ceinturon\\\/holster-simple-pour-gaucher\\\/#primaryimage\"},\"image\":{\"@id\":\"https:\\\/\\\/repliquemangacine.fr\\\/holster-western-ceinturon\\\/holster-simple-pour-gaucher\\\/#primaryimage\"},\"thumbnailUrl\":\"https:\\\/\\\/repliquemangacine.fr\\\/wp-content\\\/uploads\\\/2025\\\/01\\\/Holster-simple-pour-gaucher.jpg\",\"datePublished\":\"2025-01-23T13:32:44+00:00\",\"dateModified\":\"2026-04-20T17:31:41+00:00\",\"description\":\"Superbe Holster simple pour Gaucher. Cartouchi\u00e8re. Muni de pi\u00e8ces d\u00e9coratives en cuir v\u00e9ritable. Boucle de ceinturon en m\u00e9tal. Lani\u00e8res de maintien. 112 cm\",\"breadcrumb\":{\"@id\":\"https:\\\/\\\/repliquemangacine.fr\\\/holster-western-ceinturon\\\/holster-simple-pour-gaucher\\\/#breadcrumb\"},\"inLanguage\":\"de\",\"potentialAction\":[{\"@type\":\"ReadAction\",\"target\":[\"https:\\\/\\\/repliquemangacine.fr\\\/holster-western-ceinturon\\\/holster-simple-pour-gaucher\\\/\"]}]},{\"@type\":\"ImageObject\",\"inLanguage\":\"de\",\"@id\":\"https:\\\/\\\/repliquemangacine.fr\\\/holster-western-ceinturon\\\/holster-simple-pour-gaucher\\\/#primaryimage\",\"url\":\"https:\\\/\\\/repliquemangacine.fr\\\/wp-content\\\/uploads\\\/2025\\\/01\\\/Holster-simple-pour-gaucher.jpg\",\"contentUrl\":\"https:\\\/\\\/repliquemangacine.fr\\\/wp-content\\\/uploads\\\/2025\\\/01\\\/Holster-simple-pour-gaucher.jpg\",\"width\":500,\"height\":500,\"caption\":\"Holster simple pour gaucher\"},{\"@type\":\"BreadcrumbList\",\"@id\":\"https:\\\/\\\/repliquemangacine.fr\\\/holster-western-ceinturon\\\/holster-simple-pour-gaucher\\\/#breadcrumb\",\"itemListElement\":[{\"@type\":\"ListItem\",\"position\":1,\"name\":\"Accueil\",\"item\":\"https:\\\/\\\/repliquemangacine.fr\\\/\"},{\"@type\":\"ListItem\",\"position\":2,\"name\":\"Produits\",\"item\":\"https:\\\/\\\/repliquemangacine.fr\\\/boutique\\\/\"},{\"@type\":\"ListItem\",\"position\":3,\"name\":\"Holster simple pour Gaucher\"}]},{\"@type\":\"WebSite\",\"@id\":\"https:\\\/\\\/repliquemangacine.fr\\\/#website\",\"url\":\"https:\\\/\\\/repliquemangacine.fr\\\/\",\"name\":\"R\u00e9plique Manga Cin\u00e9\",\"description\":\"\",\"publisher\":{\"@id\":\"https:\\\/\\\/repliquemangacine.fr\\\/#organization\"},\"potentialAction\":[{\"@type\":\"SearchAction\",\"target\":{\"@type\":\"EntryPoint\",\"urlTemplate\":\"https:\\\/\\\/repliquemangacine.fr\\\/?s={search_term_string}\"},\"query-input\":{\"@type\":\"PropertyValueSpecification\",\"valueRequired\":true,\"valueName\":\"search_term_string\"}}],\"inLanguage\":\"de\"},{\"@type\":\"Organization\",\"@id\":\"https:\\\/\\\/repliquemangacine.fr\\\/#organization\",\"name\":\"R\u00e9plique Manga Cin\u00e9\",\"url\":\"https:\\\/\\\/repliquemangacine.fr\\\/\",\"logo\":{\"@type\":\"ImageObject\",\"inLanguage\":\"de\",\"@id\":\"https:\\\/\\\/repliquemangacine.fr\\\/#\\\/schema\\\/logo\\\/image\\\/\",\"url\":\"https:\\\/\\\/repliquemangacine.fr\\\/wp-content\\\/uploads\\\/2023\\\/10\\\/RMC-500250.png\",\"contentUrl\":\"https:\\\/\\\/repliquemangacine.fr\\\/wp-content\\\/uploads\\\/2023\\\/10\\\/RMC-500250.png\",\"width\":500,\"height\":250,\"caption\":\"R\u00e9plique Manga Cin\u00e9\"},\"image\":{\"@id\":\"https:\\\/\\\/repliquemangacine.fr\\\/#\\\/schema\\\/logo\\\/image\\\/\"},\"sameAs\":[\"https:\\\/\\\/www.facebook.com\\\/RepliqueMangaCine\",\"https:\\\/\\\/www.instagram.com\\\/repliquemangacine.fr\\\/\"]}]}<\/script>\n<!-- \/ Yoast SEO plugin. -->","yoast_head_json":{"title":"Einfaches Holster f\u00fcr Linksh\u00e4nder - R\u00e9plique Manga Cin\u00e9","description":"Wundersch\u00f6nes einfaches Holster f\u00fcr Linksh\u00e4nder. Mit einem Patronengurt versehen. Mit Zierteilen aus echtem Leder versehen. G\u00fcrtelschnalle aus Metall. Riemen zum Festhalten. 112 cm","robots":{"index":"index","follow":"follow","max-snippet":"max-snippet:-1","max-image-preview":"max-image-preview:large","max-video-preview":"max-video-preview:-1"},"canonical":"https:\/\/repliquemangacine.fr\/de\/westerngurtelholster\/einfaches-holster-fur-linkshander\/","og_locale":"de_DE","og_type":"article","og_title":"Holster simple pour Gaucher - R\u00e9plique Manga Cin\u00e9","og_description":"Superbe Holster simple pour Gaucher. Cartouchi\u00e8re. Muni de pi\u00e8ces d\u00e9coratives en cuir v\u00e9ritable. Boucle de ceinturon en m\u00e9tal. Lani\u00e8res de maintien. 112 cm","og_url":"https:\/\/repliquemangacine.fr\/de\/westerngurtelholster\/einfaches-holster-fur-linkshander\/","og_site_name":"R\u00e9plique Manga Cin\u00e9","article_publisher":"https:\/\/www.facebook.com\/RepliqueMangaCine","article_modified_time":"2026-04-20T17:31:41+00:00","og_image":[{"width":500,"height":500,"url":"https:\/\/repliquemangacine.fr\/wp-content\/uploads\/2025\/01\/Holster-simple-pour-gaucher.jpg","type":"image\/jpeg"}],"twitter_card":"summary_large_image","twitter_misc":{"Gesch\u00e4tzte Lesezeit":"2\u00a0Minuten"},"schema":{"@context":"https:\/\/schema.org","@graph":[{"@type":"WebPage","@id":"https:\/\/repliquemangacine.fr\/holster-western-ceinturon\/holster-simple-pour-gaucher\/","url":"https:\/\/repliquemangacine.fr\/holster-western-ceinturon\/holster-simple-pour-gaucher\/","name":"Einfaches Holster f\u00fcr Linksh\u00e4nder - R\u00e9plique Manga Cin\u00e9","isPartOf":{"@id":"https:\/\/repliquemangacine.fr\/#website"},"primaryImageOfPage":{"@id":"https:\/\/repliquemangacine.fr\/holster-western-ceinturon\/holster-simple-pour-gaucher\/#primaryimage"},"image":{"@id":"https:\/\/repliquemangacine.fr\/holster-western-ceinturon\/holster-simple-pour-gaucher\/#primaryimage"},"thumbnailUrl":"https:\/\/repliquemangacine.fr\/wp-content\/uploads\/2025\/01\/Holster-simple-pour-gaucher.jpg","datePublished":"2025-01-23T13:32:44+00:00","dateModified":"2026-04-20T17:31:41+00:00","description":"Wundersch\u00f6nes einfaches Holster f\u00fcr Linksh\u00e4nder. Mit einem Patronengurt versehen. Mit Zierteilen aus echtem Leder versehen. G\u00fcrtelschnalle aus Metall. Riemen zum Festhalten. 112 cm","breadcrumb":{"@id":"https:\/\/repliquemangacine.fr\/holster-western-ceinturon\/holster-simple-pour-gaucher\/#breadcrumb"},"inLanguage":"de","potentialAction":[{"@type":"ReadAction","target":["https:\/\/repliquemangacine.fr\/holster-western-ceinturon\/holster-simple-pour-gaucher\/"]}]},{"@type":"ImageObject","inLanguage":"de","@id":"https:\/\/repliquemangacine.fr\/holster-western-ceinturon\/holster-simple-pour-gaucher\/#primaryimage","url":"https:\/\/repliquemangacine.fr\/wp-content\/uploads\/2025\/01\/Holster-simple-pour-gaucher.jpg","contentUrl":"https:\/\/repliquemangacine.fr\/wp-content\/uploads\/2025\/01\/Holster-simple-pour-gaucher.jpg","width":500,"height":500,"caption":"Holster simple pour gaucher"},{"@type":"BreadcrumbList","@id":"https:\/\/repliquemangacine.fr\/holster-western-ceinturon\/holster-simple-pour-gaucher\/#breadcrumb","itemListElement":[{"@type":"ListItem","position":1,"name":"Accueil","item":"https:\/\/repliquemangacine.fr\/"},{"@type":"ListItem","position":2,"name":"Produits","item":"https:\/\/repliquemangacine.fr\/boutique\/"},{"@type":"ListItem","position":3,"name":"Holster simple pour Gaucher"}]},{"@type":"WebSite","@id":"https:\/\/repliquemangacine.fr\/#website","url":"https:\/\/repliquemangacine.fr\/","name":"R\u00e9plique Manga Cin\u00e9","description":"","publisher":{"@id":"https:\/\/repliquemangacine.fr\/#organization"},"potentialAction":[{"@type":"SearchAction","target":{"@type":"EntryPoint","urlTemplate":"https:\/\/repliquemangacine.fr\/?s={search_term_string}"},"query-input":{"@type":"PropertyValueSpecification","valueRequired":true,"valueName":"search_term_string"}}],"inLanguage":"de"},{"@type":"Organization","@id":"https:\/\/repliquemangacine.fr\/#organization","name":"R\u00e9plique Manga Cin\u00e9","url":"https:\/\/repliquemangacine.fr\/","logo":{"@type":"ImageObject","inLanguage":"de","@id":"https:\/\/repliquemangacine.fr\/#\/schema\/logo\/image\/","url":"https:\/\/repliquemangacine.fr\/wp-content\/uploads\/2023\/10\/RMC-500250.png","contentUrl":"https:\/\/repliquemangacine.fr\/wp-content\/uploads\/2023\/10\/RMC-500250.png","width":500,"height":250,"caption":"R\u00e9plique Manga Cin\u00e9"},"image":{"@id":"https:\/\/repliquemangacine.fr\/#\/schema\/logo\/image\/"},"sameAs":["https:\/\/www.facebook.com\/RepliqueMangaCine","https:\/\/www.instagram.com\/repliquemangacine.fr\/"]}]}},"_links":{"self":[{"href":"https:\/\/repliquemangacine.fr\/de\/wp-json\/wp\/v2\/product\/81495","targetHints":{"allow":["GET"]}}],"collection":[{"href":"https:\/\/repliquemangacine.fr\/de\/wp-json\/wp\/v2\/product"}],"about":[{"href":"https:\/\/repliquemangacine.fr\/de\/wp-json\/wp\/v2\/types\/product"}],"wp:featuredmedia":[{"embeddable":true,"href":"https:\/\/repliquemangacine.fr\/de\/wp-json\/wp\/v2\/media\/81496"}],"wp:attachment":[{"href":"https:\/\/repliquemangacine.fr\/de\/wp-json\/wp\/v2\/media?parent=81495"}],"wp:term":[{"taxonomy":"product_brand","embeddable":true,"href":"https:\/\/repliquemangacine.fr\/de\/wp-json\/wp\/v2\/product_brand?post=81495"},{"taxonomy":"product_cat","embeddable":true,"href":"https:\/\/repliquemangacine.fr\/de\/wp-json\/wp\/v2\/product_cat?post=81495"},{"taxonomy":"product_tag","embeddable":true,"href":"https:\/\/repliquemangacine.fr\/de\/wp-json\/wp\/v2\/product_tag?post=81495"}],"curies":[{"name":"wp","href":"https:\/\/api.w.org\/{rel}","templated":true}]}}