





{"id":81448,"date":"2025-01-21T20:03:17","date_gmt":"2025-01-21T19:03:17","guid":{"rendered":"https:\/\/repliquemangacine.fr\/?post_type=product&#038;p=81448"},"modified":"2025-12-28T14:42:59","modified_gmt":"2025-12-28T13:42:59","slug":"ame-no-habakiri-led-leuchtet-one-piece","status":"publish","type":"product","link":"https:\/\/repliquemangacine.fr\/de\/katana-lumineux-one-piece\/ame-no-habakiri-lumineux-leds-one-piece\/","title":{"rendered":"Ame no Habakiri Leuchtend (Leds) - One-piece"},"content":{"rendered":"<h2>Katana Ame no Habakiri Leuchtend in One Piece<\/h2>\n<p>Voil\u00e0! eine au\u00dfergew\u00f6hnliche Neuheit: das Katana\u00a0 <strong>Ame no Habakiri leuchtend<\/strong>, legend\u00e4r in der Welt von One Piece. Diese einzigartige Nachbildung ist batteriebetrieben und leuchtet dank integrierter LEDs, was dieser mythischen Waffe einen spektakul\u00e4ren Touch verleiht. Durch einfachen Druck auf einen Ein-\/Aus-Schalter, der diskret versteckt ist, um die \u00c4sthetik des Katana zu bewahren, leuchtet die Klinge sofort auf und l\u00e4sst die heilige Kraft von Ame no Habakiri wieder aufleben.<\/p>\n<p>Getragen von Kozuki Oden und bekannt daf\u00fcr, dass es sogar den Himmel durchschneiden kann. Dieses Katana symbolisiert die Gr\u00f6\u00dfe und Legende der Samurai von Wano. Ame no Habakiri geh\u00f6rt zu den 21 \u00f4 Wazamono, den <a href=\"https:\/\/onepiece.fandom.com\/fr\/wiki\/Meito\" target=\"_blank\" rel=\"noopener noreferrer\">Meito<\/a> von niedrigerer Klasse als die Saijo \u00f4 Wazamono, aber h\u00f6her als die Ryo Wazamono.<\/p>\n<p>Mit dieser technologischen Innovation besitzen Sie weit mehr als nur eine einfache Nachbildung: Es handelt sich um ein echtes interaktives Sammlerst\u00fcck, das au\u00dfergew\u00f6hnliche Qualit\u00e4t und visuelles Eintauchen vereint. Eine Premiere f\u00fcr Fans von One Piece, ideal, um eine Sammlung zu bereichern oder ein episches Cosplay zu vervollst\u00e4ndigen.<\/p>\n<h2>Entdecken Sie die anderen leuchtenden Katanas von Demon Slayer<\/h2>\n<p>Neben dem Katana Ame no Habakiri umfasst das Sortiment an leuchtenden Katanas in One Piece auch andere beeindruckende Repliken.<\/p>\n<ul>\n<li>Die<a href=\"https:\/\/repliquemangacine.fr\/de\/katana-one-piece\/katana-shusui-leuchtet-one-piece\/\"> leuchtendes Shusui-Katana<\/a> Mit seiner verzierten Klinge und den rosafarbenen LEDs ist dieses Messer ein absoluter Hingucker!<\/li>\n<li>Sowie das unumg\u00e4ngliche <a href=\"https:\/\/repliquemangacine.fr\/de\/leuchtendes-katana-one-piece\/katana-ichimonji-leuchtend-one-piece\/\">Leuchtendes Katana Ichimonji<\/a> von Zoro, celio, den er zwischen seinen Z\u00e4hnen h\u00e4lt.<\/li>\n<li>Es gibt auch den <a href=\"https:\/\/repliquemangacine.fr\/de\/leuchtendes-katana-one-piece\/katana-enma-led-leuchtet-one-piece\/\">leuchtendes Katana Enma<\/a> in seiner violetten Version mit verzierter Klinge und wei\u00dfen Leds.<\/li>\n<li>Und, viele weitere, die es in unserem Online-Shop zu entdecken gibt. Hier finden Sie alle One Piece-Modelle, vom Mini-Katana bis zum Katana aus Holz oder Metall, scharf und nicht scharf.<\/li>\n<\/ul>\n<p>Zusammenfassend l\u00e4sst sich sagen, dass Sie dieses Katana Ame no Habakiri auch f\u00fcr Ihre Cosplay-Paraden oder Themenabende verwenden k\u00f6nnen. Vor allem aber ist das Katana von Zoro, auch ein Sammler- und Dekorationsst\u00fcck.<\/p>\n<h2>Innovation im Dienste der Fans: Au\u00dfergew\u00f6hnliche Leuchtkatanas<\/h2>\n<p>Die Welt der Katana-Repliken erreicht mit diesen leuchtenden Modellen einen neuen Meilenstein. Und das ist eine Revolution f\u00fcr Demon Slayer-Fans. Abgesehen von ihrer Herstellungsqualit\u00e4t und ihrer Treue zu den Waffen, die im Anime zu sehen waren. Diese Katanas sind mit LED-Technologien ausgestattet, die eine v\u00f6llig neue Dimension der Immersion bieten. So wird jedes Katana zu mehr als einem einfachen Sammlerst\u00fcck. Es ist ein echtes interaktives Element, das leuchten und die Macht der Charaktere, die es repr\u00e4sentiert, hervorrufen kann. Die einfache Aktivierung der LEDs durch einen unauff\u00e4lligen Knopf erm\u00f6glicht es, das Erlebnis in vollen Z\u00fcgen zu genie\u00dfen. In der Tat, ob f\u00fcr Ausstellungen, Fotos oder sogar Cosplays. Diese Innovation, die Tradition und Technologie vereint, macht die leuchtenden Katanas zu einer Revolution f\u00fcr Fans, die auf der Suche nach authentischen, aber auch innovativen Repliken sind. Wenn Sie Ihre Sammlung um ein ebenso einzigartiges wie markantes Objekt erweitern m\u00f6chten, sind diese Leuchtkatanas genau das Richtige f\u00fcr Sie!<\/p>","protected":false},"excerpt":{"rendered":"<p>Wundersch\u00f6ne Replik des Katana Ame no Habakiri in leuchtender Version (Leds) in One Piece<\/p>\n<ul>\n<li>Oben Metallklinge mit Verzierungen, unten dickes ABS mit Leds im Inneren.<br \/>\nUnauff\u00e4lliger und sehr leicht zu bedienender Ein-\/Ausschalter<br \/>\nSpeziell geformter Metallschutz<br \/>\nVerzierter und lackierter Griff<br \/>\nDie Spitze des Griffs l\u00e4sst sich abtrennen, um zwei AAA-Batterien einzulegen (nicht im Lieferumfang enthalten).<br \/>\nScheide aus wei\u00df lackiertem Holz mit Ornamenten.<br \/>\nKlingenl\u00e4nge: 67 cm - Gesamtl\u00e4nge: 103 cm - Gewicht: 1040 gr (mit Scheide)<\/li>\n<\/ul>\n<p>&nbsp;<\/p>","protected":false},"featured_media":81449,"template":"","meta":[],"product_brand":[896],"product_cat":[868,871,36],"product_tag":[],"class_list":{"0":"post-81448","1":"product","2":"type-product","3":"status-publish","4":"has-post-thumbnail","6":"product_brand-replique-manga-cine","7":"product_cat-katana-lumineux","8":"product_cat-katana-lumineux-one-piece","9":"product_cat-katana-one-piece","11":"first","12":"instock","13":"sale","14":"taxable","15":"shipping-taxable","16":"purchasable","17":"product-type-simple"},"yoast_head":"<!-- This site is optimized with the Yoast SEO plugin v27.5 - https:\/\/yoast.com\/product\/yoast-seo-wordpress\/ -->\n<title>Ame no Habakiri Lumineux (Leds) - One-piece - R\u00e9plique Manga Cin\u00e9<\/title>\n<meta name=\"description\" content=\"En exclusivit\u00e9 ! Ce katana Ame no Habakiri Lumineux dans One Piece. Lame en acier et ABS contenant les Leds. Bouton marche\/arr\u00eat. Fourreau laqu\u00e9. 103 cm\" \/>\n<meta name=\"robots\" content=\"index, follow, max-snippet:-1, max-image-preview:large, max-video-preview:-1\" \/>\n<link rel=\"canonical\" href=\"https:\/\/repliquemangacine.fr\/de\/leuchtendes-katana-one-piece\/ame-no-habakiri-led-leuchtet-one-piece\/\" \/>\n<meta property=\"og:locale\" content=\"de_DE\" \/>\n<meta property=\"og:type\" content=\"article\" \/>\n<meta property=\"og:title\" content=\"Ame no Habakiri Lumineux (Leds) - One-piece - R\u00e9plique Manga Cin\u00e9\" \/>\n<meta property=\"og:description\" content=\"En exclusivit\u00e9 ! Ce katana Ame no Habakiri Lumineux dans One Piece. Lame en acier et ABS contenant les Leds. Bouton marche\/arr\u00eat. Fourreau laqu\u00e9. 103 cm\" \/>\n<meta property=\"og:url\" content=\"https:\/\/repliquemangacine.fr\/de\/leuchtendes-katana-one-piece\/ame-no-habakiri-led-leuchtet-one-piece\/\" \/>\n<meta property=\"og:site_name\" content=\"R\u00e9plique Manga Cin\u00e9\" \/>\n<meta property=\"article:publisher\" content=\"https:\/\/www.facebook.com\/RepliqueMangaCine\" \/>\n<meta property=\"article:modified_time\" content=\"2025-12-28T13:42:59+00:00\" \/>\n<meta property=\"og:image\" content=\"https:\/\/repliquemangacine.fr\/wp-content\/uploads\/2025\/01\/Ame-no-Habakiri-Lumineux-One-piece.jpg\" \/>\n\t<meta property=\"og:image:width\" content=\"500\" \/>\n\t<meta property=\"og:image:height\" content=\"500\" \/>\n\t<meta property=\"og:image:type\" content=\"image\/jpeg\" \/>\n<meta name=\"twitter:card\" content=\"summary_large_image\" \/>\n<meta name=\"twitter:label1\" content=\"Gesch\u00e4tzte Lesezeit\" \/>\n\t<meta name=\"twitter:data1\" content=\"3\u00a0Minuten\" \/>\n<script type=\"application\/ld+json\" class=\"yoast-schema-graph\">{\"@context\":\"https:\\\/\\\/schema.org\",\"@graph\":[{\"@type\":\"WebPage\",\"@id\":\"https:\\\/\\\/repliquemangacine.fr\\\/katana-lumineux-one-piece\\\/ame-no-habakiri-lumineux-leds-one-piece\\\/\",\"url\":\"https:\\\/\\\/repliquemangacine.fr\\\/katana-lumineux-one-piece\\\/ame-no-habakiri-lumineux-leds-one-piece\\\/\",\"name\":\"Ame no Habakiri Lumineux (Leds) - One-piece - R\u00e9plique Manga Cin\u00e9\",\"isPartOf\":{\"@id\":\"https:\\\/\\\/repliquemangacine.fr\\\/#website\"},\"primaryImageOfPage\":{\"@id\":\"https:\\\/\\\/repliquemangacine.fr\\\/katana-lumineux-one-piece\\\/ame-no-habakiri-lumineux-leds-one-piece\\\/#primaryimage\"},\"image\":{\"@id\":\"https:\\\/\\\/repliquemangacine.fr\\\/katana-lumineux-one-piece\\\/ame-no-habakiri-lumineux-leds-one-piece\\\/#primaryimage\"},\"thumbnailUrl\":\"https:\\\/\\\/repliquemangacine.fr\\\/wp-content\\\/uploads\\\/2025\\\/01\\\/Ame-no-Habakiri-Lumineux-One-piece.jpg\",\"datePublished\":\"2025-01-21T19:03:17+00:00\",\"dateModified\":\"2025-12-28T13:42:59+00:00\",\"description\":\"En exclusivit\u00e9 ! Ce katana Ame no Habakiri Lumineux dans One Piece. Lame en acier et ABS contenant les Leds. Bouton marche\\\/arr\u00eat. Fourreau laqu\u00e9. 103 cm\",\"breadcrumb\":{\"@id\":\"https:\\\/\\\/repliquemangacine.fr\\\/katana-lumineux-one-piece\\\/ame-no-habakiri-lumineux-leds-one-piece\\\/#breadcrumb\"},\"inLanguage\":\"de\",\"potentialAction\":[{\"@type\":\"ReadAction\",\"target\":[\"https:\\\/\\\/repliquemangacine.fr\\\/katana-lumineux-one-piece\\\/ame-no-habakiri-lumineux-leds-one-piece\\\/\"]}]},{\"@type\":\"ImageObject\",\"inLanguage\":\"de\",\"@id\":\"https:\\\/\\\/repliquemangacine.fr\\\/katana-lumineux-one-piece\\\/ame-no-habakiri-lumineux-leds-one-piece\\\/#primaryimage\",\"url\":\"https:\\\/\\\/repliquemangacine.fr\\\/wp-content\\\/uploads\\\/2025\\\/01\\\/Ame-no-Habakiri-Lumineux-One-piece.jpg\",\"contentUrl\":\"https:\\\/\\\/repliquemangacine.fr\\\/wp-content\\\/uploads\\\/2025\\\/01\\\/Ame-no-Habakiri-Lumineux-One-piece.jpg\",\"width\":500,\"height\":500,\"caption\":\"Ame no Habakiri Lumineux One Piece\"},{\"@type\":\"BreadcrumbList\",\"@id\":\"https:\\\/\\\/repliquemangacine.fr\\\/katana-lumineux-one-piece\\\/ame-no-habakiri-lumineux-leds-one-piece\\\/#breadcrumb\",\"itemListElement\":[{\"@type\":\"ListItem\",\"position\":1,\"name\":\"Accueil\",\"item\":\"https:\\\/\\\/repliquemangacine.fr\\\/\"},{\"@type\":\"ListItem\",\"position\":2,\"name\":\"Produits\",\"item\":\"https:\\\/\\\/repliquemangacine.fr\\\/boutique\\\/\"},{\"@type\":\"ListItem\",\"position\":3,\"name\":\"Ame no Habakiri Lumineux (Leds) &#8211; One-piece\"}]},{\"@type\":\"WebSite\",\"@id\":\"https:\\\/\\\/repliquemangacine.fr\\\/#website\",\"url\":\"https:\\\/\\\/repliquemangacine.fr\\\/\",\"name\":\"R\u00e9plique Manga Cin\u00e9\",\"description\":\"\",\"publisher\":{\"@id\":\"https:\\\/\\\/repliquemangacine.fr\\\/#organization\"},\"potentialAction\":[{\"@type\":\"SearchAction\",\"target\":{\"@type\":\"EntryPoint\",\"urlTemplate\":\"https:\\\/\\\/repliquemangacine.fr\\\/?s={search_term_string}\"},\"query-input\":{\"@type\":\"PropertyValueSpecification\",\"valueRequired\":true,\"valueName\":\"search_term_string\"}}],\"inLanguage\":\"de\"},{\"@type\":\"Organization\",\"@id\":\"https:\\\/\\\/repliquemangacine.fr\\\/#organization\",\"name\":\"R\u00e9plique Manga Cin\u00e9\",\"url\":\"https:\\\/\\\/repliquemangacine.fr\\\/\",\"logo\":{\"@type\":\"ImageObject\",\"inLanguage\":\"de\",\"@id\":\"https:\\\/\\\/repliquemangacine.fr\\\/#\\\/schema\\\/logo\\\/image\\\/\",\"url\":\"https:\\\/\\\/repliquemangacine.fr\\\/wp-content\\\/uploads\\\/2023\\\/10\\\/RMC-500250.png\",\"contentUrl\":\"https:\\\/\\\/repliquemangacine.fr\\\/wp-content\\\/uploads\\\/2023\\\/10\\\/RMC-500250.png\",\"width\":500,\"height\":250,\"caption\":\"R\u00e9plique Manga Cin\u00e9\"},\"image\":{\"@id\":\"https:\\\/\\\/repliquemangacine.fr\\\/#\\\/schema\\\/logo\\\/image\\\/\"},\"sameAs\":[\"https:\\\/\\\/www.facebook.com\\\/RepliqueMangaCine\",\"https:\\\/\\\/www.instagram.com\\\/repliquemangacine.fr\\\/\"]}]}<\/script>\n<!-- \/ Yoast SEO plugin. -->","yoast_head_json":{"title":"Ame no Habakiri Leuchtend (Leds) - One-piece - R\u00e9plique Manga Cin\u00e9","description":"Jetzt exklusiv f\u00fcr Sie! Dieses Ame no Habakiri Leuchtende Katana in One Piece. Klinge aus Stahl und ABS, die die Leds enth\u00e4lt. Knopf zum Ein- und Ausschalten. Lackierte Scheide. 103 cm","robots":{"index":"index","follow":"follow","max-snippet":"max-snippet:-1","max-image-preview":"max-image-preview:large","max-video-preview":"max-video-preview:-1"},"canonical":"https:\/\/repliquemangacine.fr\/de\/leuchtendes-katana-one-piece\/ame-no-habakiri-led-leuchtet-one-piece\/","og_locale":"de_DE","og_type":"article","og_title":"Ame no Habakiri Lumineux (Leds) - One-piece - R\u00e9plique Manga Cin\u00e9","og_description":"En exclusivit\u00e9 ! Ce katana Ame no Habakiri Lumineux dans One Piece. Lame en acier et ABS contenant les Leds. Bouton marche\/arr\u00eat. Fourreau laqu\u00e9. 103 cm","og_url":"https:\/\/repliquemangacine.fr\/de\/leuchtendes-katana-one-piece\/ame-no-habakiri-led-leuchtet-one-piece\/","og_site_name":"R\u00e9plique Manga Cin\u00e9","article_publisher":"https:\/\/www.facebook.com\/RepliqueMangaCine","article_modified_time":"2025-12-28T13:42:59+00:00","og_image":[{"width":500,"height":500,"url":"https:\/\/repliquemangacine.fr\/wp-content\/uploads\/2025\/01\/Ame-no-Habakiri-Lumineux-One-piece.jpg","type":"image\/jpeg"}],"twitter_card":"summary_large_image","twitter_misc":{"Gesch\u00e4tzte Lesezeit":"3\u00a0Minuten"},"schema":{"@context":"https:\/\/schema.org","@graph":[{"@type":"WebPage","@id":"https:\/\/repliquemangacine.fr\/katana-lumineux-one-piece\/ame-no-habakiri-lumineux-leds-one-piece\/","url":"https:\/\/repliquemangacine.fr\/katana-lumineux-one-piece\/ame-no-habakiri-lumineux-leds-one-piece\/","name":"Ame no Habakiri Leuchtend (Leds) - One-piece - R\u00e9plique Manga Cin\u00e9","isPartOf":{"@id":"https:\/\/repliquemangacine.fr\/#website"},"primaryImageOfPage":{"@id":"https:\/\/repliquemangacine.fr\/katana-lumineux-one-piece\/ame-no-habakiri-lumineux-leds-one-piece\/#primaryimage"},"image":{"@id":"https:\/\/repliquemangacine.fr\/katana-lumineux-one-piece\/ame-no-habakiri-lumineux-leds-one-piece\/#primaryimage"},"thumbnailUrl":"https:\/\/repliquemangacine.fr\/wp-content\/uploads\/2025\/01\/Ame-no-Habakiri-Lumineux-One-piece.jpg","datePublished":"2025-01-21T19:03:17+00:00","dateModified":"2025-12-28T13:42:59+00:00","description":"Jetzt exklusiv f\u00fcr Sie! Dieses Ame no Habakiri Leuchtende Katana in One Piece. Klinge aus Stahl und ABS, die die Leds enth\u00e4lt. Knopf zum Ein- und Ausschalten. Lackierte Scheide. 103 cm","breadcrumb":{"@id":"https:\/\/repliquemangacine.fr\/katana-lumineux-one-piece\/ame-no-habakiri-lumineux-leds-one-piece\/#breadcrumb"},"inLanguage":"de","potentialAction":[{"@type":"ReadAction","target":["https:\/\/repliquemangacine.fr\/katana-lumineux-one-piece\/ame-no-habakiri-lumineux-leds-one-piece\/"]}]},{"@type":"ImageObject","inLanguage":"de","@id":"https:\/\/repliquemangacine.fr\/katana-lumineux-one-piece\/ame-no-habakiri-lumineux-leds-one-piece\/#primaryimage","url":"https:\/\/repliquemangacine.fr\/wp-content\/uploads\/2025\/01\/Ame-no-Habakiri-Lumineux-One-piece.jpg","contentUrl":"https:\/\/repliquemangacine.fr\/wp-content\/uploads\/2025\/01\/Ame-no-Habakiri-Lumineux-One-piece.jpg","width":500,"height":500,"caption":"Ame no Habakiri Lumineux One Piece"},{"@type":"BreadcrumbList","@id":"https:\/\/repliquemangacine.fr\/katana-lumineux-one-piece\/ame-no-habakiri-lumineux-leds-one-piece\/#breadcrumb","itemListElement":[{"@type":"ListItem","position":1,"name":"Accueil","item":"https:\/\/repliquemangacine.fr\/"},{"@type":"ListItem","position":2,"name":"Produits","item":"https:\/\/repliquemangacine.fr\/boutique\/"},{"@type":"ListItem","position":3,"name":"Ame no Habakiri Lumineux (Leds) &#8211; One-piece"}]},{"@type":"WebSite","@id":"https:\/\/repliquemangacine.fr\/#website","url":"https:\/\/repliquemangacine.fr\/","name":"R\u00e9plique Manga Cin\u00e9","description":"","publisher":{"@id":"https:\/\/repliquemangacine.fr\/#organization"},"potentialAction":[{"@type":"SearchAction","target":{"@type":"EntryPoint","urlTemplate":"https:\/\/repliquemangacine.fr\/?s={search_term_string}"},"query-input":{"@type":"PropertyValueSpecification","valueRequired":true,"valueName":"search_term_string"}}],"inLanguage":"de"},{"@type":"Organization","@id":"https:\/\/repliquemangacine.fr\/#organization","name":"R\u00e9plique Manga Cin\u00e9","url":"https:\/\/repliquemangacine.fr\/","logo":{"@type":"ImageObject","inLanguage":"de","@id":"https:\/\/repliquemangacine.fr\/#\/schema\/logo\/image\/","url":"https:\/\/repliquemangacine.fr\/wp-content\/uploads\/2023\/10\/RMC-500250.png","contentUrl":"https:\/\/repliquemangacine.fr\/wp-content\/uploads\/2023\/10\/RMC-500250.png","width":500,"height":250,"caption":"R\u00e9plique Manga Cin\u00e9"},"image":{"@id":"https:\/\/repliquemangacine.fr\/#\/schema\/logo\/image\/"},"sameAs":["https:\/\/www.facebook.com\/RepliqueMangaCine","https:\/\/www.instagram.com\/repliquemangacine.fr\/"]}]}},"_links":{"self":[{"href":"https:\/\/repliquemangacine.fr\/de\/wp-json\/wp\/v2\/product\/81448","targetHints":{"allow":["GET"]}}],"collection":[{"href":"https:\/\/repliquemangacine.fr\/de\/wp-json\/wp\/v2\/product"}],"about":[{"href":"https:\/\/repliquemangacine.fr\/de\/wp-json\/wp\/v2\/types\/product"}],"wp:featuredmedia":[{"embeddable":true,"href":"https:\/\/repliquemangacine.fr\/de\/wp-json\/wp\/v2\/media\/81449"}],"wp:attachment":[{"href":"https:\/\/repliquemangacine.fr\/de\/wp-json\/wp\/v2\/media?parent=81448"}],"wp:term":[{"taxonomy":"product_brand","embeddable":true,"href":"https:\/\/repliquemangacine.fr\/de\/wp-json\/wp\/v2\/product_brand?post=81448"},{"taxonomy":"product_cat","embeddable":true,"href":"https:\/\/repliquemangacine.fr\/de\/wp-json\/wp\/v2\/product_cat?post=81448"},{"taxonomy":"product_tag","embeddable":true,"href":"https:\/\/repliquemangacine.fr\/de\/wp-json\/wp\/v2\/product_tag?post=81448"}],"curies":[{"name":"wp","href":"https:\/\/api.w.org\/{rel}","templated":true}]}}