





{"id":81442,"date":"2025-01-21T19:54:19","date_gmt":"2025-01-21T18:54:19","guid":{"rendered":"https:\/\/repliquemangacine.fr\/?post_type=product&#038;p=81442"},"modified":"2025-12-01T09:25:50","modified_gmt":"2025-12-01T08:25:50","slug":"katana-enma-schwarz-led-leuchtend-one-piece","status":"publish","type":"product","link":"https:\/\/repliquemangacine.fr\/de\/katana-lumineux-one-piece\/katana-enma-noir-lumineux-leds-one-piece\/","title":{"rendered":"Katana Enma Schwarz Leuchtend (Leds) - One-Piece"},"content":{"rendered":"<h2>Katana Enma schwarz Leuchtend in One Piece.<\/h2>\n<p>Tauchen Sie ein in die legend\u00e4re Welt von One Piece mit dem leuchtend schwarzen Enma Katana, einer au\u00dfergew\u00f6hnlichen Nachbildung der ber\u00fchmten Klinge, die von <a href=\"https:\/\/onepiece.fandom.com\/fr\/wiki\/Roronoa_Zoro\" target=\"_blank\" rel=\"noopener noreferrer\">Roronoa Zoro<\/a>. Dieses einzigartige Katana ist batteriebetrieben und wird durch eingebaute LEDs beleuchtet, um ein atemberaubendes visuelles Erlebnis zu bieten. Mit einem einfachen Druck auf den Ein-\/Ausschalter, der diskret versteckt ist, um das authentische Design der Waffe nicht zu beeintr\u00e4chtigen, leuchtet die schwarze Klinge sofort auf und symbolisiert die einsch\u00fcchternde und mythische Macht von Enma. Dieses ikonische Schwert, das als eine der wenigen Klingen bekannt ist, die in der Lage sind, die Aura ihres Tr\u00e4gers zu entziehen, wird mit einem nie dagewesenen Realismus zum Leben erweckt. Diese leuchtende Replik ist eine Premiere in Bezug auf Qualit\u00e4t und Technologie f\u00fcr Sammler-Katanas. Perfekt f\u00fcr Fans und Sammler, ist dieses Katana sowohl ein Sammlerst\u00fcck als auch ein echtes Eintauchen in die Welt von One Piece, das Sie stolz zur Schau stellen k\u00f6nnen.<\/p>\n<h2>Entdecken Sie die anderen leuchtenden Katanas aus One Piece<\/h2>\n<p>Neben dem schwarzen Enma-Katana umfasst das Sortiment an leuchtenden Katanas in One Piece auch andere beeindruckende Repliken.<\/p>\n<ul>\n<li>Die <a href=\"https:\/\/repliquemangacine.fr\/de\/leuchtendes-katana\/katana-sandai-kitetsu-led-leuchtet-one-piece\/\">Katana Sandai Kitetsu leuchtend<\/a> mit verzierter Klinge und wei\u00dfen Leds<\/li>\n<li>Sowie das<a href=\"https:\/\/repliquemangacine.fr\/de\/katana-aus-metall-one-piece\/leuchtendes-katana-trafalgar-law-one-piece\/\"> Led-Katana von Trafalgar Law<\/a> und sein Schutz aus Pelz.<\/li>\n<li>Es gibt auch das leuchtende Katana Shusui mit seiner verzierten Klinge und den rosafarbenen Leds.<\/li>\n<li>Und noch viel mehr gibt es in unserem Online-Shop zu entdecken. In der Tat finden Sie alle Produktreihen, Katana aus Holz One Piece. Aber auch Mini-Katana und Katana aus Metall.<\/li>\n<\/ul>\n<p>Abschlie\u00dfend l\u00e4sst sich sagen, dass Sie dieses schwarze Enma Katana auch f\u00fcr Ihre Cosplay-Paraden oder Themenpartys verwenden k\u00f6nnen. Vor allem aber ist das Katana von Zoro, auch ein Sammler- und Dekorationsst\u00fcck.<\/p>\n<h2>Innovation im Dienste der Fans: Au\u00dfergew\u00f6hnliche Leuchtkatanas<\/h2>\n<p>Die Welt der Katana-Repliken erreicht mit diesen leuchtenden Modellen einen neuen Meilenstein. Und das ist eine Revolution f\u00fcr Demon Slayer-Fans. Abgesehen von ihrer Herstellungsqualit\u00e4t und ihrer Treue zu den Waffen, die im Anime zu sehen waren. Diese Katanas sind mit LED-Technologien ausgestattet, die eine v\u00f6llig neue Dimension der Immersion bieten. So wird jedes Katana zu mehr als einem einfachen Sammlerst\u00fcck. Es ist ein echtes interaktives Element, das leuchten und die Macht der Charaktere, die es repr\u00e4sentiert, hervorrufen kann. Die einfache Aktivierung der LEDs durch einen unauff\u00e4lligen Knopf erm\u00f6glicht es, das Erlebnis in vollen Z\u00fcgen zu genie\u00dfen. In der Tat, ob f\u00fcr Ausstellungen, Fotos oder sogar Cosplays. Diese Innovation, die Tradition und Technologie vereint, macht die leuchtenden Katanas zu einer Revolution f\u00fcr Fans, die auf der Suche nach authentischen, aber auch innovativen Repliken sind. Wenn Sie Ihre Sammlung um ein ebenso einzigartiges wie markantes Objekt erweitern m\u00f6chten, sind diese Leuchtkatanas genau das Richtige f\u00fcr Sie!<\/p>","protected":false},"excerpt":{"rendered":"<p>Wundersch\u00f6ne Replik des schwarzen Enma Katana in leuchtender Version (Leds) in One Piece<\/p>\n<ul>\n<li>Oben Metallklinge mit Verzierungen, unten dickes ABS mit Leds im Inneren.<br \/>\nUnauff\u00e4lliger und sehr leicht zu bedienender Ein-\/Ausschalter<br \/>\nSpeziell geformter Metallschutz<br \/>\nVerzierter und lackierter Griff<br \/>\nDie Spitze des Griffs l\u00e4sst sich abtrennen, um zwei AAA-Batterien (nicht im Lieferumfang enthalten) einzulegen.<br \/>\nScheide aus schwarz lackiertem Holz mit Ornamenten.<br \/>\nKlingenl\u00e4nge: 67 cm - Gesamtl\u00e4nge: 103 cm - Gewicht: 1040 gr (mit Scheide).<\/li>\n<\/ul>\n<p>&nbsp;<\/p>","protected":false},"featured_media":81443,"template":"","meta":[],"product_brand":[896],"product_cat":[868,871,36],"product_tag":[],"class_list":{"0":"post-81442","1":"product","2":"type-product","3":"status-publish","4":"has-post-thumbnail","6":"product_brand-replique-manga-cine","7":"product_cat-katana-lumineux","8":"product_cat-katana-lumineux-one-piece","9":"product_cat-katana-one-piece","11":"first","12":"instock","13":"sale","14":"taxable","15":"shipping-taxable","16":"purchasable","17":"product-type-simple"},"yoast_head":"<!-- This site is optimized with the Yoast SEO plugin v27.5 - https:\/\/yoast.com\/product\/yoast-seo-wordpress\/ -->\n<title>Katana Enma noir Lumineux (Leds) - One-Piece - R\u00e9plique Manga Cin\u00e9<\/title>\n<meta name=\"description\" content=\"Exclusivit\u00e9 ! Ce Katana Enma noir Lumineux (Leds) dans One Piece. Lame en acier et ABS contenant les Leds. Bouton marche\/Arr\u00eat. Fourreau laqu\u00e9. 103 cm\" \/>\n<meta name=\"robots\" content=\"index, follow, max-snippet:-1, max-image-preview:large, max-video-preview:-1\" \/>\n<link rel=\"canonical\" href=\"https:\/\/repliquemangacine.fr\/de\/leuchtendes-katana-one-piece\/katana-enma-schwarz-led-leuchtend-one-piece\/\" \/>\n<meta property=\"og:locale\" content=\"de_DE\" \/>\n<meta property=\"og:type\" content=\"article\" \/>\n<meta property=\"og:title\" content=\"Katana Enma noir Lumineux (Leds) - One-Piece - R\u00e9plique Manga Cin\u00e9\" \/>\n<meta property=\"og:description\" content=\"Exclusivit\u00e9 ! Ce Katana Enma noir Lumineux (Leds) dans One Piece. Lame en acier et ABS contenant les Leds. Bouton marche\/Arr\u00eat. Fourreau laqu\u00e9. 103 cm\" \/>\n<meta property=\"og:url\" content=\"https:\/\/repliquemangacine.fr\/de\/leuchtendes-katana-one-piece\/katana-enma-schwarz-led-leuchtend-one-piece\/\" \/>\n<meta property=\"og:site_name\" content=\"R\u00e9plique Manga Cin\u00e9\" \/>\n<meta property=\"article:publisher\" content=\"https:\/\/www.facebook.com\/RepliqueMangaCine\" \/>\n<meta property=\"article:modified_time\" content=\"2025-12-01T08:25:50+00:00\" \/>\n<meta property=\"og:image\" content=\"https:\/\/repliquemangacine.fr\/wp-content\/uploads\/2025\/01\/Katana-Enma-noir-Lumineux-One-Piece.jpg\" \/>\n\t<meta property=\"og:image:width\" content=\"500\" \/>\n\t<meta property=\"og:image:height\" content=\"500\" \/>\n\t<meta property=\"og:image:type\" content=\"image\/jpeg\" \/>\n<meta name=\"twitter:card\" content=\"summary_large_image\" \/>\n<meta name=\"twitter:label1\" content=\"Gesch\u00e4tzte Lesezeit\" \/>\n\t<meta name=\"twitter:data1\" content=\"3\u00a0Minuten\" \/>\n<script type=\"application\/ld+json\" class=\"yoast-schema-graph\">{\"@context\":\"https:\\\/\\\/schema.org\",\"@graph\":[{\"@type\":\"WebPage\",\"@id\":\"https:\\\/\\\/repliquemangacine.fr\\\/katana-lumineux-one-piece\\\/katana-enma-noir-lumineux-leds-one-piece\\\/\",\"url\":\"https:\\\/\\\/repliquemangacine.fr\\\/katana-lumineux-one-piece\\\/katana-enma-noir-lumineux-leds-one-piece\\\/\",\"name\":\"Katana Enma noir Lumineux (Leds) - One-Piece - R\u00e9plique Manga Cin\u00e9\",\"isPartOf\":{\"@id\":\"https:\\\/\\\/repliquemangacine.fr\\\/#website\"},\"primaryImageOfPage\":{\"@id\":\"https:\\\/\\\/repliquemangacine.fr\\\/katana-lumineux-one-piece\\\/katana-enma-noir-lumineux-leds-one-piece\\\/#primaryimage\"},\"image\":{\"@id\":\"https:\\\/\\\/repliquemangacine.fr\\\/katana-lumineux-one-piece\\\/katana-enma-noir-lumineux-leds-one-piece\\\/#primaryimage\"},\"thumbnailUrl\":\"https:\\\/\\\/repliquemangacine.fr\\\/wp-content\\\/uploads\\\/2025\\\/01\\\/Katana-Enma-noir-Lumineux-One-Piece.jpg\",\"datePublished\":\"2025-01-21T18:54:19+00:00\",\"dateModified\":\"2025-12-01T08:25:50+00:00\",\"description\":\"Exclusivit\u00e9 ! Ce Katana Enma noir Lumineux (Leds) dans One Piece. Lame en acier et ABS contenant les Leds. Bouton marche\\\/Arr\u00eat. Fourreau laqu\u00e9. 103 cm\",\"breadcrumb\":{\"@id\":\"https:\\\/\\\/repliquemangacine.fr\\\/katana-lumineux-one-piece\\\/katana-enma-noir-lumineux-leds-one-piece\\\/#breadcrumb\"},\"inLanguage\":\"de\",\"potentialAction\":[{\"@type\":\"ReadAction\",\"target\":[\"https:\\\/\\\/repliquemangacine.fr\\\/katana-lumineux-one-piece\\\/katana-enma-noir-lumineux-leds-one-piece\\\/\"]}]},{\"@type\":\"ImageObject\",\"inLanguage\":\"de\",\"@id\":\"https:\\\/\\\/repliquemangacine.fr\\\/katana-lumineux-one-piece\\\/katana-enma-noir-lumineux-leds-one-piece\\\/#primaryimage\",\"url\":\"https:\\\/\\\/repliquemangacine.fr\\\/wp-content\\\/uploads\\\/2025\\\/01\\\/Katana-Enma-noir-Lumineux-One-Piece.jpg\",\"contentUrl\":\"https:\\\/\\\/repliquemangacine.fr\\\/wp-content\\\/uploads\\\/2025\\\/01\\\/Katana-Enma-noir-Lumineux-One-Piece.jpg\",\"width\":500,\"height\":500,\"caption\":\"Katana Enma Lumineux (Leds) - One-Piece\"},{\"@type\":\"BreadcrumbList\",\"@id\":\"https:\\\/\\\/repliquemangacine.fr\\\/katana-lumineux-one-piece\\\/katana-enma-noir-lumineux-leds-one-piece\\\/#breadcrumb\",\"itemListElement\":[{\"@type\":\"ListItem\",\"position\":1,\"name\":\"Accueil\",\"item\":\"https:\\\/\\\/repliquemangacine.fr\\\/\"},{\"@type\":\"ListItem\",\"position\":2,\"name\":\"Produits\",\"item\":\"https:\\\/\\\/repliquemangacine.fr\\\/boutique\\\/\"},{\"@type\":\"ListItem\",\"position\":3,\"name\":\"Katana Enma noir Lumineux (Leds) &#8211; One-Piece\"}]},{\"@type\":\"WebSite\",\"@id\":\"https:\\\/\\\/repliquemangacine.fr\\\/#website\",\"url\":\"https:\\\/\\\/repliquemangacine.fr\\\/\",\"name\":\"R\u00e9plique Manga Cin\u00e9\",\"description\":\"\",\"publisher\":{\"@id\":\"https:\\\/\\\/repliquemangacine.fr\\\/#organization\"},\"potentialAction\":[{\"@type\":\"SearchAction\",\"target\":{\"@type\":\"EntryPoint\",\"urlTemplate\":\"https:\\\/\\\/repliquemangacine.fr\\\/?s={search_term_string}\"},\"query-input\":{\"@type\":\"PropertyValueSpecification\",\"valueRequired\":true,\"valueName\":\"search_term_string\"}}],\"inLanguage\":\"de\"},{\"@type\":\"Organization\",\"@id\":\"https:\\\/\\\/repliquemangacine.fr\\\/#organization\",\"name\":\"R\u00e9plique Manga Cin\u00e9\",\"url\":\"https:\\\/\\\/repliquemangacine.fr\\\/\",\"logo\":{\"@type\":\"ImageObject\",\"inLanguage\":\"de\",\"@id\":\"https:\\\/\\\/repliquemangacine.fr\\\/#\\\/schema\\\/logo\\\/image\\\/\",\"url\":\"https:\\\/\\\/repliquemangacine.fr\\\/wp-content\\\/uploads\\\/2023\\\/10\\\/RMC-500250.png\",\"contentUrl\":\"https:\\\/\\\/repliquemangacine.fr\\\/wp-content\\\/uploads\\\/2023\\\/10\\\/RMC-500250.png\",\"width\":500,\"height\":250,\"caption\":\"R\u00e9plique Manga Cin\u00e9\"},\"image\":{\"@id\":\"https:\\\/\\\/repliquemangacine.fr\\\/#\\\/schema\\\/logo\\\/image\\\/\"},\"sameAs\":[\"https:\\\/\\\/www.facebook.com\\\/RepliqueMangaCine\",\"https:\\\/\\\/www.instagram.com\\\/repliquemangacine.fr\\\/\"]}]}<\/script>\n<!-- \/ Yoast SEO plugin. -->","yoast_head_json":{"title":"Katana Enma Schwarz Leuchtend (Leds) - One-Piece - R\u00e9plique Manga Cin\u00e9","description":"Exklusiv f\u00fcr Sie! Dieses schwarze Enma Katana Leuchtend (Leds) in One Piece. Klinge aus Stahl und ABS, die die Leds enth\u00e4lt. Knopf zum Ein- und Ausschalten. Lackierte Scheide. 103 cm","robots":{"index":"index","follow":"follow","max-snippet":"max-snippet:-1","max-image-preview":"max-image-preview:large","max-video-preview":"max-video-preview:-1"},"canonical":"https:\/\/repliquemangacine.fr\/de\/leuchtendes-katana-one-piece\/katana-enma-schwarz-led-leuchtend-one-piece\/","og_locale":"de_DE","og_type":"article","og_title":"Katana Enma noir Lumineux (Leds) - One-Piece - R\u00e9plique Manga Cin\u00e9","og_description":"Exclusivit\u00e9 ! Ce Katana Enma noir Lumineux (Leds) dans One Piece. Lame en acier et ABS contenant les Leds. Bouton marche\/Arr\u00eat. Fourreau laqu\u00e9. 103 cm","og_url":"https:\/\/repliquemangacine.fr\/de\/leuchtendes-katana-one-piece\/katana-enma-schwarz-led-leuchtend-one-piece\/","og_site_name":"R\u00e9plique Manga Cin\u00e9","article_publisher":"https:\/\/www.facebook.com\/RepliqueMangaCine","article_modified_time":"2025-12-01T08:25:50+00:00","og_image":[{"width":500,"height":500,"url":"https:\/\/repliquemangacine.fr\/wp-content\/uploads\/2025\/01\/Katana-Enma-noir-Lumineux-One-Piece.jpg","type":"image\/jpeg"}],"twitter_card":"summary_large_image","twitter_misc":{"Gesch\u00e4tzte Lesezeit":"3\u00a0Minuten"},"schema":{"@context":"https:\/\/schema.org","@graph":[{"@type":"WebPage","@id":"https:\/\/repliquemangacine.fr\/katana-lumineux-one-piece\/katana-enma-noir-lumineux-leds-one-piece\/","url":"https:\/\/repliquemangacine.fr\/katana-lumineux-one-piece\/katana-enma-noir-lumineux-leds-one-piece\/","name":"Katana Enma Schwarz Leuchtend (Leds) - One-Piece - R\u00e9plique Manga Cin\u00e9","isPartOf":{"@id":"https:\/\/repliquemangacine.fr\/#website"},"primaryImageOfPage":{"@id":"https:\/\/repliquemangacine.fr\/katana-lumineux-one-piece\/katana-enma-noir-lumineux-leds-one-piece\/#primaryimage"},"image":{"@id":"https:\/\/repliquemangacine.fr\/katana-lumineux-one-piece\/katana-enma-noir-lumineux-leds-one-piece\/#primaryimage"},"thumbnailUrl":"https:\/\/repliquemangacine.fr\/wp-content\/uploads\/2025\/01\/Katana-Enma-noir-Lumineux-One-Piece.jpg","datePublished":"2025-01-21T18:54:19+00:00","dateModified":"2025-12-01T08:25:50+00:00","description":"Exklusiv f\u00fcr Sie! Dieses schwarze Enma Katana Leuchtend (Leds) in One Piece. Klinge aus Stahl und ABS, die die Leds enth\u00e4lt. Knopf zum Ein- und Ausschalten. Lackierte Scheide. 103 cm","breadcrumb":{"@id":"https:\/\/repliquemangacine.fr\/katana-lumineux-one-piece\/katana-enma-noir-lumineux-leds-one-piece\/#breadcrumb"},"inLanguage":"de","potentialAction":[{"@type":"ReadAction","target":["https:\/\/repliquemangacine.fr\/katana-lumineux-one-piece\/katana-enma-noir-lumineux-leds-one-piece\/"]}]},{"@type":"ImageObject","inLanguage":"de","@id":"https:\/\/repliquemangacine.fr\/katana-lumineux-one-piece\/katana-enma-noir-lumineux-leds-one-piece\/#primaryimage","url":"https:\/\/repliquemangacine.fr\/wp-content\/uploads\/2025\/01\/Katana-Enma-noir-Lumineux-One-Piece.jpg","contentUrl":"https:\/\/repliquemangacine.fr\/wp-content\/uploads\/2025\/01\/Katana-Enma-noir-Lumineux-One-Piece.jpg","width":500,"height":500,"caption":"Katana Enma Lumineux (Leds) - One-Piece"},{"@type":"BreadcrumbList","@id":"https:\/\/repliquemangacine.fr\/katana-lumineux-one-piece\/katana-enma-noir-lumineux-leds-one-piece\/#breadcrumb","itemListElement":[{"@type":"ListItem","position":1,"name":"Accueil","item":"https:\/\/repliquemangacine.fr\/"},{"@type":"ListItem","position":2,"name":"Produits","item":"https:\/\/repliquemangacine.fr\/boutique\/"},{"@type":"ListItem","position":3,"name":"Katana Enma noir Lumineux (Leds) &#8211; One-Piece"}]},{"@type":"WebSite","@id":"https:\/\/repliquemangacine.fr\/#website","url":"https:\/\/repliquemangacine.fr\/","name":"R\u00e9plique Manga Cin\u00e9","description":"","publisher":{"@id":"https:\/\/repliquemangacine.fr\/#organization"},"potentialAction":[{"@type":"SearchAction","target":{"@type":"EntryPoint","urlTemplate":"https:\/\/repliquemangacine.fr\/?s={search_term_string}"},"query-input":{"@type":"PropertyValueSpecification","valueRequired":true,"valueName":"search_term_string"}}],"inLanguage":"de"},{"@type":"Organization","@id":"https:\/\/repliquemangacine.fr\/#organization","name":"R\u00e9plique Manga Cin\u00e9","url":"https:\/\/repliquemangacine.fr\/","logo":{"@type":"ImageObject","inLanguage":"de","@id":"https:\/\/repliquemangacine.fr\/#\/schema\/logo\/image\/","url":"https:\/\/repliquemangacine.fr\/wp-content\/uploads\/2023\/10\/RMC-500250.png","contentUrl":"https:\/\/repliquemangacine.fr\/wp-content\/uploads\/2023\/10\/RMC-500250.png","width":500,"height":250,"caption":"R\u00e9plique Manga Cin\u00e9"},"image":{"@id":"https:\/\/repliquemangacine.fr\/#\/schema\/logo\/image\/"},"sameAs":["https:\/\/www.facebook.com\/RepliqueMangaCine","https:\/\/www.instagram.com\/repliquemangacine.fr\/"]}]}},"_links":{"self":[{"href":"https:\/\/repliquemangacine.fr\/de\/wp-json\/wp\/v2\/product\/81442","targetHints":{"allow":["GET"]}}],"collection":[{"href":"https:\/\/repliquemangacine.fr\/de\/wp-json\/wp\/v2\/product"}],"about":[{"href":"https:\/\/repliquemangacine.fr\/de\/wp-json\/wp\/v2\/types\/product"}],"wp:featuredmedia":[{"embeddable":true,"href":"https:\/\/repliquemangacine.fr\/de\/wp-json\/wp\/v2\/media\/81443"}],"wp:attachment":[{"href":"https:\/\/repliquemangacine.fr\/de\/wp-json\/wp\/v2\/media?parent=81442"}],"wp:term":[{"taxonomy":"product_brand","embeddable":true,"href":"https:\/\/repliquemangacine.fr\/de\/wp-json\/wp\/v2\/product_brand?post=81442"},{"taxonomy":"product_cat","embeddable":true,"href":"https:\/\/repliquemangacine.fr\/de\/wp-json\/wp\/v2\/product_cat?post=81442"},{"taxonomy":"product_tag","embeddable":true,"href":"https:\/\/repliquemangacine.fr\/de\/wp-json\/wp\/v2\/product_tag?post=81442"}],"curies":[{"name":"wp","href":"https:\/\/api.w.org\/{rel}","templated":true}]}}