





{"id":81436,"date":"2025-01-21T19:39:31","date_gmt":"2025-01-21T18:39:31","guid":{"rendered":"https:\/\/repliquemangacine.fr\/?post_type=product&#038;p=81436"},"modified":"2025-11-13T14:36:44","modified_gmt":"2025-11-13T13:36:44","slug":"katana-enma-led-leuchtet-one-piece","status":"publish","type":"product","link":"https:\/\/repliquemangacine.fr\/de\/katana-lumineux-one-piece\/katana-enma-lumineux-leds-one-piece\/","title":{"rendered":"Katana Enma Leuchtend (Leds) - One-Piece"},"content":{"rendered":"<h2>Helle Katana Enma - Zoros legend\u00e4res Schwert endlich erh\u00e4ltlich<\/h2>\n<p>Entdecken Sie zu Beginn das leuchtende Katana Enma, die mythische Waffe von Roronoa Zoro in <a href=\"https:\/\/onepiece.fandom.com\/fr\/wiki\/One_Piece_Encyclop%C3%A9die\" target=\"_blank\" rel=\"noopener noreferrer\">One Piece<\/a>, jetzt als au\u00dfergew\u00f6hnliche Replik erh\u00e4ltlich. Dieses Schwert, das bekannterma\u00dfen Kozuki Oden geh\u00f6rte, ist eines der m\u00e4chtigsten, die Zoro je gef\u00fchrt hat. Seine Metallklinge mit Verzierungen auf der Oberseite und sein unterer Teil aus dickem ABS mit integrierten LEDs verleihen ihm einen beeindruckenden Leuchteffekt. Perfekt f\u00fcr Sammler und Cosplay-Fans. Mit dem diskreten, benutzerfreundlichen Ein-\/Aus-Schalter l\u00e4sst sich die Beleuchtung im Handumdrehen aktivieren.<\/p>\n<p>Der einzigartig geformte Metallgriff und der lackierte und verzierte Griff sorgen f\u00fcr ein authentisches Aussehen der furchterregenden Waffe des Schwertk\u00e4mpfers. Die violett lackierte Holzscheide mit goldenen Verzierungen verleiht dieser au\u00dfergew\u00f6hnlichen Replik einen Hauch von Prestige. Dieses Katana ist ein Muss f\u00fcr jeden One Piece-Fan, der ein einzigartiges St\u00fcck besitzen m\u00f6chte, das vom legend\u00e4ren Manga inspiriert ist.<\/p>\n<h2>Ein au\u00dfergew\u00f6hnliches Schwert mit originalgetreuem und immersivem Design<\/h2>\n<p>Das leuchtende Katana Enma zeichnet sich durch seine beeindruckende \u00c4sthetik und sein sorgf\u00e4ltiges Design aus. Seine 67 cm lange Klinge weist Details auf, die dem Manga treu bleiben. Das integrierte LED-Beleuchtungssystem unterstreicht jede Kurve des Schwertes. Die abnehmbare Griffkappe, in die zwei AAA-Batterien (nicht im Lieferumfang enthalten) eingelegt werden k\u00f6nnen, gew\u00e4hrleistet eine einfache und schnelle Installation. Dabei bleibt das Design vollst\u00e4ndig erhalten. Es ist zu betonen, dass dies eine Premiere in der Welt der Katanas ist.<\/p>\n<p>Dieses Katana wurde f\u00fcr anspruchsvolle Fans entwickelt und eignet sich ideal als Dekoration, f\u00fcr Cosplay oder Inszenierungen. Die violett lackierte Holzscheide mit goldenen Verzierungen erinnert an die mystische und \u00fcberm\u00e4chtige Aura von Enma, einer Klinge, die ihrem Tr\u00e4ger Energie entziehen kann. Es vereint hochwertige Verarbeitung, robuste Materialien und eine erstklassige Verarbeitung. Dieses leuchtende Katana ist ein unverzichtbares Sammlerst\u00fcck f\u00fcr Fans von One Piece und Liebhaber legend\u00e4rer Waffen.<\/p>\n<h2>Vervollst\u00e4ndige deine Sammlung mit den anderen legend\u00e4ren Schwertern von Zoro<\/h2>\n<p>Wenn das leuchtende Enma Katana ein Juwel der Authentizit\u00e4t ist, warum vervollst\u00e4ndigen Sie Ihre Sammlung nicht mit den anderen mythischen Schwertern von Roronoa Zoro? Finden Sie n\u00e4mlich das <a href=\"https:\/\/repliquemangacine.fr\/de\/leuchtendes-katana-one-piece\/katana-ichimonji-leuchtend-one-piece\/\">katana leds Wado Ichimonji<\/a>Das wei\u00dfe Schwert, das er zwischen den Z\u00e4hnen h\u00e4lt, ist ein Symbol f\u00fcr seinen Schwur gegen\u00fcber Kuina. Tauchen Sie anschlie\u00dfend in die Legende ein mit <a href=\"https:\/\/repliquemangacine.fr\/de\/katana-one-piece\/katana-shusui-leuchtet-one-piece\/\">Shusui, die verfluchte Klinge<\/a>ein furchterregendes schwarzes Schwert, das dem legend\u00e4ren Samurai Ryuma geh\u00f6rte. Sp\u00fcren Sie die Macht des <a href=\"https:\/\/repliquemangacine.fr\/de\/leuchtendes-katana\/katana-sandai-kitetsu-led-leuchtet-one-piece\/\">Sandai Kitetsu<\/a>, eine d\u00e4monische Klinge, die f\u00fcr ihre Blutgier bekannt ist.<\/p>\n<p>Auf unserer Website bieten wir Ihnen eine umfassende Kollektion an leuchtenden Katanas, die von One Piece inspiriert sind. Jedes einzelne wurde aus hochwertigen Materialien und mit viel Liebe zum Detail hergestellt. Ob Sie nun Sammler oder Fan von ultrarealistischem Cosplay sind, diese Schwerter sind perfekt, um Ihre Welt zu bereichern und den Geist des gr\u00f6\u00dften Schwertk\u00e4mpfers der Meere voll und ganz zu verk\u00f6rpern. Lassen Sie sich diese einzigartigen Repliken nicht entgehen und r\u00fcsten Sie sich wie der zuk\u00fcnftige K\u00f6nig der Schwerter!<\/p>","protected":false},"excerpt":{"rendered":"<p>Wundersch\u00f6ne Replik des Enma Katana in leuchtender Version (Leds) in One Piece<\/p>\n<ul>\n<li>Oben Metallklinge mit Verzierungen, unten dickes ABS mit Leds im Inneren.<\/li>\n<li>Unauff\u00e4lliger und sehr leicht zu bedienender Ein-\/Ausschalter<\/li>\n<li>Speziell geformter Metallschutz<\/li>\n<li>Dekorierter und lackierter Griff<\/li>\n<li>Die Spitze des Griffs l\u00e4sst sich abtrennen, um zwei AAA-Batterien einzulegen (nicht im Lieferumfang enthalten).<\/li>\n<li>Scheide aus violett lackiertem Holz mit Ornamenten.<\/li>\n<li>L\u00e4nge der Klinge: 67 cm - Gesamtl\u00e4nge: 103 cm -.<\/li>\n<li>Gewicht: 1040 gr (mit Scheide)<\/li>\n<\/ul>","protected":false},"featured_media":81437,"template":"","meta":[],"product_brand":[896],"product_cat":[868,871,36],"product_tag":[],"class_list":{"0":"post-81436","1":"product","2":"type-product","3":"status-publish","4":"has-post-thumbnail","6":"product_brand-replique-manga-cine","7":"product_cat-katana-lumineux","8":"product_cat-katana-lumineux-one-piece","9":"product_cat-katana-one-piece","11":"first","12":"instock","13":"sale","14":"taxable","15":"shipping-taxable","16":"purchasable","17":"product-type-simple"},"yoast_head":"<!-- This site is optimized with the Yoast SEO plugin v27.5 - https:\/\/yoast.com\/product\/yoast-seo-wordpress\/ -->\n<title>Katana Enma Lumineux (Leds) - One-Piece - R\u00e9plique Manga Cin\u00e9<\/title>\n<meta name=\"description\" content=\"Exceptionnelle ! Ce Katana Enma Lumineux (Leds) dans One Piece. Lame acier et ABS contenant les Leds. Bouton marche\/arr\u00eat. Fourreau laqu\u00e9 violet. 103 cm\" \/>\n<meta name=\"robots\" content=\"index, follow, max-snippet:-1, max-image-preview:large, max-video-preview:-1\" \/>\n<link rel=\"canonical\" href=\"https:\/\/repliquemangacine.fr\/de\/leuchtendes-katana-one-piece\/katana-enma-led-leuchtet-one-piece\/\" \/>\n<meta property=\"og:locale\" content=\"de_DE\" \/>\n<meta property=\"og:type\" content=\"article\" \/>\n<meta property=\"og:title\" content=\"Katana Enma Lumineux (Leds) - One-Piece - R\u00e9plique Manga Cin\u00e9\" \/>\n<meta property=\"og:description\" content=\"Exceptionnelle ! Ce Katana Enma Lumineux (Leds) dans One Piece. Lame acier et ABS contenant les Leds. Bouton marche\/arr\u00eat. Fourreau laqu\u00e9 violet. 103 cm\" \/>\n<meta property=\"og:url\" content=\"https:\/\/repliquemangacine.fr\/de\/leuchtendes-katana-one-piece\/katana-enma-led-leuchtet-one-piece\/\" \/>\n<meta property=\"og:site_name\" content=\"R\u00e9plique Manga Cin\u00e9\" \/>\n<meta property=\"article:publisher\" content=\"https:\/\/www.facebook.com\/RepliqueMangaCine\" \/>\n<meta property=\"article:modified_time\" content=\"2025-11-13T13:36:44+00:00\" \/>\n<meta property=\"og:image\" content=\"https:\/\/repliquemangacine.fr\/wp-content\/uploads\/2025\/01\/Katana-Enma-Lumineux-One-Piece.jpg\" \/>\n\t<meta property=\"og:image:width\" content=\"500\" \/>\n\t<meta property=\"og:image:height\" content=\"500\" \/>\n\t<meta property=\"og:image:type\" content=\"image\/jpeg\" \/>\n<meta name=\"twitter:card\" content=\"summary_large_image\" \/>\n<meta name=\"twitter:label1\" content=\"Gesch\u00e4tzte Lesezeit\" \/>\n\t<meta name=\"twitter:data1\" content=\"3\u00a0Minuten\" \/>\n<script type=\"application\/ld+json\" class=\"yoast-schema-graph\">{\"@context\":\"https:\\\/\\\/schema.org\",\"@graph\":[{\"@type\":\"WebPage\",\"@id\":\"https:\\\/\\\/repliquemangacine.fr\\\/katana-lumineux-one-piece\\\/katana-enma-lumineux-leds-one-piece\\\/\",\"url\":\"https:\\\/\\\/repliquemangacine.fr\\\/katana-lumineux-one-piece\\\/katana-enma-lumineux-leds-one-piece\\\/\",\"name\":\"Katana Enma Lumineux (Leds) - One-Piece - R\u00e9plique Manga Cin\u00e9\",\"isPartOf\":{\"@id\":\"https:\\\/\\\/repliquemangacine.fr\\\/#website\"},\"primaryImageOfPage\":{\"@id\":\"https:\\\/\\\/repliquemangacine.fr\\\/katana-lumineux-one-piece\\\/katana-enma-lumineux-leds-one-piece\\\/#primaryimage\"},\"image\":{\"@id\":\"https:\\\/\\\/repliquemangacine.fr\\\/katana-lumineux-one-piece\\\/katana-enma-lumineux-leds-one-piece\\\/#primaryimage\"},\"thumbnailUrl\":\"https:\\\/\\\/repliquemangacine.fr\\\/wp-content\\\/uploads\\\/2025\\\/01\\\/Katana-Enma-Lumineux-One-Piece.jpg\",\"datePublished\":\"2025-01-21T18:39:31+00:00\",\"dateModified\":\"2025-11-13T13:36:44+00:00\",\"description\":\"Exceptionnelle ! Ce Katana Enma Lumineux (Leds) dans One Piece. Lame acier et ABS contenant les Leds. Bouton marche\\\/arr\u00eat. Fourreau laqu\u00e9 violet. 103 cm\",\"breadcrumb\":{\"@id\":\"https:\\\/\\\/repliquemangacine.fr\\\/katana-lumineux-one-piece\\\/katana-enma-lumineux-leds-one-piece\\\/#breadcrumb\"},\"inLanguage\":\"de\",\"potentialAction\":[{\"@type\":\"ReadAction\",\"target\":[\"https:\\\/\\\/repliquemangacine.fr\\\/katana-lumineux-one-piece\\\/katana-enma-lumineux-leds-one-piece\\\/\"]}]},{\"@type\":\"ImageObject\",\"inLanguage\":\"de\",\"@id\":\"https:\\\/\\\/repliquemangacine.fr\\\/katana-lumineux-one-piece\\\/katana-enma-lumineux-leds-one-piece\\\/#primaryimage\",\"url\":\"https:\\\/\\\/repliquemangacine.fr\\\/wp-content\\\/uploads\\\/2025\\\/01\\\/Katana-Enma-Lumineux-One-Piece.jpg\",\"contentUrl\":\"https:\\\/\\\/repliquemangacine.fr\\\/wp-content\\\/uploads\\\/2025\\\/01\\\/Katana-Enma-Lumineux-One-Piece.jpg\",\"width\":500,\"height\":500,\"caption\":\"Katana Enma Lumineux One Piece\"},{\"@type\":\"BreadcrumbList\",\"@id\":\"https:\\\/\\\/repliquemangacine.fr\\\/katana-lumineux-one-piece\\\/katana-enma-lumineux-leds-one-piece\\\/#breadcrumb\",\"itemListElement\":[{\"@type\":\"ListItem\",\"position\":1,\"name\":\"Accueil\",\"item\":\"https:\\\/\\\/repliquemangacine.fr\\\/\"},{\"@type\":\"ListItem\",\"position\":2,\"name\":\"Produits\",\"item\":\"https:\\\/\\\/repliquemangacine.fr\\\/boutique\\\/\"},{\"@type\":\"ListItem\",\"position\":3,\"name\":\"Katana Enma Lumineux (Leds) &#8211; One-Piece\"}]},{\"@type\":\"WebSite\",\"@id\":\"https:\\\/\\\/repliquemangacine.fr\\\/#website\",\"url\":\"https:\\\/\\\/repliquemangacine.fr\\\/\",\"name\":\"R\u00e9plique Manga Cin\u00e9\",\"description\":\"\",\"publisher\":{\"@id\":\"https:\\\/\\\/repliquemangacine.fr\\\/#organization\"},\"potentialAction\":[{\"@type\":\"SearchAction\",\"target\":{\"@type\":\"EntryPoint\",\"urlTemplate\":\"https:\\\/\\\/repliquemangacine.fr\\\/?s={search_term_string}\"},\"query-input\":{\"@type\":\"PropertyValueSpecification\",\"valueRequired\":true,\"valueName\":\"search_term_string\"}}],\"inLanguage\":\"de\"},{\"@type\":\"Organization\",\"@id\":\"https:\\\/\\\/repliquemangacine.fr\\\/#organization\",\"name\":\"R\u00e9plique Manga Cin\u00e9\",\"url\":\"https:\\\/\\\/repliquemangacine.fr\\\/\",\"logo\":{\"@type\":\"ImageObject\",\"inLanguage\":\"de\",\"@id\":\"https:\\\/\\\/repliquemangacine.fr\\\/#\\\/schema\\\/logo\\\/image\\\/\",\"url\":\"https:\\\/\\\/repliquemangacine.fr\\\/wp-content\\\/uploads\\\/2023\\\/10\\\/RMC-500250.png\",\"contentUrl\":\"https:\\\/\\\/repliquemangacine.fr\\\/wp-content\\\/uploads\\\/2023\\\/10\\\/RMC-500250.png\",\"width\":500,\"height\":250,\"caption\":\"R\u00e9plique Manga Cin\u00e9\"},\"image\":{\"@id\":\"https:\\\/\\\/repliquemangacine.fr\\\/#\\\/schema\\\/logo\\\/image\\\/\"},\"sameAs\":[\"https:\\\/\\\/www.facebook.com\\\/RepliqueMangaCine\",\"https:\\\/\\\/www.instagram.com\\\/repliquemangacine.fr\\\/\"]}]}<\/script>\n<!-- \/ Yoast SEO plugin. -->","yoast_head_json":{"title":"Katana Enma Leuchtend (Leds) - One-Piece - R\u00e9plique Manga Cin\u00e9","description":"Au\u00dfergew\u00f6hnlich! Dieses Katana Enma Leuchtend (Leds) in One Piece. Klinge aus Stahl und ABS, die die Leds enth\u00e4lt. Knopf zum Ein- und Ausschalten. Violett lackierte Scheide. 103 cm","robots":{"index":"index","follow":"follow","max-snippet":"max-snippet:-1","max-image-preview":"max-image-preview:large","max-video-preview":"max-video-preview:-1"},"canonical":"https:\/\/repliquemangacine.fr\/de\/leuchtendes-katana-one-piece\/katana-enma-led-leuchtet-one-piece\/","og_locale":"de_DE","og_type":"article","og_title":"Katana Enma Lumineux (Leds) - One-Piece - R\u00e9plique Manga Cin\u00e9","og_description":"Exceptionnelle ! Ce Katana Enma Lumineux (Leds) dans One Piece. Lame acier et ABS contenant les Leds. Bouton marche\/arr\u00eat. Fourreau laqu\u00e9 violet. 103 cm","og_url":"https:\/\/repliquemangacine.fr\/de\/leuchtendes-katana-one-piece\/katana-enma-led-leuchtet-one-piece\/","og_site_name":"R\u00e9plique Manga Cin\u00e9","article_publisher":"https:\/\/www.facebook.com\/RepliqueMangaCine","article_modified_time":"2025-11-13T13:36:44+00:00","og_image":[{"width":500,"height":500,"url":"https:\/\/repliquemangacine.fr\/wp-content\/uploads\/2025\/01\/Katana-Enma-Lumineux-One-Piece.jpg","type":"image\/jpeg"}],"twitter_card":"summary_large_image","twitter_misc":{"Gesch\u00e4tzte Lesezeit":"3\u00a0Minuten"},"schema":{"@context":"https:\/\/schema.org","@graph":[{"@type":"WebPage","@id":"https:\/\/repliquemangacine.fr\/katana-lumineux-one-piece\/katana-enma-lumineux-leds-one-piece\/","url":"https:\/\/repliquemangacine.fr\/katana-lumineux-one-piece\/katana-enma-lumineux-leds-one-piece\/","name":"Katana Enma Leuchtend (Leds) - One-Piece - R\u00e9plique Manga Cin\u00e9","isPartOf":{"@id":"https:\/\/repliquemangacine.fr\/#website"},"primaryImageOfPage":{"@id":"https:\/\/repliquemangacine.fr\/katana-lumineux-one-piece\/katana-enma-lumineux-leds-one-piece\/#primaryimage"},"image":{"@id":"https:\/\/repliquemangacine.fr\/katana-lumineux-one-piece\/katana-enma-lumineux-leds-one-piece\/#primaryimage"},"thumbnailUrl":"https:\/\/repliquemangacine.fr\/wp-content\/uploads\/2025\/01\/Katana-Enma-Lumineux-One-Piece.jpg","datePublished":"2025-01-21T18:39:31+00:00","dateModified":"2025-11-13T13:36:44+00:00","description":"Au\u00dfergew\u00f6hnlich! Dieses Katana Enma Leuchtend (Leds) in One Piece. Klinge aus Stahl und ABS, die die Leds enth\u00e4lt. Knopf zum Ein- und Ausschalten. Violett lackierte Scheide. 103 cm","breadcrumb":{"@id":"https:\/\/repliquemangacine.fr\/katana-lumineux-one-piece\/katana-enma-lumineux-leds-one-piece\/#breadcrumb"},"inLanguage":"de","potentialAction":[{"@type":"ReadAction","target":["https:\/\/repliquemangacine.fr\/katana-lumineux-one-piece\/katana-enma-lumineux-leds-one-piece\/"]}]},{"@type":"ImageObject","inLanguage":"de","@id":"https:\/\/repliquemangacine.fr\/katana-lumineux-one-piece\/katana-enma-lumineux-leds-one-piece\/#primaryimage","url":"https:\/\/repliquemangacine.fr\/wp-content\/uploads\/2025\/01\/Katana-Enma-Lumineux-One-Piece.jpg","contentUrl":"https:\/\/repliquemangacine.fr\/wp-content\/uploads\/2025\/01\/Katana-Enma-Lumineux-One-Piece.jpg","width":500,"height":500,"caption":"Katana Enma Lumineux One Piece"},{"@type":"BreadcrumbList","@id":"https:\/\/repliquemangacine.fr\/katana-lumineux-one-piece\/katana-enma-lumineux-leds-one-piece\/#breadcrumb","itemListElement":[{"@type":"ListItem","position":1,"name":"Accueil","item":"https:\/\/repliquemangacine.fr\/"},{"@type":"ListItem","position":2,"name":"Produits","item":"https:\/\/repliquemangacine.fr\/boutique\/"},{"@type":"ListItem","position":3,"name":"Katana Enma Lumineux (Leds) &#8211; One-Piece"}]},{"@type":"WebSite","@id":"https:\/\/repliquemangacine.fr\/#website","url":"https:\/\/repliquemangacine.fr\/","name":"R\u00e9plique Manga Cin\u00e9","description":"","publisher":{"@id":"https:\/\/repliquemangacine.fr\/#organization"},"potentialAction":[{"@type":"SearchAction","target":{"@type":"EntryPoint","urlTemplate":"https:\/\/repliquemangacine.fr\/?s={search_term_string}"},"query-input":{"@type":"PropertyValueSpecification","valueRequired":true,"valueName":"search_term_string"}}],"inLanguage":"de"},{"@type":"Organization","@id":"https:\/\/repliquemangacine.fr\/#organization","name":"R\u00e9plique Manga Cin\u00e9","url":"https:\/\/repliquemangacine.fr\/","logo":{"@type":"ImageObject","inLanguage":"de","@id":"https:\/\/repliquemangacine.fr\/#\/schema\/logo\/image\/","url":"https:\/\/repliquemangacine.fr\/wp-content\/uploads\/2023\/10\/RMC-500250.png","contentUrl":"https:\/\/repliquemangacine.fr\/wp-content\/uploads\/2023\/10\/RMC-500250.png","width":500,"height":250,"caption":"R\u00e9plique Manga Cin\u00e9"},"image":{"@id":"https:\/\/repliquemangacine.fr\/#\/schema\/logo\/image\/"},"sameAs":["https:\/\/www.facebook.com\/RepliqueMangaCine","https:\/\/www.instagram.com\/repliquemangacine.fr\/"]}]}},"_links":{"self":[{"href":"https:\/\/repliquemangacine.fr\/de\/wp-json\/wp\/v2\/product\/81436","targetHints":{"allow":["GET"]}}],"collection":[{"href":"https:\/\/repliquemangacine.fr\/de\/wp-json\/wp\/v2\/product"}],"about":[{"href":"https:\/\/repliquemangacine.fr\/de\/wp-json\/wp\/v2\/types\/product"}],"wp:featuredmedia":[{"embeddable":true,"href":"https:\/\/repliquemangacine.fr\/de\/wp-json\/wp\/v2\/media\/81437"}],"wp:attachment":[{"href":"https:\/\/repliquemangacine.fr\/de\/wp-json\/wp\/v2\/media?parent=81436"}],"wp:term":[{"taxonomy":"product_brand","embeddable":true,"href":"https:\/\/repliquemangacine.fr\/de\/wp-json\/wp\/v2\/product_brand?post=81436"},{"taxonomy":"product_cat","embeddable":true,"href":"https:\/\/repliquemangacine.fr\/de\/wp-json\/wp\/v2\/product_cat?post=81436"},{"taxonomy":"product_tag","embeddable":true,"href":"https:\/\/repliquemangacine.fr\/de\/wp-json\/wp\/v2\/product_tag?post=81436"}],"curies":[{"name":"wp","href":"https:\/\/api.w.org\/{rel}","templated":true}]}}