





{"id":81430,"date":"2025-01-21T19:27:53","date_gmt":"2025-01-21T18:27:53","guid":{"rendered":"https:\/\/repliquemangacine.fr\/?post_type=product&#038;p=81430"},"modified":"2026-04-16T18:24:34","modified_gmt":"2026-04-16T16:24:34","slug":"katana-sandai-kitetsu-led-leuchtet-one-piece","status":"publish","type":"product","link":"https:\/\/repliquemangacine.fr\/de\/katana-lumineux\/katana-sandai-kitetsu-lumineux-leds-one-piece\/","title":{"rendered":"Katana Sandai Kitetsu Leuchtend (Leds) - One-Piece"},"content":{"rendered":"<h2>Katana Sanda\u00ef Kitetsu lumineux - Zoros verfluchtes Schwert endlich in Ihren H\u00e4nden<\/h2>\n<p>Entdecken Sie zun\u00e4chst das leuchtende Katana Sanda\u00ef Kitetsu, eine der gef\u00fcrchtetsten Klingen aus One Piece. Jetzt als originalgetreue und detailreiche Replik erh\u00e4ltlich. Dieses legend\u00e4re Schwert ist bekannt daf\u00fcr, verflucht und blutr\u00fcnstig zu sein. Es ist eines der drei Kitetsu, Klingen, die f\u00fcr ihre Kraft und Gef\u00e4hrlichkeit bekannt sind. Sein einzigartiges Design wird durch eine Metallklinge mit Verzierungen auf der Oberseite unterstrichen. Der untere Teil aus dickem ABS mit integrierten LEDs sorgt f\u00fcr einen beeindruckenden Lichteffekt. Dank des diskreten und benutzerfreundlichen Ein-\/Aus-Schalters l\u00e4sst sich die Beleuchtung ganz einfach aktivieren. Damit eignet sich diese Nachbildung perfekt f\u00fcr Cosplay und Sammler.<\/p>\n<p>Dieses Katana zeichnet sich durch seinen speziell geformten Metallgriff, seinen verzierten und geflochtenen Griff sowie seine rote Holzscheide mit schwarzen und goldenen Verzierungen aus, die die unheimliche Kraft dieser mythischen Klinge widerspiegeln. Mit einer Gesamtl\u00e4nge von 105 cm ist dieses Schwert ein echtes Sammlerst\u00fcck f\u00fcr alle Fans von One Piece und Liebhaber ikonischer Waffen aus Mangas.<\/p>\n<h2>Eine verfluchte Klinge mit fesselndem und immersivem Design<\/h2>\n<p>Das leuchtende Sandai Kitetsu Katana beeindruckt sowohl durch sein Design als auch durch seine Geschichte in One Piece. Diese Klinge, die daf\u00fcr bekannt ist, ihren Besitzern Ungl\u00fcck zu bringen, ein faszinierendes St\u00fcck und ein Muss f\u00fcr die Fans von <a href=\"https:\/\/onepiece.fandom.com\/fr\/wiki\/Roronoa_Zoro\" target=\"_blank\" rel=\"noopener noreferrer\">Zoro<\/a> und seinem Kampfstil mit drei Schwertern. Seine 72,5 cm lange Klinge mit charakteristischen Mustern wird noch eindrucksvoller, wenn sie dank der in die dicke ABS-Struktur integrierten LEDs leuchtet.<\/p>\n<p>Mit einem abnehmbaren Griffst\u00fcck, in das zwei AAA-Batterien (nicht im Lieferumfang enthalten) eingelegt werden k\u00f6nnen. Diese Nachbildung vereint Funktionalit\u00e4t und Treue zum Originaldesign des Mangas. Die rote Holzscheide mit schwarzen und goldenen Enden verleiht ihr einen Hauch von Authentizit\u00e4t. So wird ihre mystische und verfluchte Aura unterstrichen. Ob Sie nun Sammler, Cosplay-Fan oder einfach nur Liebhaber legend\u00e4rer Waffen sind. Dieses leuchtende Katana ist ein Muss, um Ihre Sammlung zu vervollst\u00e4ndigen und sich wie Zoro Ihrem Schicksal zu stellen.<\/p>\n<h2>Zoros gesamte Katana-Sammlung und noch viel mehr<\/h2>\n<p>Wenn Sie das leuchtende Katana Sanda\u00ef Kitetsu aufgrund seiner Geschichte und seines Designs anspricht, sollten Sie wissen, dass unsere Kollektion alle emblematischen Repliken aus One Piece umfasst. Finden Sie das <a href=\"https:\/\/repliquemangacine.fr\/de\/leuchtendes-katana-one-piece\/katana-wado-ichimonji-leuchtend-one-piece\/\">Katana Wado Ichimonji<\/a>Die edle und raffinierte wei\u00dfe Klinge, die Zoro zwischen seinen Z\u00e4hnen tr\u00e4gt. Und auch das verfluchte Schwert Shusui, das einst von dem legend\u00e4ren Samurai Ryuma gef\u00fchrt wurde. Verpassen Sie auch nicht den <a href=\"https:\/\/repliquemangacine.fr\/de\/leuchtendes-katana-one-piece\/katana-enma-led-leuchtet-one-piece\/\">Enma-Katana<\/a>, die zerst\u00f6rerische Waffe, die Kozuki Oden geh\u00f6rte und Zoro dazu brachte, seine Grenzen zu \u00fcberschreiten.<\/p>\n<p>Unser Shop bietet Ihnen eine gro\u00dfe Auswahl an One Piece-Katanas, darunter leuchtende Modelle mit LEDs, Versionen mit detaillierten Metallklingen sowie Holzschwerter, die sich ideal f\u00fcr Cosplay eignen. Jedes St\u00fcck wird mit au\u00dfergew\u00f6hnlicher Liebe zum Detail gefertigt, was Authentizit\u00e4t, Qualit\u00e4t und ein vollst\u00e4ndiges Eintauchen in die Welt des Mangas garantiert. W\u00e4hlen Sie Ihre Klinge und folgen Sie dem Weg des gr\u00f6\u00dften Schwertk\u00e4mpfers der Grand Line!<\/p>","protected":false},"excerpt":{"rendered":"<p>Wundersch\u00f6ne Replik des Katana Sandai Kitetsu in leuchtender Version (Leds) in One Piece<\/p>\n<ul>\n<li>Oben Metallklinge mit Verzierungen, unten dickes ABS mit Leds im Inneren.<br \/>\nUnauff\u00e4lliger und sehr leicht zu bedienender Ein-\/Ausschalter<br \/>\nSpeziell geformter Metallschutz<br \/>\nGriff mit rotem Baumwollgeflecht \u00fcberzogen<br \/>\nDie Spitze des Griffs l\u00e4sst sich abtrennen, um zwei AAA-Batterien einzulegen (nicht im Lieferumfang enthalten).<br \/>\nScheide aus bordeauxfarben lackiertem Holz mit Verzierungen.<br \/>\nKlingenl\u00e4nge: 67.5 cm - Gesamtl\u00e4nge: 104 cm - Gewicht: 1150 gr (mit Scheide)<\/li>.<\/li>\n<\/ul>","protected":false},"featured_media":81431,"template":"","meta":[],"product_brand":[896],"product_cat":[868,871,36],"product_tag":[],"class_list":{"0":"post-81430","1":"product","2":"type-product","3":"status-publish","4":"has-post-thumbnail","6":"product_brand-replique-manga-cine","7":"product_cat-katana-lumineux","8":"product_cat-katana-lumineux-one-piece","9":"product_cat-katana-one-piece","11":"first","12":"instock","13":"sale","14":"taxable","15":"shipping-taxable","16":"purchasable","17":"product-type-simple"},"yoast_head":"<!-- This site is optimized with the Yoast SEO plugin v27.5 - https:\/\/yoast.com\/product\/yoast-seo-wordpress\/ -->\n<title>Katana Sanda\u00ef Kitetsu Lumineux (Leds) - One-Piece - R\u00e9plique Manga Cin\u00e9<\/title>\n<meta name=\"description\" content=\"Exclusif ! D\u00e9couvrez ce Katana Sanda\u00ef Kitetsu Lumineux de One Piece. Lame en acier et ABS avec Leds \u00e0 l&#039;int\u00e9rieur. Bouton marche\/arr\u00eat. 104 cm\" \/>\n<meta name=\"robots\" content=\"index, follow, max-snippet:-1, max-image-preview:large, max-video-preview:-1\" \/>\n<link rel=\"canonical\" href=\"https:\/\/repliquemangacine.fr\/de\/leuchtendes-katana\/katana-sandai-kitetsu-led-leuchtet-one-piece\/\" \/>\n<meta property=\"og:locale\" content=\"de_DE\" \/>\n<meta property=\"og:type\" content=\"article\" \/>\n<meta property=\"og:title\" content=\"Katana Sanda\u00ef Kitetsu Lumineux (Leds) - One-Piece - R\u00e9plique Manga Cin\u00e9\" \/>\n<meta property=\"og:description\" content=\"Exclusif ! D\u00e9couvrez ce Katana Sanda\u00ef Kitetsu Lumineux de One Piece. Lame en acier et ABS avec Leds \u00e0 l&#039;int\u00e9rieur. Bouton marche\/arr\u00eat. 104 cm\" \/>\n<meta property=\"og:url\" content=\"https:\/\/repliquemangacine.fr\/de\/leuchtendes-katana\/katana-sandai-kitetsu-led-leuchtet-one-piece\/\" \/>\n<meta property=\"og:site_name\" content=\"R\u00e9plique Manga Cin\u00e9\" \/>\n<meta property=\"article:publisher\" content=\"https:\/\/www.facebook.com\/RepliqueMangaCine\" \/>\n<meta property=\"article:modified_time\" content=\"2026-04-16T16:24:34+00:00\" \/>\n<meta property=\"og:image\" content=\"https:\/\/repliquemangacine.fr\/wp-content\/uploads\/2025\/01\/Katana-Sandai-Kitetsu-Lumineux-One-Piece.jpg\" \/>\n\t<meta property=\"og:image:width\" content=\"500\" \/>\n\t<meta property=\"og:image:height\" content=\"500\" \/>\n\t<meta property=\"og:image:type\" content=\"image\/jpeg\" \/>\n<meta name=\"twitter:card\" content=\"summary_large_image\" \/>\n<meta name=\"twitter:label1\" content=\"Gesch\u00e4tzte Lesezeit\" \/>\n\t<meta name=\"twitter:data1\" content=\"3\u00a0Minuten\" \/>\n<script type=\"application\/ld+json\" class=\"yoast-schema-graph\">{\"@context\":\"https:\\\/\\\/schema.org\",\"@graph\":[{\"@type\":\"WebPage\",\"@id\":\"https:\\\/\\\/repliquemangacine.fr\\\/katana-lumineux\\\/katana-sandai-kitetsu-lumineux-leds-one-piece\\\/\",\"url\":\"https:\\\/\\\/repliquemangacine.fr\\\/katana-lumineux\\\/katana-sandai-kitetsu-lumineux-leds-one-piece\\\/\",\"name\":\"Katana Sanda\u00ef Kitetsu Lumineux (Leds) - One-Piece - R\u00e9plique Manga Cin\u00e9\",\"isPartOf\":{\"@id\":\"https:\\\/\\\/repliquemangacine.fr\\\/#website\"},\"primaryImageOfPage\":{\"@id\":\"https:\\\/\\\/repliquemangacine.fr\\\/katana-lumineux\\\/katana-sandai-kitetsu-lumineux-leds-one-piece\\\/#primaryimage\"},\"image\":{\"@id\":\"https:\\\/\\\/repliquemangacine.fr\\\/katana-lumineux\\\/katana-sandai-kitetsu-lumineux-leds-one-piece\\\/#primaryimage\"},\"thumbnailUrl\":\"https:\\\/\\\/repliquemangacine.fr\\\/wp-content\\\/uploads\\\/2025\\\/01\\\/Katana-Sandai-Kitetsu-Lumineux-One-Piece.jpg\",\"datePublished\":\"2025-01-21T18:27:53+00:00\",\"dateModified\":\"2026-04-16T16:24:34+00:00\",\"description\":\"Exclusif ! D\u00e9couvrez ce Katana Sanda\u00ef Kitetsu Lumineux de One Piece. Lame en acier et ABS avec Leds \u00e0 l'int\u00e9rieur. Bouton marche\\\/arr\u00eat. 104 cm\",\"breadcrumb\":{\"@id\":\"https:\\\/\\\/repliquemangacine.fr\\\/katana-lumineux\\\/katana-sandai-kitetsu-lumineux-leds-one-piece\\\/#breadcrumb\"},\"inLanguage\":\"de\",\"potentialAction\":[{\"@type\":\"ReadAction\",\"target\":[\"https:\\\/\\\/repliquemangacine.fr\\\/katana-lumineux\\\/katana-sandai-kitetsu-lumineux-leds-one-piece\\\/\"]}]},{\"@type\":\"ImageObject\",\"inLanguage\":\"de\",\"@id\":\"https:\\\/\\\/repliquemangacine.fr\\\/katana-lumineux\\\/katana-sandai-kitetsu-lumineux-leds-one-piece\\\/#primaryimage\",\"url\":\"https:\\\/\\\/repliquemangacine.fr\\\/wp-content\\\/uploads\\\/2025\\\/01\\\/Katana-Sandai-Kitetsu-Lumineux-One-Piece.jpg\",\"contentUrl\":\"https:\\\/\\\/repliquemangacine.fr\\\/wp-content\\\/uploads\\\/2025\\\/01\\\/Katana-Sandai-Kitetsu-Lumineux-One-Piece.jpg\",\"width\":500,\"height\":500,\"caption\":\"Katana Sanda\u00ef Kitetsu Lumineux One Pi\u00e8ce\"},{\"@type\":\"BreadcrumbList\",\"@id\":\"https:\\\/\\\/repliquemangacine.fr\\\/katana-lumineux\\\/katana-sandai-kitetsu-lumineux-leds-one-piece\\\/#breadcrumb\",\"itemListElement\":[{\"@type\":\"ListItem\",\"position\":1,\"name\":\"Accueil\",\"item\":\"https:\\\/\\\/repliquemangacine.fr\\\/\"},{\"@type\":\"ListItem\",\"position\":2,\"name\":\"Produits\",\"item\":\"https:\\\/\\\/repliquemangacine.fr\\\/boutique\\\/\"},{\"@type\":\"ListItem\",\"position\":3,\"name\":\"Katana Sanda\u00ef Kitetsu Lumineux (Leds) &#8211; One-Piece\"}]},{\"@type\":\"WebSite\",\"@id\":\"https:\\\/\\\/repliquemangacine.fr\\\/#website\",\"url\":\"https:\\\/\\\/repliquemangacine.fr\\\/\",\"name\":\"R\u00e9plique Manga Cin\u00e9\",\"description\":\"\",\"publisher\":{\"@id\":\"https:\\\/\\\/repliquemangacine.fr\\\/#organization\"},\"potentialAction\":[{\"@type\":\"SearchAction\",\"target\":{\"@type\":\"EntryPoint\",\"urlTemplate\":\"https:\\\/\\\/repliquemangacine.fr\\\/?s={search_term_string}\"},\"query-input\":{\"@type\":\"PropertyValueSpecification\",\"valueRequired\":true,\"valueName\":\"search_term_string\"}}],\"inLanguage\":\"de\"},{\"@type\":\"Organization\",\"@id\":\"https:\\\/\\\/repliquemangacine.fr\\\/#organization\",\"name\":\"R\u00e9plique Manga Cin\u00e9\",\"url\":\"https:\\\/\\\/repliquemangacine.fr\\\/\",\"logo\":{\"@type\":\"ImageObject\",\"inLanguage\":\"de\",\"@id\":\"https:\\\/\\\/repliquemangacine.fr\\\/#\\\/schema\\\/logo\\\/image\\\/\",\"url\":\"https:\\\/\\\/repliquemangacine.fr\\\/wp-content\\\/uploads\\\/2023\\\/10\\\/RMC-500250.png\",\"contentUrl\":\"https:\\\/\\\/repliquemangacine.fr\\\/wp-content\\\/uploads\\\/2023\\\/10\\\/RMC-500250.png\",\"width\":500,\"height\":250,\"caption\":\"R\u00e9plique Manga Cin\u00e9\"},\"image\":{\"@id\":\"https:\\\/\\\/repliquemangacine.fr\\\/#\\\/schema\\\/logo\\\/image\\\/\"},\"sameAs\":[\"https:\\\/\\\/www.facebook.com\\\/RepliqueMangaCine\",\"https:\\\/\\\/www.instagram.com\\\/repliquemangacine.fr\\\/\"]}]}<\/script>\n<!-- \/ Yoast SEO plugin. -->","yoast_head_json":{"title":"Katana Sandai Kitetsu Leuchtend (Leds) - One-Piece - R\u00e9plique Manga Cin\u00e9","description":"Exklusiv f\u00fcr Sie! Entdecken Sie dieses leuchtende Katana Sandai Kitetsu aus One Piece. Klinge aus Stahl und ABS mit Leds im Inneren. Knopf zum Ein- und Ausschalten. 104 cm","robots":{"index":"index","follow":"follow","max-snippet":"max-snippet:-1","max-image-preview":"max-image-preview:large","max-video-preview":"max-video-preview:-1"},"canonical":"https:\/\/repliquemangacine.fr\/de\/leuchtendes-katana\/katana-sandai-kitetsu-led-leuchtet-one-piece\/","og_locale":"de_DE","og_type":"article","og_title":"Katana Sanda\u00ef Kitetsu Lumineux (Leds) - One-Piece - R\u00e9plique Manga Cin\u00e9","og_description":"Exclusif ! D\u00e9couvrez ce Katana Sanda\u00ef Kitetsu Lumineux de One Piece. Lame en acier et ABS avec Leds \u00e0 l'int\u00e9rieur. Bouton marche\/arr\u00eat. 104 cm","og_url":"https:\/\/repliquemangacine.fr\/de\/leuchtendes-katana\/katana-sandai-kitetsu-led-leuchtet-one-piece\/","og_site_name":"R\u00e9plique Manga Cin\u00e9","article_publisher":"https:\/\/www.facebook.com\/RepliqueMangaCine","article_modified_time":"2026-04-16T16:24:34+00:00","og_image":[{"width":500,"height":500,"url":"https:\/\/repliquemangacine.fr\/wp-content\/uploads\/2025\/01\/Katana-Sandai-Kitetsu-Lumineux-One-Piece.jpg","type":"image\/jpeg"}],"twitter_card":"summary_large_image","twitter_misc":{"Gesch\u00e4tzte Lesezeit":"3\u00a0Minuten"},"schema":{"@context":"https:\/\/schema.org","@graph":[{"@type":"WebPage","@id":"https:\/\/repliquemangacine.fr\/katana-lumineux\/katana-sandai-kitetsu-lumineux-leds-one-piece\/","url":"https:\/\/repliquemangacine.fr\/katana-lumineux\/katana-sandai-kitetsu-lumineux-leds-one-piece\/","name":"Katana Sandai Kitetsu Leuchtend (Leds) - One-Piece - R\u00e9plique Manga Cin\u00e9","isPartOf":{"@id":"https:\/\/repliquemangacine.fr\/#website"},"primaryImageOfPage":{"@id":"https:\/\/repliquemangacine.fr\/katana-lumineux\/katana-sandai-kitetsu-lumineux-leds-one-piece\/#primaryimage"},"image":{"@id":"https:\/\/repliquemangacine.fr\/katana-lumineux\/katana-sandai-kitetsu-lumineux-leds-one-piece\/#primaryimage"},"thumbnailUrl":"https:\/\/repliquemangacine.fr\/wp-content\/uploads\/2025\/01\/Katana-Sandai-Kitetsu-Lumineux-One-Piece.jpg","datePublished":"2025-01-21T18:27:53+00:00","dateModified":"2026-04-16T16:24:34+00:00","description":"Exklusiv f\u00fcr Sie! Entdecken Sie dieses leuchtende Katana Sandai Kitetsu aus One Piece. Klinge aus Stahl und ABS mit Leds im Inneren. Knopf zum Ein- und Ausschalten. 104 cm","breadcrumb":{"@id":"https:\/\/repliquemangacine.fr\/katana-lumineux\/katana-sandai-kitetsu-lumineux-leds-one-piece\/#breadcrumb"},"inLanguage":"de","potentialAction":[{"@type":"ReadAction","target":["https:\/\/repliquemangacine.fr\/katana-lumineux\/katana-sandai-kitetsu-lumineux-leds-one-piece\/"]}]},{"@type":"ImageObject","inLanguage":"de","@id":"https:\/\/repliquemangacine.fr\/katana-lumineux\/katana-sandai-kitetsu-lumineux-leds-one-piece\/#primaryimage","url":"https:\/\/repliquemangacine.fr\/wp-content\/uploads\/2025\/01\/Katana-Sandai-Kitetsu-Lumineux-One-Piece.jpg","contentUrl":"https:\/\/repliquemangacine.fr\/wp-content\/uploads\/2025\/01\/Katana-Sandai-Kitetsu-Lumineux-One-Piece.jpg","width":500,"height":500,"caption":"Katana Sanda\u00ef Kitetsu Lumineux One Pi\u00e8ce"},{"@type":"BreadcrumbList","@id":"https:\/\/repliquemangacine.fr\/katana-lumineux\/katana-sandai-kitetsu-lumineux-leds-one-piece\/#breadcrumb","itemListElement":[{"@type":"ListItem","position":1,"name":"Accueil","item":"https:\/\/repliquemangacine.fr\/"},{"@type":"ListItem","position":2,"name":"Produits","item":"https:\/\/repliquemangacine.fr\/boutique\/"},{"@type":"ListItem","position":3,"name":"Katana Sanda\u00ef Kitetsu Lumineux (Leds) &#8211; One-Piece"}]},{"@type":"WebSite","@id":"https:\/\/repliquemangacine.fr\/#website","url":"https:\/\/repliquemangacine.fr\/","name":"R\u00e9plique Manga Cin\u00e9","description":"","publisher":{"@id":"https:\/\/repliquemangacine.fr\/#organization"},"potentialAction":[{"@type":"SearchAction","target":{"@type":"EntryPoint","urlTemplate":"https:\/\/repliquemangacine.fr\/?s={search_term_string}"},"query-input":{"@type":"PropertyValueSpecification","valueRequired":true,"valueName":"search_term_string"}}],"inLanguage":"de"},{"@type":"Organization","@id":"https:\/\/repliquemangacine.fr\/#organization","name":"R\u00e9plique Manga Cin\u00e9","url":"https:\/\/repliquemangacine.fr\/","logo":{"@type":"ImageObject","inLanguage":"de","@id":"https:\/\/repliquemangacine.fr\/#\/schema\/logo\/image\/","url":"https:\/\/repliquemangacine.fr\/wp-content\/uploads\/2023\/10\/RMC-500250.png","contentUrl":"https:\/\/repliquemangacine.fr\/wp-content\/uploads\/2023\/10\/RMC-500250.png","width":500,"height":250,"caption":"R\u00e9plique Manga Cin\u00e9"},"image":{"@id":"https:\/\/repliquemangacine.fr\/#\/schema\/logo\/image\/"},"sameAs":["https:\/\/www.facebook.com\/RepliqueMangaCine","https:\/\/www.instagram.com\/repliquemangacine.fr\/"]}]}},"_links":{"self":[{"href":"https:\/\/repliquemangacine.fr\/de\/wp-json\/wp\/v2\/product\/81430","targetHints":{"allow":["GET"]}}],"collection":[{"href":"https:\/\/repliquemangacine.fr\/de\/wp-json\/wp\/v2\/product"}],"about":[{"href":"https:\/\/repliquemangacine.fr\/de\/wp-json\/wp\/v2\/types\/product"}],"wp:featuredmedia":[{"embeddable":true,"href":"https:\/\/repliquemangacine.fr\/de\/wp-json\/wp\/v2\/media\/81431"}],"wp:attachment":[{"href":"https:\/\/repliquemangacine.fr\/de\/wp-json\/wp\/v2\/media?parent=81430"}],"wp:term":[{"taxonomy":"product_brand","embeddable":true,"href":"https:\/\/repliquemangacine.fr\/de\/wp-json\/wp\/v2\/product_brand?post=81430"},{"taxonomy":"product_cat","embeddable":true,"href":"https:\/\/repliquemangacine.fr\/de\/wp-json\/wp\/v2\/product_cat?post=81430"},{"taxonomy":"product_tag","embeddable":true,"href":"https:\/\/repliquemangacine.fr\/de\/wp-json\/wp\/v2\/product_tag?post=81430"}],"curies":[{"name":"wp","href":"https:\/\/api.w.org\/{rel}","templated":true}]}}