





{"id":81422,"date":"2025-01-21T19:12:35","date_gmt":"2025-01-21T18:12:35","guid":{"rendered":"https:\/\/repliquemangacine.fr\/?post_type=product&#038;p=81422"},"modified":"2026-03-08T11:37:38","modified_gmt":"2026-03-08T10:37:38","slug":"katana-wado-ichimonji-leuchtend-one-piece","status":"publish","type":"product","link":"https:\/\/repliquemangacine.fr\/de\/katana-lumineux-one-piece\/katana-wado-ichimonji-lumineux-one-piece\/","title":{"rendered":"Katana Wado Ichimonji Leuchtend (Leds)- One Piece"},"content":{"rendered":"<h2>Katana Wado Ichimonji lumineux - Zoros ikonisches Schwert endlich erh\u00e4ltlich<\/h2>\n<p>Zun\u00e4chst einmal das leuchtende Wado Ichimonji Katana, eine der ikonischsten Klingen von Roronoa Zoro in <a href=\"https:\/\/onepiece.fandom.com\/fr\/wiki\/One_Piece_Encyclop%C3%A9die\" target=\"_blank\" rel=\"noopener noreferrer\">One Piece<\/a>. Dieses hochwertige Schwert, das er von seiner Kindheitsfreundin Kuina geerbt hat, ist eine originalgetreue Nachbildung mit einem sorgf\u00e4ltigen Design und einer au\u00dfergew\u00f6hnlichen Verarbeitung. Die Metallklinge an der Oberseite und der untere Teil aus dickem ABS mit integrierten LEDs sorgen f\u00fcr einen beeindruckenden Lichteffekt. Perfekt f\u00fcr Sammler und Cosplayer. Mit dem unauff\u00e4lligen, sehr benutzerfreundlichen Ein-\/Aus-Schalter l\u00e4sst sich die Beleuchtung ganz einfach aktivieren.<\/p>\n<p>Der speziell geformte Metallgriff. Der mit wei\u00dfem Baumwollgeflecht umwickelte Griff. Die mit Goldverzierungen versehene wei\u00dfe Holzscheide unterstreicht das edle und elegante Design dieser legend\u00e4ren Klinge. Mit einer Gesamtl\u00e4nge von 105 cm und einem Gewicht von 1306 g inklusive Scheide. Dieses leuchtende Katana ist ein Muss f\u00fcr jeden One Piece-Fan.<\/p>\n<h2>Ein mythisches Schwert mit authentischem und leuchtendem Design<\/h2>\n<p>Das leuchtende Katana Wado Ichimonji ist ein Unikat, das dank seines integrierten LED-Systems Tradition und Moderne vereint. Seine 72,5 cm lange Klinge leuchtet und sorgt so f\u00fcr einen spektakul\u00e4ren Effekt bei Inszenierungen oder Ausstellungen. Die abnehmbare Griffkappe erm\u00f6glicht das Einlegen von zwei AAA-Batterien (nicht im Lieferumfang enthalten). So ist eine einfache und praktische Verwendung gew\u00e4hrleistet, ohne das authentische Design des Katana zu beeintr\u00e4chtigen.<\/p>\n<p>Dieses Schwert ist ideal f\u00fcr Fans von One Piece, egal ob Sammler oder Cosplayer. Seine wei\u00dfe Holzscheide mit goldenen Verzierungen spiegelt die Noblesse und Kraft von Zoros Katana wider, einem der 21 O Wazamono, den au\u00dfergew\u00f6hnlichen Schwertern aus dem Manga-Universum. Mit einer hochwertigen Verarbeitung, robusten Materialien und beeindruckendem Realismus. Diese Replik wird Ihre Sammlung bereichern und Sie mitten ins Abenteuer der Grand Line versetzen.<\/p>\n<h2>Eine komplette Sammlung von One Piece-Katanas f\u00fcr alle Liebhaber<\/h2>\n<p>Wenn Sie ein Fan von One Piece sind, sollten Sie sich unsere Sammlung von Katanas, die von der Welt des Mangas inspiriert sind, nicht entgehen lassen. Neben dem leuchtenden Katana Wado Ichimonji finden Sie hier auch andere legend\u00e4re Schwerter. Wie zum Beispiel das <a href=\"https:\/\/repliquemangacine.fr\/de\/leuchtendes-katana-one-piece\/katana-enma-led-leuchtet-one-piece\/\">leuchtendes Katana Enma<\/a>die m\u00e4chtige violette Klinge, sowie <a href=\"https:\/\/repliquemangacine.fr\/de\/katana-one-piece\/katana-shusui-leuchtet-one-piece\/\">Shusui, das verfluchte schwarze Schwert<\/a>. Au\u00dferdem gibt es das Sandai Kitetsu, ein verfluchtes Katana mit einer furchterregenden Klinge, sowie andere symboltr\u00e4chtige Waffen wie Yoru, das gigantische Schwert von Dracule Mihawk.<\/p>\n<p>Ob Sie nun eine Replik mit Metallklinge, ein Katana aus Holz f\u00fcr Cosplay oder ein leuchtendes Modell mit integrierten LEDs suchen, unsere Kollektion bietet Ihnen ein umfassendes Sortiment, das alle Liebhaber zufriedenstellt. Jedes St\u00fcck wird mit au\u00dfergew\u00f6hnlicher Liebe zum Detail hergestellt, wodurch Authentizit\u00e4t und Qualit\u00e4t garantiert sind. Schl\u00fcpfen Sie also in die Rolle des gr\u00f6\u00dften Schwertk\u00e4mpfers der Grand Line und w\u00e4hlen Sie jetzt Ihr Schwert aus!<\/p>","protected":false},"excerpt":{"rendered":"<p>Wundersch\u00f6ne Replik des Ichimonji-Katana in leuchtender Version (Leds) in One Piece<\/p>\n<ul>\n<li>Metallklinge oben, Unterseite aus dickem ABS mit Leds im Inneren.<\/li>\n<li>Unauff\u00e4lliger und sehr leicht zu bedienender Ein-\/Ausschalter<\/li>\n<li>Speziell geformter Metallschutz<\/li>\n<li>Griff mit wei\u00dfem Baumwollgeflecht \u00fcberzogen&amp;amp;amp;amp;amp;amp;amp;lt;\/li&gt;<\/li>\n<li>Die Spitze des Griffs l\u00e4sst sich abnehmen, um zwei AAA-Batterien einzulegen (nicht im Lieferumfang enthalten)<\/li><li>Scheide aus wei\u00dfem Holz und mit Goldverzierungen an den Enden.<\/li>\n<li>L\u00e4nge der Klinge: 72.5<\/li>\n<li>cm - Gesamtl\u00e4nge: 105 cm - Gewicht: 1306 g (mit Scheide)<\/li>\n<\/ul>","protected":false},"featured_media":81423,"template":"","meta":[],"product_brand":[896],"product_cat":[868,871,36],"product_tag":[],"class_list":{"0":"post-81422","1":"product","2":"type-product","3":"status-publish","4":"has-post-thumbnail","6":"product_brand-replique-manga-cine","7":"product_cat-katana-lumineux","8":"product_cat-katana-lumineux-one-piece","9":"product_cat-katana-one-piece","11":"first","12":"instock","13":"sale","14":"taxable","15":"shipping-taxable","16":"purchasable","17":"product-type-simple"},"yoast_head":"<!-- This site is optimized with the Yoast SEO plugin v27.5 - https:\/\/yoast.com\/product\/yoast-seo-wordpress\/ -->\n<title>Katana Wado Ichimonji Lumineux (Leds)- One Piece - R\u00e9plique Manga Cin\u00e9<\/title>\n<meta name=\"description\" content=\"En exclusivit\u00e9 ! Retrouvez le Katana Wado Ichimonji Lumineux dans One Piece. Bouton marche arr\u00eat. Lame en acier et ABS contenant les Leds. 105 cm\" \/>\n<meta name=\"robots\" content=\"index, follow, max-snippet:-1, max-image-preview:large, max-video-preview:-1\" \/>\n<link rel=\"canonical\" href=\"https:\/\/repliquemangacine.fr\/de\/leuchtendes-katana-one-piece\/katana-wado-ichimonji-leuchtend-one-piece\/\" \/>\n<meta property=\"og:locale\" content=\"de_DE\" \/>\n<meta property=\"og:type\" content=\"article\" \/>\n<meta property=\"og:title\" content=\"Katana Wado Ichimonji Lumineux (Leds)- One Piece - R\u00e9plique Manga Cin\u00e9\" \/>\n<meta property=\"og:description\" content=\"En exclusivit\u00e9 ! Retrouvez le Katana Wado Ichimonji Lumineux dans One Piece. Bouton marche arr\u00eat. Lame en acier et ABS contenant les Leds. 105 cm\" \/>\n<meta property=\"og:url\" content=\"https:\/\/repliquemangacine.fr\/de\/leuchtendes-katana-one-piece\/katana-wado-ichimonji-leuchtend-one-piece\/\" \/>\n<meta property=\"og:site_name\" content=\"R\u00e9plique Manga Cin\u00e9\" \/>\n<meta property=\"article:publisher\" content=\"https:\/\/www.facebook.com\/RepliqueMangaCine\" \/>\n<meta property=\"article:modified_time\" content=\"2026-03-08T10:37:38+00:00\" \/>\n<meta property=\"og:image\" content=\"https:\/\/repliquemangacine.fr\/wp-content\/uploads\/2025\/01\/Katana-Ichimonji-Lumineux-One-Piece.jpg\" \/>\n\t<meta property=\"og:image:width\" content=\"500\" \/>\n\t<meta property=\"og:image:height\" content=\"500\" \/>\n\t<meta property=\"og:image:type\" content=\"image\/jpeg\" \/>\n<meta name=\"twitter:card\" content=\"summary_large_image\" \/>\n<meta name=\"twitter:label1\" content=\"Gesch\u00e4tzte Lesezeit\" \/>\n\t<meta name=\"twitter:data1\" content=\"3\u00a0Minuten\" \/>\n<script type=\"application\/ld+json\" class=\"yoast-schema-graph\">{\"@context\":\"https:\\\/\\\/schema.org\",\"@graph\":[{\"@type\":\"WebPage\",\"@id\":\"https:\\\/\\\/repliquemangacine.fr\\\/katana-lumineux-one-piece\\\/katana-wado-ichimonji-lumineux-one-piece\\\/\",\"url\":\"https:\\\/\\\/repliquemangacine.fr\\\/katana-lumineux-one-piece\\\/katana-wado-ichimonji-lumineux-one-piece\\\/\",\"name\":\"Katana Wado Ichimonji Lumineux (Leds)- One Piece - R\u00e9plique Manga Cin\u00e9\",\"isPartOf\":{\"@id\":\"https:\\\/\\\/repliquemangacine.fr\\\/#website\"},\"primaryImageOfPage\":{\"@id\":\"https:\\\/\\\/repliquemangacine.fr\\\/katana-lumineux-one-piece\\\/katana-wado-ichimonji-lumineux-one-piece\\\/#primaryimage\"},\"image\":{\"@id\":\"https:\\\/\\\/repliquemangacine.fr\\\/katana-lumineux-one-piece\\\/katana-wado-ichimonji-lumineux-one-piece\\\/#primaryimage\"},\"thumbnailUrl\":\"https:\\\/\\\/repliquemangacine.fr\\\/wp-content\\\/uploads\\\/2025\\\/01\\\/Katana-Ichimonji-Lumineux-One-Piece.jpg\",\"datePublished\":\"2025-01-21T18:12:35+00:00\",\"dateModified\":\"2026-03-08T10:37:38+00:00\",\"description\":\"En exclusivit\u00e9 ! Retrouvez le Katana Wado Ichimonji Lumineux dans One Piece. Bouton marche arr\u00eat. Lame en acier et ABS contenant les Leds. 105 cm\",\"breadcrumb\":{\"@id\":\"https:\\\/\\\/repliquemangacine.fr\\\/katana-lumineux-one-piece\\\/katana-wado-ichimonji-lumineux-one-piece\\\/#breadcrumb\"},\"inLanguage\":\"de\",\"potentialAction\":[{\"@type\":\"ReadAction\",\"target\":[\"https:\\\/\\\/repliquemangacine.fr\\\/katana-lumineux-one-piece\\\/katana-wado-ichimonji-lumineux-one-piece\\\/\"]}]},{\"@type\":\"ImageObject\",\"inLanguage\":\"de\",\"@id\":\"https:\\\/\\\/repliquemangacine.fr\\\/katana-lumineux-one-piece\\\/katana-wado-ichimonji-lumineux-one-piece\\\/#primaryimage\",\"url\":\"https:\\\/\\\/repliquemangacine.fr\\\/wp-content\\\/uploads\\\/2025\\\/01\\\/Katana-Ichimonji-Lumineux-One-Piece.jpg\",\"contentUrl\":\"https:\\\/\\\/repliquemangacine.fr\\\/wp-content\\\/uploads\\\/2025\\\/01\\\/Katana-Ichimonji-Lumineux-One-Piece.jpg\",\"width\":500,\"height\":500,\"caption\":\"Katana Ichimonji Lumineux One Piece\"},{\"@type\":\"BreadcrumbList\",\"@id\":\"https:\\\/\\\/repliquemangacine.fr\\\/katana-lumineux-one-piece\\\/katana-wado-ichimonji-lumineux-one-piece\\\/#breadcrumb\",\"itemListElement\":[{\"@type\":\"ListItem\",\"position\":1,\"name\":\"Accueil\",\"item\":\"https:\\\/\\\/repliquemangacine.fr\\\/\"},{\"@type\":\"ListItem\",\"position\":2,\"name\":\"Produits\",\"item\":\"https:\\\/\\\/repliquemangacine.fr\\\/boutique\\\/\"},{\"@type\":\"ListItem\",\"position\":3,\"name\":\"Katana Wado Ichimonji Lumineux (Leds)- One Piece\"}]},{\"@type\":\"WebSite\",\"@id\":\"https:\\\/\\\/repliquemangacine.fr\\\/#website\",\"url\":\"https:\\\/\\\/repliquemangacine.fr\\\/\",\"name\":\"R\u00e9plique Manga Cin\u00e9\",\"description\":\"\",\"publisher\":{\"@id\":\"https:\\\/\\\/repliquemangacine.fr\\\/#organization\"},\"potentialAction\":[{\"@type\":\"SearchAction\",\"target\":{\"@type\":\"EntryPoint\",\"urlTemplate\":\"https:\\\/\\\/repliquemangacine.fr\\\/?s={search_term_string}\"},\"query-input\":{\"@type\":\"PropertyValueSpecification\",\"valueRequired\":true,\"valueName\":\"search_term_string\"}}],\"inLanguage\":\"de\"},{\"@type\":\"Organization\",\"@id\":\"https:\\\/\\\/repliquemangacine.fr\\\/#organization\",\"name\":\"R\u00e9plique Manga Cin\u00e9\",\"url\":\"https:\\\/\\\/repliquemangacine.fr\\\/\",\"logo\":{\"@type\":\"ImageObject\",\"inLanguage\":\"de\",\"@id\":\"https:\\\/\\\/repliquemangacine.fr\\\/#\\\/schema\\\/logo\\\/image\\\/\",\"url\":\"https:\\\/\\\/repliquemangacine.fr\\\/wp-content\\\/uploads\\\/2023\\\/10\\\/RMC-500250.png\",\"contentUrl\":\"https:\\\/\\\/repliquemangacine.fr\\\/wp-content\\\/uploads\\\/2023\\\/10\\\/RMC-500250.png\",\"width\":500,\"height\":250,\"caption\":\"R\u00e9plique Manga Cin\u00e9\"},\"image\":{\"@id\":\"https:\\\/\\\/repliquemangacine.fr\\\/#\\\/schema\\\/logo\\\/image\\\/\"},\"sameAs\":[\"https:\\\/\\\/www.facebook.com\\\/RepliqueMangaCine\",\"https:\\\/\\\/www.instagram.com\\\/repliquemangacine.fr\\\/\"]}]}<\/script>\n<!-- \/ Yoast SEO plugin. -->","yoast_head_json":{"title":"Katana Wado Ichimonji Leuchtend (Leds)- One Piece - R\u00e9plique Manga Cin\u00e9","description":"Jetzt exklusiv erh\u00e4ltlich! Finden Sie das Katana Wado Ichimonji Leuchtend in One Piece. Mit Knopf zum An- und Ausschalten. Klinge aus Stahl und ABS, die die Leds enth\u00e4lt. 105 cm","robots":{"index":"index","follow":"follow","max-snippet":"max-snippet:-1","max-image-preview":"max-image-preview:large","max-video-preview":"max-video-preview:-1"},"canonical":"https:\/\/repliquemangacine.fr\/de\/leuchtendes-katana-one-piece\/katana-wado-ichimonji-leuchtend-one-piece\/","og_locale":"de_DE","og_type":"article","og_title":"Katana Wado Ichimonji Lumineux (Leds)- One Piece - R\u00e9plique Manga Cin\u00e9","og_description":"En exclusivit\u00e9 ! Retrouvez le Katana Wado Ichimonji Lumineux dans One Piece. Bouton marche arr\u00eat. Lame en acier et ABS contenant les Leds. 105 cm","og_url":"https:\/\/repliquemangacine.fr\/de\/leuchtendes-katana-one-piece\/katana-wado-ichimonji-leuchtend-one-piece\/","og_site_name":"R\u00e9plique Manga Cin\u00e9","article_publisher":"https:\/\/www.facebook.com\/RepliqueMangaCine","article_modified_time":"2026-03-08T10:37:38+00:00","og_image":[{"width":500,"height":500,"url":"https:\/\/repliquemangacine.fr\/wp-content\/uploads\/2025\/01\/Katana-Ichimonji-Lumineux-One-Piece.jpg","type":"image\/jpeg"}],"twitter_card":"summary_large_image","twitter_misc":{"Gesch\u00e4tzte Lesezeit":"3\u00a0Minuten"},"schema":{"@context":"https:\/\/schema.org","@graph":[{"@type":"WebPage","@id":"https:\/\/repliquemangacine.fr\/katana-lumineux-one-piece\/katana-wado-ichimonji-lumineux-one-piece\/","url":"https:\/\/repliquemangacine.fr\/katana-lumineux-one-piece\/katana-wado-ichimonji-lumineux-one-piece\/","name":"Katana Wado Ichimonji Leuchtend (Leds)- One Piece - R\u00e9plique Manga Cin\u00e9","isPartOf":{"@id":"https:\/\/repliquemangacine.fr\/#website"},"primaryImageOfPage":{"@id":"https:\/\/repliquemangacine.fr\/katana-lumineux-one-piece\/katana-wado-ichimonji-lumineux-one-piece\/#primaryimage"},"image":{"@id":"https:\/\/repliquemangacine.fr\/katana-lumineux-one-piece\/katana-wado-ichimonji-lumineux-one-piece\/#primaryimage"},"thumbnailUrl":"https:\/\/repliquemangacine.fr\/wp-content\/uploads\/2025\/01\/Katana-Ichimonji-Lumineux-One-Piece.jpg","datePublished":"2025-01-21T18:12:35+00:00","dateModified":"2026-03-08T10:37:38+00:00","description":"Jetzt exklusiv erh\u00e4ltlich! Finden Sie das Katana Wado Ichimonji Leuchtend in One Piece. Mit Knopf zum An- und Ausschalten. Klinge aus Stahl und ABS, die die Leds enth\u00e4lt. 105 cm","breadcrumb":{"@id":"https:\/\/repliquemangacine.fr\/katana-lumineux-one-piece\/katana-wado-ichimonji-lumineux-one-piece\/#breadcrumb"},"inLanguage":"de","potentialAction":[{"@type":"ReadAction","target":["https:\/\/repliquemangacine.fr\/katana-lumineux-one-piece\/katana-wado-ichimonji-lumineux-one-piece\/"]}]},{"@type":"ImageObject","inLanguage":"de","@id":"https:\/\/repliquemangacine.fr\/katana-lumineux-one-piece\/katana-wado-ichimonji-lumineux-one-piece\/#primaryimage","url":"https:\/\/repliquemangacine.fr\/wp-content\/uploads\/2025\/01\/Katana-Ichimonji-Lumineux-One-Piece.jpg","contentUrl":"https:\/\/repliquemangacine.fr\/wp-content\/uploads\/2025\/01\/Katana-Ichimonji-Lumineux-One-Piece.jpg","width":500,"height":500,"caption":"Katana Ichimonji Lumineux One Piece"},{"@type":"BreadcrumbList","@id":"https:\/\/repliquemangacine.fr\/katana-lumineux-one-piece\/katana-wado-ichimonji-lumineux-one-piece\/#breadcrumb","itemListElement":[{"@type":"ListItem","position":1,"name":"Accueil","item":"https:\/\/repliquemangacine.fr\/"},{"@type":"ListItem","position":2,"name":"Produits","item":"https:\/\/repliquemangacine.fr\/boutique\/"},{"@type":"ListItem","position":3,"name":"Katana Wado Ichimonji Lumineux (Leds)- One Piece"}]},{"@type":"WebSite","@id":"https:\/\/repliquemangacine.fr\/#website","url":"https:\/\/repliquemangacine.fr\/","name":"R\u00e9plique Manga Cin\u00e9","description":"","publisher":{"@id":"https:\/\/repliquemangacine.fr\/#organization"},"potentialAction":[{"@type":"SearchAction","target":{"@type":"EntryPoint","urlTemplate":"https:\/\/repliquemangacine.fr\/?s={search_term_string}"},"query-input":{"@type":"PropertyValueSpecification","valueRequired":true,"valueName":"search_term_string"}}],"inLanguage":"de"},{"@type":"Organization","@id":"https:\/\/repliquemangacine.fr\/#organization","name":"R\u00e9plique Manga Cin\u00e9","url":"https:\/\/repliquemangacine.fr\/","logo":{"@type":"ImageObject","inLanguage":"de","@id":"https:\/\/repliquemangacine.fr\/#\/schema\/logo\/image\/","url":"https:\/\/repliquemangacine.fr\/wp-content\/uploads\/2023\/10\/RMC-500250.png","contentUrl":"https:\/\/repliquemangacine.fr\/wp-content\/uploads\/2023\/10\/RMC-500250.png","width":500,"height":250,"caption":"R\u00e9plique Manga Cin\u00e9"},"image":{"@id":"https:\/\/repliquemangacine.fr\/#\/schema\/logo\/image\/"},"sameAs":["https:\/\/www.facebook.com\/RepliqueMangaCine","https:\/\/www.instagram.com\/repliquemangacine.fr\/"]}]}},"_links":{"self":[{"href":"https:\/\/repliquemangacine.fr\/de\/wp-json\/wp\/v2\/product\/81422","targetHints":{"allow":["GET"]}}],"collection":[{"href":"https:\/\/repliquemangacine.fr\/de\/wp-json\/wp\/v2\/product"}],"about":[{"href":"https:\/\/repliquemangacine.fr\/de\/wp-json\/wp\/v2\/types\/product"}],"wp:featuredmedia":[{"embeddable":true,"href":"https:\/\/repliquemangacine.fr\/de\/wp-json\/wp\/v2\/media\/81423"}],"wp:attachment":[{"href":"https:\/\/repliquemangacine.fr\/de\/wp-json\/wp\/v2\/media?parent=81422"}],"wp:term":[{"taxonomy":"product_brand","embeddable":true,"href":"https:\/\/repliquemangacine.fr\/de\/wp-json\/wp\/v2\/product_brand?post=81422"},{"taxonomy":"product_cat","embeddable":true,"href":"https:\/\/repliquemangacine.fr\/de\/wp-json\/wp\/v2\/product_cat?post=81422"},{"taxonomy":"product_tag","embeddable":true,"href":"https:\/\/repliquemangacine.fr\/de\/wp-json\/wp\/v2\/product_tag?post=81422"}],"curies":[{"name":"wp","href":"https:\/\/api.w.org\/{rel}","templated":true}]}}