





{"id":81413,"date":"2025-01-21T19:00:16","date_gmt":"2025-01-21T18:00:16","guid":{"rendered":"https:\/\/repliquemangacine.fr\/?post_type=product&#038;p=81413"},"modified":"2026-03-31T19:53:57","modified_gmt":"2026-03-31T17:53:57","slug":"katana-shusui-leuchtet-one-piece","status":"publish","type":"product","link":"https:\/\/repliquemangacine.fr\/de\/katana-one-piece\/katana-shusui-lumineux-one-piece\/","title":{"rendered":"Katana Shusui Leuchtend (Leds)- One Piece"},"content":{"rendered":"<h2>Katana Shusui lumineux - Die verfluchte Klinge des legend\u00e4ren Samurai<\/h2>\n<p>Entdecken Sie zun\u00e4chst das leuchtende Katana Shusui, eine beeindruckende Nachbildung der mythischen Klinge von Roronoa Zoro aus One Piece. Fr\u00fcher wurde es vom ber\u00fchmten Samurai Ryuma gef\u00fchrt. Dieses schwarze Schwert gilt als Nationalschatz des Landes Wano. Au\u00dferdem ist es eine der m\u00e4chtigsten Klingen, die Zoro jemals gef\u00fchrt hat. Die Klinge aus Metall ist auf der Oberseite fein verziert und mit einem unteren Teil aus dickem ABS mit integrierten rosa LEDs kombiniert. So bietet sie einen spektakul\u00e4ren visuellen Effekt, wenn sie beleuchtet ist. Der diskrete Ein-\/Aus-Schalter ist einfach zu bedienen. So l\u00e4sst sich die Beleuchtung ganz einfach aktivieren und verst\u00e4rkt die mystische und imposante Aura dieses legend\u00e4ren Schwertes.<\/p>\n<p>Mit seinem markanten Metallschutz, seinem mit schwarzem Baumwollgeflecht umwickelten Griff und seiner wundersch\u00f6n verzierten, schwarz lackierten Scheide. Dieses Katana ist ein au\u00dfergew\u00f6hnliches St\u00fcck f\u00fcr Sammler und Fans von One Piece. Mit einer Gesamtl\u00e4nge von 104 cm und einem ausgewogenen Gewicht von 1160 g vereint diese Replik \u00c4sthetik, Qualit\u00e4t und Originaltreue, sodass Sie vollst\u00e4ndig in die Welt der Schwertk\u00e4mpfer von Grand Line eintauchen k\u00f6nnen.<\/p>\n<h2>Ein mythisches Katana mit beeindruckendem und immersivem Design<\/h2>\n<p>Das leuchtende Katana Shusui zeichnet sich nicht nur durch seine Geschichte aus, sondern auch durch sein pr\u00e4chtiges Design und seine hochwertige Verarbeitung. Der rosa LED-Effekt, der in den unteren Teil der Klinge aus dickem ABS integriert ist, verleiht ihm eine mystische und \u00fcbernat\u00fcrliche Dimension. Dies erinnert \u00fcbrigens an die einsch\u00fcchternde Ausstrahlung dieses schwarzen Schwertes. Die 67 cm lange, sorgf\u00e4ltig verzierte Klinge spiegelt perfekt die \u00c4sthetik von Shusui in One Piece wider. Damit eignet sich diese Replik ideal f\u00fcr Cosplay, Ausstellungen oder epische Inszenierungen.<\/p>\n<p>Dank seines abnehmbaren Griffst\u00fccks, in das zwei AAA-Batterien (nicht im Lieferumfang enthalten) eingesetzt werden k\u00f6nnen, verbindet dieses Katana Authentizit\u00e4t und Modernit\u00e4t f\u00fcr ein eindringliches Erlebnis. Seine schwarz lackierte, verzierte Scheide verleiht dieser ohnehin schon beeindruckenden Waffe einen Hauch von Eleganz und Prestige. Ob Sie nun Sammler oder One Piece-Fan sind, diese verfluchte Klinge wird Ihre Sammlung bereichern und Sie in die Welt der gr\u00f6\u00dften Samurai des Landes Wano eintauchen lassen.<\/p>\n<h2>Eine komplette Sammlung von leuchtenden und klassischen Katanas, die von One Piece inspiriert wurden.<\/h2>\n<p>Wenn Sie das leuchtende Katana von Shusui fasziniert, werden Sie sich \u00fcber unser gesamtes Sortiment an originalgetreuen Repliken der Waffen von <a href=\"https:\/\/onepiece.fandom.com\/fr\/wiki\/Roronoa_Zoro\" target=\"_blank\" rel=\"noopener noreferrer\">Roronoa Zoro<\/a> und anderen legend\u00e4ren Schwertk\u00e4mpfern. Finden Sie das leuchtende Katana Enma, die legend\u00e4re Klinge, die Zoro dazu zwang, seine Grenzen zu \u00fcberschreiten. Au\u00dferdem gibt es das <a href=\"https:\/\/repliquemangacine.fr\/de\/leuchtendes-katana\/katana-sandai-kitetsu-led-leuchtet-one-piece\/\">Sandai Kitetsu<\/a>, dem verfluchten Schwert, das f\u00fcr sein unberechenbares Temperament bekannt ist. Nicht zu vergessen das Wado Ichimonji, sein charakteristisches wei\u00dfes Katana, das er zwischen den Z\u00e4hnen h\u00e4lt und das ein Verm\u00e4chtnis seines Schwurs an Kuina ist.<\/p>\n<p>Unsere Kollektion umfasst auch Metallversionen f\u00fcr Puristen, Holzmodelle f\u00fcr Cosplayer sowie <a href=\"https:\/\/repliquemangacine.fr\/de\/leuchtendes-katana\/\">leuchtende Katanas<\/a> die mit LEDs ausgestattet sind, um Sie ganz in die Welt einzutauchen. Jedes Teil wurde mit au\u00dfergew\u00f6hnlicher Liebe zum Detail entworfen und gew\u00e4hrleistet Qualit\u00e4t, Realismus und Robustheit. Schlie\u00dfen Sie sich der Elite der Schwertk\u00e4mpfer der Grand Line an und w\u00e4hlen Sie jetzt Ihr Katana aus!<\/p>","protected":false},"excerpt":{"rendered":"<p>Wundersch\u00f6ne Replik des Shusui-Katanas in leuchtender Version (Leds) in One Piece<\/p>\n<ul>\n<li>Die Klinge ist oben mit Metall verziert, der untere Teil besteht aus dickem ABS mit rosafarbenen Leds im Inneren.<\/li>\n<li>Unauff\u00e4lliger und sehr leicht zu bedienender Ein-\/Ausschalter<\/li>\n<li>Speziell geformter Metallschutz<\/li>\n<li>Griff mit schwarzem Baumwollgeflecht \u00fcberzogen<\/li>\n<li>Die Spitze des Griffs l\u00e4sst sich abtrennen, um zwei AAA-Batterien einzulegen (nicht im Lieferumfang enthalten).<\/li>\n<li>Schwarz lackierte und verzierte Scheide.<\/li>\n<li>L\u00e4nge der Klinge: 67 cm - Gesamtl\u00e4nge: 104 cm - Gewicht: 1160 g<\/li>\n<\/ul>","protected":false},"featured_media":81414,"template":"","meta":[],"product_brand":[896],"product_cat":[868,871,36],"product_tag":[],"class_list":{"0":"post-81413","1":"product","2":"type-product","3":"status-publish","4":"has-post-thumbnail","6":"product_brand-replique-manga-cine","7":"product_cat-katana-lumineux","8":"product_cat-katana-lumineux-one-piece","9":"product_cat-katana-one-piece","11":"first","12":"instock","13":"sale","14":"taxable","15":"shipping-taxable","16":"purchasable","17":"product-type-simple"},"yoast_head":"<!-- This site is optimized with the Yoast SEO plugin v27.5 - https:\/\/yoast.com\/product\/yoast-seo-wordpress\/ -->\n<title>Katana Shusui Lumineux (Leds)- One Piece - R\u00e9plique Manga Cin\u00e9<\/title>\n<meta name=\"description\" content=\"Exclusivit\u00e9 ! Katana Shusui Lumineux dans One piece. Bouton marche\/arr\u00eat. Lame en acier et en ABS contenant les LEDS. Fourreau Laqu\u00e9 d\u00e9cor\u00e9. 104 cm\" \/>\n<meta name=\"robots\" content=\"index, follow, max-snippet:-1, max-image-preview:large, max-video-preview:-1\" \/>\n<link rel=\"canonical\" href=\"https:\/\/repliquemangacine.fr\/de\/katana-one-piece\/katana-shusui-leuchtet-one-piece\/\" \/>\n<meta property=\"og:locale\" content=\"de_DE\" \/>\n<meta property=\"og:type\" content=\"article\" \/>\n<meta property=\"og:title\" content=\"Katana Shusui Lumineux (Leds)- One Piece - R\u00e9plique Manga Cin\u00e9\" \/>\n<meta property=\"og:description\" content=\"Exclusivit\u00e9 ! Katana Shusui Lumineux dans One piece. Bouton marche\/arr\u00eat. Lame en acier et en ABS contenant les LEDS. Fourreau Laqu\u00e9 d\u00e9cor\u00e9. 104 cm\" \/>\n<meta property=\"og:url\" content=\"https:\/\/repliquemangacine.fr\/de\/katana-one-piece\/katana-shusui-leuchtet-one-piece\/\" \/>\n<meta property=\"og:site_name\" content=\"R\u00e9plique Manga Cin\u00e9\" \/>\n<meta property=\"article:publisher\" content=\"https:\/\/www.facebook.com\/RepliqueMangaCine\" \/>\n<meta property=\"article:modified_time\" content=\"2026-03-31T17:53:57+00:00\" \/>\n<meta property=\"og:image\" content=\"https:\/\/repliquemangacine.fr\/wp-content\/uploads\/2025\/01\/Katana-Shusui-Lumineux-One-Piece.jpg\" \/>\n\t<meta property=\"og:image:width\" content=\"500\" \/>\n\t<meta property=\"og:image:height\" content=\"500\" \/>\n\t<meta property=\"og:image:type\" content=\"image\/jpeg\" \/>\n<meta name=\"twitter:card\" content=\"summary_large_image\" \/>\n<meta name=\"twitter:label1\" content=\"Gesch\u00e4tzte Lesezeit\" \/>\n\t<meta name=\"twitter:data1\" content=\"3\u00a0Minuten\" \/>\n<script type=\"application\/ld+json\" class=\"yoast-schema-graph\">{\"@context\":\"https:\\\/\\\/schema.org\",\"@graph\":[{\"@type\":\"WebPage\",\"@id\":\"https:\\\/\\\/repliquemangacine.fr\\\/katana-one-piece\\\/katana-shusui-lumineux-one-piece\\\/\",\"url\":\"https:\\\/\\\/repliquemangacine.fr\\\/katana-one-piece\\\/katana-shusui-lumineux-one-piece\\\/\",\"name\":\"Katana Shusui Lumineux (Leds)- One Piece - R\u00e9plique Manga Cin\u00e9\",\"isPartOf\":{\"@id\":\"https:\\\/\\\/repliquemangacine.fr\\\/#website\"},\"primaryImageOfPage\":{\"@id\":\"https:\\\/\\\/repliquemangacine.fr\\\/katana-one-piece\\\/katana-shusui-lumineux-one-piece\\\/#primaryimage\"},\"image\":{\"@id\":\"https:\\\/\\\/repliquemangacine.fr\\\/katana-one-piece\\\/katana-shusui-lumineux-one-piece\\\/#primaryimage\"},\"thumbnailUrl\":\"https:\\\/\\\/repliquemangacine.fr\\\/wp-content\\\/uploads\\\/2025\\\/01\\\/Katana-Shusui-Lumineux-One-Piece.jpg\",\"datePublished\":\"2025-01-21T18:00:16+00:00\",\"dateModified\":\"2026-03-31T17:53:57+00:00\",\"description\":\"Exclusivit\u00e9 ! Katana Shusui Lumineux dans One piece. Bouton marche\\\/arr\u00eat. Lame en acier et en ABS contenant les LEDS. Fourreau Laqu\u00e9 d\u00e9cor\u00e9. 104 cm\",\"breadcrumb\":{\"@id\":\"https:\\\/\\\/repliquemangacine.fr\\\/katana-one-piece\\\/katana-shusui-lumineux-one-piece\\\/#breadcrumb\"},\"inLanguage\":\"de\",\"potentialAction\":[{\"@type\":\"ReadAction\",\"target\":[\"https:\\\/\\\/repliquemangacine.fr\\\/katana-one-piece\\\/katana-shusui-lumineux-one-piece\\\/\"]}]},{\"@type\":\"ImageObject\",\"inLanguage\":\"de\",\"@id\":\"https:\\\/\\\/repliquemangacine.fr\\\/katana-one-piece\\\/katana-shusui-lumineux-one-piece\\\/#primaryimage\",\"url\":\"https:\\\/\\\/repliquemangacine.fr\\\/wp-content\\\/uploads\\\/2025\\\/01\\\/Katana-Shusui-Lumineux-One-Piece.jpg\",\"contentUrl\":\"https:\\\/\\\/repliquemangacine.fr\\\/wp-content\\\/uploads\\\/2025\\\/01\\\/Katana-Shusui-Lumineux-One-Piece.jpg\",\"width\":500,\"height\":500,\"caption\":\"Katana Shusui Lumineux One Piece\"},{\"@type\":\"BreadcrumbList\",\"@id\":\"https:\\\/\\\/repliquemangacine.fr\\\/katana-one-piece\\\/katana-shusui-lumineux-one-piece\\\/#breadcrumb\",\"itemListElement\":[{\"@type\":\"ListItem\",\"position\":1,\"name\":\"Accueil\",\"item\":\"https:\\\/\\\/repliquemangacine.fr\\\/\"},{\"@type\":\"ListItem\",\"position\":2,\"name\":\"Produits\",\"item\":\"https:\\\/\\\/repliquemangacine.fr\\\/boutique\\\/\"},{\"@type\":\"ListItem\",\"position\":3,\"name\":\"Katana Shusui Lumineux (Leds)- One Piece\"}]},{\"@type\":\"WebSite\",\"@id\":\"https:\\\/\\\/repliquemangacine.fr\\\/#website\",\"url\":\"https:\\\/\\\/repliquemangacine.fr\\\/\",\"name\":\"R\u00e9plique Manga Cin\u00e9\",\"description\":\"\",\"publisher\":{\"@id\":\"https:\\\/\\\/repliquemangacine.fr\\\/#organization\"},\"potentialAction\":[{\"@type\":\"SearchAction\",\"target\":{\"@type\":\"EntryPoint\",\"urlTemplate\":\"https:\\\/\\\/repliquemangacine.fr\\\/?s={search_term_string}\"},\"query-input\":{\"@type\":\"PropertyValueSpecification\",\"valueRequired\":true,\"valueName\":\"search_term_string\"}}],\"inLanguage\":\"de\"},{\"@type\":\"Organization\",\"@id\":\"https:\\\/\\\/repliquemangacine.fr\\\/#organization\",\"name\":\"R\u00e9plique Manga Cin\u00e9\",\"url\":\"https:\\\/\\\/repliquemangacine.fr\\\/\",\"logo\":{\"@type\":\"ImageObject\",\"inLanguage\":\"de\",\"@id\":\"https:\\\/\\\/repliquemangacine.fr\\\/#\\\/schema\\\/logo\\\/image\\\/\",\"url\":\"https:\\\/\\\/repliquemangacine.fr\\\/wp-content\\\/uploads\\\/2023\\\/10\\\/RMC-500250.png\",\"contentUrl\":\"https:\\\/\\\/repliquemangacine.fr\\\/wp-content\\\/uploads\\\/2023\\\/10\\\/RMC-500250.png\",\"width\":500,\"height\":250,\"caption\":\"R\u00e9plique Manga Cin\u00e9\"},\"image\":{\"@id\":\"https:\\\/\\\/repliquemangacine.fr\\\/#\\\/schema\\\/logo\\\/image\\\/\"},\"sameAs\":[\"https:\\\/\\\/www.facebook.com\\\/RepliqueMangaCine\",\"https:\\\/\\\/www.instagram.com\\\/repliquemangacine.fr\\\/\"]}]}<\/script>\n<!-- \/ Yoast SEO plugin. -->","yoast_head_json":{"title":"Katana Shusui Leuchtend (Leds)- One Piece - R\u00e9plique Manga Cin\u00e9","description":"Exklusiv f\u00fcr Sie! Katana Shusui Leuchtend in One piece. Knopf zum Ein- und Ausschalten. Klinge aus Stahl und ABS, die die LEDs enth\u00e4lt. Scheide Dekorierte Lackierung. 104 cm","robots":{"index":"index","follow":"follow","max-snippet":"max-snippet:-1","max-image-preview":"max-image-preview:large","max-video-preview":"max-video-preview:-1"},"canonical":"https:\/\/repliquemangacine.fr\/de\/katana-one-piece\/katana-shusui-leuchtet-one-piece\/","og_locale":"de_DE","og_type":"article","og_title":"Katana Shusui Lumineux (Leds)- One Piece - R\u00e9plique Manga Cin\u00e9","og_description":"Exclusivit\u00e9 ! Katana Shusui Lumineux dans One piece. Bouton marche\/arr\u00eat. Lame en acier et en ABS contenant les LEDS. Fourreau Laqu\u00e9 d\u00e9cor\u00e9. 104 cm","og_url":"https:\/\/repliquemangacine.fr\/de\/katana-one-piece\/katana-shusui-leuchtet-one-piece\/","og_site_name":"R\u00e9plique Manga Cin\u00e9","article_publisher":"https:\/\/www.facebook.com\/RepliqueMangaCine","article_modified_time":"2026-03-31T17:53:57+00:00","og_image":[{"width":500,"height":500,"url":"https:\/\/repliquemangacine.fr\/wp-content\/uploads\/2025\/01\/Katana-Shusui-Lumineux-One-Piece.jpg","type":"image\/jpeg"}],"twitter_card":"summary_large_image","twitter_misc":{"Gesch\u00e4tzte Lesezeit":"3\u00a0Minuten"},"schema":{"@context":"https:\/\/schema.org","@graph":[{"@type":"WebPage","@id":"https:\/\/repliquemangacine.fr\/katana-one-piece\/katana-shusui-lumineux-one-piece\/","url":"https:\/\/repliquemangacine.fr\/katana-one-piece\/katana-shusui-lumineux-one-piece\/","name":"Katana Shusui Leuchtend (Leds)- One Piece - R\u00e9plique Manga Cin\u00e9","isPartOf":{"@id":"https:\/\/repliquemangacine.fr\/#website"},"primaryImageOfPage":{"@id":"https:\/\/repliquemangacine.fr\/katana-one-piece\/katana-shusui-lumineux-one-piece\/#primaryimage"},"image":{"@id":"https:\/\/repliquemangacine.fr\/katana-one-piece\/katana-shusui-lumineux-one-piece\/#primaryimage"},"thumbnailUrl":"https:\/\/repliquemangacine.fr\/wp-content\/uploads\/2025\/01\/Katana-Shusui-Lumineux-One-Piece.jpg","datePublished":"2025-01-21T18:00:16+00:00","dateModified":"2026-03-31T17:53:57+00:00","description":"Exklusiv f\u00fcr Sie! Katana Shusui Leuchtend in One piece. Knopf zum Ein- und Ausschalten. Klinge aus Stahl und ABS, die die LEDs enth\u00e4lt. Scheide Dekorierte Lackierung. 104 cm","breadcrumb":{"@id":"https:\/\/repliquemangacine.fr\/katana-one-piece\/katana-shusui-lumineux-one-piece\/#breadcrumb"},"inLanguage":"de","potentialAction":[{"@type":"ReadAction","target":["https:\/\/repliquemangacine.fr\/katana-one-piece\/katana-shusui-lumineux-one-piece\/"]}]},{"@type":"ImageObject","inLanguage":"de","@id":"https:\/\/repliquemangacine.fr\/katana-one-piece\/katana-shusui-lumineux-one-piece\/#primaryimage","url":"https:\/\/repliquemangacine.fr\/wp-content\/uploads\/2025\/01\/Katana-Shusui-Lumineux-One-Piece.jpg","contentUrl":"https:\/\/repliquemangacine.fr\/wp-content\/uploads\/2025\/01\/Katana-Shusui-Lumineux-One-Piece.jpg","width":500,"height":500,"caption":"Katana Shusui Lumineux One Piece"},{"@type":"BreadcrumbList","@id":"https:\/\/repliquemangacine.fr\/katana-one-piece\/katana-shusui-lumineux-one-piece\/#breadcrumb","itemListElement":[{"@type":"ListItem","position":1,"name":"Accueil","item":"https:\/\/repliquemangacine.fr\/"},{"@type":"ListItem","position":2,"name":"Produits","item":"https:\/\/repliquemangacine.fr\/boutique\/"},{"@type":"ListItem","position":3,"name":"Katana Shusui Lumineux (Leds)- One Piece"}]},{"@type":"WebSite","@id":"https:\/\/repliquemangacine.fr\/#website","url":"https:\/\/repliquemangacine.fr\/","name":"R\u00e9plique Manga Cin\u00e9","description":"","publisher":{"@id":"https:\/\/repliquemangacine.fr\/#organization"},"potentialAction":[{"@type":"SearchAction","target":{"@type":"EntryPoint","urlTemplate":"https:\/\/repliquemangacine.fr\/?s={search_term_string}"},"query-input":{"@type":"PropertyValueSpecification","valueRequired":true,"valueName":"search_term_string"}}],"inLanguage":"de"},{"@type":"Organization","@id":"https:\/\/repliquemangacine.fr\/#organization","name":"R\u00e9plique Manga Cin\u00e9","url":"https:\/\/repliquemangacine.fr\/","logo":{"@type":"ImageObject","inLanguage":"de","@id":"https:\/\/repliquemangacine.fr\/#\/schema\/logo\/image\/","url":"https:\/\/repliquemangacine.fr\/wp-content\/uploads\/2023\/10\/RMC-500250.png","contentUrl":"https:\/\/repliquemangacine.fr\/wp-content\/uploads\/2023\/10\/RMC-500250.png","width":500,"height":250,"caption":"R\u00e9plique Manga Cin\u00e9"},"image":{"@id":"https:\/\/repliquemangacine.fr\/#\/schema\/logo\/image\/"},"sameAs":["https:\/\/www.facebook.com\/RepliqueMangaCine","https:\/\/www.instagram.com\/repliquemangacine.fr\/"]}]}},"_links":{"self":[{"href":"https:\/\/repliquemangacine.fr\/de\/wp-json\/wp\/v2\/product\/81413","targetHints":{"allow":["GET"]}}],"collection":[{"href":"https:\/\/repliquemangacine.fr\/de\/wp-json\/wp\/v2\/product"}],"about":[{"href":"https:\/\/repliquemangacine.fr\/de\/wp-json\/wp\/v2\/types\/product"}],"wp:featuredmedia":[{"embeddable":true,"href":"https:\/\/repliquemangacine.fr\/de\/wp-json\/wp\/v2\/media\/81414"}],"wp:attachment":[{"href":"https:\/\/repliquemangacine.fr\/de\/wp-json\/wp\/v2\/media?parent=81413"}],"wp:term":[{"taxonomy":"product_brand","embeddable":true,"href":"https:\/\/repliquemangacine.fr\/de\/wp-json\/wp\/v2\/product_brand?post=81413"},{"taxonomy":"product_cat","embeddable":true,"href":"https:\/\/repliquemangacine.fr\/de\/wp-json\/wp\/v2\/product_cat?post=81413"},{"taxonomy":"product_tag","embeddable":true,"href":"https:\/\/repliquemangacine.fr\/de\/wp-json\/wp\/v2\/product_tag?post=81413"}],"curies":[{"name":"wp","href":"https:\/\/api.w.org\/{rel}","templated":true}]}}