





{"id":81327,"date":"2025-01-18T19:21:33","date_gmt":"2025-01-18T18:21:33","guid":{"rendered":"https:\/\/repliquemangacine.fr\/?post_type=product&#038;p=81327"},"modified":"2025-11-13T14:44:42","modified_gmt":"2025-11-13T13:44:42","slug":"schwert-prinzessin-zelda-twilight-princess-die-legende-von-zelda","status":"publish","type":"product","link":"https:\/\/repliquemangacine.fr\/de\/epee-zelda\/epee-princesse-zelda-twilight-princess-la-legende-de-zelda\/","title":{"rendered":"Prinzessin Zelda-Schwert - Twilight Princess"},"content":{"rendered":"<h2>Das Schwert von Prinzessin Zelda - Eine majest\u00e4tische und raffinierte Replik<\/h2>\n<p>Entdecken Sie als Erstes das Schwert der Prinzessin Zelda, eine pr\u00e4chtige Replik, die vom legend\u00e4ren Spiel The Legend of Zelda: Twilight Princess inspiriert wurde. Diese elegante Klinge verk\u00f6rpert perfekt den Adel und die Macht der Herrscherin von Zelda.<a href=\"https:\/\/zelda.fandom.com\/fr\/wiki\/Hyrule_(Breath_of_the_Wild)\" target=\"_blank\" rel=\"noopener noreferrer\">Hyrule<\/a>. Das macht dieses Schwert zu einem Muss f\u00fcr Sammler und Liebhaber des Zelda-Universums. Vollst\u00e4ndig aus Glasfaser hergestellt. Es bietet ein perfektes Gleichgewicht zwischen Leichtigkeit, St\u00e4rke und Realismus und garantiert einen angenehmen Griff und eine au\u00dfergew\u00f6hnliche Haltbarkeit.<\/p>\n<p>Mit einer Klingenl\u00e4nge von 85 cm und einer Gesamtl\u00e4nge von 116 cm besticht diese Replik durch ihr k\u00f6nigliches Aussehen und ihre sorgf\u00e4ltige Verarbeitung. Ob Sie es nun ausstellen, Ihre Sammlung erweitern oder es bei Ihren Cosplays von Prinzessin Zelda oder einem Ritter von Hyrule tragen m\u00f6chten. Dieses Schwert wird Sie sofort in die magische Welt der Saga entf\u00fchren. Dank seines geringen Gewichts von 715 g ist es ebenso handlich wie beeindruckend - ideal, um Ihren Abenteuern Leben einzuhauchen.<\/p>\n<h2>Durchdachtes Design und hochwertige Materialien<\/h2>\n<p>Das Schwert von Prinzessin Zelda ist mehr als nur eine einfache Replik. Es ist das Ergebnis sorgf\u00e4ltiger Arbeit, um die Anmut und Erhabenheit der legend\u00e4ren Waffe einzufangen. Das aus Fiberglas gefertigte Schwert bietet eine bemerkenswerte St\u00e4rke und ist gleichzeitig leicht, was es zu einem \u00e4sthetischen und praktischen Schwert macht. Sein raffiniertes Design, das vom Spiel Twilight Princess inspiriert wurde, erinnert perfekt an die k\u00f6nigliche Aura von Zelda und das Erbe des Triforce.<\/p>\n<p>Die Details der Klinge sind fein nachgebildet und lassen Fans des Franchise voll und ganz in die Welt eintauchen. Egal, ob Sie Ihre Sammlung schm\u00fccken, ein Cosplay-Kost\u00fcm tragen oder einfach nur ein au\u00dfergew\u00f6hnliches Objekt besitzen m\u00f6chten, diese Replik wird Liebhaber des Zelda-Universums und Fans von Fantasy-Waffen begeistern. Die Mischung aus historischen Details und heroischen Elementen macht sie zu einem echten Schmuckst\u00fcck, das man besitzen sollte.<\/p>\n<h2>Vervollst\u00e4ndige deine Sammlung mit weiteren ikonischen Waffen aus Zelda und dem Videospiel.<\/h2>\n<p>Das Schwert der Prinzessin Zelda ist ein einzigartiges St\u00fcck, das Ihre Sammlung veredeln wird, aber warum sollten Sie es dabei belassen? Hier finden Sie weitere ikonische Waffen aus dem The Legend of Zelda-Universum, wie zum Beispiel die unumg\u00e4ngliche <a href=\"https:\/\/repliquemangacine.fr\/de\/zelda-schwert\/master-sword-zelda-schwert\/\">Master Sword<\/a>das ber\u00fchmte Schwert von Link. Oder auch ikonische Accessoires wie das <a href=\"https:\/\/repliquemangacine.fr\/de\/zelda-schwert\/hylia-zelda-schild-hylian-schild\/\">Hylias Schild<\/a>. Tauchen Sie in die Magie der Saga ein, indem Sie die m\u00e4chtigsten und ikonischsten Artefakte von Hyrule zusammenstellen.<\/p>\n<p>Und wenn Sie sich f\u00fcr Schwerter aus Videospielen begeistern k\u00f6nnen. Verpassen Sie nicht unsere Repliken, die von legend\u00e4ren Universen wie Final Fantasy, Elden Ring, Devil May Cry und vielen anderen inspiriert sind. Egal, ob Sie Sammler, Cosplay-Liebhaber oder Fantasy-Fan sind. Besonders hervorzuheben ist, dass unsere Auswahl Ihnen St\u00fccke von hoher Qualit\u00e4t bietet. Getreu den Originaldesigns und so gestaltet, dass sie die ganze Magie der virtuellen Welten einfangen. Fazit: F\u00fcgen Sie Ihrer Sammlung das Schwert der Prinzessin Zelda hinzu und verk\u00f6rpern Sie die Eleganz und Macht der Herrscherin von Hyrule!<\/p>","protected":false},"excerpt":{"rendered":"<p>\u00dcberraschend ist dieses Schwert von Prinzessin Zelda in Twilight Princess.<\/p>\n<p>&nbsp;<\/p>\n<ul>\n<li>Alles aus Glasfaser<\/li>\n<li>Hochwertige Materialien<\/li>\n<li>Vereint Eleganz, Leichtigkeit und Langlebigkeit.<\/li>\n<li>Ideal f\u00fcr deine Cosplays&lt;<\/li>\n<\/ul>\n<p>&nbsp;<\/p>\n<ul>\/li&gt;<\/p>\n<li>L\u00e4nge der Klinge: 85 cm - Gesamtl\u00e4nge: 116 cm<\/li>\n<li>Gewicht: 715 g<\/li>\n<\/ul>","protected":false},"featured_media":81329,"template":"","meta":[],"product_brand":[896],"product_cat":[56],"product_tag":[],"class_list":{"0":"post-81327","1":"product","2":"type-product","3":"status-publish","4":"has-post-thumbnail","6":"product_brand-replique-manga-cine","7":"product_cat-epee-zelda","9":"first","10":"instock","11":"taxable","12":"shipping-taxable","13":"purchasable","14":"product-type-simple"},"yoast_head":"<!-- This site is optimized with the Yoast SEO plugin v27.5 - https:\/\/yoast.com\/product\/yoast-seo-wordpress\/ -->\n<title>\u00c9p\u00e9e Princesse Zelda - Twilight Princess - R\u00e9plique Manga Cin\u00e9<\/title>\n<meta name=\"description\" content=\"D\u00e9couvrez l&#039;\u00c9p\u00e9e Princesse Zelda dans le jeu vid\u00e9o Legend of Zelda: Twilight Princess. Tout en fibre de verre. Haute qualit\u00e9. 116 cm\" \/>\n<meta name=\"robots\" content=\"index, follow, max-snippet:-1, max-image-preview:large, max-video-preview:-1\" \/>\n<link rel=\"canonical\" href=\"https:\/\/repliquemangacine.fr\/de\/zelda-schwert\/schwert-prinzessin-zelda-twilight-princess-die-legende-von-zelda\/\" \/>\n<meta property=\"og:locale\" content=\"de_DE\" \/>\n<meta property=\"og:type\" content=\"article\" \/>\n<meta property=\"og:title\" content=\"\u00c9p\u00e9e Princesse Zelda - Twilight Princess - R\u00e9plique Manga Cin\u00e9\" \/>\n<meta property=\"og:description\" content=\"D\u00e9couvrez l&#039;\u00c9p\u00e9e Princesse Zelda dans le jeu vid\u00e9o Legend of Zelda: Twilight Princess. Tout en fibre de verre. Haute qualit\u00e9. 116 cm\" \/>\n<meta property=\"og:url\" content=\"https:\/\/repliquemangacine.fr\/de\/zelda-schwert\/schwert-prinzessin-zelda-twilight-princess-die-legende-von-zelda\/\" \/>\n<meta property=\"og:site_name\" content=\"R\u00e9plique Manga Cin\u00e9\" \/>\n<meta property=\"article:publisher\" content=\"https:\/\/www.facebook.com\/RepliqueMangaCine\" \/>\n<meta property=\"article:modified_time\" content=\"2025-11-13T13:44:42+00:00\" \/>\n<meta property=\"og:image\" content=\"https:\/\/repliquemangacine.fr\/wp-content\/uploads\/2025\/01\/Epee-Princesse-Zelda-Twilight-Princess.jpg\" \/>\n\t<meta property=\"og:image:width\" content=\"500\" \/>\n\t<meta property=\"og:image:height\" content=\"500\" \/>\n\t<meta property=\"og:image:type\" content=\"image\/jpeg\" \/>\n<meta name=\"twitter:card\" content=\"summary_large_image\" \/>\n<meta name=\"twitter:label1\" content=\"Gesch\u00e4tzte Lesezeit\" \/>\n\t<meta name=\"twitter:data1\" content=\"3\u00a0Minuten\" \/>\n<script type=\"application\/ld+json\" class=\"yoast-schema-graph\">{\"@context\":\"https:\\\/\\\/schema.org\",\"@graph\":[{\"@type\":\"WebPage\",\"@id\":\"https:\\\/\\\/repliquemangacine.fr\\\/epee-zelda\\\/epee-princesse-zelda-twilight-princess-la-legende-de-zelda\\\/\",\"url\":\"https:\\\/\\\/repliquemangacine.fr\\\/epee-zelda\\\/epee-princesse-zelda-twilight-princess-la-legende-de-zelda\\\/\",\"name\":\"\u00c9p\u00e9e Princesse Zelda - Twilight Princess - R\u00e9plique Manga Cin\u00e9\",\"isPartOf\":{\"@id\":\"https:\\\/\\\/repliquemangacine.fr\\\/#website\"},\"primaryImageOfPage\":{\"@id\":\"https:\\\/\\\/repliquemangacine.fr\\\/epee-zelda\\\/epee-princesse-zelda-twilight-princess-la-legende-de-zelda\\\/#primaryimage\"},\"image\":{\"@id\":\"https:\\\/\\\/repliquemangacine.fr\\\/epee-zelda\\\/epee-princesse-zelda-twilight-princess-la-legende-de-zelda\\\/#primaryimage\"},\"thumbnailUrl\":\"https:\\\/\\\/repliquemangacine.fr\\\/wp-content\\\/uploads\\\/2025\\\/01\\\/Epee-Princesse-Zelda-Twilight-Princess.jpg\",\"datePublished\":\"2025-01-18T18:21:33+00:00\",\"dateModified\":\"2025-11-13T13:44:42+00:00\",\"description\":\"D\u00e9couvrez l'\u00c9p\u00e9e Princesse Zelda dans le jeu vid\u00e9o Legend of Zelda: Twilight Princess. Tout en fibre de verre. Haute qualit\u00e9. 116 cm\",\"breadcrumb\":{\"@id\":\"https:\\\/\\\/repliquemangacine.fr\\\/epee-zelda\\\/epee-princesse-zelda-twilight-princess-la-legende-de-zelda\\\/#breadcrumb\"},\"inLanguage\":\"de\",\"potentialAction\":[{\"@type\":\"ReadAction\",\"target\":[\"https:\\\/\\\/repliquemangacine.fr\\\/epee-zelda\\\/epee-princesse-zelda-twilight-princess-la-legende-de-zelda\\\/\"]}]},{\"@type\":\"ImageObject\",\"inLanguage\":\"de\",\"@id\":\"https:\\\/\\\/repliquemangacine.fr\\\/epee-zelda\\\/epee-princesse-zelda-twilight-princess-la-legende-de-zelda\\\/#primaryimage\",\"url\":\"https:\\\/\\\/repliquemangacine.fr\\\/wp-content\\\/uploads\\\/2025\\\/01\\\/Epee-Princesse-Zelda-Twilight-Princess.jpg\",\"contentUrl\":\"https:\\\/\\\/repliquemangacine.fr\\\/wp-content\\\/uploads\\\/2025\\\/01\\\/Epee-Princesse-Zelda-Twilight-Princess.jpg\",\"width\":500,\"height\":500,\"caption\":\"\u00c9p\u00e9e-Princesse-Zelda-Twilight-Princess\"},{\"@type\":\"BreadcrumbList\",\"@id\":\"https:\\\/\\\/repliquemangacine.fr\\\/epee-zelda\\\/epee-princesse-zelda-twilight-princess-la-legende-de-zelda\\\/#breadcrumb\",\"itemListElement\":[{\"@type\":\"ListItem\",\"position\":1,\"name\":\"Accueil\",\"item\":\"https:\\\/\\\/repliquemangacine.fr\\\/\"},{\"@type\":\"ListItem\",\"position\":2,\"name\":\"Produits\",\"item\":\"https:\\\/\\\/repliquemangacine.fr\\\/boutique\\\/\"},{\"@type\":\"ListItem\",\"position\":3,\"name\":\"\u00c9p\u00e9e Princesse Zelda &#8211; Twilight Princess\"}]},{\"@type\":\"WebSite\",\"@id\":\"https:\\\/\\\/repliquemangacine.fr\\\/#website\",\"url\":\"https:\\\/\\\/repliquemangacine.fr\\\/\",\"name\":\"R\u00e9plique Manga Cin\u00e9\",\"description\":\"\",\"publisher\":{\"@id\":\"https:\\\/\\\/repliquemangacine.fr\\\/#organization\"},\"potentialAction\":[{\"@type\":\"SearchAction\",\"target\":{\"@type\":\"EntryPoint\",\"urlTemplate\":\"https:\\\/\\\/repliquemangacine.fr\\\/?s={search_term_string}\"},\"query-input\":{\"@type\":\"PropertyValueSpecification\",\"valueRequired\":true,\"valueName\":\"search_term_string\"}}],\"inLanguage\":\"de\"},{\"@type\":\"Organization\",\"@id\":\"https:\\\/\\\/repliquemangacine.fr\\\/#organization\",\"name\":\"R\u00e9plique Manga Cin\u00e9\",\"url\":\"https:\\\/\\\/repliquemangacine.fr\\\/\",\"logo\":{\"@type\":\"ImageObject\",\"inLanguage\":\"de\",\"@id\":\"https:\\\/\\\/repliquemangacine.fr\\\/#\\\/schema\\\/logo\\\/image\\\/\",\"url\":\"https:\\\/\\\/repliquemangacine.fr\\\/wp-content\\\/uploads\\\/2023\\\/10\\\/RMC-500250.png\",\"contentUrl\":\"https:\\\/\\\/repliquemangacine.fr\\\/wp-content\\\/uploads\\\/2023\\\/10\\\/RMC-500250.png\",\"width\":500,\"height\":250,\"caption\":\"R\u00e9plique Manga Cin\u00e9\"},\"image\":{\"@id\":\"https:\\\/\\\/repliquemangacine.fr\\\/#\\\/schema\\\/logo\\\/image\\\/\"},\"sameAs\":[\"https:\\\/\\\/www.facebook.com\\\/RepliqueMangaCine\",\"https:\\\/\\\/www.instagram.com\\\/repliquemangacine.fr\\\/\"]}]}<\/script>\n<!-- \/ Yoast SEO plugin. -->","yoast_head_json":{"title":"Prinzessin Zelda Schwert - Twilight Princess - R\u00e9plique Manga Cin\u00e9","description":"Entdecken Sie das Zelda-Prinzessinnen-Schwert aus dem Videospiel Legend of Zelda: Twilight Princess. Vollst\u00e4ndig aus Glasfaser hergestellt. Hohe Qualit\u00e4t. 116 cm","robots":{"index":"index","follow":"follow","max-snippet":"max-snippet:-1","max-image-preview":"max-image-preview:large","max-video-preview":"max-video-preview:-1"},"canonical":"https:\/\/repliquemangacine.fr\/de\/zelda-schwert\/schwert-prinzessin-zelda-twilight-princess-die-legende-von-zelda\/","og_locale":"de_DE","og_type":"article","og_title":"\u00c9p\u00e9e Princesse Zelda - Twilight Princess - R\u00e9plique Manga Cin\u00e9","og_description":"D\u00e9couvrez l'\u00c9p\u00e9e Princesse Zelda dans le jeu vid\u00e9o Legend of Zelda: Twilight Princess. Tout en fibre de verre. Haute qualit\u00e9. 116 cm","og_url":"https:\/\/repliquemangacine.fr\/de\/zelda-schwert\/schwert-prinzessin-zelda-twilight-princess-die-legende-von-zelda\/","og_site_name":"R\u00e9plique Manga Cin\u00e9","article_publisher":"https:\/\/www.facebook.com\/RepliqueMangaCine","article_modified_time":"2025-11-13T13:44:42+00:00","og_image":[{"width":500,"height":500,"url":"https:\/\/repliquemangacine.fr\/wp-content\/uploads\/2025\/01\/Epee-Princesse-Zelda-Twilight-Princess.jpg","type":"image\/jpeg"}],"twitter_card":"summary_large_image","twitter_misc":{"Gesch\u00e4tzte Lesezeit":"3\u00a0Minuten"},"schema":{"@context":"https:\/\/schema.org","@graph":[{"@type":"WebPage","@id":"https:\/\/repliquemangacine.fr\/epee-zelda\/epee-princesse-zelda-twilight-princess-la-legende-de-zelda\/","url":"https:\/\/repliquemangacine.fr\/epee-zelda\/epee-princesse-zelda-twilight-princess-la-legende-de-zelda\/","name":"Prinzessin Zelda Schwert - Twilight Princess - R\u00e9plique Manga Cin\u00e9","isPartOf":{"@id":"https:\/\/repliquemangacine.fr\/#website"},"primaryImageOfPage":{"@id":"https:\/\/repliquemangacine.fr\/epee-zelda\/epee-princesse-zelda-twilight-princess-la-legende-de-zelda\/#primaryimage"},"image":{"@id":"https:\/\/repliquemangacine.fr\/epee-zelda\/epee-princesse-zelda-twilight-princess-la-legende-de-zelda\/#primaryimage"},"thumbnailUrl":"https:\/\/repliquemangacine.fr\/wp-content\/uploads\/2025\/01\/Epee-Princesse-Zelda-Twilight-Princess.jpg","datePublished":"2025-01-18T18:21:33+00:00","dateModified":"2025-11-13T13:44:42+00:00","description":"Entdecken Sie das Zelda-Prinzessinnen-Schwert aus dem Videospiel Legend of Zelda: Twilight Princess. Vollst\u00e4ndig aus Glasfaser hergestellt. Hohe Qualit\u00e4t. 116 cm","breadcrumb":{"@id":"https:\/\/repliquemangacine.fr\/epee-zelda\/epee-princesse-zelda-twilight-princess-la-legende-de-zelda\/#breadcrumb"},"inLanguage":"de","potentialAction":[{"@type":"ReadAction","target":["https:\/\/repliquemangacine.fr\/epee-zelda\/epee-princesse-zelda-twilight-princess-la-legende-de-zelda\/"]}]},{"@type":"ImageObject","inLanguage":"de","@id":"https:\/\/repliquemangacine.fr\/epee-zelda\/epee-princesse-zelda-twilight-princess-la-legende-de-zelda\/#primaryimage","url":"https:\/\/repliquemangacine.fr\/wp-content\/uploads\/2025\/01\/Epee-Princesse-Zelda-Twilight-Princess.jpg","contentUrl":"https:\/\/repliquemangacine.fr\/wp-content\/uploads\/2025\/01\/Epee-Princesse-Zelda-Twilight-Princess.jpg","width":500,"height":500,"caption":"\u00c9p\u00e9e-Princesse-Zelda-Twilight-Princess"},{"@type":"BreadcrumbList","@id":"https:\/\/repliquemangacine.fr\/epee-zelda\/epee-princesse-zelda-twilight-princess-la-legende-de-zelda\/#breadcrumb","itemListElement":[{"@type":"ListItem","position":1,"name":"Accueil","item":"https:\/\/repliquemangacine.fr\/"},{"@type":"ListItem","position":2,"name":"Produits","item":"https:\/\/repliquemangacine.fr\/boutique\/"},{"@type":"ListItem","position":3,"name":"\u00c9p\u00e9e Princesse Zelda &#8211; Twilight Princess"}]},{"@type":"WebSite","@id":"https:\/\/repliquemangacine.fr\/#website","url":"https:\/\/repliquemangacine.fr\/","name":"R\u00e9plique Manga Cin\u00e9","description":"","publisher":{"@id":"https:\/\/repliquemangacine.fr\/#organization"},"potentialAction":[{"@type":"SearchAction","target":{"@type":"EntryPoint","urlTemplate":"https:\/\/repliquemangacine.fr\/?s={search_term_string}"},"query-input":{"@type":"PropertyValueSpecification","valueRequired":true,"valueName":"search_term_string"}}],"inLanguage":"de"},{"@type":"Organization","@id":"https:\/\/repliquemangacine.fr\/#organization","name":"R\u00e9plique Manga Cin\u00e9","url":"https:\/\/repliquemangacine.fr\/","logo":{"@type":"ImageObject","inLanguage":"de","@id":"https:\/\/repliquemangacine.fr\/#\/schema\/logo\/image\/","url":"https:\/\/repliquemangacine.fr\/wp-content\/uploads\/2023\/10\/RMC-500250.png","contentUrl":"https:\/\/repliquemangacine.fr\/wp-content\/uploads\/2023\/10\/RMC-500250.png","width":500,"height":250,"caption":"R\u00e9plique Manga Cin\u00e9"},"image":{"@id":"https:\/\/repliquemangacine.fr\/#\/schema\/logo\/image\/"},"sameAs":["https:\/\/www.facebook.com\/RepliqueMangaCine","https:\/\/www.instagram.com\/repliquemangacine.fr\/"]}]}},"_links":{"self":[{"href":"https:\/\/repliquemangacine.fr\/de\/wp-json\/wp\/v2\/product\/81327","targetHints":{"allow":["GET"]}}],"collection":[{"href":"https:\/\/repliquemangacine.fr\/de\/wp-json\/wp\/v2\/product"}],"about":[{"href":"https:\/\/repliquemangacine.fr\/de\/wp-json\/wp\/v2\/types\/product"}],"wp:featuredmedia":[{"embeddable":true,"href":"https:\/\/repliquemangacine.fr\/de\/wp-json\/wp\/v2\/media\/81329"}],"wp:attachment":[{"href":"https:\/\/repliquemangacine.fr\/de\/wp-json\/wp\/v2\/media?parent=81327"}],"wp:term":[{"taxonomy":"product_brand","embeddable":true,"href":"https:\/\/repliquemangacine.fr\/de\/wp-json\/wp\/v2\/product_brand?post=81327"},{"taxonomy":"product_cat","embeddable":true,"href":"https:\/\/repliquemangacine.fr\/de\/wp-json\/wp\/v2\/product_cat?post=81327"},{"taxonomy":"product_tag","embeddable":true,"href":"https:\/\/repliquemangacine.fr\/de\/wp-json\/wp\/v2\/product_tag?post=81327"}],"curies":[{"name":"wp","href":"https:\/\/api.w.org\/{rel}","templated":true}]}}