





{"id":81322,"date":"2025-01-18T19:08:36","date_gmt":"2025-01-18T18:08:36","guid":{"rendered":"https:\/\/repliquemangacine.fr\/?post_type=product&#038;p=81322"},"modified":"2026-04-15T12:24:11","modified_gmt":"2026-04-15T10:24:11","slug":"daedric-dolch-in-elder-scrolls-v-skyrim","status":"publish","type":"product","link":"https:\/\/repliquemangacine.fr\/de\/katana-et-epee-de-jeux-video-autre-jeux-video\/dague-daedric-dans-elder-scrolls-v-skyrim\/","title":{"rendered":"Daedrischer Dolch in Elder Scrolls V: Skyrim"},"content":{"rendered":"<h2>Daedrischer Dolch - Die mythische Waffe aus Skyrim endlich als Replik erh\u00e4ltlich<\/h2>\n<p>Tauchen Sie ein in die epische Welt von <a href=\"https:\/\/elderscrolls.fandom.com\/fr\/wiki\/The_Elder_Scrolls_V:_Skyrim\" target=\"_blank\" rel=\"noopener noreferrer\">The Elder Scrolls V: Skyrim<\/a> mit dieser Nachbildung des Daedric-Dolches. Eine symboltr\u00e4chtige Waffe, die bei Kriegern und Assassinen im Spiel sehr beliebt ist. Mit einem furchteinfl\u00f6\u00dfenden Design und einer antiken Oberfl\u00e4che geschmiedet. Dieser Dolch verk\u00f6rpert die ganze Dunkelheit und Kraft der daedrischen Artefakte.<\/p>\n<p>Mit seiner 44 cm langen gezackten Klinge, seiner Oberfl\u00e4che aus antikisiertem Stahl und seinen sorgf\u00e4ltig gearbeiteten Details. Sein mit schwarzem Baumwollgarn umwickelter Griff sorgt f\u00fcr einen bequemen Halt und ein mystisches Aussehen. Um diese Replik zu vervollkommnen, befindet sich am Ende des Griffs eine kleine Klinge. Diese unterstreicht die unheimliche Ausstrahlung dieser legend\u00e4ren Waffe. Dieser Dolch wird mit einer verzierten Wandhalterung aus Holz geliefert und wird einen stolzen Platz unter Ihren sch\u00f6nsten Sammlerst\u00fccken einnehmen.<\/p>\n<h2>Ein Design, das den daedrischen Artefakten aus Skyrim treu bleibt<\/h2>\n<p>Direkt inspiriert von den verfluchten Waffen aus dem Spiel. Der Daedric-Dolch greift jedes Detail auf, das ihn in der Welt von Skyrim so einzigartig macht. Seine gealterte und gezackte Klinge, die aussieht, als w\u00e4re sie von den dunklen M\u00e4chten der Daedra geschmiedet worden, unterstreicht sein mystisches und gnadenloses Aussehen. Mit einer Gesamtl\u00e4nge von 60,5 cm strahlt er eine gewisse Ausstrahlung aus und ist dennoch leicht zu handhaben.<\/p>\n<p>Cosplay- und Sammlerfans, die von der hochwertigen Verarbeitung und dem originalgetreuen Design begeistert sind. Die verzierte Wandhalterung aus Holz erm\u00f6glicht eine elegante Pr\u00e4sentation, ideal, um diese prestigetr\u00e4chtige Replik zur Geltung zu bringen. Ob Sie nun ein eingefleischter Skyrim-Fan oder ein leidenschaftlicher Sammler sind, dieser Dolch verleiht Ihrem Universum einen epischen und d\u00fcsteren Touch.<\/p>\n<p>Verpassen Sie also nicht dieses unverzichtbare St\u00fcck und r\u00fcsten Sie sich wie ein echter Champion von Tamriel!<\/p>\n<h2>Eine Sammlung legend\u00e4rer Waffen f\u00fcr echte Enthusiasten<\/h2>\n<p>Wenn Sie der Daedrische Dolch aus Skyrim fasziniert, werden Sie sich \u00fcber die anderen ebenso mythischen Repliken freuen, die auf unserer Website erh\u00e4ltlich sind. Tauchen Sie ein in die Welt von Devil May Cry mit dem unglaublichen <a href=\"https:\/\/repliquemangacine.fr\/de\/katana-und-schwert-von-videospielen-andere-videospiele\/epee-du-diable-de-dante-devil-my-cry\/\">Dantes Teufelsschwert<\/a>. Eine majest\u00e4tische und furchteinfl\u00f6\u00dfende Waffe, die die ganze Macht des Sohnes von Sparda verk\u00f6rpert. Wenn Sie ein Fan von d\u00fcsteren und fesselnden Welten sind, ist die<a href=\"https:\/\/repliquemangacine.fr\/de\/katana-und-schwert-von-videospielen-andere-videospiele\/schwert-dark-moon-greatsword-elden-ring\/\">Dark Moon Greatsword-Schwert von Elden Ring<\/a> bringt Sie direkt ins Herz des Verbotenen Landes, w\u00e4hrend die <a href=\"https:\/\/repliquemangacine.fr\/de\/katana-und-schwert-von-videospielen-andere-videospiele\/schwert-holy-moonlight-bloodborne\/\">Holy Moonlight Sword aus Bloodborne<\/a> wird J\u00e4ger auf der Suche nach einem legend\u00e4ren Artefakt begeistern.<\/p>\n<p>Unser Katalog ist voll von legend\u00e4ren Repliken aus den gr\u00f6\u00dften Videospielen und Fantasy-Sagas, von leuchtenden Katanas, die von One Piece inspiriert sind, bis hin zu den ikonischen Klingen aus The Witcher, Zelda, Final Fantasy und vielem mehr. Jedes St\u00fcck wurde mit au\u00dfergew\u00f6hnlicher Liebe zum Detail entworfen und ist ideal f\u00fcr Sammler, Cosplayer und Liebhaber legend\u00e4rer Waffen. St\u00f6bern Sie in unserer Auswahl und finden Sie die Waffe, die Ihre Sammlung vervollst\u00e4ndigt!<\/p>","protected":false},"excerpt":{"rendered":"<p>Wundersch\u00f6ne Replik des Daedrischen Dolches aus dem Videospiel The Elder Scrolls V: Skyrim.<\/p>\n<ul>\n<li>Alles aus gealtertem Stahl<\/li>\n<li>Griff mit schwarzem, verziertem Baumwollgarn \u00fcberzogen<\/li>\n<li>Am Ende des Griffs befindet sich eine kleine Klinge.<\/li>\n<li>Spezifisch geformte Klinge, gealtert und gezackt<\/li>\n<li>Wird mit einer Wandhalterung aus verziertem Holz geliefert.<\/li>\n<li>L\u00e4nge der Klinge: 44 cm - Gesamtl\u00e4nge: 60.5 cm<\/li>\n<li>Gewicht: 1310 g<\/li>\n<\/ul>","protected":false},"featured_media":81323,"template":"","meta":[],"product_brand":[896],"product_cat":[67],"product_tag":[],"class_list":{"0":"post-81322","1":"product","2":"type-product","3":"status-publish","4":"has-post-thumbnail","6":"product_brand-replique-manga-cine","7":"product_cat-katana-et-epee-de-jeux-video-autre-jeux-video","9":"first","10":"instock","11":"taxable","12":"shipping-taxable","13":"purchasable","14":"product-type-simple"},"yoast_head":"<!-- This site is optimized with the Yoast SEO plugin v27.5 - https:\/\/yoast.com\/product\/yoast-seo-wordpress\/ -->\n<title>Dague Daedric dans Elder Scrolls V : Skyrim - R\u00e9plique Manga Cin\u00e9<\/title>\n<meta name=\"description\" content=\"Superbe dague Daedric dans le jeu vid\u00e9o The Elder Scrolls V: Skyrim. Tout en acier vieilli. Lame dentel\u00e9e de 44 cm. Support plaque en bois. 60.5 cm\" \/>\n<meta name=\"robots\" content=\"index, follow, max-snippet:-1, max-image-preview:large, max-video-preview:-1\" \/>\n<link rel=\"canonical\" href=\"https:\/\/repliquemangacine.fr\/de\/katana-und-schwert-von-videospielen-andere-videospiele\/daedric-dolch-in-elder-scrolls-v-skyrim\/\" \/>\n<meta property=\"og:locale\" content=\"de_DE\" \/>\n<meta property=\"og:type\" content=\"article\" \/>\n<meta property=\"og:title\" content=\"Dague Daedric dans Elder Scrolls V : Skyrim - R\u00e9plique Manga Cin\u00e9\" \/>\n<meta property=\"og:description\" content=\"Superbe dague Daedric dans le jeu vid\u00e9o The Elder Scrolls V: Skyrim. Tout en acier vieilli. Lame dentel\u00e9e de 44 cm. Support plaque en bois. 60.5 cm\" \/>\n<meta property=\"og:url\" content=\"https:\/\/repliquemangacine.fr\/de\/katana-und-schwert-von-videospielen-andere-videospiele\/daedric-dolch-in-elder-scrolls-v-skyrim\/\" \/>\n<meta property=\"og:site_name\" content=\"R\u00e9plique Manga Cin\u00e9\" \/>\n<meta property=\"article:publisher\" content=\"https:\/\/www.facebook.com\/RepliqueMangaCine\" \/>\n<meta property=\"article:modified_time\" content=\"2026-04-15T10:24:11+00:00\" \/>\n<meta property=\"og:image\" content=\"https:\/\/repliquemangacine.fr\/wp-content\/uploads\/2025\/01\/Dague-Daedric-dans-Elder-Scrolls-V.jpg\" \/>\n\t<meta property=\"og:image:width\" content=\"500\" \/>\n\t<meta property=\"og:image:height\" content=\"500\" \/>\n\t<meta property=\"og:image:type\" content=\"image\/jpeg\" \/>\n<meta name=\"twitter:card\" content=\"summary_large_image\" \/>\n<meta name=\"twitter:label1\" content=\"Gesch\u00e4tzte Lesezeit\" \/>\n\t<meta name=\"twitter:data1\" content=\"3\u00a0Minuten\" \/>\n<script type=\"application\/ld+json\" class=\"yoast-schema-graph\">{\"@context\":\"https:\\\/\\\/schema.org\",\"@graph\":[{\"@type\":\"WebPage\",\"@id\":\"https:\\\/\\\/repliquemangacine.fr\\\/katana-et-epee-de-jeux-video-autre-jeux-video\\\/dague-daedric-dans-elder-scrolls-v-skyrim\\\/\",\"url\":\"https:\\\/\\\/repliquemangacine.fr\\\/katana-et-epee-de-jeux-video-autre-jeux-video\\\/dague-daedric-dans-elder-scrolls-v-skyrim\\\/\",\"name\":\"Dague Daedric dans Elder Scrolls V : Skyrim - R\u00e9plique Manga Cin\u00e9\",\"isPartOf\":{\"@id\":\"https:\\\/\\\/repliquemangacine.fr\\\/#website\"},\"primaryImageOfPage\":{\"@id\":\"https:\\\/\\\/repliquemangacine.fr\\\/katana-et-epee-de-jeux-video-autre-jeux-video\\\/dague-daedric-dans-elder-scrolls-v-skyrim\\\/#primaryimage\"},\"image\":{\"@id\":\"https:\\\/\\\/repliquemangacine.fr\\\/katana-et-epee-de-jeux-video-autre-jeux-video\\\/dague-daedric-dans-elder-scrolls-v-skyrim\\\/#primaryimage\"},\"thumbnailUrl\":\"https:\\\/\\\/repliquemangacine.fr\\\/wp-content\\\/uploads\\\/2025\\\/01\\\/Dague-Daedric-dans-Elder-Scrolls-V.jpg\",\"datePublished\":\"2025-01-18T18:08:36+00:00\",\"dateModified\":\"2026-04-15T10:24:11+00:00\",\"description\":\"Superbe dague Daedric dans le jeu vid\u00e9o The Elder Scrolls V: Skyrim. Tout en acier vieilli. Lame dentel\u00e9e de 44 cm. Support plaque en bois. 60.5 cm\",\"breadcrumb\":{\"@id\":\"https:\\\/\\\/repliquemangacine.fr\\\/katana-et-epee-de-jeux-video-autre-jeux-video\\\/dague-daedric-dans-elder-scrolls-v-skyrim\\\/#breadcrumb\"},\"inLanguage\":\"de\",\"potentialAction\":[{\"@type\":\"ReadAction\",\"target\":[\"https:\\\/\\\/repliquemangacine.fr\\\/katana-et-epee-de-jeux-video-autre-jeux-video\\\/dague-daedric-dans-elder-scrolls-v-skyrim\\\/\"]}]},{\"@type\":\"ImageObject\",\"inLanguage\":\"de\",\"@id\":\"https:\\\/\\\/repliquemangacine.fr\\\/katana-et-epee-de-jeux-video-autre-jeux-video\\\/dague-daedric-dans-elder-scrolls-v-skyrim\\\/#primaryimage\",\"url\":\"https:\\\/\\\/repliquemangacine.fr\\\/wp-content\\\/uploads\\\/2025\\\/01\\\/Dague-Daedric-dans-Elder-Scrolls-V.jpg\",\"contentUrl\":\"https:\\\/\\\/repliquemangacine.fr\\\/wp-content\\\/uploads\\\/2025\\\/01\\\/Dague-Daedric-dans-Elder-Scrolls-V.jpg\",\"width\":500,\"height\":500,\"caption\":\"Dague-Daedric-dans-Elder-Scrolls-V : Skyrim\"},{\"@type\":\"BreadcrumbList\",\"@id\":\"https:\\\/\\\/repliquemangacine.fr\\\/katana-et-epee-de-jeux-video-autre-jeux-video\\\/dague-daedric-dans-elder-scrolls-v-skyrim\\\/#breadcrumb\",\"itemListElement\":[{\"@type\":\"ListItem\",\"position\":1,\"name\":\"Accueil\",\"item\":\"https:\\\/\\\/repliquemangacine.fr\\\/\"},{\"@type\":\"ListItem\",\"position\":2,\"name\":\"Produits\",\"item\":\"https:\\\/\\\/repliquemangacine.fr\\\/boutique\\\/\"},{\"@type\":\"ListItem\",\"position\":3,\"name\":\"Dague Daedric dans Elder Scrolls V : Skyrim\"}]},{\"@type\":\"WebSite\",\"@id\":\"https:\\\/\\\/repliquemangacine.fr\\\/#website\",\"url\":\"https:\\\/\\\/repliquemangacine.fr\\\/\",\"name\":\"R\u00e9plique Manga Cin\u00e9\",\"description\":\"\",\"publisher\":{\"@id\":\"https:\\\/\\\/repliquemangacine.fr\\\/#organization\"},\"potentialAction\":[{\"@type\":\"SearchAction\",\"target\":{\"@type\":\"EntryPoint\",\"urlTemplate\":\"https:\\\/\\\/repliquemangacine.fr\\\/?s={search_term_string}\"},\"query-input\":{\"@type\":\"PropertyValueSpecification\",\"valueRequired\":true,\"valueName\":\"search_term_string\"}}],\"inLanguage\":\"de\"},{\"@type\":\"Organization\",\"@id\":\"https:\\\/\\\/repliquemangacine.fr\\\/#organization\",\"name\":\"R\u00e9plique Manga Cin\u00e9\",\"url\":\"https:\\\/\\\/repliquemangacine.fr\\\/\",\"logo\":{\"@type\":\"ImageObject\",\"inLanguage\":\"de\",\"@id\":\"https:\\\/\\\/repliquemangacine.fr\\\/#\\\/schema\\\/logo\\\/image\\\/\",\"url\":\"https:\\\/\\\/repliquemangacine.fr\\\/wp-content\\\/uploads\\\/2023\\\/10\\\/RMC-500250.png\",\"contentUrl\":\"https:\\\/\\\/repliquemangacine.fr\\\/wp-content\\\/uploads\\\/2023\\\/10\\\/RMC-500250.png\",\"width\":500,\"height\":250,\"caption\":\"R\u00e9plique Manga Cin\u00e9\"},\"image\":{\"@id\":\"https:\\\/\\\/repliquemangacine.fr\\\/#\\\/schema\\\/logo\\\/image\\\/\"},\"sameAs\":[\"https:\\\/\\\/www.facebook.com\\\/RepliqueMangaCine\",\"https:\\\/\\\/www.instagram.com\\\/repliquemangacine.fr\\\/\"]}]}<\/script>\n<!-- \/ Yoast SEO plugin. -->","yoast_head_json":{"title":"Daedrischer Dolch in Elder Scrolls V: Skyrim - R\u00e9plique Manga Cin\u00e9","description":"Wundersch\u00f6ner Daedric-Dolch aus dem Videospiel The Elder Scrolls V: Skyrim. Vollst\u00e4ndig aus gealtertem Stahl. 44 cm lange gezackte Klinge. Halterung f\u00fcr Holzplatte. 60.5 cm","robots":{"index":"index","follow":"follow","max-snippet":"max-snippet:-1","max-image-preview":"max-image-preview:large","max-video-preview":"max-video-preview:-1"},"canonical":"https:\/\/repliquemangacine.fr\/de\/katana-und-schwert-von-videospielen-andere-videospiele\/daedric-dolch-in-elder-scrolls-v-skyrim\/","og_locale":"de_DE","og_type":"article","og_title":"Dague Daedric dans Elder Scrolls V : Skyrim - R\u00e9plique Manga Cin\u00e9","og_description":"Superbe dague Daedric dans le jeu vid\u00e9o The Elder Scrolls V: Skyrim. Tout en acier vieilli. Lame dentel\u00e9e de 44 cm. Support plaque en bois. 60.5 cm","og_url":"https:\/\/repliquemangacine.fr\/de\/katana-und-schwert-von-videospielen-andere-videospiele\/daedric-dolch-in-elder-scrolls-v-skyrim\/","og_site_name":"R\u00e9plique Manga Cin\u00e9","article_publisher":"https:\/\/www.facebook.com\/RepliqueMangaCine","article_modified_time":"2026-04-15T10:24:11+00:00","og_image":[{"width":500,"height":500,"url":"https:\/\/repliquemangacine.fr\/wp-content\/uploads\/2025\/01\/Dague-Daedric-dans-Elder-Scrolls-V.jpg","type":"image\/jpeg"}],"twitter_card":"summary_large_image","twitter_misc":{"Gesch\u00e4tzte Lesezeit":"3\u00a0Minuten"},"schema":{"@context":"https:\/\/schema.org","@graph":[{"@type":"WebPage","@id":"https:\/\/repliquemangacine.fr\/katana-et-epee-de-jeux-video-autre-jeux-video\/dague-daedric-dans-elder-scrolls-v-skyrim\/","url":"https:\/\/repliquemangacine.fr\/katana-et-epee-de-jeux-video-autre-jeux-video\/dague-daedric-dans-elder-scrolls-v-skyrim\/","name":"Daedrischer Dolch in Elder Scrolls V: Skyrim - R\u00e9plique Manga Cin\u00e9","isPartOf":{"@id":"https:\/\/repliquemangacine.fr\/#website"},"primaryImageOfPage":{"@id":"https:\/\/repliquemangacine.fr\/katana-et-epee-de-jeux-video-autre-jeux-video\/dague-daedric-dans-elder-scrolls-v-skyrim\/#primaryimage"},"image":{"@id":"https:\/\/repliquemangacine.fr\/katana-et-epee-de-jeux-video-autre-jeux-video\/dague-daedric-dans-elder-scrolls-v-skyrim\/#primaryimage"},"thumbnailUrl":"https:\/\/repliquemangacine.fr\/wp-content\/uploads\/2025\/01\/Dague-Daedric-dans-Elder-Scrolls-V.jpg","datePublished":"2025-01-18T18:08:36+00:00","dateModified":"2026-04-15T10:24:11+00:00","description":"Wundersch\u00f6ner Daedric-Dolch aus dem Videospiel The Elder Scrolls V: Skyrim. Vollst\u00e4ndig aus gealtertem Stahl. 44 cm lange gezackte Klinge. Halterung f\u00fcr Holzplatte. 60.5 cm","breadcrumb":{"@id":"https:\/\/repliquemangacine.fr\/katana-et-epee-de-jeux-video-autre-jeux-video\/dague-daedric-dans-elder-scrolls-v-skyrim\/#breadcrumb"},"inLanguage":"de","potentialAction":[{"@type":"ReadAction","target":["https:\/\/repliquemangacine.fr\/katana-et-epee-de-jeux-video-autre-jeux-video\/dague-daedric-dans-elder-scrolls-v-skyrim\/"]}]},{"@type":"ImageObject","inLanguage":"de","@id":"https:\/\/repliquemangacine.fr\/katana-et-epee-de-jeux-video-autre-jeux-video\/dague-daedric-dans-elder-scrolls-v-skyrim\/#primaryimage","url":"https:\/\/repliquemangacine.fr\/wp-content\/uploads\/2025\/01\/Dague-Daedric-dans-Elder-Scrolls-V.jpg","contentUrl":"https:\/\/repliquemangacine.fr\/wp-content\/uploads\/2025\/01\/Dague-Daedric-dans-Elder-Scrolls-V.jpg","width":500,"height":500,"caption":"Dague-Daedric-dans-Elder-Scrolls-V : Skyrim"},{"@type":"BreadcrumbList","@id":"https:\/\/repliquemangacine.fr\/katana-et-epee-de-jeux-video-autre-jeux-video\/dague-daedric-dans-elder-scrolls-v-skyrim\/#breadcrumb","itemListElement":[{"@type":"ListItem","position":1,"name":"Accueil","item":"https:\/\/repliquemangacine.fr\/"},{"@type":"ListItem","position":2,"name":"Produits","item":"https:\/\/repliquemangacine.fr\/boutique\/"},{"@type":"ListItem","position":3,"name":"Dague Daedric dans Elder Scrolls V : Skyrim"}]},{"@type":"WebSite","@id":"https:\/\/repliquemangacine.fr\/#website","url":"https:\/\/repliquemangacine.fr\/","name":"R\u00e9plique Manga Cin\u00e9","description":"","publisher":{"@id":"https:\/\/repliquemangacine.fr\/#organization"},"potentialAction":[{"@type":"SearchAction","target":{"@type":"EntryPoint","urlTemplate":"https:\/\/repliquemangacine.fr\/?s={search_term_string}"},"query-input":{"@type":"PropertyValueSpecification","valueRequired":true,"valueName":"search_term_string"}}],"inLanguage":"de"},{"@type":"Organization","@id":"https:\/\/repliquemangacine.fr\/#organization","name":"R\u00e9plique Manga Cin\u00e9","url":"https:\/\/repliquemangacine.fr\/","logo":{"@type":"ImageObject","inLanguage":"de","@id":"https:\/\/repliquemangacine.fr\/#\/schema\/logo\/image\/","url":"https:\/\/repliquemangacine.fr\/wp-content\/uploads\/2023\/10\/RMC-500250.png","contentUrl":"https:\/\/repliquemangacine.fr\/wp-content\/uploads\/2023\/10\/RMC-500250.png","width":500,"height":250,"caption":"R\u00e9plique Manga Cin\u00e9"},"image":{"@id":"https:\/\/repliquemangacine.fr\/#\/schema\/logo\/image\/"},"sameAs":["https:\/\/www.facebook.com\/RepliqueMangaCine","https:\/\/www.instagram.com\/repliquemangacine.fr\/"]}]}},"_links":{"self":[{"href":"https:\/\/repliquemangacine.fr\/de\/wp-json\/wp\/v2\/product\/81322","targetHints":{"allow":["GET"]}}],"collection":[{"href":"https:\/\/repliquemangacine.fr\/de\/wp-json\/wp\/v2\/product"}],"about":[{"href":"https:\/\/repliquemangacine.fr\/de\/wp-json\/wp\/v2\/types\/product"}],"wp:featuredmedia":[{"embeddable":true,"href":"https:\/\/repliquemangacine.fr\/de\/wp-json\/wp\/v2\/media\/81323"}],"wp:attachment":[{"href":"https:\/\/repliquemangacine.fr\/de\/wp-json\/wp\/v2\/media?parent=81322"}],"wp:term":[{"taxonomy":"product_brand","embeddable":true,"href":"https:\/\/repliquemangacine.fr\/de\/wp-json\/wp\/v2\/product_brand?post=81322"},{"taxonomy":"product_cat","embeddable":true,"href":"https:\/\/repliquemangacine.fr\/de\/wp-json\/wp\/v2\/product_cat?post=81322"},{"taxonomy":"product_tag","embeddable":true,"href":"https:\/\/repliquemangacine.fr\/de\/wp-json\/wp\/v2\/product_tag?post=81322"}],"curies":[{"name":"wp","href":"https:\/\/api.w.org\/{rel}","templated":true}]}}