





{"id":81312,"date":"2025-01-18T17:22:17","date_gmt":"2025-01-18T16:22:17","guid":{"rendered":"https:\/\/repliquemangacine.fr\/?post_type=product&#038;p=81312"},"modified":"2025-11-13T14:49:13","modified_gmt":"2025-11-13T13:49:13","slug":"lauten-von-ruan-mei-honkai-star-rail-series","status":"publish","type":"product","link":"https:\/\/repliquemangacine.fr\/de\/katana-et-epee-de-jeux-video-autre-jeux-video\/luth-de-ruan-mei-honkai-star-rail-series\/","title":{"rendered":"Laute von Ruan Mei - Honkai Star Rail series"},"content":{"rendered":"<h2>Ruan Meis Laute: Eine elegante und gepflegte Replik f\u00fcr Fans der Honkai Star Rail<\/h2>\n<p>Entdecken Sie zun\u00e4chst den <strong>Laute von Ruan Mei<\/strong>Eine einzigartige und raffinierte Replik, inspiriert von der poetischen und technologischen Welt von<a href=\"https:\/\/honkai-star-rail.fandom.com\/wiki\/Honkai:_Star_Rail_Wiki\" target=\"_blank\" rel=\"noopener noreferrer\">Honkai Star Rail<\/a>. Diese vollst\u00e4ndig aus Fiberglas gefertigte Laute vereint Leichtigkeit, Haltbarkeit und \u00c4sthetik und ist ideal f\u00fcr Sammler oder Cosplayer. Jedes St\u00fcck wird von Hand bemalt, was eine einzigartige, handgefertigte Verarbeitung garantiert, die der Vorlage aus dem Spiel entspricht. Die verwendeten hochwertigen Materialien sorgen f\u00fcr eine hervorragende Haltbarkeit, auch bei wiederholter Ausstellung. Mit seinem eleganten Design und der erhabenen Verarbeitung verleiht dieses Replikat Ihrer Sammlung einen wahrhaft k\u00fcnstlerischen Touch. Diese Laute ist au\u00dferdem leicht und handlich, mit einer Gesamtl\u00e4nge von 80 cm und einem Gewicht von nur 960 Gramm. Ob Sie sich f\u00fcr seltene Gegenst\u00e4nde begeistern oder Cosplay lieben, dieses St\u00fcck ist wie f\u00fcr Sie gemacht. Sie verk\u00f6rpert den raffinierten und kraftvollen Geist von Ruan Mei im Spiel.<\/p>\n<h2>Ein symbolisches Instrument im Zentrum der Macht von Ruan Mei in Honkai Star Rail<\/h2>\n<p>In Honkai Star Rail ist Ruan Mei weit mehr als eine brillante Wissenschaftlerin: Sie ist eine Kraft der Harmonie und der Strategie. Ihre Laute, zart getragen und gehandhabt, verk\u00f6rpert das Gleichgewicht zwischen Sch\u00f6nheit, Macht und Wissen. Dieses Instrument ist nicht einfach nur ein dekorativer Gegenstand, sondern zutiefst mit ihren F\u00e4higkeiten verbunden, das Schlachtfeld zu unterst\u00fctzen und zu beherrschen. \u00dcberhaupt wird die Laute w\u00e4hrend der K\u00e4mpfe zu einem Werkzeug der Kontrolle und Inspiration, das den Fluss des Kampfes pr\u00e4zise beeinflusst. Sie symbolisiert die Verschmelzung von Kunst und Technologie, zwei Grundpfeiler der Welt von Honkai. Jede Note, die Ruan Mei spielt, ist von Geheimnis und Macht gepr\u00e4gt und verst\u00e4rkt die strategische Rolle des Charakters. Diese Replik zu besitzen, bedeutet, einen Teil der Seele des Spiels zu besitzen und die taktische Eleganz eines der beliebtesten Charaktere der Serie zu feiern.<\/p>\n<h2>R\u00e9plique Manga Cin\u00e9: Kultige Waffen und Gegenst\u00e4nde aus den gr\u00f6\u00dften Videospielen<\/h2>\n<p>Bei R\u00e9plique Manga Cin\u00e9 finden Sie eine au\u00dfergew\u00f6hnliche Auswahl an Repliken aus Videospielen und Kultlizenzen. Neben der Ruan Mei Luth finden Sie hier auch die <a href=\"https:\/\/repliquemangacine.fr\/de\/katana-und-schwert-von-videospielen-andere-videospiele\/daedric-dolch-in-elder-scrolls-v-skyrim\/\">Daedrischer Dolch<\/a>, ein Symbol der dunklen Welt von Skyrim. Erkunden Sie die Macht mit dem<a href=\"https:\/\/repliquemangacine.fr\/de\/katana-und-schwert-von-videospielen-andere-videospiele\/fusionsschwert-cloud-multiblade-buster-sword-final-fantasy-vii\/\">Fusionsschwert von Cloud Strife<\/a>Das Multiblade Buster Sword ist ein beeindruckendes und massives Schwert. Lassen Sie sich von der<a href=\"https:\/\/repliquemangacine.fr\/de\/genshin-impact\/schwert-lions-roar-genshin-impact\/\">Schwert Lion's Roar<\/a> von Genshin Impact, die ebenso elegant wie scharf ist. Finden Sie auch die mythische <a href=\"https:\/\/repliquemangacine.fr\/de\/katana-und-schwert-von-videospielen-andere-videospiele\/epee-red-queen-devil-my-cry\/\">Red Queen von Nero<\/a>und stilisiert. Tauchen Sie auch in die Fate Stay Night Saga mit den <a href=\"https:\/\/repliquemangacine.fr\/de\/katana-und-schwert-von-videospielen-andere-videospiele\/darcher-schwerter-yin-yang-fate-stay-night\/\">Schwerter Yin Yang von Archer<\/a>Symbole des Gleichgewichts und der Meisterschaft. Und das ist noch nicht alles: Unser Katalog ist voll von legend\u00e4ren, sorgf\u00e4ltig nachgebildeten Waffen. R\u00e9plique Manga Cin\u00e9 ist der unumg\u00e4ngliche Shop f\u00fcr alle, die sich f\u00fcr Cosplay, Sammeln und Videospiele begeistern. Schlie\u00dflich entdecken Sie einzigartige St\u00fccke, um Ihre Lieblingsabenteuer realistisch und stilvoll nachzuerleben.<\/p>","protected":false},"excerpt":{"rendered":"<p>Wundersch\u00f6ne Replik von Ruan Meis Luth in der Honkai: Star Rail series.<\/p>\n<ul>\n<li>Vollst\u00e4ndig aus Glasfaser<\/li>\n<li>Handbemalt<\/li>\n<li>Hochwertige Materialien<\/li>\n<li>Verbindet Eleganz, Leichtigkeit und Langlebigkeit<\/li>\n<li>Erhabenes Finish<\/li>\n<li>Gesamtl\u00e4nge: 80 cm - Gewicht: 960 g<\/li>\n<\/ul>","protected":false},"featured_media":81313,"template":"","meta":[],"product_brand":[896],"product_cat":[67],"product_tag":[],"class_list":{"0":"post-81312","1":"product","2":"type-product","3":"status-publish","4":"has-post-thumbnail","6":"product_brand-replique-manga-cine","7":"product_cat-katana-et-epee-de-jeux-video-autre-jeux-video","9":"first","10":"instock","11":"taxable","12":"shipping-taxable","13":"purchasable","14":"product-type-simple"},"yoast_head":"<!-- This site is optimized with the Yoast SEO plugin v27.5 - https:\/\/yoast.com\/product\/yoast-seo-wordpress\/ -->\n<title>Luth de Ruan Mei - Honkai Star Rail series - R\u00e9plique Manga Cin\u00e9<\/title>\n<meta name=\"description\" content=\"Superbe r\u00e9plique du Luth de Ruan Mei dans le Honkai : Star Rail s\u00e9rie. Tout en fibre de verre. Mat\u00e9riaux de haute qualit\u00e9, finitions exceptionnelles. 80cm\" \/>\n<meta name=\"robots\" content=\"index, follow, max-snippet:-1, max-image-preview:large, max-video-preview:-1\" \/>\n<link rel=\"canonical\" href=\"https:\/\/repliquemangacine.fr\/de\/katana-und-schwert-von-videospielen-andere-videospiele\/lauten-von-ruan-mei-honkai-star-rail-series\/\" \/>\n<meta property=\"og:locale\" content=\"de_DE\" \/>\n<meta property=\"og:type\" content=\"article\" \/>\n<meta property=\"og:title\" content=\"Luth de Ruan Mei - Honkai Star Rail series - R\u00e9plique Manga Cin\u00e9\" \/>\n<meta property=\"og:description\" content=\"Superbe r\u00e9plique du Luth de Ruan Mei dans le Honkai : Star Rail s\u00e9rie. Tout en fibre de verre. Mat\u00e9riaux de haute qualit\u00e9, finitions exceptionnelles. 80cm\" \/>\n<meta property=\"og:url\" content=\"https:\/\/repliquemangacine.fr\/de\/katana-und-schwert-von-videospielen-andere-videospiele\/lauten-von-ruan-mei-honkai-star-rail-series\/\" \/>\n<meta property=\"og:site_name\" content=\"R\u00e9plique Manga Cin\u00e9\" \/>\n<meta property=\"article:publisher\" content=\"https:\/\/www.facebook.com\/RepliqueMangaCine\" \/>\n<meta property=\"article:modified_time\" content=\"2025-11-13T13:49:13+00:00\" \/>\n<meta property=\"og:image\" content=\"https:\/\/repliquemangacine.fr\/wp-content\/uploads\/2025\/01\/Luth-de-Ruan-Mei-Honkau-Starrail.jpg\" \/>\n\t<meta property=\"og:image:width\" content=\"500\" \/>\n\t<meta property=\"og:image:height\" content=\"500\" \/>\n\t<meta property=\"og:image:type\" content=\"image\/jpeg\" \/>\n<meta name=\"twitter:card\" content=\"summary_large_image\" \/>\n<meta name=\"twitter:label1\" content=\"Gesch\u00e4tzte Lesezeit\" \/>\n\t<meta name=\"twitter:data1\" content=\"3\u00a0Minuten\" \/>\n<script type=\"application\/ld+json\" class=\"yoast-schema-graph\">{\"@context\":\"https:\\\/\\\/schema.org\",\"@graph\":[{\"@type\":\"WebPage\",\"@id\":\"https:\\\/\\\/repliquemangacine.fr\\\/katana-et-epee-de-jeux-video-autre-jeux-video\\\/luth-de-ruan-mei-honkai-star-rail-series\\\/\",\"url\":\"https:\\\/\\\/repliquemangacine.fr\\\/katana-et-epee-de-jeux-video-autre-jeux-video\\\/luth-de-ruan-mei-honkai-star-rail-series\\\/\",\"name\":\"Luth de Ruan Mei - Honkai Star Rail series - R\u00e9plique Manga Cin\u00e9\",\"isPartOf\":{\"@id\":\"https:\\\/\\\/repliquemangacine.fr\\\/#website\"},\"primaryImageOfPage\":{\"@id\":\"https:\\\/\\\/repliquemangacine.fr\\\/katana-et-epee-de-jeux-video-autre-jeux-video\\\/luth-de-ruan-mei-honkai-star-rail-series\\\/#primaryimage\"},\"image\":{\"@id\":\"https:\\\/\\\/repliquemangacine.fr\\\/katana-et-epee-de-jeux-video-autre-jeux-video\\\/luth-de-ruan-mei-honkai-star-rail-series\\\/#primaryimage\"},\"thumbnailUrl\":\"https:\\\/\\\/repliquemangacine.fr\\\/wp-content\\\/uploads\\\/2025\\\/01\\\/Luth-de-Ruan-Mei-Honkau-Starrail.jpg\",\"datePublished\":\"2025-01-18T16:22:17+00:00\",\"dateModified\":\"2025-11-13T13:49:13+00:00\",\"description\":\"Superbe r\u00e9plique du Luth de Ruan Mei dans le Honkai : Star Rail s\u00e9rie. Tout en fibre de verre. Mat\u00e9riaux de haute qualit\u00e9, finitions exceptionnelles. 80cm\",\"breadcrumb\":{\"@id\":\"https:\\\/\\\/repliquemangacine.fr\\\/katana-et-epee-de-jeux-video-autre-jeux-video\\\/luth-de-ruan-mei-honkai-star-rail-series\\\/#breadcrumb\"},\"inLanguage\":\"de\",\"potentialAction\":[{\"@type\":\"ReadAction\",\"target\":[\"https:\\\/\\\/repliquemangacine.fr\\\/katana-et-epee-de-jeux-video-autre-jeux-video\\\/luth-de-ruan-mei-honkai-star-rail-series\\\/\"]}]},{\"@type\":\"ImageObject\",\"inLanguage\":\"de\",\"@id\":\"https:\\\/\\\/repliquemangacine.fr\\\/katana-et-epee-de-jeux-video-autre-jeux-video\\\/luth-de-ruan-mei-honkai-star-rail-series\\\/#primaryimage\",\"url\":\"https:\\\/\\\/repliquemangacine.fr\\\/wp-content\\\/uploads\\\/2025\\\/01\\\/Luth-de-Ruan-Mei-Honkau-Starrail.jpg\",\"contentUrl\":\"https:\\\/\\\/repliquemangacine.fr\\\/wp-content\\\/uploads\\\/2025\\\/01\\\/Luth-de-Ruan-Mei-Honkau-Starrail.jpg\",\"width\":500,\"height\":500,\"caption\":\"Luth de Ruan Mei Honkai Starrail\"},{\"@type\":\"BreadcrumbList\",\"@id\":\"https:\\\/\\\/repliquemangacine.fr\\\/katana-et-epee-de-jeux-video-autre-jeux-video\\\/luth-de-ruan-mei-honkai-star-rail-series\\\/#breadcrumb\",\"itemListElement\":[{\"@type\":\"ListItem\",\"position\":1,\"name\":\"Accueil\",\"item\":\"https:\\\/\\\/repliquemangacine.fr\\\/\"},{\"@type\":\"ListItem\",\"position\":2,\"name\":\"Produits\",\"item\":\"https:\\\/\\\/repliquemangacine.fr\\\/boutique\\\/\"},{\"@type\":\"ListItem\",\"position\":3,\"name\":\"Luth de Ruan Mei &#8211; Honkai Star Rail series\"}]},{\"@type\":\"WebSite\",\"@id\":\"https:\\\/\\\/repliquemangacine.fr\\\/#website\",\"url\":\"https:\\\/\\\/repliquemangacine.fr\\\/\",\"name\":\"R\u00e9plique Manga Cin\u00e9\",\"description\":\"\",\"publisher\":{\"@id\":\"https:\\\/\\\/repliquemangacine.fr\\\/#organization\"},\"potentialAction\":[{\"@type\":\"SearchAction\",\"target\":{\"@type\":\"EntryPoint\",\"urlTemplate\":\"https:\\\/\\\/repliquemangacine.fr\\\/?s={search_term_string}\"},\"query-input\":{\"@type\":\"PropertyValueSpecification\",\"valueRequired\":true,\"valueName\":\"search_term_string\"}}],\"inLanguage\":\"de\"},{\"@type\":\"Organization\",\"@id\":\"https:\\\/\\\/repliquemangacine.fr\\\/#organization\",\"name\":\"R\u00e9plique Manga Cin\u00e9\",\"url\":\"https:\\\/\\\/repliquemangacine.fr\\\/\",\"logo\":{\"@type\":\"ImageObject\",\"inLanguage\":\"de\",\"@id\":\"https:\\\/\\\/repliquemangacine.fr\\\/#\\\/schema\\\/logo\\\/image\\\/\",\"url\":\"https:\\\/\\\/repliquemangacine.fr\\\/wp-content\\\/uploads\\\/2023\\\/10\\\/RMC-500250.png\",\"contentUrl\":\"https:\\\/\\\/repliquemangacine.fr\\\/wp-content\\\/uploads\\\/2023\\\/10\\\/RMC-500250.png\",\"width\":500,\"height\":250,\"caption\":\"R\u00e9plique Manga Cin\u00e9\"},\"image\":{\"@id\":\"https:\\\/\\\/repliquemangacine.fr\\\/#\\\/schema\\\/logo\\\/image\\\/\"},\"sameAs\":[\"https:\\\/\\\/www.facebook.com\\\/RepliqueMangaCine\",\"https:\\\/\\\/www.instagram.com\\\/repliquemangacine.fr\\\/\"]}]}<\/script>\n<!-- \/ Yoast SEO plugin. -->","yoast_head_json":{"title":"Laute von Ruan Mei - Honkai Star Rail series - R\u00e9plique Manga Cin\u00e9","description":"Wundersch\u00f6ne Replik von Ruan Meis Luth in der Honkai: Star Rail Serie. Komplett aus Glasfaser hergestellt. Hochwertige Materialien, hervorragende Verarbeitung. 80cm","robots":{"index":"index","follow":"follow","max-snippet":"max-snippet:-1","max-image-preview":"max-image-preview:large","max-video-preview":"max-video-preview:-1"},"canonical":"https:\/\/repliquemangacine.fr\/de\/katana-und-schwert-von-videospielen-andere-videospiele\/lauten-von-ruan-mei-honkai-star-rail-series\/","og_locale":"de_DE","og_type":"article","og_title":"Luth de Ruan Mei - Honkai Star Rail series - R\u00e9plique Manga Cin\u00e9","og_description":"Superbe r\u00e9plique du Luth de Ruan Mei dans le Honkai : Star Rail s\u00e9rie. Tout en fibre de verre. Mat\u00e9riaux de haute qualit\u00e9, finitions exceptionnelles. 80cm","og_url":"https:\/\/repliquemangacine.fr\/de\/katana-und-schwert-von-videospielen-andere-videospiele\/lauten-von-ruan-mei-honkai-star-rail-series\/","og_site_name":"R\u00e9plique Manga Cin\u00e9","article_publisher":"https:\/\/www.facebook.com\/RepliqueMangaCine","article_modified_time":"2025-11-13T13:49:13+00:00","og_image":[{"width":500,"height":500,"url":"https:\/\/repliquemangacine.fr\/wp-content\/uploads\/2025\/01\/Luth-de-Ruan-Mei-Honkau-Starrail.jpg","type":"image\/jpeg"}],"twitter_card":"summary_large_image","twitter_misc":{"Gesch\u00e4tzte Lesezeit":"3\u00a0Minuten"},"schema":{"@context":"https:\/\/schema.org","@graph":[{"@type":"WebPage","@id":"https:\/\/repliquemangacine.fr\/katana-et-epee-de-jeux-video-autre-jeux-video\/luth-de-ruan-mei-honkai-star-rail-series\/","url":"https:\/\/repliquemangacine.fr\/katana-et-epee-de-jeux-video-autre-jeux-video\/luth-de-ruan-mei-honkai-star-rail-series\/","name":"Laute von Ruan Mei - Honkai Star Rail series - R\u00e9plique Manga Cin\u00e9","isPartOf":{"@id":"https:\/\/repliquemangacine.fr\/#website"},"primaryImageOfPage":{"@id":"https:\/\/repliquemangacine.fr\/katana-et-epee-de-jeux-video-autre-jeux-video\/luth-de-ruan-mei-honkai-star-rail-series\/#primaryimage"},"image":{"@id":"https:\/\/repliquemangacine.fr\/katana-et-epee-de-jeux-video-autre-jeux-video\/luth-de-ruan-mei-honkai-star-rail-series\/#primaryimage"},"thumbnailUrl":"https:\/\/repliquemangacine.fr\/wp-content\/uploads\/2025\/01\/Luth-de-Ruan-Mei-Honkau-Starrail.jpg","datePublished":"2025-01-18T16:22:17+00:00","dateModified":"2025-11-13T13:49:13+00:00","description":"Wundersch\u00f6ne Replik von Ruan Meis Luth in der Honkai: Star Rail Serie. Komplett aus Glasfaser hergestellt. Hochwertige Materialien, hervorragende Verarbeitung. 80cm","breadcrumb":{"@id":"https:\/\/repliquemangacine.fr\/katana-et-epee-de-jeux-video-autre-jeux-video\/luth-de-ruan-mei-honkai-star-rail-series\/#breadcrumb"},"inLanguage":"de","potentialAction":[{"@type":"ReadAction","target":["https:\/\/repliquemangacine.fr\/katana-et-epee-de-jeux-video-autre-jeux-video\/luth-de-ruan-mei-honkai-star-rail-series\/"]}]},{"@type":"ImageObject","inLanguage":"de","@id":"https:\/\/repliquemangacine.fr\/katana-et-epee-de-jeux-video-autre-jeux-video\/luth-de-ruan-mei-honkai-star-rail-series\/#primaryimage","url":"https:\/\/repliquemangacine.fr\/wp-content\/uploads\/2025\/01\/Luth-de-Ruan-Mei-Honkau-Starrail.jpg","contentUrl":"https:\/\/repliquemangacine.fr\/wp-content\/uploads\/2025\/01\/Luth-de-Ruan-Mei-Honkau-Starrail.jpg","width":500,"height":500,"caption":"Luth de Ruan Mei Honkai Starrail"},{"@type":"BreadcrumbList","@id":"https:\/\/repliquemangacine.fr\/katana-et-epee-de-jeux-video-autre-jeux-video\/luth-de-ruan-mei-honkai-star-rail-series\/#breadcrumb","itemListElement":[{"@type":"ListItem","position":1,"name":"Accueil","item":"https:\/\/repliquemangacine.fr\/"},{"@type":"ListItem","position":2,"name":"Produits","item":"https:\/\/repliquemangacine.fr\/boutique\/"},{"@type":"ListItem","position":3,"name":"Luth de Ruan Mei &#8211; Honkai Star Rail series"}]},{"@type":"WebSite","@id":"https:\/\/repliquemangacine.fr\/#website","url":"https:\/\/repliquemangacine.fr\/","name":"R\u00e9plique Manga Cin\u00e9","description":"","publisher":{"@id":"https:\/\/repliquemangacine.fr\/#organization"},"potentialAction":[{"@type":"SearchAction","target":{"@type":"EntryPoint","urlTemplate":"https:\/\/repliquemangacine.fr\/?s={search_term_string}"},"query-input":{"@type":"PropertyValueSpecification","valueRequired":true,"valueName":"search_term_string"}}],"inLanguage":"de"},{"@type":"Organization","@id":"https:\/\/repliquemangacine.fr\/#organization","name":"R\u00e9plique Manga Cin\u00e9","url":"https:\/\/repliquemangacine.fr\/","logo":{"@type":"ImageObject","inLanguage":"de","@id":"https:\/\/repliquemangacine.fr\/#\/schema\/logo\/image\/","url":"https:\/\/repliquemangacine.fr\/wp-content\/uploads\/2023\/10\/RMC-500250.png","contentUrl":"https:\/\/repliquemangacine.fr\/wp-content\/uploads\/2023\/10\/RMC-500250.png","width":500,"height":250,"caption":"R\u00e9plique Manga Cin\u00e9"},"image":{"@id":"https:\/\/repliquemangacine.fr\/#\/schema\/logo\/image\/"},"sameAs":["https:\/\/www.facebook.com\/RepliqueMangaCine","https:\/\/www.instagram.com\/repliquemangacine.fr\/"]}]}},"_links":{"self":[{"href":"https:\/\/repliquemangacine.fr\/de\/wp-json\/wp\/v2\/product\/81312","targetHints":{"allow":["GET"]}}],"collection":[{"href":"https:\/\/repliquemangacine.fr\/de\/wp-json\/wp\/v2\/product"}],"about":[{"href":"https:\/\/repliquemangacine.fr\/de\/wp-json\/wp\/v2\/types\/product"}],"wp:featuredmedia":[{"embeddable":true,"href":"https:\/\/repliquemangacine.fr\/de\/wp-json\/wp\/v2\/media\/81313"}],"wp:attachment":[{"href":"https:\/\/repliquemangacine.fr\/de\/wp-json\/wp\/v2\/media?parent=81312"}],"wp:term":[{"taxonomy":"product_brand","embeddable":true,"href":"https:\/\/repliquemangacine.fr\/de\/wp-json\/wp\/v2\/product_brand?post=81312"},{"taxonomy":"product_cat","embeddable":true,"href":"https:\/\/repliquemangacine.fr\/de\/wp-json\/wp\/v2\/product_cat?post=81312"},{"taxonomy":"product_tag","embeddable":true,"href":"https:\/\/repliquemangacine.fr\/de\/wp-json\/wp\/v2\/product_tag?post=81312"}],"curies":[{"name":"wp","href":"https:\/\/api.w.org\/{rel}","templated":true}]}}