





{"id":81303,"date":"2025-01-18T16:36:28","date_gmt":"2025-01-18T15:36:28","guid":{"rendered":"https:\/\/repliquemangacine.fr\/?post_type=product&#038;p=81303"},"modified":"2025-12-30T13:38:10","modified_gmt":"2025-12-30T12:38:10","slug":"axt-von-kratos-god-of-war","status":"publish","type":"product","link":"https:\/\/repliquemangacine.fr\/de\/katana-et-epee-de-jeux-video-autre-jeux-video\/hache-de-kratos-god-of-war\/","title":{"rendered":"Kratos' Axt God of War"},"content":{"rendered":"<h2>Die Leviathan-Axt von Kratos: eine originalgetreue und beeindruckende Nachbildung<\/h2>\n<p>Zun\u00e4chst einmal ist die Leviathan-Axt von Kratos ein au\u00dfergew\u00f6hnliches St\u00fcck f\u00fcr alle Fans von <a href=\"https:\/\/godofwar.fandom.com\/fr\/wiki\/Wiki_God_of_War\" target=\"_blank\" rel=\"noopener noreferrer\">God of War<\/a>. Ihr Kopf aus rostfreiem Stahl ist mit authentischen nordischen Motiven graviert. Dank eines fluoreszierenden Effekts leuchtet er im Dunkeln, wodurch er noch realistischer wirkt. Der Griff aus Glasfaser ist innen mit Metall verst\u00e4rkt und somit besonders robust. Ein Riemen aus Kunstleder sorgt f\u00fcr einen bequemen und ergonomischen Griff. Die Axt wird mit einem diskreten Holzst\u00e4nder geliefert, der ihre ganze Pr\u00e4senz hervorhebt. Der Kopf der Axt misst 30 cm, w\u00e4hrend die Gesamtl\u00e4nge 105 cm betr\u00e4gt. Mit einem Gewicht von 8000 g ist diese Axt ein echtes Symbol der Macht. Jedes Detail wurde durchdacht, um die \u00c4sthetik der mythischen Waffe im Spiel zu respektieren.<\/p>\n<h2>Die Bedeutung von Waffen in der Welt von God of War<\/h2>\n<p>In God of War sind Waffen \u00fcbrigens nicht nur einfache Kampfwerkzeuge. Vielmehr sind sie die Verl\u00e4ngerung von Kratos und seinem Rachefuror. Die Axt Leviathan ist die Erbin der m\u00e4chtigsten nordischen Waffen, die Feinde einfrieren und in die Hand ihres Tr\u00e4gers zur\u00fcckkehren kann. Im Laufe der Saga hat also jede Waffe eine reiche Geschichte und einen tiefgreifenden Einfluss auf die Entwicklung des Charakters. Dar\u00fcber hinaus sind die von Tragik gepr\u00e4gten Chaosklingen ein Symbol f\u00fcr Kratos' Vergangenheit. Jede Waffe verk\u00f6rpert einen Teil seines Schicksals und seines inneren Kampfes. Die Kampfmechanismen von God of War basieren auf diesen ikonischen Waffen und erm\u00f6glichen eine gro\u00dfe Vielfalt an Angriffsstilen. Die Beherrschung dieser Waffen ist entscheidend f\u00fcr das Vorankommen und den Kampf gegen die zahlreichen Feinde. Sie machen aus Kratos einen furchterregenden und unerbittlichen Krieger.<\/p>\n<h2>Entdecken Sie weitere legend\u00e4re Waffen auf R\u00e9plique Manga Cin\u00e9<\/h2>\n<p>Auf R\u00e9plique Manga Cin\u00e9 finden Sie eine einzigartige Auswahl an originalgetreu nachgebildeten Waffen aus Videospielen. Sie k\u00f6nnen die<a href=\"https:\/\/repliquemangacine.fr\/de\/katana-und-schwert-von-videospielen-andere-videospiele\/hardedge-schwert-von-cloud-strife-final-fantasy-vii-remake\/\">Hardedge-Schwert von Cloud Strife<\/a> aus Final Fantasy VII Remake, das aus hochdichtem Schaumstoff gefertigt ist, um ein sicheres Gef\u00fchl zu vermitteln. F\u00fcr Fans von Genshin Impact, <a href=\"https:\/\/repliquemangacine.fr\/de\/genshin-impact\/schwert-fredom-sworn-in-genshin-impact\/\">das Schwert Freedom-Sworn<\/a> ist ebenfalls in unserer Sammlung erh\u00e4ltlich. Fans von Ghost of Tsushima werden den <a href=\"https:\/\/repliquemangacine.fr\/de\/katana-und-schwert-von-videospielen-andere-videospiele\/katana-sakai-schmiede-ghost-of-tsushima\/\">Katana von Jin Saka\u00ef<\/a>Das ist ein sehr gutes Beispiel daf\u00fcr. Und nat\u00fcrlich darf man auch nicht die <a href=\"https:\/\/repliquemangacine.fr\/de\/repliken-manga-videospiele\/kratos-chaosklingen\/\">Chaosklingen von Kratos<\/a>Diese Waffen sind in Metall und Schaumstoff erh\u00e4ltlich, um jeden Sammler zufrieden zu stellen. Ob Sie nun ein Fan von God of War oder anderen Kultlizenzen sind, unser Katalog ist voll von ikonischen Waffen. Kurzum, machen Sie Ihre Sammlung zu einer Hommage an die gr\u00f6\u00dften Videospiele der Geschichte.<\/p>","protected":false},"excerpt":{"rendered":"<p>Beeindruckende Axt von Kratos Leviathan in God of War<\/p>\n<ul>\n<li>Axtkopf aus rostfreiem Stahl mit Gravur und Leuchtstoffr\u00f6hren.<\/li>\n<li>Fiberglasgriff mit Metall im Inneren.<\/li>\n<li>Riemen aus Kunstleder f\u00fcr einen guten Griff<\/li>\n<li>Wird mit einem kleinen, unauff\u00e4lligen Holzst\u00e4nder geliefert, damit die Axt den ganzen Platz hat.<\/li>\n<li>L\u00e4nge des Kopfes: 30 cm - L\u00e4nge der Axt: 105 cm<\/li>\n<li>Gewicht: 8000g<\/li>\n<\/ul>","protected":false},"featured_media":81305,"template":"","meta":[],"product_brand":[896],"product_cat":[67],"product_tag":[],"class_list":{"0":"post-81303","1":"product","2":"type-product","3":"status-publish","4":"has-post-thumbnail","6":"product_brand-replique-manga-cine","7":"product_cat-katana-et-epee-de-jeux-video-autre-jeux-video","9":"first","10":"outofstock","11":"taxable","12":"shipping-taxable","13":"purchasable","14":"product-type-simple"},"yoast_head":"<!-- This site is optimized with the Yoast SEO plugin v27.5 - https:\/\/yoast.com\/product\/yoast-seo-wordpress\/ -->\n<title>Hache de Kratos God of War - R\u00e9plique Manga Cin\u00e9<\/title>\n<meta name=\"description\" content=\"En exclusivit\u00e9, cette Hache de Kratos Leviathan dans God of War. T\u00eate de hache en acier inoxydable, grav\u00e9e et fluosrescente. Poids : 8 kg - 105 cm\" \/>\n<meta name=\"robots\" content=\"index, follow, max-snippet:-1, max-image-preview:large, max-video-preview:-1\" \/>\n<link rel=\"canonical\" href=\"https:\/\/repliquemangacine.fr\/de\/katana-und-schwert-von-videospielen-andere-videospiele\/axt-von-kratos-god-of-war\/\" \/>\n<meta property=\"og:locale\" content=\"de_DE\" \/>\n<meta property=\"og:type\" content=\"article\" \/>\n<meta property=\"og:title\" content=\"Hache de Kratos God of War - R\u00e9plique Manga Cin\u00e9\" \/>\n<meta property=\"og:description\" content=\"En exclusivit\u00e9, cette Hache de Kratos Leviathan dans God of War. T\u00eate de hache en acier inoxydable, grav\u00e9e et fluosrescente. Poids : 8 kg - 105 cm\" \/>\n<meta property=\"og:url\" content=\"https:\/\/repliquemangacine.fr\/de\/katana-und-schwert-von-videospielen-andere-videospiele\/axt-von-kratos-god-of-war\/\" \/>\n<meta property=\"og:site_name\" content=\"R\u00e9plique Manga Cin\u00e9\" \/>\n<meta property=\"article:publisher\" content=\"https:\/\/www.facebook.com\/RepliqueMangaCine\" \/>\n<meta property=\"article:modified_time\" content=\"2025-12-30T12:38:10+00:00\" \/>\n<meta property=\"og:image\" content=\"https:\/\/repliquemangacine.fr\/wp-content\/uploads\/2025\/01\/Hache-de-Kratos-God-of-War-hache-leviathan.jpg\" \/>\n\t<meta property=\"og:image:width\" content=\"500\" \/>\n\t<meta property=\"og:image:height\" content=\"500\" \/>\n\t<meta property=\"og:image:type\" content=\"image\/jpeg\" \/>\n<meta name=\"twitter:card\" content=\"summary_large_image\" \/>\n<meta name=\"twitter:label1\" content=\"Gesch\u00e4tzte Lesezeit\" \/>\n\t<meta name=\"twitter:data1\" content=\"3\u00a0Minuten\" \/>\n<script type=\"application\/ld+json\" class=\"yoast-schema-graph\">{\"@context\":\"https:\\\/\\\/schema.org\",\"@graph\":[{\"@type\":\"WebPage\",\"@id\":\"https:\\\/\\\/repliquemangacine.fr\\\/katana-et-epee-de-jeux-video-autre-jeux-video\\\/hache-de-kratos-god-of-war\\\/\",\"url\":\"https:\\\/\\\/repliquemangacine.fr\\\/katana-et-epee-de-jeux-video-autre-jeux-video\\\/hache-de-kratos-god-of-war\\\/\",\"name\":\"Hache de Kratos God of War - R\u00e9plique Manga Cin\u00e9\",\"isPartOf\":{\"@id\":\"https:\\\/\\\/repliquemangacine.fr\\\/#website\"},\"primaryImageOfPage\":{\"@id\":\"https:\\\/\\\/repliquemangacine.fr\\\/katana-et-epee-de-jeux-video-autre-jeux-video\\\/hache-de-kratos-god-of-war\\\/#primaryimage\"},\"image\":{\"@id\":\"https:\\\/\\\/repliquemangacine.fr\\\/katana-et-epee-de-jeux-video-autre-jeux-video\\\/hache-de-kratos-god-of-war\\\/#primaryimage\"},\"thumbnailUrl\":\"https:\\\/\\\/repliquemangacine.fr\\\/wp-content\\\/uploads\\\/2025\\\/01\\\/Hache-de-Kratos-God-of-War-hache-leviathan.jpg\",\"datePublished\":\"2025-01-18T15:36:28+00:00\",\"dateModified\":\"2025-12-30T12:38:10+00:00\",\"description\":\"En exclusivit\u00e9, cette Hache de Kratos Leviathan dans God of War. T\u00eate de hache en acier inoxydable, grav\u00e9e et fluosrescente. Poids : 8 kg - 105 cm\",\"breadcrumb\":{\"@id\":\"https:\\\/\\\/repliquemangacine.fr\\\/katana-et-epee-de-jeux-video-autre-jeux-video\\\/hache-de-kratos-god-of-war\\\/#breadcrumb\"},\"inLanguage\":\"de\",\"potentialAction\":[{\"@type\":\"ReadAction\",\"target\":[\"https:\\\/\\\/repliquemangacine.fr\\\/katana-et-epee-de-jeux-video-autre-jeux-video\\\/hache-de-kratos-god-of-war\\\/\"]}]},{\"@type\":\"ImageObject\",\"inLanguage\":\"de\",\"@id\":\"https:\\\/\\\/repliquemangacine.fr\\\/katana-et-epee-de-jeux-video-autre-jeux-video\\\/hache-de-kratos-god-of-war\\\/#primaryimage\",\"url\":\"https:\\\/\\\/repliquemangacine.fr\\\/wp-content\\\/uploads\\\/2025\\\/01\\\/Hache-de-Kratos-God-of-War-hache-leviathan.jpg\",\"contentUrl\":\"https:\\\/\\\/repliquemangacine.fr\\\/wp-content\\\/uploads\\\/2025\\\/01\\\/Hache-de-Kratos-God-of-War-hache-leviathan.jpg\",\"width\":500,\"height\":500,\"caption\":\"Hache de Kratos dans God of War\"},{\"@type\":\"BreadcrumbList\",\"@id\":\"https:\\\/\\\/repliquemangacine.fr\\\/katana-et-epee-de-jeux-video-autre-jeux-video\\\/hache-de-kratos-god-of-war\\\/#breadcrumb\",\"itemListElement\":[{\"@type\":\"ListItem\",\"position\":1,\"name\":\"Accueil\",\"item\":\"https:\\\/\\\/repliquemangacine.fr\\\/\"},{\"@type\":\"ListItem\",\"position\":2,\"name\":\"Produits\",\"item\":\"https:\\\/\\\/repliquemangacine.fr\\\/boutique\\\/\"},{\"@type\":\"ListItem\",\"position\":3,\"name\":\"Hache de Kratos God of War\"}]},{\"@type\":\"WebSite\",\"@id\":\"https:\\\/\\\/repliquemangacine.fr\\\/#website\",\"url\":\"https:\\\/\\\/repliquemangacine.fr\\\/\",\"name\":\"R\u00e9plique Manga Cin\u00e9\",\"description\":\"\",\"publisher\":{\"@id\":\"https:\\\/\\\/repliquemangacine.fr\\\/#organization\"},\"potentialAction\":[{\"@type\":\"SearchAction\",\"target\":{\"@type\":\"EntryPoint\",\"urlTemplate\":\"https:\\\/\\\/repliquemangacine.fr\\\/?s={search_term_string}\"},\"query-input\":{\"@type\":\"PropertyValueSpecification\",\"valueRequired\":true,\"valueName\":\"search_term_string\"}}],\"inLanguage\":\"de\"},{\"@type\":\"Organization\",\"@id\":\"https:\\\/\\\/repliquemangacine.fr\\\/#organization\",\"name\":\"R\u00e9plique Manga Cin\u00e9\",\"url\":\"https:\\\/\\\/repliquemangacine.fr\\\/\",\"logo\":{\"@type\":\"ImageObject\",\"inLanguage\":\"de\",\"@id\":\"https:\\\/\\\/repliquemangacine.fr\\\/#\\\/schema\\\/logo\\\/image\\\/\",\"url\":\"https:\\\/\\\/repliquemangacine.fr\\\/wp-content\\\/uploads\\\/2023\\\/10\\\/RMC-500250.png\",\"contentUrl\":\"https:\\\/\\\/repliquemangacine.fr\\\/wp-content\\\/uploads\\\/2023\\\/10\\\/RMC-500250.png\",\"width\":500,\"height\":250,\"caption\":\"R\u00e9plique Manga Cin\u00e9\"},\"image\":{\"@id\":\"https:\\\/\\\/repliquemangacine.fr\\\/#\\\/schema\\\/logo\\\/image\\\/\"},\"sameAs\":[\"https:\\\/\\\/www.facebook.com\\\/RepliqueMangaCine\",\"https:\\\/\\\/www.instagram.com\\\/repliquemangacine.fr\\\/\"]}]}<\/script>\n<!-- \/ Yoast SEO plugin. -->","yoast_head_json":{"title":"God of War Kratos' Axt - R\u00e9plique Manga Cin\u00e9","description":"Exklusiv f\u00fcr Sie erh\u00e4ltlich ist diese Axt von Kratos Leviathan in God of War. Axtkopf aus rostfreiem Stahl, graviert und fluoreszierend. Gewicht: 8 kg - 105 cm","robots":{"index":"index","follow":"follow","max-snippet":"max-snippet:-1","max-image-preview":"max-image-preview:large","max-video-preview":"max-video-preview:-1"},"canonical":"https:\/\/repliquemangacine.fr\/de\/katana-und-schwert-von-videospielen-andere-videospiele\/axt-von-kratos-god-of-war\/","og_locale":"de_DE","og_type":"article","og_title":"Hache de Kratos God of War - R\u00e9plique Manga Cin\u00e9","og_description":"En exclusivit\u00e9, cette Hache de Kratos Leviathan dans God of War. T\u00eate de hache en acier inoxydable, grav\u00e9e et fluosrescente. Poids : 8 kg - 105 cm","og_url":"https:\/\/repliquemangacine.fr\/de\/katana-und-schwert-von-videospielen-andere-videospiele\/axt-von-kratos-god-of-war\/","og_site_name":"R\u00e9plique Manga Cin\u00e9","article_publisher":"https:\/\/www.facebook.com\/RepliqueMangaCine","article_modified_time":"2025-12-30T12:38:10+00:00","og_image":[{"width":500,"height":500,"url":"https:\/\/repliquemangacine.fr\/wp-content\/uploads\/2025\/01\/Hache-de-Kratos-God-of-War-hache-leviathan.jpg","type":"image\/jpeg"}],"twitter_card":"summary_large_image","twitter_misc":{"Gesch\u00e4tzte Lesezeit":"3\u00a0Minuten"},"schema":{"@context":"https:\/\/schema.org","@graph":[{"@type":"WebPage","@id":"https:\/\/repliquemangacine.fr\/katana-et-epee-de-jeux-video-autre-jeux-video\/hache-de-kratos-god-of-war\/","url":"https:\/\/repliquemangacine.fr\/katana-et-epee-de-jeux-video-autre-jeux-video\/hache-de-kratos-god-of-war\/","name":"God of War Kratos' Axt - R\u00e9plique Manga Cin\u00e9","isPartOf":{"@id":"https:\/\/repliquemangacine.fr\/#website"},"primaryImageOfPage":{"@id":"https:\/\/repliquemangacine.fr\/katana-et-epee-de-jeux-video-autre-jeux-video\/hache-de-kratos-god-of-war\/#primaryimage"},"image":{"@id":"https:\/\/repliquemangacine.fr\/katana-et-epee-de-jeux-video-autre-jeux-video\/hache-de-kratos-god-of-war\/#primaryimage"},"thumbnailUrl":"https:\/\/repliquemangacine.fr\/wp-content\/uploads\/2025\/01\/Hache-de-Kratos-God-of-War-hache-leviathan.jpg","datePublished":"2025-01-18T15:36:28+00:00","dateModified":"2025-12-30T12:38:10+00:00","description":"Exklusiv f\u00fcr Sie erh\u00e4ltlich ist diese Axt von Kratos Leviathan in God of War. Axtkopf aus rostfreiem Stahl, graviert und fluoreszierend. Gewicht: 8 kg - 105 cm","breadcrumb":{"@id":"https:\/\/repliquemangacine.fr\/katana-et-epee-de-jeux-video-autre-jeux-video\/hache-de-kratos-god-of-war\/#breadcrumb"},"inLanguage":"de","potentialAction":[{"@type":"ReadAction","target":["https:\/\/repliquemangacine.fr\/katana-et-epee-de-jeux-video-autre-jeux-video\/hache-de-kratos-god-of-war\/"]}]},{"@type":"ImageObject","inLanguage":"de","@id":"https:\/\/repliquemangacine.fr\/katana-et-epee-de-jeux-video-autre-jeux-video\/hache-de-kratos-god-of-war\/#primaryimage","url":"https:\/\/repliquemangacine.fr\/wp-content\/uploads\/2025\/01\/Hache-de-Kratos-God-of-War-hache-leviathan.jpg","contentUrl":"https:\/\/repliquemangacine.fr\/wp-content\/uploads\/2025\/01\/Hache-de-Kratos-God-of-War-hache-leviathan.jpg","width":500,"height":500,"caption":"Hache de Kratos dans God of War"},{"@type":"BreadcrumbList","@id":"https:\/\/repliquemangacine.fr\/katana-et-epee-de-jeux-video-autre-jeux-video\/hache-de-kratos-god-of-war\/#breadcrumb","itemListElement":[{"@type":"ListItem","position":1,"name":"Accueil","item":"https:\/\/repliquemangacine.fr\/"},{"@type":"ListItem","position":2,"name":"Produits","item":"https:\/\/repliquemangacine.fr\/boutique\/"},{"@type":"ListItem","position":3,"name":"Hache de Kratos God of War"}]},{"@type":"WebSite","@id":"https:\/\/repliquemangacine.fr\/#website","url":"https:\/\/repliquemangacine.fr\/","name":"R\u00e9plique Manga Cin\u00e9","description":"","publisher":{"@id":"https:\/\/repliquemangacine.fr\/#organization"},"potentialAction":[{"@type":"SearchAction","target":{"@type":"EntryPoint","urlTemplate":"https:\/\/repliquemangacine.fr\/?s={search_term_string}"},"query-input":{"@type":"PropertyValueSpecification","valueRequired":true,"valueName":"search_term_string"}}],"inLanguage":"de"},{"@type":"Organization","@id":"https:\/\/repliquemangacine.fr\/#organization","name":"R\u00e9plique Manga Cin\u00e9","url":"https:\/\/repliquemangacine.fr\/","logo":{"@type":"ImageObject","inLanguage":"de","@id":"https:\/\/repliquemangacine.fr\/#\/schema\/logo\/image\/","url":"https:\/\/repliquemangacine.fr\/wp-content\/uploads\/2023\/10\/RMC-500250.png","contentUrl":"https:\/\/repliquemangacine.fr\/wp-content\/uploads\/2023\/10\/RMC-500250.png","width":500,"height":250,"caption":"R\u00e9plique Manga Cin\u00e9"},"image":{"@id":"https:\/\/repliquemangacine.fr\/#\/schema\/logo\/image\/"},"sameAs":["https:\/\/www.facebook.com\/RepliqueMangaCine","https:\/\/www.instagram.com\/repliquemangacine.fr\/"]}]}},"_links":{"self":[{"href":"https:\/\/repliquemangacine.fr\/de\/wp-json\/wp\/v2\/product\/81303","targetHints":{"allow":["GET"]}}],"collection":[{"href":"https:\/\/repliquemangacine.fr\/de\/wp-json\/wp\/v2\/product"}],"about":[{"href":"https:\/\/repliquemangacine.fr\/de\/wp-json\/wp\/v2\/types\/product"}],"wp:featuredmedia":[{"embeddable":true,"href":"https:\/\/repliquemangacine.fr\/de\/wp-json\/wp\/v2\/media\/81305"}],"wp:attachment":[{"href":"https:\/\/repliquemangacine.fr\/de\/wp-json\/wp\/v2\/media?parent=81303"}],"wp:term":[{"taxonomy":"product_brand","embeddable":true,"href":"https:\/\/repliquemangacine.fr\/de\/wp-json\/wp\/v2\/product_brand?post=81303"},{"taxonomy":"product_cat","embeddable":true,"href":"https:\/\/repliquemangacine.fr\/de\/wp-json\/wp\/v2\/product_cat?post=81303"},{"taxonomy":"product_tag","embeddable":true,"href":"https:\/\/repliquemangacine.fr\/de\/wp-json\/wp\/v2\/product_tag?post=81303"}],"curies":[{"name":"wp","href":"https:\/\/api.w.org\/{rel}","templated":true}]}}