





{"id":81274,"date":"2025-01-18T15:32:39","date_gmt":"2025-01-18T14:32:39","guid":{"rendered":"https:\/\/repliquemangacine.fr\/?post_type=product&#038;p=81274"},"modified":"2025-11-13T14:51:47","modified_gmt":"2025-11-13T13:51:47","slug":"heiliges-schwert-excalibur-kirito-in-alfheim-online-sword-art-online","status":"publish","type":"product","link":"https:\/\/repliquemangacine.fr\/de\/epee-sword-art-online\/epee-sacree-excalibur-kirito-dans-alfheim-online-sword-art-online\/","title":{"rendered":"Heiliges Schwert Excalibur Kirito in Alfheim Online"},"content":{"rendered":"<h2>Kiritos heiliges Schwert Excalibur in Alfheim Online (SAO Fractured Daydream )<\/h2>\n<p>Zun\u00e4chst einmal verk\u00f6rpert das heilige Schwert Excalibur die Perfektion einer legend\u00e4ren Waffe. Geschmiedet wurde es vom Gott der Schmiede, V\u00f6lundr. Dieses majest\u00e4tische Schwert ist das m\u00e4chtigste Schwert im ganzen K\u00f6nigreich und \u00fcbertrifft sogar das d\u00e4monische Schwert Gram. Sein einzigartiges Design vereint eine lange Klinge aus blendendem Gold mit einem fl\u00fcgelf\u00f6rmigen Heft, das mit drei funkelnden Edelsteinen verziert ist. Die Hand wird von einem raffiniert vergoldeten Griff gehalten. So spiegelt sich der ganze Adel dieser mythischen Waffe wider. H\u00f6chste Belohnung f\u00fcr die Quest \"Das heilige Schwert des Eispalastes\". Es sei darauf hingewiesen, dass das Schwert Excalibur derzeit in den H\u00e4nden des Helden Kirito liegt. Er erh\u00e4lt es durch das Abschlie\u00dfen einer Quest in <a href=\"https:\/\/swordartonline-fandom-com.translate.goog\/wiki\/J%C3%B6tunheimr?_x_tr_sl=en&amp;_x_tr_tl=fr&amp;_x_tr_hl=fr&amp;_x_tr_pto=sc\" target=\"_blank\" rel=\"noopener noreferrer\">J\u00f6tunheimr<\/a>. Als Symbol f\u00fcr Macht und Ruhm ist dieses Schwert das Objekt der Begierde in der Welt der Spieler.<\/p>\n<h2>Weitere Ikonische Waffen aus dem SAO-Universum<\/h2>\n<p>Zun\u00e4chst einmal gibt es in der Welt von SAO viele Waffen, die genauso faszinierend sind wie das heilige Schwert Excalibur. Dazu geh\u00f6rt das Schwert <a href=\"https:\/\/repliquemangacine.fr\/de\/sword-art-epee-online\/schwert-dark-repulser-kirito-sao\/\">Dark Repulser<\/a> und die<a href=\"https:\/\/repliquemangacine.fr\/de\/sword-art-epee-online\/elucidator-schwert-kirito-sao\/\">Elucidator-Schwert<\/a>zwei legend\u00e4re Waffen, die von Kirito gef\u00fchrt werden. \u00dcbrigens, die sich durch ihre \u00c4sthetik und ihre Kraft auszeichnen. Elucidator, mit seiner imposanten schwarzen Klinge, verk\u00f6rpert Entschlossenheit und Effizienz. W\u00e4hrend Dark Repulser, das aus dem seltenen Kristall Crystalite Ingot gefertigt wurde, durch seinen einzigartigen t\u00fcrkisfarbenen Glanz auff\u00e4llt. Und Asuna, der Blitz von SAO, schwingt mit Anmut die <a href=\"https:\/\/repliquemangacine.fr\/de\/sword-art-epee-online\/schwert-lambent-light-rapiere-asuna-sao\/\">Rapier Lambent Light<\/a>Eine leichte und pr\u00e4zise Waffe, die sich perfekt f\u00fcr schnelle und verheerende Angriffe eignet. Diese Waffen sind nicht nur Kampfwerkzeuge, sondern zentrale Elemente der Identit\u00e4t der Charaktere, die ihre St\u00e4rke und ihre Geschichte widerspiegeln.<\/p>\n<h2>Das Heilige Schwert Excalibur: Ein einzigartiges Einkaufserlebnis auf unserer Seite<\/h2>\n<p>Auf R\u00e9plique Manga Cin\u00e9 bieten wir Ihnen die perfekte Replik des heiligen Schwertes Excalibur. Vereint Qualit\u00e4t und Authentizit\u00e4t. Wir legen gro\u00dfen Wert auf die Zufriedenheit unserer Kunden mit einer schnellen Lieferung innerhalb von 24\/48 Stunden. Eine sichere Zahlung 100%, und garantierte Bewertungen, um Ihnen bei Ihrer Wahl zu helfen. Unsere Website zeichnet sich durch eine gro\u00dfe Auswahl an Nachbildungen von Waffen aus Ihren Lieblingsfranchises aus.  Au\u00dferdem gibt es detaillierte Beschreibungen und originalgetreue Fotos. Egal, ob Sie ein leidenschaftlicher Sammler oder ein Liebhaber mythischer Gegenst\u00e4nde sind. Wir haben genau das Richtige f\u00fcr Sie. Vertrauen Sie auf unsere Expertise, um Ihre Sammlung mit einzigartigen und ikonischen St\u00fccken zu bereichern.<\/p>\n<p>&nbsp;<\/p>","protected":false},"excerpt":{"rendered":"<p>Originalgetreue Replik des heiligen Schwertes Excalibur in Alfheim Online (SAO Fractured Daydream )<\/p>\n<ul>\n<li>Vollst\u00e4ndig aus vergoldetem Metall hergestellt<\/li>\n<li>Klinge aus nicht scharfem Stahl<\/li>\n<li>Der gekreuzte Schutz hat die Form eines kleinen Fl\u00fcgelpaars und besitzt eine kleine gr\u00fcne dreieckige Platte mit drei Edelsteinen darauf.<\/li>\n<li>Speziell geformter Knauf und Oberseite des Schutzes<\/li>\n<li>Wird mit einer Scheide aus schwarzem Kunstleder geliefert<\/li>\n<li>L\u00e4nge der Klinge: 76 cm - Gesamtl\u00e4nge: 108.5 cm<\/li>\n<li>Gewicht: 2180 g<\/li>\n<\/ul>","protected":false},"featured_media":81276,"template":"","meta":[],"product_brand":[896],"product_cat":[53],"product_tag":[],"class_list":{"0":"post-81274","1":"product","2":"type-product","3":"status-publish","4":"has-post-thumbnail","6":"product_brand-replique-manga-cine","7":"product_cat-epee-sword-art-online","9":"first","10":"instock","11":"taxable","12":"shipping-taxable","13":"purchasable","14":"product-type-simple"},"yoast_head":"<!-- This site is optimized with the Yoast SEO plugin v27.5 - https:\/\/yoast.com\/product\/yoast-seo-wordpress\/ -->\n<title>\u00c9p\u00e9e sacr\u00e9e Excalibur Kirito dans Alfheim Online - R\u00e9plique Manga Cin\u00e9<\/title>\n<meta name=\"description\" content=\"D\u00e9couvrez la r\u00e9plique de l\u2019\u00e9p\u00e9e sacr\u00e9e Excalibur issue de l&#039;univers de Alfheim Online dans Sword Art Online: Fractured Daydream. Tout en acier. 108.5 cm\" \/>\n<meta name=\"robots\" content=\"index, follow, max-snippet:-1, max-image-preview:large, max-video-preview:-1\" \/>\n<link rel=\"canonical\" href=\"https:\/\/repliquemangacine.fr\/de\/sword-art-epee-online\/heiliges-schwert-excalibur-kirito-in-alfheim-online-sword-art-online\/\" \/>\n<meta property=\"og:locale\" content=\"de_DE\" \/>\n<meta property=\"og:type\" content=\"article\" \/>\n<meta property=\"og:title\" content=\"\u00c9p\u00e9e sacr\u00e9e Excalibur Kirito dans Alfheim Online - R\u00e9plique Manga Cin\u00e9\" \/>\n<meta property=\"og:description\" content=\"D\u00e9couvrez la r\u00e9plique de l\u2019\u00e9p\u00e9e sacr\u00e9e Excalibur issue de l&#039;univers de Alfheim Online dans Sword Art Online: Fractured Daydream. Tout en acier. 108.5 cm\" \/>\n<meta property=\"og:url\" content=\"https:\/\/repliquemangacine.fr\/de\/sword-art-epee-online\/heiliges-schwert-excalibur-kirito-in-alfheim-online-sword-art-online\/\" \/>\n<meta property=\"og:site_name\" content=\"R\u00e9plique Manga Cin\u00e9\" \/>\n<meta property=\"article:publisher\" content=\"https:\/\/www.facebook.com\/RepliqueMangaCine\" \/>\n<meta property=\"article:modified_time\" content=\"2025-11-13T13:51:47+00:00\" \/>\n<meta property=\"og:image\" content=\"https:\/\/repliquemangacine.fr\/wp-content\/uploads\/2025\/01\/Epee-sacree-Excalibur-Kirito-dans-Alfheim-Online-1.jpg\" \/>\n\t<meta property=\"og:image:width\" content=\"500\" \/>\n\t<meta property=\"og:image:height\" content=\"500\" \/>\n\t<meta property=\"og:image:type\" content=\"image\/jpeg\" \/>\n<meta name=\"twitter:card\" content=\"summary_large_image\" \/>\n<meta name=\"twitter:label1\" content=\"Gesch\u00e4tzte Lesezeit\" \/>\n\t<meta name=\"twitter:data1\" content=\"3\u00a0Minuten\" \/>\n<script type=\"application\/ld+json\" class=\"yoast-schema-graph\">{\"@context\":\"https:\\\/\\\/schema.org\",\"@graph\":[{\"@type\":\"WebPage\",\"@id\":\"https:\\\/\\\/repliquemangacine.fr\\\/epee-sword-art-online\\\/epee-sacree-excalibur-kirito-dans-alfheim-online-sword-art-online\\\/\",\"url\":\"https:\\\/\\\/repliquemangacine.fr\\\/epee-sword-art-online\\\/epee-sacree-excalibur-kirito-dans-alfheim-online-sword-art-online\\\/\",\"name\":\"\u00c9p\u00e9e sacr\u00e9e Excalibur Kirito dans Alfheim Online - R\u00e9plique Manga Cin\u00e9\",\"isPartOf\":{\"@id\":\"https:\\\/\\\/repliquemangacine.fr\\\/#website\"},\"primaryImageOfPage\":{\"@id\":\"https:\\\/\\\/repliquemangacine.fr\\\/epee-sword-art-online\\\/epee-sacree-excalibur-kirito-dans-alfheim-online-sword-art-online\\\/#primaryimage\"},\"image\":{\"@id\":\"https:\\\/\\\/repliquemangacine.fr\\\/epee-sword-art-online\\\/epee-sacree-excalibur-kirito-dans-alfheim-online-sword-art-online\\\/#primaryimage\"},\"thumbnailUrl\":\"https:\\\/\\\/repliquemangacine.fr\\\/wp-content\\\/uploads\\\/2025\\\/01\\\/Epee-sacree-Excalibur-Kirito-dans-Alfheim-Online-1.jpg\",\"datePublished\":\"2025-01-18T14:32:39+00:00\",\"dateModified\":\"2025-11-13T13:51:47+00:00\",\"description\":\"D\u00e9couvrez la r\u00e9plique de l\u2019\u00e9p\u00e9e sacr\u00e9e Excalibur issue de l'univers de Alfheim Online dans Sword Art Online: Fractured Daydream. Tout en acier. 108.5 cm\",\"breadcrumb\":{\"@id\":\"https:\\\/\\\/repliquemangacine.fr\\\/epee-sword-art-online\\\/epee-sacree-excalibur-kirito-dans-alfheim-online-sword-art-online\\\/#breadcrumb\"},\"inLanguage\":\"de\",\"potentialAction\":[{\"@type\":\"ReadAction\",\"target\":[\"https:\\\/\\\/repliquemangacine.fr\\\/epee-sword-art-online\\\/epee-sacree-excalibur-kirito-dans-alfheim-online-sword-art-online\\\/\"]}]},{\"@type\":\"ImageObject\",\"inLanguage\":\"de\",\"@id\":\"https:\\\/\\\/repliquemangacine.fr\\\/epee-sword-art-online\\\/epee-sacree-excalibur-kirito-dans-alfheim-online-sword-art-online\\\/#primaryimage\",\"url\":\"https:\\\/\\\/repliquemangacine.fr\\\/wp-content\\\/uploads\\\/2025\\\/01\\\/Epee-sacree-Excalibur-Kirito-dans-Alfheim-Online-1.jpg\",\"contentUrl\":\"https:\\\/\\\/repliquemangacine.fr\\\/wp-content\\\/uploads\\\/2025\\\/01\\\/Epee-sacree-Excalibur-Kirito-dans-Alfheim-Online-1.jpg\",\"width\":500,\"height\":500,\"caption\":\"\u00c9p\u00e9e-sacr\u00e9e-Excalibur-Kirito-dans-Alfheim-Online\"},{\"@type\":\"BreadcrumbList\",\"@id\":\"https:\\\/\\\/repliquemangacine.fr\\\/epee-sword-art-online\\\/epee-sacree-excalibur-kirito-dans-alfheim-online-sword-art-online\\\/#breadcrumb\",\"itemListElement\":[{\"@type\":\"ListItem\",\"position\":1,\"name\":\"Accueil\",\"item\":\"https:\\\/\\\/repliquemangacine.fr\\\/\"},{\"@type\":\"ListItem\",\"position\":2,\"name\":\"Produits\",\"item\":\"https:\\\/\\\/repliquemangacine.fr\\\/boutique\\\/\"},{\"@type\":\"ListItem\",\"position\":3,\"name\":\"\u00c9p\u00e9e sacr\u00e9e Excalibur Kirito dans Alfheim Online\"}]},{\"@type\":\"WebSite\",\"@id\":\"https:\\\/\\\/repliquemangacine.fr\\\/#website\",\"url\":\"https:\\\/\\\/repliquemangacine.fr\\\/\",\"name\":\"R\u00e9plique Manga Cin\u00e9\",\"description\":\"\",\"publisher\":{\"@id\":\"https:\\\/\\\/repliquemangacine.fr\\\/#organization\"},\"potentialAction\":[{\"@type\":\"SearchAction\",\"target\":{\"@type\":\"EntryPoint\",\"urlTemplate\":\"https:\\\/\\\/repliquemangacine.fr\\\/?s={search_term_string}\"},\"query-input\":{\"@type\":\"PropertyValueSpecification\",\"valueRequired\":true,\"valueName\":\"search_term_string\"}}],\"inLanguage\":\"de\"},{\"@type\":\"Organization\",\"@id\":\"https:\\\/\\\/repliquemangacine.fr\\\/#organization\",\"name\":\"R\u00e9plique Manga Cin\u00e9\",\"url\":\"https:\\\/\\\/repliquemangacine.fr\\\/\",\"logo\":{\"@type\":\"ImageObject\",\"inLanguage\":\"de\",\"@id\":\"https:\\\/\\\/repliquemangacine.fr\\\/#\\\/schema\\\/logo\\\/image\\\/\",\"url\":\"https:\\\/\\\/repliquemangacine.fr\\\/wp-content\\\/uploads\\\/2023\\\/10\\\/RMC-500250.png\",\"contentUrl\":\"https:\\\/\\\/repliquemangacine.fr\\\/wp-content\\\/uploads\\\/2023\\\/10\\\/RMC-500250.png\",\"width\":500,\"height\":250,\"caption\":\"R\u00e9plique Manga Cin\u00e9\"},\"image\":{\"@id\":\"https:\\\/\\\/repliquemangacine.fr\\\/#\\\/schema\\\/logo\\\/image\\\/\"},\"sameAs\":[\"https:\\\/\\\/www.facebook.com\\\/RepliqueMangaCine\",\"https:\\\/\\\/www.instagram.com\\\/repliquemangacine.fr\\\/\"]}]}<\/script>\n<!-- \/ Yoast SEO plugin. -->","yoast_head_json":{"title":"Heiliges Schwert Excalibur Kirito in Alfheim Online - R\u00e9plique Manga Cin\u00e9","description":"Entdecken Sie in Sword Art Online: Fractured Daydream die Replik des heiligen Schwertes Excalibur aus der Welt von Alfheim Online. Ganz aus Stahl. 108,5 cm","robots":{"index":"index","follow":"follow","max-snippet":"max-snippet:-1","max-image-preview":"max-image-preview:large","max-video-preview":"max-video-preview:-1"},"canonical":"https:\/\/repliquemangacine.fr\/de\/sword-art-epee-online\/heiliges-schwert-excalibur-kirito-in-alfheim-online-sword-art-online\/","og_locale":"de_DE","og_type":"article","og_title":"\u00c9p\u00e9e sacr\u00e9e Excalibur Kirito dans Alfheim Online - R\u00e9plique Manga Cin\u00e9","og_description":"D\u00e9couvrez la r\u00e9plique de l\u2019\u00e9p\u00e9e sacr\u00e9e Excalibur issue de l'univers de Alfheim Online dans Sword Art Online: Fractured Daydream. Tout en acier. 108.5 cm","og_url":"https:\/\/repliquemangacine.fr\/de\/sword-art-epee-online\/heiliges-schwert-excalibur-kirito-in-alfheim-online-sword-art-online\/","og_site_name":"R\u00e9plique Manga Cin\u00e9","article_publisher":"https:\/\/www.facebook.com\/RepliqueMangaCine","article_modified_time":"2025-11-13T13:51:47+00:00","og_image":[{"width":500,"height":500,"url":"https:\/\/repliquemangacine.fr\/wp-content\/uploads\/2025\/01\/Epee-sacree-Excalibur-Kirito-dans-Alfheim-Online-1.jpg","type":"image\/jpeg"}],"twitter_card":"summary_large_image","twitter_misc":{"Gesch\u00e4tzte Lesezeit":"3\u00a0Minuten"},"schema":{"@context":"https:\/\/schema.org","@graph":[{"@type":"WebPage","@id":"https:\/\/repliquemangacine.fr\/epee-sword-art-online\/epee-sacree-excalibur-kirito-dans-alfheim-online-sword-art-online\/","url":"https:\/\/repliquemangacine.fr\/epee-sword-art-online\/epee-sacree-excalibur-kirito-dans-alfheim-online-sword-art-online\/","name":"Heiliges Schwert Excalibur Kirito in Alfheim Online - R\u00e9plique Manga Cin\u00e9","isPartOf":{"@id":"https:\/\/repliquemangacine.fr\/#website"},"primaryImageOfPage":{"@id":"https:\/\/repliquemangacine.fr\/epee-sword-art-online\/epee-sacree-excalibur-kirito-dans-alfheim-online-sword-art-online\/#primaryimage"},"image":{"@id":"https:\/\/repliquemangacine.fr\/epee-sword-art-online\/epee-sacree-excalibur-kirito-dans-alfheim-online-sword-art-online\/#primaryimage"},"thumbnailUrl":"https:\/\/repliquemangacine.fr\/wp-content\/uploads\/2025\/01\/Epee-sacree-Excalibur-Kirito-dans-Alfheim-Online-1.jpg","datePublished":"2025-01-18T14:32:39+00:00","dateModified":"2025-11-13T13:51:47+00:00","description":"Entdecken Sie in Sword Art Online: Fractured Daydream die Replik des heiligen Schwertes Excalibur aus der Welt von Alfheim Online. Ganz aus Stahl. 108,5 cm","breadcrumb":{"@id":"https:\/\/repliquemangacine.fr\/epee-sword-art-online\/epee-sacree-excalibur-kirito-dans-alfheim-online-sword-art-online\/#breadcrumb"},"inLanguage":"de","potentialAction":[{"@type":"ReadAction","target":["https:\/\/repliquemangacine.fr\/epee-sword-art-online\/epee-sacree-excalibur-kirito-dans-alfheim-online-sword-art-online\/"]}]},{"@type":"ImageObject","inLanguage":"de","@id":"https:\/\/repliquemangacine.fr\/epee-sword-art-online\/epee-sacree-excalibur-kirito-dans-alfheim-online-sword-art-online\/#primaryimage","url":"https:\/\/repliquemangacine.fr\/wp-content\/uploads\/2025\/01\/Epee-sacree-Excalibur-Kirito-dans-Alfheim-Online-1.jpg","contentUrl":"https:\/\/repliquemangacine.fr\/wp-content\/uploads\/2025\/01\/Epee-sacree-Excalibur-Kirito-dans-Alfheim-Online-1.jpg","width":500,"height":500,"caption":"\u00c9p\u00e9e-sacr\u00e9e-Excalibur-Kirito-dans-Alfheim-Online"},{"@type":"BreadcrumbList","@id":"https:\/\/repliquemangacine.fr\/epee-sword-art-online\/epee-sacree-excalibur-kirito-dans-alfheim-online-sword-art-online\/#breadcrumb","itemListElement":[{"@type":"ListItem","position":1,"name":"Accueil","item":"https:\/\/repliquemangacine.fr\/"},{"@type":"ListItem","position":2,"name":"Produits","item":"https:\/\/repliquemangacine.fr\/boutique\/"},{"@type":"ListItem","position":3,"name":"\u00c9p\u00e9e sacr\u00e9e Excalibur Kirito dans Alfheim Online"}]},{"@type":"WebSite","@id":"https:\/\/repliquemangacine.fr\/#website","url":"https:\/\/repliquemangacine.fr\/","name":"R\u00e9plique Manga Cin\u00e9","description":"","publisher":{"@id":"https:\/\/repliquemangacine.fr\/#organization"},"potentialAction":[{"@type":"SearchAction","target":{"@type":"EntryPoint","urlTemplate":"https:\/\/repliquemangacine.fr\/?s={search_term_string}"},"query-input":{"@type":"PropertyValueSpecification","valueRequired":true,"valueName":"search_term_string"}}],"inLanguage":"de"},{"@type":"Organization","@id":"https:\/\/repliquemangacine.fr\/#organization","name":"R\u00e9plique Manga Cin\u00e9","url":"https:\/\/repliquemangacine.fr\/","logo":{"@type":"ImageObject","inLanguage":"de","@id":"https:\/\/repliquemangacine.fr\/#\/schema\/logo\/image\/","url":"https:\/\/repliquemangacine.fr\/wp-content\/uploads\/2023\/10\/RMC-500250.png","contentUrl":"https:\/\/repliquemangacine.fr\/wp-content\/uploads\/2023\/10\/RMC-500250.png","width":500,"height":250,"caption":"R\u00e9plique Manga Cin\u00e9"},"image":{"@id":"https:\/\/repliquemangacine.fr\/#\/schema\/logo\/image\/"},"sameAs":["https:\/\/www.facebook.com\/RepliqueMangaCine","https:\/\/www.instagram.com\/repliquemangacine.fr\/"]}]}},"_links":{"self":[{"href":"https:\/\/repliquemangacine.fr\/de\/wp-json\/wp\/v2\/product\/81274","targetHints":{"allow":["GET"]}}],"collection":[{"href":"https:\/\/repliquemangacine.fr\/de\/wp-json\/wp\/v2\/product"}],"about":[{"href":"https:\/\/repliquemangacine.fr\/de\/wp-json\/wp\/v2\/types\/product"}],"wp:featuredmedia":[{"embeddable":true,"href":"https:\/\/repliquemangacine.fr\/de\/wp-json\/wp\/v2\/media\/81276"}],"wp:attachment":[{"href":"https:\/\/repliquemangacine.fr\/de\/wp-json\/wp\/v2\/media?parent=81274"}],"wp:term":[{"taxonomy":"product_brand","embeddable":true,"href":"https:\/\/repliquemangacine.fr\/de\/wp-json\/wp\/v2\/product_brand?post=81274"},{"taxonomy":"product_cat","embeddable":true,"href":"https:\/\/repliquemangacine.fr\/de\/wp-json\/wp\/v2\/product_cat?post=81274"},{"taxonomy":"product_tag","embeddable":true,"href":"https:\/\/repliquemangacine.fr\/de\/wp-json\/wp\/v2\/product_tag?post=81274"}],"curies":[{"name":"wp","href":"https:\/\/api.w.org\/{rel}","templated":true}]}}