





{"id":81092,"date":"2025-01-09T18:22:58","date_gmt":"2025-01-09T17:22:58","guid":{"rendered":"https:\/\/repliquemangacine.fr\/?post_type=product&#038;p=81092"},"modified":"2025-11-13T14:56:24","modified_gmt":"2025-11-13T13:56:24","slug":"pistole-genya-shinazugawa-demon-slayer","status":"publish","type":"product","link":"https:\/\/repliquemangacine.fr\/de\/katana-demon-slayer\/pistolet-genya-shinazugawa-demon-slayer\/","title":{"rendered":"Genya Shinazugawa Pistole - Demon Slayer"},"content":{"rendered":"<h2>Genya Shinazugawas Pistole: Eine detailgetreue Nachbildung f\u00fcr Fans von Demon Slayer<\/h2>\n<p>Als Erstes lernen Sie die Pistole von Genya Shinazugawa kennen. Eine beeindruckende Replik, inspiriert von der einzigartigen Waffe des D\u00e4monenj\u00e4gers in <a href=\"https:\/\/kimetsu-no-yaiba.fandom.com\/fr\/wiki\/Wiki_Kimetsu_no_Yaiba\" target=\"_blank\" rel=\"noopener noreferrer\">Demon Slayer<\/a>. Dieses Modell ist vollst\u00e4ndig aus Fiberglas gefertigt und bietet sowohl Leichtigkeit als auch St\u00e4rke. Das Design der Pistole ist mit Lava, Blut und Fleisch auf dem Lauf versehen, was der d\u00fcsteren \u00c4sthetik des Anime entspricht. Da sie nicht funktional und rein dekorativ ist, eignet sich diese Pistole ideal f\u00fcr Cosplayer und Sammler, die ein Einzelst\u00fcck besitzen m\u00f6chten. Mit einer Gesamtl\u00e4nge von 29,5 cm ist sie das perfekte Accessoire, um ein Cosplay von Genya Shinazugawa zu vervollst\u00e4ndigen. Sein realistisches Design und die makellose Verarbeitung machen es zu einem unverzichtbaren St\u00fcck f\u00fcr Fans von Demon Slayer und Repliken mythischer Waffen.<\/p>\n<h2>Genya Shinazugawas Pistole: eine untypische Waffe in Demon Slayer<\/h2>\n<p>Im Gegensatz zu den anderen S\u00e4ulen und D\u00e4monenvertreibern schwingt Genya Shinazugawa im Kampf gegen die Oni kein Katana, sondern eine Schrotflinte. Seine einzigartige Pistole ist mit Kugeln geladen, die aus demselben Erz wie die Nichirin-Klingen geschmiedet wurden und mit denen er die D\u00e4monen neutralisieren kann. Ihr Design, das von einem Fleisch- und Lavaeffekt gepr\u00e4gt ist, spiegelt ihre besondere Verbindung zu den d\u00e4monischen Regenerationstechniken wider. Genya ist einer der wenigen J\u00e4ger, die D\u00e4monenfleisch zu sich nehmen k\u00f6nnen. Dies verleiht ihm im Kampf \u00fcbernat\u00fcrliche F\u00e4higkeiten. Diese Waffe hilft ihm, seine Unf\u00e4higkeit, die Atmung zu praktizieren, zu kompensieren, indem sie es ihm erm\u00f6glicht, Oni aus der Ferne zu bek\u00e4mpfen. Diese ikonische Pistole ist daher ein Schl\u00fcsselelement von Genya Shinazugawas einzigartigem Kampfstil in Demon Slayer. Diese Replik eignet sich perfekt, um diese ikonische Figur und ihren andersartigen Ansatz im Kampf gegen D\u00e4monen zu verewigen.<\/p>\n<h2>R\u00e9plique Manga Cin\u00e9: Das Paradies f\u00fcr Fans von Demon Slayer und legend\u00e4ren Katanas<\/h2>\n<p>Auf R\u00e9plique Manga Cin\u00e9 finden Sie eine au\u00dfergew\u00f6hnliche Auswahl an Katanas und Waffen aus Demon Slayer. Sammeln Sie die <a href=\"https:\/\/repliquemangacine.fr\/de\/katana-kimetsu-no-yaiba-aus-stahl-katana-demon-slayer-aus-metall\/tengen-zwillingsschwerter\/\">Zwillingsschwerter von Tengen<\/a> Uzui, ein beeindruckendes Set f\u00fcr Liebhaber der Klangs\u00e4ule. Entdecken Sie auch die unumg\u00e4nglichen Katanas von Tanjiro und <a href=\"https:\/\/repliquemangacine.fr\/de\/katana-kimetsu-no-yaiba-aus-stahl-katana-demon-slayer-aus-metall\/katana-von-zenitsu-agatsuma-demon-slayer\/\">Zenitsu<\/a>Sie sind mit viel Liebe zum Detail gestaltet. F\u00fcr einen modernen Touch sorgt der <a href=\"https:\/\/repliquemangacine.fr\/de\/leuchtendes-katana-demon-slayer\/leuchtendes-katana-von-sanemi-demon-slayer\/\">leuchtendes Katana von Sanemi<\/a>Die mit gr\u00fcnen LEDs ausgestatteten Katas bieten einen spektakul\u00e4ren und einzigartigen Effekt. Wir bieten Katanas aus Metall, Holz, geschmiedet oder mit LEDs ausgestattet, die sowohl f\u00fcr Sammler als auch f\u00fcr Cosplayer geeignet sind. Neben den traditionellen Schwertern bietet unser Shop auch Tantos und einzigartige Repliken, die von Demon Slayer inspiriert sind. Zusammenfassend l\u00e4sst sich sagen, dass R\u00e9plique Manga Cin\u00e9 der unumg\u00e4ngliche Shop f\u00fcr alle ist, die sich f\u00fcr mythische Waffen und die Welt der D\u00e4monenj\u00e4ger begeistern.<\/p>","protected":false},"excerpt":{"rendered":"<p>Bluffing diese Replik der Genya Shinazugawa Pistol in Demon Slayer<\/p>\n<ul>\n<li>Vollst\u00e4ndig aus Glasfaser hergestellt<\/li>\n<li>Auf der Oberseite der Kanone ein Effekt aus Lava, Blut und Fleisch<\/li>\n<li>Nicht funktional, nur dekorativ.<\/li>\n<li>Ideal f\u00fcr Cosplayer<\/li>\n<li>Gesamtl\u00e4nge: 29,5 cm<\/li>\n<li>Gewicht: 525 g<\/li>\n<\/ul>","protected":false},"featured_media":81097,"template":"","meta":[],"product_brand":[896],"product_cat":[63],"product_tag":[],"class_list":{"0":"post-81092","1":"product","2":"type-product","3":"status-publish","4":"has-post-thumbnail","6":"product_brand-replique-manga-cine","7":"product_cat-katana-demon-slayer","9":"first","10":"instock","11":"taxable","12":"shipping-taxable","13":"purchasable","14":"product-type-simple"},"yoast_head":"<!-- This site is optimized with the Yoast SEO plugin v27.5 - https:\/\/yoast.com\/product\/yoast-seo-wordpress\/ -->\n<title>Pistolet Genya Shinazugawa - Demon Slayer - R\u00e9plique Manga Cin\u00e9<\/title>\n<meta name=\"description\" content=\"Bluffant ! Ce Pistolet Genya Shinazugawa dans Demon Slayer. Tout en fibre de verre. Effet sur le canon de lave de sang et de chair. 29.5 cm Id\u00e9al Cosplay.\" \/>\n<meta name=\"robots\" content=\"index, follow, max-snippet:-1, max-image-preview:large, max-video-preview:-1\" \/>\n<link rel=\"canonical\" href=\"https:\/\/repliquemangacine.fr\/de\/katana-demon-slayer\/pistole-genya-shinazugawa-demon-slayer\/\" \/>\n<meta property=\"og:locale\" content=\"de_DE\" \/>\n<meta property=\"og:type\" content=\"article\" \/>\n<meta property=\"og:title\" content=\"Pistolet Genya Shinazugawa - Demon Slayer - R\u00e9plique Manga Cin\u00e9\" \/>\n<meta property=\"og:description\" content=\"Bluffant ! Ce Pistolet Genya Shinazugawa dans Demon Slayer. Tout en fibre de verre. Effet sur le canon de lave de sang et de chair. 29.5 cm Id\u00e9al Cosplay.\" \/>\n<meta property=\"og:url\" content=\"https:\/\/repliquemangacine.fr\/de\/katana-demon-slayer\/pistole-genya-shinazugawa-demon-slayer\/\" \/>\n<meta property=\"og:site_name\" content=\"R\u00e9plique Manga Cin\u00e9\" \/>\n<meta property=\"article:publisher\" content=\"https:\/\/www.facebook.com\/RepliqueMangaCine\" \/>\n<meta property=\"article:modified_time\" content=\"2025-11-13T13:56:24+00:00\" \/>\n<meta property=\"og:image\" content=\"https:\/\/repliquemangacine.fr\/wp-content\/uploads\/2025\/01\/Pistolet-de-Genya-Shinazugawa.jpg\" \/>\n\t<meta property=\"og:image:width\" content=\"500\" \/>\n\t<meta property=\"og:image:height\" content=\"500\" \/>\n\t<meta property=\"og:image:type\" content=\"image\/jpeg\" \/>\n<meta name=\"twitter:card\" content=\"summary_large_image\" \/>\n<meta name=\"twitter:label1\" content=\"Gesch\u00e4tzte Lesezeit\" \/>\n\t<meta name=\"twitter:data1\" content=\"3\u00a0Minuten\" \/>\n<script type=\"application\/ld+json\" class=\"yoast-schema-graph\">{\"@context\":\"https:\\\/\\\/schema.org\",\"@graph\":[{\"@type\":\"WebPage\",\"@id\":\"https:\\\/\\\/repliquemangacine.fr\\\/katana-demon-slayer\\\/pistolet-genya-shinazugawa-demon-slayer\\\/\",\"url\":\"https:\\\/\\\/repliquemangacine.fr\\\/katana-demon-slayer\\\/pistolet-genya-shinazugawa-demon-slayer\\\/\",\"name\":\"Pistolet Genya Shinazugawa - Demon Slayer - R\u00e9plique Manga Cin\u00e9\",\"isPartOf\":{\"@id\":\"https:\\\/\\\/repliquemangacine.fr\\\/#website\"},\"primaryImageOfPage\":{\"@id\":\"https:\\\/\\\/repliquemangacine.fr\\\/katana-demon-slayer\\\/pistolet-genya-shinazugawa-demon-slayer\\\/#primaryimage\"},\"image\":{\"@id\":\"https:\\\/\\\/repliquemangacine.fr\\\/katana-demon-slayer\\\/pistolet-genya-shinazugawa-demon-slayer\\\/#primaryimage\"},\"thumbnailUrl\":\"https:\\\/\\\/repliquemangacine.fr\\\/wp-content\\\/uploads\\\/2025\\\/01\\\/Pistolet-de-Genya-Shinazugawa.jpg\",\"datePublished\":\"2025-01-09T17:22:58+00:00\",\"dateModified\":\"2025-11-13T13:56:24+00:00\",\"description\":\"Bluffant ! Ce Pistolet Genya Shinazugawa dans Demon Slayer. Tout en fibre de verre. Effet sur le canon de lave de sang et de chair. 29.5 cm Id\u00e9al Cosplay.\",\"breadcrumb\":{\"@id\":\"https:\\\/\\\/repliquemangacine.fr\\\/katana-demon-slayer\\\/pistolet-genya-shinazugawa-demon-slayer\\\/#breadcrumb\"},\"inLanguage\":\"de\",\"potentialAction\":[{\"@type\":\"ReadAction\",\"target\":[\"https:\\\/\\\/repliquemangacine.fr\\\/katana-demon-slayer\\\/pistolet-genya-shinazugawa-demon-slayer\\\/\"]}]},{\"@type\":\"ImageObject\",\"inLanguage\":\"de\",\"@id\":\"https:\\\/\\\/repliquemangacine.fr\\\/katana-demon-slayer\\\/pistolet-genya-shinazugawa-demon-slayer\\\/#primaryimage\",\"url\":\"https:\\\/\\\/repliquemangacine.fr\\\/wp-content\\\/uploads\\\/2025\\\/01\\\/Pistolet-de-Genya-Shinazugawa.jpg\",\"contentUrl\":\"https:\\\/\\\/repliquemangacine.fr\\\/wp-content\\\/uploads\\\/2025\\\/01\\\/Pistolet-de-Genya-Shinazugawa.jpg\",\"width\":500,\"height\":500,\"caption\":\"Pistolet de Genya Shinazugawa Demon Slayer\"},{\"@type\":\"BreadcrumbList\",\"@id\":\"https:\\\/\\\/repliquemangacine.fr\\\/katana-demon-slayer\\\/pistolet-genya-shinazugawa-demon-slayer\\\/#breadcrumb\",\"itemListElement\":[{\"@type\":\"ListItem\",\"position\":1,\"name\":\"Accueil\",\"item\":\"https:\\\/\\\/repliquemangacine.fr\\\/\"},{\"@type\":\"ListItem\",\"position\":2,\"name\":\"Produits\",\"item\":\"https:\\\/\\\/repliquemangacine.fr\\\/boutique\\\/\"},{\"@type\":\"ListItem\",\"position\":3,\"name\":\"Pistolet Genya Shinazugawa &#8211; Demon Slayer\"}]},{\"@type\":\"WebSite\",\"@id\":\"https:\\\/\\\/repliquemangacine.fr\\\/#website\",\"url\":\"https:\\\/\\\/repliquemangacine.fr\\\/\",\"name\":\"R\u00e9plique Manga Cin\u00e9\",\"description\":\"\",\"publisher\":{\"@id\":\"https:\\\/\\\/repliquemangacine.fr\\\/#organization\"},\"potentialAction\":[{\"@type\":\"SearchAction\",\"target\":{\"@type\":\"EntryPoint\",\"urlTemplate\":\"https:\\\/\\\/repliquemangacine.fr\\\/?s={search_term_string}\"},\"query-input\":{\"@type\":\"PropertyValueSpecification\",\"valueRequired\":true,\"valueName\":\"search_term_string\"}}],\"inLanguage\":\"de\"},{\"@type\":\"Organization\",\"@id\":\"https:\\\/\\\/repliquemangacine.fr\\\/#organization\",\"name\":\"R\u00e9plique Manga Cin\u00e9\",\"url\":\"https:\\\/\\\/repliquemangacine.fr\\\/\",\"logo\":{\"@type\":\"ImageObject\",\"inLanguage\":\"de\",\"@id\":\"https:\\\/\\\/repliquemangacine.fr\\\/#\\\/schema\\\/logo\\\/image\\\/\",\"url\":\"https:\\\/\\\/repliquemangacine.fr\\\/wp-content\\\/uploads\\\/2023\\\/10\\\/RMC-500250.png\",\"contentUrl\":\"https:\\\/\\\/repliquemangacine.fr\\\/wp-content\\\/uploads\\\/2023\\\/10\\\/RMC-500250.png\",\"width\":500,\"height\":250,\"caption\":\"R\u00e9plique Manga Cin\u00e9\"},\"image\":{\"@id\":\"https:\\\/\\\/repliquemangacine.fr\\\/#\\\/schema\\\/logo\\\/image\\\/\"},\"sameAs\":[\"https:\\\/\\\/www.facebook.com\\\/RepliqueMangaCine\",\"https:\\\/\\\/www.instagram.com\\\/repliquemangacine.fr\\\/\"]}]}<\/script>\n<!-- \/ Yoast SEO plugin. -->","yoast_head_json":{"title":"Pistole Genya Shinazugawa - Demon Slayer - R\u00e9plique Manga Cin\u00e9","description":"Wie bluffend! Diese Genya Shinazugawa-Pistole in Demon Slayer. Komplett aus Glasfaser gefertigt. Wirkung auf die Lavakanone aus Blut und Fleisch. 29,5 cm Ideal Cosplay.","robots":{"index":"index","follow":"follow","max-snippet":"max-snippet:-1","max-image-preview":"max-image-preview:large","max-video-preview":"max-video-preview:-1"},"canonical":"https:\/\/repliquemangacine.fr\/de\/katana-demon-slayer\/pistole-genya-shinazugawa-demon-slayer\/","og_locale":"de_DE","og_type":"article","og_title":"Pistolet Genya Shinazugawa - Demon Slayer - R\u00e9plique Manga Cin\u00e9","og_description":"Bluffant ! Ce Pistolet Genya Shinazugawa dans Demon Slayer. Tout en fibre de verre. Effet sur le canon de lave de sang et de chair. 29.5 cm Id\u00e9al Cosplay.","og_url":"https:\/\/repliquemangacine.fr\/de\/katana-demon-slayer\/pistole-genya-shinazugawa-demon-slayer\/","og_site_name":"R\u00e9plique Manga Cin\u00e9","article_publisher":"https:\/\/www.facebook.com\/RepliqueMangaCine","article_modified_time":"2025-11-13T13:56:24+00:00","og_image":[{"width":500,"height":500,"url":"https:\/\/repliquemangacine.fr\/wp-content\/uploads\/2025\/01\/Pistolet-de-Genya-Shinazugawa.jpg","type":"image\/jpeg"}],"twitter_card":"summary_large_image","twitter_misc":{"Gesch\u00e4tzte Lesezeit":"3\u00a0Minuten"},"schema":{"@context":"https:\/\/schema.org","@graph":[{"@type":"WebPage","@id":"https:\/\/repliquemangacine.fr\/katana-demon-slayer\/pistolet-genya-shinazugawa-demon-slayer\/","url":"https:\/\/repliquemangacine.fr\/katana-demon-slayer\/pistolet-genya-shinazugawa-demon-slayer\/","name":"Pistole Genya Shinazugawa - Demon Slayer - R\u00e9plique Manga Cin\u00e9","isPartOf":{"@id":"https:\/\/repliquemangacine.fr\/#website"},"primaryImageOfPage":{"@id":"https:\/\/repliquemangacine.fr\/katana-demon-slayer\/pistolet-genya-shinazugawa-demon-slayer\/#primaryimage"},"image":{"@id":"https:\/\/repliquemangacine.fr\/katana-demon-slayer\/pistolet-genya-shinazugawa-demon-slayer\/#primaryimage"},"thumbnailUrl":"https:\/\/repliquemangacine.fr\/wp-content\/uploads\/2025\/01\/Pistolet-de-Genya-Shinazugawa.jpg","datePublished":"2025-01-09T17:22:58+00:00","dateModified":"2025-11-13T13:56:24+00:00","description":"Wie bluffend! Diese Genya Shinazugawa-Pistole in Demon Slayer. Komplett aus Glasfaser gefertigt. Wirkung auf die Lavakanone aus Blut und Fleisch. 29,5 cm Ideal Cosplay.","breadcrumb":{"@id":"https:\/\/repliquemangacine.fr\/katana-demon-slayer\/pistolet-genya-shinazugawa-demon-slayer\/#breadcrumb"},"inLanguage":"de","potentialAction":[{"@type":"ReadAction","target":["https:\/\/repliquemangacine.fr\/katana-demon-slayer\/pistolet-genya-shinazugawa-demon-slayer\/"]}]},{"@type":"ImageObject","inLanguage":"de","@id":"https:\/\/repliquemangacine.fr\/katana-demon-slayer\/pistolet-genya-shinazugawa-demon-slayer\/#primaryimage","url":"https:\/\/repliquemangacine.fr\/wp-content\/uploads\/2025\/01\/Pistolet-de-Genya-Shinazugawa.jpg","contentUrl":"https:\/\/repliquemangacine.fr\/wp-content\/uploads\/2025\/01\/Pistolet-de-Genya-Shinazugawa.jpg","width":500,"height":500,"caption":"Pistolet de Genya Shinazugawa Demon Slayer"},{"@type":"BreadcrumbList","@id":"https:\/\/repliquemangacine.fr\/katana-demon-slayer\/pistolet-genya-shinazugawa-demon-slayer\/#breadcrumb","itemListElement":[{"@type":"ListItem","position":1,"name":"Accueil","item":"https:\/\/repliquemangacine.fr\/"},{"@type":"ListItem","position":2,"name":"Produits","item":"https:\/\/repliquemangacine.fr\/boutique\/"},{"@type":"ListItem","position":3,"name":"Pistolet Genya Shinazugawa &#8211; Demon Slayer"}]},{"@type":"WebSite","@id":"https:\/\/repliquemangacine.fr\/#website","url":"https:\/\/repliquemangacine.fr\/","name":"R\u00e9plique Manga Cin\u00e9","description":"","publisher":{"@id":"https:\/\/repliquemangacine.fr\/#organization"},"potentialAction":[{"@type":"SearchAction","target":{"@type":"EntryPoint","urlTemplate":"https:\/\/repliquemangacine.fr\/?s={search_term_string}"},"query-input":{"@type":"PropertyValueSpecification","valueRequired":true,"valueName":"search_term_string"}}],"inLanguage":"de"},{"@type":"Organization","@id":"https:\/\/repliquemangacine.fr\/#organization","name":"R\u00e9plique Manga Cin\u00e9","url":"https:\/\/repliquemangacine.fr\/","logo":{"@type":"ImageObject","inLanguage":"de","@id":"https:\/\/repliquemangacine.fr\/#\/schema\/logo\/image\/","url":"https:\/\/repliquemangacine.fr\/wp-content\/uploads\/2023\/10\/RMC-500250.png","contentUrl":"https:\/\/repliquemangacine.fr\/wp-content\/uploads\/2023\/10\/RMC-500250.png","width":500,"height":250,"caption":"R\u00e9plique Manga Cin\u00e9"},"image":{"@id":"https:\/\/repliquemangacine.fr\/#\/schema\/logo\/image\/"},"sameAs":["https:\/\/www.facebook.com\/RepliqueMangaCine","https:\/\/www.instagram.com\/repliquemangacine.fr\/"]}]}},"_links":{"self":[{"href":"https:\/\/repliquemangacine.fr\/de\/wp-json\/wp\/v2\/product\/81092","targetHints":{"allow":["GET"]}}],"collection":[{"href":"https:\/\/repliquemangacine.fr\/de\/wp-json\/wp\/v2\/product"}],"about":[{"href":"https:\/\/repliquemangacine.fr\/de\/wp-json\/wp\/v2\/types\/product"}],"wp:featuredmedia":[{"embeddable":true,"href":"https:\/\/repliquemangacine.fr\/de\/wp-json\/wp\/v2\/media\/81097"}],"wp:attachment":[{"href":"https:\/\/repliquemangacine.fr\/de\/wp-json\/wp\/v2\/media?parent=81092"}],"wp:term":[{"taxonomy":"product_brand","embeddable":true,"href":"https:\/\/repliquemangacine.fr\/de\/wp-json\/wp\/v2\/product_brand?post=81092"},{"taxonomy":"product_cat","embeddable":true,"href":"https:\/\/repliquemangacine.fr\/de\/wp-json\/wp\/v2\/product_cat?post=81092"},{"taxonomy":"product_tag","embeddable":true,"href":"https:\/\/repliquemangacine.fr\/de\/wp-json\/wp\/v2\/product_tag?post=81092"}],"curies":[{"name":"wp","href":"https:\/\/api.w.org\/{rel}","templated":true}]}}