





{"id":81084,"date":"2025-01-09T17:28:57","date_gmt":"2025-01-09T16:28:57","guid":{"rendered":"https:\/\/repliquemangacine.fr\/?post_type=product&#038;p=81084"},"modified":"2026-02-17T15:20:22","modified_gmt":"2026-02-17T14:20:22","slug":"schwert-von-isildur-der-herr-der-ringe","status":"publish","type":"product","link":"https:\/\/repliquemangacine.fr\/de\/epees-seigneur-des-anneaux\/epee-de-isildur-le-seigneur-des-anneaux\/","title":{"rendered":"Isildurs Schwert Der Herr der Ringe"},"content":{"rendered":"<h2>Isildurs Schwert: eine majest\u00e4tische Replik mit originalgetreuem Design<\/h2>\n<p>Als Erstes entdecken Sie das legend\u00e4re Schwert des Isildur, eine originalgetreue Nachbildung der Waffe, die der K\u00f6nig des <a href=\"https:\/\/lotr.fandom.com\/fr\/wiki\/Gondor\" target=\"_blank\" rel=\"noopener noreferrer\">Gondor<\/a> aus \"Der Herr der Ringe\". Die Klinge aus Edelstahl mit einer zentralen Hohlkehle sorgt f\u00fcr eine realistische Darstellung und ist besonders robust. Der fein verzierte Vollstahlb\u00fcgel und der dazu passende Knauf spiegeln die Eleganz der Schmiede von Gondor wider. Der ziselierte Griff liegt gut in der Hand und vereint \u00c4sthetik und Ergonomie. Die Lieferung erfolgt mit einer wundersch\u00f6nen Wandhalterung aus Holz, die mit dem wei\u00dfen Baum von Gondor verziert ist, und macht das Messer zu einem unverzichtbaren Ausstellungsst\u00fcck. Mit einer Klingenl\u00e4nge von 94 cm und einer Gesamtl\u00e4nge von 121 cm ist dieses Schwert ebenso majest\u00e4tisch wie imposant. Sein Gewicht von 1775 Gramm verst\u00e4rkt das Gef\u00fchl von Realismus. Ob f\u00fcr eine Sammlung oder eine epische Szenerie, dieses Schwert von Isildur ist eine w\u00fcrdige Hommage an Mittelerde.<\/p>\n<h2>Isildur und sein Schwert: Die Waffe, die das Schicksal Mittelerdes ver\u00e4nderte<\/h2>\n<p>In der Trilogie sind Schwerter nicht einfach nur Waffen, sondern starke Symbole der Macht und des Schicksals. Isildur, der Erbe Elendils, war derjenige, der Sauron mit eben diesem Schwert den Einen Ring aus der Hand schlug. Es ist weit mehr als eine Waffe, es ist ein Zeugnis der gro\u00dfen Schlachten gegen die Dunkelheit und des Kampfes um das \u00dcberleben der Menschen. Isildurs Schwert steht f\u00fcr die Last des k\u00f6niglichen Erbes und die schwierigen Entscheidungen, die mit der Macht verbunden sind. Jede Klinge in der Saga tr\u00e4gt eine tiefe Geschichte in sich, und diese war der Auftakt zu Frodos gro\u00dfem Abenteuer. Durch sie wendet sich das Schicksal der Welt und macht dieses Schwert zu einem Muss f\u00fcr jeden Liebhaber. Der Besitz dieser Replik bedeutet, die Urspr\u00fcnge der Legende wieder zu erleben. Schlie\u00dflich verk\u00f6rpert es Ehre, Trag\u00f6die und das Erbe des gefallenen K\u00f6nigreichs Gondor.<\/p>\n<h2>R\u00e9plique Manga Cin\u00e9: Alle Kultschwerter aus Der Herr der Ringe warten auf Sie<\/h2>\n<p>Auf R\u00e9plique Manga Cin\u00e9 tauchen Sie mit originalgetreuen, detaillierten und charakterstarken Nachbildungen in die mythische Welt von \"Der Herr der Ringe\" ein. Finden Sie den imposanten <a href=\"https:\/\/repliquemangacine.fr\/de\/herr-der-ringe-schwerter\/anduril-luxusfutteral\/\">And\u00faril Scheide de Luxe<\/a>Das neu geschmiedete Schwert f\u00fcr Aragorn, das die R\u00fcckkehr des rechtm\u00e4\u00dfigen K\u00f6nigs symbolisiert. Entdecken Sie auch das <a href=\"https:\/\/repliquemangacine.fr\/de\/der-herr-der-ringe\/krummsabel-uruk-hai-der-herr-der-ringe\/\">Uruk-Hai-Simeter<\/a>...ein brutales und wildes, direkt aus den Schmieden von Isengart. Legolas' schlanke und furchterregende Dolche werden die Fans des flinken Elben begeistern. Der unumg\u00e4ngliche <a href=\"https:\/\/repliquemangacine.fr\/de\/herr-der-ringe-schwerter\/witch-king-schwert-herr-der-ringe\/\">Schwert des Witch-King<\/a>Herr der Nazg\u00fbl, ist ebenfalls in seiner ganzen D\u00fcsternis verf\u00fcgbar. Nicht zu vergessen die majest\u00e4tische <a href=\"https:\/\/repliquemangacine.fr\/de\/herr-der-ringe-schwerter\/glamdring-schwertscheide-von-gandalf-lotr\/\">Glamdring Gandalfs Scheide<\/a>die legend\u00e4re Waffe des Wei\u00dfmagiers. Unser Shop bietet dekorative und funktionelle Waffen aus Metall f\u00fcr Sammler, Fans und Cosplayer. Dank R\u00e9plique Manga Cin\u00e9 k\u00f6nnen Sie Ihre Leidenschaft mit au\u00dfergew\u00f6hnlichen St\u00fccken aus den gr\u00f6\u00dften Fantasy-Legenden ausleben.<\/p>","protected":false},"excerpt":{"rendered":"<p>Absolut bemerkenswert diese Replik von Isildurs Schwert in der Trilogie \"Herr des Rings\".<\/p>\n<ul>\n<li style=\"list-style-type: none;\">\n<ul>\n<li>Klinge aus Edelstahl, zentrale Hohlkehle.<\/li>\n<li>Fein verzierter Vollstahlb\u00fcgel und -knauf.<\/li>\n<li>Verzierter, ziselierter Griff f\u00fcr einen guten Halt.<\/li>\n<li>Wird mit seiner wundersch\u00f6nen Wandhalterung aus Holz mit dem Baum von Gondor geliefert.<\/li>\n<li>L\u00e4nge der Klinge: 94 cm - Gesamtl\u00e4nge: 121 cm<\/li>\n<li>Gewicht: 1775 g<\/li>\n<\/ul>\n<\/li>\n<\/ul>","protected":false},"featured_media":81086,"template":"","meta":[],"product_brand":[896],"product_cat":[68,29,106],"product_tag":[],"class_list":{"0":"post-81084","1":"product","2":"type-product","3":"status-publish","4":"has-post-thumbnail","6":"product_brand-replique-manga-cine","7":"product_cat-epees-seigneur-des-anneaux","8":"product_cat-le-seigneur-des-anneaux","9":"product_cat-epees-et-dague-les-anneaux-de-pouvoir","11":"first","12":"instock","13":"taxable","14":"shipping-taxable","15":"purchasable","16":"product-type-simple"},"yoast_head":"<!-- This site is optimized with the Yoast SEO plugin v27.5 - https:\/\/yoast.com\/product\/yoast-seo-wordpress\/ -->\n<title>Ep\u00e9e de Isildur Le Seigneur des Anneaux - R\u00e9plique Manga Cin\u00e9<\/title>\n<meta name=\"description\" content=\"Superbe r\u00e9plique de l&#039;Ep\u00e9e d&#039;Isildur dans Le Seigneur des Anneaux. Lame en acier stainless. Garde et pommeau en acier plein d\u00e9cor\u00e9. Support. 121 cm\" \/>\n<meta name=\"robots\" content=\"index, follow, max-snippet:-1, max-image-preview:large, max-video-preview:-1\" \/>\n<link rel=\"canonical\" href=\"https:\/\/repliquemangacine.fr\/de\/herr-der-ringe-schwerter\/schwert-von-isildur-der-herr-der-ringe\/\" \/>\n<meta property=\"og:locale\" content=\"de_DE\" \/>\n<meta property=\"og:type\" content=\"article\" \/>\n<meta property=\"og:title\" content=\"Ep\u00e9e de Isildur Le Seigneur des Anneaux - R\u00e9plique Manga Cin\u00e9\" \/>\n<meta property=\"og:description\" content=\"Superbe r\u00e9plique de l&#039;Ep\u00e9e d&#039;Isildur dans Le Seigneur des Anneaux. Lame en acier stainless. Garde et pommeau en acier plein d\u00e9cor\u00e9. Support. 121 cm\" \/>\n<meta property=\"og:url\" content=\"https:\/\/repliquemangacine.fr\/de\/herr-der-ringe-schwerter\/schwert-von-isildur-der-herr-der-ringe\/\" \/>\n<meta property=\"og:site_name\" content=\"R\u00e9plique Manga Cin\u00e9\" \/>\n<meta property=\"article:publisher\" content=\"https:\/\/www.facebook.com\/RepliqueMangaCine\" \/>\n<meta property=\"article:modified_time\" content=\"2026-02-17T14:20:22+00:00\" \/>\n<meta property=\"og:image\" content=\"https:\/\/repliquemangacine.fr\/wp-content\/uploads\/2025\/01\/Epee-dIsildur.jpg\" \/>\n\t<meta property=\"og:image:width\" content=\"500\" \/>\n\t<meta property=\"og:image:height\" content=\"500\" \/>\n\t<meta property=\"og:image:type\" content=\"image\/jpeg\" \/>\n<meta name=\"twitter:card\" content=\"summary_large_image\" \/>\n<meta name=\"twitter:label1\" content=\"Gesch\u00e4tzte Lesezeit\" \/>\n\t<meta name=\"twitter:data1\" content=\"3\u00a0Minuten\" \/>\n<script type=\"application\/ld+json\" class=\"yoast-schema-graph\">{\"@context\":\"https:\\\/\\\/schema.org\",\"@graph\":[{\"@type\":\"WebPage\",\"@id\":\"https:\\\/\\\/repliquemangacine.fr\\\/epees-seigneur-des-anneaux\\\/epee-de-isildur-le-seigneur-des-anneaux\\\/\",\"url\":\"https:\\\/\\\/repliquemangacine.fr\\\/epees-seigneur-des-anneaux\\\/epee-de-isildur-le-seigneur-des-anneaux\\\/\",\"name\":\"Ep\u00e9e de Isildur Le Seigneur des Anneaux - R\u00e9plique Manga Cin\u00e9\",\"isPartOf\":{\"@id\":\"https:\\\/\\\/repliquemangacine.fr\\\/#website\"},\"primaryImageOfPage\":{\"@id\":\"https:\\\/\\\/repliquemangacine.fr\\\/epees-seigneur-des-anneaux\\\/epee-de-isildur-le-seigneur-des-anneaux\\\/#primaryimage\"},\"image\":{\"@id\":\"https:\\\/\\\/repliquemangacine.fr\\\/epees-seigneur-des-anneaux\\\/epee-de-isildur-le-seigneur-des-anneaux\\\/#primaryimage\"},\"thumbnailUrl\":\"https:\\\/\\\/repliquemangacine.fr\\\/wp-content\\\/uploads\\\/2025\\\/01\\\/Epee-dIsildur.jpg\",\"datePublished\":\"2025-01-09T16:28:57+00:00\",\"dateModified\":\"2026-02-17T14:20:22+00:00\",\"description\":\"Superbe r\u00e9plique de l'Ep\u00e9e d'Isildur dans Le Seigneur des Anneaux. Lame en acier stainless. Garde et pommeau en acier plein d\u00e9cor\u00e9. Support. 121 cm\",\"breadcrumb\":{\"@id\":\"https:\\\/\\\/repliquemangacine.fr\\\/epees-seigneur-des-anneaux\\\/epee-de-isildur-le-seigneur-des-anneaux\\\/#breadcrumb\"},\"inLanguage\":\"de\",\"potentialAction\":[{\"@type\":\"ReadAction\",\"target\":[\"https:\\\/\\\/repliquemangacine.fr\\\/epees-seigneur-des-anneaux\\\/epee-de-isildur-le-seigneur-des-anneaux\\\/\"]}]},{\"@type\":\"ImageObject\",\"inLanguage\":\"de\",\"@id\":\"https:\\\/\\\/repliquemangacine.fr\\\/epees-seigneur-des-anneaux\\\/epee-de-isildur-le-seigneur-des-anneaux\\\/#primaryimage\",\"url\":\"https:\\\/\\\/repliquemangacine.fr\\\/wp-content\\\/uploads\\\/2025\\\/01\\\/Epee-dIsildur.jpg\",\"contentUrl\":\"https:\\\/\\\/repliquemangacine.fr\\\/wp-content\\\/uploads\\\/2025\\\/01\\\/Epee-dIsildur.jpg\",\"width\":500,\"height\":500,\"caption\":\"Ep\u00e9e d'Isildur le Seigneur des Anneaux\"},{\"@type\":\"BreadcrumbList\",\"@id\":\"https:\\\/\\\/repliquemangacine.fr\\\/epees-seigneur-des-anneaux\\\/epee-de-isildur-le-seigneur-des-anneaux\\\/#breadcrumb\",\"itemListElement\":[{\"@type\":\"ListItem\",\"position\":1,\"name\":\"Accueil\",\"item\":\"https:\\\/\\\/repliquemangacine.fr\\\/\"},{\"@type\":\"ListItem\",\"position\":2,\"name\":\"Produits\",\"item\":\"https:\\\/\\\/repliquemangacine.fr\\\/boutique\\\/\"},{\"@type\":\"ListItem\",\"position\":3,\"name\":\"Ep\u00e9e de Isildur Le Seigneur des Anneaux\"}]},{\"@type\":\"WebSite\",\"@id\":\"https:\\\/\\\/repliquemangacine.fr\\\/#website\",\"url\":\"https:\\\/\\\/repliquemangacine.fr\\\/\",\"name\":\"R\u00e9plique Manga Cin\u00e9\",\"description\":\"\",\"publisher\":{\"@id\":\"https:\\\/\\\/repliquemangacine.fr\\\/#organization\"},\"potentialAction\":[{\"@type\":\"SearchAction\",\"target\":{\"@type\":\"EntryPoint\",\"urlTemplate\":\"https:\\\/\\\/repliquemangacine.fr\\\/?s={search_term_string}\"},\"query-input\":{\"@type\":\"PropertyValueSpecification\",\"valueRequired\":true,\"valueName\":\"search_term_string\"}}],\"inLanguage\":\"de\"},{\"@type\":\"Organization\",\"@id\":\"https:\\\/\\\/repliquemangacine.fr\\\/#organization\",\"name\":\"R\u00e9plique Manga Cin\u00e9\",\"url\":\"https:\\\/\\\/repliquemangacine.fr\\\/\",\"logo\":{\"@type\":\"ImageObject\",\"inLanguage\":\"de\",\"@id\":\"https:\\\/\\\/repliquemangacine.fr\\\/#\\\/schema\\\/logo\\\/image\\\/\",\"url\":\"https:\\\/\\\/repliquemangacine.fr\\\/wp-content\\\/uploads\\\/2023\\\/10\\\/RMC-500250.png\",\"contentUrl\":\"https:\\\/\\\/repliquemangacine.fr\\\/wp-content\\\/uploads\\\/2023\\\/10\\\/RMC-500250.png\",\"width\":500,\"height\":250,\"caption\":\"R\u00e9plique Manga Cin\u00e9\"},\"image\":{\"@id\":\"https:\\\/\\\/repliquemangacine.fr\\\/#\\\/schema\\\/logo\\\/image\\\/\"},\"sameAs\":[\"https:\\\/\\\/www.facebook.com\\\/RepliqueMangaCine\",\"https:\\\/\\\/www.instagram.com\\\/repliquemangacine.fr\\\/\"]}]}<\/script>\n<!-- \/ Yoast SEO plugin. -->","yoast_head_json":{"title":"Isildurs Schwert Der Herr der Ringe - R\u00e9plique Manga Cin\u00e9","description":"Wundersch\u00f6ne Replik des Schwertes von Isildur aus \"Der Herr der Ringe\". Klinge aus stainless Stahl. Griff und Knauf aus verziertem Vollstahl. Halterung. 121 cm","robots":{"index":"index","follow":"follow","max-snippet":"max-snippet:-1","max-image-preview":"max-image-preview:large","max-video-preview":"max-video-preview:-1"},"canonical":"https:\/\/repliquemangacine.fr\/de\/herr-der-ringe-schwerter\/schwert-von-isildur-der-herr-der-ringe\/","og_locale":"de_DE","og_type":"article","og_title":"Ep\u00e9e de Isildur Le Seigneur des Anneaux - R\u00e9plique Manga Cin\u00e9","og_description":"Superbe r\u00e9plique de l'Ep\u00e9e d'Isildur dans Le Seigneur des Anneaux. Lame en acier stainless. Garde et pommeau en acier plein d\u00e9cor\u00e9. Support. 121 cm","og_url":"https:\/\/repliquemangacine.fr\/de\/herr-der-ringe-schwerter\/schwert-von-isildur-der-herr-der-ringe\/","og_site_name":"R\u00e9plique Manga Cin\u00e9","article_publisher":"https:\/\/www.facebook.com\/RepliqueMangaCine","article_modified_time":"2026-02-17T14:20:22+00:00","og_image":[{"width":500,"height":500,"url":"https:\/\/repliquemangacine.fr\/wp-content\/uploads\/2025\/01\/Epee-dIsildur.jpg","type":"image\/jpeg"}],"twitter_card":"summary_large_image","twitter_misc":{"Gesch\u00e4tzte Lesezeit":"3\u00a0Minuten"},"schema":{"@context":"https:\/\/schema.org","@graph":[{"@type":"WebPage","@id":"https:\/\/repliquemangacine.fr\/epees-seigneur-des-anneaux\/epee-de-isildur-le-seigneur-des-anneaux\/","url":"https:\/\/repliquemangacine.fr\/epees-seigneur-des-anneaux\/epee-de-isildur-le-seigneur-des-anneaux\/","name":"Isildurs Schwert Der Herr der Ringe - R\u00e9plique Manga Cin\u00e9","isPartOf":{"@id":"https:\/\/repliquemangacine.fr\/#website"},"primaryImageOfPage":{"@id":"https:\/\/repliquemangacine.fr\/epees-seigneur-des-anneaux\/epee-de-isildur-le-seigneur-des-anneaux\/#primaryimage"},"image":{"@id":"https:\/\/repliquemangacine.fr\/epees-seigneur-des-anneaux\/epee-de-isildur-le-seigneur-des-anneaux\/#primaryimage"},"thumbnailUrl":"https:\/\/repliquemangacine.fr\/wp-content\/uploads\/2025\/01\/Epee-dIsildur.jpg","datePublished":"2025-01-09T16:28:57+00:00","dateModified":"2026-02-17T14:20:22+00:00","description":"Wundersch\u00f6ne Replik des Schwertes von Isildur aus \"Der Herr der Ringe\". Klinge aus stainless Stahl. Griff und Knauf aus verziertem Vollstahl. Halterung. 121 cm","breadcrumb":{"@id":"https:\/\/repliquemangacine.fr\/epees-seigneur-des-anneaux\/epee-de-isildur-le-seigneur-des-anneaux\/#breadcrumb"},"inLanguage":"de","potentialAction":[{"@type":"ReadAction","target":["https:\/\/repliquemangacine.fr\/epees-seigneur-des-anneaux\/epee-de-isildur-le-seigneur-des-anneaux\/"]}]},{"@type":"ImageObject","inLanguage":"de","@id":"https:\/\/repliquemangacine.fr\/epees-seigneur-des-anneaux\/epee-de-isildur-le-seigneur-des-anneaux\/#primaryimage","url":"https:\/\/repliquemangacine.fr\/wp-content\/uploads\/2025\/01\/Epee-dIsildur.jpg","contentUrl":"https:\/\/repliquemangacine.fr\/wp-content\/uploads\/2025\/01\/Epee-dIsildur.jpg","width":500,"height":500,"caption":"Ep\u00e9e d'Isildur le Seigneur des Anneaux"},{"@type":"BreadcrumbList","@id":"https:\/\/repliquemangacine.fr\/epees-seigneur-des-anneaux\/epee-de-isildur-le-seigneur-des-anneaux\/#breadcrumb","itemListElement":[{"@type":"ListItem","position":1,"name":"Accueil","item":"https:\/\/repliquemangacine.fr\/"},{"@type":"ListItem","position":2,"name":"Produits","item":"https:\/\/repliquemangacine.fr\/boutique\/"},{"@type":"ListItem","position":3,"name":"Ep\u00e9e de Isildur Le Seigneur des Anneaux"}]},{"@type":"WebSite","@id":"https:\/\/repliquemangacine.fr\/#website","url":"https:\/\/repliquemangacine.fr\/","name":"R\u00e9plique Manga Cin\u00e9","description":"","publisher":{"@id":"https:\/\/repliquemangacine.fr\/#organization"},"potentialAction":[{"@type":"SearchAction","target":{"@type":"EntryPoint","urlTemplate":"https:\/\/repliquemangacine.fr\/?s={search_term_string}"},"query-input":{"@type":"PropertyValueSpecification","valueRequired":true,"valueName":"search_term_string"}}],"inLanguage":"de"},{"@type":"Organization","@id":"https:\/\/repliquemangacine.fr\/#organization","name":"R\u00e9plique Manga Cin\u00e9","url":"https:\/\/repliquemangacine.fr\/","logo":{"@type":"ImageObject","inLanguage":"de","@id":"https:\/\/repliquemangacine.fr\/#\/schema\/logo\/image\/","url":"https:\/\/repliquemangacine.fr\/wp-content\/uploads\/2023\/10\/RMC-500250.png","contentUrl":"https:\/\/repliquemangacine.fr\/wp-content\/uploads\/2023\/10\/RMC-500250.png","width":500,"height":250,"caption":"R\u00e9plique Manga Cin\u00e9"},"image":{"@id":"https:\/\/repliquemangacine.fr\/#\/schema\/logo\/image\/"},"sameAs":["https:\/\/www.facebook.com\/RepliqueMangaCine","https:\/\/www.instagram.com\/repliquemangacine.fr\/"]}]}},"_links":{"self":[{"href":"https:\/\/repliquemangacine.fr\/de\/wp-json\/wp\/v2\/product\/81084","targetHints":{"allow":["GET"]}}],"collection":[{"href":"https:\/\/repliquemangacine.fr\/de\/wp-json\/wp\/v2\/product"}],"about":[{"href":"https:\/\/repliquemangacine.fr\/de\/wp-json\/wp\/v2\/types\/product"}],"wp:featuredmedia":[{"embeddable":true,"href":"https:\/\/repliquemangacine.fr\/de\/wp-json\/wp\/v2\/media\/81086"}],"wp:attachment":[{"href":"https:\/\/repliquemangacine.fr\/de\/wp-json\/wp\/v2\/media?parent=81084"}],"wp:term":[{"taxonomy":"product_brand","embeddable":true,"href":"https:\/\/repliquemangacine.fr\/de\/wp-json\/wp\/v2\/product_brand?post=81084"},{"taxonomy":"product_cat","embeddable":true,"href":"https:\/\/repliquemangacine.fr\/de\/wp-json\/wp\/v2\/product_cat?post=81084"},{"taxonomy":"product_tag","embeddable":true,"href":"https:\/\/repliquemangacine.fr\/de\/wp-json\/wp\/v2\/product_tag?post=81084"}],"curies":[{"name":"wp","href":"https:\/\/api.w.org\/{rel}","templated":true}]}}